{"id":8723,"date":"2024-05-06T21:40:13","date_gmt":"2024-05-06T21:40:13","guid":{"rendered":"https:\/\/energostore.com\/?post_type=product&#038;p=8723"},"modified":"2026-04-09T06:27:33","modified_gmt":"2026-04-09T06:27:33","slug":"tab-e-module-l5-1","status":"publish","type":"product","link":"https:\/\/energostore.com\/hr\/proizvod\/tab-e-module-l5-1\/","title":{"rendered":"TAB e.module L5.1"},"content":{"rendered":"<p data-start=\"0\" data-end=\"62\"><strong data-start=\"0\" data-end=\"62\">TAB e.module L5.1 &#8211; Modularna baterija za pohranu energije<\/strong><\/p>\n<p data-start=\"64\" data-end=\"344\">TAB e.module L5.1 predstavlja moderno i pouzdano rje\u0161enje za ku\u0107ne sustave pohrane energije. Zahvaljuju\u0107i modularnom dizajnu i jednostavnoj instalaciji, ova baterija idealna je za sve koji \u017eele optimizirati potro\u0161nju elektri\u010dne energije i pove\u0107ati energetsku neovisnost svog doma.<\/p>\n<h3 data-section-id=\"14m6ak\" data-start=\"346\" data-end=\"378\"><\/h3>\n<p data-start=\"379\" data-end=\"575\">Baterija koristi napredne LFP (litij-\u017eeljezo-fosfatne) \u0107elije koje osiguravaju maksimalnu sigurnost i dug vijek trajanja. Integrirani BMS (Battery Management System) pru\u017ea sveobuhvatnu za\u0161titu od:<\/p>\n<ul data-start=\"576\" data-end=\"712\">\n<li data-section-id=\"9ir4i2\" data-start=\"576\" data-end=\"593\">pregrijavanja<\/li>\n<li data-section-id=\"jsh8jh\" data-start=\"594\" data-end=\"619\">prenapona i podnapona<\/li>\n<li data-section-id=\"1wv6w9l\" data-start=\"620\" data-end=\"646\">preoptere\u0107enja strujom<\/li>\n<li data-section-id=\"pyy05m\" data-start=\"647\" data-end=\"712\">nepravilnog stanja napunjenosti (SoC) i zdravlja baterije (SoH)<\/li>\n<\/ul>\n<h3 data-section-id=\"qixrf7\" data-start=\"714\" data-end=\"761\"><\/h3>\n<p data-start=\"762\" data-end=\"936\">Zahvaljuju\u0107i dugom \u017eivotnom vijeku i vrhunskim performansama, TAB e.module L5.1 omogu\u0107uje u\u010dinkovito upravljanje energijom te zna\u010dajno smanjenje tro\u0161kova elektri\u010dne energije.<\/p>\n<ul data-start=\"962\" data-end=\"1114\">\n<li data-section-id=\"1rgoh2n\" data-start=\"962\" data-end=\"1025\">fleksibilno pro\u0161irenje kapaciteta prema potrebama korisnika<\/li>\n<li data-section-id=\"1pi9mgi\" data-start=\"1026\" data-end=\"1060\">brza i jednostavna instalacija<\/li>\n<li data-section-id=\"majq50\" data-start=\"1061\" data-end=\"1114\">prilagodljivost za razli\u010dite primjene u ku\u0107anstvu<\/li>\n<\/ul>\n<h3 data-section-id=\"1kzog37\" data-start=\"1116\" data-end=\"1137\"><\/h3>\n<p data-start=\"1138\" data-end=\"1271\">Baterija je kompatibilna s vode\u0107im (Tier 1) brendovima invertera, \u0161to omogu\u0107uje jednostavnu integraciju u postoje\u0107e ili nove sustave.<\/p>\n<ul data-start=\"1308\" data-end=\"1670\">\n<li data-section-id=\"l9no8t\" data-start=\"1308\" data-end=\"1340\"><strong data-start=\"1310\" data-end=\"1320\">Model:<\/strong> TAB e.module L5.1<\/li>\n<li data-section-id=\"1ascb5\" data-start=\"1341\" data-end=\"1379\"><strong data-start=\"1343\" data-end=\"1369\">Identifikacijski broj:<\/strong> 1026194<\/li>\n<li data-section-id=\"s0fvcd\" data-start=\"1380\" data-end=\"1409\"><strong data-start=\"1382\" data-end=\"1400\">Nazivni napon:<\/strong> 51,2 V<\/li>\n<li data-section-id=\"u4dafl\" data-start=\"1410\" data-end=\"1452\"><strong data-start=\"1412\" data-end=\"1434\">Nazivni kapacitet:<\/strong> 5000 Wh (5 kWh)<\/li>\n<li data-section-id=\"1ibddzg\" data-start=\"1453\" data-end=\"1518\"><strong data-start=\"1455\" data-end=\"1511\">Preporu\u010dena kontinuirana struja punjenja\/pra\u017enjenja:<\/strong> 75 A<\/li>\n<li data-section-id=\"hxc1fs\" data-start=\"1519\" data-end=\"1565\"><strong data-start=\"1521\" data-end=\"1556\">Maksimalna kontinuirana struja:<\/strong> 100 A*<\/li>\n<li data-section-id=\"1fepuae\" data-start=\"1566\" data-end=\"1600\"><strong data-start=\"1568\" data-end=\"1592\">Vr\u0161na struja (15 s):<\/strong> 200 A<\/li>\n<li data-section-id=\"6ox0i3\" data-start=\"1601\" data-end=\"1646\"><strong data-start=\"1603\" data-end=\"1625\">Dimenzije (\u0160xDxV):<\/strong> 442 \u00d7 459 \u00d7 160 mm<\/li>\n<li data-section-id=\"oe0gx9\" data-start=\"1647\" data-end=\"1670\"><strong data-start=\"1649\" data-end=\"1660\">Te\u017eina:<\/strong> 47,5 kg<\/li>\n<\/ul>\n<p data-start=\"1677\" data-end=\"1866\" data-is-last-node=\"\" data-is-only-node=\"\"><strong data-start=\"1677\" data-end=\"1698\">TAB e.module L5.1<\/strong> je pouzdan, siguran i fleksibilan izbor za sve koji \u017eele maksimalno iskoristiti energiju iz obnovljivih izvora i pove\u0107ati u\u010dinkovitost svog ku\u0107nog energetskog sustava.<\/p>\n<h3><\/h3>\n<h3>Dokumenti<\/h3>\n<p><a title=\"Lynx Power In (HTML5)\" href=\"https:\/\/en.pylontech.com.cn\/view_pdf\/web\/viewer.html?file=\/A_UpLoad\/upload_file\/20230629201336_0215.pdf&amp;fname=Residential+BESS-rack+mounted+type+EN+US+5000.pdf\"><img decoding=\"async\" style=\"margin-right: 5px;\" src=\"\/wp-content\/uploads\/2020\/08\/doc_manual.png\" \/>Pylontech US5000 datasheet<\/a><\/p>\n<p><a title=\"Lynx Power In (HTML5)\" href=\"https:\/\/en.pylontech.com.cn\/view_pdf\/web\/viewer.html?file=\/A_UpLoad\/upload_file\/20230901200039_8419.pdf&amp;fname=RESS-Installation+Manual-US5000+US5000-B+5PMPA08-00219_V1.0.pdf\"><img decoding=\"async\" style=\"margin-right: 5px;\" src=\"\/wp-content\/uploads\/2020\/08\/doc_manual.png\" \/>Pylontech US5000 m<\/a>anual<\/p>\n<p>&nbsp;<\/p>","protected":false},"excerpt":{"rendered":"<p>US5000 je najnovija Pylontech 48V LFP baterija s ve\u0107im kapacitetom na 4,8kWh modularno i sna\u017enijim funkcijama za:<br \/>\n(1) Izdr\u017eljivost udara velike struje;<br \/>\n(2) Dvostruka aktivna za\u0161tita;<br \/>\n(3) zna\u010dajka daljinske nadogradnje;<br \/>\n(4) \u0160iroka interna kompatibilnost do 16 modula po jednom nizu<\/p>","protected":false},"featured_media":11726,"menu_order":319,"template":"","meta":[],"product_brand":[],"product_cat":[178,293,292],"product_tag":[],"class_list":{"0":"post-8723","1":"product","2":"type-product","3":"status-publish","4":"has-post-thumbnail","6":"product_cat-batteries","7":"product_cat-e-storage-lithium","8":"product_cat-tab","10":"first","11":"instock","12":"shipping-taxable","13":"purchasable","14":"product-type-simple"},"yoast_head":"<!-- This site is optimized with the Yoast SEO plugin v27.3 - https:\/\/yoast.com\/product\/yoast-seo-wordpress\/ -->\n<title>TAB e.module L5.1 - Energostore<\/title>\n<meta name=\"robots\" content=\"index, follow, max-snippet:-1, max-image-preview:large, max-video-preview:-1\" \/>\n<link rel=\"canonical\" href=\"https:\/\/energostore.com\/hr\/proizvod\/tab-e-module-l5-1\/\" \/>\n<meta property=\"og:locale\" content=\"hr_HR\" \/>\n<meta property=\"og:type\" content=\"article\" \/>\n<meta property=\"og:title\" content=\"TAB e.module L5.1 - Energostore\" \/>\n<meta property=\"og:description\" content=\"US5000 is the latest Pylontech 48V LFP battery with bigger capacity at 4.8kWh modular and stronger functions for: (1) High current strike endurance ; (2) Dual active protection; (3) Remote upgrade feature; (4) Widely internal compatibility up to 16 modules per single string\" \/>\n<meta property=\"og:url\" content=\"https:\/\/energostore.com\/hr\/proizvod\/tab-e-module-l5-1\/\" \/>\n<meta property=\"og:site_name\" content=\"Energostore\" \/>\n<meta property=\"article:modified_time\" content=\"2026-04-09T06:27:33+00:00\" \/>\n<meta property=\"og:image\" content=\"https:\/\/energostore.com\/wp-content\/uploads\/2026\/04\/Pylontech-litijska-baterija.webp\" \/>\n\t<meta property=\"og:image:width\" content=\"570\" \/>\n\t<meta property=\"og:image:height\" content=\"570\" \/>\n\t<meta property=\"og:image:type\" content=\"image\/webp\" \/>\n<meta name=\"twitter:card\" content=\"summary_large_image\" \/>\n<meta name=\"twitter:label1\" content=\"Procijenjeno vrijeme \u010ditanja\" \/>\n\t<meta name=\"twitter:data1\" content=\"2 minute\" \/>\n<script type=\"application\/ld+json\" class=\"yoast-schema-graph\">{\"@context\":\"https:\\\/\\\/schema.org\",\"@graph\":[{\"@type\":\"WebPage\",\"@id\":\"https:\\\/\\\/energostore.com\\\/product\\\/tab-e-module-l5-1\\\/\",\"url\":\"https:\\\/\\\/energostore.com\\\/product\\\/tab-e-module-l5-1\\\/\",\"name\":\"TAB e.module L5.1 - Energostore\",\"isPartOf\":{\"@id\":\"https:\\\/\\\/energostore.com\\\/hr\\\/#website\"},\"primaryImageOfPage\":{\"@id\":\"https:\\\/\\\/energostore.com\\\/product\\\/tab-e-module-l5-1\\\/#primaryimage\"},\"image\":{\"@id\":\"https:\\\/\\\/energostore.com\\\/product\\\/tab-e-module-l5-1\\\/#primaryimage\"},\"thumbnailUrl\":\"https:\\\/\\\/energostore.com\\\/wp-content\\\/uploads\\\/2026\\\/04\\\/Pylontech-litijska-baterija.webp\",\"datePublished\":\"2024-05-06T21:40:13+00:00\",\"dateModified\":\"2026-04-09T06:27:33+00:00\",\"breadcrumb\":{\"@id\":\"https:\\\/\\\/energostore.com\\\/product\\\/tab-e-module-l5-1\\\/#breadcrumb\"},\"inLanguage\":\"hr\",\"potentialAction\":[{\"@type\":\"ReadAction\",\"target\":[\"https:\\\/\\\/energostore.com\\\/product\\\/tab-e-module-l5-1\\\/\"]}]},{\"@type\":\"ImageObject\",\"inLanguage\":\"hr\",\"@id\":\"https:\\\/\\\/energostore.com\\\/product\\\/tab-e-module-l5-1\\\/#primaryimage\",\"url\":\"https:\\\/\\\/energostore.com\\\/wp-content\\\/uploads\\\/2026\\\/04\\\/Pylontech-litijska-baterija.webp\",\"contentUrl\":\"https:\\\/\\\/energostore.com\\\/wp-content\\\/uploads\\\/2026\\\/04\\\/Pylontech-litijska-baterija.webp\",\"width\":570,\"height\":570,\"caption\":\"Pylontech litijska baterija\"},{\"@type\":\"BreadcrumbList\",\"@id\":\"https:\\\/\\\/energostore.com\\\/product\\\/tab-e-module-l5-1\\\/#breadcrumb\",\"itemListElement\":[{\"@type\":\"ListItem\",\"position\":1,\"name\":\"Home\",\"item\":\"https:\\\/\\\/energostore.com\\\/\"},{\"@type\":\"ListItem\",\"position\":2,\"name\":\"Shop\",\"item\":\"https:\\\/\\\/energostore.com\\\/hr\\\/shop\\\/\"},{\"@type\":\"ListItem\",\"position\":3,\"name\":\"TAB e.module L5.1\"}]},{\"@type\":\"WebSite\",\"@id\":\"https:\\\/\\\/energostore.com\\\/hr\\\/#website\",\"url\":\"https:\\\/\\\/energostore.com\\\/hr\\\/\",\"name\":\"Energostore\",\"description\":\"Solar products online store\",\"publisher\":{\"@id\":\"https:\\\/\\\/energostore.com\\\/hr\\\/#organization\"},\"potentialAction\":[{\"@type\":\"SearchAction\",\"target\":{\"@type\":\"EntryPoint\",\"urlTemplate\":\"https:\\\/\\\/energostore.com\\\/hr\\\/?s={search_term_string}\"},\"query-input\":{\"@type\":\"PropertyValueSpecification\",\"valueRequired\":true,\"valueName\":\"search_term_string\"}}],\"inLanguage\":\"hr\"},{\"@type\":\"Organization\",\"@id\":\"https:\\\/\\\/energostore.com\\\/hr\\\/#organization\",\"name\":\"Energostore\",\"url\":\"https:\\\/\\\/energostore.com\\\/hr\\\/\",\"logo\":{\"@type\":\"ImageObject\",\"inLanguage\":\"hr\",\"@id\":\"https:\\\/\\\/energostore.com\\\/hr\\\/#\\\/schema\\\/logo\\\/image\\\/\",\"url\":\"https:\\\/\\\/energostore.com\\\/wp-content\\\/uploads\\\/2020\\\/07\\\/energostore_logo.png\",\"contentUrl\":\"https:\\\/\\\/energostore.com\\\/wp-content\\\/uploads\\\/2020\\\/07\\\/energostore_logo.png\",\"width\":517,\"height\":100,\"caption\":\"Energostore\"},\"image\":{\"@id\":\"https:\\\/\\\/energostore.com\\\/hr\\\/#\\\/schema\\\/logo\\\/image\\\/\"}}]}<\/script>\n<!-- \/ Yoast SEO plugin. -->","yoast_head_json":{"title":"TAB e.module L5.1 - Energostore","robots":{"index":"index","follow":"follow","max-snippet":"max-snippet:-1","max-image-preview":"max-image-preview:large","max-video-preview":"max-video-preview:-1"},"canonical":"https:\/\/energostore.com\/hr\/proizvod\/tab-e-module-l5-1\/","og_locale":"hr_HR","og_type":"article","og_title":"TAB e.module L5.1 - Energostore","og_description":"US5000 is the latest Pylontech 48V LFP battery with bigger capacity at 4.8kWh modular and stronger functions for: (1) High current strike endurance ; (2) Dual active protection; (3) Remote upgrade feature; (4) Widely internal compatibility up to 16 modules per single string","og_url":"https:\/\/energostore.com\/hr\/proizvod\/tab-e-module-l5-1\/","og_site_name":"Energostore","article_modified_time":"2026-04-09T06:27:33+00:00","og_image":[{"width":570,"height":570,"url":"https:\/\/energostore.com\/wp-content\/uploads\/2026\/04\/Pylontech-litijska-baterija.webp","type":"image\/webp"}],"twitter_card":"summary_large_image","twitter_misc":{"Procijenjeno vrijeme \u010ditanja":"2 minute"},"schema":{"@context":"https:\/\/schema.org","@graph":[{"@type":"WebPage","@id":"https:\/\/energostore.com\/product\/tab-e-module-l5-1\/","url":"https:\/\/energostore.com\/product\/tab-e-module-l5-1\/","name":"TAB e.module L5.1 - Energostore","isPartOf":{"@id":"https:\/\/energostore.com\/hr\/#website"},"primaryImageOfPage":{"@id":"https:\/\/energostore.com\/product\/tab-e-module-l5-1\/#primaryimage"},"image":{"@id":"https:\/\/energostore.com\/product\/tab-e-module-l5-1\/#primaryimage"},"thumbnailUrl":"https:\/\/energostore.com\/wp-content\/uploads\/2026\/04\/Pylontech-litijska-baterija.webp","datePublished":"2024-05-06T21:40:13+00:00","dateModified":"2026-04-09T06:27:33+00:00","breadcrumb":{"@id":"https:\/\/energostore.com\/product\/tab-e-module-l5-1\/#breadcrumb"},"inLanguage":"hr","potentialAction":[{"@type":"ReadAction","target":["https:\/\/energostore.com\/product\/tab-e-module-l5-1\/"]}]},{"@type":"ImageObject","inLanguage":"hr","@id":"https:\/\/energostore.com\/product\/tab-e-module-l5-1\/#primaryimage","url":"https:\/\/energostore.com\/wp-content\/uploads\/2026\/04\/Pylontech-litijska-baterija.webp","contentUrl":"https:\/\/energostore.com\/wp-content\/uploads\/2026\/04\/Pylontech-litijska-baterija.webp","width":570,"height":570,"caption":"Pylontech litijska baterija"},{"@type":"BreadcrumbList","@id":"https:\/\/energostore.com\/product\/tab-e-module-l5-1\/#breadcrumb","itemListElement":[{"@type":"ListItem","position":1,"name":"Home","item":"https:\/\/energostore.com\/"},{"@type":"ListItem","position":2,"name":"Shop","item":"https:\/\/energostore.com\/hr\/shop\/"},{"@type":"ListItem","position":3,"name":"TAB e.module L5.1"}]},{"@type":"WebSite","@id":"https:\/\/energostore.com\/hr\/#website","url":"https:\/\/energostore.com\/hr\/","name":"Energostore","description":"Solar products online store","publisher":{"@id":"https:\/\/energostore.com\/hr\/#organization"},"potentialAction":[{"@type":"SearchAction","target":{"@type":"EntryPoint","urlTemplate":"https:\/\/energostore.com\/hr\/?s={search_term_string}"},"query-input":{"@type":"PropertyValueSpecification","valueRequired":true,"valueName":"search_term_string"}}],"inLanguage":"hr"},{"@type":"Organization","@id":"https:\/\/energostore.com\/hr\/#organization","name":"Energostore","url":"https:\/\/energostore.com\/hr\/","logo":{"@type":"ImageObject","inLanguage":"hr","@id":"https:\/\/energostore.com\/hr\/#\/schema\/logo\/image\/","url":"https:\/\/energostore.com\/wp-content\/uploads\/2020\/07\/energostore_logo.png","contentUrl":"https:\/\/energostore.com\/wp-content\/uploads\/2020\/07\/energostore_logo.png","width":517,"height":100,"caption":"Energostore"},"image":{"@id":"https:\/\/energostore.com\/hr\/#\/schema\/logo\/image\/"}}]}},"_links":{"self":[{"href":"https:\/\/energostore.com\/hr\/wp-json\/wp\/v2\/product\/8723","targetHints":{"allow":["GET"]}}],"collection":[{"href":"https:\/\/energostore.com\/hr\/wp-json\/wp\/v2\/product"}],"about":[{"href":"https:\/\/energostore.com\/hr\/wp-json\/wp\/v2\/types\/product"}],"version-history":[{"count":4,"href":"https:\/\/energostore.com\/hr\/wp-json\/wp\/v2\/product\/8723\/revisions"}],"predecessor-version":[{"id":11731,"href":"https:\/\/energostore.com\/hr\/wp-json\/wp\/v2\/product\/8723\/revisions\/11731"}],"wp:featuredmedia":[{"embeddable":true,"href":"https:\/\/energostore.com\/hr\/wp-json\/wp\/v2\/media\/11726"}],"wp:attachment":[{"href":"https:\/\/energostore.com\/hr\/wp-json\/wp\/v2\/media?parent=8723"}],"wp:term":[{"taxonomy":"product_brand","embeddable":true,"href":"https:\/\/energostore.com\/hr\/wp-json\/wp\/v2\/product_brand?post=8723"},{"taxonomy":"product_cat","embeddable":true,"href":"https:\/\/energostore.com\/hr\/wp-json\/wp\/v2\/product_cat?post=8723"},{"taxonomy":"product_tag","embeddable":true,"href":"https:\/\/energostore.com\/hr\/wp-json\/wp\/v2\/product_tag?post=8723"}],"curies":[{"name":"wp","href":"https:\/\/api.w.org\/{rel}","templated":true}]}}