{"id":8604,"date":"2024-05-05T15:34:12","date_gmt":"2024-05-05T15:34:12","guid":{"rendered":"https:\/\/energostore.com\/?post_type=product&#038;p=8604"},"modified":"2024-07-24T20:11:02","modified_gmt":"2024-07-24T20:11:02","slug":"izrada-proracuna-vjetrostabilnosti-za-solarne-elektrane-sa-sunballast-podkonstrukcijom-na-ravnom-krovu","status":"publish","type":"product","link":"https:\/\/energostore.com\/hr\/proizvod\/izrada-proracuna-vjetrostabilnosti-za-solarne-elektrane-sa-sunballast-podkonstrukcijom-na-ravnom-krovu\/","title":{"rendered":"Izrada prora\u010duna vjetrostabilnosti za solarne elektrane sa Sunballast podkonstrukcijom na ravnom krovu"},"content":{"rendered":"","protected":false},"excerpt":{"rendered":"<div>Izrada prora\u010duna vjetrostabilnosti SunBallast betonske podkonstrukcije za sun\u010dane elektrane na ravnom krovu bez bu\u0161enja podloge.\u00a0Od inputa potrebno dostaviti:<\/div>\n<ul>\n<li>lokaciju objekta<\/li>\n<li>visinu objekta<\/li>\n<li>visinu parapeta (atike)<\/li>\n<li>dimenzije panela koji se koristi<\/li>\n<li>nacrt rasporeda (raster) panela na krovu<\/li>\n<\/ul>","protected":false},"featured_media":9330,"menu_order":319,"template":"","meta":[],"product_brand":[],"product_cat":[281],"product_tag":[],"class_list":{"0":"post-8604","1":"product","2":"type-product","3":"status-publish","4":"has-post-thumbnail","6":"product_cat-services","8":"first","9":"instock","10":"purchasable","11":"product-type-simple"},"yoast_head":"<!-- This site is optimized with the Yoast SEO plugin v27.3 - https:\/\/yoast.com\/product\/yoast-seo-wordpress\/ -->\n<title>Izrada prora\u010duna vjetrostabilnosti za solarne elektrane sa Sunballast podkonstrukcijom na ravnom krovu - Energostore<\/title>\n<meta name=\"robots\" content=\"index, follow, max-snippet:-1, max-image-preview:large, max-video-preview:-1\" \/>\n<link rel=\"canonical\" href=\"https:\/\/energostore.com\/hr\/proizvod\/izrada-proracuna-vjetrostabilnosti-za-solarne-elektrane-sa-sunballast-podkonstrukcijom-na-ravnom-krovu\/\" \/>\n<meta property=\"og:locale\" content=\"hr_HR\" \/>\n<meta property=\"og:type\" content=\"article\" \/>\n<meta property=\"og:title\" content=\"Izrada prora\u010duna vjetrostabilnosti za solarne elektrane sa Sunballast podkonstrukcijom na ravnom krovu - Energostore\" \/>\n<meta property=\"og:description\" content=\"Izrada prora\u010duna vjetrostabilnosti SunBallast betonske podkonstrukcije za sun\u010dane elektrane na ravnom krovu bez bu\u0161enja podloge.\u00a0Od inputa potrebno dostaviti:   lokaciju objekta  visinu objekta  visinu parapeta (atike)  dimenzije panela koji se koristi  nacrt rasporeda (raster) panela na krovu\" \/>\n<meta property=\"og:url\" content=\"https:\/\/energostore.com\/hr\/proizvod\/izrada-proracuna-vjetrostabilnosti-za-solarne-elektrane-sa-sunballast-podkonstrukcijom-na-ravnom-krovu\/\" \/>\n<meta property=\"og:site_name\" content=\"Energostore\" \/>\n<meta property=\"article:modified_time\" content=\"2024-07-24T20:11:02+00:00\" \/>\n<meta property=\"og:image\" content=\"https:\/\/energostore.com\/wp-content\/uploads\/2024\/05\/primjer-balasta-istok-zapad.webp\" \/>\n\t<meta property=\"og:image:width\" content=\"714\" \/>\n\t<meta property=\"og:image:height\" content=\"681\" \/>\n\t<meta property=\"og:image:type\" content=\"image\/webp\" \/>\n<meta name=\"twitter:card\" content=\"summary_large_image\" \/>\n<script type=\"application\/ld+json\" class=\"yoast-schema-graph\">{\"@context\":\"https:\\\/\\\/schema.org\",\"@graph\":[{\"@type\":\"WebPage\",\"@id\":\"https:\\\/\\\/energostore.com\\\/product\\\/izrada-proracuna-vjetrostabilnosti-za-solarne-elektrane-sa-sunballast-podkonstrukcijom-na-ravnom-krovu\\\/\",\"url\":\"https:\\\/\\\/energostore.com\\\/product\\\/izrada-proracuna-vjetrostabilnosti-za-solarne-elektrane-sa-sunballast-podkonstrukcijom-na-ravnom-krovu\\\/\",\"name\":\"Izrada prora\u010duna vjetrostabilnosti za solarne elektrane sa Sunballast podkonstrukcijom na ravnom krovu - Energostore\",\"isPartOf\":{\"@id\":\"https:\\\/\\\/energostore.com\\\/hr\\\/#website\"},\"primaryImageOfPage\":{\"@id\":\"https:\\\/\\\/energostore.com\\\/product\\\/izrada-proracuna-vjetrostabilnosti-za-solarne-elektrane-sa-sunballast-podkonstrukcijom-na-ravnom-krovu\\\/#primaryimage\"},\"image\":{\"@id\":\"https:\\\/\\\/energostore.com\\\/product\\\/izrada-proracuna-vjetrostabilnosti-za-solarne-elektrane-sa-sunballast-podkonstrukcijom-na-ravnom-krovu\\\/#primaryimage\"},\"thumbnailUrl\":\"https:\\\/\\\/energostore.com\\\/wp-content\\\/uploads\\\/2024\\\/05\\\/primjer-balasta-istok-zapad.webp\",\"datePublished\":\"2024-05-05T15:34:12+00:00\",\"dateModified\":\"2024-07-24T20:11:02+00:00\",\"breadcrumb\":{\"@id\":\"https:\\\/\\\/energostore.com\\\/product\\\/izrada-proracuna-vjetrostabilnosti-za-solarne-elektrane-sa-sunballast-podkonstrukcijom-na-ravnom-krovu\\\/#breadcrumb\"},\"inLanguage\":\"hr\",\"potentialAction\":[{\"@type\":\"ReadAction\",\"target\":[\"https:\\\/\\\/energostore.com\\\/product\\\/izrada-proracuna-vjetrostabilnosti-za-solarne-elektrane-sa-sunballast-podkonstrukcijom-na-ravnom-krovu\\\/\"]}]},{\"@type\":\"ImageObject\",\"inLanguage\":\"hr\",\"@id\":\"https:\\\/\\\/energostore.com\\\/product\\\/izrada-proracuna-vjetrostabilnosti-za-solarne-elektrane-sa-sunballast-podkonstrukcijom-na-ravnom-krovu\\\/#primaryimage\",\"url\":\"https:\\\/\\\/energostore.com\\\/wp-content\\\/uploads\\\/2024\\\/05\\\/primjer-balasta-istok-zapad.webp\",\"contentUrl\":\"https:\\\/\\\/energostore.com\\\/wp-content\\\/uploads\\\/2024\\\/05\\\/primjer-balasta-istok-zapad.webp\",\"width\":714,\"height\":681,\"caption\":\"primjer balasta istok-zapad\"},{\"@type\":\"BreadcrumbList\",\"@id\":\"https:\\\/\\\/energostore.com\\\/product\\\/izrada-proracuna-vjetrostabilnosti-za-solarne-elektrane-sa-sunballast-podkonstrukcijom-na-ravnom-krovu\\\/#breadcrumb\",\"itemListElement\":[{\"@type\":\"ListItem\",\"position\":1,\"name\":\"Home\",\"item\":\"https:\\\/\\\/energostore.com\\\/\"},{\"@type\":\"ListItem\",\"position\":2,\"name\":\"Shop\",\"item\":\"https:\\\/\\\/energostore.com\\\/hr\\\/shop\\\/\"},{\"@type\":\"ListItem\",\"position\":3,\"name\":\"Izrada prora\u010duna vjetrostabilnosti za solarne elektrane sa Sunballast podkonstrukcijom na ravnom krovu\"}]},{\"@type\":\"WebSite\",\"@id\":\"https:\\\/\\\/energostore.com\\\/hr\\\/#website\",\"url\":\"https:\\\/\\\/energostore.com\\\/hr\\\/\",\"name\":\"Energostore\",\"description\":\"Solar products online store\",\"publisher\":{\"@id\":\"https:\\\/\\\/energostore.com\\\/hr\\\/#organization\"},\"potentialAction\":[{\"@type\":\"SearchAction\",\"target\":{\"@type\":\"EntryPoint\",\"urlTemplate\":\"https:\\\/\\\/energostore.com\\\/hr\\\/?s={search_term_string}\"},\"query-input\":{\"@type\":\"PropertyValueSpecification\",\"valueRequired\":true,\"valueName\":\"search_term_string\"}}],\"inLanguage\":\"hr\"},{\"@type\":\"Organization\",\"@id\":\"https:\\\/\\\/energostore.com\\\/hr\\\/#organization\",\"name\":\"Energostore\",\"url\":\"https:\\\/\\\/energostore.com\\\/hr\\\/\",\"logo\":{\"@type\":\"ImageObject\",\"inLanguage\":\"hr\",\"@id\":\"https:\\\/\\\/energostore.com\\\/hr\\\/#\\\/schema\\\/logo\\\/image\\\/\",\"url\":\"https:\\\/\\\/energostore.com\\\/wp-content\\\/uploads\\\/2020\\\/07\\\/energostore_logo.png\",\"contentUrl\":\"https:\\\/\\\/energostore.com\\\/wp-content\\\/uploads\\\/2020\\\/07\\\/energostore_logo.png\",\"width\":517,\"height\":100,\"caption\":\"Energostore\"},\"image\":{\"@id\":\"https:\\\/\\\/energostore.com\\\/hr\\\/#\\\/schema\\\/logo\\\/image\\\/\"}}]}<\/script>\n<!-- \/ Yoast SEO plugin. -->","yoast_head_json":{"title":"Izrada prora\u010duna vjetrostabilnosti za solarne elektrane sa Sunballast podkonstrukcijom na ravnom krovu - Energostore","robots":{"index":"index","follow":"follow","max-snippet":"max-snippet:-1","max-image-preview":"max-image-preview:large","max-video-preview":"max-video-preview:-1"},"canonical":"https:\/\/energostore.com\/hr\/proizvod\/izrada-proracuna-vjetrostabilnosti-za-solarne-elektrane-sa-sunballast-podkonstrukcijom-na-ravnom-krovu\/","og_locale":"hr_HR","og_type":"article","og_title":"Izrada prora\u010duna vjetrostabilnosti za solarne elektrane sa Sunballast podkonstrukcijom na ravnom krovu - Energostore","og_description":"Izrada prora\u010duna vjetrostabilnosti SunBallast betonske podkonstrukcije za sun\u010dane elektrane na ravnom krovu bez bu\u0161enja podloge.\u00a0Od inputa potrebno dostaviti:   lokaciju objekta  visinu objekta  visinu parapeta (atike)  dimenzije panela koji se koristi  nacrt rasporeda (raster) panela na krovu","og_url":"https:\/\/energostore.com\/hr\/proizvod\/izrada-proracuna-vjetrostabilnosti-za-solarne-elektrane-sa-sunballast-podkonstrukcijom-na-ravnom-krovu\/","og_site_name":"Energostore","article_modified_time":"2024-07-24T20:11:02+00:00","og_image":[{"width":714,"height":681,"url":"https:\/\/energostore.com\/wp-content\/uploads\/2024\/05\/primjer-balasta-istok-zapad.webp","type":"image\/webp"}],"twitter_card":"summary_large_image","schema":{"@context":"https:\/\/schema.org","@graph":[{"@type":"WebPage","@id":"https:\/\/energostore.com\/product\/izrada-proracuna-vjetrostabilnosti-za-solarne-elektrane-sa-sunballast-podkonstrukcijom-na-ravnom-krovu\/","url":"https:\/\/energostore.com\/product\/izrada-proracuna-vjetrostabilnosti-za-solarne-elektrane-sa-sunballast-podkonstrukcijom-na-ravnom-krovu\/","name":"Izrada prora\u010duna vjetrostabilnosti za solarne elektrane sa Sunballast podkonstrukcijom na ravnom krovu - Energostore","isPartOf":{"@id":"https:\/\/energostore.com\/hr\/#website"},"primaryImageOfPage":{"@id":"https:\/\/energostore.com\/product\/izrada-proracuna-vjetrostabilnosti-za-solarne-elektrane-sa-sunballast-podkonstrukcijom-na-ravnom-krovu\/#primaryimage"},"image":{"@id":"https:\/\/energostore.com\/product\/izrada-proracuna-vjetrostabilnosti-za-solarne-elektrane-sa-sunballast-podkonstrukcijom-na-ravnom-krovu\/#primaryimage"},"thumbnailUrl":"https:\/\/energostore.com\/wp-content\/uploads\/2024\/05\/primjer-balasta-istok-zapad.webp","datePublished":"2024-05-05T15:34:12+00:00","dateModified":"2024-07-24T20:11:02+00:00","breadcrumb":{"@id":"https:\/\/energostore.com\/product\/izrada-proracuna-vjetrostabilnosti-za-solarne-elektrane-sa-sunballast-podkonstrukcijom-na-ravnom-krovu\/#breadcrumb"},"inLanguage":"hr","potentialAction":[{"@type":"ReadAction","target":["https:\/\/energostore.com\/product\/izrada-proracuna-vjetrostabilnosti-za-solarne-elektrane-sa-sunballast-podkonstrukcijom-na-ravnom-krovu\/"]}]},{"@type":"ImageObject","inLanguage":"hr","@id":"https:\/\/energostore.com\/product\/izrada-proracuna-vjetrostabilnosti-za-solarne-elektrane-sa-sunballast-podkonstrukcijom-na-ravnom-krovu\/#primaryimage","url":"https:\/\/energostore.com\/wp-content\/uploads\/2024\/05\/primjer-balasta-istok-zapad.webp","contentUrl":"https:\/\/energostore.com\/wp-content\/uploads\/2024\/05\/primjer-balasta-istok-zapad.webp","width":714,"height":681,"caption":"primjer balasta istok-zapad"},{"@type":"BreadcrumbList","@id":"https:\/\/energostore.com\/product\/izrada-proracuna-vjetrostabilnosti-za-solarne-elektrane-sa-sunballast-podkonstrukcijom-na-ravnom-krovu\/#breadcrumb","itemListElement":[{"@type":"ListItem","position":1,"name":"Home","item":"https:\/\/energostore.com\/"},{"@type":"ListItem","position":2,"name":"Shop","item":"https:\/\/energostore.com\/hr\/shop\/"},{"@type":"ListItem","position":3,"name":"Izrada prora\u010duna vjetrostabilnosti za solarne elektrane sa Sunballast podkonstrukcijom na ravnom krovu"}]},{"@type":"WebSite","@id":"https:\/\/energostore.com\/hr\/#website","url":"https:\/\/energostore.com\/hr\/","name":"Energostore","description":"Solar products online store","publisher":{"@id":"https:\/\/energostore.com\/hr\/#organization"},"potentialAction":[{"@type":"SearchAction","target":{"@type":"EntryPoint","urlTemplate":"https:\/\/energostore.com\/hr\/?s={search_term_string}"},"query-input":{"@type":"PropertyValueSpecification","valueRequired":true,"valueName":"search_term_string"}}],"inLanguage":"hr"},{"@type":"Organization","@id":"https:\/\/energostore.com\/hr\/#organization","name":"Energostore","url":"https:\/\/energostore.com\/hr\/","logo":{"@type":"ImageObject","inLanguage":"hr","@id":"https:\/\/energostore.com\/hr\/#\/schema\/logo\/image\/","url":"https:\/\/energostore.com\/wp-content\/uploads\/2020\/07\/energostore_logo.png","contentUrl":"https:\/\/energostore.com\/wp-content\/uploads\/2020\/07\/energostore_logo.png","width":517,"height":100,"caption":"Energostore"},"image":{"@id":"https:\/\/energostore.com\/hr\/#\/schema\/logo\/image\/"}}]}},"_links":{"self":[{"href":"https:\/\/energostore.com\/hr\/wp-json\/wp\/v2\/product\/8604","targetHints":{"allow":["GET"]}}],"collection":[{"href":"https:\/\/energostore.com\/hr\/wp-json\/wp\/v2\/product"}],"about":[{"href":"https:\/\/energostore.com\/hr\/wp-json\/wp\/v2\/types\/product"}],"version-history":[{"count":4,"href":"https:\/\/energostore.com\/hr\/wp-json\/wp\/v2\/product\/8604\/revisions"}],"predecessor-version":[{"id":10020,"href":"https:\/\/energostore.com\/hr\/wp-json\/wp\/v2\/product\/8604\/revisions\/10020"}],"wp:featuredmedia":[{"embeddable":true,"href":"https:\/\/energostore.com\/hr\/wp-json\/wp\/v2\/media\/9330"}],"wp:attachment":[{"href":"https:\/\/energostore.com\/hr\/wp-json\/wp\/v2\/media?parent=8604"}],"wp:term":[{"taxonomy":"product_brand","embeddable":true,"href":"https:\/\/energostore.com\/hr\/wp-json\/wp\/v2\/product_brand?post=8604"},{"taxonomy":"product_cat","embeddable":true,"href":"https:\/\/energostore.com\/hr\/wp-json\/wp\/v2\/product_cat?post=8604"},{"taxonomy":"product_tag","embeddable":true,"href":"https:\/\/energostore.com\/hr\/wp-json\/wp\/v2\/product_tag?post=8604"}],"curies":[{"name":"wp","href":"https:\/\/api.w.org\/{rel}","templated":true}]}}