{"id":8342,"date":"2024-04-24T11:57:05","date_gmt":"2024-04-24T11:57:05","guid":{"rendered":"https:\/\/energostore.com\/?post_type=product&#038;p=8342"},"modified":"2026-04-01T07:34:20","modified_gmt":"2026-04-01T07:34:20","slug":"ve-bus-bms","status":"publish","type":"product","link":"https:\/\/energostore.com\/hr\/proizvod\/ve-bus-bms\/","title":{"rendered":"VE.Bus BMS"},"content":{"rendered":"<p style=\"font-weight: 400;\">Na temelju statusa baterije ili baterija, BMS \u0107e:<\/p>\n<ul style=\"font-weight: 400;\">\n<li>Generirajte predalarmni signal za upozorenje o neizbje\u017enoj \u0107eliji pod naponom.<\/li>\n<li>Onemogu\u0107ite invertiranje u VE.Bus pretvara\u010dima ili pretvara\u010dima\/punja\u010dima putem VE.Bus-a i onemogu\u0107ite ostala optere\u0107enja preko terminala 'Load Disconnect' u slu\u010daju da je \u0107elija pod naponom.<\/li>\n<li>Onemogu\u0107ite punjenje u VE.Bus pretvara\u010dima ili pretvara\u010dima\/punja\u010dima putem VE.Bus i onemogu\u0107ite druge punja\u010de putem terminala \u201eCharge Disconnect\u201d u slu\u010daju prenapona \u0107elije, ni\u017ee temperature ili stanja prekomjerne temperature.<\/li>\n<li>Terminali za daljinsko uklju\u010divanje\/isklju\u010divanje.<\/li>\n<li>Mogu\u0107nost onemogu\u0107avanja solarnih punja\u010da VE.Direct i VE.Can putem GX ure\u0111aja.<\/li>\n<li>Omogu\u0107uje kontrolu VE.Bus pretvara\u010da\/punja\u010da s vi\u0161e ure\u0111aja, kao \u0161to je Digital Multi Control, VE.Bus Smart dongle i\/ili GX ure\u0111aj.<\/li>\n<li>Ulazni i izlazni terminali pomo\u0107nog napajanja koji omogu\u0107uju GX ure\u0111aju da ostane pod naponom u slu\u010daju ga\u0161enja sustava.<\/li>\n<\/ul>\n<h4>Dokumenti<\/h4>\n<p><a title=\"Lynx Power In (HTML5)\" href=\"https:\/\/www.victronenergy.com\/upload\/documents\/Datasheet-BMS-overview-EN.pdf\"><img decoding=\"async\" style=\"margin-right: 5px;\" src=\"\/wp-content\/uploads\/2020\/08\/doc_manual.png\" \/>Battery Management System (BMS) Overview \u00a0<\/a><\/p>\n<p><a title=\"Lynx Power In (HTML5)\" href=\"https:\/\/www.victronenergy.com\/upload\/documents\/Datasheet-VE-Bus-BMS-EN.pdf\"><img decoding=\"async\" style=\"margin-right: 5px;\" src=\"\/wp-content\/uploads\/2020\/08\/doc_manual.png\" \/>VE.Bus BMS<\/a><\/p>","protected":false},"excerpt":{"rendered":"<p>VE.Bus BMS V2 je sustav upravljanja baterijama (BMS) dizajniran za povezivanje i za\u0161titu jedne ili vi\u0161e Victron litijskih baterija Smart 12,8V &amp; 25,6V (LiFePO4 ili LFP) u sustavima koji imaju Victron pretvara\u010de ili pretvara\u010de\/ punja\u010di s VE.Bus komunikacijom. Nadzire i \u0161titi baterije od prenapona i preniskog napona svake pojedina\u010dne \u0107elije, kao i od previsoke temperature ili ni\u017eih temperaturnih uvjeta.<\/p>","protected":false},"featured_media":9738,"menu_order":319,"template":"","meta":[],"product_brand":[],"product_cat":[275,178],"product_tag":[],"class_list":{"0":"post-8342","1":"product","2":"type-product","3":"status-publish","4":"has-post-thumbnail","6":"product_cat-accessories-lithium","7":"product_cat-batteries","9":"first","10":"instock","11":"shipping-taxable","12":"purchasable","13":"product-type-simple"},"yoast_head":"<!-- This site is optimized with the Yoast SEO plugin v27.3 - https:\/\/yoast.com\/product\/yoast-seo-wordpress\/ -->\n<title>VE.Bus BMS - Energostore<\/title>\n<meta name=\"robots\" content=\"index, follow, max-snippet:-1, max-image-preview:large, max-video-preview:-1\" \/>\n<link rel=\"canonical\" href=\"https:\/\/energostore.com\/hr\/proizvod\/ve-bus-bms\/\" \/>\n<meta property=\"og:locale\" content=\"hr_HR\" \/>\n<meta property=\"og:type\" content=\"article\" \/>\n<meta property=\"og:title\" content=\"VE.Bus BMS - Energostore\" \/>\n<meta property=\"og:description\" content=\"The VE.Bus BMS V2 is a Battery Management System (BMS) designed to interface with and protect a single, or multiple Victron Lithium Battery Smart\u00a012,8V &amp; 25,6V (LiFePO4 or LFP) in systems that have Victron inverters or inverter\/chargers with VE.Bus communication. It monitors and protects the batteries against over voltage and under voltage of any individual cell, and also over temperature or under temperature conditions.\" \/>\n<meta property=\"og:url\" content=\"https:\/\/energostore.com\/hr\/proizvod\/ve-bus-bms\/\" \/>\n<meta property=\"og:site_name\" content=\"Energostore\" \/>\n<meta property=\"article:modified_time\" content=\"2026-04-01T07:34:20+00:00\" \/>\n<meta property=\"og:image\" content=\"https:\/\/energostore.com\/wp-content\/uploads\/2024\/04\/VE.Bus-BMS.webp\" \/>\n\t<meta property=\"og:image:width\" content=\"692\" \/>\n\t<meta property=\"og:image:height\" content=\"500\" \/>\n\t<meta property=\"og:image:type\" content=\"image\/webp\" \/>\n<meta name=\"twitter:card\" content=\"summary_large_image\" \/>\n<meta name=\"twitter:label1\" content=\"Procijenjeno vrijeme \u010ditanja\" \/>\n\t<meta name=\"twitter:data1\" content=\"1 minuta\" \/>\n<script type=\"application\/ld+json\" class=\"yoast-schema-graph\">{\"@context\":\"https:\\\/\\\/schema.org\",\"@graph\":[{\"@type\":\"WebPage\",\"@id\":\"https:\\\/\\\/energostore.com\\\/product\\\/ve-bus-bms\\\/\",\"url\":\"https:\\\/\\\/energostore.com\\\/product\\\/ve-bus-bms\\\/\",\"name\":\"VE.Bus BMS - Energostore\",\"isPartOf\":{\"@id\":\"https:\\\/\\\/energostore.com\\\/hr\\\/#website\"},\"primaryImageOfPage\":{\"@id\":\"https:\\\/\\\/energostore.com\\\/product\\\/ve-bus-bms\\\/#primaryimage\"},\"image\":{\"@id\":\"https:\\\/\\\/energostore.com\\\/product\\\/ve-bus-bms\\\/#primaryimage\"},\"thumbnailUrl\":\"https:\\\/\\\/energostore.com\\\/wp-content\\\/uploads\\\/2024\\\/04\\\/VE.Bus-BMS.webp\",\"datePublished\":\"2024-04-24T11:57:05+00:00\",\"dateModified\":\"2026-04-01T07:34:20+00:00\",\"breadcrumb\":{\"@id\":\"https:\\\/\\\/energostore.com\\\/product\\\/ve-bus-bms\\\/#breadcrumb\"},\"inLanguage\":\"hr\",\"potentialAction\":[{\"@type\":\"ReadAction\",\"target\":[\"https:\\\/\\\/energostore.com\\\/product\\\/ve-bus-bms\\\/\"]}]},{\"@type\":\"ImageObject\",\"inLanguage\":\"hr\",\"@id\":\"https:\\\/\\\/energostore.com\\\/product\\\/ve-bus-bms\\\/#primaryimage\",\"url\":\"https:\\\/\\\/energostore.com\\\/wp-content\\\/uploads\\\/2024\\\/04\\\/VE.Bus-BMS.webp\",\"contentUrl\":\"https:\\\/\\\/energostore.com\\\/wp-content\\\/uploads\\\/2024\\\/04\\\/VE.Bus-BMS.webp\",\"width\":692,\"height\":500,\"caption\":\"VE.Bus BMS\"},{\"@type\":\"BreadcrumbList\",\"@id\":\"https:\\\/\\\/energostore.com\\\/product\\\/ve-bus-bms\\\/#breadcrumb\",\"itemListElement\":[{\"@type\":\"ListItem\",\"position\":1,\"name\":\"Home\",\"item\":\"https:\\\/\\\/energostore.com\\\/\"},{\"@type\":\"ListItem\",\"position\":2,\"name\":\"Shop\",\"item\":\"https:\\\/\\\/energostore.com\\\/hr\\\/shop\\\/\"},{\"@type\":\"ListItem\",\"position\":3,\"name\":\"VE.Bus BMS\"}]},{\"@type\":\"WebSite\",\"@id\":\"https:\\\/\\\/energostore.com\\\/hr\\\/#website\",\"url\":\"https:\\\/\\\/energostore.com\\\/hr\\\/\",\"name\":\"Energostore\",\"description\":\"Solar products online store\",\"publisher\":{\"@id\":\"https:\\\/\\\/energostore.com\\\/hr\\\/#organization\"},\"potentialAction\":[{\"@type\":\"SearchAction\",\"target\":{\"@type\":\"EntryPoint\",\"urlTemplate\":\"https:\\\/\\\/energostore.com\\\/hr\\\/?s={search_term_string}\"},\"query-input\":{\"@type\":\"PropertyValueSpecification\",\"valueRequired\":true,\"valueName\":\"search_term_string\"}}],\"inLanguage\":\"hr\"},{\"@type\":\"Organization\",\"@id\":\"https:\\\/\\\/energostore.com\\\/hr\\\/#organization\",\"name\":\"Energostore\",\"url\":\"https:\\\/\\\/energostore.com\\\/hr\\\/\",\"logo\":{\"@type\":\"ImageObject\",\"inLanguage\":\"hr\",\"@id\":\"https:\\\/\\\/energostore.com\\\/hr\\\/#\\\/schema\\\/logo\\\/image\\\/\",\"url\":\"https:\\\/\\\/energostore.com\\\/wp-content\\\/uploads\\\/2020\\\/07\\\/energostore_logo.png\",\"contentUrl\":\"https:\\\/\\\/energostore.com\\\/wp-content\\\/uploads\\\/2020\\\/07\\\/energostore_logo.png\",\"width\":517,\"height\":100,\"caption\":\"Energostore\"},\"image\":{\"@id\":\"https:\\\/\\\/energostore.com\\\/hr\\\/#\\\/schema\\\/logo\\\/image\\\/\"}}]}<\/script>\n<!-- \/ Yoast SEO plugin. -->","yoast_head_json":{"title":"VE.Bus BMS - Energostore","robots":{"index":"index","follow":"follow","max-snippet":"max-snippet:-1","max-image-preview":"max-image-preview:large","max-video-preview":"max-video-preview:-1"},"canonical":"https:\/\/energostore.com\/hr\/proizvod\/ve-bus-bms\/","og_locale":"hr_HR","og_type":"article","og_title":"VE.Bus BMS - Energostore","og_description":"The VE.Bus BMS V2 is a Battery Management System (BMS) designed to interface with and protect a single, or multiple Victron Lithium Battery Smart\u00a012,8V &amp; 25,6V (LiFePO4 or LFP) in systems that have Victron inverters or inverter\/chargers with VE.Bus communication. It monitors and protects the batteries against over voltage and under voltage of any individual cell, and also over temperature or under temperature conditions.","og_url":"https:\/\/energostore.com\/hr\/proizvod\/ve-bus-bms\/","og_site_name":"Energostore","article_modified_time":"2026-04-01T07:34:20+00:00","og_image":[{"width":692,"height":500,"url":"https:\/\/energostore.com\/wp-content\/uploads\/2024\/04\/VE.Bus-BMS.webp","type":"image\/webp"}],"twitter_card":"summary_large_image","twitter_misc":{"Procijenjeno vrijeme \u010ditanja":"1 minuta"},"schema":{"@context":"https:\/\/schema.org","@graph":[{"@type":"WebPage","@id":"https:\/\/energostore.com\/product\/ve-bus-bms\/","url":"https:\/\/energostore.com\/product\/ve-bus-bms\/","name":"VE.Bus BMS - Energostore","isPartOf":{"@id":"https:\/\/energostore.com\/hr\/#website"},"primaryImageOfPage":{"@id":"https:\/\/energostore.com\/product\/ve-bus-bms\/#primaryimage"},"image":{"@id":"https:\/\/energostore.com\/product\/ve-bus-bms\/#primaryimage"},"thumbnailUrl":"https:\/\/energostore.com\/wp-content\/uploads\/2024\/04\/VE.Bus-BMS.webp","datePublished":"2024-04-24T11:57:05+00:00","dateModified":"2026-04-01T07:34:20+00:00","breadcrumb":{"@id":"https:\/\/energostore.com\/product\/ve-bus-bms\/#breadcrumb"},"inLanguage":"hr","potentialAction":[{"@type":"ReadAction","target":["https:\/\/energostore.com\/product\/ve-bus-bms\/"]}]},{"@type":"ImageObject","inLanguage":"hr","@id":"https:\/\/energostore.com\/product\/ve-bus-bms\/#primaryimage","url":"https:\/\/energostore.com\/wp-content\/uploads\/2024\/04\/VE.Bus-BMS.webp","contentUrl":"https:\/\/energostore.com\/wp-content\/uploads\/2024\/04\/VE.Bus-BMS.webp","width":692,"height":500,"caption":"VE.Bus BMS"},{"@type":"BreadcrumbList","@id":"https:\/\/energostore.com\/product\/ve-bus-bms\/#breadcrumb","itemListElement":[{"@type":"ListItem","position":1,"name":"Home","item":"https:\/\/energostore.com\/"},{"@type":"ListItem","position":2,"name":"Shop","item":"https:\/\/energostore.com\/hr\/shop\/"},{"@type":"ListItem","position":3,"name":"VE.Bus BMS"}]},{"@type":"WebSite","@id":"https:\/\/energostore.com\/hr\/#website","url":"https:\/\/energostore.com\/hr\/","name":"Energostore","description":"Solar products online store","publisher":{"@id":"https:\/\/energostore.com\/hr\/#organization"},"potentialAction":[{"@type":"SearchAction","target":{"@type":"EntryPoint","urlTemplate":"https:\/\/energostore.com\/hr\/?s={search_term_string}"},"query-input":{"@type":"PropertyValueSpecification","valueRequired":true,"valueName":"search_term_string"}}],"inLanguage":"hr"},{"@type":"Organization","@id":"https:\/\/energostore.com\/hr\/#organization","name":"Energostore","url":"https:\/\/energostore.com\/hr\/","logo":{"@type":"ImageObject","inLanguage":"hr","@id":"https:\/\/energostore.com\/hr\/#\/schema\/logo\/image\/","url":"https:\/\/energostore.com\/wp-content\/uploads\/2020\/07\/energostore_logo.png","contentUrl":"https:\/\/energostore.com\/wp-content\/uploads\/2020\/07\/energostore_logo.png","width":517,"height":100,"caption":"Energostore"},"image":{"@id":"https:\/\/energostore.com\/hr\/#\/schema\/logo\/image\/"}}]}},"_links":{"self":[{"href":"https:\/\/energostore.com\/hr\/wp-json\/wp\/v2\/product\/8342","targetHints":{"allow":["GET"]}}],"collection":[{"href":"https:\/\/energostore.com\/hr\/wp-json\/wp\/v2\/product"}],"about":[{"href":"https:\/\/energostore.com\/hr\/wp-json\/wp\/v2\/types\/product"}],"version-history":[{"count":1,"href":"https:\/\/energostore.com\/hr\/wp-json\/wp\/v2\/product\/8342\/revisions"}],"predecessor-version":[{"id":8344,"href":"https:\/\/energostore.com\/hr\/wp-json\/wp\/v2\/product\/8342\/revisions\/8344"}],"wp:featuredmedia":[{"embeddable":true,"href":"https:\/\/energostore.com\/hr\/wp-json\/wp\/v2\/media\/9738"}],"wp:attachment":[{"href":"https:\/\/energostore.com\/hr\/wp-json\/wp\/v2\/media?parent=8342"}],"wp:term":[{"taxonomy":"product_brand","embeddable":true,"href":"https:\/\/energostore.com\/hr\/wp-json\/wp\/v2\/product_brand?post=8342"},{"taxonomy":"product_cat","embeddable":true,"href":"https:\/\/energostore.com\/hr\/wp-json\/wp\/v2\/product_cat?post=8342"},{"taxonomy":"product_tag","embeddable":true,"href":"https:\/\/energostore.com\/hr\/wp-json\/wp\/v2\/product_tag?post=8342"}],"curies":[{"name":"wp","href":"https:\/\/api.w.org\/{rel}","templated":true}]}}