{"id":8079,"date":"2024-04-04T06:19:16","date_gmt":"2024-04-04T06:19:16","guid":{"rendered":"https:\/\/energostore.com\/?post_type=product&#038;p=8079"},"modified":"2026-04-01T07:34:20","modified_gmt":"2026-04-01T07:34:20","slug":"lynx-distributor-m8","status":"publish","type":"product","link":"https:\/\/energostore.com\/hr\/proizvod\/lynx-distributor-m8\/","title":{"rendered":"Lynx Distributor (M8)"},"content":{"rendered":"<h4>Dokumenti<\/h4>\n<p><a title=\"Lynx Power In (HTML5)\" href=\"https:\/\/www.victronenergy.com\/upload\/documents\/Lynx_Distributor\/24531-Lynx_Distributor_Manual-pdf-en.pdf\"><img decoding=\"async\" style=\"margin-right: 5px;\" src=\"\/wp-content\/uploads\/2020\/08\/doc_manual.png\" \/>Lynx Distributor Manual\u00a0\u00a0<\/a><\/p>\n<p>&nbsp;<\/p>","protected":false},"excerpt":{"rendered":"<p>Modularna istosmjerna sabirnica s prostorom za \u010detiri istosmjerna osigura\u010da. Prati status svakog osigura\u010da i prikazuje njegovo stanje pomo\u0107u LED diode na prednjoj strani. Lynx Distributor je dio modularnog Lynx distribucijskog sustava, dostupan kao modeli M8 i M10.<\/p>","protected":false},"featured_media":9482,"menu_order":319,"template":"","meta":[],"product_brand":[],"product_cat":[275,178,159],"product_tag":[],"class_list":{"0":"post-8079","1":"product","2":"type-product","3":"status-publish","4":"has-post-thumbnail","6":"product_cat-accessories-lithium","7":"product_cat-batteries","8":"product_cat-lynx-and-dc-distribution","10":"first","11":"onbackorder","12":"taxable","13":"shipping-taxable","14":"purchasable","15":"product-type-simple"},"yoast_head":"<!-- This site is optimized with the Yoast SEO plugin v27.3 - https:\/\/yoast.com\/product\/yoast-seo-wordpress\/ -->\n<title>Lynx Distributor (M8) - Energostore<\/title>\n<meta name=\"robots\" content=\"index, follow, max-snippet:-1, max-image-preview:large, max-video-preview:-1\" \/>\n<link rel=\"canonical\" href=\"https:\/\/energostore.com\/hr\/proizvod\/lynx-distributor-m8\/\" \/>\n<meta property=\"og:locale\" content=\"hr_HR\" \/>\n<meta property=\"og:type\" content=\"article\" \/>\n<meta property=\"og:title\" content=\"Lynx Distributor (M8) - Energostore\" \/>\n<meta property=\"og:description\" content=\"A modular DC busbar with spaces for four DC fuses. It monitors the status of each fuse and displays its condition with an LED on the front. The Lynx Distributor is part of the modular Lynx distribution system, available as M8 and M10 models.\" \/>\n<meta property=\"og:url\" content=\"https:\/\/energostore.com\/hr\/proizvod\/lynx-distributor-m8\/\" \/>\n<meta property=\"og:site_name\" content=\"Energostore\" \/>\n<meta property=\"article:modified_time\" content=\"2026-04-01T07:34:20+00:00\" \/>\n<meta property=\"og:image\" content=\"https:\/\/energostore.com\/wp-content\/uploads\/2024\/04\/Lynx-distributor.webp\" \/>\n\t<meta property=\"og:image:width\" content=\"720\" \/>\n\t<meta property=\"og:image:height\" content=\"417\" \/>\n\t<meta property=\"og:image:type\" content=\"image\/webp\" \/>\n<meta name=\"twitter:card\" content=\"summary_large_image\" \/>\n<script type=\"application\/ld+json\" class=\"yoast-schema-graph\">{\"@context\":\"https:\\\/\\\/schema.org\",\"@graph\":[{\"@type\":\"WebPage\",\"@id\":\"https:\\\/\\\/energostore.com\\\/product\\\/lynx-distributor-m8\\\/\",\"url\":\"https:\\\/\\\/energostore.com\\\/product\\\/lynx-distributor-m8\\\/\",\"name\":\"Lynx Distributor (M8) - Energostore\",\"isPartOf\":{\"@id\":\"https:\\\/\\\/energostore.com\\\/hr\\\/#website\"},\"primaryImageOfPage\":{\"@id\":\"https:\\\/\\\/energostore.com\\\/product\\\/lynx-distributor-m8\\\/#primaryimage\"},\"image\":{\"@id\":\"https:\\\/\\\/energostore.com\\\/product\\\/lynx-distributor-m8\\\/#primaryimage\"},\"thumbnailUrl\":\"https:\\\/\\\/energostore.com\\\/wp-content\\\/uploads\\\/2024\\\/04\\\/Lynx-distributor.webp\",\"datePublished\":\"2024-04-04T06:19:16+00:00\",\"dateModified\":\"2026-04-01T07:34:20+00:00\",\"breadcrumb\":{\"@id\":\"https:\\\/\\\/energostore.com\\\/product\\\/lynx-distributor-m8\\\/#breadcrumb\"},\"inLanguage\":\"hr\",\"potentialAction\":[{\"@type\":\"ReadAction\",\"target\":[\"https:\\\/\\\/energostore.com\\\/product\\\/lynx-distributor-m8\\\/\"]}]},{\"@type\":\"ImageObject\",\"inLanguage\":\"hr\",\"@id\":\"https:\\\/\\\/energostore.com\\\/product\\\/lynx-distributor-m8\\\/#primaryimage\",\"url\":\"https:\\\/\\\/energostore.com\\\/wp-content\\\/uploads\\\/2024\\\/04\\\/Lynx-distributor.webp\",\"contentUrl\":\"https:\\\/\\\/energostore.com\\\/wp-content\\\/uploads\\\/2024\\\/04\\\/Lynx-distributor.webp\",\"width\":720,\"height\":417,\"caption\":\"Lynx distributor\"},{\"@type\":\"BreadcrumbList\",\"@id\":\"https:\\\/\\\/energostore.com\\\/product\\\/lynx-distributor-m8\\\/#breadcrumb\",\"itemListElement\":[{\"@type\":\"ListItem\",\"position\":1,\"name\":\"Home\",\"item\":\"https:\\\/\\\/energostore.com\\\/\"},{\"@type\":\"ListItem\",\"position\":2,\"name\":\"Shop\",\"item\":\"https:\\\/\\\/energostore.com\\\/hr\\\/shop\\\/\"},{\"@type\":\"ListItem\",\"position\":3,\"name\":\"Lynx Distributor (M8)\"}]},{\"@type\":\"WebSite\",\"@id\":\"https:\\\/\\\/energostore.com\\\/hr\\\/#website\",\"url\":\"https:\\\/\\\/energostore.com\\\/hr\\\/\",\"name\":\"Energostore\",\"description\":\"Solar products online store\",\"publisher\":{\"@id\":\"https:\\\/\\\/energostore.com\\\/hr\\\/#organization\"},\"potentialAction\":[{\"@type\":\"SearchAction\",\"target\":{\"@type\":\"EntryPoint\",\"urlTemplate\":\"https:\\\/\\\/energostore.com\\\/hr\\\/?s={search_term_string}\"},\"query-input\":{\"@type\":\"PropertyValueSpecification\",\"valueRequired\":true,\"valueName\":\"search_term_string\"}}],\"inLanguage\":\"hr\"},{\"@type\":\"Organization\",\"@id\":\"https:\\\/\\\/energostore.com\\\/hr\\\/#organization\",\"name\":\"Energostore\",\"url\":\"https:\\\/\\\/energostore.com\\\/hr\\\/\",\"logo\":{\"@type\":\"ImageObject\",\"inLanguage\":\"hr\",\"@id\":\"https:\\\/\\\/energostore.com\\\/hr\\\/#\\\/schema\\\/logo\\\/image\\\/\",\"url\":\"https:\\\/\\\/energostore.com\\\/wp-content\\\/uploads\\\/2020\\\/07\\\/energostore_logo.png\",\"contentUrl\":\"https:\\\/\\\/energostore.com\\\/wp-content\\\/uploads\\\/2020\\\/07\\\/energostore_logo.png\",\"width\":517,\"height\":100,\"caption\":\"Energostore\"},\"image\":{\"@id\":\"https:\\\/\\\/energostore.com\\\/hr\\\/#\\\/schema\\\/logo\\\/image\\\/\"}}]}<\/script>\n<!-- \/ Yoast SEO plugin. -->","yoast_head_json":{"title":"Lynx Distributor (M8) - Energostore","robots":{"index":"index","follow":"follow","max-snippet":"max-snippet:-1","max-image-preview":"max-image-preview:large","max-video-preview":"max-video-preview:-1"},"canonical":"https:\/\/energostore.com\/hr\/proizvod\/lynx-distributor-m8\/","og_locale":"hr_HR","og_type":"article","og_title":"Lynx Distributor (M8) - Energostore","og_description":"A modular DC busbar with spaces for four DC fuses. It monitors the status of each fuse and displays its condition with an LED on the front. The Lynx Distributor is part of the modular Lynx distribution system, available as M8 and M10 models.","og_url":"https:\/\/energostore.com\/hr\/proizvod\/lynx-distributor-m8\/","og_site_name":"Energostore","article_modified_time":"2026-04-01T07:34:20+00:00","og_image":[{"width":720,"height":417,"url":"https:\/\/energostore.com\/wp-content\/uploads\/2024\/04\/Lynx-distributor.webp","type":"image\/webp"}],"twitter_card":"summary_large_image","schema":{"@context":"https:\/\/schema.org","@graph":[{"@type":"WebPage","@id":"https:\/\/energostore.com\/product\/lynx-distributor-m8\/","url":"https:\/\/energostore.com\/product\/lynx-distributor-m8\/","name":"Lynx Distributor (M8) - Energostore","isPartOf":{"@id":"https:\/\/energostore.com\/hr\/#website"},"primaryImageOfPage":{"@id":"https:\/\/energostore.com\/product\/lynx-distributor-m8\/#primaryimage"},"image":{"@id":"https:\/\/energostore.com\/product\/lynx-distributor-m8\/#primaryimage"},"thumbnailUrl":"https:\/\/energostore.com\/wp-content\/uploads\/2024\/04\/Lynx-distributor.webp","datePublished":"2024-04-04T06:19:16+00:00","dateModified":"2026-04-01T07:34:20+00:00","breadcrumb":{"@id":"https:\/\/energostore.com\/product\/lynx-distributor-m8\/#breadcrumb"},"inLanguage":"hr","potentialAction":[{"@type":"ReadAction","target":["https:\/\/energostore.com\/product\/lynx-distributor-m8\/"]}]},{"@type":"ImageObject","inLanguage":"hr","@id":"https:\/\/energostore.com\/product\/lynx-distributor-m8\/#primaryimage","url":"https:\/\/energostore.com\/wp-content\/uploads\/2024\/04\/Lynx-distributor.webp","contentUrl":"https:\/\/energostore.com\/wp-content\/uploads\/2024\/04\/Lynx-distributor.webp","width":720,"height":417,"caption":"Lynx distributor"},{"@type":"BreadcrumbList","@id":"https:\/\/energostore.com\/product\/lynx-distributor-m8\/#breadcrumb","itemListElement":[{"@type":"ListItem","position":1,"name":"Home","item":"https:\/\/energostore.com\/"},{"@type":"ListItem","position":2,"name":"Shop","item":"https:\/\/energostore.com\/hr\/shop\/"},{"@type":"ListItem","position":3,"name":"Lynx Distributor (M8)"}]},{"@type":"WebSite","@id":"https:\/\/energostore.com\/hr\/#website","url":"https:\/\/energostore.com\/hr\/","name":"Energostore","description":"Solar products online store","publisher":{"@id":"https:\/\/energostore.com\/hr\/#organization"},"potentialAction":[{"@type":"SearchAction","target":{"@type":"EntryPoint","urlTemplate":"https:\/\/energostore.com\/hr\/?s={search_term_string}"},"query-input":{"@type":"PropertyValueSpecification","valueRequired":true,"valueName":"search_term_string"}}],"inLanguage":"hr"},{"@type":"Organization","@id":"https:\/\/energostore.com\/hr\/#organization","name":"Energostore","url":"https:\/\/energostore.com\/hr\/","logo":{"@type":"ImageObject","inLanguage":"hr","@id":"https:\/\/energostore.com\/hr\/#\/schema\/logo\/image\/","url":"https:\/\/energostore.com\/wp-content\/uploads\/2020\/07\/energostore_logo.png","contentUrl":"https:\/\/energostore.com\/wp-content\/uploads\/2020\/07\/energostore_logo.png","width":517,"height":100,"caption":"Energostore"},"image":{"@id":"https:\/\/energostore.com\/hr\/#\/schema\/logo\/image\/"}}]}},"_links":{"self":[{"href":"https:\/\/energostore.com\/hr\/wp-json\/wp\/v2\/product\/8079","targetHints":{"allow":["GET"]}}],"collection":[{"href":"https:\/\/energostore.com\/hr\/wp-json\/wp\/v2\/product"}],"about":[{"href":"https:\/\/energostore.com\/hr\/wp-json\/wp\/v2\/types\/product"}],"version-history":[{"count":2,"href":"https:\/\/energostore.com\/hr\/wp-json\/wp\/v2\/product\/8079\/revisions"}],"predecessor-version":[{"id":9486,"href":"https:\/\/energostore.com\/hr\/wp-json\/wp\/v2\/product\/8079\/revisions\/9486"}],"wp:featuredmedia":[{"embeddable":true,"href":"https:\/\/energostore.com\/hr\/wp-json\/wp\/v2\/media\/9482"}],"wp:attachment":[{"href":"https:\/\/energostore.com\/hr\/wp-json\/wp\/v2\/media?parent=8079"}],"wp:term":[{"taxonomy":"product_brand","embeddable":true,"href":"https:\/\/energostore.com\/hr\/wp-json\/wp\/v2\/product_brand?post=8079"},{"taxonomy":"product_cat","embeddable":true,"href":"https:\/\/energostore.com\/hr\/wp-json\/wp\/v2\/product_cat?post=8079"},{"taxonomy":"product_tag","embeddable":true,"href":"https:\/\/energostore.com\/hr\/wp-json\/wp\/v2\/product_tag?post=8079"}],"curies":[{"name":"wp","href":"https:\/\/api.w.org\/{rel}","templated":true}]}}