{"id":8073,"date":"2024-04-04T06:10:48","date_gmt":"2024-04-04T06:10:48","guid":{"rendered":"https:\/\/energostore.com\/?post_type=product&#038;p=8073"},"modified":"2026-04-01T07:34:20","modified_gmt":"2026-04-01T07:34:20","slug":"lynx-smart-bms-500-m8","status":"publish","type":"product","link":"https:\/\/energostore.com\/hr\/proizvod\/lynx-smart-bms-500-m8\/","title":{"rendered":"Lynx Smart BMS 500 (M8)"},"content":{"rendered":"<p>Glavne karakteristike su:<\/p>\n<ul>\n<li>Ugra\u0111eni kontaktor od 500 A ili 1000 A koji se koristi kao rezervni sigurnosni mehanizam, a prikladan je i kao daljinski upravljiva glavna sklopka sustava.<\/li>\n<li>Monitor baterije, koji pokazuje postotak napunjenosti i vi\u0161e podataka.<\/li>\n<li>Pre-alarmni signal: dajte upozorenje prije nego \u0161to se sustav isklju\u010di zbog, na primjer, niske \u0107elije.<\/li>\n<li>Bluetooth za kori\u0161tenje s na\u0161om aplikacijom VictronConnect, za postavljanje i nadzor, uklju\u010duju\u0107i Instant Readout \u2013 klju\u010dni podaci BMS-a na prvi pogled.\u00a0<a href=\"https:\/\/www.victronenergy.com\/panel-systems-remote-monitoring\/victronconnect\" target=\"_blank\" rel=\"noopener\">our VictronConnect App,<\/a>\u00a0for setup and monitoring, including\u00a0<a href=\"https:\/\/www.victronenergy.com\/media\/pg\/VictronConnect_Manual\/en\/stored-trends---instant-readout.html#UUID-a249901a-7ebe-9a66-3146-b9f5bb5c77af\" target=\"_blank\" rel=\"noopener\">Instant Readout<\/a>\u00a0&#8211; key data of the BMS at-a-glance.<\/li>\n<li>Lokalni i daljinski nadzor pomo\u0107u ure\u0111aja Victron GX, na primjer Cerbo GX ili Ekrano GX.\u00a0<a href=\"https:\/\/www.victronenergy.com\/panel-systems-remote-monitoring\/cerbo-gx\" target=\"_blank\" rel=\"noopener\">the Cerbo GX<\/a>\u00a0or\u00a0<a href=\"https:\/\/nocache.victronenergy.com\/panel-systems-remote-monitoring\/ekrano-gx\" target=\"_blank\" rel=\"noopener\">Ekrano GX<\/a>.<\/li>\n<\/ul>\n<p>Lynx Smart BMS dio je modularnog sustava Lynx Distribution.<\/p>\n<h4>Dokumenti<\/h4>\n<p><a title=\"Lynx Power In (HTML5)\" href=\"https:\/\/www.victronenergy.com\/upload\/documents\/Datasheet-BMS-overview-EN.pdf\"><img decoding=\"async\" style=\"margin-right: 5px;\" src=\"\/wp-content\/uploads\/2020\/08\/doc_manual.png\" \/>Battery Management System (BMS) Overview \u00a0<\/a><\/p>\n<p><a title=\"Lynx Power In (HTML5)\" href=\"https:\/\/www.victronenergy.com\/upload\/documents\/Datasheet-Lynx-Smart-BMS-EN.pdf\"><img decoding=\"async\" style=\"margin-right: 5px;\" src=\"\/wp-content\/uploads\/2020\/08\/doc_manual.png\" \/>Lynx Smart BMS <\/a><\/p>","protected":false},"excerpt":{"rendered":"<p>Lynx Smart BMS je namjenski sustav upravljanja baterijama za Victron litijske pametne baterije. Dostupno je vi\u0161e BMS-ova za na\u0161u Smart Lithium seriju baterija, a Lynx Smart je opcija s najbogatijim zna\u010dajkama i potpuna. Dostupan je u dvije verzije: 500A (s M8 priklju\u010dcima sabirnica) i 1000A (s M10 priklju\u010dcima sabirnica).<\/p>","protected":false},"featured_media":9488,"menu_order":319,"template":"","meta":[],"product_brand":[],"product_cat":[275,178,159],"product_tag":[],"class_list":{"0":"post-8073","1":"product","2":"type-product","3":"status-publish","4":"has-post-thumbnail","6":"product_cat-accessories-lithium","7":"product_cat-batteries","8":"product_cat-lynx-and-dc-distribution","10":"first","11":"onbackorder","12":"taxable","13":"shipping-taxable","14":"purchasable","15":"product-type-simple"},"yoast_head":"<!-- This site is optimized with the Yoast SEO plugin v27.3 - https:\/\/yoast.com\/product\/yoast-seo-wordpress\/ -->\n<title>Lynx Smart BMS 500 (M8) - Energostore<\/title>\n<meta name=\"robots\" content=\"index, follow, max-snippet:-1, max-image-preview:large, max-video-preview:-1\" \/>\n<link rel=\"canonical\" href=\"https:\/\/energostore.com\/hr\/proizvod\/lynx-smart-bms-500-m8\/\" \/>\n<meta property=\"og:locale\" content=\"hr_HR\" \/>\n<meta property=\"og:type\" content=\"article\" \/>\n<meta property=\"og:title\" content=\"Lynx Smart BMS 500 (M8) - Energostore\" \/>\n<meta property=\"og:description\" content=\"The Lynx Smart BMS is a dedicated Battery Management System for Victron Lithium Smart Batteries. There are multiple BMS-es available for our Smart Lithium series of batteries, and the Lynx Smart is the most feature rich and complete option.\u00a0It is available in two versions: 500A (with M8 busbar\u00a0connections) and 1000A (with M10 busbar connections).\" \/>\n<meta property=\"og:url\" content=\"https:\/\/energostore.com\/hr\/proizvod\/lynx-smart-bms-500-m8\/\" \/>\n<meta property=\"og:site_name\" content=\"Energostore\" \/>\n<meta property=\"article:modified_time\" content=\"2026-04-01T07:34:20+00:00\" \/>\n<meta property=\"og:image\" content=\"https:\/\/energostore.com\/wp-content\/uploads\/2024\/04\/Lynx-Smart-BMS-500-M8.webp\" \/>\n\t<meta property=\"og:image:width\" content=\"567\" \/>\n\t<meta property=\"og:image:height\" content=\"500\" \/>\n\t<meta property=\"og:image:type\" content=\"image\/webp\" \/>\n<meta name=\"twitter:card\" content=\"summary_large_image\" \/>\n<meta name=\"twitter:label1\" content=\"Procijenjeno vrijeme \u010ditanja\" \/>\n\t<meta name=\"twitter:data1\" content=\"1 minuta\" \/>\n<script type=\"application\/ld+json\" class=\"yoast-schema-graph\">{\"@context\":\"https:\\\/\\\/schema.org\",\"@graph\":[{\"@type\":\"WebPage\",\"@id\":\"https:\\\/\\\/energostore.com\\\/product\\\/lynx-smart-bms-500-m8\\\/\",\"url\":\"https:\\\/\\\/energostore.com\\\/product\\\/lynx-smart-bms-500-m8\\\/\",\"name\":\"Lynx Smart BMS 500 (M8) - Energostore\",\"isPartOf\":{\"@id\":\"https:\\\/\\\/energostore.com\\\/hr\\\/#website\"},\"primaryImageOfPage\":{\"@id\":\"https:\\\/\\\/energostore.com\\\/product\\\/lynx-smart-bms-500-m8\\\/#primaryimage\"},\"image\":{\"@id\":\"https:\\\/\\\/energostore.com\\\/product\\\/lynx-smart-bms-500-m8\\\/#primaryimage\"},\"thumbnailUrl\":\"https:\\\/\\\/energostore.com\\\/wp-content\\\/uploads\\\/2024\\\/04\\\/Lynx-Smart-BMS-500-M8.webp\",\"datePublished\":\"2024-04-04T06:10:48+00:00\",\"dateModified\":\"2026-04-01T07:34:20+00:00\",\"breadcrumb\":{\"@id\":\"https:\\\/\\\/energostore.com\\\/product\\\/lynx-smart-bms-500-m8\\\/#breadcrumb\"},\"inLanguage\":\"hr\",\"potentialAction\":[{\"@type\":\"ReadAction\",\"target\":[\"https:\\\/\\\/energostore.com\\\/product\\\/lynx-smart-bms-500-m8\\\/\"]}]},{\"@type\":\"ImageObject\",\"inLanguage\":\"hr\",\"@id\":\"https:\\\/\\\/energostore.com\\\/product\\\/lynx-smart-bms-500-m8\\\/#primaryimage\",\"url\":\"https:\\\/\\\/energostore.com\\\/wp-content\\\/uploads\\\/2024\\\/04\\\/Lynx-Smart-BMS-500-M8.webp\",\"contentUrl\":\"https:\\\/\\\/energostore.com\\\/wp-content\\\/uploads\\\/2024\\\/04\\\/Lynx-Smart-BMS-500-M8.webp\",\"width\":567,\"height\":500,\"caption\":\"Lynx Smart BMS 500 (M8)\"},{\"@type\":\"BreadcrumbList\",\"@id\":\"https:\\\/\\\/energostore.com\\\/product\\\/lynx-smart-bms-500-m8\\\/#breadcrumb\",\"itemListElement\":[{\"@type\":\"ListItem\",\"position\":1,\"name\":\"Home\",\"item\":\"https:\\\/\\\/energostore.com\\\/\"},{\"@type\":\"ListItem\",\"position\":2,\"name\":\"Shop\",\"item\":\"https:\\\/\\\/energostore.com\\\/hr\\\/shop\\\/\"},{\"@type\":\"ListItem\",\"position\":3,\"name\":\"Lynx Smart BMS 500 (M8)\"}]},{\"@type\":\"WebSite\",\"@id\":\"https:\\\/\\\/energostore.com\\\/hr\\\/#website\",\"url\":\"https:\\\/\\\/energostore.com\\\/hr\\\/\",\"name\":\"Energostore\",\"description\":\"Solar products online store\",\"publisher\":{\"@id\":\"https:\\\/\\\/energostore.com\\\/hr\\\/#organization\"},\"potentialAction\":[{\"@type\":\"SearchAction\",\"target\":{\"@type\":\"EntryPoint\",\"urlTemplate\":\"https:\\\/\\\/energostore.com\\\/hr\\\/?s={search_term_string}\"},\"query-input\":{\"@type\":\"PropertyValueSpecification\",\"valueRequired\":true,\"valueName\":\"search_term_string\"}}],\"inLanguage\":\"hr\"},{\"@type\":\"Organization\",\"@id\":\"https:\\\/\\\/energostore.com\\\/hr\\\/#organization\",\"name\":\"Energostore\",\"url\":\"https:\\\/\\\/energostore.com\\\/hr\\\/\",\"logo\":{\"@type\":\"ImageObject\",\"inLanguage\":\"hr\",\"@id\":\"https:\\\/\\\/energostore.com\\\/hr\\\/#\\\/schema\\\/logo\\\/image\\\/\",\"url\":\"https:\\\/\\\/energostore.com\\\/wp-content\\\/uploads\\\/2020\\\/07\\\/energostore_logo.png\",\"contentUrl\":\"https:\\\/\\\/energostore.com\\\/wp-content\\\/uploads\\\/2020\\\/07\\\/energostore_logo.png\",\"width\":517,\"height\":100,\"caption\":\"Energostore\"},\"image\":{\"@id\":\"https:\\\/\\\/energostore.com\\\/hr\\\/#\\\/schema\\\/logo\\\/image\\\/\"}}]}<\/script>\n<!-- \/ Yoast SEO plugin. -->","yoast_head_json":{"title":"Lynx Smart BMS 500 (M8) - Energostore","robots":{"index":"index","follow":"follow","max-snippet":"max-snippet:-1","max-image-preview":"max-image-preview:large","max-video-preview":"max-video-preview:-1"},"canonical":"https:\/\/energostore.com\/hr\/proizvod\/lynx-smart-bms-500-m8\/","og_locale":"hr_HR","og_type":"article","og_title":"Lynx Smart BMS 500 (M8) - Energostore","og_description":"The Lynx Smart BMS is a dedicated Battery Management System for Victron Lithium Smart Batteries. There are multiple BMS-es available for our Smart Lithium series of batteries, and the Lynx Smart is the most feature rich and complete option.\u00a0It is available in two versions: 500A (with M8 busbar\u00a0connections) and 1000A (with M10 busbar connections).","og_url":"https:\/\/energostore.com\/hr\/proizvod\/lynx-smart-bms-500-m8\/","og_site_name":"Energostore","article_modified_time":"2026-04-01T07:34:20+00:00","og_image":[{"width":567,"height":500,"url":"https:\/\/energostore.com\/wp-content\/uploads\/2024\/04\/Lynx-Smart-BMS-500-M8.webp","type":"image\/webp"}],"twitter_card":"summary_large_image","twitter_misc":{"Procijenjeno vrijeme \u010ditanja":"1 minuta"},"schema":{"@context":"https:\/\/schema.org","@graph":[{"@type":"WebPage","@id":"https:\/\/energostore.com\/product\/lynx-smart-bms-500-m8\/","url":"https:\/\/energostore.com\/product\/lynx-smart-bms-500-m8\/","name":"Lynx Smart BMS 500 (M8) - Energostore","isPartOf":{"@id":"https:\/\/energostore.com\/hr\/#website"},"primaryImageOfPage":{"@id":"https:\/\/energostore.com\/product\/lynx-smart-bms-500-m8\/#primaryimage"},"image":{"@id":"https:\/\/energostore.com\/product\/lynx-smart-bms-500-m8\/#primaryimage"},"thumbnailUrl":"https:\/\/energostore.com\/wp-content\/uploads\/2024\/04\/Lynx-Smart-BMS-500-M8.webp","datePublished":"2024-04-04T06:10:48+00:00","dateModified":"2026-04-01T07:34:20+00:00","breadcrumb":{"@id":"https:\/\/energostore.com\/product\/lynx-smart-bms-500-m8\/#breadcrumb"},"inLanguage":"hr","potentialAction":[{"@type":"ReadAction","target":["https:\/\/energostore.com\/product\/lynx-smart-bms-500-m8\/"]}]},{"@type":"ImageObject","inLanguage":"hr","@id":"https:\/\/energostore.com\/product\/lynx-smart-bms-500-m8\/#primaryimage","url":"https:\/\/energostore.com\/wp-content\/uploads\/2024\/04\/Lynx-Smart-BMS-500-M8.webp","contentUrl":"https:\/\/energostore.com\/wp-content\/uploads\/2024\/04\/Lynx-Smart-BMS-500-M8.webp","width":567,"height":500,"caption":"Lynx Smart BMS 500 (M8)"},{"@type":"BreadcrumbList","@id":"https:\/\/energostore.com\/product\/lynx-smart-bms-500-m8\/#breadcrumb","itemListElement":[{"@type":"ListItem","position":1,"name":"Home","item":"https:\/\/energostore.com\/"},{"@type":"ListItem","position":2,"name":"Shop","item":"https:\/\/energostore.com\/hr\/shop\/"},{"@type":"ListItem","position":3,"name":"Lynx Smart BMS 500 (M8)"}]},{"@type":"WebSite","@id":"https:\/\/energostore.com\/hr\/#website","url":"https:\/\/energostore.com\/hr\/","name":"Energostore","description":"Solar products online store","publisher":{"@id":"https:\/\/energostore.com\/hr\/#organization"},"potentialAction":[{"@type":"SearchAction","target":{"@type":"EntryPoint","urlTemplate":"https:\/\/energostore.com\/hr\/?s={search_term_string}"},"query-input":{"@type":"PropertyValueSpecification","valueRequired":true,"valueName":"search_term_string"}}],"inLanguage":"hr"},{"@type":"Organization","@id":"https:\/\/energostore.com\/hr\/#organization","name":"Energostore","url":"https:\/\/energostore.com\/hr\/","logo":{"@type":"ImageObject","inLanguage":"hr","@id":"https:\/\/energostore.com\/hr\/#\/schema\/logo\/image\/","url":"https:\/\/energostore.com\/wp-content\/uploads\/2020\/07\/energostore_logo.png","contentUrl":"https:\/\/energostore.com\/wp-content\/uploads\/2020\/07\/energostore_logo.png","width":517,"height":100,"caption":"Energostore"},"image":{"@id":"https:\/\/energostore.com\/hr\/#\/schema\/logo\/image\/"}}]}},"_links":{"self":[{"href":"https:\/\/energostore.com\/hr\/wp-json\/wp\/v2\/product\/8073","targetHints":{"allow":["GET"]}}],"collection":[{"href":"https:\/\/energostore.com\/hr\/wp-json\/wp\/v2\/product"}],"about":[{"href":"https:\/\/energostore.com\/hr\/wp-json\/wp\/v2\/types\/product"}],"version-history":[{"count":2,"href":"https:\/\/energostore.com\/hr\/wp-json\/wp\/v2\/product\/8073\/revisions"}],"predecessor-version":[{"id":9490,"href":"https:\/\/energostore.com\/hr\/wp-json\/wp\/v2\/product\/8073\/revisions\/9490"}],"wp:featuredmedia":[{"embeddable":true,"href":"https:\/\/energostore.com\/hr\/wp-json\/wp\/v2\/media\/9488"}],"wp:attachment":[{"href":"https:\/\/energostore.com\/hr\/wp-json\/wp\/v2\/media?parent=8073"}],"wp:term":[{"taxonomy":"product_brand","embeddable":true,"href":"https:\/\/energostore.com\/hr\/wp-json\/wp\/v2\/product_brand?post=8073"},{"taxonomy":"product_cat","embeddable":true,"href":"https:\/\/energostore.com\/hr\/wp-json\/wp\/v2\/product_cat?post=8073"},{"taxonomy":"product_tag","embeddable":true,"href":"https:\/\/energostore.com\/hr\/wp-json\/wp\/v2\/product_tag?post=8073"}],"curies":[{"name":"wp","href":"https:\/\/api.w.org\/{rel}","templated":true}]}}