{"id":8070,"date":"2024-04-04T06:06:27","date_gmt":"2024-04-04T06:06:27","guid":{"rendered":"https:\/\/energostore.com\/?post_type=product&#038;p=8070"},"modified":"2026-04-01T07:34:20","modified_gmt":"2026-04-01T07:34:20","slug":"lynx-class-t-power-in-m10","status":"publish","type":"product","link":"https:\/\/energostore.com\/hr\/proizvod\/lynx-class-t-power-in-m10\/","title":{"rendered":"Lynx Class-T Power In (M10)"},"content":{"rendered":"<p><span style=\"font-weight: 400;\">Za instalacije koje koriste tri ili vi\u0161e nizova litijskih baterija, koristite vi\u0161e Lynx Class-T modula. Kao klju\u010dna komponenta Lynx Distribution sustava, Lynx Class-T se neprimjetno integrira sa svim ostalim M10 Lynx proizvodima.<\/span><\/p>\n<h4>Dokumenti<\/h4>\n<p><a title=\"Lynx Power In (HTML5)\" href=\"https:\/\/www.victronenergy.com\/upload\/documents\/Lynx_Class-T_Power_In\/165891-Lynx_Class-T_Power_In-pdf-en.pdf\"><img decoding=\"async\" style=\"margin-right: 5px;\" src=\"\/wp-content\/uploads\/2020\/08\/doc_manual.png\" \/>Lynx Class-T Power In\u00a0<\/a><\/p>","protected":false},"excerpt":{"rendered":"<p>Lynx Class-T Power In spaja do dva niza litijskih baterija. Sadr\u017ei pozitivnu i negativnu sabirnicu i priklju\u010dke za dva osigura\u010da klase T kao i priklju\u010dak za uzemljenje istosmjernog sustava. T-osigura\u010di klase, dostupni u 225 A, 250 A, 350 A i 400 A, moraju se kupiti zasebno.<\/p>","protected":false},"featured_media":9483,"menu_order":319,"template":"","meta":[],"product_brand":[],"product_cat":[275,178,159],"product_tag":[],"class_list":{"0":"post-8070","1":"product","2":"type-product","3":"status-publish","4":"has-post-thumbnail","6":"product_cat-accessories-lithium","7":"product_cat-batteries","8":"product_cat-lynx-and-dc-distribution","10":"first","11":"onbackorder","12":"taxable","13":"shipping-taxable","14":"purchasable","15":"product-type-simple"},"yoast_head":"<!-- This site is optimized with the Yoast SEO plugin v27.3 - https:\/\/yoast.com\/product\/yoast-seo-wordpress\/ -->\n<title>Lynx Class-T Power In (M10) - Energostore<\/title>\n<meta name=\"robots\" content=\"index, follow, max-snippet:-1, max-image-preview:large, max-video-preview:-1\" \/>\n<link rel=\"canonical\" href=\"https:\/\/energostore.com\/hr\/proizvod\/lynx-class-t-power-in-m10\/\" \/>\n<meta property=\"og:locale\" content=\"hr_HR\" \/>\n<meta property=\"og:type\" content=\"article\" \/>\n<meta property=\"og:title\" content=\"Lynx Class-T Power In (M10) - Energostore\" \/>\n<meta property=\"og:description\" content=\"The Lynx Class-T Power In connects and fuses up to two strings of Lithium batteries. It features a positive and negative busbar, and connections for two Class-T fuses as well as a connection to ground the DC system. The Class T-fuses, available in 225A, 250A, 350A and 400A, must be purchased separately.\" \/>\n<meta property=\"og:url\" content=\"https:\/\/energostore.com\/hr\/proizvod\/lynx-class-t-power-in-m10\/\" \/>\n<meta property=\"og:site_name\" content=\"Energostore\" \/>\n<meta property=\"article:modified_time\" content=\"2026-04-01T07:34:20+00:00\" \/>\n<meta property=\"og:image\" content=\"https:\/\/energostore.com\/wp-content\/uploads\/2024\/04\/Lynx_Class-T_Power_In.webp\" \/>\n\t<meta property=\"og:image:width\" content=\"720\" \/>\n\t<meta property=\"og:image:height\" content=\"417\" \/>\n\t<meta property=\"og:image:type\" content=\"image\/webp\" \/>\n<meta name=\"twitter:card\" content=\"summary_large_image\" \/>\n<script type=\"application\/ld+json\" class=\"yoast-schema-graph\">{\"@context\":\"https:\\\/\\\/schema.org\",\"@graph\":[{\"@type\":\"WebPage\",\"@id\":\"https:\\\/\\\/energostore.com\\\/product\\\/lynx-class-t-power-in-m10\\\/\",\"url\":\"https:\\\/\\\/energostore.com\\\/product\\\/lynx-class-t-power-in-m10\\\/\",\"name\":\"Lynx Class-T Power In (M10) - Energostore\",\"isPartOf\":{\"@id\":\"https:\\\/\\\/energostore.com\\\/hr\\\/#website\"},\"primaryImageOfPage\":{\"@id\":\"https:\\\/\\\/energostore.com\\\/product\\\/lynx-class-t-power-in-m10\\\/#primaryimage\"},\"image\":{\"@id\":\"https:\\\/\\\/energostore.com\\\/product\\\/lynx-class-t-power-in-m10\\\/#primaryimage\"},\"thumbnailUrl\":\"https:\\\/\\\/energostore.com\\\/wp-content\\\/uploads\\\/2024\\\/04\\\/Lynx_Class-T_Power_In.webp\",\"datePublished\":\"2024-04-04T06:06:27+00:00\",\"dateModified\":\"2026-04-01T07:34:20+00:00\",\"breadcrumb\":{\"@id\":\"https:\\\/\\\/energostore.com\\\/product\\\/lynx-class-t-power-in-m10\\\/#breadcrumb\"},\"inLanguage\":\"hr\",\"potentialAction\":[{\"@type\":\"ReadAction\",\"target\":[\"https:\\\/\\\/energostore.com\\\/product\\\/lynx-class-t-power-in-m10\\\/\"]}]},{\"@type\":\"ImageObject\",\"inLanguage\":\"hr\",\"@id\":\"https:\\\/\\\/energostore.com\\\/product\\\/lynx-class-t-power-in-m10\\\/#primaryimage\",\"url\":\"https:\\\/\\\/energostore.com\\\/wp-content\\\/uploads\\\/2024\\\/04\\\/Lynx_Class-T_Power_In.webp\",\"contentUrl\":\"https:\\\/\\\/energostore.com\\\/wp-content\\\/uploads\\\/2024\\\/04\\\/Lynx_Class-T_Power_In.webp\",\"width\":720,\"height\":417,\"caption\":\"Lynx_Class-T_Power_In\"},{\"@type\":\"BreadcrumbList\",\"@id\":\"https:\\\/\\\/energostore.com\\\/product\\\/lynx-class-t-power-in-m10\\\/#breadcrumb\",\"itemListElement\":[{\"@type\":\"ListItem\",\"position\":1,\"name\":\"Home\",\"item\":\"https:\\\/\\\/energostore.com\\\/\"},{\"@type\":\"ListItem\",\"position\":2,\"name\":\"Shop\",\"item\":\"https:\\\/\\\/energostore.com\\\/hr\\\/shop\\\/\"},{\"@type\":\"ListItem\",\"position\":3,\"name\":\"Lynx Class-T Power In (M10)\"}]},{\"@type\":\"WebSite\",\"@id\":\"https:\\\/\\\/energostore.com\\\/hr\\\/#website\",\"url\":\"https:\\\/\\\/energostore.com\\\/hr\\\/\",\"name\":\"Energostore\",\"description\":\"Solar products online store\",\"publisher\":{\"@id\":\"https:\\\/\\\/energostore.com\\\/hr\\\/#organization\"},\"potentialAction\":[{\"@type\":\"SearchAction\",\"target\":{\"@type\":\"EntryPoint\",\"urlTemplate\":\"https:\\\/\\\/energostore.com\\\/hr\\\/?s={search_term_string}\"},\"query-input\":{\"@type\":\"PropertyValueSpecification\",\"valueRequired\":true,\"valueName\":\"search_term_string\"}}],\"inLanguage\":\"hr\"},{\"@type\":\"Organization\",\"@id\":\"https:\\\/\\\/energostore.com\\\/hr\\\/#organization\",\"name\":\"Energostore\",\"url\":\"https:\\\/\\\/energostore.com\\\/hr\\\/\",\"logo\":{\"@type\":\"ImageObject\",\"inLanguage\":\"hr\",\"@id\":\"https:\\\/\\\/energostore.com\\\/hr\\\/#\\\/schema\\\/logo\\\/image\\\/\",\"url\":\"https:\\\/\\\/energostore.com\\\/wp-content\\\/uploads\\\/2020\\\/07\\\/energostore_logo.png\",\"contentUrl\":\"https:\\\/\\\/energostore.com\\\/wp-content\\\/uploads\\\/2020\\\/07\\\/energostore_logo.png\",\"width\":517,\"height\":100,\"caption\":\"Energostore\"},\"image\":{\"@id\":\"https:\\\/\\\/energostore.com\\\/hr\\\/#\\\/schema\\\/logo\\\/image\\\/\"}}]}<\/script>\n<!-- \/ Yoast SEO plugin. -->","yoast_head_json":{"title":"Lynx Class-T Power In (M10) - Energostore","robots":{"index":"index","follow":"follow","max-snippet":"max-snippet:-1","max-image-preview":"max-image-preview:large","max-video-preview":"max-video-preview:-1"},"canonical":"https:\/\/energostore.com\/hr\/proizvod\/lynx-class-t-power-in-m10\/","og_locale":"hr_HR","og_type":"article","og_title":"Lynx Class-T Power In (M10) - Energostore","og_description":"The Lynx Class-T Power In connects and fuses up to two strings of Lithium batteries. It features a positive and negative busbar, and connections for two Class-T fuses as well as a connection to ground the DC system. The Class T-fuses, available in 225A, 250A, 350A and 400A, must be purchased separately.","og_url":"https:\/\/energostore.com\/hr\/proizvod\/lynx-class-t-power-in-m10\/","og_site_name":"Energostore","article_modified_time":"2026-04-01T07:34:20+00:00","og_image":[{"width":720,"height":417,"url":"https:\/\/energostore.com\/wp-content\/uploads\/2024\/04\/Lynx_Class-T_Power_In.webp","type":"image\/webp"}],"twitter_card":"summary_large_image","schema":{"@context":"https:\/\/schema.org","@graph":[{"@type":"WebPage","@id":"https:\/\/energostore.com\/product\/lynx-class-t-power-in-m10\/","url":"https:\/\/energostore.com\/product\/lynx-class-t-power-in-m10\/","name":"Lynx Class-T Power In (M10) - Energostore","isPartOf":{"@id":"https:\/\/energostore.com\/hr\/#website"},"primaryImageOfPage":{"@id":"https:\/\/energostore.com\/product\/lynx-class-t-power-in-m10\/#primaryimage"},"image":{"@id":"https:\/\/energostore.com\/product\/lynx-class-t-power-in-m10\/#primaryimage"},"thumbnailUrl":"https:\/\/energostore.com\/wp-content\/uploads\/2024\/04\/Lynx_Class-T_Power_In.webp","datePublished":"2024-04-04T06:06:27+00:00","dateModified":"2026-04-01T07:34:20+00:00","breadcrumb":{"@id":"https:\/\/energostore.com\/product\/lynx-class-t-power-in-m10\/#breadcrumb"},"inLanguage":"hr","potentialAction":[{"@type":"ReadAction","target":["https:\/\/energostore.com\/product\/lynx-class-t-power-in-m10\/"]}]},{"@type":"ImageObject","inLanguage":"hr","@id":"https:\/\/energostore.com\/product\/lynx-class-t-power-in-m10\/#primaryimage","url":"https:\/\/energostore.com\/wp-content\/uploads\/2024\/04\/Lynx_Class-T_Power_In.webp","contentUrl":"https:\/\/energostore.com\/wp-content\/uploads\/2024\/04\/Lynx_Class-T_Power_In.webp","width":720,"height":417,"caption":"Lynx_Class-T_Power_In"},{"@type":"BreadcrumbList","@id":"https:\/\/energostore.com\/product\/lynx-class-t-power-in-m10\/#breadcrumb","itemListElement":[{"@type":"ListItem","position":1,"name":"Home","item":"https:\/\/energostore.com\/"},{"@type":"ListItem","position":2,"name":"Shop","item":"https:\/\/energostore.com\/hr\/shop\/"},{"@type":"ListItem","position":3,"name":"Lynx Class-T Power In (M10)"}]},{"@type":"WebSite","@id":"https:\/\/energostore.com\/hr\/#website","url":"https:\/\/energostore.com\/hr\/","name":"Energostore","description":"Solar products online store","publisher":{"@id":"https:\/\/energostore.com\/hr\/#organization"},"potentialAction":[{"@type":"SearchAction","target":{"@type":"EntryPoint","urlTemplate":"https:\/\/energostore.com\/hr\/?s={search_term_string}"},"query-input":{"@type":"PropertyValueSpecification","valueRequired":true,"valueName":"search_term_string"}}],"inLanguage":"hr"},{"@type":"Organization","@id":"https:\/\/energostore.com\/hr\/#organization","name":"Energostore","url":"https:\/\/energostore.com\/hr\/","logo":{"@type":"ImageObject","inLanguage":"hr","@id":"https:\/\/energostore.com\/hr\/#\/schema\/logo\/image\/","url":"https:\/\/energostore.com\/wp-content\/uploads\/2020\/07\/energostore_logo.png","contentUrl":"https:\/\/energostore.com\/wp-content\/uploads\/2020\/07\/energostore_logo.png","width":517,"height":100,"caption":"Energostore"},"image":{"@id":"https:\/\/energostore.com\/hr\/#\/schema\/logo\/image\/"}}]}},"_links":{"self":[{"href":"https:\/\/energostore.com\/hr\/wp-json\/wp\/v2\/product\/8070","targetHints":{"allow":["GET"]}}],"collection":[{"href":"https:\/\/energostore.com\/hr\/wp-json\/wp\/v2\/product"}],"about":[{"href":"https:\/\/energostore.com\/hr\/wp-json\/wp\/v2\/types\/product"}],"version-history":[{"count":3,"href":"https:\/\/energostore.com\/hr\/wp-json\/wp\/v2\/product\/8070\/revisions"}],"predecessor-version":[{"id":9484,"href":"https:\/\/energostore.com\/hr\/wp-json\/wp\/v2\/product\/8070\/revisions\/9484"}],"wp:featuredmedia":[{"embeddable":true,"href":"https:\/\/energostore.com\/hr\/wp-json\/wp\/v2\/media\/9483"}],"wp:attachment":[{"href":"https:\/\/energostore.com\/hr\/wp-json\/wp\/v2\/media?parent=8070"}],"wp:term":[{"taxonomy":"product_brand","embeddable":true,"href":"https:\/\/energostore.com\/hr\/wp-json\/wp\/v2\/product_brand?post=8070"},{"taxonomy":"product_cat","embeddable":true,"href":"https:\/\/energostore.com\/hr\/wp-json\/wp\/v2\/product_cat?post=8070"},{"taxonomy":"product_tag","embeddable":true,"href":"https:\/\/energostore.com\/hr\/wp-json\/wp\/v2\/product_tag?post=8070"}],"curies":[{"name":"wp","href":"https:\/\/api.w.org\/{rel}","templated":true}]}}