{"id":7806,"date":"2024-03-21T09:27:45","date_gmt":"2024-03-21T09:27:45","guid":{"rendered":"https:\/\/energostore.com\/?post_type=product&#038;p=7806"},"modified":"2026-04-01T07:05:12","modified_gmt":"2026-04-01T07:05:12","slug":"smartsolar-mppt-rs-450-100-tr","status":"publish","type":"product","link":"https:\/\/energostore.com\/hr\/proizvod\/smartsolar-mppt-rs-450-100-tr\/","title":{"rendered":"SmartSolar MPPT RS 450\/100-Tr"},"content":{"rendered":"<p>SmartSolar kontroler punjenja napunit \u0107e \u010dak i jako ispra\u017enjenu bateriju. Mo\u017ee raditi s naponom baterije od samo 0 volti, pod uvjetom da \u0107elije nisu trajno sulfatizirane ili na drugi na\u010din o\u0161te\u0107ene.\nImaju u sebi ugra\u0111en bluetooth za nadzor punjenja baterije preko apliakcije Victron Connect.<\/p>\n<p>Dokumenti<\/p>\n<p><a title=\"BlueSolar Charge Controller 12V 24V 10A with timer\" href=\"https:\/\/www.victronenergy.com\/upload\/documents\/Datasheet-SmartSolar-MPPT-RS-EN.pdf\"><img decoding=\"async\" style=\"margin-right: 5px;\" src=\"\/wp-content\/uploads\/2020\/08\/doc_manual.png\" \/>SmartSolar MPPT RS 450|100 &amp; 450|200 &#8211; Isolated<\/a><\/p>\n<p>&nbsp;<\/p>","protected":false},"excerpt":{"rendered":"<p>MPPT regulatori punjenja skupljaju energiju iz  solarnih plo\u010da i pohranjuju je u baterije. Koriste\u0107i najnoviju, najbr\u017eu tehnologiju, SmartSolar regulatori iskori\u0161tavaju maksimum energije iz Sunca te inteligentno u najkra\u0107em mogu\u0107em vremenu odr\u017eavaju Va\u0161u bateriju punom .\nSmartSolar regulatori tako\u0111er odr\u017eavaju zdravlje baterije, produ\u017euju\u0107i joj vijek trajanja.<\/p>","protected":false},"featured_media":9429,"menu_order":240,"template":"","meta":[],"product_brand":[],"product_cat":[203],"product_tag":[],"class_list":{"0":"post-7806","1":"product","2":"type-product","3":"status-publish","4":"has-post-thumbnail","6":"product_cat-mppt-smart-solar","7":"product_shipping_class-eu-available","9":"first","10":"onbackorder","11":"taxable","12":"shipping-taxable","13":"purchasable","14":"product-type-simple"},"yoast_head":"<!-- This site is optimized with the Yoast SEO plugin v27.3 - https:\/\/yoast.com\/product\/yoast-seo-wordpress\/ -->\n<title>SmartSolar MPPT RS 450\/100-Tr - Energostore<\/title>\n<meta name=\"robots\" content=\"index, follow, max-snippet:-1, max-image-preview:large, max-video-preview:-1\" \/>\n<link rel=\"canonical\" href=\"https:\/\/energostore.com\/hr\/proizvod\/smartsolar-mppt-rs-450-100-tr\/\" \/>\n<meta property=\"og:locale\" content=\"hr_HR\" \/>\n<meta property=\"og:type\" content=\"article\" \/>\n<meta property=\"og:title\" content=\"SmartSolar MPPT RS 450\/100-Tr - Energostore\" \/>\n<meta property=\"og:description\" content=\"The SmartSolar MPPT RS solar charge controllers are Victron&#039;s solution for systems with large series connected PV arrays charging 48 V DC battery banks. This product is perfect for large off-grid, and grid connected battery systems.\" \/>\n<meta property=\"og:url\" content=\"https:\/\/energostore.com\/hr\/proizvod\/smartsolar-mppt-rs-450-100-tr\/\" \/>\n<meta property=\"og:site_name\" content=\"Energostore\" \/>\n<meta property=\"article:modified_time\" content=\"2026-04-01T07:05:12+00:00\" \/>\n<meta property=\"og:image\" content=\"https:\/\/energostore.com\/wp-content\/uploads\/2024\/03\/SmartSolar-MPPT-RS-450_100-Tr.webp\" \/>\n\t<meta property=\"og:image:width\" content=\"720\" \/>\n\t<meta property=\"og:image:height\" content=\"794\" \/>\n\t<meta property=\"og:image:type\" content=\"image\/webp\" \/>\n<meta name=\"twitter:card\" content=\"summary_large_image\" \/>\n<script type=\"application\/ld+json\" class=\"yoast-schema-graph\">{\"@context\":\"https:\\\/\\\/schema.org\",\"@graph\":[{\"@type\":\"WebPage\",\"@id\":\"https:\\\/\\\/energostore.com\\\/product\\\/smartsolar-mppt-rs-450-100-tr\\\/\",\"url\":\"https:\\\/\\\/energostore.com\\\/product\\\/smartsolar-mppt-rs-450-100-tr\\\/\",\"name\":\"SmartSolar MPPT RS 450\\\/100-Tr - Energostore\",\"isPartOf\":{\"@id\":\"https:\\\/\\\/energostore.com\\\/hr\\\/#website\"},\"primaryImageOfPage\":{\"@id\":\"https:\\\/\\\/energostore.com\\\/product\\\/smartsolar-mppt-rs-450-100-tr\\\/#primaryimage\"},\"image\":{\"@id\":\"https:\\\/\\\/energostore.com\\\/product\\\/smartsolar-mppt-rs-450-100-tr\\\/#primaryimage\"},\"thumbnailUrl\":\"https:\\\/\\\/energostore.com\\\/wp-content\\\/uploads\\\/2024\\\/03\\\/SmartSolar-MPPT-RS-450_100-Tr.webp\",\"datePublished\":\"2024-03-21T09:27:45+00:00\",\"dateModified\":\"2026-04-01T07:05:12+00:00\",\"breadcrumb\":{\"@id\":\"https:\\\/\\\/energostore.com\\\/product\\\/smartsolar-mppt-rs-450-100-tr\\\/#breadcrumb\"},\"inLanguage\":\"hr\",\"potentialAction\":[{\"@type\":\"ReadAction\",\"target\":[\"https:\\\/\\\/energostore.com\\\/product\\\/smartsolar-mppt-rs-450-100-tr\\\/\"]}]},{\"@type\":\"ImageObject\",\"inLanguage\":\"hr\",\"@id\":\"https:\\\/\\\/energostore.com\\\/product\\\/smartsolar-mppt-rs-450-100-tr\\\/#primaryimage\",\"url\":\"https:\\\/\\\/energostore.com\\\/wp-content\\\/uploads\\\/2024\\\/03\\\/SmartSolar-MPPT-RS-450_100-Tr.webp\",\"contentUrl\":\"https:\\\/\\\/energostore.com\\\/wp-content\\\/uploads\\\/2024\\\/03\\\/SmartSolar-MPPT-RS-450_100-Tr.webp\",\"width\":720,\"height\":794,\"caption\":\"SmartSolar MPPT RS 450_100-Tr\"},{\"@type\":\"BreadcrumbList\",\"@id\":\"https:\\\/\\\/energostore.com\\\/product\\\/smartsolar-mppt-rs-450-100-tr\\\/#breadcrumb\",\"itemListElement\":[{\"@type\":\"ListItem\",\"position\":1,\"name\":\"Home\",\"item\":\"https:\\\/\\\/energostore.com\\\/\"},{\"@type\":\"ListItem\",\"position\":2,\"name\":\"Shop\",\"item\":\"https:\\\/\\\/energostore.com\\\/hr\\\/shop\\\/\"},{\"@type\":\"ListItem\",\"position\":3,\"name\":\"SmartSolar MPPT RS 450\\\/100-Tr\"}]},{\"@type\":\"WebSite\",\"@id\":\"https:\\\/\\\/energostore.com\\\/hr\\\/#website\",\"url\":\"https:\\\/\\\/energostore.com\\\/hr\\\/\",\"name\":\"Energostore\",\"description\":\"Solar products online store\",\"publisher\":{\"@id\":\"https:\\\/\\\/energostore.com\\\/hr\\\/#organization\"},\"potentialAction\":[{\"@type\":\"SearchAction\",\"target\":{\"@type\":\"EntryPoint\",\"urlTemplate\":\"https:\\\/\\\/energostore.com\\\/hr\\\/?s={search_term_string}\"},\"query-input\":{\"@type\":\"PropertyValueSpecification\",\"valueRequired\":true,\"valueName\":\"search_term_string\"}}],\"inLanguage\":\"hr\"},{\"@type\":\"Organization\",\"@id\":\"https:\\\/\\\/energostore.com\\\/hr\\\/#organization\",\"name\":\"Energostore\",\"url\":\"https:\\\/\\\/energostore.com\\\/hr\\\/\",\"logo\":{\"@type\":\"ImageObject\",\"inLanguage\":\"hr\",\"@id\":\"https:\\\/\\\/energostore.com\\\/hr\\\/#\\\/schema\\\/logo\\\/image\\\/\",\"url\":\"https:\\\/\\\/energostore.com\\\/wp-content\\\/uploads\\\/2020\\\/07\\\/energostore_logo.png\",\"contentUrl\":\"https:\\\/\\\/energostore.com\\\/wp-content\\\/uploads\\\/2020\\\/07\\\/energostore_logo.png\",\"width\":517,\"height\":100,\"caption\":\"Energostore\"},\"image\":{\"@id\":\"https:\\\/\\\/energostore.com\\\/hr\\\/#\\\/schema\\\/logo\\\/image\\\/\"}}]}<\/script>\n<!-- \/ Yoast SEO plugin. -->","yoast_head_json":{"title":"SmartSolar MPPT RS 450\/100-Tr - Energostore","robots":{"index":"index","follow":"follow","max-snippet":"max-snippet:-1","max-image-preview":"max-image-preview:large","max-video-preview":"max-video-preview:-1"},"canonical":"https:\/\/energostore.com\/hr\/proizvod\/smartsolar-mppt-rs-450-100-tr\/","og_locale":"hr_HR","og_type":"article","og_title":"SmartSolar MPPT RS 450\/100-Tr - Energostore","og_description":"The SmartSolar MPPT RS solar charge controllers are Victron's solution for systems with large series connected PV arrays charging 48 V DC battery banks. This product is perfect for large off-grid, and grid connected battery systems.","og_url":"https:\/\/energostore.com\/hr\/proizvod\/smartsolar-mppt-rs-450-100-tr\/","og_site_name":"Energostore","article_modified_time":"2026-04-01T07:05:12+00:00","og_image":[{"width":720,"height":794,"url":"https:\/\/energostore.com\/wp-content\/uploads\/2024\/03\/SmartSolar-MPPT-RS-450_100-Tr.webp","type":"image\/webp"}],"twitter_card":"summary_large_image","schema":{"@context":"https:\/\/schema.org","@graph":[{"@type":"WebPage","@id":"https:\/\/energostore.com\/product\/smartsolar-mppt-rs-450-100-tr\/","url":"https:\/\/energostore.com\/product\/smartsolar-mppt-rs-450-100-tr\/","name":"SmartSolar MPPT RS 450\/100-Tr - Energostore","isPartOf":{"@id":"https:\/\/energostore.com\/hr\/#website"},"primaryImageOfPage":{"@id":"https:\/\/energostore.com\/product\/smartsolar-mppt-rs-450-100-tr\/#primaryimage"},"image":{"@id":"https:\/\/energostore.com\/product\/smartsolar-mppt-rs-450-100-tr\/#primaryimage"},"thumbnailUrl":"https:\/\/energostore.com\/wp-content\/uploads\/2024\/03\/SmartSolar-MPPT-RS-450_100-Tr.webp","datePublished":"2024-03-21T09:27:45+00:00","dateModified":"2026-04-01T07:05:12+00:00","breadcrumb":{"@id":"https:\/\/energostore.com\/product\/smartsolar-mppt-rs-450-100-tr\/#breadcrumb"},"inLanguage":"hr","potentialAction":[{"@type":"ReadAction","target":["https:\/\/energostore.com\/product\/smartsolar-mppt-rs-450-100-tr\/"]}]},{"@type":"ImageObject","inLanguage":"hr","@id":"https:\/\/energostore.com\/product\/smartsolar-mppt-rs-450-100-tr\/#primaryimage","url":"https:\/\/energostore.com\/wp-content\/uploads\/2024\/03\/SmartSolar-MPPT-RS-450_100-Tr.webp","contentUrl":"https:\/\/energostore.com\/wp-content\/uploads\/2024\/03\/SmartSolar-MPPT-RS-450_100-Tr.webp","width":720,"height":794,"caption":"SmartSolar MPPT RS 450_100-Tr"},{"@type":"BreadcrumbList","@id":"https:\/\/energostore.com\/product\/smartsolar-mppt-rs-450-100-tr\/#breadcrumb","itemListElement":[{"@type":"ListItem","position":1,"name":"Home","item":"https:\/\/energostore.com\/"},{"@type":"ListItem","position":2,"name":"Shop","item":"https:\/\/energostore.com\/hr\/shop\/"},{"@type":"ListItem","position":3,"name":"SmartSolar MPPT RS 450\/100-Tr"}]},{"@type":"WebSite","@id":"https:\/\/energostore.com\/hr\/#website","url":"https:\/\/energostore.com\/hr\/","name":"Energostore","description":"Solar products online store","publisher":{"@id":"https:\/\/energostore.com\/hr\/#organization"},"potentialAction":[{"@type":"SearchAction","target":{"@type":"EntryPoint","urlTemplate":"https:\/\/energostore.com\/hr\/?s={search_term_string}"},"query-input":{"@type":"PropertyValueSpecification","valueRequired":true,"valueName":"search_term_string"}}],"inLanguage":"hr"},{"@type":"Organization","@id":"https:\/\/energostore.com\/hr\/#organization","name":"Energostore","url":"https:\/\/energostore.com\/hr\/","logo":{"@type":"ImageObject","inLanguage":"hr","@id":"https:\/\/energostore.com\/hr\/#\/schema\/logo\/image\/","url":"https:\/\/energostore.com\/wp-content\/uploads\/2020\/07\/energostore_logo.png","contentUrl":"https:\/\/energostore.com\/wp-content\/uploads\/2020\/07\/energostore_logo.png","width":517,"height":100,"caption":"Energostore"},"image":{"@id":"https:\/\/energostore.com\/hr\/#\/schema\/logo\/image\/"}}]}},"_links":{"self":[{"href":"https:\/\/energostore.com\/hr\/wp-json\/wp\/v2\/product\/7806","targetHints":{"allow":["GET"]}}],"collection":[{"href":"https:\/\/energostore.com\/hr\/wp-json\/wp\/v2\/product"}],"about":[{"href":"https:\/\/energostore.com\/hr\/wp-json\/wp\/v2\/types\/product"}],"version-history":[{"count":3,"href":"https:\/\/energostore.com\/hr\/wp-json\/wp\/v2\/product\/7806\/revisions"}],"predecessor-version":[{"id":9436,"href":"https:\/\/energostore.com\/hr\/wp-json\/wp\/v2\/product\/7806\/revisions\/9436"}],"wp:featuredmedia":[{"embeddable":true,"href":"https:\/\/energostore.com\/hr\/wp-json\/wp\/v2\/media\/9429"}],"wp:attachment":[{"href":"https:\/\/energostore.com\/hr\/wp-json\/wp\/v2\/media?parent=7806"}],"wp:term":[{"taxonomy":"product_brand","embeddable":true,"href":"https:\/\/energostore.com\/hr\/wp-json\/wp\/v2\/product_brand?post=7806"},{"taxonomy":"product_cat","embeddable":true,"href":"https:\/\/energostore.com\/hr\/wp-json\/wp\/v2\/product_cat?post=7806"},{"taxonomy":"product_tag","embeddable":true,"href":"https:\/\/energostore.com\/hr\/wp-json\/wp\/v2\/product_tag?post=7806"}],"curies":[{"name":"wp","href":"https:\/\/api.w.org\/{rel}","templated":true}]}}