{"id":7803,"date":"2024-03-21T09:23:50","date_gmt":"2024-03-21T09:23:50","guid":{"rendered":"https:\/\/energostore.com\/?post_type=product&#038;p=7803"},"modified":"2026-04-01T07:05:12","modified_gmt":"2026-04-01T07:05:12","slug":"bluesolar-pwm-duo-lcdusb-charge-controller-12-24v-20a","status":"publish","type":"product","link":"https:\/\/energostore.com\/hr\/proizvod\/bluesolar-pwm-duo-lcdusb-charge-controller-12-24v-20a\/","title":{"rendered":"BlueSolar PWM-DUO-LCD&#038;USB Charge Controller 12\/24V-20A (Dual Battery)"},"content":{"rendered":"<p>BlueSolar PWM-LCD&amp;USB:<\/p>\n<ul>\n<li>Zaslon s prikazom informacija punjenja<\/li>\n<li>Dva USB izlaza od 5V<\/li>\n<li>Funkcija upravljanja rasvjetom, potpuno programabilna<\/li>\n<li>Trostupanjsko punjenje baterije (bulk, absorpcija, float), potpuno programabilno<\/li>\n<li>programabilni izlaz za tro\u0161ilo s niskim naponom i ru\u010dnim isklju\u010divanjem (programabilno)<\/li>\n<li>za\u0161tita od preoptere\u0107enja i kratkog spoja izlaza tro\u0161ila<\/li>\n<li>za\u0161tita od spajanja obrnutog polariteta solarnih panela i\/ili baterije<\/li>\n<\/ul>\n<p>BlueSolar PWM DUO-LCD&amp;USB<br \/>\nSve gore navedene funkcije, plus<\/p>\n<ul>\n<li>Puni dvije odvojene baterije<\/li>\n<li>Programabilni omjer struje punjenja<\/li>\n<li>Senzor vanjske temperature<\/li>\n<\/ul>\n<p>Dokumenti<\/p>\n<p><a title=\"BlueSolar Charge Controller 12V 24V 10A with timer\" href=\"https:\/\/www.victronenergy.com\/upload\/documents\/Datasheet-BlueSolar-Charge-Controllers-12-24V-LCD&amp;USB-EN.pdf\"><img decoding=\"async\" style=\"margin-right: 5px;\" src=\"\/wp-content\/uploads\/2020\/08\/doc_manual.png\" \/>BlueSolar PWM Charge Controller-LCD&amp;USB 12\/24V &amp; 48V<\/a><\/p>\n<p><a title=\"BlueSolar Charge Controller PWM 12V 24V 20A \" href=\"https:\/\/www.victronenergy.com\/upload\/documents\/Datasheet-BlueSolar-PWM-DUO-12V-24V-20A-LCD-USB-EN.pdf\"><img decoding=\"async\" style=\"margin-right: 5px;\" src=\"\/wp-content\/uploads\/2020\/08\/doc_manual.png\" \/>BlueSolar Charge Controller PWM DUO LCD&amp;USB<\/a><\/p>\n<p>&nbsp;<\/p>","protected":false},"excerpt":{"rendered":"<p>BlueSolar PWM-DUO-LCD&amp;USB<\/p>\n<p>&nbsp;<\/p>","protected":false},"featured_media":9413,"menu_order":240,"template":"","meta":[],"product_brand":[],"product_cat":[207],"product_tag":[],"class_list":{"0":"post-7803","1":"product","2":"type-product","3":"status-publish","4":"has-post-thumbnail","6":"product_cat-pwm-blue-solar","7":"product_shipping_class-eu-available","9":"first","10":"instock","11":"taxable","12":"shipping-taxable","13":"purchasable","14":"product-type-simple"},"yoast_head":"<!-- This site is optimized with the Yoast SEO plugin v27.3 - https:\/\/yoast.com\/product\/yoast-seo-wordpress\/ -->\n<title>BlueSolar PWM-DUO-LCD&amp;USB Charge Controller 12\/24V-20A (Dual Battery) - Energostore<\/title>\n<meta name=\"robots\" content=\"index, follow, max-snippet:-1, max-image-preview:large, max-video-preview:-1\" \/>\n<link rel=\"canonical\" href=\"https:\/\/energostore.com\/hr\/proizvod\/bluesolar-pwm-duo-lcdusb-charge-controller-12-24v-20a\/\" \/>\n<meta property=\"og:locale\" content=\"hr_HR\" \/>\n<meta property=\"og:type\" content=\"article\" \/>\n<meta property=\"og:title\" content=\"BlueSolar PWM-DUO-LCD&amp;USB Charge Controller 12\/24V-20A (Dual Battery) - Energostore\" \/>\n<meta property=\"og:description\" content=\"BlueSolar PWM-DUO-LCD&amp;USB  &nbsp;\" \/>\n<meta property=\"og:url\" content=\"https:\/\/energostore.com\/hr\/proizvod\/bluesolar-pwm-duo-lcdusb-charge-controller-12-24v-20a\/\" \/>\n<meta property=\"og:site_name\" content=\"Energostore\" \/>\n<meta property=\"article:modified_time\" content=\"2026-04-01T07:05:12+00:00\" \/>\n<meta property=\"og:image\" content=\"https:\/\/energostore.com\/wp-content\/uploads\/2024\/03\/BlueSolar-PWM-DUO-LCDUSB-Charge-Controller-12_24V-20A-Dual-Battery.webp\" \/>\n\t<meta property=\"og:image:width\" content=\"775\" \/>\n\t<meta property=\"og:image:height\" content=\"445\" \/>\n\t<meta property=\"og:image:type\" content=\"image\/webp\" \/>\n<meta name=\"twitter:card\" content=\"summary_large_image\" \/>\n<script type=\"application\/ld+json\" class=\"yoast-schema-graph\">{\"@context\":\"https:\\\/\\\/schema.org\",\"@graph\":[{\"@type\":\"WebPage\",\"@id\":\"https:\\\/\\\/energostore.com\\\/product\\\/bluesolar-pwm-duo-lcdusb-charge-controller-12-24v-20a\\\/\",\"url\":\"https:\\\/\\\/energostore.com\\\/product\\\/bluesolar-pwm-duo-lcdusb-charge-controller-12-24v-20a\\\/\",\"name\":\"BlueSolar PWM-DUO-LCD&USB Charge Controller 12\\\/24V-20A (Dual Battery) - Energostore\",\"isPartOf\":{\"@id\":\"https:\\\/\\\/energostore.com\\\/hr\\\/#website\"},\"primaryImageOfPage\":{\"@id\":\"https:\\\/\\\/energostore.com\\\/product\\\/bluesolar-pwm-duo-lcdusb-charge-controller-12-24v-20a\\\/#primaryimage\"},\"image\":{\"@id\":\"https:\\\/\\\/energostore.com\\\/product\\\/bluesolar-pwm-duo-lcdusb-charge-controller-12-24v-20a\\\/#primaryimage\"},\"thumbnailUrl\":\"https:\\\/\\\/energostore.com\\\/wp-content\\\/uploads\\\/2024\\\/03\\\/BlueSolar-PWM-DUO-LCDUSB-Charge-Controller-12_24V-20A-Dual-Battery.webp\",\"datePublished\":\"2024-03-21T09:23:50+00:00\",\"dateModified\":\"2026-04-01T07:05:12+00:00\",\"breadcrumb\":{\"@id\":\"https:\\\/\\\/energostore.com\\\/product\\\/bluesolar-pwm-duo-lcdusb-charge-controller-12-24v-20a\\\/#breadcrumb\"},\"inLanguage\":\"hr\",\"potentialAction\":[{\"@type\":\"ReadAction\",\"target\":[\"https:\\\/\\\/energostore.com\\\/product\\\/bluesolar-pwm-duo-lcdusb-charge-controller-12-24v-20a\\\/\"]}]},{\"@type\":\"ImageObject\",\"inLanguage\":\"hr\",\"@id\":\"https:\\\/\\\/energostore.com\\\/product\\\/bluesolar-pwm-duo-lcdusb-charge-controller-12-24v-20a\\\/#primaryimage\",\"url\":\"https:\\\/\\\/energostore.com\\\/wp-content\\\/uploads\\\/2024\\\/03\\\/BlueSolar-PWM-DUO-LCDUSB-Charge-Controller-12_24V-20A-Dual-Battery.webp\",\"contentUrl\":\"https:\\\/\\\/energostore.com\\\/wp-content\\\/uploads\\\/2024\\\/03\\\/BlueSolar-PWM-DUO-LCDUSB-Charge-Controller-12_24V-20A-Dual-Battery.webp\",\"width\":775,\"height\":445,\"caption\":\"BlueSolar PWM-DUO-LCD&USB Charge Controller 12_24V-20A (Dual Battery)\"},{\"@type\":\"BreadcrumbList\",\"@id\":\"https:\\\/\\\/energostore.com\\\/product\\\/bluesolar-pwm-duo-lcdusb-charge-controller-12-24v-20a\\\/#breadcrumb\",\"itemListElement\":[{\"@type\":\"ListItem\",\"position\":1,\"name\":\"Home\",\"item\":\"https:\\\/\\\/energostore.com\\\/\"},{\"@type\":\"ListItem\",\"position\":2,\"name\":\"Shop\",\"item\":\"https:\\\/\\\/energostore.com\\\/hr\\\/shop\\\/\"},{\"@type\":\"ListItem\",\"position\":3,\"name\":\"BlueSolar PWM-DUO-LCD&#038;USB Charge Controller 12\\\/24V-20A (Dual Battery)\"}]},{\"@type\":\"WebSite\",\"@id\":\"https:\\\/\\\/energostore.com\\\/hr\\\/#website\",\"url\":\"https:\\\/\\\/energostore.com\\\/hr\\\/\",\"name\":\"Energostore\",\"description\":\"Solar products online store\",\"publisher\":{\"@id\":\"https:\\\/\\\/energostore.com\\\/hr\\\/#organization\"},\"potentialAction\":[{\"@type\":\"SearchAction\",\"target\":{\"@type\":\"EntryPoint\",\"urlTemplate\":\"https:\\\/\\\/energostore.com\\\/hr\\\/?s={search_term_string}\"},\"query-input\":{\"@type\":\"PropertyValueSpecification\",\"valueRequired\":true,\"valueName\":\"search_term_string\"}}],\"inLanguage\":\"hr\"},{\"@type\":\"Organization\",\"@id\":\"https:\\\/\\\/energostore.com\\\/hr\\\/#organization\",\"name\":\"Energostore\",\"url\":\"https:\\\/\\\/energostore.com\\\/hr\\\/\",\"logo\":{\"@type\":\"ImageObject\",\"inLanguage\":\"hr\",\"@id\":\"https:\\\/\\\/energostore.com\\\/hr\\\/#\\\/schema\\\/logo\\\/image\\\/\",\"url\":\"https:\\\/\\\/energostore.com\\\/wp-content\\\/uploads\\\/2020\\\/07\\\/energostore_logo.png\",\"contentUrl\":\"https:\\\/\\\/energostore.com\\\/wp-content\\\/uploads\\\/2020\\\/07\\\/energostore_logo.png\",\"width\":517,\"height\":100,\"caption\":\"Energostore\"},\"image\":{\"@id\":\"https:\\\/\\\/energostore.com\\\/hr\\\/#\\\/schema\\\/logo\\\/image\\\/\"}}]}<\/script>\n<!-- \/ Yoast SEO plugin. -->","yoast_head_json":{"title":"BlueSolar PWM-DUO-LCD&USB Charge Controller 12\/24V-20A (Dual Battery) - Energostore","robots":{"index":"index","follow":"follow","max-snippet":"max-snippet:-1","max-image-preview":"max-image-preview:large","max-video-preview":"max-video-preview:-1"},"canonical":"https:\/\/energostore.com\/hr\/proizvod\/bluesolar-pwm-duo-lcdusb-charge-controller-12-24v-20a\/","og_locale":"hr_HR","og_type":"article","og_title":"BlueSolar PWM-DUO-LCD&USB Charge Controller 12\/24V-20A (Dual Battery) - Energostore","og_description":"BlueSolar PWM-DUO-LCD&amp;USB  &nbsp;","og_url":"https:\/\/energostore.com\/hr\/proizvod\/bluesolar-pwm-duo-lcdusb-charge-controller-12-24v-20a\/","og_site_name":"Energostore","article_modified_time":"2026-04-01T07:05:12+00:00","og_image":[{"width":775,"height":445,"url":"https:\/\/energostore.com\/wp-content\/uploads\/2024\/03\/BlueSolar-PWM-DUO-LCDUSB-Charge-Controller-12_24V-20A-Dual-Battery.webp","type":"image\/webp"}],"twitter_card":"summary_large_image","schema":{"@context":"https:\/\/schema.org","@graph":[{"@type":"WebPage","@id":"https:\/\/energostore.com\/product\/bluesolar-pwm-duo-lcdusb-charge-controller-12-24v-20a\/","url":"https:\/\/energostore.com\/product\/bluesolar-pwm-duo-lcdusb-charge-controller-12-24v-20a\/","name":"BlueSolar PWM-DUO-LCD&USB Charge Controller 12\/24V-20A (Dual Battery) - Energostore","isPartOf":{"@id":"https:\/\/energostore.com\/hr\/#website"},"primaryImageOfPage":{"@id":"https:\/\/energostore.com\/product\/bluesolar-pwm-duo-lcdusb-charge-controller-12-24v-20a\/#primaryimage"},"image":{"@id":"https:\/\/energostore.com\/product\/bluesolar-pwm-duo-lcdusb-charge-controller-12-24v-20a\/#primaryimage"},"thumbnailUrl":"https:\/\/energostore.com\/wp-content\/uploads\/2024\/03\/BlueSolar-PWM-DUO-LCDUSB-Charge-Controller-12_24V-20A-Dual-Battery.webp","datePublished":"2024-03-21T09:23:50+00:00","dateModified":"2026-04-01T07:05:12+00:00","breadcrumb":{"@id":"https:\/\/energostore.com\/product\/bluesolar-pwm-duo-lcdusb-charge-controller-12-24v-20a\/#breadcrumb"},"inLanguage":"hr","potentialAction":[{"@type":"ReadAction","target":["https:\/\/energostore.com\/product\/bluesolar-pwm-duo-lcdusb-charge-controller-12-24v-20a\/"]}]},{"@type":"ImageObject","inLanguage":"hr","@id":"https:\/\/energostore.com\/product\/bluesolar-pwm-duo-lcdusb-charge-controller-12-24v-20a\/#primaryimage","url":"https:\/\/energostore.com\/wp-content\/uploads\/2024\/03\/BlueSolar-PWM-DUO-LCDUSB-Charge-Controller-12_24V-20A-Dual-Battery.webp","contentUrl":"https:\/\/energostore.com\/wp-content\/uploads\/2024\/03\/BlueSolar-PWM-DUO-LCDUSB-Charge-Controller-12_24V-20A-Dual-Battery.webp","width":775,"height":445,"caption":"BlueSolar PWM-DUO-LCD&USB Charge Controller 12_24V-20A (Dual Battery)"},{"@type":"BreadcrumbList","@id":"https:\/\/energostore.com\/product\/bluesolar-pwm-duo-lcdusb-charge-controller-12-24v-20a\/#breadcrumb","itemListElement":[{"@type":"ListItem","position":1,"name":"Home","item":"https:\/\/energostore.com\/"},{"@type":"ListItem","position":2,"name":"Shop","item":"https:\/\/energostore.com\/hr\/shop\/"},{"@type":"ListItem","position":3,"name":"BlueSolar PWM-DUO-LCD&#038;USB Charge Controller 12\/24V-20A (Dual Battery)"}]},{"@type":"WebSite","@id":"https:\/\/energostore.com\/hr\/#website","url":"https:\/\/energostore.com\/hr\/","name":"Energostore","description":"Solar products online store","publisher":{"@id":"https:\/\/energostore.com\/hr\/#organization"},"potentialAction":[{"@type":"SearchAction","target":{"@type":"EntryPoint","urlTemplate":"https:\/\/energostore.com\/hr\/?s={search_term_string}"},"query-input":{"@type":"PropertyValueSpecification","valueRequired":true,"valueName":"search_term_string"}}],"inLanguage":"hr"},{"@type":"Organization","@id":"https:\/\/energostore.com\/hr\/#organization","name":"Energostore","url":"https:\/\/energostore.com\/hr\/","logo":{"@type":"ImageObject","inLanguage":"hr","@id":"https:\/\/energostore.com\/hr\/#\/schema\/logo\/image\/","url":"https:\/\/energostore.com\/wp-content\/uploads\/2020\/07\/energostore_logo.png","contentUrl":"https:\/\/energostore.com\/wp-content\/uploads\/2020\/07\/energostore_logo.png","width":517,"height":100,"caption":"Energostore"},"image":{"@id":"https:\/\/energostore.com\/hr\/#\/schema\/logo\/image\/"}}]}},"_links":{"self":[{"href":"https:\/\/energostore.com\/hr\/wp-json\/wp\/v2\/product\/7803","targetHints":{"allow":["GET"]}}],"collection":[{"href":"https:\/\/energostore.com\/hr\/wp-json\/wp\/v2\/product"}],"about":[{"href":"https:\/\/energostore.com\/hr\/wp-json\/wp\/v2\/types\/product"}],"version-history":[{"count":5,"href":"https:\/\/energostore.com\/hr\/wp-json\/wp\/v2\/product\/7803\/revisions"}],"predecessor-version":[{"id":9093,"href":"https:\/\/energostore.com\/hr\/wp-json\/wp\/v2\/product\/7803\/revisions\/9093"}],"wp:featuredmedia":[{"embeddable":true,"href":"https:\/\/energostore.com\/hr\/wp-json\/wp\/v2\/media\/9413"}],"wp:attachment":[{"href":"https:\/\/energostore.com\/hr\/wp-json\/wp\/v2\/media?parent=7803"}],"wp:term":[{"taxonomy":"product_brand","embeddable":true,"href":"https:\/\/energostore.com\/hr\/wp-json\/wp\/v2\/product_brand?post=7803"},{"taxonomy":"product_cat","embeddable":true,"href":"https:\/\/energostore.com\/hr\/wp-json\/wp\/v2\/product_cat?post=7803"},{"taxonomy":"product_tag","embeddable":true,"href":"https:\/\/energostore.com\/hr\/wp-json\/wp\/v2\/product_tag?post=7803"}],"curies":[{"name":"wp","href":"https:\/\/api.w.org\/{rel}","templated":true}]}}