{"id":7741,"date":"2024-03-20T08:48:48","date_gmt":"2024-03-20T08:48:48","guid":{"rendered":"https:\/\/energostore.com\/?post_type=product&#038;p=7741"},"modified":"2026-04-01T07:05:12","modified_gmt":"2026-04-01T07:05:12","slug":"smartsolar-mppt-75-10-retail","status":"publish","type":"product","link":"https:\/\/energostore.com\/hr\/proizvod\/smartsolar-mppt-75-10-retail\/","title":{"rendered":"SmartSolar MPPT 75\/10 Retail"},"content":{"rendered":"<p>MPPT regulatori punjenja skupljaju energiju iz solarnih plo\u010da i pohranjuju je u baterije. Koriste\u0107i najnoviju, najbr\u017eu tehnologiju, SmartSolar regulatori iskori\u0161tavaju maksimum energije iz Sunca te inteligentno u najkra\u0107em mogu\u0107em vremenu odr\u017eavaju Va\u0161u bateriju punom . SmartSolar regulatori tako\u0111er odr\u017eavaju zdravlje baterije, produ\u017euju\u0107i joj vijek trajanja.<\/p>\n<p>SmartSolar kontroler punjenja napunit \u0107e \u010dak i jako ispra\u017enjenu bateriju. Mo\u017ee raditi s naponom baterije od samo 0 volti, pod uvjetom da \u0107elije nisu trajno sulfatizirane ili na drugi na\u010din o\u0161te\u0107ene. Imaju u sebi ugra\u0111en bluetooth za nadzor punjenja baterije preko apliakcije Victron Connect.<\/p>\n<h1>Datasheet<\/h1>\n<p><a title=\"BlueSolar and SmartSolar Charge Controller MPPT - Overview\" href=\"https:\/\/www.victronenergy.com\/upload\/documents\/Datasheet-BlueSolar-and-SmartSolar-charge-controller-overview-EN.pdf\"><img decoding=\"async\" style=\"margin-right: 5px;\" src=\"\/wp-content\/uploads\/2020\/08\/doc_datasheet.png\" \/> BlueSolar and SmartSolar Charge Controller MPPT &#8211; Overview<\/a><\/p>\n<p><a title=\"SmartSolar MPPT 75\/10, 75\/15, 100\/15, 100\/20-48V\" href=\"https:\/\/www.victronenergy.com\/upload\/documents\/Datasheet-SmartSolar-charge-controller-MPPT-75-10,-75-15,-100-15,-100-20_48V-EN.pdf\"><img decoding=\"async\" style=\"margin-right: 5px;\" src=\"\/wp-content\/uploads\/2020\/08\/doc_datasheet.png\" \/> SmartSolar MPPT 75\/10, 75\/15, 100\/15, 100\/20-48V<\/a><\/p>\n<h4>Dokumenti<\/h4>\n<p><a title=\"BlueSolar &amp; SmartSolar MPPT 75\/10 &amp; 75\/15 (3D)\" href=\"https:\/\/www.victronenergy.com\/upload\/documents\/SmartSolar-charge-controller-MPPT-75-15-Module-Final-Assy.pdf\"><img decoding=\"async\" style=\"margin-right: 5px;\" src=\"\/wp-content\/uploads\/2020\/08\/doc_enclosure_dimensions.png\" \/> BlueSolar &amp; SmartSolar MPPT 75\/10 &amp; 75\/15 (3D) (Enclosure dimension)<\/a><\/p>\n<p><a title=\"BlueSolar &amp; SmartSolar MPPT 75\/10 &amp; 75\/15 (stp)\" href=\"https:\/\/www.victronenergy.com\/upload\/documents\/SmartSolar-charge-controller-MPPT-75-15-Module-Final-Assy.step\"><img decoding=\"async\" style=\"margin-right: 5px;\" src=\"\/wp-content\/uploads\/2020\/08\/doc_enclosure_dimensions.png\" \/> BlueSolar &amp; SmartSolar MPPT 75\/10 &amp; 75\/15 (stp) (Enclosure dimension)<\/a><\/p>\n<p><a title=\"Certificate Automotive ECE R10-5 - SmartSolar MPPT 75\/10, 75\/15, 100\/15 &amp; 100\/20\" href=\"https:\/\/www.victronenergy.com\/upload\/documents\/Certificate-Automotive-ECE-R10-5-SmartSolar-MPPT-75-10,-75-15,-100-15,-100-20.pdf\"><img decoding=\"async\" style=\"margin-right: 5px;\" src=\"\/wp-content\/uploads\/2020\/08\/doc_certificate.png\" \/> Certificate Automotive ECE R10-5 &#8211; SmartSolar MPPT 75\/10, 75\/15, 100\/15 &amp; 100\/20 (Certificate)<\/a><\/p>\n<p><a title=\"Certificate Safety EN\/IEC 62109-1 - BlueSolar &amp; SmartSolar MPPT 100\/15, 100\/20, 100\/30 &amp; 100\/20_48V\" href=\"https:\/\/www.victronenergy.com\/upload\/documents\/Certificate-Safety-EN-IEC-62109-1-BlueSolar-&amp;-SmartSolar-MPPT-100-15,-100-20,-100-30-&amp;-100-20_48V.pdf\"><img decoding=\"async\" style=\"margin-right: 5px;\" src=\"\/wp-content\/uploads\/2020\/08\/doc_certificate.png\" \/> Certificate Safety EN\/IEC 62109-1 &#8211; BlueSolar &amp; SmartSolar MPPT 100\/15, 100\/20, 100\/30 &amp; 100\/20_48V (Certificate)<\/a><\/p>\n<p><a title=\"Certificate Safety EN\/IEC 62109-1 - BlueSolar &amp; SmartSolar MPPT 75\/10 &amp; 75\/15\" href=\"https:\/\/www.victronenergy.com\/upload\/documents\/Certificate-Safety-EN-IEC-62109-1-BlueSolar-&amp;-SmartSolar-MPPT-75-10-&amp;-75-15.pdf\"><img decoding=\"async\" style=\"margin-right: 5px;\" src=\"\/wp-content\/uploads\/2020\/08\/doc_certificate.png\" \/> Certificate Safety EN\/IEC 62109-1 &#8211; BlueSolar &amp; SmartSolar MPPT 75\/10 &amp; 75\/15 (Certificate)<\/a><\/p>\n<p><a title=\"Certificate Safety IEC 62109-1 - AS\/NZS - BlueSolar &amp; SmartSolar MPPT 100\/15, 100\/20, 100\/30, MPPT 100\/20_48V &amp; addenda\" href=\"https:\/\/www.victronenergy.com\/upload\/documents\/Certificate-Safety-IEC-62109-1-AS-NZS-BlueSolar-&amp;-SmartSolar-MPPT-100-15,-100-20,-100-30-&amp;-MPPT-100-20_48-&amp;-addenda.pdf\"><img decoding=\"async\" style=\"margin-right: 5px;\" src=\"\/wp-content\/uploads\/2020\/08\/doc_certificate.png\" \/> Certificate Safety IEC 62109-1 &#8211; AS\/NZS &#8211; BlueSolar &amp; SmartSolar MPPT 100\/15, 100\/20, 100\/30, MPPT 100\/20_48V &amp; addenda (Certificate)<\/a><\/p>\n<p><a title=\"Certificate Safety IEC 62109-1 - AS\/NZS - BlueSolar &amp; SmartSolar MPPT 75\/10 &amp; 75\/15 &amp; addenda\" href=\"https:\/\/www.victronenergy.com\/upload\/documents\/Certificate-Safety-IEC-62109-1-AS-NZS-BlueSolar-&amp;-SmartSolar-MPPT-75-10-&amp;-75-15-&amp;-addenda.pdf\"><img decoding=\"async\" style=\"margin-right: 5px;\" src=\"\/wp-content\/uploads\/2020\/08\/doc_certificate.png\" \/> Certificate Safety IEC 62109-1 &#8211; AS\/NZS &#8211; BlueSolar &amp; SmartSolar MPPT 75\/10 &amp; 75\/15 &amp; addenda (Certificate)<\/a><\/p>\n<p><a title=\"Certificate of Compliance, UL 1741 and CSA C22.2, all BlueSolar &amp; SmartSolar MPPTs up to 150\/100\" href=\"https:\/\/www.victronenergy.com\/upload\/documents\/Certificate-of-Compliance,-UL-1741-and-CSA-C22.2,-all-BlueSolar-&amp;-SmartSolar-MPPT's-up-to-150-100.pdf\"><img decoding=\"async\" style=\"margin-right: 5px;\" src=\"\/wp-content\/uploads\/2020\/08\/doc_certificate.png\" \/> Certificate of Compliance, UL 1741 and CSA C22.2, all BlueSolar &amp; SmartSolar MPPTs up to 150\/100 (Certificate)<\/a><\/p>\n<p><a title=\"Data communication with Victron Energy products\" href=\"https:\/\/www.victronenergy.com\/upload\/documents\/Whitepaper-Data-communication-with-Victron-Energy-products_EN.pdf\"><img decoding=\"async\" style=\"margin-right: 5px;\" src=\"\/wp-content\/uploads\/2020\/08\/doc_brochure.png\" \/> Data communication with Victron Energy products (Whitepaper)<\/a><\/p>\n<p><a title=\"Declaration of Conformity - SmartSolar MPPT Charge Controllers\" href=\"https:\/\/www.victronenergy.com\/upload\/documents\/SmartSolar-MPPT-Charge-Controllers-2020-01-30.pdf\"><img decoding=\"async\" style=\"margin-right: 5px;\" src=\"\/wp-content\/uploads\/2020\/08\/doc_certificate.png\" \/> Declaration of Conformity &#8211; SmartSolar MPPT Charge Controllers (Certificate)<\/a><\/p>\n<p><a title=\"ESS (Energy Storage System) Manual\" href=\"http:\/\/www.victronenergy.com\/live\/ess:start\"><img decoding=\"async\" style=\"margin-right: 5px;\" src=\"\/wp-content\/uploads\/2020\/08\/doc_manual.png\" \/> ESS (Energy Storage System) Manual (Manual)<\/a><\/p>\n<p><a title=\"ISO9001 certificate\" href=\"https:\/\/www.victronenergy.com\/upload\/documents\/ISO9001-certificate-2018.pdf\"><img decoding=\"async\" style=\"margin-right: 5px;\" src=\"\/wp-content\/uploads\/2020\/08\/doc_certificate.png\" \/> ISO9001 certificate (Certificate)<\/a><\/p>\n<p><a title=\"MPPT Solar Charger Error Codes\" href=\"https:\/\/www.victronenergy.com\/live\/mppt-error-codes\"><img decoding=\"async\" style=\"margin-right: 5px;\" src=\"\/wp-content\/uploads\/2020\/08\/doc_manual.png\" \/> MPPT Solar Charger Error Codes (Manual)<\/a><\/p>\n<p><a title=\"Modbus-TCP register list\" href=\"https:\/\/www.victronenergy.com\/download-document\/6195\/CCGX-Modbus-TCP-register-list-2.53.xlsx\"><img decoding=\"async\" style=\"margin-right: 5px;\" src=\"\/wp-content\/uploads\/2020\/08\/doc_brochure.png\" \/> Modbus-TCP register list (Whitepaper)<\/a><\/p>\n<p><a title=\"SmartSolar MPPT 100\/20\" href=\"https:\/\/www.victronenergy.com\/upload\/documents\/Dimensions-SmartSolar-MPPT-100V-20A.PDF\"><img decoding=\"async\" style=\"margin-right: 5px;\" src=\"\/wp-content\/uploads\/2020\/08\/doc_enclosure_dimensions.png\" \/> SmartSolar MPPT 100\/20 (Enclosure dimension)<\/a><\/p>\n<p><a title=\"SmartSolar MPPT 100\/20 (3D)\" href=\"https:\/\/www.victronenergy.com\/upload\/documents\/SmartSolar-MPPT-100V-20A-(3D).PDF\"><img decoding=\"async\" style=\"margin-right: 5px;\" src=\"\/wp-content\/uploads\/2020\/08\/doc_enclosure_dimensions.png\" \/> SmartSolar MPPT 100\/20 (3D) (Enclosure dimension)<\/a><\/p>\n<p><a title=\"SmartSolar MPPT 100\/20 (stp)\" href=\"https:\/\/www.victronenergy.com\/upload\/documents\/SmartSolar-MPPT-100V-20A-(stp).STEP\"><img decoding=\"async\" style=\"margin-right: 5px;\" src=\"\/wp-content\/uploads\/2020\/08\/doc_enclosure_dimensions.png\" \/> SmartSolar MPPT 100\/20 (stp) (Enclosure dimension)<\/a><\/p>\n<p><a title=\"SmartSolar MPPT 75\/10, 75\/15, 100\/15, 100\/20 &amp; 100\/20-48V\" href=\"https:\/\/www.victronenergy.com\/upload\/documents\/Manual-SmartSolar-charge-controller-MPPT-75-10-75-15-100-15-100-20-EN-NL-FR-DE-ES-SE-.pdf\"><img decoding=\"async\" style=\"margin-right: 5px;\" src=\"\/wp-content\/uploads\/2020\/08\/doc_manual.png\" \/> SmartSolar MPPT 75\/10, 75\/15, 100\/15, 100\/20 &amp; 100\/20-48V (Manual)<\/a><\/p>\n<p><a title=\"VE.Direct HEX Protocol MPPT\" href=\"https:\/\/www.victronenergy.com\/download-document\/4459\/BlueSolar-HEX-protocol-MPPT.pdf\"><img decoding=\"async\" style=\"margin-right: 5px;\" src=\"\/wp-content\/uploads\/2020\/08\/doc_brochure.png\" \/> VE.Direct HEX Protocol MPPT (Whitepaper)<\/a><\/p>\n<p><a title=\"VE.Direct Protocol\" href=\"https:\/\/www.victronenergy.com\/download-document\/2036\/VE.Direct-Protocol-3.29.pdf\"><img decoding=\"async\" style=\"margin-right: 5px;\" src=\"\/wp-content\/uploads\/2020\/08\/doc_brochure.png\" \/> VE.Direct Protocol (Whitepaper)<\/a><\/p>\n<p><a title=\"VE.Smart Networking\" href=\"https:\/\/www.victronenergy.com\/live\/victronconnect:ve-smart-networking\"><img decoding=\"async\" style=\"margin-right: 5px;\" src=\"\/wp-content\/uploads\/2020\/08\/doc_manual.png\" \/> VE.Smart Networking (Manual)<\/a><\/p>\n<p><a title=\"VictronConnect - MPPT Solar Charge Controllers \" href=\"http:\/\/www.victronenergy.com\/live\/victronconnect:mppt-solarchargers\"><img decoding=\"async\" style=\"margin-right: 5px;\" src=\"\/wp-content\/uploads\/2020\/08\/doc_manual.png\" \/> VictronConnect &#8211; MPPT Solar Charge Controllers (Manual)<\/a><\/p>\n<p><a title=\"Which solar charge controller: PWM or MPPT?\" href=\"https:\/\/www.victronenergy.com\/upload\/documents\/White-paper-Which-solar-charge-controller-PWM-or-MPPT.pdf\"><img decoding=\"async\" style=\"margin-right: 5px;\" src=\"\/wp-content\/uploads\/2020\/08\/doc_brochure.png\" \/> Which solar charge controller: PWM or MPPT? (Whitepaper)<\/a><\/p>\n<p><a title=\"Which solar charge controller: PWM or MPPT?\" href=\"https:\/\/www.victronenergy.com\/upload\/documents\/White-paper-Which-solar-charge-controller-PWM-or-MPPT.pdf\"><img decoding=\"async\" style=\"margin-right: 5px;\" src=\"\/wp-content\/uploads\/2020\/08\/doc_manual.png\" \/> Which solar charge controller: PWM or MPPT? (Manual)<\/a><\/p>","protected":false},"excerpt":{"rendered":"<p>MPPT regulatori punjenja skupljaju energiju iz solarnih plo\u010da i pohranjuju je u baterije. Koriste\u0107i najnoviju, najbr\u017eu tehnologiju, SmartSolar regulatori iskori\u0161tavaju maksimum energije iz Sunca te inteligentno u najkra\u0107em mogu\u0107em vremenu odr\u017eavaju Va\u0161u bateriju punom . SmartSolar regulatori tako\u0111er odr\u017eavaju zdravlje baterije, produ\u017euju\u0107i joj vijek trajanja.<\/p>\n<p>SmartSolar kontroler punjenja napunit \u0107e \u010dak i jako ispra\u017enjenu bateriju. Mo\u017ee raditi s naponom baterije od samo 0 volti, pod uvjetom da \u0107elije nisu trajno sulfatizirane ili na drugi na\u010din o\u0161te\u0107ene. Imaju u sebi ugra\u0111en bluetooth za nadzor punjenja baterije preko apliakcije Victron Connect.<\/p>","protected":false},"featured_media":9435,"menu_order":604,"template":"","meta":[],"product_brand":[],"product_cat":[203],"product_tag":[],"class_list":{"0":"post-7741","1":"product","2":"type-product","3":"status-publish","4":"has-post-thumbnail","6":"product_cat-mppt-smart-solar","7":"product_shipping_class-eu-available","9":"first","10":"instock","11":"taxable","12":"shipping-taxable","13":"purchasable","14":"product-type-simple"},"yoast_head":"<!-- This site is optimized with the Yoast SEO plugin v27.3 - https:\/\/yoast.com\/product\/yoast-seo-wordpress\/ -->\n<title>SmartSolar MPPT 75\/10 Retail - Energostore<\/title>\n<meta name=\"robots\" content=\"index, follow, max-snippet:-1, max-image-preview:large, max-video-preview:-1\" \/>\n<link rel=\"canonical\" href=\"https:\/\/energostore.com\/hr\/proizvod\/smartsolar-mppt-75-10-retail\/\" \/>\n<meta property=\"og:locale\" content=\"hr_HR\" \/>\n<meta property=\"og:type\" content=\"article\" \/>\n<meta property=\"og:title\" content=\"SmartSolar MPPT 75\/10 Retail - Energostore\" \/>\n<meta property=\"og:description\" content=\"A solar charger gathers energy from your solar panels, and stores it in your batteries. Using the latest, fastest technology, SmartSolar maximises this energy-harvest, driving it intelligently to achieve full charge in the shortest possible time. SmartSolar maintains battery health, extending its life.  The SmartSolar charge controller will even recharge a severely depleted battery. It can operate with a battery voltage as low as 0 Volts, provided the cells are not permanently sulphated or otherwise damaged.\" \/>\n<meta property=\"og:url\" content=\"https:\/\/energostore.com\/hr\/proizvod\/smartsolar-mppt-75-10-retail\/\" \/>\n<meta property=\"og:site_name\" content=\"Energostore\" \/>\n<meta property=\"article:modified_time\" content=\"2026-04-01T07:05:12+00:00\" \/>\n<meta property=\"og:image\" content=\"https:\/\/energostore.com\/wp-content\/uploads\/2024\/03\/SmartSolar-MPPT-150_85-Tr-VE.Can_.webp\" \/>\n\t<meta property=\"og:image:width\" content=\"612\" \/>\n\t<meta property=\"og:image:height\" content=\"500\" \/>\n\t<meta property=\"og:image:type\" content=\"image\/webp\" \/>\n<meta name=\"twitter:card\" content=\"summary_large_image\" \/>\n<meta name=\"twitter:label1\" content=\"Procijenjeno vrijeme \u010ditanja\" \/>\n\t<meta name=\"twitter:data1\" content=\"7 minuta\" \/>\n<script type=\"application\/ld+json\" class=\"yoast-schema-graph\">{\"@context\":\"https:\\\/\\\/schema.org\",\"@graph\":[{\"@type\":\"WebPage\",\"@id\":\"https:\\\/\\\/energostore.com\\\/product\\\/smartsolar-mppt-75-10-retail\\\/\",\"url\":\"https:\\\/\\\/energostore.com\\\/product\\\/smartsolar-mppt-75-10-retail\\\/\",\"name\":\"SmartSolar MPPT 75\\\/10 Retail - Energostore\",\"isPartOf\":{\"@id\":\"https:\\\/\\\/energostore.com\\\/hr\\\/#website\"},\"primaryImageOfPage\":{\"@id\":\"https:\\\/\\\/energostore.com\\\/product\\\/smartsolar-mppt-75-10-retail\\\/#primaryimage\"},\"image\":{\"@id\":\"https:\\\/\\\/energostore.com\\\/product\\\/smartsolar-mppt-75-10-retail\\\/#primaryimage\"},\"thumbnailUrl\":\"https:\\\/\\\/energostore.com\\\/wp-content\\\/uploads\\\/2024\\\/03\\\/SmartSolar-MPPT-150_85-Tr-VE.Can_.webp\",\"datePublished\":\"2024-03-20T08:48:48+00:00\",\"dateModified\":\"2026-04-01T07:05:12+00:00\",\"breadcrumb\":{\"@id\":\"https:\\\/\\\/energostore.com\\\/product\\\/smartsolar-mppt-75-10-retail\\\/#breadcrumb\"},\"inLanguage\":\"hr\",\"potentialAction\":[{\"@type\":\"ReadAction\",\"target\":[\"https:\\\/\\\/energostore.com\\\/product\\\/smartsolar-mppt-75-10-retail\\\/\"]}]},{\"@type\":\"ImageObject\",\"inLanguage\":\"hr\",\"@id\":\"https:\\\/\\\/energostore.com\\\/product\\\/smartsolar-mppt-75-10-retail\\\/#primaryimage\",\"url\":\"https:\\\/\\\/energostore.com\\\/wp-content\\\/uploads\\\/2024\\\/03\\\/SmartSolar-MPPT-150_85-Tr-VE.Can_.webp\",\"contentUrl\":\"https:\\\/\\\/energostore.com\\\/wp-content\\\/uploads\\\/2024\\\/03\\\/SmartSolar-MPPT-150_85-Tr-VE.Can_.webp\",\"width\":612,\"height\":500,\"caption\":\"SmartSolar MPPT 150_85-Tr VE.Can\"},{\"@type\":\"BreadcrumbList\",\"@id\":\"https:\\\/\\\/energostore.com\\\/product\\\/smartsolar-mppt-75-10-retail\\\/#breadcrumb\",\"itemListElement\":[{\"@type\":\"ListItem\",\"position\":1,\"name\":\"Home\",\"item\":\"https:\\\/\\\/energostore.com\\\/\"},{\"@type\":\"ListItem\",\"position\":2,\"name\":\"Shop\",\"item\":\"https:\\\/\\\/energostore.com\\\/hr\\\/shop\\\/\"},{\"@type\":\"ListItem\",\"position\":3,\"name\":\"SmartSolar MPPT 75\\\/10 Retail\"}]},{\"@type\":\"WebSite\",\"@id\":\"https:\\\/\\\/energostore.com\\\/hr\\\/#website\",\"url\":\"https:\\\/\\\/energostore.com\\\/hr\\\/\",\"name\":\"Energostore\",\"description\":\"Solar products online store\",\"publisher\":{\"@id\":\"https:\\\/\\\/energostore.com\\\/hr\\\/#organization\"},\"potentialAction\":[{\"@type\":\"SearchAction\",\"target\":{\"@type\":\"EntryPoint\",\"urlTemplate\":\"https:\\\/\\\/energostore.com\\\/hr\\\/?s={search_term_string}\"},\"query-input\":{\"@type\":\"PropertyValueSpecification\",\"valueRequired\":true,\"valueName\":\"search_term_string\"}}],\"inLanguage\":\"hr\"},{\"@type\":\"Organization\",\"@id\":\"https:\\\/\\\/energostore.com\\\/hr\\\/#organization\",\"name\":\"Energostore\",\"url\":\"https:\\\/\\\/energostore.com\\\/hr\\\/\",\"logo\":{\"@type\":\"ImageObject\",\"inLanguage\":\"hr\",\"@id\":\"https:\\\/\\\/energostore.com\\\/hr\\\/#\\\/schema\\\/logo\\\/image\\\/\",\"url\":\"https:\\\/\\\/energostore.com\\\/wp-content\\\/uploads\\\/2020\\\/07\\\/energostore_logo.png\",\"contentUrl\":\"https:\\\/\\\/energostore.com\\\/wp-content\\\/uploads\\\/2020\\\/07\\\/energostore_logo.png\",\"width\":517,\"height\":100,\"caption\":\"Energostore\"},\"image\":{\"@id\":\"https:\\\/\\\/energostore.com\\\/hr\\\/#\\\/schema\\\/logo\\\/image\\\/\"}}]}<\/script>\n<!-- \/ Yoast SEO plugin. -->","yoast_head_json":{"title":"SmartSolar MPPT 75\/10 Retail - Energostore","robots":{"index":"index","follow":"follow","max-snippet":"max-snippet:-1","max-image-preview":"max-image-preview:large","max-video-preview":"max-video-preview:-1"},"canonical":"https:\/\/energostore.com\/hr\/proizvod\/smartsolar-mppt-75-10-retail\/","og_locale":"hr_HR","og_type":"article","og_title":"SmartSolar MPPT 75\/10 Retail - Energostore","og_description":"A solar charger gathers energy from your solar panels, and stores it in your batteries. Using the latest, fastest technology, SmartSolar maximises this energy-harvest, driving it intelligently to achieve full charge in the shortest possible time. SmartSolar maintains battery health, extending its life.  The SmartSolar charge controller will even recharge a severely depleted battery. It can operate with a battery voltage as low as 0 Volts, provided the cells are not permanently sulphated or otherwise damaged.","og_url":"https:\/\/energostore.com\/hr\/proizvod\/smartsolar-mppt-75-10-retail\/","og_site_name":"Energostore","article_modified_time":"2026-04-01T07:05:12+00:00","og_image":[{"width":612,"height":500,"url":"https:\/\/energostore.com\/wp-content\/uploads\/2024\/03\/SmartSolar-MPPT-150_85-Tr-VE.Can_.webp","type":"image\/webp"}],"twitter_card":"summary_large_image","twitter_misc":{"Procijenjeno vrijeme \u010ditanja":"7 minuta"},"schema":{"@context":"https:\/\/schema.org","@graph":[{"@type":"WebPage","@id":"https:\/\/energostore.com\/product\/smartsolar-mppt-75-10-retail\/","url":"https:\/\/energostore.com\/product\/smartsolar-mppt-75-10-retail\/","name":"SmartSolar MPPT 75\/10 Retail - Energostore","isPartOf":{"@id":"https:\/\/energostore.com\/hr\/#website"},"primaryImageOfPage":{"@id":"https:\/\/energostore.com\/product\/smartsolar-mppt-75-10-retail\/#primaryimage"},"image":{"@id":"https:\/\/energostore.com\/product\/smartsolar-mppt-75-10-retail\/#primaryimage"},"thumbnailUrl":"https:\/\/energostore.com\/wp-content\/uploads\/2024\/03\/SmartSolar-MPPT-150_85-Tr-VE.Can_.webp","datePublished":"2024-03-20T08:48:48+00:00","dateModified":"2026-04-01T07:05:12+00:00","breadcrumb":{"@id":"https:\/\/energostore.com\/product\/smartsolar-mppt-75-10-retail\/#breadcrumb"},"inLanguage":"hr","potentialAction":[{"@type":"ReadAction","target":["https:\/\/energostore.com\/product\/smartsolar-mppt-75-10-retail\/"]}]},{"@type":"ImageObject","inLanguage":"hr","@id":"https:\/\/energostore.com\/product\/smartsolar-mppt-75-10-retail\/#primaryimage","url":"https:\/\/energostore.com\/wp-content\/uploads\/2024\/03\/SmartSolar-MPPT-150_85-Tr-VE.Can_.webp","contentUrl":"https:\/\/energostore.com\/wp-content\/uploads\/2024\/03\/SmartSolar-MPPT-150_85-Tr-VE.Can_.webp","width":612,"height":500,"caption":"SmartSolar MPPT 150_85-Tr VE.Can"},{"@type":"BreadcrumbList","@id":"https:\/\/energostore.com\/product\/smartsolar-mppt-75-10-retail\/#breadcrumb","itemListElement":[{"@type":"ListItem","position":1,"name":"Home","item":"https:\/\/energostore.com\/"},{"@type":"ListItem","position":2,"name":"Shop","item":"https:\/\/energostore.com\/hr\/shop\/"},{"@type":"ListItem","position":3,"name":"SmartSolar MPPT 75\/10 Retail"}]},{"@type":"WebSite","@id":"https:\/\/energostore.com\/hr\/#website","url":"https:\/\/energostore.com\/hr\/","name":"Energostore","description":"Solar products online store","publisher":{"@id":"https:\/\/energostore.com\/hr\/#organization"},"potentialAction":[{"@type":"SearchAction","target":{"@type":"EntryPoint","urlTemplate":"https:\/\/energostore.com\/hr\/?s={search_term_string}"},"query-input":{"@type":"PropertyValueSpecification","valueRequired":true,"valueName":"search_term_string"}}],"inLanguage":"hr"},{"@type":"Organization","@id":"https:\/\/energostore.com\/hr\/#organization","name":"Energostore","url":"https:\/\/energostore.com\/hr\/","logo":{"@type":"ImageObject","inLanguage":"hr","@id":"https:\/\/energostore.com\/hr\/#\/schema\/logo\/image\/","url":"https:\/\/energostore.com\/wp-content\/uploads\/2020\/07\/energostore_logo.png","contentUrl":"https:\/\/energostore.com\/wp-content\/uploads\/2020\/07\/energostore_logo.png","width":517,"height":100,"caption":"Energostore"},"image":{"@id":"https:\/\/energostore.com\/hr\/#\/schema\/logo\/image\/"}}]}},"_links":{"self":[{"href":"https:\/\/energostore.com\/hr\/wp-json\/wp\/v2\/product\/7741","targetHints":{"allow":["GET"]}}],"collection":[{"href":"https:\/\/energostore.com\/hr\/wp-json\/wp\/v2\/product"}],"about":[{"href":"https:\/\/energostore.com\/hr\/wp-json\/wp\/v2\/types\/product"}],"version-history":[{"count":1,"href":"https:\/\/energostore.com\/hr\/wp-json\/wp\/v2\/product\/7741\/revisions"}],"predecessor-version":[{"id":7742,"href":"https:\/\/energostore.com\/hr\/wp-json\/wp\/v2\/product\/7741\/revisions\/7742"}],"wp:featuredmedia":[{"embeddable":true,"href":"https:\/\/energostore.com\/hr\/wp-json\/wp\/v2\/media\/9435"}],"wp:attachment":[{"href":"https:\/\/energostore.com\/hr\/wp-json\/wp\/v2\/media?parent=7741"}],"wp:term":[{"taxonomy":"product_brand","embeddable":true,"href":"https:\/\/energostore.com\/hr\/wp-json\/wp\/v2\/product_brand?post=7741"},{"taxonomy":"product_cat","embeddable":true,"href":"https:\/\/energostore.com\/hr\/wp-json\/wp\/v2\/product_cat?post=7741"},{"taxonomy":"product_tag","embeddable":true,"href":"https:\/\/energostore.com\/hr\/wp-json\/wp\/v2\/product_tag?post=7741"}],"curies":[{"name":"wp","href":"https:\/\/api.w.org\/{rel}","templated":true}]}}