{"id":7732,"date":"2024-03-20T08:40:55","date_gmt":"2024-03-20T08:40:55","guid":{"rendered":"https:\/\/energostore.com\/?post_type=product&#038;p=7732"},"modified":"2026-04-01T07:05:12","modified_gmt":"2026-04-01T07:05:12","slug":"smartsolar-mppt-150-60-tr","status":"publish","type":"product","link":"https:\/\/energostore.com\/hr\/proizvod\/smartsolar-mppt-150-60-tr\/","title":{"rendered":"SmartSolar MPPT 150\/60-Tr"},"content":{"rendered":"<p>SmartSolar kontroler punjenja napunit \u0107e \u010dak i jako ispra\u017enjenu bateriju. Mo\u017ee raditi s naponom baterije od samo 0 volti, pod uvjetom da \u0107elije nisu trajno sulfatizirane ili na drugi na\u010din o\u0161te\u0107ene. Imaju u sebi ugra\u0111en bluetooth za nadzor punjenja baterije preko apliakcije Victron Connect.<\/p>\n<h1>Datasheet<\/h1>\n<p><a title=\"BlueSolar and SmartSolar Charge Controller MPPT - Overview\" href=\"https:\/\/www.victronenergy.com\/upload\/documents\/Datasheet-BlueSolar-and-SmartSolar-charge-controller-overview-EN.pdf\"><img decoding=\"async\" style=\"margin-right: 5px;\" src=\"\/wp-content\/uploads\/2020\/08\/doc_datasheet.png\" \/> BlueSolar and SmartSolar Charge Controller MPPT &#8211; Overview<\/a><\/p>\n<p><a title=\"SmartSolar MPPT 150\/45 up to 150\/100\" href=\"https:\/\/www.victronenergy.com\/upload\/documents\/Datasheet-SmartSolar-charge-controller-MPPT-150-45-up-to-150-100-EN.pdf\"><img decoding=\"async\" style=\"margin-right: 5px;\" src=\"\/wp-content\/uploads\/2020\/08\/doc_datasheet.png\" \/> SmartSolar MPPT 150\/45 up to 150\/100<\/a><\/p>\n<p><a title=\"SmartSolar MPPT 250\/60 up to 250\/100\" href=\"https:\/\/www.victronenergy.com\/upload\/documents\/Datasheet-SmartSolar-charge-controller-MPPT-250-60-up-to-250-100-EN-.pdf\"><img decoding=\"async\" style=\"margin-right: 5px;\" src=\"\/wp-content\/uploads\/2020\/08\/doc_datasheet.png\" \/> SmartSolar MPPT 250\/60 up to 250\/100<\/a><\/p>\n<h4>Dokumenti<\/h4>\n<p><a title=\"3 Phase VE Bus BMS system 5 pin with 3xQuattro and 4x200Ah 24V Li\" href=\"https:\/\/www.victronenergy.com\/upload\/documents\/3-Phase-VE-Bus-BMS-system-5-pin-with-3xQuattro-and-4x200Ah-24V-Li-Rev-C1.pdf\"><img decoding=\"async\" style=\"margin-right: 5px;\" src=\"\/wp-content\/uploads\/2020\/08\/doc_schematics.png\" \/> 3 Phase VE Bus BMS system 5 pin with 3xQuattro and 4x200Ah 24V Li (System schematic)<\/a><\/p>\n<p><a title=\"Certificate Safety EN\/IEC 62109-1 - SmartSolar MPPT 150\/45, 150\/60, 150\/70, 250\/60, 250\/70\" href=\"https:\/\/www.victronenergy.com\/upload\/documents\/Certificate-Safety-EN-IEC-62109-1-SmartSolar-MPPT-150-45,-150-60,-150-70,-250-60,-250-70.pdf\"><img decoding=\"async\" style=\"margin-right: 5px;\" src=\"\/wp-content\/uploads\/2020\/08\/doc_certificate.png\" \/> Certificate Safety EN\/IEC 62109-1 &#8211; SmartSolar MPPT 150\/45, 150\/60, 150\/70, 250\/60, 250\/70 (Certificate)<\/a><\/p>\n<p><a title=\"Certificate Safety EN\/IEC 62109-1 - SmartSolar MPPT 150\/85, 150\/100, 250\/85, 250\/100\" href=\"https:\/\/www.victronenergy.com\/upload\/documents\/Certificate-Safety-EN-IEC-62109-1-SmartSolar-MPPT-150-85,-150-100,-250-85,-250-100.pdf\"><img decoding=\"async\" style=\"margin-right: 5px;\" src=\"\/wp-content\/uploads\/2020\/08\/doc_certificate.png\" \/> Certificate Safety EN\/IEC 62109-1 &#8211; SmartSolar MPPT 150\/85, 150\/100, 250\/85, 250\/100 (Certificate)<\/a><\/p>\n<p><a title=\"Certificate Safety IEC 62109-1 - AS\/NZS - SmartSolar MPPT 150\/45 up to 150\/100 and SmartSolar MPPT 260\/60 up to 250\/100\" href=\"https:\/\/www.victronenergy.com\/upload\/documents\/Certificate-Safety-&amp;-addendum-IEC-62109-1-AS-NZS-SmartSolar-MPPT-150-45-up-to-150-100-and-SmartSolar-MPPT-260-60-up-to-250-100.pdf\"><img decoding=\"async\" style=\"margin-right: 5px;\" src=\"\/wp-content\/uploads\/2020\/08\/doc_certificate.png\" \/> Certificate Safety IEC 62109-1 &#8211; AS\/NZS &#8211; SmartSolar MPPT 150\/45 up to 150\/100 and SmartSolar MPPT 260\/60 up to 250\/100 (Certificate)<\/a><\/p>\n<p><a title=\"Certificate UL 1741 and CSA C22.2 - SmartSolar MPPTs 150-45 up to 250-100\" href=\"https:\/\/www.victronenergy.com\/upload\/documents\/Certificate-UL-1741-and-CSA-C22.2-SmartSolar-MPPTs-150-45-up-to-250-100.pdf\"><img decoding=\"async\" style=\"margin-right: 5px;\" src=\"\/wp-content\/uploads\/2020\/08\/doc_certificate.png\" \/> Certificate UL 1741 and CSA C22.2 &#8211; SmartSolar MPPTs 150-45 up to 250-100 (Certificate)<\/a><\/p>\n<p><a title=\"Certificate of Compliance, UL 1741 and CSA C22.2, all BlueSolar &amp; SmartSolar MPPTs up to 150\/100\" href=\"https:\/\/www.victronenergy.com\/upload\/documents\/Certificate-of-Compliance,-UL-1741-and-CSA-C22.2,-all-BlueSolar-&amp;-SmartSolar-MPPT's-up-to-150-100.pdf\"><img decoding=\"async\" style=\"margin-right: 5px;\" src=\"\/wp-content\/uploads\/2020\/08\/doc_certificate.png\" \/> Certificate of Compliance, UL 1741 and CSA C22.2, all BlueSolar &amp; SmartSolar MPPTs up to 150\/100 (Certificate)<\/a><\/p>\n<p><a title=\"Data communication with Victron Energy products\" href=\"https:\/\/www.victronenergy.com\/upload\/documents\/Whitepaper-Data-communication-with-Victron-Energy-products_EN.pdf\"><img decoding=\"async\" style=\"margin-right: 5px;\" src=\"\/wp-content\/uploads\/2020\/08\/doc_brochure.png\" \/> Data communication with Victron Energy products (Whitepaper)<\/a><\/p>\n<p><a title=\"Declaration of Conformity - SmartSolar MPPT Charge Controllers\" href=\"https:\/\/www.victronenergy.com\/upload\/documents\/SmartSolar-MPPT-Charge-Controllers-2020-01-30.pdf\"><img decoding=\"async\" style=\"margin-right: 5px;\" src=\"\/wp-content\/uploads\/2020\/08\/doc_certificate.png\" \/> Declaration of Conformity &#8211; SmartSolar MPPT Charge Controllers (Certificate)<\/a><\/p>\n<p><a title=\"ESS (Energy Storage System) Manual\" href=\"http:\/\/www.victronenergy.com\/live\/ess:start\"><img decoding=\"async\" style=\"margin-right: 5px;\" src=\"\/wp-content\/uploads\/2020\/08\/doc_manual.png\" \/> ESS (Energy Storage System) Manual (Manual)<\/a><\/p>\n<p><a title=\"ISO9001 certificate\" href=\"https:\/\/www.victronenergy.com\/upload\/documents\/ISO9001-certificate-2018.pdf\"><img decoding=\"async\" style=\"margin-right: 5px;\" src=\"\/wp-content\/uploads\/2020\/08\/doc_certificate.png\" \/> ISO9001 certificate (Certificate)<\/a><\/p>\n<p><a title=\"Lynx Ion BMS example with Quattro 8KW-24V-230V\" href=\"https:\/\/www.victronenergy.com\/upload\/documents\/Lynx-Ion-BMS-example-with-Quattro-8KW-24V-230V.pdf\"><img decoding=\"async\" style=\"margin-right: 5px;\" src=\"\/wp-content\/uploads\/2020\/08\/doc_schematics.png\" \/> Lynx Ion BMS example with Quattro 8KW-24V-230V (System schematic)<\/a><\/p>\n<p><a title=\"MPPT Solar Charger Error Codes\" href=\"https:\/\/www.victronenergy.com\/live\/mppt-error-codes\"><img decoding=\"async\" style=\"margin-right: 5px;\" src=\"\/wp-content\/uploads\/2020\/08\/doc_manual.png\" \/> MPPT Solar Charger Error Codes (Manual)<\/a><\/p>\n<p><a title=\"Modbus-TCP register list\" href=\"https:\/\/www.victronenergy.com\/download-document\/6195\/CCGX-Modbus-TCP-register-list-2.53.xlsx\"><img decoding=\"async\" style=\"margin-right: 5px;\" src=\"\/wp-content\/uploads\/2020\/08\/doc_brochure.png\" \/> Modbus-TCP register list (Whitepaper)<\/a><\/p>\n<p><a title=\"SmartSolar MPPT 150\/45 &amp; 150\/60 &amp; 150\/70-MC4\" href=\"https:\/\/www.victronenergy.com\/upload\/documents\/SmartSolar-MPPT-150-45-&amp;-150-60-&amp;-150-70-MC4.PDF\"><img decoding=\"async\" style=\"margin-right: 5px;\" src=\"\/wp-content\/uploads\/2020\/08\/doc_enclosure_dimensions.png\" \/> SmartSolar MPPT 150\/45 &amp; 150\/60 &amp; 150\/70-MC4 (Enclosure dimension)<\/a><\/p>\n<p><a title=\"SmartSolar MPPT 150\/45 &amp; 150\/60 &amp; 150\/70-MC4 (3D)\" href=\"https:\/\/www.victronenergy.com\/upload\/documents\/SmartSolar-MPPT-150-45-&amp;-150-60-&amp;-150-70-MC4-(3D).PDF\"><img decoding=\"async\" style=\"margin-right: 5px;\" src=\"\/wp-content\/uploads\/2020\/08\/doc_enclosure_dimensions.png\" \/> SmartSolar MPPT 150\/45 &amp; 150\/60 &amp; 150\/70-MC4 (3D) (Enclosure dimension)<\/a><\/p>\n<p><a title=\"SmartSolar MPPT 150\/45 &amp; 150\/60 &amp; 150\/70-MC4 (stp)\" href=\"https:\/\/www.victronenergy.com\/upload\/documents\/SmartSolar-MPPT-150-45-&amp;-150-60-&amp;-150-70-MC4-(step).STEP\"><img decoding=\"async\" style=\"margin-right: 5px;\" src=\"\/wp-content\/uploads\/2020\/08\/doc_enclosure_dimensions.png\" \/> SmartSolar MPPT 150\/45 &amp; 150\/60 &amp; 150\/70-MC4 (stp) (Enclosure dimension)<\/a><\/p>\n<p><a title=\"SmartSolar MPPT 150\/45 &amp; 150\/60 &amp; 150\/70-Tr\" href=\"https:\/\/www.victronenergy.com\/upload\/documents\/SmartSolar-MPPT-150-45-&amp;-150-60-&amp;-150-70-Tr.PDF\"><img decoding=\"async\" style=\"margin-right: 5px;\" src=\"\/wp-content\/uploads\/2020\/08\/doc_enclosure_dimensions.png\" \/> SmartSolar MPPT 150\/45 &amp; 150\/60 &amp; 150\/70-Tr (Enclosure dimension)<\/a><\/p>\n<p><a title=\"SmartSolar MPPT 150\/45 &amp; 150\/60 &amp; 150\/70-Tr (3D)\" href=\"https:\/\/www.victronenergy.com\/upload\/documents\/SmartSolar-MPPT-150-45-&amp;-150-60-&amp;-150-70-Tr-(3D).PDF\"><img decoding=\"async\" style=\"margin-right: 5px;\" src=\"\/wp-content\/uploads\/2020\/08\/doc_enclosure_dimensions.png\" \/> SmartSolar MPPT 150\/45 &amp; 150\/60 &amp; 150\/70-Tr (3D) (Enclosure dimension)<\/a><\/p>\n<p><a title=\"SmartSolar MPPT 150\/45 &amp; 150\/60 &amp; 150\/70-Tr (stp)\" href=\"https:\/\/www.victronenergy.com\/upload\/documents\/SmartSolar-MPPT-150-45-&amp;-150-60-&amp;-150-70-Tr-(step).STEP\"><img decoding=\"async\" style=\"margin-right: 5px;\" src=\"\/wp-content\/uploads\/2020\/08\/doc_enclosure_dimensions.png\" \/> SmartSolar MPPT 150\/45 &amp; 150\/60 &amp; 150\/70-Tr (stp) (Enclosure dimension)<\/a><\/p>\n<p><a title=\"SmartSolar MPPT 150\/45 up to 150\/100 &amp; 250\/60 up to 250\/100\" href=\"https:\/\/www.victronenergy.com\/upload\/documents\/Manual-SmartSolar-charge-controller-MPPT-150-45-to-150-100--250-60-to-250-100-EN-NL-FR-DE-ES-SE.pdf\"><img decoding=\"async\" style=\"margin-right: 5px;\" src=\"\/wp-content\/uploads\/2020\/08\/doc_manual.png\" \/> SmartSolar MPPT 150\/45 up to 150\/100 &amp; 250\/60 up to 250\/100 (Manual)<\/a><\/p>\n<p><a title=\"SmartSolar MPPT 150\/85 &amp; 150\/100 &amp; 250\/85 &amp; 250\/100-MC4\" href=\"https:\/\/www.victronenergy.com\/upload\/documents\/SmartSolar-MPPT-150-85_150-100_250-85_250-100-MC4.PDF\"><img decoding=\"async\" style=\"margin-right: 5px;\" src=\"\/wp-content\/uploads\/2020\/08\/doc_enclosure_dimensions.png\" \/> SmartSolar MPPT 150\/85 &amp; 150\/100 &amp; 250\/85 &amp; 250\/100-MC4 (Enclosure dimension)<\/a><\/p>\n<p><a title=\"SmartSolar MPPT 150\/85 &amp; 150\/100 &amp; 250\/85 &amp; 250\/100-MC4 (3D)\" href=\"https:\/\/www.victronenergy.com\/upload\/documents\/SmartSolar-MPPT-150-85-&amp;-150-100-&amp;-250-85-&amp;-250-100-MC4-(3D).PDF\"><img decoding=\"async\" style=\"margin-right: 5px;\" src=\"\/wp-content\/uploads\/2020\/08\/doc_enclosure_dimensions.png\" \/> SmartSolar MPPT 150\/85 &amp; 150\/100 &amp; 250\/85 &amp; 250\/100-MC4 (3D) (Enclosure dimension)<\/a><\/p>\n<p><a title=\"SmartSolar MPPT 150\/85 &amp; 150\/100 &amp; 250\/85 &amp; 250\/100-MC4 (stp)\" href=\"https:\/\/www.victronenergy.com\/upload\/documents\/SmartSolar-MPPT-150-85-&amp;-150-100-&amp;-250-85-&amp;-250-100-MC4-(stp).STEP\"><img decoding=\"async\" style=\"margin-right: 5px;\" src=\"\/wp-content\/uploads\/2020\/08\/doc_enclosure_dimensions.png\" \/> SmartSolar MPPT 150\/85 &amp; 150\/100 &amp; 250\/85 &amp; 250\/100-MC4 (stp) (Enclosure dimension)<\/a><\/p>\n<p><a title=\"SmartSolar MPPT 150\/85 &amp; 150\/100 &amp; 250\/85 &amp; 250\/100-Tr (3D)\" href=\"https:\/\/www.victronenergy.com\/upload\/documents\/DimensionDrawing-SmartSolar-MPPT-150-250-85-100-Tr.pdf\"><img decoding=\"async\" style=\"margin-right: 5px;\" src=\"\/wp-content\/uploads\/2020\/08\/doc_enclosure_dimensions.png\" \/> SmartSolar MPPT 150\/85 &amp; 150\/100 &amp; 250\/85 &amp; 250\/100-Tr (3D) (Enclosure dimension)<\/a><\/p>\n<p><a title=\"SmartSolar MPPT 150\/85 &amp; 150\/100 &amp; 250\/85 &amp; 250\/100-Tr (stp)\" href=\"https:\/\/www.victronenergy.com\/upload\/documents\/SmartSolar-MPPT-150-85-&amp;-150-100-&amp;-250-85-&amp;-250-100-Tr-(stp).STEP\"><img decoding=\"async\" style=\"margin-right: 5px;\" src=\"\/wp-content\/uploads\/2020\/08\/doc_enclosure_dimensions.png\" \/> SmartSolar MPPT 150\/85 &amp; 150\/100 &amp; 250\/85 &amp; 250\/100-Tr (stp) (Enclosure dimension)<\/a><\/p>\n<p><a title=\"SmartSolar MPPT 150V 250V 45A 60A 70A Tr VE.Can\" href=\"https:\/\/www.victronenergy.com\/upload\/documents\/SmartSolar-MPPT-150-250V-45A-60A-70A-Tr-VE.Can-(dimensions).PDF\"><img decoding=\"async\" style=\"margin-right: 5px;\" src=\"\/wp-content\/uploads\/2020\/08\/doc_enclosure_dimensions.png\" \/> SmartSolar MPPT 150V 250V 45A 60A 70A Tr VE.Can (Enclosure dimension)<\/a><\/p>\n<p><a title=\"SmartSolar MPPT 150V 250V 45A 60A 70A Tr VE.Can (3D)\" href=\"https:\/\/www.victronenergy.com\/upload\/documents\/SmartSolar-MPPT-150-250V-45A-60A-70A-Tr-VE.Can-(3D).PDF\"><img decoding=\"async\" style=\"margin-right: 5px;\" src=\"\/wp-content\/uploads\/2020\/08\/doc_enclosure_dimensions.png\" \/> SmartSolar MPPT 150V 250V 45A 60A 70A Tr VE.Can (3D) (Enclosure dimension)<\/a><\/p>\n<p><a title=\"SmartSolar MPPT 150V 250V 45A 60A 70A Tr VE.Can (stp)\" href=\"https:\/\/www.victronenergy.com\/upload\/documents\/SmartSolar-MPPT-150-250V-45A-60A-70A-Tr-VE.Can-(stp).STEP\"><img decoding=\"async\" style=\"margin-right: 5px;\" src=\"\/wp-content\/uploads\/2020\/08\/doc_enclosure_dimensions.png\" \/> SmartSolar MPPT 150V 250V 45A 60A 70A Tr VE.Can (stp) (Enclosure dimension)<\/a><\/p>\n<p><a title=\"SmartSolar MPPT 250\/100\" href=\"https:\/\/www.youtube.com\/watch?v=ADB1xlGs6xQ\"><img decoding=\"async\" style=\"margin-right: 5px;\" src=\"\/wp-content\/uploads\/2020\/08\/doc_movie.png\" \/> SmartSolar MPPT 250\/100 (Movie)<\/a><\/p>\n<p><a title=\"SmartSolar MPPT 250\/60 &amp; 250\/70-MC4 (3D)\" href=\"https:\/\/www.victronenergy.com\/upload\/documents\/SmartSolar-charge-controller-MPPT-250-70-MC4-Final-Module-Updated.pdf\"><img decoding=\"async\" style=\"margin-right: 5px;\" src=\"\/wp-content\/uploads\/2020\/08\/doc_enclosure_dimensions.png\" \/> SmartSolar MPPT 250\/60 &amp; 250\/70-MC4 (3D) (Enclosure dimension)<\/a><\/p>\n<p><a title=\"SmartSolar MPPT 250\/60 &amp; 250\/70-MC4 (stp)\" href=\"https:\/\/www.victronenergy.com\/upload\/documents\/SmartSolar-charge-controller-MPPT-250-70-MC4-Final-Module-Updated.step\"><img decoding=\"async\" style=\"margin-right: 5px;\" src=\"\/wp-content\/uploads\/2020\/08\/doc_enclosure_dimensions.png\" \/> SmartSolar MPPT 250\/60 &amp; 250\/70-MC4 (stp) (Enclosure dimension)<\/a><\/p>\n<p><a title=\"VE.Direct HEX Protocol MPPT\" href=\"https:\/\/www.victronenergy.com\/download-document\/4459\/BlueSolar-HEX-protocol-MPPT.pdf\"><img decoding=\"async\" style=\"margin-right: 5px;\" src=\"\/wp-content\/uploads\/2020\/08\/doc_brochure.png\" \/> VE.Direct HEX Protocol MPPT (Whitepaper)<\/a><\/p>\n<p><a title=\"VE.Direct Protocol\" href=\"https:\/\/www.victronenergy.com\/download-document\/2036\/VE.Direct-Protocol-3.29.pdf\"><img decoding=\"async\" style=\"margin-right: 5px;\" src=\"\/wp-content\/uploads\/2020\/08\/doc_brochure.png\" \/> VE.Direct Protocol (Whitepaper)<\/a><\/p>\n<p><a title=\"VE.Smart Networking\" href=\"https:\/\/www.victronenergy.com\/live\/victronconnect:ve-smart-networking\"><img decoding=\"async\" style=\"margin-right: 5px;\" src=\"\/wp-content\/uploads\/2020\/08\/doc_manual.png\" \/> VE.Smart Networking (Manual)<\/a><\/p>\n<p><a title=\"VictronConnect - MPPT Solar Charge Controllers \" href=\"http:\/\/www.victronenergy.com\/live\/victronconnect:mppt-solarchargers\"><img decoding=\"async\" style=\"margin-right: 5px;\" src=\"\/wp-content\/uploads\/2020\/08\/doc_manual.png\" \/> VictronConnect &#8211; MPPT Solar Charge Controllers (Manual)<\/a><\/p>\n<p><a title=\"Which solar charge controller: PWM or MPPT?\" href=\"https:\/\/www.victronenergy.com\/upload\/documents\/White-paper-Which-solar-charge-controller-PWM-or-MPPT.pdf\"><img decoding=\"async\" style=\"margin-right: 5px;\" src=\"\/wp-content\/uploads\/2020\/08\/doc_brochure.png\" \/> Which solar charge controller: PWM or MPPT? (Whitepaper)<\/a><\/p>\n<p><a title=\"Which solar charge controller: PWM or MPPT?\" href=\"https:\/\/www.victronenergy.com\/upload\/documents\/White-paper-Which-solar-charge-controller-PWM-or-MPPT.pdf\"><img decoding=\"async\" style=\"margin-right: 5px;\" src=\"\/wp-content\/uploads\/2020\/08\/doc_manual.png\" \/> Which solar charge controller: PWM or MPPT? (Manual)<\/a><\/p>","protected":false},"excerpt":{"rendered":"<p>MPPT regulatori punjenja skupljaju energiju iz solarnih plo\u010da i pohranjuju je u baterije. Koriste\u0107i najnoviju, najbr\u017eu tehnologiju, SmartSolar regulatori iskori\u0161tavaju maksimum energije iz Sunca te inteligentno u najkra\u0107em mogu\u0107em vremenu odr\u017eavaju Va\u0161u bateriju punom . SmartSolar regulatori tako\u0111er odr\u017eavaju zdravlje baterije, produ\u017euju\u0107i joj vijek trajanja.<\/p>\n<p>&nbsp;<\/p>","protected":false},"featured_media":9433,"menu_order":673,"template":"","meta":[],"product_brand":[],"product_cat":[203],"product_tag":[],"class_list":{"0":"post-7732","1":"product","2":"type-product","3":"status-publish","4":"has-post-thumbnail","6":"product_cat-mppt-smart-solar","7":"product_shipping_class-eu-available","9":"first","10":"instock","11":"taxable","12":"shipping-taxable","13":"purchasable","14":"product-type-simple"},"yoast_head":"<!-- This site is optimized with the Yoast SEO plugin v27.3 - https:\/\/yoast.com\/product\/yoast-seo-wordpress\/ -->\n<title>SmartSolar MPPT 150\/60-Tr - Energostore<\/title>\n<meta name=\"robots\" content=\"index, follow, max-snippet:-1, max-image-preview:large, max-video-preview:-1\" \/>\n<link rel=\"canonical\" href=\"https:\/\/energostore.com\/hr\/proizvod\/smartsolar-mppt-150-60-tr\/\" \/>\n<meta property=\"og:locale\" content=\"hr_HR\" \/>\n<meta property=\"og:type\" content=\"article\" \/>\n<meta property=\"og:title\" content=\"SmartSolar MPPT 150\/60-Tr - Energostore\" \/>\n<meta property=\"og:description\" content=\"A solar charger gathers energy from your solar panels, and stores it in your batteries. Using the latest, fastest technology, SmartSolar maximises this energy-harvest, driving it intelligently to achieve full charge in the shortest possible time. SmartSolar maintains battery health, extending its life.  &nbsp;\" \/>\n<meta property=\"og:url\" content=\"https:\/\/energostore.com\/hr\/proizvod\/smartsolar-mppt-150-60-tr\/\" \/>\n<meta property=\"og:site_name\" content=\"Energostore\" \/>\n<meta property=\"article:modified_time\" content=\"2026-04-01T07:05:12+00:00\" \/>\n<meta property=\"og:image\" content=\"https:\/\/energostore.com\/wp-content\/uploads\/2024\/03\/SmartSolar-MPPT-150_60-Tr.webp\" \/>\n\t<meta property=\"og:image:width\" content=\"626\" \/>\n\t<meta property=\"og:image:height\" content=\"500\" \/>\n\t<meta property=\"og:image:type\" content=\"image\/webp\" \/>\n<meta name=\"twitter:card\" content=\"summary_large_image\" \/>\n<meta name=\"twitter:label1\" content=\"Procijenjeno vrijeme \u010ditanja\" \/>\n\t<meta name=\"twitter:data1\" content=\"2 minute\" \/>\n<script type=\"application\/ld+json\" class=\"yoast-schema-graph\">{\"@context\":\"https:\\\/\\\/schema.org\",\"@graph\":[{\"@type\":\"WebPage\",\"@id\":\"https:\\\/\\\/energostore.com\\\/product\\\/smartsolar-mppt-150-60-tr\\\/\",\"url\":\"https:\\\/\\\/energostore.com\\\/product\\\/smartsolar-mppt-150-60-tr\\\/\",\"name\":\"SmartSolar MPPT 150\\\/60-Tr - Energostore\",\"isPartOf\":{\"@id\":\"https:\\\/\\\/energostore.com\\\/hr\\\/#website\"},\"primaryImageOfPage\":{\"@id\":\"https:\\\/\\\/energostore.com\\\/product\\\/smartsolar-mppt-150-60-tr\\\/#primaryimage\"},\"image\":{\"@id\":\"https:\\\/\\\/energostore.com\\\/product\\\/smartsolar-mppt-150-60-tr\\\/#primaryimage\"},\"thumbnailUrl\":\"https:\\\/\\\/energostore.com\\\/wp-content\\\/uploads\\\/2024\\\/03\\\/SmartSolar-MPPT-150_60-Tr.webp\",\"datePublished\":\"2024-03-20T08:40:55+00:00\",\"dateModified\":\"2026-04-01T07:05:12+00:00\",\"breadcrumb\":{\"@id\":\"https:\\\/\\\/energostore.com\\\/product\\\/smartsolar-mppt-150-60-tr\\\/#breadcrumb\"},\"inLanguage\":\"hr\",\"potentialAction\":[{\"@type\":\"ReadAction\",\"target\":[\"https:\\\/\\\/energostore.com\\\/product\\\/smartsolar-mppt-150-60-tr\\\/\"]}]},{\"@type\":\"ImageObject\",\"inLanguage\":\"hr\",\"@id\":\"https:\\\/\\\/energostore.com\\\/product\\\/smartsolar-mppt-150-60-tr\\\/#primaryimage\",\"url\":\"https:\\\/\\\/energostore.com\\\/wp-content\\\/uploads\\\/2024\\\/03\\\/SmartSolar-MPPT-150_60-Tr.webp\",\"contentUrl\":\"https:\\\/\\\/energostore.com\\\/wp-content\\\/uploads\\\/2024\\\/03\\\/SmartSolar-MPPT-150_60-Tr.webp\",\"width\":626,\"height\":500,\"caption\":\"SmartSolar MPPT 150_60-Tr\"},{\"@type\":\"BreadcrumbList\",\"@id\":\"https:\\\/\\\/energostore.com\\\/product\\\/smartsolar-mppt-150-60-tr\\\/#breadcrumb\",\"itemListElement\":[{\"@type\":\"ListItem\",\"position\":1,\"name\":\"Home\",\"item\":\"https:\\\/\\\/energostore.com\\\/\"},{\"@type\":\"ListItem\",\"position\":2,\"name\":\"Shop\",\"item\":\"https:\\\/\\\/energostore.com\\\/hr\\\/shop\\\/\"},{\"@type\":\"ListItem\",\"position\":3,\"name\":\"SmartSolar MPPT 150\\\/60-Tr\"}]},{\"@type\":\"WebSite\",\"@id\":\"https:\\\/\\\/energostore.com\\\/hr\\\/#website\",\"url\":\"https:\\\/\\\/energostore.com\\\/hr\\\/\",\"name\":\"Energostore\",\"description\":\"Solar products online store\",\"publisher\":{\"@id\":\"https:\\\/\\\/energostore.com\\\/hr\\\/#organization\"},\"potentialAction\":[{\"@type\":\"SearchAction\",\"target\":{\"@type\":\"EntryPoint\",\"urlTemplate\":\"https:\\\/\\\/energostore.com\\\/hr\\\/?s={search_term_string}\"},\"query-input\":{\"@type\":\"PropertyValueSpecification\",\"valueRequired\":true,\"valueName\":\"search_term_string\"}}],\"inLanguage\":\"hr\"},{\"@type\":\"Organization\",\"@id\":\"https:\\\/\\\/energostore.com\\\/hr\\\/#organization\",\"name\":\"Energostore\",\"url\":\"https:\\\/\\\/energostore.com\\\/hr\\\/\",\"logo\":{\"@type\":\"ImageObject\",\"inLanguage\":\"hr\",\"@id\":\"https:\\\/\\\/energostore.com\\\/hr\\\/#\\\/schema\\\/logo\\\/image\\\/\",\"url\":\"https:\\\/\\\/energostore.com\\\/wp-content\\\/uploads\\\/2020\\\/07\\\/energostore_logo.png\",\"contentUrl\":\"https:\\\/\\\/energostore.com\\\/wp-content\\\/uploads\\\/2020\\\/07\\\/energostore_logo.png\",\"width\":517,\"height\":100,\"caption\":\"Energostore\"},\"image\":{\"@id\":\"https:\\\/\\\/energostore.com\\\/hr\\\/#\\\/schema\\\/logo\\\/image\\\/\"}}]}<\/script>\n<!-- \/ Yoast SEO plugin. -->","yoast_head_json":{"title":"SmartSolar MPPT 150\/60-Tr - Energostore","robots":{"index":"index","follow":"follow","max-snippet":"max-snippet:-1","max-image-preview":"max-image-preview:large","max-video-preview":"max-video-preview:-1"},"canonical":"https:\/\/energostore.com\/hr\/proizvod\/smartsolar-mppt-150-60-tr\/","og_locale":"hr_HR","og_type":"article","og_title":"SmartSolar MPPT 150\/60-Tr - Energostore","og_description":"A solar charger gathers energy from your solar panels, and stores it in your batteries. Using the latest, fastest technology, SmartSolar maximises this energy-harvest, driving it intelligently to achieve full charge in the shortest possible time. SmartSolar maintains battery health, extending its life.  &nbsp;","og_url":"https:\/\/energostore.com\/hr\/proizvod\/smartsolar-mppt-150-60-tr\/","og_site_name":"Energostore","article_modified_time":"2026-04-01T07:05:12+00:00","og_image":[{"width":626,"height":500,"url":"https:\/\/energostore.com\/wp-content\/uploads\/2024\/03\/SmartSolar-MPPT-150_60-Tr.webp","type":"image\/webp"}],"twitter_card":"summary_large_image","twitter_misc":{"Procijenjeno vrijeme \u010ditanja":"2 minute"},"schema":{"@context":"https:\/\/schema.org","@graph":[{"@type":"WebPage","@id":"https:\/\/energostore.com\/product\/smartsolar-mppt-150-60-tr\/","url":"https:\/\/energostore.com\/product\/smartsolar-mppt-150-60-tr\/","name":"SmartSolar MPPT 150\/60-Tr - Energostore","isPartOf":{"@id":"https:\/\/energostore.com\/hr\/#website"},"primaryImageOfPage":{"@id":"https:\/\/energostore.com\/product\/smartsolar-mppt-150-60-tr\/#primaryimage"},"image":{"@id":"https:\/\/energostore.com\/product\/smartsolar-mppt-150-60-tr\/#primaryimage"},"thumbnailUrl":"https:\/\/energostore.com\/wp-content\/uploads\/2024\/03\/SmartSolar-MPPT-150_60-Tr.webp","datePublished":"2024-03-20T08:40:55+00:00","dateModified":"2026-04-01T07:05:12+00:00","breadcrumb":{"@id":"https:\/\/energostore.com\/product\/smartsolar-mppt-150-60-tr\/#breadcrumb"},"inLanguage":"hr","potentialAction":[{"@type":"ReadAction","target":["https:\/\/energostore.com\/product\/smartsolar-mppt-150-60-tr\/"]}]},{"@type":"ImageObject","inLanguage":"hr","@id":"https:\/\/energostore.com\/product\/smartsolar-mppt-150-60-tr\/#primaryimage","url":"https:\/\/energostore.com\/wp-content\/uploads\/2024\/03\/SmartSolar-MPPT-150_60-Tr.webp","contentUrl":"https:\/\/energostore.com\/wp-content\/uploads\/2024\/03\/SmartSolar-MPPT-150_60-Tr.webp","width":626,"height":500,"caption":"SmartSolar MPPT 150_60-Tr"},{"@type":"BreadcrumbList","@id":"https:\/\/energostore.com\/product\/smartsolar-mppt-150-60-tr\/#breadcrumb","itemListElement":[{"@type":"ListItem","position":1,"name":"Home","item":"https:\/\/energostore.com\/"},{"@type":"ListItem","position":2,"name":"Shop","item":"https:\/\/energostore.com\/hr\/shop\/"},{"@type":"ListItem","position":3,"name":"SmartSolar MPPT 150\/60-Tr"}]},{"@type":"WebSite","@id":"https:\/\/energostore.com\/hr\/#website","url":"https:\/\/energostore.com\/hr\/","name":"Energostore","description":"Solar products online store","publisher":{"@id":"https:\/\/energostore.com\/hr\/#organization"},"potentialAction":[{"@type":"SearchAction","target":{"@type":"EntryPoint","urlTemplate":"https:\/\/energostore.com\/hr\/?s={search_term_string}"},"query-input":{"@type":"PropertyValueSpecification","valueRequired":true,"valueName":"search_term_string"}}],"inLanguage":"hr"},{"@type":"Organization","@id":"https:\/\/energostore.com\/hr\/#organization","name":"Energostore","url":"https:\/\/energostore.com\/hr\/","logo":{"@type":"ImageObject","inLanguage":"hr","@id":"https:\/\/energostore.com\/hr\/#\/schema\/logo\/image\/","url":"https:\/\/energostore.com\/wp-content\/uploads\/2020\/07\/energostore_logo.png","contentUrl":"https:\/\/energostore.com\/wp-content\/uploads\/2020\/07\/energostore_logo.png","width":517,"height":100,"caption":"Energostore"},"image":{"@id":"https:\/\/energostore.com\/hr\/#\/schema\/logo\/image\/"}}]}},"_links":{"self":[{"href":"https:\/\/energostore.com\/hr\/wp-json\/wp\/v2\/product\/7732","targetHints":{"allow":["GET"]}}],"collection":[{"href":"https:\/\/energostore.com\/hr\/wp-json\/wp\/v2\/product"}],"about":[{"href":"https:\/\/energostore.com\/hr\/wp-json\/wp\/v2\/types\/product"}],"version-history":[{"count":2,"href":"https:\/\/energostore.com\/hr\/wp-json\/wp\/v2\/product\/7732\/revisions"}],"predecessor-version":[{"id":9440,"href":"https:\/\/energostore.com\/hr\/wp-json\/wp\/v2\/product\/7732\/revisions\/9440"}],"wp:featuredmedia":[{"embeddable":true,"href":"https:\/\/energostore.com\/hr\/wp-json\/wp\/v2\/media\/9433"}],"wp:attachment":[{"href":"https:\/\/energostore.com\/hr\/wp-json\/wp\/v2\/media?parent=7732"}],"wp:term":[{"taxonomy":"product_brand","embeddable":true,"href":"https:\/\/energostore.com\/hr\/wp-json\/wp\/v2\/product_brand?post=7732"},{"taxonomy":"product_cat","embeddable":true,"href":"https:\/\/energostore.com\/hr\/wp-json\/wp\/v2\/product_cat?post=7732"},{"taxonomy":"product_tag","embeddable":true,"href":"https:\/\/energostore.com\/hr\/wp-json\/wp\/v2\/product_tag?post=7732"}],"curies":[{"name":"wp","href":"https:\/\/api.w.org\/{rel}","templated":true}]}}