{"id":7363,"date":"2024-03-14T13:47:57","date_gmt":"2024-03-14T13:47:57","guid":{"rendered":"https:\/\/energostore.com\/?post_type=product&#038;p=7363"},"modified":"2026-04-01T07:34:20","modified_gmt":"2026-04-01T07:34:20","slug":"12v-115ah-agm-telecomm-batt-m8","status":"publish","type":"product","link":"https:\/\/energostore.com\/hr\/proizvod\/12v-115ah-agm-telecomm-batt-m8\/","title":{"rendered":"12V\/115Ah AGM Telecomm Batt. (M8)"},"content":{"rendered":"<p>Dizajniran za telekomunikacijske aplikacije; izvrsne '\u0161tedi\u0161e prostora' za primjenu u brodovima i vozilima\nAGM telekom serija dubokog ciklusa dizajnirana je za upotrebu u telekomunikacijskim sustavima. S prednjim pristupnim terminalima i malom povr\u0161inom, baterije su idealne za sustave u policama. Sli\u010dno tome, ove baterije mogu pomo\u0107i u rje\u0161avanju ograni\u010denog prostora i problema s pristupom na brodovima i vozilima.<br \/>\nThe deep cycle AGM telecom series has been designed for use in telecom systems. With front access terminals and small footprint, the batteries are ideal for racked systems. Similarly, these batteries can help solve limited floor space and access problems on board boats and vehicles.<\/p>\n<p>AGM tehnologija\nAGM je kratica za Absorbent Glass Mat. U ovim baterijama elektrolit se kapilarnim djelovanjem apsorbira u podlogu od staklenih vlakana izme\u0111u plo\u010da.<br \/>\nAGM stands for Absorbent Glass Mat. In these batteries the electrolyte is absorbed into a glass-fibre mat between the plates by capillary action.<\/p>\n<p>Nisko samopra\u017enjenje\nZbog upotrebe olovno-kalcijevih mre\u017ea i materijala visoke \u010disto\u0107e, Victron VRLA baterije mogu se skladi\u0161titi tijekom dugih vremenskih razdoblja bez ponovnog punjenja. Stopa samopra\u017enjenja je manja od 2% mjese\u010dno na 20\u00b0C. Samopra\u017enjenje se udvostru\u010duje za svaki porast temperature za 10\u00b0C.<br \/>\nBecause of the use of lead calcium grids and high purity materials, Victron VRLA batteries can be stored during long periods of time without recharge. The rate of self-discharge is less than 2% per month at 20\u00b0C. The self-discharge doubles for every increase in temperature with 10\u00b0C.<\/p>\n<p>Mali unutarnji otpor\nPrihva\u0107a vrlo visoke stope punjenja i pra\u017enjenja.<br \/>\nAccepts very high charge and discharge rates.<\/p>\n<p>Visoka cikli\u010dka \u017eivotna sposobnost\nVi\u0161e od 500 ciklusa na 50% dubine pra\u017enjenja.<br \/>\nMore than 500 cycles at 50% depth of discharge.<\/p>\n<h1>Datasheet<\/h1>\n<p><a title=\"Telecom Batteries\" href=\"https:\/\/www.victronenergy.com\/upload\/documents\/Datasheet-Telecom-batteries-EN.pdf\"><img decoding=\"async\" style=\"margin-right: 5px;\" src=\"\/wp-content\/uploads\/2020\/08\/doc_datasheet.png\" \/> Telecom Batteries<\/a><\/p>\n<h4>Dokumenti<\/h4>\n<p><a title=\"Automotive\" href=\"https:\/\/www.victronenergy.com\/upload\/documents\/Brochure-Automotive_EN_web.pdf\"><img decoding=\"async\" style=\"margin-right: 5px;\" src=\"\/wp-content\/uploads\/2020\/08\/doc_brochure.png\" \/> Automotive (Brochure)<\/a><\/p>\n<p><a title=\"Declaration of Conformity - Batteries\" href=\"https:\/\/www.victronenergy.com\/upload\/documents\/Batteries-2020-08-07.pdf\"><img decoding=\"async\" style=\"margin-right: 5px;\" src=\"\/wp-content\/uploads\/2020\/08\/doc_certificate.png\" \/> Declaration of Conformity &#8211; Batteries (Certificate)<\/a><\/p>\n<p><a title=\"ISO9001 certificate\" href=\"https:\/\/www.victronenergy.com\/upload\/documents\/ISO9001-certificate-2018.pdf\"><img decoding=\"async\" style=\"margin-right: 5px;\" src=\"\/wp-content\/uploads\/2020\/08\/doc_certificate.png\" \/> ISO9001 certificate (Certificate)<\/a><\/p>\n<p><a title=\"MD 12V-200Ah AGM Telecom Battery\" href=\"https:\/\/www.victronenergy.com\/upload\/documents\/MD-12V-200Ah-AGM-Telecom-battery-12-2018.pdf\"><img decoding=\"async\" style=\"margin-right: 5px;\" src=\"\/wp-content\/uploads\/2020\/08\/doc_certificate.png\" \/> MD 12V-200Ah AGM Telecom Battery (Certificate)<\/a><\/p>\n<p><a title=\"Marine\" href=\"https:\/\/www.victronenergy.com\/upload\/documents\/Brochure-Marine_EN_web.pdf\"><img decoding=\"async\" style=\"margin-right: 5px;\" src=\"\/wp-content\/uploads\/2020\/08\/doc_brochure.png\" \/> Marine (Brochure)<\/a><\/p>\n<p><a title=\"Oceanvolt teams up with Victron Energy\" href=\"https:\/\/www.victronenergy.com\/upload\/documents\/Press_release-_20131121_Oceanvolt-teams-up-with-Victron-Energy_EN.pdf\"><img decoding=\"async\" style=\"margin-right: 5px;\" src=\"\/wp-content\/uploads\/2020\/08\/doc_press_release.png\" \/> Oceanvolt teams up with Victron Energy (Press release)<\/a><\/p>\n<p><a title=\"Off-grid, Backup and Island systems\" href=\"https:\/\/www.victronenergy.com\/upload\/documents\/Brochure-Off-Grid-backup-and-island-systems_EN_web.pdf\"><img decoding=\"async\" style=\"margin-right: 5px;\" src=\"\/wp-content\/uploads\/2020\/08\/doc_brochure.png\" \/> Off-grid, Backup and Island systems (Brochure)<\/a><\/p>\n<p><a title=\"VRLA Batteries\" href=\"https:\/\/www.victronenergy.com\/upload\/documents\/Material-Safety-Data-Sheet-VRLA-Battery-EN.pdf\"><img style=\"margin-right: 5px;\" \/> VRLA Batteries (Material safety datasheet)<\/a><\/p>","protected":false},"excerpt":{"rendered":"<p>Dizajniran za telekomunikacijske aplikacije; izvrsne '\u0161tedi\u0161e prostora' za primjenu u brodovima i vozilima\nAGM telekom serija dubokog ciklusa dizajnirana je za upotrebu u telekomunikacijskim sustavima. S prednjim pristupnim terminalima i malom povr\u0161inom, baterije su idealne za sustave u policama. Sli\u010dno tome, ove baterije mogu pomo\u0107i u rje\u0161avanju ograni\u010denog prostora i problema s pristupom na brodovima i vozilima.<br \/>\nThe deep cycle AGM telecom series has been designed for use in telecom systems. With front access terminals and small footprint, the batteries are ideal for racked systems. Similarly, these batteries can help solve limited floor space and access problems on board boats and vehicles.<\/p>\n<p>AGM tehnologija\nAGM je kratica za Absorbent Glass Mat. U ovim baterijama elektrolit se kapilarnim djelovanjem apsorbira u podlogu od staklenih vlakana izme\u0111u plo\u010da.<br \/>\nAGM stands for Absorbent Glass Mat. In these batteries the electrolyte is absorbed into a glass-fibre mat between the plates by capillary action.<\/p>\n<p>Nisko samopra\u017enjenje\nZbog upotrebe olovno-kalcijevih mre\u017ea i materijala visoke \u010disto\u0107e, Victron VRLA baterije mogu se skladi\u0161titi tijekom dugih vremenskih razdoblja bez ponovnog punjenja. Stopa samopra\u017enjenja je manja od 2% mjese\u010dno na 20\u00b0C. Samopra\u017enjenje se udvostru\u010duje za svaki porast temperature za 10\u00b0C.<br \/>\nBecause of the use of lead calcium grids and high purity materials, Victron VRLA batteries can be stored during long periods of time without recharge. The rate of self-discharge is less than 2% per month at 20\u00b0C. The self-discharge doubles for every increase in temperature with 10\u00b0C.<\/p>\n<p>Mali unutarnji otpor\nPrihva\u0107a vrlo visoke stope punjenja i pra\u017enjenja.<br \/>\nAccepts very high charge and discharge rates.<\/p>\n<p>Visoka cikli\u010dka \u017eivotna sposobnost\nVi\u0161e od 500 ciklusa na 50% dubine pra\u017enjenja.<br \/>\nMore than 500 cycles at 50% depth of discharge.<\/p>","protected":false},"featured_media":10911,"menu_order":29,"template":"","meta":[],"product_brand":[],"product_cat":[183],"product_tag":[],"class_list":{"0":"post-7363","1":"product","2":"type-product","3":"status-publish","4":"has-post-thumbnail","6":"product_cat-victron-energy-telecom-agm","8":"first","9":"onbackorder","10":"taxable","11":"shipping-taxable","12":"purchasable","13":"product-type-simple"},"yoast_head":"<!-- This site is optimized with the Yoast SEO plugin v27.3 - https:\/\/yoast.com\/product\/yoast-seo-wordpress\/ -->\n<title>12V\/115Ah AGM Telecomm Batt. (M8) - Energostore<\/title>\n<meta name=\"robots\" content=\"index, follow, max-snippet:-1, max-image-preview:large, max-video-preview:-1\" \/>\n<link rel=\"canonical\" href=\"https:\/\/energostore.com\/hr\/proizvod\/12v-115ah-agm-telecomm-batt-m8\/\" \/>\n<meta property=\"og:locale\" content=\"hr_HR\" \/>\n<meta property=\"og:type\" content=\"article\" \/>\n<meta property=\"og:title\" content=\"12V\/115Ah AGM Telecomm Batt. (M8) - Energostore\" \/>\n<meta property=\"og:description\" content=\"Designed for telecom applications; excellent &#039;floor space savers&#039; for marine and vehicle applications The deep cycle AGM telecom series has been designed for use in telecom systems. With front access terminals and small footprint, the batteries are ideal for racked systems. Similarly, these batteries can help solve limited floor space and access problems on board boats and vehicles.  AGM technology AGM stands for Absorbent Glass Mat. In these batteries the electrolyte is absorbed into a glass-fibre mat between the plates by capillary action.  Low self-discharge Because of the use of lead calcium grids and high purity materials, Victron VRLA batteries can be stored during long periods of time without recharge. The rate of self-discharge is less than 2% per month at 20\u00b0C. The self-discharge doubles for every increase in temperature with 10\u00b0C.  Low internal resistance Accepts very high charge and discharge rates.  High cyclic life capability More than 500 cycles at 50% depth of discharge.\" \/>\n<meta property=\"og:url\" content=\"https:\/\/energostore.com\/hr\/proizvod\/12v-115ah-agm-telecomm-batt-m8\/\" \/>\n<meta property=\"og:site_name\" content=\"Energostore\" \/>\n<meta property=\"article:modified_time\" content=\"2026-04-01T07:34:20+00:00\" \/>\n<meta property=\"og:image\" content=\"https:\/\/energostore.com\/wp-content\/uploads\/2024\/03\/115Ah-1.jpg\" \/>\n\t<meta property=\"og:image:width\" content=\"570\" \/>\n\t<meta property=\"og:image:height\" content=\"570\" \/>\n\t<meta property=\"og:image:type\" content=\"image\/jpeg\" \/>\n<meta name=\"twitter:card\" content=\"summary_large_image\" \/>\n<meta name=\"twitter:label1\" content=\"Procijenjeno vrijeme \u010ditanja\" \/>\n\t<meta name=\"twitter:data1\" content=\"3 minute\" \/>\n<script type=\"application\/ld+json\" class=\"yoast-schema-graph\">{\"@context\":\"https:\\\/\\\/schema.org\",\"@graph\":[{\"@type\":\"WebPage\",\"@id\":\"https:\\\/\\\/energostore.com\\\/product\\\/12v-115ah-agm-telecomm-batt-m8\\\/\",\"url\":\"https:\\\/\\\/energostore.com\\\/product\\\/12v-115ah-agm-telecomm-batt-m8\\\/\",\"name\":\"12V\\\/115Ah AGM Telecomm Batt. (M8) - Energostore\",\"isPartOf\":{\"@id\":\"https:\\\/\\\/energostore.com\\\/hr\\\/#website\"},\"primaryImageOfPage\":{\"@id\":\"https:\\\/\\\/energostore.com\\\/product\\\/12v-115ah-agm-telecomm-batt-m8\\\/#primaryimage\"},\"image\":{\"@id\":\"https:\\\/\\\/energostore.com\\\/product\\\/12v-115ah-agm-telecomm-batt-m8\\\/#primaryimage\"},\"thumbnailUrl\":\"https:\\\/\\\/energostore.com\\\/wp-content\\\/uploads\\\/2024\\\/03\\\/115Ah-1.jpg\",\"datePublished\":\"2024-03-14T13:47:57+00:00\",\"dateModified\":\"2026-04-01T07:34:20+00:00\",\"breadcrumb\":{\"@id\":\"https:\\\/\\\/energostore.com\\\/product\\\/12v-115ah-agm-telecomm-batt-m8\\\/#breadcrumb\"},\"inLanguage\":\"hr\",\"potentialAction\":[{\"@type\":\"ReadAction\",\"target\":[\"https:\\\/\\\/energostore.com\\\/product\\\/12v-115ah-agm-telecomm-batt-m8\\\/\"]}]},{\"@type\":\"ImageObject\",\"inLanguage\":\"hr\",\"@id\":\"https:\\\/\\\/energostore.com\\\/product\\\/12v-115ah-agm-telecomm-batt-m8\\\/#primaryimage\",\"url\":\"https:\\\/\\\/energostore.com\\\/wp-content\\\/uploads\\\/2024\\\/03\\\/115Ah-1.jpg\",\"contentUrl\":\"https:\\\/\\\/energostore.com\\\/wp-content\\\/uploads\\\/2024\\\/03\\\/115Ah-1.jpg\",\"width\":570,\"height\":570,\"caption\":\"Victron Energy Telecom115Ah\"},{\"@type\":\"BreadcrumbList\",\"@id\":\"https:\\\/\\\/energostore.com\\\/product\\\/12v-115ah-agm-telecomm-batt-m8\\\/#breadcrumb\",\"itemListElement\":[{\"@type\":\"ListItem\",\"position\":1,\"name\":\"Home\",\"item\":\"https:\\\/\\\/energostore.com\\\/\"},{\"@type\":\"ListItem\",\"position\":2,\"name\":\"Shop\",\"item\":\"https:\\\/\\\/energostore.com\\\/hr\\\/shop\\\/\"},{\"@type\":\"ListItem\",\"position\":3,\"name\":\"12V\\\/115Ah AGM Telecomm Batt. (M8)\"}]},{\"@type\":\"WebSite\",\"@id\":\"https:\\\/\\\/energostore.com\\\/hr\\\/#website\",\"url\":\"https:\\\/\\\/energostore.com\\\/hr\\\/\",\"name\":\"Energostore\",\"description\":\"Solar products online store\",\"publisher\":{\"@id\":\"https:\\\/\\\/energostore.com\\\/hr\\\/#organization\"},\"potentialAction\":[{\"@type\":\"SearchAction\",\"target\":{\"@type\":\"EntryPoint\",\"urlTemplate\":\"https:\\\/\\\/energostore.com\\\/hr\\\/?s={search_term_string}\"},\"query-input\":{\"@type\":\"PropertyValueSpecification\",\"valueRequired\":true,\"valueName\":\"search_term_string\"}}],\"inLanguage\":\"hr\"},{\"@type\":\"Organization\",\"@id\":\"https:\\\/\\\/energostore.com\\\/hr\\\/#organization\",\"name\":\"Energostore\",\"url\":\"https:\\\/\\\/energostore.com\\\/hr\\\/\",\"logo\":{\"@type\":\"ImageObject\",\"inLanguage\":\"hr\",\"@id\":\"https:\\\/\\\/energostore.com\\\/hr\\\/#\\\/schema\\\/logo\\\/image\\\/\",\"url\":\"https:\\\/\\\/energostore.com\\\/wp-content\\\/uploads\\\/2020\\\/07\\\/energostore_logo.png\",\"contentUrl\":\"https:\\\/\\\/energostore.com\\\/wp-content\\\/uploads\\\/2020\\\/07\\\/energostore_logo.png\",\"width\":517,\"height\":100,\"caption\":\"Energostore\"},\"image\":{\"@id\":\"https:\\\/\\\/energostore.com\\\/hr\\\/#\\\/schema\\\/logo\\\/image\\\/\"}}]}<\/script>\n<!-- \/ Yoast SEO plugin. -->","yoast_head_json":{"title":"12V\/115Ah AGM Telecomm Batt. (M8) - Energostore","robots":{"index":"index","follow":"follow","max-snippet":"max-snippet:-1","max-image-preview":"max-image-preview:large","max-video-preview":"max-video-preview:-1"},"canonical":"https:\/\/energostore.com\/hr\/proizvod\/12v-115ah-agm-telecomm-batt-m8\/","og_locale":"hr_HR","og_type":"article","og_title":"12V\/115Ah AGM Telecomm Batt. (M8) - Energostore","og_description":"Designed for telecom applications; excellent 'floor space savers' for marine and vehicle applications The deep cycle AGM telecom series has been designed for use in telecom systems. With front access terminals and small footprint, the batteries are ideal for racked systems. Similarly, these batteries can help solve limited floor space and access problems on board boats and vehicles.  AGM technology AGM stands for Absorbent Glass Mat. In these batteries the electrolyte is absorbed into a glass-fibre mat between the plates by capillary action.  Low self-discharge Because of the use of lead calcium grids and high purity materials, Victron VRLA batteries can be stored during long periods of time without recharge. The rate of self-discharge is less than 2% per month at 20\u00b0C. The self-discharge doubles for every increase in temperature with 10\u00b0C.  Low internal resistance Accepts very high charge and discharge rates.  High cyclic life capability More than 500 cycles at 50% depth of discharge.","og_url":"https:\/\/energostore.com\/hr\/proizvod\/12v-115ah-agm-telecomm-batt-m8\/","og_site_name":"Energostore","article_modified_time":"2026-04-01T07:34:20+00:00","og_image":[{"width":570,"height":570,"url":"https:\/\/energostore.com\/wp-content\/uploads\/2024\/03\/115Ah-1.jpg","type":"image\/jpeg"}],"twitter_card":"summary_large_image","twitter_misc":{"Procijenjeno vrijeme \u010ditanja":"3 minute"},"schema":{"@context":"https:\/\/schema.org","@graph":[{"@type":"WebPage","@id":"https:\/\/energostore.com\/product\/12v-115ah-agm-telecomm-batt-m8\/","url":"https:\/\/energostore.com\/product\/12v-115ah-agm-telecomm-batt-m8\/","name":"12V\/115Ah AGM Telecomm Batt. (M8) - Energostore","isPartOf":{"@id":"https:\/\/energostore.com\/hr\/#website"},"primaryImageOfPage":{"@id":"https:\/\/energostore.com\/product\/12v-115ah-agm-telecomm-batt-m8\/#primaryimage"},"image":{"@id":"https:\/\/energostore.com\/product\/12v-115ah-agm-telecomm-batt-m8\/#primaryimage"},"thumbnailUrl":"https:\/\/energostore.com\/wp-content\/uploads\/2024\/03\/115Ah-1.jpg","datePublished":"2024-03-14T13:47:57+00:00","dateModified":"2026-04-01T07:34:20+00:00","breadcrumb":{"@id":"https:\/\/energostore.com\/product\/12v-115ah-agm-telecomm-batt-m8\/#breadcrumb"},"inLanguage":"hr","potentialAction":[{"@type":"ReadAction","target":["https:\/\/energostore.com\/product\/12v-115ah-agm-telecomm-batt-m8\/"]}]},{"@type":"ImageObject","inLanguage":"hr","@id":"https:\/\/energostore.com\/product\/12v-115ah-agm-telecomm-batt-m8\/#primaryimage","url":"https:\/\/energostore.com\/wp-content\/uploads\/2024\/03\/115Ah-1.jpg","contentUrl":"https:\/\/energostore.com\/wp-content\/uploads\/2024\/03\/115Ah-1.jpg","width":570,"height":570,"caption":"Victron Energy Telecom115Ah"},{"@type":"BreadcrumbList","@id":"https:\/\/energostore.com\/product\/12v-115ah-agm-telecomm-batt-m8\/#breadcrumb","itemListElement":[{"@type":"ListItem","position":1,"name":"Home","item":"https:\/\/energostore.com\/"},{"@type":"ListItem","position":2,"name":"Shop","item":"https:\/\/energostore.com\/hr\/shop\/"},{"@type":"ListItem","position":3,"name":"12V\/115Ah AGM Telecomm Batt. (M8)"}]},{"@type":"WebSite","@id":"https:\/\/energostore.com\/hr\/#website","url":"https:\/\/energostore.com\/hr\/","name":"Energostore","description":"Solar products online store","publisher":{"@id":"https:\/\/energostore.com\/hr\/#organization"},"potentialAction":[{"@type":"SearchAction","target":{"@type":"EntryPoint","urlTemplate":"https:\/\/energostore.com\/hr\/?s={search_term_string}"},"query-input":{"@type":"PropertyValueSpecification","valueRequired":true,"valueName":"search_term_string"}}],"inLanguage":"hr"},{"@type":"Organization","@id":"https:\/\/energostore.com\/hr\/#organization","name":"Energostore","url":"https:\/\/energostore.com\/hr\/","logo":{"@type":"ImageObject","inLanguage":"hr","@id":"https:\/\/energostore.com\/hr\/#\/schema\/logo\/image\/","url":"https:\/\/energostore.com\/wp-content\/uploads\/2020\/07\/energostore_logo.png","contentUrl":"https:\/\/energostore.com\/wp-content\/uploads\/2020\/07\/energostore_logo.png","width":517,"height":100,"caption":"Energostore"},"image":{"@id":"https:\/\/energostore.com\/hr\/#\/schema\/logo\/image\/"}}]}},"_links":{"self":[{"href":"https:\/\/energostore.com\/hr\/wp-json\/wp\/v2\/product\/7363","targetHints":{"allow":["GET"]}}],"collection":[{"href":"https:\/\/energostore.com\/hr\/wp-json\/wp\/v2\/product"}],"about":[{"href":"https:\/\/energostore.com\/hr\/wp-json\/wp\/v2\/types\/product"}],"version-history":[{"count":1,"href":"https:\/\/energostore.com\/hr\/wp-json\/wp\/v2\/product\/7363\/revisions"}],"predecessor-version":[{"id":7364,"href":"https:\/\/energostore.com\/hr\/wp-json\/wp\/v2\/product\/7363\/revisions\/7364"}],"wp:featuredmedia":[{"embeddable":true,"href":"https:\/\/energostore.com\/hr\/wp-json\/wp\/v2\/media\/10911"}],"wp:attachment":[{"href":"https:\/\/energostore.com\/hr\/wp-json\/wp\/v2\/media?parent=7363"}],"wp:term":[{"taxonomy":"product_brand","embeddable":true,"href":"https:\/\/energostore.com\/hr\/wp-json\/wp\/v2\/product_brand?post=7363"},{"taxonomy":"product_cat","embeddable":true,"href":"https:\/\/energostore.com\/hr\/wp-json\/wp\/v2\/product_cat?post=7363"},{"taxonomy":"product_tag","embeddable":true,"href":"https:\/\/energostore.com\/hr\/wp-json\/wp\/v2\/product_tag?post=7363"}],"curies":[{"name":"wp","href":"https:\/\/api.w.org\/{rel}","templated":true}]}}