{"id":5413,"date":"2020-07-07T09:41:43","date_gmt":"2020-07-07T09:41:43","guid":{"rendered":"https:\/\/energostore.com\/product\/solar-splitter-pair-mc4-y-1x-m-2f-1xf-2m\/"},"modified":"2025-07-16T06:27:59","modified_gmt":"2025-07-16T06:27:59","slug":"solar-splitter-pair-mc4-y-1x-m-2f-1xf","status":"publish","type":"product","link":"https:\/\/energostore.com\/hr\/proizvod\/solar-splitter-pair-mc4-y-1x-m-2f-1xf\/","title":{"rendered":"Solar splitter pair MC4-Y, 1x M-2F \/ 1xF 2M"},"content":{"rendered":"<p>\u2022 Niski naponsko-temperaturni koeficijent pobolj\u0161ava rad na visokim temperaturama.<\/p>\n<p>\u2022 Iznimne performanse pri slabom osvjetljenju i visoka osjetljivost na svjetlost u cijelom solarnom spektru.<\/p>\n<p>25-godi\u0161nje ograni\u010deno jamstvo na izlaznu snagu i performanse.<\/p>\n<p>5-godi\u0161nje ograni\u010deno jamstvo na materijale i izradu.<\/p>\n<p>Zatvorena, vodootporna, vi\u0161enamjenska razvodna kutija pru\u017ea visoku razinu sigurnosti.<\/p>\n<p>Premosne diode visokih performansi smanjuju pad snage uzrokovan sjenom.<\/p>\n<p>Napredni EVA (etilen vinil acetat) sustav inkapsulacije s troslojnim stra\u017enjim slojem ispunjava najstro\u017ee sigurnosne zahtjeve za rad pod visokim naponom.<\/p>\n<p>\u010cvrsti, anodizirani aluminijski okvir omogu\u0107uje jednostavnu monta\u017eu modula na krov s razli\u010ditim standardnim sustavima za monta\u017eu.<\/p>\n<p>\u2022 Highest quality, high-transmission tempered glass provides enhanced stiffness and impact resistance.\u2022 Pre wired quick-connect system with PV-ST01 connectors.<\/p>\n<h1><\/h1>\n<h1>Datasheet<\/h1>\n<p><a title=\"BlueSolar Monocrystalline Panels\" href=\"https:\/\/www.victronenergy.com\/upload\/documents\/Datasheet-BlueSolar-Monocrystalline-Panels-EN.pdf\"><img decoding=\"async\" style=\"margin-right: 5px;\" src=\"\/wp-content\/uploads\/2020\/08\/doc_datasheet.png\" \/> BlueSolar Monocrystalline Panels<\/a><\/p>\n<p><a title=\"BlueSolar Polycrystalline Panels\" href=\"https:\/\/www.victronenergy.com\/upload\/documents\/Datasheet-BlueSolar-Polycrystalline-Panels-EN.pdf\"><img decoding=\"async\" style=\"margin-right: 5px;\" src=\"\/wp-content\/uploads\/2020\/08\/doc_datasheet.png\" \/> BlueSolar Polycrystalline Panels<\/a><\/p>\n<h4>Dokumenti<\/h4>\n<p><a title=\"Automotive\" href=\"https:\/\/www.victronenergy.com\/upload\/documents\/Brochure-Automotive_EN_web.pdf\"><img decoding=\"async\" style=\"margin-right: 5px;\" src=\"\/wp-content\/uploads\/2020\/08\/doc_brochure.png\" \/> Automotive (Brochure)<\/a><\/p>\n<p><a title=\"BlueSolar Panels\" href=\"https:\/\/www.victronenergy.com\/upload\/documents\/Installation-Manual-BlueSolar-Panels-EN-NL-FR-DE-ES-SE.pdf\"><img decoding=\"async\" style=\"margin-right: 5px;\" src=\"\/wp-content\/uploads\/2020\/08\/doc_manual.png\" \/> BlueSolar Panels (Manual)<\/a><\/p>\n<p><a title=\"Declaration of Conformity - Photovoltaic modules 2019-06-06\" href=\"https:\/\/www.victronenergy.com\/upload\/documents\/Photovoltaic-modules-2019-06-06.pdf\"><img decoding=\"async\" style=\"margin-right: 5px;\" src=\"\/wp-content\/uploads\/2020\/08\/doc_certificate.png\" \/> Declaration of Conformity &#8211; Photovoltaic modules 2019-06-06 (Certificate)<\/a><\/p>\n<p><a title=\"ISO9001 certificate\" href=\"https:\/\/www.victronenergy.com\/upload\/documents\/ISO9001-certificate-2018.pdf\"><img decoding=\"async\" style=\"margin-right: 5px;\" src=\"\/wp-content\/uploads\/2020\/08\/doc_certificate.png\" \/> ISO9001 certificate (Certificate)<\/a><\/p>\n<p><a title=\"Marine\" href=\"https:\/\/www.victronenergy.com\/upload\/documents\/Brochure-Marine_EN_web.pdf\"><img decoding=\"async\" style=\"margin-right: 5px;\" src=\"\/wp-content\/uploads\/2020\/08\/doc_brochure.png\" \/> Marine (Brochure)<\/a><\/p>\n<p><a title=\"Oceanvolt teams up with Victron Energy\" href=\"https:\/\/www.victronenergy.com\/upload\/documents\/Press_release-_20131121_Oceanvolt-teams-up-with-Victron-Energy_EN.pdf\"><img decoding=\"async\" style=\"margin-right: 5px;\" src=\"\/wp-content\/uploads\/2020\/08\/doc_press_release.png\" \/> Oceanvolt teams up with Victron Energy (Press release)<\/a><\/p>\n<p><a title=\"Off-grid, Backup and Island systems\" href=\"https:\/\/www.victronenergy.com\/upload\/documents\/Brochure-Off-Grid-backup-and-island-systems_EN_web.pdf\"><img decoding=\"async\" style=\"margin-right: 5px;\" src=\"\/wp-content\/uploads\/2020\/08\/doc_brochure.png\" \/> Off-grid, Backup and Island systems (Brochure)<\/a><\/p>","protected":false},"excerpt":{"rendered":"<p>Solar splitter pair MC4-Y, 1x M-2F \/ 1xF<\/p>","protected":false},"featured_media":9469,"menu_order":717,"template":"","meta":[],"product_brand":[],"product_cat":[209],"product_tag":[],"class_list":{"0":"post-5413","1":"product","2":"type-product","3":"status-publish","4":"has-post-thumbnail","6":"product_cat-solar-cables-mc4-connectors","7":"product_shipping_class-delivery","9":"first","10":"instock","11":"shipping-taxable","12":"purchasable","13":"product-type-simple"},"yoast_head":"<!-- This site is optimized with the Yoast SEO plugin v27.3 - https:\/\/yoast.com\/product\/yoast-seo-wordpress\/ -->\n<title>Solar splitter pair MC4-Y, 1x M-2F \/ 1xF 2M - Energostore<\/title>\n<meta name=\"robots\" content=\"index, follow, max-snippet:-1, max-image-preview:large, max-video-preview:-1\" \/>\n<link rel=\"canonical\" href=\"https:\/\/energostore.com\/hr\/proizvod\/solar-splitter-pair-mc4-y-1x-m-2f-1xf\/\" \/>\n<meta property=\"og:locale\" content=\"hr_HR\" \/>\n<meta property=\"og:type\" content=\"article\" \/>\n<meta property=\"og:title\" content=\"Solar splitter pair MC4-Y, 1x M-2F \/ 1xF 2M - Energostore\" \/>\n<meta property=\"og:description\" content=\"Solar splitter pair MC4-Y, 1x M-2F \/ 1xF\" \/>\n<meta property=\"og:url\" content=\"https:\/\/energostore.com\/hr\/proizvod\/solar-splitter-pair-mc4-y-1x-m-2f-1xf\/\" \/>\n<meta property=\"og:site_name\" content=\"Energostore\" \/>\n<meta property=\"article:modified_time\" content=\"2025-07-16T06:27:59+00:00\" \/>\n<meta property=\"og:image\" content=\"https:\/\/energostore.com\/wp-content\/uploads\/2020\/07\/Solar-splitter-pair-MC4-Y-1x-M-2F-_-1xF.webp\" \/>\n\t<meta property=\"og:image:width\" content=\"600\" \/>\n\t<meta property=\"og:image:height\" content=\"698\" \/>\n\t<meta property=\"og:image:type\" content=\"image\/webp\" \/>\n<meta name=\"twitter:card\" content=\"summary_large_image\" \/>\n<meta name=\"twitter:label1\" content=\"Procijenjeno vrijeme \u010ditanja\" \/>\n\t<meta name=\"twitter:data1\" content=\"3 minute\" \/>\n<script type=\"application\/ld+json\" class=\"yoast-schema-graph\">{\"@context\":\"https:\\\/\\\/schema.org\",\"@graph\":[{\"@type\":\"WebPage\",\"@id\":\"https:\\\/\\\/energostore.com\\\/product\\\/solar-splitter-pair-mc4-y-1x-m-2f-1xf\\\/\",\"url\":\"https:\\\/\\\/energostore.com\\\/product\\\/solar-splitter-pair-mc4-y-1x-m-2f-1xf\\\/\",\"name\":\"Solar splitter pair MC4-Y, 1x M-2F \\\/ 1xF 2M - Energostore\",\"isPartOf\":{\"@id\":\"https:\\\/\\\/energostore.com\\\/hr\\\/#website\"},\"primaryImageOfPage\":{\"@id\":\"https:\\\/\\\/energostore.com\\\/product\\\/solar-splitter-pair-mc4-y-1x-m-2f-1xf\\\/#primaryimage\"},\"image\":{\"@id\":\"https:\\\/\\\/energostore.com\\\/product\\\/solar-splitter-pair-mc4-y-1x-m-2f-1xf\\\/#primaryimage\"},\"thumbnailUrl\":\"https:\\\/\\\/energostore.com\\\/wp-content\\\/uploads\\\/2020\\\/07\\\/Solar-splitter-pair-MC4-Y-1x-M-2F-_-1xF.webp\",\"datePublished\":\"2020-07-07T09:41:43+00:00\",\"dateModified\":\"2025-07-16T06:27:59+00:00\",\"breadcrumb\":{\"@id\":\"https:\\\/\\\/energostore.com\\\/product\\\/solar-splitter-pair-mc4-y-1x-m-2f-1xf\\\/#breadcrumb\"},\"inLanguage\":\"hr\",\"potentialAction\":[{\"@type\":\"ReadAction\",\"target\":[\"https:\\\/\\\/energostore.com\\\/product\\\/solar-splitter-pair-mc4-y-1x-m-2f-1xf\\\/\"]}]},{\"@type\":\"ImageObject\",\"inLanguage\":\"hr\",\"@id\":\"https:\\\/\\\/energostore.com\\\/product\\\/solar-splitter-pair-mc4-y-1x-m-2f-1xf\\\/#primaryimage\",\"url\":\"https:\\\/\\\/energostore.com\\\/wp-content\\\/uploads\\\/2020\\\/07\\\/Solar-splitter-pair-MC4-Y-1x-M-2F-_-1xF.webp\",\"contentUrl\":\"https:\\\/\\\/energostore.com\\\/wp-content\\\/uploads\\\/2020\\\/07\\\/Solar-splitter-pair-MC4-Y-1x-M-2F-_-1xF.webp\",\"width\":600,\"height\":698,\"caption\":\"Solar splitter pair MC4-Y, 1x M-2F _ 1xF\"},{\"@type\":\"BreadcrumbList\",\"@id\":\"https:\\\/\\\/energostore.com\\\/product\\\/solar-splitter-pair-mc4-y-1x-m-2f-1xf\\\/#breadcrumb\",\"itemListElement\":[{\"@type\":\"ListItem\",\"position\":1,\"name\":\"Home\",\"item\":\"https:\\\/\\\/energostore.com\\\/\"},{\"@type\":\"ListItem\",\"position\":2,\"name\":\"Shop\",\"item\":\"https:\\\/\\\/energostore.com\\\/hr\\\/shop\\\/\"},{\"@type\":\"ListItem\",\"position\":3,\"name\":\"Solar splitter pair MC4-Y, 1x M-2F \\\/ 1xF 2M\"}]},{\"@type\":\"WebSite\",\"@id\":\"https:\\\/\\\/energostore.com\\\/hr\\\/#website\",\"url\":\"https:\\\/\\\/energostore.com\\\/hr\\\/\",\"name\":\"Energostore\",\"description\":\"Solar products online store\",\"publisher\":{\"@id\":\"https:\\\/\\\/energostore.com\\\/hr\\\/#organization\"},\"potentialAction\":[{\"@type\":\"SearchAction\",\"target\":{\"@type\":\"EntryPoint\",\"urlTemplate\":\"https:\\\/\\\/energostore.com\\\/hr\\\/?s={search_term_string}\"},\"query-input\":{\"@type\":\"PropertyValueSpecification\",\"valueRequired\":true,\"valueName\":\"search_term_string\"}}],\"inLanguage\":\"hr\"},{\"@type\":\"Organization\",\"@id\":\"https:\\\/\\\/energostore.com\\\/hr\\\/#organization\",\"name\":\"Energostore\",\"url\":\"https:\\\/\\\/energostore.com\\\/hr\\\/\",\"logo\":{\"@type\":\"ImageObject\",\"inLanguage\":\"hr\",\"@id\":\"https:\\\/\\\/energostore.com\\\/hr\\\/#\\\/schema\\\/logo\\\/image\\\/\",\"url\":\"https:\\\/\\\/energostore.com\\\/wp-content\\\/uploads\\\/2020\\\/07\\\/energostore_logo.png\",\"contentUrl\":\"https:\\\/\\\/energostore.com\\\/wp-content\\\/uploads\\\/2020\\\/07\\\/energostore_logo.png\",\"width\":517,\"height\":100,\"caption\":\"Energostore\"},\"image\":{\"@id\":\"https:\\\/\\\/energostore.com\\\/hr\\\/#\\\/schema\\\/logo\\\/image\\\/\"}}]}<\/script>\n<!-- \/ Yoast SEO plugin. -->","yoast_head_json":{"title":"Solar splitter pair MC4-Y, 1x M-2F \/ 1xF 2M - Energostore","robots":{"index":"index","follow":"follow","max-snippet":"max-snippet:-1","max-image-preview":"max-image-preview:large","max-video-preview":"max-video-preview:-1"},"canonical":"https:\/\/energostore.com\/hr\/proizvod\/solar-splitter-pair-mc4-y-1x-m-2f-1xf\/","og_locale":"hr_HR","og_type":"article","og_title":"Solar splitter pair MC4-Y, 1x M-2F \/ 1xF 2M - Energostore","og_description":"Solar splitter pair MC4-Y, 1x M-2F \/ 1xF","og_url":"https:\/\/energostore.com\/hr\/proizvod\/solar-splitter-pair-mc4-y-1x-m-2f-1xf\/","og_site_name":"Energostore","article_modified_time":"2025-07-16T06:27:59+00:00","og_image":[{"width":600,"height":698,"url":"https:\/\/energostore.com\/wp-content\/uploads\/2020\/07\/Solar-splitter-pair-MC4-Y-1x-M-2F-_-1xF.webp","type":"image\/webp"}],"twitter_card":"summary_large_image","twitter_misc":{"Procijenjeno vrijeme \u010ditanja":"3 minute"},"schema":{"@context":"https:\/\/schema.org","@graph":[{"@type":"WebPage","@id":"https:\/\/energostore.com\/product\/solar-splitter-pair-mc4-y-1x-m-2f-1xf\/","url":"https:\/\/energostore.com\/product\/solar-splitter-pair-mc4-y-1x-m-2f-1xf\/","name":"Solar splitter pair MC4-Y, 1x M-2F \/ 1xF 2M - Energostore","isPartOf":{"@id":"https:\/\/energostore.com\/hr\/#website"},"primaryImageOfPage":{"@id":"https:\/\/energostore.com\/product\/solar-splitter-pair-mc4-y-1x-m-2f-1xf\/#primaryimage"},"image":{"@id":"https:\/\/energostore.com\/product\/solar-splitter-pair-mc4-y-1x-m-2f-1xf\/#primaryimage"},"thumbnailUrl":"https:\/\/energostore.com\/wp-content\/uploads\/2020\/07\/Solar-splitter-pair-MC4-Y-1x-M-2F-_-1xF.webp","datePublished":"2020-07-07T09:41:43+00:00","dateModified":"2025-07-16T06:27:59+00:00","breadcrumb":{"@id":"https:\/\/energostore.com\/product\/solar-splitter-pair-mc4-y-1x-m-2f-1xf\/#breadcrumb"},"inLanguage":"hr","potentialAction":[{"@type":"ReadAction","target":["https:\/\/energostore.com\/product\/solar-splitter-pair-mc4-y-1x-m-2f-1xf\/"]}]},{"@type":"ImageObject","inLanguage":"hr","@id":"https:\/\/energostore.com\/product\/solar-splitter-pair-mc4-y-1x-m-2f-1xf\/#primaryimage","url":"https:\/\/energostore.com\/wp-content\/uploads\/2020\/07\/Solar-splitter-pair-MC4-Y-1x-M-2F-_-1xF.webp","contentUrl":"https:\/\/energostore.com\/wp-content\/uploads\/2020\/07\/Solar-splitter-pair-MC4-Y-1x-M-2F-_-1xF.webp","width":600,"height":698,"caption":"Solar splitter pair MC4-Y, 1x M-2F _ 1xF"},{"@type":"BreadcrumbList","@id":"https:\/\/energostore.com\/product\/solar-splitter-pair-mc4-y-1x-m-2f-1xf\/#breadcrumb","itemListElement":[{"@type":"ListItem","position":1,"name":"Home","item":"https:\/\/energostore.com\/"},{"@type":"ListItem","position":2,"name":"Shop","item":"https:\/\/energostore.com\/hr\/shop\/"},{"@type":"ListItem","position":3,"name":"Solar splitter pair MC4-Y, 1x M-2F \/ 1xF 2M"}]},{"@type":"WebSite","@id":"https:\/\/energostore.com\/hr\/#website","url":"https:\/\/energostore.com\/hr\/","name":"Energostore","description":"Solar products online store","publisher":{"@id":"https:\/\/energostore.com\/hr\/#organization"},"potentialAction":[{"@type":"SearchAction","target":{"@type":"EntryPoint","urlTemplate":"https:\/\/energostore.com\/hr\/?s={search_term_string}"},"query-input":{"@type":"PropertyValueSpecification","valueRequired":true,"valueName":"search_term_string"}}],"inLanguage":"hr"},{"@type":"Organization","@id":"https:\/\/energostore.com\/hr\/#organization","name":"Energostore","url":"https:\/\/energostore.com\/hr\/","logo":{"@type":"ImageObject","inLanguage":"hr","@id":"https:\/\/energostore.com\/hr\/#\/schema\/logo\/image\/","url":"https:\/\/energostore.com\/wp-content\/uploads\/2020\/07\/energostore_logo.png","contentUrl":"https:\/\/energostore.com\/wp-content\/uploads\/2020\/07\/energostore_logo.png","width":517,"height":100,"caption":"Energostore"},"image":{"@id":"https:\/\/energostore.com\/hr\/#\/schema\/logo\/image\/"}}]}},"_links":{"self":[{"href":"https:\/\/energostore.com\/hr\/wp-json\/wp\/v2\/product\/5413","targetHints":{"allow":["GET"]}}],"collection":[{"href":"https:\/\/energostore.com\/hr\/wp-json\/wp\/v2\/product"}],"about":[{"href":"https:\/\/energostore.com\/hr\/wp-json\/wp\/v2\/types\/product"}],"version-history":[{"count":4,"href":"https:\/\/energostore.com\/hr\/wp-json\/wp\/v2\/product\/5413\/revisions"}],"predecessor-version":[{"id":9597,"href":"https:\/\/energostore.com\/hr\/wp-json\/wp\/v2\/product\/5413\/revisions\/9597"}],"wp:featuredmedia":[{"embeddable":true,"href":"https:\/\/energostore.com\/hr\/wp-json\/wp\/v2\/media\/9469"}],"wp:attachment":[{"href":"https:\/\/energostore.com\/hr\/wp-json\/wp\/v2\/media?parent=5413"}],"wp:term":[{"taxonomy":"product_brand","embeddable":true,"href":"https:\/\/energostore.com\/hr\/wp-json\/wp\/v2\/product_brand?post=5413"},{"taxonomy":"product_cat","embeddable":true,"href":"https:\/\/energostore.com\/hr\/wp-json\/wp\/v2\/product_cat?post=5413"},{"taxonomy":"product_tag","embeddable":true,"href":"https:\/\/energostore.com\/hr\/wp-json\/wp\/v2\/product_tag?post=5413"}],"curies":[{"name":"wp","href":"https:\/\/api.w.org\/{rel}","templated":true}]}}