{"id":5411,"date":"2020-07-07T09:41:39","date_gmt":"2020-07-07T09:41:39","guid":{"rendered":"https:\/\/energostore.com\/product\/solar-connector-pair-mc4-1x-male-1x-female\/"},"modified":"2025-07-16T06:14:02","modified_gmt":"2025-07-16T06:14:02","slug":"solar-connector-pair-mc4-1x-male-1x-female","status":"publish","type":"product","link":"https:\/\/energostore.com\/hr\/proizvod\/solar-connector-pair-mc4-1x-male-1x-female\/","title":{"rendered":"Solar connector pair MC4, 1x Male\/1x Female"},"content":{"rendered":"<p>\u2022 Niski naponsko-temperaturni koeficijent pobolj\u0161ava rad na visokim temperaturama.<\/p>\n<p>\u2022 Iznimne performanse pri slabom osvjetljenju i visoka osjetljivost na svjetlost u cijelom solarnom spektru.<br \/>\n25-godi\u0161nje ograni\u010deno jamstvo na izlaznu snagu i performanse.<br \/>\n5-godi\u0161nje ograni\u010deno jamstvo na materijale i izradu.<br \/>\nZatvorena, vodootporna, vi\u0161enamjenska razvodna kutija pru\u017ea visoku razinu sigurnosti.<br \/>\nPremosne diode visokih performansi smanjuju pad snage uzrokovan sjenom.<br \/>\nNapredni EVA (etilen vinil acetat) sustav inkapsulacije s troslojnim stra\u017enjim slojem ispunjava najstro\u017ee sigurnosne zahtjeve za rad pod visokim naponom.<br \/>\n\u010cvrsti, anodizirani aluminijski okvir omogu\u0107uje jednostavnu monta\u017eu modula na krov s razli\u010ditim standardnim sustavima za monta\u017eu.<br \/>\nNajkvalitetnije kaljeno staklo visoke propusnosti pru\u017ea pove\u0107anu krutost i otpornost na udarce.<br \/>\nPrethodno o\u017ei\u010deni sustav za brzo spajanje s PV-ST01 konektorima<\/p>\n<h1>Datasheet<\/h1>\n<p><a title=\"BlueSolar Monocrystalline Panels\" href=\"https:\/\/www.victronenergy.com\/upload\/documents\/Datasheet-BlueSolar-Monocrystalline-Panels-EN.pdf\"><img decoding=\"async\" style=\"margin-right: 5px;\" src=\"\/wp-content\/uploads\/2020\/08\/doc_datasheet.png\" \/> BlueSolar Monocrystalline Panels<\/a><\/p>\n<p><a title=\"BlueSolar Polycrystalline Panels\" href=\"https:\/\/www.victronenergy.com\/upload\/documents\/Datasheet-BlueSolar-Polycrystalline-Panels-EN.pdf\"><img decoding=\"async\" style=\"margin-right: 5px;\" src=\"\/wp-content\/uploads\/2020\/08\/doc_datasheet.png\" \/> BlueSolar Polycrystalline Panels<\/a><\/p>\n<h4>Dokumenti<\/h4>\n<p><a title=\"Automotive\" href=\"https:\/\/www.victronenergy.com\/upload\/documents\/Brochure-Automotive_EN_web.pdf\"><img decoding=\"async\" style=\"margin-right: 5px;\" src=\"\/wp-content\/uploads\/2020\/08\/doc_brochure.png\" \/> Automotive (Brochure)<\/a><\/p>\n<p><a title=\"BlueSolar Panels\" href=\"https:\/\/www.victronenergy.com\/upload\/documents\/Installation-Manual-BlueSolar-Panels-EN-NL-FR-DE-ES-SE.pdf\"><img decoding=\"async\" style=\"margin-right: 5px;\" src=\"\/wp-content\/uploads\/2020\/08\/doc_manual.png\" \/> BlueSolar Panels (Manual)<\/a><\/p>\n<p><a title=\"Declaration of Conformity - Photovoltaic modules 2019-06-06\" href=\"https:\/\/www.victronenergy.com\/upload\/documents\/Photovoltaic-modules-2019-06-06.pdf\"><img decoding=\"async\" style=\"margin-right: 5px;\" src=\"\/wp-content\/uploads\/2020\/08\/doc_certificate.png\" \/> Declaration of Conformity &#8211; Photovoltaic modules 2019-06-06 (Certificate)<\/a><\/p>\n<p><a title=\"ISO9001 certificate\" href=\"https:\/\/www.victronenergy.com\/upload\/documents\/ISO9001-certificate-2018.pdf\"><img decoding=\"async\" style=\"margin-right: 5px;\" src=\"\/wp-content\/uploads\/2020\/08\/doc_certificate.png\" \/> ISO9001 certificate (Certificate)<\/a><\/p>\n<p><a title=\"Marine\" href=\"https:\/\/www.victronenergy.com\/upload\/documents\/Brochure-Marine_EN_web.pdf\"><img decoding=\"async\" style=\"margin-right: 5px;\" src=\"\/wp-content\/uploads\/2020\/08\/doc_brochure.png\" \/> Marine (Brochure)<\/a><\/p>\n<p><a title=\"Oceanvolt teams up with Victron Energy\" href=\"https:\/\/www.victronenergy.com\/upload\/documents\/Press_release-_20131121_Oceanvolt-teams-up-with-Victron-Energy_EN.pdf\"><img decoding=\"async\" style=\"margin-right: 5px;\" src=\"\/wp-content\/uploads\/2020\/08\/doc_press_release.png\" \/> Oceanvolt teams up with Victron Energy (Press release)<\/a><\/p>\n<p><a title=\"Off-grid, Backup and Island systems\" href=\"https:\/\/www.victronenergy.com\/upload\/documents\/Brochure-Off-Grid-backup-and-island-systems_EN_web.pdf\"><img decoding=\"async\" style=\"margin-right: 5px;\" src=\"\/wp-content\/uploads\/2020\/08\/doc_brochure.png\" \/> Off-grid, Backup and Island systems (Brochure)<\/a><\/p>","protected":false},"excerpt":{"rendered":"<p>\u2022 Niski naponsko-temperaturni koeficijent pobolj\u0161ava rad na visokim temperaturama.<\/p>\n<p>\u2022 Iznimne performanse pri slabom osvjetljenju i visoka osjetljivost na svjetlost u cijelom solarnom spektru.<br \/>\n25-godi\u0161nje ograni\u010deno jamstvo na izlaznu snagu i performanse.<br \/>\n5-godi\u0161nje ograni\u010deno jamstvo na materijale i izradu.<br \/>\nZatvorena, vodootporna, vi\u0161enamjenska razvodna kutija pru\u017ea visoku razinu sigurnosti.<br \/>\nPremosne diode visokih performansi smanjuju pad snage uzrokovan sjenom.<br \/>\nNapredni EVA (etilen vinil acetat) sustav inkapsulacije s troslojnim stra\u017enjim slojem ispunjava najstro\u017ee sigurnosne zahtjeve za rad pod visokim naponom.<br \/>\n\u010cvrsti, anodizirani aluminijski okvir omogu\u0107uje jednostavnu monta\u017eu modula na krov s razli\u010ditim standardnim sustavima za monta\u017eu.<br \/>\nNajkvalitetnije kaljeno staklo visoke propusnosti pru\u017ea pove\u0107anu krutost i otpornost na udarce.<br \/>\nPrethodno o\u017ei\u010deni sustav za brzo spajanje s PV-ST01 konektorima<\/p>","protected":false},"featured_media":5828,"menu_order":716,"template":"","meta":[],"product_brand":[],"product_cat":[209],"product_tag":[],"class_list":{"0":"post-5411","1":"product","2":"type-product","3":"status-publish","4":"has-post-thumbnail","6":"product_cat-solar-cables-mc4-connectors","7":"product_shipping_class-delivery","9":"first","10":"instock","11":"shipping-taxable","12":"purchasable","13":"product-type-simple"},"yoast_head":"<!-- This site is optimized with the Yoast SEO plugin v27.3 - https:\/\/yoast.com\/product\/yoast-seo-wordpress\/ -->\n<title>Solar connector pair MC4, 1x Male\/1x Female - Energostore<\/title>\n<meta name=\"robots\" content=\"index, follow, max-snippet:-1, max-image-preview:large, max-video-preview:-1\" \/>\n<link rel=\"canonical\" href=\"https:\/\/energostore.com\/hr\/proizvod\/solar-connector-pair-mc4-1x-male-1x-female\/\" \/>\n<meta property=\"og:locale\" content=\"hr_HR\" \/>\n<meta property=\"og:type\" content=\"article\" \/>\n<meta property=\"og:title\" content=\"Solar connector pair MC4, 1x Male\/1x Female - Energostore\" \/>\n<meta property=\"og:description\" content=\"\u2022 Low voltage-temperature coefficient enhances high-temperature operation.  \u2022 Exceptional low-light performance and high sensitivity to light across the entire solar spectrum. \u2022 25-Year limited warranty on power output and performance. \u2022 5-Year Limited warranty on materials and workmanship. \u2022 Sealed, waterproof, multifunctional junction box gives high level of safety. \u2022 High performance bypass diodes minimize the power drop caused by shade. \u2022 Advanced EVA (Ethylene Vinyl Acetate) encapsulation system with triple-layer back sheet meets the most stringent safety requirements for high-voltage operation. \u2022 A sturdy, anodized aluminium frame allows modules to be easily roof-mounted with a variety of standard mounting systems. \u2022 Highest quality, high-transmission tempered glass provides enhanced stiffness and impact resistance. \u2022 Pre wired quick-connect system with PV-ST01 connectors.\" \/>\n<meta property=\"og:url\" content=\"https:\/\/energostore.com\/hr\/proizvod\/solar-connector-pair-mc4-1x-male-1x-female\/\" \/>\n<meta property=\"og:site_name\" content=\"Energostore\" \/>\n<meta property=\"article:modified_time\" content=\"2025-07-16T06:14:02+00:00\" \/>\n<meta property=\"og:image\" content=\"https:\/\/energostore.com\/wp-content\/uploads\/2020\/07\/par-de-conector-mc4-para-painel-placa-solar-fotovoltaico.jpg\" \/>\n\t<meta property=\"og:image:width\" content=\"800\" \/>\n\t<meta property=\"og:image:height\" content=\"800\" \/>\n\t<meta property=\"og:image:type\" content=\"image\/jpeg\" \/>\n<meta name=\"twitter:card\" content=\"summary_large_image\" \/>\n<meta name=\"twitter:label1\" content=\"Procijenjeno vrijeme \u010ditanja\" \/>\n\t<meta name=\"twitter:data1\" content=\"3 minute\" \/>\n<script type=\"application\/ld+json\" class=\"yoast-schema-graph\">{\"@context\":\"https:\\\/\\\/schema.org\",\"@graph\":[{\"@type\":\"WebPage\",\"@id\":\"https:\\\/\\\/energostore.com\\\/product\\\/solar-connector-pair-mc4-1x-male-1x-female\\\/\",\"url\":\"https:\\\/\\\/energostore.com\\\/product\\\/solar-connector-pair-mc4-1x-male-1x-female\\\/\",\"name\":\"Solar connector pair MC4, 1x Male\\\/1x Female - Energostore\",\"isPartOf\":{\"@id\":\"https:\\\/\\\/energostore.com\\\/hr\\\/#website\"},\"primaryImageOfPage\":{\"@id\":\"https:\\\/\\\/energostore.com\\\/product\\\/solar-connector-pair-mc4-1x-male-1x-female\\\/#primaryimage\"},\"image\":{\"@id\":\"https:\\\/\\\/energostore.com\\\/product\\\/solar-connector-pair-mc4-1x-male-1x-female\\\/#primaryimage\"},\"thumbnailUrl\":\"https:\\\/\\\/energostore.com\\\/wp-content\\\/uploads\\\/2020\\\/07\\\/par-de-conector-mc4-para-painel-placa-solar-fotovoltaico.jpg\",\"datePublished\":\"2020-07-07T09:41:39+00:00\",\"dateModified\":\"2025-07-16T06:14:02+00:00\",\"breadcrumb\":{\"@id\":\"https:\\\/\\\/energostore.com\\\/product\\\/solar-connector-pair-mc4-1x-male-1x-female\\\/#breadcrumb\"},\"inLanguage\":\"hr\",\"potentialAction\":[{\"@type\":\"ReadAction\",\"target\":[\"https:\\\/\\\/energostore.com\\\/product\\\/solar-connector-pair-mc4-1x-male-1x-female\\\/\"]}]},{\"@type\":\"ImageObject\",\"inLanguage\":\"hr\",\"@id\":\"https:\\\/\\\/energostore.com\\\/product\\\/solar-connector-pair-mc4-1x-male-1x-female\\\/#primaryimage\",\"url\":\"https:\\\/\\\/energostore.com\\\/wp-content\\\/uploads\\\/2020\\\/07\\\/par-de-conector-mc4-para-painel-placa-solar-fotovoltaico.jpg\",\"contentUrl\":\"https:\\\/\\\/energostore.com\\\/wp-content\\\/uploads\\\/2020\\\/07\\\/par-de-conector-mc4-para-painel-placa-solar-fotovoltaico.jpg\",\"width\":800,\"height\":800},{\"@type\":\"BreadcrumbList\",\"@id\":\"https:\\\/\\\/energostore.com\\\/product\\\/solar-connector-pair-mc4-1x-male-1x-female\\\/#breadcrumb\",\"itemListElement\":[{\"@type\":\"ListItem\",\"position\":1,\"name\":\"Home\",\"item\":\"https:\\\/\\\/energostore.com\\\/\"},{\"@type\":\"ListItem\",\"position\":2,\"name\":\"Shop\",\"item\":\"https:\\\/\\\/energostore.com\\\/hr\\\/shop\\\/\"},{\"@type\":\"ListItem\",\"position\":3,\"name\":\"Solar connector pair MC4, 1x Male\\\/1x Female\"}]},{\"@type\":\"WebSite\",\"@id\":\"https:\\\/\\\/energostore.com\\\/hr\\\/#website\",\"url\":\"https:\\\/\\\/energostore.com\\\/hr\\\/\",\"name\":\"Energostore\",\"description\":\"Solar products online store\",\"publisher\":{\"@id\":\"https:\\\/\\\/energostore.com\\\/hr\\\/#organization\"},\"potentialAction\":[{\"@type\":\"SearchAction\",\"target\":{\"@type\":\"EntryPoint\",\"urlTemplate\":\"https:\\\/\\\/energostore.com\\\/hr\\\/?s={search_term_string}\"},\"query-input\":{\"@type\":\"PropertyValueSpecification\",\"valueRequired\":true,\"valueName\":\"search_term_string\"}}],\"inLanguage\":\"hr\"},{\"@type\":\"Organization\",\"@id\":\"https:\\\/\\\/energostore.com\\\/hr\\\/#organization\",\"name\":\"Energostore\",\"url\":\"https:\\\/\\\/energostore.com\\\/hr\\\/\",\"logo\":{\"@type\":\"ImageObject\",\"inLanguage\":\"hr\",\"@id\":\"https:\\\/\\\/energostore.com\\\/hr\\\/#\\\/schema\\\/logo\\\/image\\\/\",\"url\":\"https:\\\/\\\/energostore.com\\\/wp-content\\\/uploads\\\/2020\\\/07\\\/energostore_logo.png\",\"contentUrl\":\"https:\\\/\\\/energostore.com\\\/wp-content\\\/uploads\\\/2020\\\/07\\\/energostore_logo.png\",\"width\":517,\"height\":100,\"caption\":\"Energostore\"},\"image\":{\"@id\":\"https:\\\/\\\/energostore.com\\\/hr\\\/#\\\/schema\\\/logo\\\/image\\\/\"}}]}<\/script>\n<!-- \/ Yoast SEO plugin. -->","yoast_head_json":{"title":"Solar connector pair MC4, 1x Male\/1x Female - Energostore","robots":{"index":"index","follow":"follow","max-snippet":"max-snippet:-1","max-image-preview":"max-image-preview:large","max-video-preview":"max-video-preview:-1"},"canonical":"https:\/\/energostore.com\/hr\/proizvod\/solar-connector-pair-mc4-1x-male-1x-female\/","og_locale":"hr_HR","og_type":"article","og_title":"Solar connector pair MC4, 1x Male\/1x Female - Energostore","og_description":"\u2022 Low voltage-temperature coefficient enhances high-temperature operation.  \u2022 Exceptional low-light performance and high sensitivity to light across the entire solar spectrum. \u2022 25-Year limited warranty on power output and performance. \u2022 5-Year Limited warranty on materials and workmanship. \u2022 Sealed, waterproof, multifunctional junction box gives high level of safety. \u2022 High performance bypass diodes minimize the power drop caused by shade. \u2022 Advanced EVA (Ethylene Vinyl Acetate) encapsulation system with triple-layer back sheet meets the most stringent safety requirements for high-voltage operation. \u2022 A sturdy, anodized aluminium frame allows modules to be easily roof-mounted with a variety of standard mounting systems. \u2022 Highest quality, high-transmission tempered glass provides enhanced stiffness and impact resistance. \u2022 Pre wired quick-connect system with PV-ST01 connectors.","og_url":"https:\/\/energostore.com\/hr\/proizvod\/solar-connector-pair-mc4-1x-male-1x-female\/","og_site_name":"Energostore","article_modified_time":"2025-07-16T06:14:02+00:00","og_image":[{"width":800,"height":800,"url":"https:\/\/energostore.com\/wp-content\/uploads\/2020\/07\/par-de-conector-mc4-para-painel-placa-solar-fotovoltaico.jpg","type":"image\/jpeg"}],"twitter_card":"summary_large_image","twitter_misc":{"Procijenjeno vrijeme \u010ditanja":"3 minute"},"schema":{"@context":"https:\/\/schema.org","@graph":[{"@type":"WebPage","@id":"https:\/\/energostore.com\/product\/solar-connector-pair-mc4-1x-male-1x-female\/","url":"https:\/\/energostore.com\/product\/solar-connector-pair-mc4-1x-male-1x-female\/","name":"Solar connector pair MC4, 1x Male\/1x Female - Energostore","isPartOf":{"@id":"https:\/\/energostore.com\/hr\/#website"},"primaryImageOfPage":{"@id":"https:\/\/energostore.com\/product\/solar-connector-pair-mc4-1x-male-1x-female\/#primaryimage"},"image":{"@id":"https:\/\/energostore.com\/product\/solar-connector-pair-mc4-1x-male-1x-female\/#primaryimage"},"thumbnailUrl":"https:\/\/energostore.com\/wp-content\/uploads\/2020\/07\/par-de-conector-mc4-para-painel-placa-solar-fotovoltaico.jpg","datePublished":"2020-07-07T09:41:39+00:00","dateModified":"2025-07-16T06:14:02+00:00","breadcrumb":{"@id":"https:\/\/energostore.com\/product\/solar-connector-pair-mc4-1x-male-1x-female\/#breadcrumb"},"inLanguage":"hr","potentialAction":[{"@type":"ReadAction","target":["https:\/\/energostore.com\/product\/solar-connector-pair-mc4-1x-male-1x-female\/"]}]},{"@type":"ImageObject","inLanguage":"hr","@id":"https:\/\/energostore.com\/product\/solar-connector-pair-mc4-1x-male-1x-female\/#primaryimage","url":"https:\/\/energostore.com\/wp-content\/uploads\/2020\/07\/par-de-conector-mc4-para-painel-placa-solar-fotovoltaico.jpg","contentUrl":"https:\/\/energostore.com\/wp-content\/uploads\/2020\/07\/par-de-conector-mc4-para-painel-placa-solar-fotovoltaico.jpg","width":800,"height":800},{"@type":"BreadcrumbList","@id":"https:\/\/energostore.com\/product\/solar-connector-pair-mc4-1x-male-1x-female\/#breadcrumb","itemListElement":[{"@type":"ListItem","position":1,"name":"Home","item":"https:\/\/energostore.com\/"},{"@type":"ListItem","position":2,"name":"Shop","item":"https:\/\/energostore.com\/hr\/shop\/"},{"@type":"ListItem","position":3,"name":"Solar connector pair MC4, 1x Male\/1x Female"}]},{"@type":"WebSite","@id":"https:\/\/energostore.com\/hr\/#website","url":"https:\/\/energostore.com\/hr\/","name":"Energostore","description":"Solar products online store","publisher":{"@id":"https:\/\/energostore.com\/hr\/#organization"},"potentialAction":[{"@type":"SearchAction","target":{"@type":"EntryPoint","urlTemplate":"https:\/\/energostore.com\/hr\/?s={search_term_string}"},"query-input":{"@type":"PropertyValueSpecification","valueRequired":true,"valueName":"search_term_string"}}],"inLanguage":"hr"},{"@type":"Organization","@id":"https:\/\/energostore.com\/hr\/#organization","name":"Energostore","url":"https:\/\/energostore.com\/hr\/","logo":{"@type":"ImageObject","inLanguage":"hr","@id":"https:\/\/energostore.com\/hr\/#\/schema\/logo\/image\/","url":"https:\/\/energostore.com\/wp-content\/uploads\/2020\/07\/energostore_logo.png","contentUrl":"https:\/\/energostore.com\/wp-content\/uploads\/2020\/07\/energostore_logo.png","width":517,"height":100,"caption":"Energostore"},"image":{"@id":"https:\/\/energostore.com\/hr\/#\/schema\/logo\/image\/"}}]}},"_links":{"self":[{"href":"https:\/\/energostore.com\/hr\/wp-json\/wp\/v2\/product\/5411","targetHints":{"allow":["GET"]}}],"collection":[{"href":"https:\/\/energostore.com\/hr\/wp-json\/wp\/v2\/product"}],"about":[{"href":"https:\/\/energostore.com\/hr\/wp-json\/wp\/v2\/types\/product"}],"version-history":[{"count":1,"href":"https:\/\/energostore.com\/hr\/wp-json\/wp\/v2\/product\/5411\/revisions"}],"predecessor-version":[{"id":8260,"href":"https:\/\/energostore.com\/hr\/wp-json\/wp\/v2\/product\/5411\/revisions\/8260"}],"wp:featuredmedia":[{"embeddable":true,"href":"https:\/\/energostore.com\/hr\/wp-json\/wp\/v2\/media\/5828"}],"wp:attachment":[{"href":"https:\/\/energostore.com\/hr\/wp-json\/wp\/v2\/media?parent=5411"}],"wp:term":[{"taxonomy":"product_brand","embeddable":true,"href":"https:\/\/energostore.com\/hr\/wp-json\/wp\/v2\/product_brand?post=5411"},{"taxonomy":"product_cat","embeddable":true,"href":"https:\/\/energostore.com\/hr\/wp-json\/wp\/v2\/product_cat?post=5411"},{"taxonomy":"product_tag","embeddable":true,"href":"https:\/\/energostore.com\/hr\/wp-json\/wp\/v2\/product_tag?post=5411"}],"curies":[{"name":"wp","href":"https:\/\/api.w.org\/{rel}","templated":true}]}}