{"id":5349,"date":"2020-07-07T09:39:50","date_gmt":"2020-07-07T09:39:50","guid":{"rendered":"https:\/\/energostore.com\/product\/mppt-wirebox-xl-mc4-150-85-100-250-85-100-ve-can\/"},"modified":"2026-04-01T07:05:12","modified_gmt":"2026-04-01T07:05:12","slug":"mppt-wirebox-xl-mc4-150-85-100-250-85-100","status":"publish","type":"product","link":"https:\/\/energostore.com\/hr\/proizvod\/mppt-wirebox-xl-mc4-150-85-100-250-85-100\/","title":{"rendered":"MPPT WireBox-XL MC4 150-85\/100 &#038; 250-85\/100"},"content":{"rendered":"<p>MPPT WireBox pru\u017ea dodatnu razinu sigurnosti, a posebno je koristan ako je va\u0161 MPPT regulator punjenja instaliran u podru\u010dju op\u0107eg pristupa. Pokriva sve DC terminale, sprje\u010davaju\u0107i slu\u010dajan kontakt s vijcima terminala.<\/p>\n<p>Dostupne su razli\u010dite veli\u010dine:<br \/>\nMPPT WireBox-S 75-10\/15<\/p>\n<p>MPPT WireBox-S 100-15<br \/>\nMPPT WireBox-S 100-20<br \/>\nMPPT WireBox-M 100-30\/50 &amp; 150\/35<br \/>\nMPPT WireBox-L MC4 150-45\/60\/70 &amp; 250-60\/70<br \/>\nMPPT WireBox-XL MC4 150-85\/100 &amp; 250-85\/100<\/p>\n<p>&nbsp;<\/p>\n<h4>Dokumenti<\/h4>\n<p><a title=\"ISO9001 certificate\" href=\"https:\/\/www.victronenergy.com\/upload\/documents\/ISO9001-certificate-2018.pdf\"><img decoding=\"async\" style=\"margin-right: 5px;\" src=\"\/wp-content\/uploads\/2020\/08\/doc_certificate.png\" \/> ISO9001 certificate (Certificate)<\/a><\/p>\n<p><a title=\"MPPT Wire Box-L MC4\" href=\"https:\/\/www.victronenergy.com\/upload\/documents\/MPPT-Wire-Box-L-MC4-Quick-install-guide.pdf\"><img style=\"margin-right: 5px;\" \/> MPPT Wire Box-L MC4 (Quick installation guide)<\/a><\/p>\n<p><a title=\"MPPT Wire Box-XL MC4\" href=\"https:\/\/www.victronenergy.com\/upload\/documents\/Quick-Install-Guide-MPPT-Wire-Box-XL-MC4.pdf\"><img style=\"margin-right: 5px;\" \/> MPPT Wire Box-XL MC4 (Quick installation guide)<\/a><\/p>\n<p><a title=\"MPPT Wire Box-XL MC4 \" href=\"https:\/\/www.victronenergy.com\/upload\/documents\/MPPT-Wire-Box-XL-MC4-Dimensions.PDF\"><img decoding=\"async\" style=\"margin-right: 5px;\" src=\"\/wp-content\/uploads\/2020\/08\/doc_enclosure_dimensions.png\" \/> MPPT Wire Box-XL MC4 (Enclosure dimension)<\/a><\/p>\n<p><a title=\"MPPT Wire Box-XL MC4 SmartSolar MPPT 150\/85 &amp; 150\/100 &amp; 250\/85 &amp; 250\/100 (3D)\" href=\"https:\/\/www.victronenergy.com\/upload\/documents\/MPPT-Wire-Box-XL-MC4-SmartSolar-MPPT-150-250-85-100-MC4-(3D).PDF\"><img decoding=\"async\" style=\"margin-right: 5px;\" src=\"\/wp-content\/uploads\/2020\/08\/doc_enclosure_dimensions.png\" \/> MPPT Wire Box-XL MC4 SmartSolar MPPT 150\/85 &amp; 150\/100 &amp; 250\/85 &amp; 250\/100 (3D) (Enclosure dimension)<\/a><\/p>\n<p><a title=\"MPPT Wire Box-XL MC4 SmartSolar MPPT 150\/85 &amp; 150\/100 &amp; 250\/85 &amp; 250\/100 (stp)\" href=\"https:\/\/www.victronenergy.com\/upload\/documents\/MPPT-Wire-Box-XL-MC4-SmartSolar-MPPT-150-250-85-100-MC4-(stp).STEP\"><img decoding=\"async\" style=\"margin-right: 5px;\" src=\"\/wp-content\/uploads\/2020\/08\/doc_enclosure_dimensions.png\" \/> MPPT Wire Box-XL MC4 SmartSolar MPPT 150\/85 &amp; 150\/100 &amp; 250\/85 &amp; 250\/100 (stp) (Enclosure dimension)<\/a><\/p>\n<p><a title=\"MPPT WireBox-L MC4 \" href=\"https:\/\/www.victronenergy.com\/upload\/documents\/MPPT-WireBox-L-MC4-(PDF).PDF\"><img decoding=\"async\" style=\"margin-right: 5px;\" src=\"\/wp-content\/uploads\/2020\/08\/doc_enclosure_dimensions.png\" \/> MPPT WireBox-L MC4 (Enclosure dimension)<\/a><\/p>\n<p><a title=\"MPPT WireBox-L MC4 (3D)\" href=\"https:\/\/www.victronenergy.com\/upload\/documents\/MPPT-WireBox-L-MC4-(3D).PDF\"><img decoding=\"async\" style=\"margin-right: 5px;\" src=\"\/wp-content\/uploads\/2020\/08\/doc_enclosure_dimensions.png\" \/> MPPT WireBox-L MC4 (3D) (Enclosure dimension)<\/a><\/p>\n<p><a title=\"MPPT WireBox-L MC4 (stp)\" href=\"https:\/\/www.victronenergy.com\/upload\/documents\/MPPT-WireBox-L-MC4-(stp).STEP\"><img decoding=\"async\" style=\"margin-right: 5px;\" src=\"\/wp-content\/uploads\/2020\/08\/doc_enclosure_dimensions.png\" \/> MPPT WireBox-L MC4 (stp) (Enclosure dimension)<\/a><\/p>","protected":false},"excerpt":{"rendered":"<p>MPPT WireBox pru\u017ea dodatnu razinu sigurnosti, a posebno je koristan ako je va\u0161 MPPT regulator punjenja instaliran u podru\u010dju op\u0107eg pristupa. Pokriva sve DC terminale, sprje\u010davaju\u0107i slu\u010dajan kontakt s vijcima terminala.<\/p>\n<p>Dostupne su razli\u010dite veli\u010dine:<br \/>\nMPPT WireBox-S 75-10\/15<\/p>\n<p>MPPT WireBox-S 100-15<br \/>\nMPPT WireBox-S 100-20<br \/>\nMPPT WireBox-M 100-30\/50 &amp; 150\/35<br \/>\nMPPT WireBox-L MC4 150-45\/60\/70 &amp; 250-60\/70<br \/>\nMPPT WireBox-XL MC4 150-85\/100 &amp; 250-85\/100<\/p>\n<p>&nbsp;<\/p>","protected":false},"featured_media":5348,"menu_order":693,"template":"","meta":[],"product_brand":[],"product_cat":[202],"product_tag":[],"class_list":{"0":"post-5349","1":"product","2":"type-product","3":"status-publish","4":"has-post-thumbnail","6":"product_cat-wireboxes-for-solar-charge-controllers","7":"product_shipping_class-eu-available","9":"first","10":"onbackorder","11":"taxable","12":"shipping-taxable","13":"purchasable","14":"product-type-simple"},"yoast_head":"<!-- This site is optimized with the Yoast SEO plugin v27.3 - https:\/\/yoast.com\/product\/yoast-seo-wordpress\/ -->\n<title>MPPT WireBox-XL MC4 150-85\/100 &amp; 250-85\/100 - Energostore<\/title>\n<meta name=\"robots\" content=\"index, follow, max-snippet:-1, max-image-preview:large, max-video-preview:-1\" \/>\n<link rel=\"canonical\" href=\"https:\/\/energostore.com\/hr\/proizvod\/mppt-wirebox-xl-mc4-150-85-100-250-85-100\/\" \/>\n<meta property=\"og:locale\" content=\"hr_HR\" \/>\n<meta property=\"og:type\" content=\"article\" \/>\n<meta property=\"og:title\" content=\"MPPT WireBox-XL MC4 150-85\/100 &amp; 250-85\/100 - Energostore\" \/>\n<meta property=\"og:description\" content=\"The MPPT WireBox provides an extra level of safety, and is particularly useful if your MPPT Solar Charger is installed in a general access area. It covers all DC terminals, preventing accidental or inquisitive contact with terminal screws.  There are various sizes available: MPPT WireBox-S 75-10\/15  MPPT WireBox-S 100-15 MPPT WireBox-S 100-20 MPPT WireBox-M 100-30\/50 &amp; 150\/35 MPPT WireBox-L MC4 150-45\/60\/70 &amp; 250-60\/70 MPPT WireBox-XL MC4 150-85\/100 &amp; 250-85\/100  &nbsp;\" \/>\n<meta property=\"og:url\" content=\"https:\/\/energostore.com\/hr\/proizvod\/mppt-wirebox-xl-mc4-150-85-100-250-85-100\/\" \/>\n<meta property=\"og:site_name\" content=\"Energostore\" \/>\n<meta property=\"article:modified_time\" content=\"2026-04-01T07:05:12+00:00\" \/>\n<meta property=\"og:image\" content=\"https:\/\/energostore.com\/wp-content\/uploads\/2020\/07\/388_486_20180222090642-5.png\" \/>\n\t<meta property=\"og:image:width\" content=\"676\" \/>\n\t<meta property=\"og:image:height\" content=\"761\" \/>\n\t<meta property=\"og:image:type\" content=\"image\/png\" \/>\n<meta name=\"twitter:card\" content=\"summary_large_image\" \/>\n<meta name=\"twitter:label1\" content=\"Procijenjeno vrijeme \u010ditanja\" \/>\n\t<meta name=\"twitter:data1\" content=\"1 minuta\" \/>\n<script type=\"application\/ld+json\" class=\"yoast-schema-graph\">{\"@context\":\"https:\\\/\\\/schema.org\",\"@graph\":[{\"@type\":\"WebPage\",\"@id\":\"https:\\\/\\\/energostore.com\\\/product\\\/mppt-wirebox-xl-mc4-150-85-100-250-85-100\\\/\",\"url\":\"https:\\\/\\\/energostore.com\\\/product\\\/mppt-wirebox-xl-mc4-150-85-100-250-85-100\\\/\",\"name\":\"MPPT WireBox-XL MC4 150-85\\\/100 & 250-85\\\/100 - Energostore\",\"isPartOf\":{\"@id\":\"https:\\\/\\\/energostore.com\\\/hr\\\/#website\"},\"primaryImageOfPage\":{\"@id\":\"https:\\\/\\\/energostore.com\\\/product\\\/mppt-wirebox-xl-mc4-150-85-100-250-85-100\\\/#primaryimage\"},\"image\":{\"@id\":\"https:\\\/\\\/energostore.com\\\/product\\\/mppt-wirebox-xl-mc4-150-85-100-250-85-100\\\/#primaryimage\"},\"thumbnailUrl\":\"https:\\\/\\\/energostore.com\\\/wp-content\\\/uploads\\\/2020\\\/07\\\/388_486_20180222090642-5.png\",\"datePublished\":\"2020-07-07T09:39:50+00:00\",\"dateModified\":\"2026-04-01T07:05:12+00:00\",\"breadcrumb\":{\"@id\":\"https:\\\/\\\/energostore.com\\\/product\\\/mppt-wirebox-xl-mc4-150-85-100-250-85-100\\\/#breadcrumb\"},\"inLanguage\":\"hr\",\"potentialAction\":[{\"@type\":\"ReadAction\",\"target\":[\"https:\\\/\\\/energostore.com\\\/product\\\/mppt-wirebox-xl-mc4-150-85-100-250-85-100\\\/\"]}]},{\"@type\":\"ImageObject\",\"inLanguage\":\"hr\",\"@id\":\"https:\\\/\\\/energostore.com\\\/product\\\/mppt-wirebox-xl-mc4-150-85-100-250-85-100\\\/#primaryimage\",\"url\":\"https:\\\/\\\/energostore.com\\\/wp-content\\\/uploads\\\/2020\\\/07\\\/388_486_20180222090642-5.png\",\"contentUrl\":\"https:\\\/\\\/energostore.com\\\/wp-content\\\/uploads\\\/2020\\\/07\\\/388_486_20180222090642-5.png\",\"width\":676,\"height\":761,\"caption\":\"MPPT WireBox-XL MC4 150-85\\\/100 & 250-85\\\/100 VE.Can\"},{\"@type\":\"BreadcrumbList\",\"@id\":\"https:\\\/\\\/energostore.com\\\/product\\\/mppt-wirebox-xl-mc4-150-85-100-250-85-100\\\/#breadcrumb\",\"itemListElement\":[{\"@type\":\"ListItem\",\"position\":1,\"name\":\"Home\",\"item\":\"https:\\\/\\\/energostore.com\\\/\"},{\"@type\":\"ListItem\",\"position\":2,\"name\":\"Shop\",\"item\":\"https:\\\/\\\/energostore.com\\\/hr\\\/shop\\\/\"},{\"@type\":\"ListItem\",\"position\":3,\"name\":\"MPPT WireBox-XL MC4 150-85\\\/100 &#038; 250-85\\\/100\"}]},{\"@type\":\"WebSite\",\"@id\":\"https:\\\/\\\/energostore.com\\\/hr\\\/#website\",\"url\":\"https:\\\/\\\/energostore.com\\\/hr\\\/\",\"name\":\"Energostore\",\"description\":\"Solar products online store\",\"publisher\":{\"@id\":\"https:\\\/\\\/energostore.com\\\/hr\\\/#organization\"},\"potentialAction\":[{\"@type\":\"SearchAction\",\"target\":{\"@type\":\"EntryPoint\",\"urlTemplate\":\"https:\\\/\\\/energostore.com\\\/hr\\\/?s={search_term_string}\"},\"query-input\":{\"@type\":\"PropertyValueSpecification\",\"valueRequired\":true,\"valueName\":\"search_term_string\"}}],\"inLanguage\":\"hr\"},{\"@type\":\"Organization\",\"@id\":\"https:\\\/\\\/energostore.com\\\/hr\\\/#organization\",\"name\":\"Energostore\",\"url\":\"https:\\\/\\\/energostore.com\\\/hr\\\/\",\"logo\":{\"@type\":\"ImageObject\",\"inLanguage\":\"hr\",\"@id\":\"https:\\\/\\\/energostore.com\\\/hr\\\/#\\\/schema\\\/logo\\\/image\\\/\",\"url\":\"https:\\\/\\\/energostore.com\\\/wp-content\\\/uploads\\\/2020\\\/07\\\/energostore_logo.png\",\"contentUrl\":\"https:\\\/\\\/energostore.com\\\/wp-content\\\/uploads\\\/2020\\\/07\\\/energostore_logo.png\",\"width\":517,\"height\":100,\"caption\":\"Energostore\"},\"image\":{\"@id\":\"https:\\\/\\\/energostore.com\\\/hr\\\/#\\\/schema\\\/logo\\\/image\\\/\"}}]}<\/script>\n<!-- \/ Yoast SEO plugin. -->","yoast_head_json":{"title":"MPPT WireBox-XL MC4 150-85\/100 & 250-85\/100 - Energostore","robots":{"index":"index","follow":"follow","max-snippet":"max-snippet:-1","max-image-preview":"max-image-preview:large","max-video-preview":"max-video-preview:-1"},"canonical":"https:\/\/energostore.com\/hr\/proizvod\/mppt-wirebox-xl-mc4-150-85-100-250-85-100\/","og_locale":"hr_HR","og_type":"article","og_title":"MPPT WireBox-XL MC4 150-85\/100 & 250-85\/100 - Energostore","og_description":"The MPPT WireBox provides an extra level of safety, and is particularly useful if your MPPT Solar Charger is installed in a general access area. It covers all DC terminals, preventing accidental or inquisitive contact with terminal screws.  There are various sizes available: MPPT WireBox-S 75-10\/15  MPPT WireBox-S 100-15 MPPT WireBox-S 100-20 MPPT WireBox-M 100-30\/50 &amp; 150\/35 MPPT WireBox-L MC4 150-45\/60\/70 &amp; 250-60\/70 MPPT WireBox-XL MC4 150-85\/100 &amp; 250-85\/100  &nbsp;","og_url":"https:\/\/energostore.com\/hr\/proizvod\/mppt-wirebox-xl-mc4-150-85-100-250-85-100\/","og_site_name":"Energostore","article_modified_time":"2026-04-01T07:05:12+00:00","og_image":[{"width":676,"height":761,"url":"https:\/\/energostore.com\/wp-content\/uploads\/2020\/07\/388_486_20180222090642-5.png","type":"image\/png"}],"twitter_card":"summary_large_image","twitter_misc":{"Procijenjeno vrijeme \u010ditanja":"1 minuta"},"schema":{"@context":"https:\/\/schema.org","@graph":[{"@type":"WebPage","@id":"https:\/\/energostore.com\/product\/mppt-wirebox-xl-mc4-150-85-100-250-85-100\/","url":"https:\/\/energostore.com\/product\/mppt-wirebox-xl-mc4-150-85-100-250-85-100\/","name":"MPPT WireBox-XL MC4 150-85\/100 & 250-85\/100 - Energostore","isPartOf":{"@id":"https:\/\/energostore.com\/hr\/#website"},"primaryImageOfPage":{"@id":"https:\/\/energostore.com\/product\/mppt-wirebox-xl-mc4-150-85-100-250-85-100\/#primaryimage"},"image":{"@id":"https:\/\/energostore.com\/product\/mppt-wirebox-xl-mc4-150-85-100-250-85-100\/#primaryimage"},"thumbnailUrl":"https:\/\/energostore.com\/wp-content\/uploads\/2020\/07\/388_486_20180222090642-5.png","datePublished":"2020-07-07T09:39:50+00:00","dateModified":"2026-04-01T07:05:12+00:00","breadcrumb":{"@id":"https:\/\/energostore.com\/product\/mppt-wirebox-xl-mc4-150-85-100-250-85-100\/#breadcrumb"},"inLanguage":"hr","potentialAction":[{"@type":"ReadAction","target":["https:\/\/energostore.com\/product\/mppt-wirebox-xl-mc4-150-85-100-250-85-100\/"]}]},{"@type":"ImageObject","inLanguage":"hr","@id":"https:\/\/energostore.com\/product\/mppt-wirebox-xl-mc4-150-85-100-250-85-100\/#primaryimage","url":"https:\/\/energostore.com\/wp-content\/uploads\/2020\/07\/388_486_20180222090642-5.png","contentUrl":"https:\/\/energostore.com\/wp-content\/uploads\/2020\/07\/388_486_20180222090642-5.png","width":676,"height":761,"caption":"MPPT WireBox-XL MC4 150-85\/100 & 250-85\/100 VE.Can"},{"@type":"BreadcrumbList","@id":"https:\/\/energostore.com\/product\/mppt-wirebox-xl-mc4-150-85-100-250-85-100\/#breadcrumb","itemListElement":[{"@type":"ListItem","position":1,"name":"Home","item":"https:\/\/energostore.com\/"},{"@type":"ListItem","position":2,"name":"Shop","item":"https:\/\/energostore.com\/hr\/shop\/"},{"@type":"ListItem","position":3,"name":"MPPT WireBox-XL MC4 150-85\/100 &#038; 250-85\/100"}]},{"@type":"WebSite","@id":"https:\/\/energostore.com\/hr\/#website","url":"https:\/\/energostore.com\/hr\/","name":"Energostore","description":"Solar products online store","publisher":{"@id":"https:\/\/energostore.com\/hr\/#organization"},"potentialAction":[{"@type":"SearchAction","target":{"@type":"EntryPoint","urlTemplate":"https:\/\/energostore.com\/hr\/?s={search_term_string}"},"query-input":{"@type":"PropertyValueSpecification","valueRequired":true,"valueName":"search_term_string"}}],"inLanguage":"hr"},{"@type":"Organization","@id":"https:\/\/energostore.com\/hr\/#organization","name":"Energostore","url":"https:\/\/energostore.com\/hr\/","logo":{"@type":"ImageObject","inLanguage":"hr","@id":"https:\/\/energostore.com\/hr\/#\/schema\/logo\/image\/","url":"https:\/\/energostore.com\/wp-content\/uploads\/2020\/07\/energostore_logo.png","contentUrl":"https:\/\/energostore.com\/wp-content\/uploads\/2020\/07\/energostore_logo.png","width":517,"height":100,"caption":"Energostore"},"image":{"@id":"https:\/\/energostore.com\/hr\/#\/schema\/logo\/image\/"}}]}},"_links":{"self":[{"href":"https:\/\/energostore.com\/hr\/wp-json\/wp\/v2\/product\/5349","targetHints":{"allow":["GET"]}}],"collection":[{"href":"https:\/\/energostore.com\/hr\/wp-json\/wp\/v2\/product"}],"about":[{"href":"https:\/\/energostore.com\/hr\/wp-json\/wp\/v2\/types\/product"}],"version-history":[{"count":3,"href":"https:\/\/energostore.com\/hr\/wp-json\/wp\/v2\/product\/5349\/revisions"}],"predecessor-version":[{"id":10483,"href":"https:\/\/energostore.com\/hr\/wp-json\/wp\/v2\/product\/5349\/revisions\/10483"}],"wp:featuredmedia":[{"embeddable":true,"href":"https:\/\/energostore.com\/hr\/wp-json\/wp\/v2\/media\/5348"}],"wp:attachment":[{"href":"https:\/\/energostore.com\/hr\/wp-json\/wp\/v2\/media?parent=5349"}],"wp:term":[{"taxonomy":"product_brand","embeddable":true,"href":"https:\/\/energostore.com\/hr\/wp-json\/wp\/v2\/product_brand?post=5349"},{"taxonomy":"product_cat","embeddable":true,"href":"https:\/\/energostore.com\/hr\/wp-json\/wp\/v2\/product_cat?post=5349"},{"taxonomy":"product_tag","embeddable":true,"href":"https:\/\/energostore.com\/hr\/wp-json\/wp\/v2\/product_tag?post=5349"}],"curies":[{"name":"wp","href":"https:\/\/api.w.org\/{rel}","templated":true}]}}