{"id":5341,"date":"2020-07-07T09:39:38","date_gmt":"2020-07-07T09:39:38","guid":{"rendered":"https:\/\/energostore.com\/product\/mppt-wirebox-l-mc4-150-45-60-70-250-60-70\/"},"modified":"2026-04-01T07:05:12","modified_gmt":"2026-04-01T07:05:12","slug":"mppt-wirebox-l-mc4-150-45-60-70-250-60-70","status":"publish","type":"product","link":"https:\/\/energostore.com\/hr\/proizvod\/mppt-wirebox-l-mc4-150-45-60-70-250-60-70\/","title":{"rendered":"MPPT WireBox-L MC4 150-45\/60\/70 &#038; 250-60\/70"},"content":{"rendered":"<p>Dostupne su razli\u010dite veli\u010dine:<br \/>\nMPPT WireBox-S 75-10\/15<\/p>\n<p>MPPT WireBox-S 100-15<br \/>\nMPPT WireBox-S 100-20<br \/>\nMPPT WireBox-M 100-30\/50 &amp; 150\/35<br \/>\nMPPT WireBox-L MC4 150-45\/60\/70 &amp; 250-60\/70<br \/>\nMPPT WireBox-XL MC4 150-85\/100 &amp; 250-85\/100<\/p>\n<p>&nbsp;<\/p>\n<h4>Dokumenti<\/h4>\n<p><a title=\"ISO9001 certificate\" href=\"https:\/\/www.victronenergy.com\/upload\/documents\/ISO9001-certificate-2018.pdf\"><img decoding=\"async\" style=\"margin-right: 5px;\" src=\"\/wp-content\/uploads\/2020\/08\/doc_certificate.png\" \/> ISO9001 certificate (Certificate)<\/a><\/p>\n<p><a title=\"MPPT Wire Box-L MC4\" href=\"https:\/\/www.victronenergy.com\/upload\/documents\/MPPT-Wire-Box-L-MC4-Quick-install-guide.pdf\"><img style=\"margin-right: 5px;\" \/> MPPT Wire Box-L MC4 (Quick installation guide)<\/a><\/p>\n<p><a title=\"MPPT Wire Box-XL MC4\" href=\"https:\/\/www.victronenergy.com\/upload\/documents\/Quick-Install-Guide-MPPT-Wire-Box-XL-MC4.pdf\"><img style=\"margin-right: 5px;\" \/> MPPT Wire Box-XL MC4 (Quick installation guide)<\/a><\/p>\n<p><a title=\"MPPT Wire Box-XL MC4 \" href=\"https:\/\/www.victronenergy.com\/upload\/documents\/MPPT-Wire-Box-XL-MC4-Dimensions.PDF\"><img decoding=\"async\" style=\"margin-right: 5px;\" src=\"\/wp-content\/uploads\/2020\/08\/doc_enclosure_dimensions.png\" \/> MPPT Wire Box-XL MC4 (Enclosure dimension)<\/a><\/p>\n<p><a title=\"MPPT Wire Box-XL MC4 SmartSolar MPPT 150\/85 &amp; 150\/100 &amp; 250\/85 &amp; 250\/100 (3D)\" href=\"https:\/\/www.victronenergy.com\/upload\/documents\/MPPT-Wire-Box-XL-MC4-SmartSolar-MPPT-150-250-85-100-MC4-(3D).PDF\"><img decoding=\"async\" style=\"margin-right: 5px;\" src=\"\/wp-content\/uploads\/2020\/08\/doc_enclosure_dimensions.png\" \/> MPPT Wire Box-XL MC4 SmartSolar MPPT 150\/85 &amp; 150\/100 &amp; 250\/85 &amp; 250\/100 (3D) (Enclosure dimension)<\/a><\/p>\n<p><a title=\"MPPT Wire Box-XL MC4 SmartSolar MPPT 150\/85 &amp; 150\/100 &amp; 250\/85 &amp; 250\/100 (stp)\" href=\"https:\/\/www.victronenergy.com\/upload\/documents\/MPPT-Wire-Box-XL-MC4-SmartSolar-MPPT-150-250-85-100-MC4-(stp).STEP\"><img decoding=\"async\" style=\"margin-right: 5px;\" src=\"\/wp-content\/uploads\/2020\/08\/doc_enclosure_dimensions.png\" \/> MPPT Wire Box-XL MC4 SmartSolar MPPT 150\/85 &amp; 150\/100 &amp; 250\/85 &amp; 250\/100 (stp) (Enclosure dimension)<\/a><\/p>\n<p><a title=\"MPPT WireBox-L MC4 \" href=\"https:\/\/www.victronenergy.com\/upload\/documents\/MPPT-WireBox-L-MC4-(PDF).PDF\"><img decoding=\"async\" style=\"margin-right: 5px;\" src=\"\/wp-content\/uploads\/2020\/08\/doc_enclosure_dimensions.png\" \/> MPPT WireBox-L MC4 (Enclosure dimension)<\/a><\/p>\n<p><a title=\"MPPT WireBox-L MC4 (3D)\" href=\"https:\/\/www.victronenergy.com\/upload\/documents\/MPPT-WireBox-L-MC4-(3D).PDF\"><img decoding=\"async\" style=\"margin-right: 5px;\" src=\"\/wp-content\/uploads\/2020\/08\/doc_enclosure_dimensions.png\" \/> MPPT WireBox-L MC4 (3D) (Enclosure dimension)<\/a><\/p>\n<p><a title=\"MPPT WireBox-L MC4 (stp)\" href=\"https:\/\/www.victronenergy.com\/upload\/documents\/MPPT-WireBox-L-MC4-(stp).STEP\"><img decoding=\"async\" style=\"margin-right: 5px;\" src=\"\/wp-content\/uploads\/2020\/08\/doc_enclosure_dimensions.png\" \/> MPPT WireBox-L MC4 (stp) (Enclosure dimension)<\/a><\/p>","protected":false},"excerpt":{"rendered":"<p>MPPT WireBox pru\u017ea dodatnu razinu sigurnosti, a posebno je koristan ako je va\u0161 MPPT regulator punjenja instaliran u podru\u010dju op\u0107eg pristupa. Pokriva sve DC terminale, sprje\u010davaju\u0107i slu\u010dajan kontakt s vijcima terminala.<\/p>\n<p>&nbsp;<\/p>","protected":false},"featured_media":9427,"menu_order":690,"template":"","meta":[],"product_brand":[],"product_cat":[202],"product_tag":[],"class_list":{"0":"post-5341","1":"product","2":"type-product","3":"status-publish","4":"has-post-thumbnail","6":"product_cat-wireboxes-for-solar-charge-controllers","7":"product_shipping_class-eu-available","9":"first","10":"onbackorder","11":"taxable","12":"shipping-taxable","13":"purchasable","14":"product-type-simple"},"yoast_head":"<!-- This site is optimized with the Yoast SEO plugin v27.3 - https:\/\/yoast.com\/product\/yoast-seo-wordpress\/ -->\n<title>MPPT WireBox-L MC4 150-45\/60\/70 &amp; 250-60\/70 - Energostore<\/title>\n<meta name=\"robots\" content=\"index, follow, max-snippet:-1, max-image-preview:large, max-video-preview:-1\" \/>\n<link rel=\"canonical\" href=\"https:\/\/energostore.com\/hr\/proizvod\/mppt-wirebox-l-mc4-150-45-60-70-250-60-70\/\" \/>\n<meta property=\"og:locale\" content=\"hr_HR\" \/>\n<meta property=\"og:type\" content=\"article\" \/>\n<meta property=\"og:title\" content=\"MPPT WireBox-L MC4 150-45\/60\/70 &amp; 250-60\/70 - Energostore\" \/>\n<meta property=\"og:description\" content=\"The MPPT WireBox provides an extra level of safety, and is particularly useful if your MPPT Solar Charger is installed in a general access area. It covers all DC terminals, preventing accidental or inquisitive contact with terminal screws.  &nbsp;\" \/>\n<meta property=\"og:url\" content=\"https:\/\/energostore.com\/hr\/proizvod\/mppt-wirebox-l-mc4-150-45-60-70-250-60-70\/\" \/>\n<meta property=\"og:site_name\" content=\"Energostore\" \/>\n<meta property=\"article:modified_time\" content=\"2026-04-01T07:05:12+00:00\" \/>\n<meta property=\"og:image\" content=\"https:\/\/energostore.com\/wp-content\/uploads\/2020\/07\/MPPT-WireBox-L-MC4-150-45_60_70-250-60_70.webp\" \/>\n\t<meta property=\"og:image:width\" content=\"676\" \/>\n\t<meta property=\"og:image:height\" content=\"761\" \/>\n\t<meta property=\"og:image:type\" content=\"image\/webp\" \/>\n<meta name=\"twitter:card\" content=\"summary_large_image\" \/>\n<script type=\"application\/ld+json\" class=\"yoast-schema-graph\">{\"@context\":\"https:\\\/\\\/schema.org\",\"@graph\":[{\"@type\":\"WebPage\",\"@id\":\"https:\\\/\\\/energostore.com\\\/product\\\/mppt-wirebox-l-mc4-150-45-60-70-250-60-70\\\/\",\"url\":\"https:\\\/\\\/energostore.com\\\/product\\\/mppt-wirebox-l-mc4-150-45-60-70-250-60-70\\\/\",\"name\":\"MPPT WireBox-L MC4 150-45\\\/60\\\/70 & 250-60\\\/70 - Energostore\",\"isPartOf\":{\"@id\":\"https:\\\/\\\/energostore.com\\\/hr\\\/#website\"},\"primaryImageOfPage\":{\"@id\":\"https:\\\/\\\/energostore.com\\\/product\\\/mppt-wirebox-l-mc4-150-45-60-70-250-60-70\\\/#primaryimage\"},\"image\":{\"@id\":\"https:\\\/\\\/energostore.com\\\/product\\\/mppt-wirebox-l-mc4-150-45-60-70-250-60-70\\\/#primaryimage\"},\"thumbnailUrl\":\"https:\\\/\\\/energostore.com\\\/wp-content\\\/uploads\\\/2020\\\/07\\\/MPPT-WireBox-L-MC4-150-45_60_70-250-60_70.webp\",\"datePublished\":\"2020-07-07T09:39:38+00:00\",\"dateModified\":\"2026-04-01T07:05:12+00:00\",\"breadcrumb\":{\"@id\":\"https:\\\/\\\/energostore.com\\\/product\\\/mppt-wirebox-l-mc4-150-45-60-70-250-60-70\\\/#breadcrumb\"},\"inLanguage\":\"hr\",\"potentialAction\":[{\"@type\":\"ReadAction\",\"target\":[\"https:\\\/\\\/energostore.com\\\/product\\\/mppt-wirebox-l-mc4-150-45-60-70-250-60-70\\\/\"]}]},{\"@type\":\"ImageObject\",\"inLanguage\":\"hr\",\"@id\":\"https:\\\/\\\/energostore.com\\\/product\\\/mppt-wirebox-l-mc4-150-45-60-70-250-60-70\\\/#primaryimage\",\"url\":\"https:\\\/\\\/energostore.com\\\/wp-content\\\/uploads\\\/2020\\\/07\\\/MPPT-WireBox-L-MC4-150-45_60_70-250-60_70.webp\",\"contentUrl\":\"https:\\\/\\\/energostore.com\\\/wp-content\\\/uploads\\\/2020\\\/07\\\/MPPT-WireBox-L-MC4-150-45_60_70-250-60_70.webp\",\"width\":676,\"height\":761,\"caption\":\"MPPT WireBox-L MC4 150-45_60_70 & 250-60_70\"},{\"@type\":\"BreadcrumbList\",\"@id\":\"https:\\\/\\\/energostore.com\\\/product\\\/mppt-wirebox-l-mc4-150-45-60-70-250-60-70\\\/#breadcrumb\",\"itemListElement\":[{\"@type\":\"ListItem\",\"position\":1,\"name\":\"Home\",\"item\":\"https:\\\/\\\/energostore.com\\\/\"},{\"@type\":\"ListItem\",\"position\":2,\"name\":\"Shop\",\"item\":\"https:\\\/\\\/energostore.com\\\/hr\\\/shop\\\/\"},{\"@type\":\"ListItem\",\"position\":3,\"name\":\"MPPT WireBox-L MC4 150-45\\\/60\\\/70 &#038; 250-60\\\/70\"}]},{\"@type\":\"WebSite\",\"@id\":\"https:\\\/\\\/energostore.com\\\/hr\\\/#website\",\"url\":\"https:\\\/\\\/energostore.com\\\/hr\\\/\",\"name\":\"Energostore\",\"description\":\"Solar products online store\",\"publisher\":{\"@id\":\"https:\\\/\\\/energostore.com\\\/hr\\\/#organization\"},\"potentialAction\":[{\"@type\":\"SearchAction\",\"target\":{\"@type\":\"EntryPoint\",\"urlTemplate\":\"https:\\\/\\\/energostore.com\\\/hr\\\/?s={search_term_string}\"},\"query-input\":{\"@type\":\"PropertyValueSpecification\",\"valueRequired\":true,\"valueName\":\"search_term_string\"}}],\"inLanguage\":\"hr\"},{\"@type\":\"Organization\",\"@id\":\"https:\\\/\\\/energostore.com\\\/hr\\\/#organization\",\"name\":\"Energostore\",\"url\":\"https:\\\/\\\/energostore.com\\\/hr\\\/\",\"logo\":{\"@type\":\"ImageObject\",\"inLanguage\":\"hr\",\"@id\":\"https:\\\/\\\/energostore.com\\\/hr\\\/#\\\/schema\\\/logo\\\/image\\\/\",\"url\":\"https:\\\/\\\/energostore.com\\\/wp-content\\\/uploads\\\/2020\\\/07\\\/energostore_logo.png\",\"contentUrl\":\"https:\\\/\\\/energostore.com\\\/wp-content\\\/uploads\\\/2020\\\/07\\\/energostore_logo.png\",\"width\":517,\"height\":100,\"caption\":\"Energostore\"},\"image\":{\"@id\":\"https:\\\/\\\/energostore.com\\\/hr\\\/#\\\/schema\\\/logo\\\/image\\\/\"}}]}<\/script>\n<!-- \/ Yoast SEO plugin. -->","yoast_head_json":{"title":"MPPT WireBox-L MC4 150-45\/60\/70 & 250-60\/70 - Energostore","robots":{"index":"index","follow":"follow","max-snippet":"max-snippet:-1","max-image-preview":"max-image-preview:large","max-video-preview":"max-video-preview:-1"},"canonical":"https:\/\/energostore.com\/hr\/proizvod\/mppt-wirebox-l-mc4-150-45-60-70-250-60-70\/","og_locale":"hr_HR","og_type":"article","og_title":"MPPT WireBox-L MC4 150-45\/60\/70 & 250-60\/70 - Energostore","og_description":"The MPPT WireBox provides an extra level of safety, and is particularly useful if your MPPT Solar Charger is installed in a general access area. It covers all DC terminals, preventing accidental or inquisitive contact with terminal screws.  &nbsp;","og_url":"https:\/\/energostore.com\/hr\/proizvod\/mppt-wirebox-l-mc4-150-45-60-70-250-60-70\/","og_site_name":"Energostore","article_modified_time":"2026-04-01T07:05:12+00:00","og_image":[{"width":676,"height":761,"url":"https:\/\/energostore.com\/wp-content\/uploads\/2020\/07\/MPPT-WireBox-L-MC4-150-45_60_70-250-60_70.webp","type":"image\/webp"}],"twitter_card":"summary_large_image","schema":{"@context":"https:\/\/schema.org","@graph":[{"@type":"WebPage","@id":"https:\/\/energostore.com\/product\/mppt-wirebox-l-mc4-150-45-60-70-250-60-70\/","url":"https:\/\/energostore.com\/product\/mppt-wirebox-l-mc4-150-45-60-70-250-60-70\/","name":"MPPT WireBox-L MC4 150-45\/60\/70 & 250-60\/70 - Energostore","isPartOf":{"@id":"https:\/\/energostore.com\/hr\/#website"},"primaryImageOfPage":{"@id":"https:\/\/energostore.com\/product\/mppt-wirebox-l-mc4-150-45-60-70-250-60-70\/#primaryimage"},"image":{"@id":"https:\/\/energostore.com\/product\/mppt-wirebox-l-mc4-150-45-60-70-250-60-70\/#primaryimage"},"thumbnailUrl":"https:\/\/energostore.com\/wp-content\/uploads\/2020\/07\/MPPT-WireBox-L-MC4-150-45_60_70-250-60_70.webp","datePublished":"2020-07-07T09:39:38+00:00","dateModified":"2026-04-01T07:05:12+00:00","breadcrumb":{"@id":"https:\/\/energostore.com\/product\/mppt-wirebox-l-mc4-150-45-60-70-250-60-70\/#breadcrumb"},"inLanguage":"hr","potentialAction":[{"@type":"ReadAction","target":["https:\/\/energostore.com\/product\/mppt-wirebox-l-mc4-150-45-60-70-250-60-70\/"]}]},{"@type":"ImageObject","inLanguage":"hr","@id":"https:\/\/energostore.com\/product\/mppt-wirebox-l-mc4-150-45-60-70-250-60-70\/#primaryimage","url":"https:\/\/energostore.com\/wp-content\/uploads\/2020\/07\/MPPT-WireBox-L-MC4-150-45_60_70-250-60_70.webp","contentUrl":"https:\/\/energostore.com\/wp-content\/uploads\/2020\/07\/MPPT-WireBox-L-MC4-150-45_60_70-250-60_70.webp","width":676,"height":761,"caption":"MPPT WireBox-L MC4 150-45_60_70 & 250-60_70"},{"@type":"BreadcrumbList","@id":"https:\/\/energostore.com\/product\/mppt-wirebox-l-mc4-150-45-60-70-250-60-70\/#breadcrumb","itemListElement":[{"@type":"ListItem","position":1,"name":"Home","item":"https:\/\/energostore.com\/"},{"@type":"ListItem","position":2,"name":"Shop","item":"https:\/\/energostore.com\/hr\/shop\/"},{"@type":"ListItem","position":3,"name":"MPPT WireBox-L MC4 150-45\/60\/70 &#038; 250-60\/70"}]},{"@type":"WebSite","@id":"https:\/\/energostore.com\/hr\/#website","url":"https:\/\/energostore.com\/hr\/","name":"Energostore","description":"Solar products online store","publisher":{"@id":"https:\/\/energostore.com\/hr\/#organization"},"potentialAction":[{"@type":"SearchAction","target":{"@type":"EntryPoint","urlTemplate":"https:\/\/energostore.com\/hr\/?s={search_term_string}"},"query-input":{"@type":"PropertyValueSpecification","valueRequired":true,"valueName":"search_term_string"}}],"inLanguage":"hr"},{"@type":"Organization","@id":"https:\/\/energostore.com\/hr\/#organization","name":"Energostore","url":"https:\/\/energostore.com\/hr\/","logo":{"@type":"ImageObject","inLanguage":"hr","@id":"https:\/\/energostore.com\/hr\/#\/schema\/logo\/image\/","url":"https:\/\/energostore.com\/wp-content\/uploads\/2020\/07\/energostore_logo.png","contentUrl":"https:\/\/energostore.com\/wp-content\/uploads\/2020\/07\/energostore_logo.png","width":517,"height":100,"caption":"Energostore"},"image":{"@id":"https:\/\/energostore.com\/hr\/#\/schema\/logo\/image\/"}}]}},"_links":{"self":[{"href":"https:\/\/energostore.com\/hr\/wp-json\/wp\/v2\/product\/5341","targetHints":{"allow":["GET"]}}],"collection":[{"href":"https:\/\/energostore.com\/hr\/wp-json\/wp\/v2\/product"}],"about":[{"href":"https:\/\/energostore.com\/hr\/wp-json\/wp\/v2\/types\/product"}],"version-history":[{"count":3,"href":"https:\/\/energostore.com\/hr\/wp-json\/wp\/v2\/product\/5341\/revisions"}],"predecessor-version":[{"id":10479,"href":"https:\/\/energostore.com\/hr\/wp-json\/wp\/v2\/product\/5341\/revisions\/10479"}],"wp:featuredmedia":[{"embeddable":true,"href":"https:\/\/energostore.com\/hr\/wp-json\/wp\/v2\/media\/9427"}],"wp:attachment":[{"href":"https:\/\/energostore.com\/hr\/wp-json\/wp\/v2\/media?parent=5341"}],"wp:term":[{"taxonomy":"product_brand","embeddable":true,"href":"https:\/\/energostore.com\/hr\/wp-json\/wp\/v2\/product_brand?post=5341"},{"taxonomy":"product_cat","embeddable":true,"href":"https:\/\/energostore.com\/hr\/wp-json\/wp\/v2\/product_cat?post=5341"},{"taxonomy":"product_tag","embeddable":true,"href":"https:\/\/energostore.com\/hr\/wp-json\/wp\/v2\/product_tag?post=5341"}],"curies":[{"name":"wp","href":"https:\/\/api.w.org\/{rel}","templated":true}]}}