{"id":5337,"date":"2020-07-07T09:39:32","date_gmt":"2020-07-07T09:39:32","guid":{"rendered":"https:\/\/energostore.com\/product\/wirebox-l-tr-150-45-60-70-250-60-70if-0-order-scc950300210\/"},"modified":"2026-04-01T07:05:13","modified_gmt":"2026-04-01T07:05:13","slug":"wirebox-l-tr-150-45-60-70-250-60-70","status":"publish","type":"product","link":"https:\/\/energostore.com\/hr\/proizvod\/wirebox-l-tr-150-45-60-70-250-60-70\/","title":{"rendered":"WireBox-L Tr 150-45\/60\/70-250-60\/70"},"content":{"rendered":"<p>MPPT WireBox pru\u017ea dodatnu razinu sigurnosti, a posebno je koristan ako je va\u0161 MPPT regulator punjenja instaliran u podru\u010dju op\u0107eg pristupa. Pokriva sve DC terminale, sprje\u010davaju\u0107i slu\u010dajan kontakt s vijcima terminala.<\/p>\n<p>Dostupne su razli\u010dite veli\u010dine:<br \/>\nMPPT WireBox-S 75-10\/15<br \/>\nMPPT WireBox-S 100-15<br \/>\nMPPT WireBox-S 100-20<br \/>\nMPPT WireBox-M 100-30\/50 &amp; 150\/35<br \/>\nMPPT WireBox-L Tr 150-45\/60\/70 &amp; 250-60\/70<br \/>\nMPPT WireBox-XL Tr 150-85\/100 &amp; 250-85\/100<\/p>\n<h4>Dokumenti<\/h4>\n<p><a title=\"ISO9001 certificate\" href=\"https:\/\/www.victronenergy.com\/upload\/documents\/ISO9001-certificate-2018.pdf\"><img decoding=\"async\" style=\"margin-right: 5px;\" src=\"\/wp-content\/uploads\/2020\/08\/doc_certificate.png\" \/> ISO9001 certificate (Certificate)<\/a><\/p>\n<p><a title=\"MPPT Wire Box-L Tr \" href=\"https:\/\/www.victronenergy.com\/upload\/documents\/Quick-Install-Guide-MPPT-WireBox-L-Tr-EN.pdf\"><img style=\"margin-right: 5px;\" \/> MPPT Wire Box-L Tr (Quick installation guide)<\/a><\/p>\n<p><a title=\"MPPT Wire Box-M\" href=\"https:\/\/www.victronenergy.com\/upload\/documents\/Quick-Install-Guide-MPPT-Wire-Box-M.pdf\"><img style=\"margin-right: 5px;\" \/> MPPT Wire Box-M (Quick installation guide)<\/a><\/p>\n<p><a title=\"MPPT Wire Box-M \" href=\"https:\/\/www.victronenergy.com\/upload\/documents\/MPPT-Wire-Box-M-(PDF).PDF\"><img decoding=\"async\" style=\"margin-right: 5px;\" src=\"\/wp-content\/uploads\/2020\/08\/doc_enclosure_dimensions.png\" \/> MPPT Wire Box-M (Enclosure dimension)<\/a><\/p>\n<p><a title=\"MPPT Wire Box-XL Tr\" href=\"https:\/\/www.victronenergy.com\/upload\/documents\/MPPT-Wire-Box-XL-Tr-Quick-installation-guide.pdf\"><img style=\"margin-right: 5px;\" \/> MPPT Wire Box-XL Tr (Quick installation guide)<\/a><\/p>\n<p><a title=\"MPPT Wire Box-XL Tr\" href=\"https:\/\/www.victronenergy.com\/upload\/documents\/MPPT-Wire-Box-XL-Tr-dimensions.PDF\"><img decoding=\"async\" style=\"margin-right: 5px;\" src=\"\/wp-content\/uploads\/2020\/08\/doc_enclosure_dimensions.png\" \/> MPPT Wire Box-XL Tr (Enclosure dimension)<\/a><\/p>\n<p><a title=\"MPPT Wire Box-XL Tr SmartSolar MPPT 150\/85 &amp; 150\/100 &amp; 250\/85 &amp; 250\/100 (3D)\" href=\"https:\/\/www.victronenergy.com\/upload\/documents\/MPPT-Wire-Box-XL-Tr-SmartSolar-MPPT-150-250-85-100-Tr-+(3D).PDF\"><img decoding=\"async\" style=\"margin-right: 5px;\" src=\"\/wp-content\/uploads\/2020\/08\/doc_enclosure_dimensions.png\" \/> MPPT Wire Box-XL Tr SmartSolar MPPT 150\/85 &amp; 150\/100 &amp; 250\/85 &amp; 250\/100 (3D) (Enclosure dimension)<\/a><\/p>\n<p><a title=\"MPPT Wire Box-XL Tr SmartSolar MPPT 150\/85 &amp; 150\/100 &amp; 250\/85 &amp; 250\/100 (stp)\" href=\"https:\/\/www.victronenergy.com\/upload\/documents\/MPPT-Wire-Box-XL-Tr-SmartSolar-MPPT-150-250-85-100-Tr-+(stp).STEP\"><img decoding=\"async\" style=\"margin-right: 5px;\" src=\"\/wp-content\/uploads\/2020\/08\/doc_enclosure_dimensions.png\" \/> MPPT Wire Box-XL Tr SmartSolar MPPT 150\/85 &amp; 150\/100 &amp; 250\/85 &amp; 250\/100 (stp) (Enclosure dimension)<\/a><\/p>\n<p><a title=\"MPPT WireBox-L Tr\" href=\"https:\/\/www.victronenergy.com\/upload\/documents\/MPPT-WireBox-L-Tr-(PDF).PDF\"><img decoding=\"async\" style=\"margin-right: 5px;\" src=\"\/wp-content\/uploads\/2020\/08\/doc_enclosure_dimensions.png\" \/> MPPT WireBox-L Tr (Enclosure dimension)<\/a><\/p>\n<p><a title=\"MPPT WireBox-L Tr (3D)\" href=\"https:\/\/www.victronenergy.com\/upload\/documents\/MPPT-WireBox-L-Tr-(3D).PDF\"><img decoding=\"async\" style=\"margin-right: 5px;\" src=\"\/wp-content\/uploads\/2020\/08\/doc_enclosure_dimensions.png\" \/> MPPT WireBox-L Tr (3D) (Enclosure dimension)<\/a><\/p>\n<p><a title=\"MPPT WireBox-L Tr (stp)\" href=\"https:\/\/www.victronenergy.com\/upload\/documents\/MPPT-WireBox-L-Tr-(stp).STEP\"><img decoding=\"async\" style=\"margin-right: 5px;\" src=\"\/wp-content\/uploads\/2020\/08\/doc_enclosure_dimensions.png\" \/> MPPT WireBox-L Tr (stp) (Enclosure dimension)<\/a><\/p>\n<p><a title=\"MPPT WireBox-M (3D)\" href=\"https:\/\/www.victronenergy.com\/upload\/documents\/MPPT-WireBox-M-(3D).pdf\"><img decoding=\"async\" style=\"margin-right: 5px;\" src=\"\/wp-content\/uploads\/2020\/08\/doc_enclosure_dimensions.png\" \/> MPPT WireBox-M (3D) (Enclosure dimension)<\/a><\/p>\n<p><a title=\"MPPT WireBox-M (stp)\" href=\"https:\/\/www.victronenergy.com\/upload\/documents\/MPPT-WireBox-M-(STP).STEP\"><img decoding=\"async\" style=\"margin-right: 5px;\" src=\"\/wp-content\/uploads\/2020\/08\/doc_enclosure_dimensions.png\" \/> MPPT WireBox-M (stp) (Enclosure dimension)<\/a><\/p>\n<p><a title=\"MPPT WireBox-S 100\/15 \" href=\"https:\/\/www.victronenergy.com\/upload\/documents\/MPPT-WireBox-S-100-15-(PDF).PDF\"><img decoding=\"async\" style=\"margin-right: 5px;\" src=\"\/wp-content\/uploads\/2020\/08\/doc_enclosure_dimensions.png\" \/> MPPT WireBox-S 100\/15 (Enclosure dimension)<\/a><\/p>\n<p><a title=\"MPPT WireBox-S 100\/15 (3D)\" href=\"https:\/\/www.victronenergy.com\/upload\/documents\/MPPT-WireBox-S-100-15-(3D).PDF\"><img decoding=\"async\" style=\"margin-right: 5px;\" src=\"\/wp-content\/uploads\/2020\/08\/doc_enclosure_dimensions.png\" \/> MPPT WireBox-S 100\/15 (3D) (Enclosure dimension)<\/a><\/p>\n<p><a title=\"MPPT WireBox-S 100\/15 (stp)\" href=\"https:\/\/www.victronenergy.com\/upload\/documents\/MPPT-WireBox-S-100-15-(STP).STEP\"><img decoding=\"async\" style=\"margin-right: 5px;\" src=\"\/wp-content\/uploads\/2020\/08\/doc_enclosure_dimensions.png\" \/> MPPT WireBox-S 100\/15 (stp) (Enclosure dimension)<\/a><\/p>\n<p><a title=\"MPPT WireBox-S 100\/20 \" href=\"https:\/\/www.victronenergy.com\/upload\/documents\/MPPT-WireBox-S-100-20-(PDF).PDF\"><img decoding=\"async\" style=\"margin-right: 5px;\" src=\"\/wp-content\/uploads\/2020\/08\/doc_enclosure_dimensions.png\" \/> MPPT WireBox-S 100\/20 (Enclosure dimension)<\/a><\/p>\n<p><a title=\"MPPT WireBox-S 100\/20 (3D)\" href=\"https:\/\/www.victronenergy.com\/upload\/documents\/MPPT-WireBox-S-100-20-(3D).PDF\"><img decoding=\"async\" style=\"margin-right: 5px;\" src=\"\/wp-content\/uploads\/2020\/08\/doc_enclosure_dimensions.png\" \/> MPPT WireBox-S 100\/20 (3D) (Enclosure dimension)<\/a><\/p>\n<p><a title=\"MPPT WireBox-S 100\/20 (stp)\" href=\"https:\/\/www.victronenergy.com\/upload\/documents\/MPPT-WireBox-S-100-20-(STP).STEP\"><img decoding=\"async\" style=\"margin-right: 5px;\" src=\"\/wp-content\/uploads\/2020\/08\/doc_enclosure_dimensions.png\" \/> MPPT WireBox-S 100\/20 (stp) (Enclosure dimension)<\/a><\/p>\n<p><a title=\"MPPT WireBox-S 100_15\" href=\"https:\/\/www.victronenergy.com\/upload\/documents\/Quick-Install-Guide-MPPT-WireBox-S-100_15-EN.pdf\"><img style=\"margin-right: 5px;\" \/> MPPT WireBox-S 100_15 (Quick installation guide)<\/a><\/p>\n<p><a title=\"MPPT WireBox-S 100_20\" href=\"https:\/\/www.victronenergy.com\/upload\/documents\/Quick-Install-Guide-MPPT-WireBox-S-100_20-EN.pdf\"><img style=\"margin-right: 5px;\" \/> MPPT WireBox-S 100_20 (Quick installation guide)<\/a><\/p>\n<p><a title=\"MPPT WireBox-S 75-10_15\" href=\"https:\/\/www.victronenergy.com\/upload\/documents\/Quick-Install-Guide-MPPT-WireBox-S-75-10_15-EN.pdf\"><img style=\"margin-right: 5px;\" \/> MPPT WireBox-S 75-10_15 (Quick installation guide)<\/a><\/p>\n<p><a title=\"MPPT WireBox-S 75\/10 &amp; 75\/15 \" href=\"https:\/\/www.victronenergy.com\/upload\/documents\/MPPT-WireBox-S-75-15_20-(PDF).PDF\"><img decoding=\"async\" style=\"margin-right: 5px;\" src=\"\/wp-content\/uploads\/2020\/08\/doc_enclosure_dimensions.png\" \/> MPPT WireBox-S 75\/10 &amp; 75\/15 (Enclosure dimension)<\/a><\/p>\n<p><a title=\"MPPT WireBox-S 75\/10 &amp; 75\/15 (3D)\" href=\"https:\/\/www.victronenergy.com\/upload\/documents\/MPPT-WireBox-S-75-15_20-(3D).PDF\"><img decoding=\"async\" style=\"margin-right: 5px;\" src=\"\/wp-content\/uploads\/2020\/08\/doc_enclosure_dimensions.png\" \/> MPPT WireBox-S 75\/10 &amp; 75\/15 (3D) (Enclosure dimension)<\/a><\/p>\n<p><a title=\"MPPT WireBox-S 75\/10 &amp; 75\/15 (stp)\" href=\"https:\/\/www.victronenergy.com\/upload\/documents\/MPPT-WireBox-S-75-15_20-(STP).STEP\"><img decoding=\"async\" style=\"margin-right: 5px;\" src=\"\/wp-content\/uploads\/2020\/08\/doc_enclosure_dimensions.png\" \/> MPPT WireBox-S 75\/10 &amp; 75\/15 (stp) (Enclosure dimension)<\/a><\/p>","protected":false},"excerpt":{"rendered":"<p>MPPT WireBox pru\u017ea dodatnu razinu sigurnosti, a posebno je koristan ako je va\u0161 MPPT regulator punjenja instaliran u podru\u010dju op\u0107eg pristupa. Pokriva sve DC terminale, sprje\u010davaju\u0107i slu\u010dajan kontakt s vijcima terminala.<\/p>\n<p>Dostupne su razli\u010dite veli\u010dine:<br \/>\nMPPT WireBox-S 75-10\/15<br \/>\nMPPT WireBox-S 100-15<br \/>\nMPPT WireBox-S 100-20<br \/>\nMPPT WireBox-M 100-30\/50 &amp; 150\/35<br \/>\nMPPT WireBox-L Tr 150-45\/60\/70 &amp; 250-60\/70<br \/>\nMPPT WireBox-XL Tr 150-85\/100 &amp; 250-85\/100<\/p>","protected":false},"featured_media":5336,"menu_order":688,"template":"","meta":[],"product_brand":[],"product_cat":[202],"product_tag":[],"class_list":{"0":"post-5337","1":"product","2":"type-product","3":"status-publish","4":"has-post-thumbnail","6":"product_cat-wireboxes-for-solar-charge-controllers","7":"product_shipping_class-eu-available","9":"first","10":"onbackorder","11":"taxable","12":"shipping-taxable","13":"purchasable","14":"product-type-simple"},"yoast_head":"<!-- This site is optimized with the Yoast SEO plugin v27.3 - https:\/\/yoast.com\/product\/yoast-seo-wordpress\/ -->\n<title>WireBox-L Tr 150-45\/60\/70-250-60\/70 - Energostore<\/title>\n<meta name=\"robots\" content=\"index, follow, max-snippet:-1, max-image-preview:large, max-video-preview:-1\" \/>\n<link rel=\"canonical\" href=\"https:\/\/energostore.com\/hr\/proizvod\/wirebox-l-tr-150-45-60-70-250-60-70\/\" \/>\n<meta property=\"og:locale\" content=\"hr_HR\" \/>\n<meta property=\"og:type\" content=\"article\" \/>\n<meta property=\"og:title\" content=\"WireBox-L Tr 150-45\/60\/70-250-60\/70 - Energostore\" \/>\n<meta property=\"og:description\" content=\"The MPPT WireBox provides an extra level of safety, and is particularly useful if your MPPT Solar Charger is installed in a general access area. It covers all DC terminals, preventing accidental or inquisitive contact with terminal screws.  There are various sizes available: MPPT WireBox-S 75-10\/15 MPPT WireBox-S 100-15 MPPT WireBox-S 100-20 MPPT WireBox-M 100-30\/50 &amp; 150\/35 MPPT WireBox-L Tr 150-45\/60\/70 &amp; 250-60\/70 MPPT WireBox-XL Tr 150-85\/100 &amp; 250-85\/100\" \/>\n<meta property=\"og:url\" content=\"https:\/\/energostore.com\/hr\/proizvod\/wirebox-l-tr-150-45-60-70-250-60-70\/\" \/>\n<meta property=\"og:site_name\" content=\"Energostore\" \/>\n<meta property=\"article:modified_time\" content=\"2026-04-01T07:05:13+00:00\" \/>\n<meta property=\"og:image\" content=\"https:\/\/energostore.com\/wp-content\/uploads\/2020\/07\/387_880_20180220094307-4.png\" \/>\n\t<meta property=\"og:image:width\" content=\"665\" \/>\n\t<meta property=\"og:image:height\" content=\"751\" \/>\n\t<meta property=\"og:image:type\" content=\"image\/png\" \/>\n<meta name=\"twitter:card\" content=\"summary_large_image\" \/>\n<meta name=\"twitter:label1\" content=\"Procijenjeno vrijeme \u010ditanja\" \/>\n\t<meta name=\"twitter:data1\" content=\"1 minuta\" \/>\n<script type=\"application\/ld+json\" class=\"yoast-schema-graph\">{\"@context\":\"https:\\\/\\\/schema.org\",\"@graph\":[{\"@type\":\"WebPage\",\"@id\":\"https:\\\/\\\/energostore.com\\\/product\\\/wirebox-l-tr-150-45-60-70-250-60-70\\\/\",\"url\":\"https:\\\/\\\/energostore.com\\\/product\\\/wirebox-l-tr-150-45-60-70-250-60-70\\\/\",\"name\":\"WireBox-L Tr 150-45\\\/60\\\/70-250-60\\\/70 - Energostore\",\"isPartOf\":{\"@id\":\"https:\\\/\\\/energostore.com\\\/hr\\\/#website\"},\"primaryImageOfPage\":{\"@id\":\"https:\\\/\\\/energostore.com\\\/product\\\/wirebox-l-tr-150-45-60-70-250-60-70\\\/#primaryimage\"},\"image\":{\"@id\":\"https:\\\/\\\/energostore.com\\\/product\\\/wirebox-l-tr-150-45-60-70-250-60-70\\\/#primaryimage\"},\"thumbnailUrl\":\"https:\\\/\\\/energostore.com\\\/wp-content\\\/uploads\\\/2020\\\/07\\\/387_880_20180220094307-4.png\",\"datePublished\":\"2020-07-07T09:39:32+00:00\",\"dateModified\":\"2026-04-01T07:05:13+00:00\",\"breadcrumb\":{\"@id\":\"https:\\\/\\\/energostore.com\\\/product\\\/wirebox-l-tr-150-45-60-70-250-60-70\\\/#breadcrumb\"},\"inLanguage\":\"hr\",\"potentialAction\":[{\"@type\":\"ReadAction\",\"target\":[\"https:\\\/\\\/energostore.com\\\/product\\\/wirebox-l-tr-150-45-60-70-250-60-70\\\/\"]}]},{\"@type\":\"ImageObject\",\"inLanguage\":\"hr\",\"@id\":\"https:\\\/\\\/energostore.com\\\/product\\\/wirebox-l-tr-150-45-60-70-250-60-70\\\/#primaryimage\",\"url\":\"https:\\\/\\\/energostore.com\\\/wp-content\\\/uploads\\\/2020\\\/07\\\/387_880_20180220094307-4.png\",\"contentUrl\":\"https:\\\/\\\/energostore.com\\\/wp-content\\\/uploads\\\/2020\\\/07\\\/387_880_20180220094307-4.png\",\"width\":665,\"height\":751,\"caption\":\"WireBox-L Tr 150-45\\\/60\\\/70-250-60\\\/70*If 0, order SCC950300210\"},{\"@type\":\"BreadcrumbList\",\"@id\":\"https:\\\/\\\/energostore.com\\\/product\\\/wirebox-l-tr-150-45-60-70-250-60-70\\\/#breadcrumb\",\"itemListElement\":[{\"@type\":\"ListItem\",\"position\":1,\"name\":\"Home\",\"item\":\"https:\\\/\\\/energostore.com\\\/\"},{\"@type\":\"ListItem\",\"position\":2,\"name\":\"Shop\",\"item\":\"https:\\\/\\\/energostore.com\\\/hr\\\/shop\\\/\"},{\"@type\":\"ListItem\",\"position\":3,\"name\":\"WireBox-L Tr 150-45\\\/60\\\/70-250-60\\\/70\"}]},{\"@type\":\"WebSite\",\"@id\":\"https:\\\/\\\/energostore.com\\\/hr\\\/#website\",\"url\":\"https:\\\/\\\/energostore.com\\\/hr\\\/\",\"name\":\"Energostore\",\"description\":\"Solar products online store\",\"publisher\":{\"@id\":\"https:\\\/\\\/energostore.com\\\/hr\\\/#organization\"},\"potentialAction\":[{\"@type\":\"SearchAction\",\"target\":{\"@type\":\"EntryPoint\",\"urlTemplate\":\"https:\\\/\\\/energostore.com\\\/hr\\\/?s={search_term_string}\"},\"query-input\":{\"@type\":\"PropertyValueSpecification\",\"valueRequired\":true,\"valueName\":\"search_term_string\"}}],\"inLanguage\":\"hr\"},{\"@type\":\"Organization\",\"@id\":\"https:\\\/\\\/energostore.com\\\/hr\\\/#organization\",\"name\":\"Energostore\",\"url\":\"https:\\\/\\\/energostore.com\\\/hr\\\/\",\"logo\":{\"@type\":\"ImageObject\",\"inLanguage\":\"hr\",\"@id\":\"https:\\\/\\\/energostore.com\\\/hr\\\/#\\\/schema\\\/logo\\\/image\\\/\",\"url\":\"https:\\\/\\\/energostore.com\\\/wp-content\\\/uploads\\\/2020\\\/07\\\/energostore_logo.png\",\"contentUrl\":\"https:\\\/\\\/energostore.com\\\/wp-content\\\/uploads\\\/2020\\\/07\\\/energostore_logo.png\",\"width\":517,\"height\":100,\"caption\":\"Energostore\"},\"image\":{\"@id\":\"https:\\\/\\\/energostore.com\\\/hr\\\/#\\\/schema\\\/logo\\\/image\\\/\"}}]}<\/script>\n<!-- \/ Yoast SEO plugin. -->","yoast_head_json":{"title":"WireBox-L Tr 150-45\/60\/70-250-60\/70 - Energostore","robots":{"index":"index","follow":"follow","max-snippet":"max-snippet:-1","max-image-preview":"max-image-preview:large","max-video-preview":"max-video-preview:-1"},"canonical":"https:\/\/energostore.com\/hr\/proizvod\/wirebox-l-tr-150-45-60-70-250-60-70\/","og_locale":"hr_HR","og_type":"article","og_title":"WireBox-L Tr 150-45\/60\/70-250-60\/70 - Energostore","og_description":"The MPPT WireBox provides an extra level of safety, and is particularly useful if your MPPT Solar Charger is installed in a general access area. It covers all DC terminals, preventing accidental or inquisitive contact with terminal screws.  There are various sizes available: MPPT WireBox-S 75-10\/15 MPPT WireBox-S 100-15 MPPT WireBox-S 100-20 MPPT WireBox-M 100-30\/50 &amp; 150\/35 MPPT WireBox-L Tr 150-45\/60\/70 &amp; 250-60\/70 MPPT WireBox-XL Tr 150-85\/100 &amp; 250-85\/100","og_url":"https:\/\/energostore.com\/hr\/proizvod\/wirebox-l-tr-150-45-60-70-250-60-70\/","og_site_name":"Energostore","article_modified_time":"2026-04-01T07:05:13+00:00","og_image":[{"width":665,"height":751,"url":"https:\/\/energostore.com\/wp-content\/uploads\/2020\/07\/387_880_20180220094307-4.png","type":"image\/png"}],"twitter_card":"summary_large_image","twitter_misc":{"Procijenjeno vrijeme \u010ditanja":"1 minuta"},"schema":{"@context":"https:\/\/schema.org","@graph":[{"@type":"WebPage","@id":"https:\/\/energostore.com\/product\/wirebox-l-tr-150-45-60-70-250-60-70\/","url":"https:\/\/energostore.com\/product\/wirebox-l-tr-150-45-60-70-250-60-70\/","name":"WireBox-L Tr 150-45\/60\/70-250-60\/70 - Energostore","isPartOf":{"@id":"https:\/\/energostore.com\/hr\/#website"},"primaryImageOfPage":{"@id":"https:\/\/energostore.com\/product\/wirebox-l-tr-150-45-60-70-250-60-70\/#primaryimage"},"image":{"@id":"https:\/\/energostore.com\/product\/wirebox-l-tr-150-45-60-70-250-60-70\/#primaryimage"},"thumbnailUrl":"https:\/\/energostore.com\/wp-content\/uploads\/2020\/07\/387_880_20180220094307-4.png","datePublished":"2020-07-07T09:39:32+00:00","dateModified":"2026-04-01T07:05:13+00:00","breadcrumb":{"@id":"https:\/\/energostore.com\/product\/wirebox-l-tr-150-45-60-70-250-60-70\/#breadcrumb"},"inLanguage":"hr","potentialAction":[{"@type":"ReadAction","target":["https:\/\/energostore.com\/product\/wirebox-l-tr-150-45-60-70-250-60-70\/"]}]},{"@type":"ImageObject","inLanguage":"hr","@id":"https:\/\/energostore.com\/product\/wirebox-l-tr-150-45-60-70-250-60-70\/#primaryimage","url":"https:\/\/energostore.com\/wp-content\/uploads\/2020\/07\/387_880_20180220094307-4.png","contentUrl":"https:\/\/energostore.com\/wp-content\/uploads\/2020\/07\/387_880_20180220094307-4.png","width":665,"height":751,"caption":"WireBox-L Tr 150-45\/60\/70-250-60\/70*If 0, order SCC950300210"},{"@type":"BreadcrumbList","@id":"https:\/\/energostore.com\/product\/wirebox-l-tr-150-45-60-70-250-60-70\/#breadcrumb","itemListElement":[{"@type":"ListItem","position":1,"name":"Home","item":"https:\/\/energostore.com\/"},{"@type":"ListItem","position":2,"name":"Shop","item":"https:\/\/energostore.com\/hr\/shop\/"},{"@type":"ListItem","position":3,"name":"WireBox-L Tr 150-45\/60\/70-250-60\/70"}]},{"@type":"WebSite","@id":"https:\/\/energostore.com\/hr\/#website","url":"https:\/\/energostore.com\/hr\/","name":"Energostore","description":"Solar products online store","publisher":{"@id":"https:\/\/energostore.com\/hr\/#organization"},"potentialAction":[{"@type":"SearchAction","target":{"@type":"EntryPoint","urlTemplate":"https:\/\/energostore.com\/hr\/?s={search_term_string}"},"query-input":{"@type":"PropertyValueSpecification","valueRequired":true,"valueName":"search_term_string"}}],"inLanguage":"hr"},{"@type":"Organization","@id":"https:\/\/energostore.com\/hr\/#organization","name":"Energostore","url":"https:\/\/energostore.com\/hr\/","logo":{"@type":"ImageObject","inLanguage":"hr","@id":"https:\/\/energostore.com\/hr\/#\/schema\/logo\/image\/","url":"https:\/\/energostore.com\/wp-content\/uploads\/2020\/07\/energostore_logo.png","contentUrl":"https:\/\/energostore.com\/wp-content\/uploads\/2020\/07\/energostore_logo.png","width":517,"height":100,"caption":"Energostore"},"image":{"@id":"https:\/\/energostore.com\/hr\/#\/schema\/logo\/image\/"}}]}},"_links":{"self":[{"href":"https:\/\/energostore.com\/hr\/wp-json\/wp\/v2\/product\/5337","targetHints":{"allow":["GET"]}}],"collection":[{"href":"https:\/\/energostore.com\/hr\/wp-json\/wp\/v2\/product"}],"about":[{"href":"https:\/\/energostore.com\/hr\/wp-json\/wp\/v2\/types\/product"}],"version-history":[{"count":3,"href":"https:\/\/energostore.com\/hr\/wp-json\/wp\/v2\/product\/5337\/revisions"}],"predecessor-version":[{"id":10477,"href":"https:\/\/energostore.com\/hr\/wp-json\/wp\/v2\/product\/5337\/revisions\/10477"}],"wp:featuredmedia":[{"embeddable":true,"href":"https:\/\/energostore.com\/hr\/wp-json\/wp\/v2\/media\/5336"}],"wp:attachment":[{"href":"https:\/\/energostore.com\/hr\/wp-json\/wp\/v2\/media?parent=5337"}],"wp:term":[{"taxonomy":"product_brand","embeddable":true,"href":"https:\/\/energostore.com\/hr\/wp-json\/wp\/v2\/product_brand?post=5337"},{"taxonomy":"product_cat","embeddable":true,"href":"https:\/\/energostore.com\/hr\/wp-json\/wp\/v2\/product_cat?post=5337"},{"taxonomy":"product_tag","embeddable":true,"href":"https:\/\/energostore.com\/hr\/wp-json\/wp\/v2\/product_tag?post=5337"}],"curies":[{"name":"wp","href":"https:\/\/api.w.org\/{rel}","templated":true}]}}