{"id":5311,"date":"2020-07-07T09:38:56","date_gmt":"2020-07-07T09:38:56","guid":{"rendered":"https:\/\/energostore.com\/product\/smartsolar-mppt-250-85-tr-ve-can\/"},"modified":"2026-04-01T07:05:13","modified_gmt":"2026-04-01T07:05:13","slug":"smartsolar-mppt-250-85-tr-ve-can","status":"publish","type":"product","link":"https:\/\/energostore.com\/hr\/proizvod\/smartsolar-mppt-250-85-tr-ve-can\/","title":{"rendered":"SmartSolar MPPT 250\/85-Tr VE.Can"},"content":{"rendered":"<p>The MPPT VE.Can SmartSolar charger uses the latest and fastest technology to convert energy from a solar array into energy that optimally charges a battery banks.<\/p>\n<p>SmartSolar kontroler punjenja napunit \u0107e \u010dak i jako ispra\u017enjenu bateriju. Mo\u017ee raditi s naponom baterije od samo 0 volti, pod uvjetom da \u0107elije nisu trajno sulfatizirane ili na drugi na\u010din o\u0161te\u0107ene. Imaju u sebi ugra\u0111en bluetooth za nadzor punjenja baterije preko apliakcije Victron Connect.<\/p>\n<h1>Datasheet<\/h1>\n<p><a title=\"BlueSolar and SmartSolar Charge Controller MPPT - Overview\" href=\"https:\/\/www.victronenergy.com\/upload\/documents\/Datasheet-BlueSolar-and-SmartSolar-charge-controller-overview-EN.pdf\"><img decoding=\"async\" style=\"margin-right: 5px;\" src=\"\/wp-content\/uploads\/2020\/08\/doc_datasheet.png\" \/> BlueSolar and SmartSolar Charge Controller MPPT &#8211; Overview<\/a><\/p>\n<p><a title=\"SmartSolar charge controller MPPT 150\/70 up to 150\/100 VE.Can\" href=\"https:\/\/www.victronenergy.com\/upload\/documents\/Datasheet-SmartSolar-charge-controller-MPPT-150-70-up-to-150-100-VE.Can-EN.pdf\"><img decoding=\"async\" style=\"margin-right: 5px;\" src=\"\/wp-content\/uploads\/2020\/08\/doc_datasheet.png\" \/> SmartSolar charge controller MPPT 150\/70 up to 150\/100 VE.Can<\/a><\/p>\n<p><a title=\"SmartSolar charge controller MPPT 250\/70 up to 250\/100 VE.Can\" href=\"https:\/\/www.victronenergy.com\/upload\/documents\/Datasheet-SmartSolar-charge-controller-MPPT-250-70-up-to-250-100-VE.Can-EN-.pdf\"><img decoding=\"async\" style=\"margin-right: 5px;\" src=\"\/wp-content\/uploads\/2020\/08\/doc_datasheet.png\" \/> SmartSolar charge controller MPPT 250\/70 up to 250\/100 VE.Can<\/a><\/p>\n<h4>Dokumenti<\/h4>\n<p><a title=\"Declaration of Conformity - SmartSolar MPPT Charge Controllers VE.Can \" href=\"https:\/\/www.victronenergy.com\/upload\/documents\/SmartSolar-MPPT-Charge-Controllers-VE.Can-2019-07-30.pdf\"><img decoding=\"async\" style=\"margin-right: 5px;\" src=\"\/wp-content\/uploads\/2020\/08\/doc_certificate.png\" \/> Declaration of Conformity &#8211; SmartSolar MPPT Charge Controllers VE.Can (Certificate)<\/a><\/p>\n<p><a title=\"ISO9001 certificate\" href=\"https:\/\/www.victronenergy.com\/upload\/documents\/ISO9001-certificate-2018.pdf\"><img decoding=\"async\" style=\"margin-right: 5px;\" src=\"\/wp-content\/uploads\/2020\/08\/doc_certificate.png\" \/> ISO9001 certificate (Certificate)<\/a><\/p>\n<p><a title=\"SLD - MPPT DC - Phoenix Inverter Smart - off-grid\" href=\"https:\/\/www.victronenergy.com\/upload\/documents\/SLD-MPPT-Tr-DC-Phoenix-Inverter-Smart-off-grid-2019-05-21.pdf\"><img decoding=\"async\" style=\"margin-right: 5px;\" src=\"\/wp-content\/uploads\/2020\/08\/doc_schematics.png\" \/> SLD &#8211; MPPT DC &#8211; Phoenix Inverter Smart &#8211; off-grid (System schematic)<\/a><\/p>\n<p><a title=\"SLD - MPPT DC - Quattro - backup\" href=\"https:\/\/www.victronenergy.com\/upload\/documents\/SLD-MPPT-DC-Quattro-backup-2019-05-21.pdf\"><img decoding=\"async\" style=\"margin-right: 5px;\" src=\"\/wp-content\/uploads\/2020\/08\/doc_schematics.png\" \/> SLD &#8211; MPPT DC &#8211; Quattro &#8211; backup (System schematic)<\/a><\/p>\n<p><a title=\"SLD - MPPT DC only - off-grid\" href=\"https:\/\/www.victronenergy.com\/upload\/documents\/SLD-MPPT-DC-only-off-grid-2019-05-21.pdf\"><img decoding=\"async\" style=\"margin-right: 5px;\" src=\"\/wp-content\/uploads\/2020\/08\/doc_schematics.png\" \/> SLD &#8211; MPPT DC only &#8211; off-grid (System schematic)<\/a><\/p>\n<p><a title=\"SLD - MPPT MultiPlus-II - off-grid\" href=\"https:\/\/www.victronenergy.com\/upload\/documents\/SLD-MPPT-Tr--MultiPlus-II-off-grid-2019-05-21.pdf\"><img decoding=\"async\" style=\"margin-right: 5px;\" src=\"\/wp-content\/uploads\/2020\/08\/doc_schematics.png\" \/> SLD &#8211; MPPT MultiPlus-II &#8211; off-grid (System schematic)<\/a><\/p>\n<p><a title=\"SLD - Parallel MultiPlus-II with gen - off-grid\" href=\"https:\/\/www.victronenergy.com\/upload\/documents\/SLD-Parallel-Multiplus-II-with-gen-off-grid-2019-05-21.pdf\"><img decoding=\"async\" style=\"margin-right: 5px;\" src=\"\/wp-content\/uploads\/2020\/08\/doc_schematics.png\" \/> SLD &#8211; Parallel MultiPlus-II with gen &#8211; off-grid (System schematic)<\/a><\/p>\n<p><a title=\"SLD - Phoenix with wind gen - off-grid \" href=\"https:\/\/www.victronenergy.com\/upload\/documents\/SLD-phoenix-with-wind-gen-off-grid-2019-05-21.pdf\"><img decoding=\"async\" style=\"margin-right: 5px;\" src=\"\/wp-content\/uploads\/2020\/08\/doc_schematics.png\" \/> SLD &#8211; Phoenix with wind gen &#8211; off-grid (System schematic)<\/a><\/p>\n<p><a title=\"SmartSolar MPPT 150V 250V 45A 60A 70A Tr VE.Can\" href=\"https:\/\/www.victronenergy.com\/upload\/documents\/SmartSolar-MPPT-150-250V-45A-60A-70A-Tr-VE.Can-(dimensions).PDF\"><img decoding=\"async\" style=\"margin-right: 5px;\" src=\"\/wp-content\/uploads\/2020\/08\/doc_enclosure_dimensions.png\" \/> SmartSolar MPPT 150V 250V 45A 60A 70A Tr VE.Can (Enclosure dimension)<\/a><\/p>\n<p><a title=\"SmartSolar MPPT 150V 250V 45A 60A 70A Tr VE.Can (3D)\" href=\"https:\/\/www.victronenergy.com\/upload\/documents\/SmartSolar-MPPT-150-250V-45A-60A-70A-Tr-VE.Can-(3D).PDF\"><img decoding=\"async\" style=\"margin-right: 5px;\" src=\"\/wp-content\/uploads\/2020\/08\/doc_enclosure_dimensions.png\" \/> SmartSolar MPPT 150V 250V 45A 60A 70A Tr VE.Can (3D) (Enclosure dimension)<\/a><\/p>\n<p><a title=\"SmartSolar MPPT 150V 250V 45A 60A 70A Tr VE.Can (stp)\" href=\"https:\/\/www.victronenergy.com\/upload\/documents\/SmartSolar-MPPT-150-250V-45A-60A-70A-Tr-VE.Can-(stp).STEP\"><img decoding=\"async\" style=\"margin-right: 5px;\" src=\"\/wp-content\/uploads\/2020\/08\/doc_enclosure_dimensions.png\" \/> SmartSolar MPPT 150V 250V 45A 60A 70A Tr VE.Can (stp) (Enclosure dimension)<\/a><\/p>\n<p><a title=\"SmartSolar MPPT 150V 250V 85A 100A MC4 VE.Can\" href=\"https:\/\/www.victronenergy.com\/upload\/documents\/SmartSolar-MPPT-150V-250V-85A-100A-MC4.pdf\"><img decoding=\"async\" style=\"margin-right: 5px;\" src=\"\/wp-content\/uploads\/2020\/08\/doc_enclosure_dimensions.png\" \/> SmartSolar MPPT 150V 250V 85A 100A MC4 VE.Can (Enclosure dimension)<\/a><\/p>\n<p><a title=\"SmartSolar MPPT 150V 250V 85A 100A MC4 VE.Can (3D)\" href=\"https:\/\/www.victronenergy.com\/upload\/documents\/SmartSolar-MPPT-150V-250V-85A-100A-MC4-(3D).pdf\"><img decoding=\"async\" style=\"margin-right: 5px;\" src=\"\/wp-content\/uploads\/2020\/08\/doc_enclosure_dimensions.png\" \/> SmartSolar MPPT 150V 250V 85A 100A MC4 VE.Can (3D) (Enclosure dimension)<\/a><\/p>\n<p><a title=\"SmartSolar MPPT 150V 250V 85A 100A MC4 VE.Can (stp)\" href=\"https:\/\/www.victronenergy.com\/upload\/documents\/SmartSolar-MPPT-150V-250V-85A-100A-MC4-(stp).STEP\"><img decoding=\"async\" style=\"margin-right: 5px;\" src=\"\/wp-content\/uploads\/2020\/08\/doc_enclosure_dimensions.png\" \/> SmartSolar MPPT 150V 250V 85A 100A MC4 VE.Can (stp) (Enclosure dimension)<\/a><\/p>\n<p><a title=\"SmartSolar MPPT 150V 250V 85A 100A Tr VE.Can\" href=\"https:\/\/www.victronenergy.com\/upload\/documents\/SS-MPPT-VE.Can-85-100A-Tr-(dimensions).PDF\"><img decoding=\"async\" style=\"margin-right: 5px;\" src=\"\/wp-content\/uploads\/2020\/08\/doc_enclosure_dimensions.png\" \/> SmartSolar MPPT 150V 250V 85A 100A Tr VE.Can (Enclosure dimension)<\/a><\/p>\n<p><a title=\"SmartSolar MPPT 150V 250V 85A 100A Tr VE.Can (3D)\" href=\"https:\/\/www.victronenergy.com\/upload\/documents\/SS-MPPT-VE.Can-85-100A-Tr-(3D).PDF\"><img decoding=\"async\" style=\"margin-right: 5px;\" src=\"\/wp-content\/uploads\/2020\/08\/doc_enclosure_dimensions.png\" \/> SmartSolar MPPT 150V 250V 85A 100A Tr VE.Can (3D) (Enclosure dimension)<\/a><\/p>\n<p><a title=\"SmartSolar MPPT 150V 250V 85A 100A Tr VE.Can (stp)\" href=\"https:\/\/www.victronenergy.com\/upload\/documents\/SS-MPPT-VE.Can-85-100A-Tr-(stp).STEP\"><img decoding=\"async\" style=\"margin-right: 5px;\" src=\"\/wp-content\/uploads\/2020\/08\/doc_enclosure_dimensions.png\" \/> SmartSolar MPPT 150V 250V 85A 100A Tr VE.Can (stp) (Enclosure dimension)<\/a><\/p>\n<p><a title=\"SmartSolar charge controller MPPT 150\/70 to 150\/100 &amp; 250\/70 to 250\/100 VE.Can\" href=\"https:\/\/www.victronenergy.com\/upload\/documents\/Manual-SmartSolar-charge-controller-MPPT-150-70-to-150-100--250-70-to-250-100-VE.Can-EN-NL-FR-DE-ES-SE-IT.pdf\"><img decoding=\"async\" style=\"margin-right: 5px;\" src=\"\/wp-content\/uploads\/2020\/08\/doc_manual.png\" \/> SmartSolar charge controller MPPT 150\/70 to 150\/100 &amp; 250\/70 to 250\/100 VE.Can (Manual)<\/a><\/p>\n<p><a title=\"VE.Smart Networking\" href=\"https:\/\/www.victronenergy.com\/live\/victronconnect:ve-smart-networking\"><img decoding=\"async\" style=\"margin-right: 5px;\" src=\"\/wp-content\/uploads\/2020\/08\/doc_manual.png\" \/> VE.Smart Networking (Manual)<\/a><\/p>\n<p><a title=\"VictronConnect - MPPT Solar Charge Controllers \" href=\"http:\/\/www.victronenergy.com\/live\/victronconnect:mppt-solarchargers\"><img decoding=\"async\" style=\"margin-right: 5px;\" src=\"\/wp-content\/uploads\/2020\/08\/doc_manual.png\" \/> VictronConnect &#8211; MPPT Solar Charge Controllers (Manual)<\/a><\/p>","protected":false},"excerpt":{"rendered":"<p>The MPPT VE.Can SmartSolar charger uses the latest and fastest technology to convert energy from a solar array into energy that optimally charges a battery banks.<\/p>\n<p>SmartSolar kontroler punjenja napunit \u0107e \u010dak i jako ispra\u017enjenu bateriju. Mo\u017ee raditi s naponom baterije od samo 0 volti, pod uvjetom da \u0107elije nisu trajno sulfatizirane ili na drugi na\u010din o\u0161te\u0107ene. Imaju u sebi ugra\u0111en bluetooth za nadzor punjenja baterije preko apliakcije Victron Connect.<\/p>","protected":false},"featured_media":6030,"menu_order":682,"template":"","meta":[],"product_brand":[],"product_cat":[203],"product_tag":[],"class_list":{"0":"post-5311","1":"product","2":"type-product","3":"status-publish","4":"has-post-thumbnail","6":"product_cat-mppt-smart-solar","7":"product_shipping_class-eu-available","9":"first","10":"instock","11":"taxable","12":"shipping-taxable","13":"purchasable","14":"product-type-simple"},"yoast_head":"<!-- This site is optimized with the Yoast SEO plugin v27.3 - https:\/\/yoast.com\/product\/yoast-seo-wordpress\/ -->\n<title>SmartSolar MPPT 250\/85-Tr VE.Can - Energostore<\/title>\n<meta name=\"robots\" content=\"index, follow, max-snippet:-1, max-image-preview:large, max-video-preview:-1\" \/>\n<link rel=\"canonical\" href=\"https:\/\/energostore.com\/hr\/proizvod\/smartsolar-mppt-250-85-tr-ve-can\/\" \/>\n<meta property=\"og:locale\" content=\"hr_HR\" \/>\n<meta property=\"og:type\" content=\"article\" \/>\n<meta property=\"og:title\" content=\"SmartSolar MPPT 250\/85-Tr VE.Can - Energostore\" \/>\n<meta property=\"og:description\" content=\"The MPPT VE.Can SmartSolar charger uses the latest and fastest technology to convert energy from a solar array into energy that optimally charges a battery banks.  The SmartSolar charge controller will even recharge a severely depleted battery. It can operate with a battery voltage as low as 0 Volts, provided the cells are not permanently sulphated or otherwise damaged.\" \/>\n<meta property=\"og:url\" content=\"https:\/\/energostore.com\/hr\/proizvod\/smartsolar-mppt-250-85-tr-ve-can\/\" \/>\n<meta property=\"og:site_name\" content=\"Energostore\" \/>\n<meta property=\"article:modified_time\" content=\"2026-04-01T07:05:13+00:00\" \/>\n<meta property=\"og:image\" content=\"https:\/\/energostore.com\/wp-content\/uploads\/2020\/07\/smart-250-85-tr-vecan.png\" \/>\n\t<meta property=\"og:image:width\" content=\"904\" \/>\n\t<meta property=\"og:image:height\" content=\"731\" \/>\n\t<meta property=\"og:image:type\" content=\"image\/png\" \/>\n<meta name=\"twitter:card\" content=\"summary_large_image\" \/>\n<meta name=\"twitter:label1\" content=\"Procijenjeno vrijeme \u010ditanja\" \/>\n\t<meta name=\"twitter:data1\" content=\"1 minuta\" \/>\n<script type=\"application\/ld+json\" class=\"yoast-schema-graph\">{\"@context\":\"https:\\\/\\\/schema.org\",\"@graph\":[{\"@type\":\"WebPage\",\"@id\":\"https:\\\/\\\/energostore.com\\\/product\\\/smartsolar-mppt-250-85-tr-ve-can\\\/\",\"url\":\"https:\\\/\\\/energostore.com\\\/product\\\/smartsolar-mppt-250-85-tr-ve-can\\\/\",\"name\":\"SmartSolar MPPT 250\\\/85-Tr VE.Can - Energostore\",\"isPartOf\":{\"@id\":\"https:\\\/\\\/energostore.com\\\/hr\\\/#website\"},\"primaryImageOfPage\":{\"@id\":\"https:\\\/\\\/energostore.com\\\/product\\\/smartsolar-mppt-250-85-tr-ve-can\\\/#primaryimage\"},\"image\":{\"@id\":\"https:\\\/\\\/energostore.com\\\/product\\\/smartsolar-mppt-250-85-tr-ve-can\\\/#primaryimage\"},\"thumbnailUrl\":\"https:\\\/\\\/energostore.com\\\/wp-content\\\/uploads\\\/2020\\\/07\\\/smart-250-85-tr-vecan.png\",\"datePublished\":\"2020-07-07T09:38:56+00:00\",\"dateModified\":\"2026-04-01T07:05:13+00:00\",\"breadcrumb\":{\"@id\":\"https:\\\/\\\/energostore.com\\\/product\\\/smartsolar-mppt-250-85-tr-ve-can\\\/#breadcrumb\"},\"inLanguage\":\"hr\",\"potentialAction\":[{\"@type\":\"ReadAction\",\"target\":[\"https:\\\/\\\/energostore.com\\\/product\\\/smartsolar-mppt-250-85-tr-ve-can\\\/\"]}]},{\"@type\":\"ImageObject\",\"inLanguage\":\"hr\",\"@id\":\"https:\\\/\\\/energostore.com\\\/product\\\/smartsolar-mppt-250-85-tr-ve-can\\\/#primaryimage\",\"url\":\"https:\\\/\\\/energostore.com\\\/wp-content\\\/uploads\\\/2020\\\/07\\\/smart-250-85-tr-vecan.png\",\"contentUrl\":\"https:\\\/\\\/energostore.com\\\/wp-content\\\/uploads\\\/2020\\\/07\\\/smart-250-85-tr-vecan.png\",\"width\":904,\"height\":731},{\"@type\":\"BreadcrumbList\",\"@id\":\"https:\\\/\\\/energostore.com\\\/product\\\/smartsolar-mppt-250-85-tr-ve-can\\\/#breadcrumb\",\"itemListElement\":[{\"@type\":\"ListItem\",\"position\":1,\"name\":\"Home\",\"item\":\"https:\\\/\\\/energostore.com\\\/\"},{\"@type\":\"ListItem\",\"position\":2,\"name\":\"Shop\",\"item\":\"https:\\\/\\\/energostore.com\\\/hr\\\/shop\\\/\"},{\"@type\":\"ListItem\",\"position\":3,\"name\":\"SmartSolar MPPT 250\\\/85-Tr VE.Can\"}]},{\"@type\":\"WebSite\",\"@id\":\"https:\\\/\\\/energostore.com\\\/hr\\\/#website\",\"url\":\"https:\\\/\\\/energostore.com\\\/hr\\\/\",\"name\":\"Energostore\",\"description\":\"Solar products online store\",\"publisher\":{\"@id\":\"https:\\\/\\\/energostore.com\\\/hr\\\/#organization\"},\"potentialAction\":[{\"@type\":\"SearchAction\",\"target\":{\"@type\":\"EntryPoint\",\"urlTemplate\":\"https:\\\/\\\/energostore.com\\\/hr\\\/?s={search_term_string}\"},\"query-input\":{\"@type\":\"PropertyValueSpecification\",\"valueRequired\":true,\"valueName\":\"search_term_string\"}}],\"inLanguage\":\"hr\"},{\"@type\":\"Organization\",\"@id\":\"https:\\\/\\\/energostore.com\\\/hr\\\/#organization\",\"name\":\"Energostore\",\"url\":\"https:\\\/\\\/energostore.com\\\/hr\\\/\",\"logo\":{\"@type\":\"ImageObject\",\"inLanguage\":\"hr\",\"@id\":\"https:\\\/\\\/energostore.com\\\/hr\\\/#\\\/schema\\\/logo\\\/image\\\/\",\"url\":\"https:\\\/\\\/energostore.com\\\/wp-content\\\/uploads\\\/2020\\\/07\\\/energostore_logo.png\",\"contentUrl\":\"https:\\\/\\\/energostore.com\\\/wp-content\\\/uploads\\\/2020\\\/07\\\/energostore_logo.png\",\"width\":517,\"height\":100,\"caption\":\"Energostore\"},\"image\":{\"@id\":\"https:\\\/\\\/energostore.com\\\/hr\\\/#\\\/schema\\\/logo\\\/image\\\/\"}}]}<\/script>\n<!-- \/ Yoast SEO plugin. -->","yoast_head_json":{"title":"SmartSolar MPPT 250\/85-Tr VE.Can - Energostore","robots":{"index":"index","follow":"follow","max-snippet":"max-snippet:-1","max-image-preview":"max-image-preview:large","max-video-preview":"max-video-preview:-1"},"canonical":"https:\/\/energostore.com\/hr\/proizvod\/smartsolar-mppt-250-85-tr-ve-can\/","og_locale":"hr_HR","og_type":"article","og_title":"SmartSolar MPPT 250\/85-Tr VE.Can - Energostore","og_description":"The MPPT VE.Can SmartSolar charger uses the latest and fastest technology to convert energy from a solar array into energy that optimally charges a battery banks.  The SmartSolar charge controller will even recharge a severely depleted battery. It can operate with a battery voltage as low as 0 Volts, provided the cells are not permanently sulphated or otherwise damaged.","og_url":"https:\/\/energostore.com\/hr\/proizvod\/smartsolar-mppt-250-85-tr-ve-can\/","og_site_name":"Energostore","article_modified_time":"2026-04-01T07:05:13+00:00","og_image":[{"width":904,"height":731,"url":"https:\/\/energostore.com\/wp-content\/uploads\/2020\/07\/smart-250-85-tr-vecan.png","type":"image\/png"}],"twitter_card":"summary_large_image","twitter_misc":{"Procijenjeno vrijeme \u010ditanja":"1 minuta"},"schema":{"@context":"https:\/\/schema.org","@graph":[{"@type":"WebPage","@id":"https:\/\/energostore.com\/product\/smartsolar-mppt-250-85-tr-ve-can\/","url":"https:\/\/energostore.com\/product\/smartsolar-mppt-250-85-tr-ve-can\/","name":"SmartSolar MPPT 250\/85-Tr VE.Can - Energostore","isPartOf":{"@id":"https:\/\/energostore.com\/hr\/#website"},"primaryImageOfPage":{"@id":"https:\/\/energostore.com\/product\/smartsolar-mppt-250-85-tr-ve-can\/#primaryimage"},"image":{"@id":"https:\/\/energostore.com\/product\/smartsolar-mppt-250-85-tr-ve-can\/#primaryimage"},"thumbnailUrl":"https:\/\/energostore.com\/wp-content\/uploads\/2020\/07\/smart-250-85-tr-vecan.png","datePublished":"2020-07-07T09:38:56+00:00","dateModified":"2026-04-01T07:05:13+00:00","breadcrumb":{"@id":"https:\/\/energostore.com\/product\/smartsolar-mppt-250-85-tr-ve-can\/#breadcrumb"},"inLanguage":"hr","potentialAction":[{"@type":"ReadAction","target":["https:\/\/energostore.com\/product\/smartsolar-mppt-250-85-tr-ve-can\/"]}]},{"@type":"ImageObject","inLanguage":"hr","@id":"https:\/\/energostore.com\/product\/smartsolar-mppt-250-85-tr-ve-can\/#primaryimage","url":"https:\/\/energostore.com\/wp-content\/uploads\/2020\/07\/smart-250-85-tr-vecan.png","contentUrl":"https:\/\/energostore.com\/wp-content\/uploads\/2020\/07\/smart-250-85-tr-vecan.png","width":904,"height":731},{"@type":"BreadcrumbList","@id":"https:\/\/energostore.com\/product\/smartsolar-mppt-250-85-tr-ve-can\/#breadcrumb","itemListElement":[{"@type":"ListItem","position":1,"name":"Home","item":"https:\/\/energostore.com\/"},{"@type":"ListItem","position":2,"name":"Shop","item":"https:\/\/energostore.com\/hr\/shop\/"},{"@type":"ListItem","position":3,"name":"SmartSolar MPPT 250\/85-Tr VE.Can"}]},{"@type":"WebSite","@id":"https:\/\/energostore.com\/hr\/#website","url":"https:\/\/energostore.com\/hr\/","name":"Energostore","description":"Solar products online store","publisher":{"@id":"https:\/\/energostore.com\/hr\/#organization"},"potentialAction":[{"@type":"SearchAction","target":{"@type":"EntryPoint","urlTemplate":"https:\/\/energostore.com\/hr\/?s={search_term_string}"},"query-input":{"@type":"PropertyValueSpecification","valueRequired":true,"valueName":"search_term_string"}}],"inLanguage":"hr"},{"@type":"Organization","@id":"https:\/\/energostore.com\/hr\/#organization","name":"Energostore","url":"https:\/\/energostore.com\/hr\/","logo":{"@type":"ImageObject","inLanguage":"hr","@id":"https:\/\/energostore.com\/hr\/#\/schema\/logo\/image\/","url":"https:\/\/energostore.com\/wp-content\/uploads\/2020\/07\/energostore_logo.png","contentUrl":"https:\/\/energostore.com\/wp-content\/uploads\/2020\/07\/energostore_logo.png","width":517,"height":100,"caption":"Energostore"},"image":{"@id":"https:\/\/energostore.com\/hr\/#\/schema\/logo\/image\/"}}]}},"_links":{"self":[{"href":"https:\/\/energostore.com\/hr\/wp-json\/wp\/v2\/product\/5311","targetHints":{"allow":["GET"]}}],"collection":[{"href":"https:\/\/energostore.com\/hr\/wp-json\/wp\/v2\/product"}],"about":[{"href":"https:\/\/energostore.com\/hr\/wp-json\/wp\/v2\/types\/product"}],"version-history":[{"count":1,"href":"https:\/\/energostore.com\/hr\/wp-json\/wp\/v2\/product\/5311\/revisions"}],"predecessor-version":[{"id":7711,"href":"https:\/\/energostore.com\/hr\/wp-json\/wp\/v2\/product\/5311\/revisions\/7711"}],"wp:featuredmedia":[{"embeddable":true,"href":"https:\/\/energostore.com\/hr\/wp-json\/wp\/v2\/media\/6030"}],"wp:attachment":[{"href":"https:\/\/energostore.com\/hr\/wp-json\/wp\/v2\/media?parent=5311"}],"wp:term":[{"taxonomy":"product_brand","embeddable":true,"href":"https:\/\/energostore.com\/hr\/wp-json\/wp\/v2\/product_brand?post=5311"},{"taxonomy":"product_cat","embeddable":true,"href":"https:\/\/energostore.com\/hr\/wp-json\/wp\/v2\/product_cat?post=5311"},{"taxonomy":"product_tag","embeddable":true,"href":"https:\/\/energostore.com\/hr\/wp-json\/wp\/v2\/product_tag?post=5311"}],"curies":[{"name":"wp","href":"https:\/\/api.w.org\/{rel}","templated":true}]}}