{"id":5229,"date":"2020-07-07T09:36:54","date_gmt":"2020-07-07T09:36:54","guid":{"rendered":"https:\/\/energostore.com\/product\/bluesolar-mppt-150-70-tr\/"},"modified":"2026-04-01T07:05:13","modified_gmt":"2026-04-01T07:05:13","slug":"bluesolar-mppt-150-70-tr","status":"publish","type":"product","link":"https:\/\/energostore.com\/hr\/proizvod\/bluesolar-mppt-150-70-tr\/","title":{"rendered":"BlueSolar MPPT 150\/70-Tr"},"content":{"rendered":"<h1>Datasheet<\/h1>\n<p><a title=\"BlueSolar Charge Controller MPPT 150\/45 up to 150\/100\" href=\"https:\/\/www.victronenergy.com\/upload\/documents\/Datasheet-BlueSolar-charge-controller-MPPT-150-45-up-to-150-100-EN.pdf\"><img decoding=\"async\" style=\"margin-right: 5px;\" src=\"\/wp-content\/uploads\/2020\/08\/doc_datasheet.png\" \/> BlueSolar Charge Controller MPPT 150\/45 up to 150\/100<\/a><\/p>\n<p><a title=\"BlueSolar MPPT 150\/35\" href=\"https:\/\/www.victronenergy.com\/upload\/documents\/Datasheet-BlueSolar-charge-controller-MPPT-150-35-EN.pdf\"><img decoding=\"async\" style=\"margin-right: 5px;\" src=\"\/wp-content\/uploads\/2020\/08\/doc_datasheet.png\" \/> BlueSolar MPPT 150\/35<\/a><\/p>\n<p><a title=\"BlueSolar and SmartSolar Charge Controller MPPT - Overview\" href=\"https:\/\/www.victronenergy.com\/upload\/documents\/Datasheet-BlueSolar-and-SmartSolar-charge-controller-overview-EN.pdf\"><img decoding=\"async\" style=\"margin-right: 5px;\" src=\"\/wp-content\/uploads\/2020\/08\/doc_datasheet.png\" \/> BlueSolar and SmartSolar Charge Controller MPPT &#8211; Overview<\/a><\/p>\n<h4>Dokumenti<\/h4>\n<p><a title=\"BlueSolar &amp; SmartSolar MPPT 100\/50 &amp; 150\/35 (3D)\" href=\"https:\/\/www.victronenergy.com\/upload\/documents\/BlueSolar_SmartSolar-MPPT-100-50-3D.pdf\"><img decoding=\"async\" style=\"margin-right: 5px;\" src=\"\/wp-content\/uploads\/2020\/08\/doc_enclosure_dimensions.png\" \/> BlueSolar &amp; SmartSolar MPPT 100\/50 &amp; 150\/35 (3D) (Enclosure dimension)<\/a><\/p>\n<p><a title=\"BlueSolar &amp; SmartSolar MPPT 100\/50 &amp; 150\/35 (stp)\" href=\"https:\/\/www.victronenergy.com\/upload\/documents\/BlueSolar_SmartSolar-MPPT-100-50-3D.step\"><img decoding=\"async\" style=\"margin-right: 5px;\" src=\"\/wp-content\/uploads\/2020\/08\/doc_enclosure_dimensions.png\" \/> BlueSolar &amp; SmartSolar MPPT 100\/50 &amp; 150\/35 (stp) (Enclosure dimension)<\/a><\/p>\n<p><a title=\"BlueSolar Charge Controller MPPT 150\/35\" href=\"https:\/\/www.victronenergy.com\/upload\/documents\/Manual-BlueSolar-charge-controller-MPPT-150-35-EN-NL-FR-DE-ES-SE-ul-.pdf\"><img decoding=\"async\" style=\"margin-right: 5px;\" src=\"\/wp-content\/uploads\/2020\/08\/doc_manual.png\" \/> BlueSolar Charge Controller MPPT 150\/35 (Manual)<\/a><\/p>\n<p><a title=\"BlueSolar MPPT 75\/50 100\/30 150\/35 100\/50\" href=\"https:\/\/www.victronenergy.com\/upload\/documents\/DimensionDrawing-BlueSolar-MPPT-75-50-100-30-150-35-100-50.pdf\"><img decoding=\"async\" style=\"margin-right: 5px;\" src=\"\/wp-content\/uploads\/2020\/08\/doc_enclosure_dimensions.png\" \/> BlueSolar MPPT 75\/50 100\/30 150\/35 100\/50 (Enclosure dimension)<\/a><\/p>\n<p><a title=\"BlueSolar MPPT 75\/50 100\/30 150\/35 100\/50 (dwg)\" href=\"https:\/\/www.victronenergy.com\/upload\/documents\/DimensionDrawing-BlueSolar-MPPT-75-50-100-30-150-35-100-50.DWG\"><img decoding=\"async\" style=\"margin-right: 5px;\" src=\"\/wp-content\/uploads\/2020\/08\/doc_enclosure_dimensions.png\" \/> BlueSolar MPPT 75\/50 100\/30 150\/35 100\/50 (dwg) (Enclosure dimension)<\/a><\/p>\n<p><a title=\"BlueSolar charge controller MPPT 150\/45 up to 150\/70\" href=\"https:\/\/www.victronenergy.com\/upload\/documents\/Manual-BlueSolar-charge-controller-MPPT-150-45-up-to-150-70-EN-NL-FR-DE-ES-SE.pdf\"><img decoding=\"async\" style=\"margin-right: 5px;\" src=\"\/wp-content\/uploads\/2020\/08\/doc_manual.png\" \/> BlueSolar charge controller MPPT 150\/45 up to 150\/70 (Manual)<\/a><\/p>\n<p><a title=\"Certificate IEC 62109-1 AS\/NZS MPPT 150\/45\" href=\"https:\/\/www.victronenergy.com\/upload\/documents\/Certificate-IEC-62109-1-AS-NZS-MPPT-150-45-Tr.pdf\"><img decoding=\"async\" style=\"margin-right: 5px;\" src=\"\/wp-content\/uploads\/2020\/08\/doc_certificate.png\" \/> Certificate IEC 62109-1 AS\/NZS MPPT 150\/45 (Certificate)<\/a><\/p>\n<p><a title=\"Certificate Safety EN\/IEC 62109-1 - BlueSolar &amp; SmartSolar MPPT 100\/50 &amp; 150\/35\" href=\"https:\/\/www.victronenergy.com\/upload\/documents\/Certificate-Safety-EN-IEC-62109-1-BlueSolar-&amp;-SmartSolar-MPPT-100-50-&amp;-150-35.pdf\"><img decoding=\"async\" style=\"margin-right: 5px;\" src=\"\/wp-content\/uploads\/2020\/08\/doc_certificate.png\" \/> Certificate Safety EN\/IEC 62109-1 &#8211; BlueSolar &amp; SmartSolar MPPT 100\/50 &amp; 150\/35 (Certificate)<\/a><\/p>\n<p><a title=\"Certificate Safety EN\/IEC 62109-1 - MPPT 150\/45, 150\/60 &amp; 150\/70\" href=\"https:\/\/www.victronenergy.com\/upload\/documents\/Certificate-Safety-IEC-62109-1-MPPT-150-45,-150-60-&amp;-150-70-Tr-en-MC4.pdf\"><img decoding=\"async\" style=\"margin-right: 5px;\" src=\"\/wp-content\/uploads\/2020\/08\/doc_certificate.png\" \/> Certificate Safety EN\/IEC 62109-1 &#8211; MPPT 150\/45, 150\/60 &amp; 150\/70 (Certificate)<\/a><\/p>\n<p><a title=\"Certificate Safety EN\/IEC 62109-1 - MPPT 150\/85 &amp; 150\/100\" href=\"https:\/\/www.victronenergy.com\/upload\/documents\/Certificate-Safety-EN-IEC-62109-1-MPPT-150-85--150-100-Tr--MC4.pdf\"><img decoding=\"async\" style=\"margin-right: 5px;\" src=\"\/wp-content\/uploads\/2020\/08\/doc_certificate.png\" \/> Certificate Safety EN\/IEC 62109-1 &#8211; MPPT 150\/85 &amp; 150\/100 (Certificate)<\/a><\/p>\n<p><a title=\"Certificate Safety IEC 62109 AS\/NZS - MPPT 150\/85 &amp; 150\/100 - addendum\" href=\"https:\/\/www.victronenergy.com\/upload\/documents\/Certificate-Safety-IEC-62109-1-AS-NZS-addendum-MPPT-150-85--150-100-Tr-and-MC4.pdf\"><img decoding=\"async\" style=\"margin-right: 5px;\" src=\"\/wp-content\/uploads\/2020\/08\/doc_certificate.png\" \/> Certificate Safety IEC 62109 AS\/NZS &#8211; MPPT 150\/85 &amp; 150\/100 &#8211; addendum (Certificate)<\/a><\/p>\n<p><a title=\"Certificate Safety IEC 62109-1 - AS\/NZS - BlueSolar &amp; SmartSolar MPPT 100\/50 &amp; 150\/35 &amp; addendum\" href=\"https:\/\/www.victronenergy.com\/upload\/documents\/Certificate-Safety-IEC-62109-1-AS-NZS-BlueSolar-&amp;-SmartSolar-MPPT-100-50-&amp;-150-35-&amp;-addendum.pdf\"><img decoding=\"async\" style=\"margin-right: 5px;\" src=\"\/wp-content\/uploads\/2020\/08\/doc_certificate.png\" \/> Certificate Safety IEC 62109-1 &#8211; AS\/NZS &#8211; BlueSolar &amp; SmartSolar MPPT 100\/50 &amp; 150\/35 &amp; addendum (Certificate)<\/a><\/p>\n<p><a title=\"Certificate Safety IEC 62109-1 - AS\/NZS addendum - MPPT 150\/45 &amp; 150\/60\" href=\"https:\/\/www.victronenergy.com\/upload\/documents\/Addendum-IEC-62109-1-AS-NZS-MPPT-150-45,-150-60-and-150-70-Tr-and-MC4.pdf\"><img decoding=\"async\" style=\"margin-right: 5px;\" src=\"\/wp-content\/uploads\/2020\/08\/doc_certificate.png\" \/> Certificate Safety IEC 62109-1 &#8211; AS\/NZS addendum &#8211; MPPT 150\/45 &amp; 150\/60 (Certificate)<\/a><\/p>\n<p><a title=\"Certificate of Compliance, UL 1741 and CSA C22.2, all BlueSolar &amp; SmartSolar MPPTs up to 150\/100\" href=\"https:\/\/www.victronenergy.com\/upload\/documents\/Certificate-of-Compliance,-UL-1741-and-CSA-C22.2,-all-BlueSolar-&amp;-SmartSolar-MPPT's-up-to-150-100.pdf\"><img decoding=\"async\" style=\"margin-right: 5px;\" src=\"\/wp-content\/uploads\/2020\/08\/doc_certificate.png\" \/> Certificate of Compliance, UL 1741 and CSA C22.2, all BlueSolar &amp; SmartSolar MPPTs up to 150\/100 (Certificate)<\/a><\/p>\n<p><a title=\"Data communication with Victron Energy products\" href=\"https:\/\/www.victronenergy.com\/upload\/documents\/Whitepaper-Data-communication-with-Victron-Energy-products_EN.pdf\"><img decoding=\"async\" style=\"margin-right: 5px;\" src=\"\/wp-content\/uploads\/2020\/08\/doc_brochure.png\" \/> Data communication with Victron Energy products (Whitepaper)<\/a><\/p>\n<p><a title=\"Declaration of Conformity - BlueSolar and CAN-bus MPPT Charge Controllers\" href=\"https:\/\/www.victronenergy.com\/upload\/documents\/BlueSolar-and-CAN-bus-MPPT-Charge-Controllers-2020-08-28.pdf\"><img decoding=\"async\" style=\"margin-right: 5px;\" src=\"\/wp-content\/uploads\/2020\/08\/doc_certificate.png\" \/> Declaration of Conformity &#8211; BlueSolar and CAN-bus MPPT Charge Controllers (Certificate)<\/a><\/p>\n<p><a title=\"ESS (Energy Storage System) Manual\" href=\"http:\/\/www.victronenergy.com\/live\/ess:start\"><img decoding=\"async\" style=\"margin-right: 5px;\" src=\"\/wp-content\/uploads\/2020\/08\/doc_manual.png\" \/> ESS (Energy Storage System) Manual (Manual)<\/a><\/p>\n<p><a title=\"How to get a readout from an MPPT with a VE.Direct Bluetooth Smart dongle\" href=\"https:\/\/www.youtube.com\/watch?v=vZJA4eTd6vw&amp;list=PLnKCJA0l3E6bCC56dVlVIQO1s3VxwZmbp&amp;index=6\"><img decoding=\"async\" style=\"margin-right: 5px;\" src=\"\/wp-content\/uploads\/2020\/08\/doc_movie.png\" \/> How to get a readout from an MPPT with a VE.Direct Bluetooth Smart dongle (Movie)<\/a><\/p>\n<p><a title=\"ISO9001 certificate\" href=\"https:\/\/www.victronenergy.com\/upload\/documents\/ISO9001-certificate-2018.pdf\"><img decoding=\"async\" style=\"margin-right: 5px;\" src=\"\/wp-content\/uploads\/2020\/08\/doc_certificate.png\" \/> ISO9001 certificate (Certificate)<\/a><\/p>\n<p><a title=\"MPPT Solar Charger Error Codes\" href=\"https:\/\/www.victronenergy.com\/live\/mppt-error-codes\"><img decoding=\"async\" style=\"margin-right: 5px;\" src=\"\/wp-content\/uploads\/2020\/08\/doc_manual.png\" \/> MPPT Solar Charger Error Codes (Manual)<\/a><\/p>\n<p><a title=\"Modbus-TCP register list\" href=\"https:\/\/www.victronenergy.com\/download-document\/6195\/CCGX-Modbus-TCP-register-list-2.53.xlsx\"><img decoding=\"async\" style=\"margin-right: 5px;\" src=\"\/wp-content\/uploads\/2020\/08\/doc_brochure.png\" \/> Modbus-TCP register list (Whitepaper)<\/a><\/p>\n<p><a title=\"VE.Direct HEX Protocol MPPT\" href=\"https:\/\/www.victronenergy.com\/download-document\/4459\/BlueSolar-HEX-protocol-MPPT.pdf\"><img decoding=\"async\" style=\"margin-right: 5px;\" src=\"\/wp-content\/uploads\/2020\/08\/doc_brochure.png\" \/> VE.Direct HEX Protocol MPPT (Whitepaper)<\/a><\/p>\n<p><a title=\"VE.Direct Protocol\" href=\"https:\/\/www.victronenergy.com\/download-document\/2036\/VE.Direct-Protocol-3.29.pdf\"><img decoding=\"async\" style=\"margin-right: 5px;\" src=\"\/wp-content\/uploads\/2020\/08\/doc_brochure.png\" \/> VE.Direct Protocol (Whitepaper)<\/a><\/p>\n<p><a title=\"VE.Direct non inverting remote on-off cable \" href=\"https:\/\/docs.victronenergy.com\/ve.direct-non-inverting-remote-on-off-cable.html#\"><img decoding=\"async\" style=\"margin-right: 5px;\" src=\"\/wp-content\/uploads\/2020\/08\/doc_manual.png\" \/> VE.Direct non inverting remote on-off cable (Manual)<\/a><\/p>\n<p><a title=\"Victron Energy expands solar charge controller range\" href=\"https:\/\/www.victronenergy.com\/upload\/documents\/2010603_Press-release_MPPT_UK.pdf\"><img decoding=\"async\" style=\"margin-right: 5px;\" src=\"\/wp-content\/uploads\/2020\/08\/doc_press_release.png\" \/> Victron Energy expands solar charge controller range (Press release)<\/a><\/p>\n<p><a title=\"Victron Energy helps customers to be less grid dependent\" href=\"https:\/\/www.victronenergy.com\/upload\/documents\/20140527_Press-release_Intersolar.pdf\"><img decoding=\"async\" style=\"margin-right: 5px;\" src=\"\/wp-content\/uploads\/2020\/08\/doc_press_release.png\" \/> Victron Energy helps customers to be less grid dependent (Press release)<\/a><\/p>\n<p><a title=\"VictronConnect - MPPT Solar Charge Controllers \" href=\"http:\/\/www.victronenergy.com\/live\/victronconnect:mppt-solarchargers\"><img decoding=\"async\" style=\"margin-right: 5px;\" src=\"\/wp-content\/uploads\/2020\/08\/doc_manual.png\" \/> VictronConnect &#8211; MPPT Solar Charge Controllers (Manual)<\/a><\/p>\n<p><a title=\"VictronConnect: MPPT live data\" href=\"https:\/\/www.youtube.com\/watch?v=8yJyFZuDkuA&amp;index=6&amp;list=PLnKCJA0l3E6bCC56dVlVIQO1s3VxwZmbp\"><img decoding=\"async\" style=\"margin-right: 5px;\" src=\"\/wp-content\/uploads\/2020\/08\/doc_movie.png\" \/> VictronConnect: MPPT live data (Movie)<\/a><\/p>\n<p><a title=\"VictronConnect: how to change MPPT settings\" href=\"https:\/\/www.youtube.com\/watch?v=ve59J9WTm1E&amp;list=PLnKCJA0l3E6bCC56dVlVIQO1s3VxwZmbp&amp;index=5\"><img decoding=\"async\" style=\"margin-right: 5px;\" src=\"\/wp-content\/uploads\/2020\/08\/doc_movie.png\" \/> VictronConnect: how to change MPPT settings (Movie)<\/a><\/p>\n<p><a title=\"VictronConnect: readout MPPT with Bluetooth Smart Dongle\" href=\"https:\/\/www.youtube.com\/watch?v=vZJA4eTd6vw&amp;list=PLnKCJA0l3E6bCC56dVlVIQO1s3VxwZmbp&amp;index=3\"><img decoding=\"async\" style=\"margin-right: 5px;\" src=\"\/wp-content\/uploads\/2020\/08\/doc_movie.png\" \/> VictronConnect: readout MPPT with Bluetooth Smart Dongle (Movie)<\/a><\/p>\n<p><a title=\"Which solar charge controller: PWM or MPPT?\" href=\"https:\/\/www.victronenergy.com\/upload\/documents\/White-paper-Which-solar-charge-controller-PWM-or-MPPT.pdf\"><img decoding=\"async\" style=\"margin-right: 5px;\" src=\"\/wp-content\/uploads\/2020\/08\/doc_brochure.png\" \/> Which solar charge controller: PWM or MPPT? (Whitepaper)<\/a><\/p>\n<p><a title=\"Which solar charge controller: PWM or MPPT?\" href=\"https:\/\/www.victronenergy.com\/upload\/documents\/White-paper-Which-solar-charge-controller-PWM-or-MPPT.pdf\"><img decoding=\"async\" style=\"margin-right: 5px;\" src=\"\/wp-content\/uploads\/2020\/08\/doc_manual.png\" \/> Which solar charge controller: PWM or MPPT? (Manual)<\/a><\/p>","protected":false},"excerpt":{"rendered":"<p>MPPT regulatori punjenja skupljaju energiju iz  solarnih plo\u010da i pohranjuju je u baterije. Koriste\u0107i najnoviju, najbr\u017eu tehnologiju, BlueSolar regulatori iskori\u0161tavaju maksimum energije iz Sunca te inteligentno u najkra\u0107em mogu\u0107em vremenu odr\u017eavaju Va\u0161u bateriju punom .\nBlueSolar regulatori tako\u0111er odr\u017eavaju zdravlje baterije, produ\u017euju\u0107i joj vijek trajanja.\n\nBlueSolar kontroler punjenja napunit \u0107e \u010dak i jako ispra\u017enjenu bateriju. Mo\u017ee raditi s naponom baterije od samo 0 volti, pod uvjetom da \u0107elije nisu trajno sulfatizirane ili na drugi na\u010din o\u0161te\u0107ene.<\/p>","protected":false},"featured_media":9425,"menu_order":267,"template":"","meta":[],"product_brand":[],"product_cat":[204],"product_tag":[],"class_list":{"0":"post-5229","1":"product","2":"type-product","3":"status-publish","4":"has-post-thumbnail","6":"product_cat-mppt-blue-solar","7":"product_shipping_class-eu-available","9":"first","10":"onbackorder","11":"taxable","12":"shipping-taxable","13":"purchasable","14":"product-type-simple"},"yoast_head":"<!-- This site is optimized with the Yoast SEO plugin v27.3 - https:\/\/yoast.com\/product\/yoast-seo-wordpress\/ -->\n<title>BlueSolar MPPT 150\/70-Tr - Energostore<\/title>\n<meta name=\"robots\" content=\"index, follow, max-snippet:-1, max-image-preview:large, max-video-preview:-1\" \/>\n<link rel=\"canonical\" href=\"https:\/\/energostore.com\/hr\/proizvod\/bluesolar-mppt-150-70-tr\/\" \/>\n<meta property=\"og:locale\" content=\"hr_HR\" \/>\n<meta property=\"og:type\" content=\"article\" \/>\n<meta property=\"og:title\" content=\"BlueSolar MPPT 150\/70-Tr - Energostore\" \/>\n<meta property=\"og:description\" content=\"A solar charger gathers energy from your solar panels, and stores it in your batteries. Using the latest, fastest technology, BlueSolar maximises this energy-harvest, driving it intelligently to achieve full charge in the shortest possible time. BlueSolar maintains battery health, extending its life.\" \/>\n<meta property=\"og:url\" content=\"https:\/\/energostore.com\/hr\/proizvod\/bluesolar-mppt-150-70-tr\/\" \/>\n<meta property=\"og:site_name\" content=\"Energostore\" \/>\n<meta property=\"article:modified_time\" content=\"2026-04-01T07:05:13+00:00\" \/>\n<meta property=\"og:image\" content=\"https:\/\/energostore.com\/wp-content\/uploads\/2020\/07\/BlueSolar-MPPT-150_70-Tr.webp\" \/>\n\t<meta property=\"og:image:width\" content=\"687\" \/>\n\t<meta property=\"og:image:height\" content=\"500\" \/>\n\t<meta property=\"og:image:type\" content=\"image\/webp\" \/>\n<meta name=\"twitter:card\" content=\"summary_large_image\" \/>\n<meta name=\"twitter:label1\" content=\"Procijenjeno vrijeme \u010ditanja\" \/>\n\t<meta name=\"twitter:data1\" content=\"1 minuta\" \/>\n<script type=\"application\/ld+json\" class=\"yoast-schema-graph\">{\"@context\":\"https:\\\/\\\/schema.org\",\"@graph\":[{\"@type\":\"WebPage\",\"@id\":\"https:\\\/\\\/energostore.com\\\/product\\\/bluesolar-mppt-150-70-tr\\\/\",\"url\":\"https:\\\/\\\/energostore.com\\\/product\\\/bluesolar-mppt-150-70-tr\\\/\",\"name\":\"BlueSolar MPPT 150\\\/70-Tr - Energostore\",\"isPartOf\":{\"@id\":\"https:\\\/\\\/energostore.com\\\/hr\\\/#website\"},\"primaryImageOfPage\":{\"@id\":\"https:\\\/\\\/energostore.com\\\/product\\\/bluesolar-mppt-150-70-tr\\\/#primaryimage\"},\"image\":{\"@id\":\"https:\\\/\\\/energostore.com\\\/product\\\/bluesolar-mppt-150-70-tr\\\/#primaryimage\"},\"thumbnailUrl\":\"https:\\\/\\\/energostore.com\\\/wp-content\\\/uploads\\\/2020\\\/07\\\/BlueSolar-MPPT-150_70-Tr.webp\",\"datePublished\":\"2020-07-07T09:36:54+00:00\",\"dateModified\":\"2026-04-01T07:05:13+00:00\",\"breadcrumb\":{\"@id\":\"https:\\\/\\\/energostore.com\\\/product\\\/bluesolar-mppt-150-70-tr\\\/#breadcrumb\"},\"inLanguage\":\"hr\",\"potentialAction\":[{\"@type\":\"ReadAction\",\"target\":[\"https:\\\/\\\/energostore.com\\\/product\\\/bluesolar-mppt-150-70-tr\\\/\"]}]},{\"@type\":\"ImageObject\",\"inLanguage\":\"hr\",\"@id\":\"https:\\\/\\\/energostore.com\\\/product\\\/bluesolar-mppt-150-70-tr\\\/#primaryimage\",\"url\":\"https:\\\/\\\/energostore.com\\\/wp-content\\\/uploads\\\/2020\\\/07\\\/BlueSolar-MPPT-150_70-Tr.webp\",\"contentUrl\":\"https:\\\/\\\/energostore.com\\\/wp-content\\\/uploads\\\/2020\\\/07\\\/BlueSolar-MPPT-150_70-Tr.webp\",\"width\":687,\"height\":500,\"caption\":\"BlueSolar MPPT 150_70-Tr\"},{\"@type\":\"BreadcrumbList\",\"@id\":\"https:\\\/\\\/energostore.com\\\/product\\\/bluesolar-mppt-150-70-tr\\\/#breadcrumb\",\"itemListElement\":[{\"@type\":\"ListItem\",\"position\":1,\"name\":\"Home\",\"item\":\"https:\\\/\\\/energostore.com\\\/\"},{\"@type\":\"ListItem\",\"position\":2,\"name\":\"Shop\",\"item\":\"https:\\\/\\\/energostore.com\\\/hr\\\/shop\\\/\"},{\"@type\":\"ListItem\",\"position\":3,\"name\":\"BlueSolar MPPT 150\\\/70-Tr\"}]},{\"@type\":\"WebSite\",\"@id\":\"https:\\\/\\\/energostore.com\\\/hr\\\/#website\",\"url\":\"https:\\\/\\\/energostore.com\\\/hr\\\/\",\"name\":\"Energostore\",\"description\":\"Solar products online store\",\"publisher\":{\"@id\":\"https:\\\/\\\/energostore.com\\\/hr\\\/#organization\"},\"potentialAction\":[{\"@type\":\"SearchAction\",\"target\":{\"@type\":\"EntryPoint\",\"urlTemplate\":\"https:\\\/\\\/energostore.com\\\/hr\\\/?s={search_term_string}\"},\"query-input\":{\"@type\":\"PropertyValueSpecification\",\"valueRequired\":true,\"valueName\":\"search_term_string\"}}],\"inLanguage\":\"hr\"},{\"@type\":\"Organization\",\"@id\":\"https:\\\/\\\/energostore.com\\\/hr\\\/#organization\",\"name\":\"Energostore\",\"url\":\"https:\\\/\\\/energostore.com\\\/hr\\\/\",\"logo\":{\"@type\":\"ImageObject\",\"inLanguage\":\"hr\",\"@id\":\"https:\\\/\\\/energostore.com\\\/hr\\\/#\\\/schema\\\/logo\\\/image\\\/\",\"url\":\"https:\\\/\\\/energostore.com\\\/wp-content\\\/uploads\\\/2020\\\/07\\\/energostore_logo.png\",\"contentUrl\":\"https:\\\/\\\/energostore.com\\\/wp-content\\\/uploads\\\/2020\\\/07\\\/energostore_logo.png\",\"width\":517,\"height\":100,\"caption\":\"Energostore\"},\"image\":{\"@id\":\"https:\\\/\\\/energostore.com\\\/hr\\\/#\\\/schema\\\/logo\\\/image\\\/\"}}]}<\/script>\n<!-- \/ Yoast SEO plugin. -->","yoast_head_json":{"title":"BlueSolar MPPT 150\/70-Tr - Energostore","robots":{"index":"index","follow":"follow","max-snippet":"max-snippet:-1","max-image-preview":"max-image-preview:large","max-video-preview":"max-video-preview:-1"},"canonical":"https:\/\/energostore.com\/hr\/proizvod\/bluesolar-mppt-150-70-tr\/","og_locale":"hr_HR","og_type":"article","og_title":"BlueSolar MPPT 150\/70-Tr - Energostore","og_description":"A solar charger gathers energy from your solar panels, and stores it in your batteries. Using the latest, fastest technology, BlueSolar maximises this energy-harvest, driving it intelligently to achieve full charge in the shortest possible time. BlueSolar maintains battery health, extending its life.","og_url":"https:\/\/energostore.com\/hr\/proizvod\/bluesolar-mppt-150-70-tr\/","og_site_name":"Energostore","article_modified_time":"2026-04-01T07:05:13+00:00","og_image":[{"width":687,"height":500,"url":"https:\/\/energostore.com\/wp-content\/uploads\/2020\/07\/BlueSolar-MPPT-150_70-Tr.webp","type":"image\/webp"}],"twitter_card":"summary_large_image","twitter_misc":{"Procijenjeno vrijeme \u010ditanja":"1 minuta"},"schema":{"@context":"https:\/\/schema.org","@graph":[{"@type":"WebPage","@id":"https:\/\/energostore.com\/product\/bluesolar-mppt-150-70-tr\/","url":"https:\/\/energostore.com\/product\/bluesolar-mppt-150-70-tr\/","name":"BlueSolar MPPT 150\/70-Tr - Energostore","isPartOf":{"@id":"https:\/\/energostore.com\/hr\/#website"},"primaryImageOfPage":{"@id":"https:\/\/energostore.com\/product\/bluesolar-mppt-150-70-tr\/#primaryimage"},"image":{"@id":"https:\/\/energostore.com\/product\/bluesolar-mppt-150-70-tr\/#primaryimage"},"thumbnailUrl":"https:\/\/energostore.com\/wp-content\/uploads\/2020\/07\/BlueSolar-MPPT-150_70-Tr.webp","datePublished":"2020-07-07T09:36:54+00:00","dateModified":"2026-04-01T07:05:13+00:00","breadcrumb":{"@id":"https:\/\/energostore.com\/product\/bluesolar-mppt-150-70-tr\/#breadcrumb"},"inLanguage":"hr","potentialAction":[{"@type":"ReadAction","target":["https:\/\/energostore.com\/product\/bluesolar-mppt-150-70-tr\/"]}]},{"@type":"ImageObject","inLanguage":"hr","@id":"https:\/\/energostore.com\/product\/bluesolar-mppt-150-70-tr\/#primaryimage","url":"https:\/\/energostore.com\/wp-content\/uploads\/2020\/07\/BlueSolar-MPPT-150_70-Tr.webp","contentUrl":"https:\/\/energostore.com\/wp-content\/uploads\/2020\/07\/BlueSolar-MPPT-150_70-Tr.webp","width":687,"height":500,"caption":"BlueSolar MPPT 150_70-Tr"},{"@type":"BreadcrumbList","@id":"https:\/\/energostore.com\/product\/bluesolar-mppt-150-70-tr\/#breadcrumb","itemListElement":[{"@type":"ListItem","position":1,"name":"Home","item":"https:\/\/energostore.com\/"},{"@type":"ListItem","position":2,"name":"Shop","item":"https:\/\/energostore.com\/hr\/shop\/"},{"@type":"ListItem","position":3,"name":"BlueSolar MPPT 150\/70-Tr"}]},{"@type":"WebSite","@id":"https:\/\/energostore.com\/hr\/#website","url":"https:\/\/energostore.com\/hr\/","name":"Energostore","description":"Solar products online store","publisher":{"@id":"https:\/\/energostore.com\/hr\/#organization"},"potentialAction":[{"@type":"SearchAction","target":{"@type":"EntryPoint","urlTemplate":"https:\/\/energostore.com\/hr\/?s={search_term_string}"},"query-input":{"@type":"PropertyValueSpecification","valueRequired":true,"valueName":"search_term_string"}}],"inLanguage":"hr"},{"@type":"Organization","@id":"https:\/\/energostore.com\/hr\/#organization","name":"Energostore","url":"https:\/\/energostore.com\/hr\/","logo":{"@type":"ImageObject","inLanguage":"hr","@id":"https:\/\/energostore.com\/hr\/#\/schema\/logo\/image\/","url":"https:\/\/energostore.com\/wp-content\/uploads\/2020\/07\/energostore_logo.png","contentUrl":"https:\/\/energostore.com\/wp-content\/uploads\/2020\/07\/energostore_logo.png","width":517,"height":100,"caption":"Energostore"},"image":{"@id":"https:\/\/energostore.com\/hr\/#\/schema\/logo\/image\/"}}]}},"_links":{"self":[{"href":"https:\/\/energostore.com\/hr\/wp-json\/wp\/v2\/product\/5229","targetHints":{"allow":["GET"]}}],"collection":[{"href":"https:\/\/energostore.com\/hr\/wp-json\/wp\/v2\/product"}],"about":[{"href":"https:\/\/energostore.com\/hr\/wp-json\/wp\/v2\/types\/product"}],"version-history":[{"count":2,"href":"https:\/\/energostore.com\/hr\/wp-json\/wp\/v2\/product\/5229\/revisions"}],"predecessor-version":[{"id":9426,"href":"https:\/\/energostore.com\/hr\/wp-json\/wp\/v2\/product\/5229\/revisions\/9426"}],"wp:featuredmedia":[{"embeddable":true,"href":"https:\/\/energostore.com\/hr\/wp-json\/wp\/v2\/media\/9425"}],"wp:attachment":[{"href":"https:\/\/energostore.com\/hr\/wp-json\/wp\/v2\/media?parent=5229"}],"wp:term":[{"taxonomy":"product_brand","embeddable":true,"href":"https:\/\/energostore.com\/hr\/wp-json\/wp\/v2\/product_brand?post=5229"},{"taxonomy":"product_cat","embeddable":true,"href":"https:\/\/energostore.com\/hr\/wp-json\/wp\/v2\/product_cat?post=5229"},{"taxonomy":"product_tag","embeddable":true,"href":"https:\/\/energostore.com\/hr\/wp-json\/wp\/v2\/product_tag?post=5229"}],"curies":[{"name":"wp","href":"https:\/\/api.w.org\/{rel}","templated":true}]}}