{"id":5159,"date":"2020-07-07T09:35:30","date_gmt":"2020-07-07T09:35:30","guid":{"rendered":"https:\/\/energostore.com\/product\/bluesolar-pwm-light-charge-controller-12-24v-10a\/"},"modified":"2026-04-01T07:05:13","modified_gmt":"2026-04-01T07:05:13","slug":"bluesolar-pwm-light-charge-controller-12-24v-10a","status":"publish","type":"product","link":"https:\/\/energostore.com\/hr\/proizvod\/bluesolar-pwm-light-charge-controller-12-24v-10a\/","title":{"rendered":"BlueSolar PWM-Light Charge Controller 12\/24V-10A"},"content":{"rendered":"<p>BlueSolar PWM-Light<\/p>\n<p>Imaju programabilni izlaz tro\u0161ila s funkcijom isklju\u010divanja niskog napona baterije.<br \/>\nFunkcija upravljanja rasvjetom (jedan timer)<br \/>\nDvoznamenkasti zaslon za brzo i jednostavno pode\u0161avanje funkcionalnosti izlaza tro\u0161ila uklju\u010duju\u0107i postavku timera.<br \/>\nTrostupanjsko punjenje baterije (bulk, absorption, float), bez mogu\u0107nosti programiranja<br \/>\nZa\u0161tita od preoptere\u0107enja i kratkog spoja programibilnog izlaza tro\u0161ila.<br \/>\nZa\u0161tita od spajanja obrnutog polariteta solarnog polja i\/ili baterije<br \/>\nDan\/no\u0107 opcije mjerenja vremena: pogledajte priru\u010dnik za detalje<\/p>\n<h1>Datasheet<\/h1>\n<p><a title=\"BlueSolar PWM-DUO Charge Controller\" href=\"https:\/\/www.victronenergy.com\/upload\/documents\/Datasheet-BlueSolar-PWM-DUO-Charge-Controller-EN.pdf\"><img decoding=\"async\" style=\"margin-right: 5px;\" src=\"\/wp-content\/uploads\/2020\/08\/doc_datasheet.png\" \/> BlueSolar PWM-DUO Charge Controller<\/a><\/p>\n<p><a title=\"BlueSolar PWM-Light 12\/24V\" href=\"https:\/\/www.victronenergy.com\/upload\/documents\/Datasheet-BlueSolar-PWM-Light-Charge-Controllers-12-24V-EN.pdf\"><img decoding=\"async\" style=\"margin-right: 5px;\" src=\"\/wp-content\/uploads\/2020\/08\/doc_datasheet.png\" \/> BlueSolar PWM-Light 12\/24V<\/a><\/p>\n<p><a title=\"BlueSolar PWM-Light 48V\" href=\"https:\/\/www.victronenergy.com\/upload\/documents\/Datasheet-BlueSolar-PWM-Light-Charge-Controllers-48V-EN.pdf\"><img decoding=\"async\" style=\"margin-right: 5px;\" src=\"\/wp-content\/uploads\/2020\/08\/doc_datasheet.png\" \/> BlueSolar PWM-Light 48V<\/a><\/p>\n<p><a title=\"BlueSolar PWM-Pro\" href=\"https:\/\/www.victronenergy.com\/upload\/documents\/Datasheet-BlueSolar-PWM-Pro-Charge-Controllers-EN.pdf\"><img decoding=\"async\" style=\"margin-right: 5px;\" src=\"\/wp-content\/uploads\/2020\/08\/doc_datasheet.png\" \/> BlueSolar PWM-Pro<\/a><\/p>\n<h4>Dokumenti<\/h4>\n<p><a title=\"BlueSolar Charge Controller 12V 24V 10A with timer\" href=\"https:\/\/www.victronenergy.com\/upload\/documents\/Manual-BlueSolar-Charge-Controller-12V-24V-10A-with-timer-EN.pdf\"><img decoding=\"async\" style=\"margin-right: 5px;\" src=\"\/wp-content\/uploads\/2020\/08\/doc_manual.png\" \/> BlueSolar Charge Controller 12V 24V 10A with timer (Manual)<\/a><\/p>\n<p><a title=\"BlueSolar Charge Controller PWM 12V 24V 20A \" href=\"https:\/\/www.victronenergy.com\/upload\/documents\/Manual-BlueSolar-Charger-12V-24V-20A-EN_FR.pdf\"><img decoding=\"async\" style=\"margin-right: 5px;\" src=\"\/wp-content\/uploads\/2020\/08\/doc_manual.png\" \/> BlueSolar Charge Controller PWM 12V 24V 20A (Manual)<\/a><\/p>\n<p><a title=\"BlueSolar DUO Charger 12V 24V 20A \" href=\"https:\/\/www.victronenergy.com\/upload\/documents\/Manual-BlueSolar-DUO-Charger-12V-24V-20A-EN_FR.pdf\"><img decoding=\"async\" style=\"margin-right: 5px;\" src=\"\/wp-content\/uploads\/2020\/08\/doc_manual.png\" \/> BlueSolar DUO Charger 12V 24V 20A (Manual)<\/a><\/p>\n<p><a title=\"BlueSolar PWM-Light 12\/24V\" href=\"https:\/\/www.victronenergy.com\/upload\/documents\/Manual-BlueSolar-PWM-Light-12-24V-Charge-Controller-EN-A4.pdf\"><img decoding=\"async\" style=\"margin-right: 5px;\" src=\"\/wp-content\/uploads\/2020\/08\/doc_manual.png\" \/> BlueSolar PWM-Light 12\/24V (Manual)<\/a><\/p>\n<p><a title=\"BlueSolar PWM-Light 48V\" href=\"https:\/\/www.victronenergy.com\/upload\/documents\/Manual-BlueSolar-PWM-Light-48V-Charge-Controller-EN-NL-FR-DE-ES-SE-IT.pdf\"><img decoding=\"async\" style=\"margin-right: 5px;\" src=\"\/wp-content\/uploads\/2020\/08\/doc_manual.png\" \/> BlueSolar PWM-Light 48V (Manual)<\/a><\/p>\n<p><a title=\"BlueSolar PWM-Pro\" href=\"https:\/\/www.victronenergy.com\/upload\/documents\/Manual-BlueSolar-PWM-Pro-Charge-Controller-EN-NL-FR-DE-ES-SE.pdf\"><img decoding=\"async\" style=\"margin-right: 5px;\" src=\"\/wp-content\/uploads\/2020\/08\/doc_manual.png\" \/> BlueSolar PWM-Pro (Manual)<\/a><\/p>\n<p><a title=\"BlueSolar PWM-Pro Charge Controller 12\/24V-20A\" href=\"https:\/\/www.victronenergy.com\/upload\/documents\/Bluesolar-PWM-pro-20A.stp\"><img decoding=\"async\" style=\"margin-right: 5px;\" src=\"\/wp-content\/uploads\/2020\/08\/doc_enclosure_dimensions.png\" \/> BlueSolar PWM-Pro Charge Controller 12\/24V-20A (Enclosure dimension)<\/a><\/p>\n<p><a title=\"BlueSolar PWM-Pro Charge Controller 12\/24V-30A\" href=\"https:\/\/www.victronenergy.com\/upload\/documents\/Bluesolar-PWM-pro-30A.stp\"><img decoding=\"async\" style=\"margin-right: 5px;\" src=\"\/wp-content\/uploads\/2020\/08\/doc_enclosure_dimensions.png\" \/> BlueSolar PWM-Pro Charge Controller 12\/24V-30A (Enclosure dimension)<\/a><\/p>\n<p><a title=\"BlueSolar PWM-Pro Charge Controller 12\/24V-5A 10A\" href=\"https:\/\/www.victronenergy.com\/upload\/documents\/Bluesolar-PWM-pro-5A-10A.stp\"><img decoding=\"async\" style=\"margin-right: 5px;\" src=\"\/wp-content\/uploads\/2020\/08\/doc_enclosure_dimensions.png\" \/> BlueSolar PWM-Pro Charge Controller 12\/24V-5A 10A (Enclosure dimension)<\/a><\/p>\n<p><a title=\"BlueSolar PWM-Pro setup and monitoring software\" href=\"https:\/\/www.victronenergy.com\/upload\/documents\/Manual-BlueSolar-PWM-Pro-setup-and-monitoring-software-EN.pdf\"><img decoding=\"async\" style=\"margin-right: 5px;\" src=\"\/wp-content\/uploads\/2020\/08\/doc_manual.png\" \/> BlueSolar PWM-Pro setup and monitoring software (Manual)<\/a><\/p>\n<p><a title=\"Declaration of Conformity - BlueSolar PWM-Light and DUO Charge Controllers\" href=\"https:\/\/www.victronenergy.com\/upload\/documents\/BlueSolar-PWM-Light-and-DUO-Charge-Controllers-2020-07-23.pdf\"><img decoding=\"async\" style=\"margin-right: 5px;\" src=\"\/wp-content\/uploads\/2020\/08\/doc_certificate.png\" \/> Declaration of Conformity &#8211; BlueSolar PWM-Light and DUO Charge Controllers (Certificate)<\/a><\/p>\n<p><a title=\"Declaration of Conformity - BlueSolar PWM-Pro Charge Controllers\" href=\"https:\/\/www.victronenergy.com\/upload\/documents\/BlueSolar-PWM-Pro-Charge-Controllers-2019-06-06.pdf\"><img decoding=\"async\" style=\"margin-right: 5px;\" src=\"\/wp-content\/uploads\/2020\/08\/doc_certificate.png\" \/> Declaration of Conformity &#8211; BlueSolar PWM-Pro Charge Controllers (Certificate)<\/a><\/p>\n<p><a title=\"ISO9001 certificate\" href=\"https:\/\/www.victronenergy.com\/upload\/documents\/ISO9001-certificate-2018.pdf\"><img decoding=\"async\" style=\"margin-right: 5px;\" src=\"\/wp-content\/uploads\/2020\/08\/doc_certificate.png\" \/> ISO9001 certificate (Certificate)<\/a><\/p>\n<p><a title=\"Meter for BlueSolar DUO 12\/24V-20A\" href=\"https:\/\/www.victronenergy.com\/upload\/documents\/Manual-Meter-for-BlueSolar-DUO-1224V-20A-EN.pdf\"><img decoding=\"async\" style=\"margin-right: 5px;\" src=\"\/wp-content\/uploads\/2020\/08\/doc_manual.png\" \/> Meter for BlueSolar DUO 12\/24V-20A (Manual)<\/a><\/p>\n<p><a title=\"Oceanvolt teams up with Victron Energy\" href=\"https:\/\/www.victronenergy.com\/upload\/documents\/Press_release-_20131121_Oceanvolt-teams-up-with-Victron-Energy_EN.pdf\"><img decoding=\"async\" style=\"margin-right: 5px;\" src=\"\/wp-content\/uploads\/2020\/08\/doc_press_release.png\" \/> Oceanvolt teams up with Victron Energy (Press release)<\/a><\/p>\n<p><a title=\"Remote Panel for BlueSolar PWM-Pro\" href=\"https:\/\/www.victronenergy.com\/upload\/documents\/Manual-Remote-Panel-for-BlueSolar-PWM-Pro-Charge-Controller-EN-A5.pdf\"><img decoding=\"async\" style=\"margin-right: 5px;\" src=\"\/wp-content\/uploads\/2020\/08\/doc_manual.png\" \/> Remote Panel for BlueSolar PWM-Pro (Manual)<\/a><\/p>\n<p><a title=\"Victron Energy helps customers to be less grid dependent\" href=\"https:\/\/www.victronenergy.com\/upload\/documents\/20140527_Press-release_Intersolar.pdf\"><img decoding=\"async\" style=\"margin-right: 5px;\" src=\"\/wp-content\/uploads\/2020\/08\/doc_press_release.png\" \/> Victron Energy helps customers to be less grid dependent (Press release)<\/a><\/p>\n<p><a title=\"Which solar charge controller: PWM or MPPT?\" href=\"https:\/\/www.victronenergy.com\/upload\/documents\/White-paper-Which-solar-charge-controller-PWM-or-MPPT.pdf\"><img decoding=\"async\" style=\"margin-right: 5px;\" src=\"\/wp-content\/uploads\/2020\/08\/doc_brochure.png\" \/> Which solar charge controller: PWM or MPPT? (Whitepaper)<\/a><\/p>\n<p><a title=\"Which solar charge controller: PWM or MPPT?\" href=\"https:\/\/www.victronenergy.com\/upload\/documents\/White-paper-Which-solar-charge-controller-PWM-or-MPPT.pdf\"><img decoding=\"async\" style=\"margin-right: 5px;\" src=\"\/wp-content\/uploads\/2020\/08\/doc_manual.png\" \/> Which solar charge controller: PWM or MPPT? (Manual)<\/a><\/p>","protected":false},"excerpt":{"rendered":"<p>BlueSolar PWM-Light<\/p>","protected":false},"featured_media":5989,"menu_order":240,"template":"","meta":[],"product_brand":[],"product_cat":[207],"product_tag":[],"class_list":{"0":"post-5159","1":"product","2":"type-product","3":"status-publish","4":"has-post-thumbnail","6":"product_cat-pwm-blue-solar","7":"product_shipping_class-eu-available","9":"first","10":"instock","11":"taxable","12":"shipping-taxable","13":"purchasable","14":"product-type-simple"},"yoast_head":"<!-- This site is optimized with the Yoast SEO plugin v27.3 - https:\/\/yoast.com\/product\/yoast-seo-wordpress\/ -->\n<title>BlueSolar PWM-Light Charge Controller 12\/24V-10A - Energostore<\/title>\n<meta name=\"robots\" content=\"index, follow, max-snippet:-1, max-image-preview:large, max-video-preview:-1\" \/>\n<link rel=\"canonical\" href=\"https:\/\/energostore.com\/hr\/proizvod\/bluesolar-pwm-light-charge-controller-12-24v-10a\/\" \/>\n<meta property=\"og:locale\" content=\"hr_HR\" \/>\n<meta property=\"og:type\" content=\"article\" \/>\n<meta property=\"og:title\" content=\"BlueSolar PWM-Light Charge Controller 12\/24V-10A - Energostore\" \/>\n<meta property=\"og:description\" content=\"BlueSolar PWM-Light\" \/>\n<meta property=\"og:url\" content=\"https:\/\/energostore.com\/hr\/proizvod\/bluesolar-pwm-light-charge-controller-12-24v-10a\/\" \/>\n<meta property=\"og:site_name\" content=\"Energostore\" \/>\n<meta property=\"article:modified_time\" content=\"2026-04-01T07:05:13+00:00\" \/>\n<meta property=\"og:image\" content=\"https:\/\/energostore.com\/wp-content\/uploads\/2020\/07\/pwmlight.jpg\" \/>\n\t<meta property=\"og:image:width\" content=\"1000\" \/>\n\t<meta property=\"og:image:height\" content=\"665\" \/>\n\t<meta property=\"og:image:type\" content=\"image\/jpeg\" \/>\n<meta name=\"twitter:card\" content=\"summary_large_image\" \/>\n<meta name=\"twitter:label1\" content=\"Procijenjeno vrijeme \u010ditanja\" \/>\n\t<meta name=\"twitter:data1\" content=\"1 minuta\" \/>\n<script type=\"application\/ld+json\" class=\"yoast-schema-graph\">{\"@context\":\"https:\\\/\\\/schema.org\",\"@graph\":[{\"@type\":\"WebPage\",\"@id\":\"https:\\\/\\\/energostore.com\\\/product\\\/bluesolar-pwm-light-charge-controller-12-24v-10a\\\/\",\"url\":\"https:\\\/\\\/energostore.com\\\/product\\\/bluesolar-pwm-light-charge-controller-12-24v-10a\\\/\",\"name\":\"BlueSolar PWM-Light Charge Controller 12\\\/24V-10A - Energostore\",\"isPartOf\":{\"@id\":\"https:\\\/\\\/energostore.com\\\/hr\\\/#website\"},\"primaryImageOfPage\":{\"@id\":\"https:\\\/\\\/energostore.com\\\/product\\\/bluesolar-pwm-light-charge-controller-12-24v-10a\\\/#primaryimage\"},\"image\":{\"@id\":\"https:\\\/\\\/energostore.com\\\/product\\\/bluesolar-pwm-light-charge-controller-12-24v-10a\\\/#primaryimage\"},\"thumbnailUrl\":\"https:\\\/\\\/energostore.com\\\/wp-content\\\/uploads\\\/2020\\\/07\\\/pwmlight.jpg\",\"datePublished\":\"2020-07-07T09:35:30+00:00\",\"dateModified\":\"2026-04-01T07:05:13+00:00\",\"breadcrumb\":{\"@id\":\"https:\\\/\\\/energostore.com\\\/product\\\/bluesolar-pwm-light-charge-controller-12-24v-10a\\\/#breadcrumb\"},\"inLanguage\":\"hr\",\"potentialAction\":[{\"@type\":\"ReadAction\",\"target\":[\"https:\\\/\\\/energostore.com\\\/product\\\/bluesolar-pwm-light-charge-controller-12-24v-10a\\\/\"]}]},{\"@type\":\"ImageObject\",\"inLanguage\":\"hr\",\"@id\":\"https:\\\/\\\/energostore.com\\\/product\\\/bluesolar-pwm-light-charge-controller-12-24v-10a\\\/#primaryimage\",\"url\":\"https:\\\/\\\/energostore.com\\\/wp-content\\\/uploads\\\/2020\\\/07\\\/pwmlight.jpg\",\"contentUrl\":\"https:\\\/\\\/energostore.com\\\/wp-content\\\/uploads\\\/2020\\\/07\\\/pwmlight.jpg\",\"width\":1000,\"height\":665},{\"@type\":\"BreadcrumbList\",\"@id\":\"https:\\\/\\\/energostore.com\\\/product\\\/bluesolar-pwm-light-charge-controller-12-24v-10a\\\/#breadcrumb\",\"itemListElement\":[{\"@type\":\"ListItem\",\"position\":1,\"name\":\"Home\",\"item\":\"https:\\\/\\\/energostore.com\\\/\"},{\"@type\":\"ListItem\",\"position\":2,\"name\":\"Shop\",\"item\":\"https:\\\/\\\/energostore.com\\\/hr\\\/shop\\\/\"},{\"@type\":\"ListItem\",\"position\":3,\"name\":\"BlueSolar PWM-Light Charge Controller 12\\\/24V-10A\"}]},{\"@type\":\"WebSite\",\"@id\":\"https:\\\/\\\/energostore.com\\\/hr\\\/#website\",\"url\":\"https:\\\/\\\/energostore.com\\\/hr\\\/\",\"name\":\"Energostore\",\"description\":\"Solar products online store\",\"publisher\":{\"@id\":\"https:\\\/\\\/energostore.com\\\/hr\\\/#organization\"},\"potentialAction\":[{\"@type\":\"SearchAction\",\"target\":{\"@type\":\"EntryPoint\",\"urlTemplate\":\"https:\\\/\\\/energostore.com\\\/hr\\\/?s={search_term_string}\"},\"query-input\":{\"@type\":\"PropertyValueSpecification\",\"valueRequired\":true,\"valueName\":\"search_term_string\"}}],\"inLanguage\":\"hr\"},{\"@type\":\"Organization\",\"@id\":\"https:\\\/\\\/energostore.com\\\/hr\\\/#organization\",\"name\":\"Energostore\",\"url\":\"https:\\\/\\\/energostore.com\\\/hr\\\/\",\"logo\":{\"@type\":\"ImageObject\",\"inLanguage\":\"hr\",\"@id\":\"https:\\\/\\\/energostore.com\\\/hr\\\/#\\\/schema\\\/logo\\\/image\\\/\",\"url\":\"https:\\\/\\\/energostore.com\\\/wp-content\\\/uploads\\\/2020\\\/07\\\/energostore_logo.png\",\"contentUrl\":\"https:\\\/\\\/energostore.com\\\/wp-content\\\/uploads\\\/2020\\\/07\\\/energostore_logo.png\",\"width\":517,\"height\":100,\"caption\":\"Energostore\"},\"image\":{\"@id\":\"https:\\\/\\\/energostore.com\\\/hr\\\/#\\\/schema\\\/logo\\\/image\\\/\"}}]}<\/script>\n<!-- \/ Yoast SEO plugin. -->","yoast_head_json":{"title":"BlueSolar PWM-Light Charge Controller 12\/24V-10A - Energostore","robots":{"index":"index","follow":"follow","max-snippet":"max-snippet:-1","max-image-preview":"max-image-preview:large","max-video-preview":"max-video-preview:-1"},"canonical":"https:\/\/energostore.com\/hr\/proizvod\/bluesolar-pwm-light-charge-controller-12-24v-10a\/","og_locale":"hr_HR","og_type":"article","og_title":"BlueSolar PWM-Light Charge Controller 12\/24V-10A - Energostore","og_description":"BlueSolar PWM-Light","og_url":"https:\/\/energostore.com\/hr\/proizvod\/bluesolar-pwm-light-charge-controller-12-24v-10a\/","og_site_name":"Energostore","article_modified_time":"2026-04-01T07:05:13+00:00","og_image":[{"width":1000,"height":665,"url":"https:\/\/energostore.com\/wp-content\/uploads\/2020\/07\/pwmlight.jpg","type":"image\/jpeg"}],"twitter_card":"summary_large_image","twitter_misc":{"Procijenjeno vrijeme \u010ditanja":"1 minuta"},"schema":{"@context":"https:\/\/schema.org","@graph":[{"@type":"WebPage","@id":"https:\/\/energostore.com\/product\/bluesolar-pwm-light-charge-controller-12-24v-10a\/","url":"https:\/\/energostore.com\/product\/bluesolar-pwm-light-charge-controller-12-24v-10a\/","name":"BlueSolar PWM-Light Charge Controller 12\/24V-10A - Energostore","isPartOf":{"@id":"https:\/\/energostore.com\/hr\/#website"},"primaryImageOfPage":{"@id":"https:\/\/energostore.com\/product\/bluesolar-pwm-light-charge-controller-12-24v-10a\/#primaryimage"},"image":{"@id":"https:\/\/energostore.com\/product\/bluesolar-pwm-light-charge-controller-12-24v-10a\/#primaryimage"},"thumbnailUrl":"https:\/\/energostore.com\/wp-content\/uploads\/2020\/07\/pwmlight.jpg","datePublished":"2020-07-07T09:35:30+00:00","dateModified":"2026-04-01T07:05:13+00:00","breadcrumb":{"@id":"https:\/\/energostore.com\/product\/bluesolar-pwm-light-charge-controller-12-24v-10a\/#breadcrumb"},"inLanguage":"hr","potentialAction":[{"@type":"ReadAction","target":["https:\/\/energostore.com\/product\/bluesolar-pwm-light-charge-controller-12-24v-10a\/"]}]},{"@type":"ImageObject","inLanguage":"hr","@id":"https:\/\/energostore.com\/product\/bluesolar-pwm-light-charge-controller-12-24v-10a\/#primaryimage","url":"https:\/\/energostore.com\/wp-content\/uploads\/2020\/07\/pwmlight.jpg","contentUrl":"https:\/\/energostore.com\/wp-content\/uploads\/2020\/07\/pwmlight.jpg","width":1000,"height":665},{"@type":"BreadcrumbList","@id":"https:\/\/energostore.com\/product\/bluesolar-pwm-light-charge-controller-12-24v-10a\/#breadcrumb","itemListElement":[{"@type":"ListItem","position":1,"name":"Home","item":"https:\/\/energostore.com\/"},{"@type":"ListItem","position":2,"name":"Shop","item":"https:\/\/energostore.com\/hr\/shop\/"},{"@type":"ListItem","position":3,"name":"BlueSolar PWM-Light Charge Controller 12\/24V-10A"}]},{"@type":"WebSite","@id":"https:\/\/energostore.com\/hr\/#website","url":"https:\/\/energostore.com\/hr\/","name":"Energostore","description":"Solar products online store","publisher":{"@id":"https:\/\/energostore.com\/hr\/#organization"},"potentialAction":[{"@type":"SearchAction","target":{"@type":"EntryPoint","urlTemplate":"https:\/\/energostore.com\/hr\/?s={search_term_string}"},"query-input":{"@type":"PropertyValueSpecification","valueRequired":true,"valueName":"search_term_string"}}],"inLanguage":"hr"},{"@type":"Organization","@id":"https:\/\/energostore.com\/hr\/#organization","name":"Energostore","url":"https:\/\/energostore.com\/hr\/","logo":{"@type":"ImageObject","inLanguage":"hr","@id":"https:\/\/energostore.com\/hr\/#\/schema\/logo\/image\/","url":"https:\/\/energostore.com\/wp-content\/uploads\/2020\/07\/energostore_logo.png","contentUrl":"https:\/\/energostore.com\/wp-content\/uploads\/2020\/07\/energostore_logo.png","width":517,"height":100,"caption":"Energostore"},"image":{"@id":"https:\/\/energostore.com\/hr\/#\/schema\/logo\/image\/"}}]}},"_links":{"self":[{"href":"https:\/\/energostore.com\/hr\/wp-json\/wp\/v2\/product\/5159","targetHints":{"allow":["GET"]}}],"collection":[{"href":"https:\/\/energostore.com\/hr\/wp-json\/wp\/v2\/product"}],"about":[{"href":"https:\/\/energostore.com\/hr\/wp-json\/wp\/v2\/types\/product"}],"version-history":[{"count":2,"href":"https:\/\/energostore.com\/hr\/wp-json\/wp\/v2\/product\/5159\/revisions"}],"predecessor-version":[{"id":9097,"href":"https:\/\/energostore.com\/hr\/wp-json\/wp\/v2\/product\/5159\/revisions\/9097"}],"wp:featuredmedia":[{"embeddable":true,"href":"https:\/\/energostore.com\/hr\/wp-json\/wp\/v2\/media\/5989"}],"wp:attachment":[{"href":"https:\/\/energostore.com\/hr\/wp-json\/wp\/v2\/media?parent=5159"}],"wp:term":[{"taxonomy":"product_brand","embeddable":true,"href":"https:\/\/energostore.com\/hr\/wp-json\/wp\/v2\/product_brand?post=5159"},{"taxonomy":"product_cat","embeddable":true,"href":"https:\/\/energostore.com\/hr\/wp-json\/wp\/v2\/product_cat?post=5159"},{"taxonomy":"product_tag","embeddable":true,"href":"https:\/\/energostore.com\/hr\/wp-json\/wp\/v2\/product_tag?post=5159"}],"curies":[{"name":"wp","href":"https:\/\/api.w.org\/{rel}","templated":true}]}}