{"id":4763,"date":"2020-07-07T09:29:04","date_gmt":"2020-07-07T09:29:04","guid":{"rendered":"https:\/\/energostore.com\/product\/lithium-superpack-128v-100ah-m8\/"},"modified":"2026-04-01T07:34:21","modified_gmt":"2026-04-01T07:34:21","slug":"lithium-superpack-128v-100ah-m8","status":"publish","type":"product","link":"https:\/\/energostore.com\/hr\/proizvod\/lithium-superpack-128v-100ah-m8\/","title":{"rendered":"Lithium SuperPack 12,8V\/100Ah (M8)"},"content":{"rendered":"<h1>Datasheet<\/h1>\n<p><a title=\"12,8V &amp; 25,6V Lithium SuperPack\" href=\"https:\/\/www.victronenergy.com\/upload\/documents\/Datasheet-12,8V-&amp;-25,6-Lithium-SuperPack-EN.pdf\"><img decoding=\"async\" style=\"margin-right: 5px;\" src=\"\/wp-content\/uploads\/2020\/08\/doc_datasheet.png\" \/> 12,8V &amp; 25,6V Lithium SuperPack<\/a><\/p>\n<h4>Dokumenti<\/h4>\n<p><a title=\"12,8V &amp; 25,6V Lithium SuperPack\" href=\"https:\/\/www.victronenergy.com\/upload\/documents\/Material-Safety-Data-Sheet-Lithium-SuperPack-EN.pdf\"><img style=\"margin-right: 5px;\" \/> 12,8V &amp; 25,6V Lithium SuperPack (Material safety datasheet)<\/a><\/p>\n<p><a title=\"12.8V 100Ah &amp; 25.6V 50Ah Lithium SuperPack\" href=\"https:\/\/www.victronenergy.com\/upload\/documents\/12.8V-100Ah-25.6V-50Ah-Lithium-SuperPack.pdf\"><img decoding=\"async\" style=\"margin-right: 5px;\" src=\"\/wp-content\/uploads\/2020\/08\/doc_enclosure_dimensions.png\" \/> 12.8V 100Ah &amp; 25.6V 50Ah Lithium SuperPack (Enclosure dimension)<\/a><\/p>\n<p><a title=\"12.8V 100Ah &amp; 25.6V 50Ah Lithium SuperPack (step)\" href=\"https:\/\/www.victronenergy.com\/upload\/documents\/LiFePO4-12.8V-100Ah-25.6V-50Ah-SuperPack-(step).step\"><img decoding=\"async\" style=\"margin-right: 5px;\" src=\"\/wp-content\/uploads\/2020\/08\/doc_enclosure_dimensions.png\" \/> 12.8V 100Ah &amp; 25.6V 50Ah Lithium SuperPack (step) (Enclosure dimension)<\/a><\/p>\n<p><a title=\"12.8V 200Ah Lithium SuperPack\" href=\"https:\/\/www.victronenergy.com\/upload\/documents\/12.8V-200Ah-Lithium-SuperPack.pdf\"><img decoding=\"async\" style=\"margin-right: 5px;\" src=\"\/wp-content\/uploads\/2020\/08\/doc_enclosure_dimensions.png\" \/> 12.8V 200Ah Lithium SuperPack (Enclosure dimension)<\/a><\/p>\n<p><a title=\"12.8V 20Ah Lithium SuperPack\" href=\"https:\/\/www.victronenergy.com\/upload\/documents\/12.8V-20Ah-Lithium-SuperPack.pdf\"><img decoding=\"async\" style=\"margin-right: 5px;\" src=\"\/wp-content\/uploads\/2020\/08\/doc_enclosure_dimensions.png\" \/> 12.8V 20Ah Lithium SuperPack (Enclosure dimension)<\/a><\/p>\n<p><a title=\"12.8V 60Ah Lithium SuperPack\" href=\"https:\/\/www.victronenergy.com\/upload\/documents\/12.8V-60Ah-Lithium-SuperPack.pdf\"><img decoding=\"async\" style=\"margin-right: 5px;\" src=\"\/wp-content\/uploads\/2020\/08\/doc_enclosure_dimensions.png\" \/> 12.8V 60Ah Lithium SuperPack (Enclosure dimension)<\/a><\/p>\n<p><a title=\"Declaration of Conformity - Lithium SuperPack\" href=\"https:\/\/www.victronenergy.com\/upload\/documents\/Batteries-Lithium-SuperPack-2019-06-06.pdf\"><img decoding=\"async\" style=\"margin-right: 5px;\" src=\"\/wp-content\/uploads\/2020\/08\/doc_certificate.png\" \/> Declaration of Conformity &#8211; Lithium SuperPack (Certificate)<\/a><\/p>\n<p><a title=\"ISO9001 certificate\" href=\"https:\/\/www.victronenergy.com\/upload\/documents\/ISO9001-certificate-2018.pdf\"><img decoding=\"async\" style=\"margin-right: 5px;\" src=\"\/wp-content\/uploads\/2020\/08\/doc_certificate.png\" \/> ISO9001 certificate (Certificate)<\/a><\/p>","protected":false},"excerpt":{"rendered":"<p>SuperPack litijske baterije su iznimno jednostavne za instalaciju, ne trebaju nikakve dodatne komponente.\nUnutarnji prekida\u010d isklju\u010dit \u0107e bateriju u slu\u010daju prekomjernog pra\u017enjenja, prekomjernog punjenja ili visoke temperature.<br \/>\nThe internal switch will disconnect the battery in case of over discharge, over charge or high temperature.<\/p>\n<p>Baterije se mogu spojiti paralelno. Serijski spoj nije dopu\u0161ten.<\/p>\n<p>&nbsp;<\/p>","protected":false},"featured_media":9578,"menu_order":50,"template":"","meta":[],"product_brand":[],"product_cat":[187],"product_tag":[],"class_list":{"0":"post-4763","1":"product","2":"type-product","3":"status-publish","4":"has-post-thumbnail","6":"product_cat-victron-energy-lithium-superpack","8":"first","9":"onbackorder","10":"taxable","11":"shipping-taxable","12":"purchasable","13":"product-type-simple"},"yoast_head":"<!-- This site is optimized with the Yoast SEO plugin v27.3 - https:\/\/yoast.com\/product\/yoast-seo-wordpress\/ -->\n<title>Lithium SuperPack 12,8V\/100Ah (M8) - Energostore<\/title>\n<meta name=\"robots\" content=\"index, follow, max-snippet:-1, max-image-preview:large, max-video-preview:-1\" \/>\n<link rel=\"canonical\" href=\"https:\/\/energostore.com\/hr\/proizvod\/lithium-superpack-128v-100ah-m8\/\" \/>\n<meta property=\"og:locale\" content=\"hr_HR\" \/>\n<meta property=\"og:type\" content=\"article\" \/>\n<meta property=\"og:title\" content=\"Lithium SuperPack 12,8V\/100Ah (M8) - Energostore\" \/>\n<meta property=\"og:description\" content=\"The SuperPack batteries are extremely easy to install, not needing any additional components. The internal switch will disconnect the battery in case of over discharge, over charge or high temperature.  The batteries can be connected in parallel. Series connection is not allowed.  &nbsp;\" \/>\n<meta property=\"og:url\" content=\"https:\/\/energostore.com\/hr\/proizvod\/lithium-superpack-128v-100ah-m8\/\" \/>\n<meta property=\"og:site_name\" content=\"Energostore\" \/>\n<meta property=\"article:modified_time\" content=\"2026-04-01T07:34:21+00:00\" \/>\n<meta property=\"og:image\" content=\"https:\/\/energostore.com\/wp-content\/uploads\/2020\/07\/Lithium-SuperPack-12.8V-100Ah.webp\" \/>\n\t<meta property=\"og:image:width\" content=\"595\" \/>\n\t<meta property=\"og:image:height\" content=\"500\" \/>\n\t<meta property=\"og:image:type\" content=\"image\/webp\" \/>\n<meta name=\"twitter:card\" content=\"summary_large_image\" \/>\n<meta name=\"twitter:label1\" content=\"Procijenjeno vrijeme \u010ditanja\" \/>\n\t<meta name=\"twitter:data1\" content=\"3 minute\" \/>\n<script type=\"application\/ld+json\" class=\"yoast-schema-graph\">{\"@context\":\"https:\\\/\\\/schema.org\",\"@graph\":[{\"@type\":\"WebPage\",\"@id\":\"https:\\\/\\\/energostore.com\\\/product\\\/lithium-superpack-128v-100ah-m8\\\/\",\"url\":\"https:\\\/\\\/energostore.com\\\/product\\\/lithium-superpack-128v-100ah-m8\\\/\",\"name\":\"Lithium SuperPack 12,8V\\\/100Ah (M8) - Energostore\",\"isPartOf\":{\"@id\":\"https:\\\/\\\/energostore.com\\\/hr\\\/#website\"},\"primaryImageOfPage\":{\"@id\":\"https:\\\/\\\/energostore.com\\\/product\\\/lithium-superpack-128v-100ah-m8\\\/#primaryimage\"},\"image\":{\"@id\":\"https:\\\/\\\/energostore.com\\\/product\\\/lithium-superpack-128v-100ah-m8\\\/#primaryimage\"},\"thumbnailUrl\":\"https:\\\/\\\/energostore.com\\\/wp-content\\\/uploads\\\/2020\\\/07\\\/Lithium-SuperPack-12.8V-100Ah.webp\",\"datePublished\":\"2020-07-07T09:29:04+00:00\",\"dateModified\":\"2026-04-01T07:34:21+00:00\",\"breadcrumb\":{\"@id\":\"https:\\\/\\\/energostore.com\\\/product\\\/lithium-superpack-128v-100ah-m8\\\/#breadcrumb\"},\"inLanguage\":\"hr\",\"potentialAction\":[{\"@type\":\"ReadAction\",\"target\":[\"https:\\\/\\\/energostore.com\\\/product\\\/lithium-superpack-128v-100ah-m8\\\/\"]}]},{\"@type\":\"ImageObject\",\"inLanguage\":\"hr\",\"@id\":\"https:\\\/\\\/energostore.com\\\/product\\\/lithium-superpack-128v-100ah-m8\\\/#primaryimage\",\"url\":\"https:\\\/\\\/energostore.com\\\/wp-content\\\/uploads\\\/2020\\\/07\\\/Lithium-SuperPack-12.8V-100Ah.webp\",\"contentUrl\":\"https:\\\/\\\/energostore.com\\\/wp-content\\\/uploads\\\/2020\\\/07\\\/Lithium-SuperPack-12.8V-100Ah.webp\",\"width\":595,\"height\":500,\"caption\":\"Lithium SuperPack 12.8V 100Ah\"},{\"@type\":\"BreadcrumbList\",\"@id\":\"https:\\\/\\\/energostore.com\\\/product\\\/lithium-superpack-128v-100ah-m8\\\/#breadcrumb\",\"itemListElement\":[{\"@type\":\"ListItem\",\"position\":1,\"name\":\"Home\",\"item\":\"https:\\\/\\\/energostore.com\\\/\"},{\"@type\":\"ListItem\",\"position\":2,\"name\":\"Shop\",\"item\":\"https:\\\/\\\/energostore.com\\\/hr\\\/shop\\\/\"},{\"@type\":\"ListItem\",\"position\":3,\"name\":\"Lithium SuperPack 12,8V\\\/100Ah (M8)\"}]},{\"@type\":\"WebSite\",\"@id\":\"https:\\\/\\\/energostore.com\\\/hr\\\/#website\",\"url\":\"https:\\\/\\\/energostore.com\\\/hr\\\/\",\"name\":\"Energostore\",\"description\":\"Solar products online store\",\"publisher\":{\"@id\":\"https:\\\/\\\/energostore.com\\\/hr\\\/#organization\"},\"potentialAction\":[{\"@type\":\"SearchAction\",\"target\":{\"@type\":\"EntryPoint\",\"urlTemplate\":\"https:\\\/\\\/energostore.com\\\/hr\\\/?s={search_term_string}\"},\"query-input\":{\"@type\":\"PropertyValueSpecification\",\"valueRequired\":true,\"valueName\":\"search_term_string\"}}],\"inLanguage\":\"hr\"},{\"@type\":\"Organization\",\"@id\":\"https:\\\/\\\/energostore.com\\\/hr\\\/#organization\",\"name\":\"Energostore\",\"url\":\"https:\\\/\\\/energostore.com\\\/hr\\\/\",\"logo\":{\"@type\":\"ImageObject\",\"inLanguage\":\"hr\",\"@id\":\"https:\\\/\\\/energostore.com\\\/hr\\\/#\\\/schema\\\/logo\\\/image\\\/\",\"url\":\"https:\\\/\\\/energostore.com\\\/wp-content\\\/uploads\\\/2020\\\/07\\\/energostore_logo.png\",\"contentUrl\":\"https:\\\/\\\/energostore.com\\\/wp-content\\\/uploads\\\/2020\\\/07\\\/energostore_logo.png\",\"width\":517,\"height\":100,\"caption\":\"Energostore\"},\"image\":{\"@id\":\"https:\\\/\\\/energostore.com\\\/hr\\\/#\\\/schema\\\/logo\\\/image\\\/\"}}]}<\/script>\n<!-- \/ Yoast SEO plugin. -->","yoast_head_json":{"title":"Lithium SuperPack 12,8V\/100Ah (M8) - Energostore","robots":{"index":"index","follow":"follow","max-snippet":"max-snippet:-1","max-image-preview":"max-image-preview:large","max-video-preview":"max-video-preview:-1"},"canonical":"https:\/\/energostore.com\/hr\/proizvod\/lithium-superpack-128v-100ah-m8\/","og_locale":"hr_HR","og_type":"article","og_title":"Lithium SuperPack 12,8V\/100Ah (M8) - Energostore","og_description":"The SuperPack batteries are extremely easy to install, not needing any additional components. The internal switch will disconnect the battery in case of over discharge, over charge or high temperature.  The batteries can be connected in parallel. Series connection is not allowed.  &nbsp;","og_url":"https:\/\/energostore.com\/hr\/proizvod\/lithium-superpack-128v-100ah-m8\/","og_site_name":"Energostore","article_modified_time":"2026-04-01T07:34:21+00:00","og_image":[{"width":595,"height":500,"url":"https:\/\/energostore.com\/wp-content\/uploads\/2020\/07\/Lithium-SuperPack-12.8V-100Ah.webp","type":"image\/webp"}],"twitter_card":"summary_large_image","twitter_misc":{"Procijenjeno vrijeme \u010ditanja":"3 minute"},"schema":{"@context":"https:\/\/schema.org","@graph":[{"@type":"WebPage","@id":"https:\/\/energostore.com\/product\/lithium-superpack-128v-100ah-m8\/","url":"https:\/\/energostore.com\/product\/lithium-superpack-128v-100ah-m8\/","name":"Lithium SuperPack 12,8V\/100Ah (M8) - Energostore","isPartOf":{"@id":"https:\/\/energostore.com\/hr\/#website"},"primaryImageOfPage":{"@id":"https:\/\/energostore.com\/product\/lithium-superpack-128v-100ah-m8\/#primaryimage"},"image":{"@id":"https:\/\/energostore.com\/product\/lithium-superpack-128v-100ah-m8\/#primaryimage"},"thumbnailUrl":"https:\/\/energostore.com\/wp-content\/uploads\/2020\/07\/Lithium-SuperPack-12.8V-100Ah.webp","datePublished":"2020-07-07T09:29:04+00:00","dateModified":"2026-04-01T07:34:21+00:00","breadcrumb":{"@id":"https:\/\/energostore.com\/product\/lithium-superpack-128v-100ah-m8\/#breadcrumb"},"inLanguage":"hr","potentialAction":[{"@type":"ReadAction","target":["https:\/\/energostore.com\/product\/lithium-superpack-128v-100ah-m8\/"]}]},{"@type":"ImageObject","inLanguage":"hr","@id":"https:\/\/energostore.com\/product\/lithium-superpack-128v-100ah-m8\/#primaryimage","url":"https:\/\/energostore.com\/wp-content\/uploads\/2020\/07\/Lithium-SuperPack-12.8V-100Ah.webp","contentUrl":"https:\/\/energostore.com\/wp-content\/uploads\/2020\/07\/Lithium-SuperPack-12.8V-100Ah.webp","width":595,"height":500,"caption":"Lithium SuperPack 12.8V 100Ah"},{"@type":"BreadcrumbList","@id":"https:\/\/energostore.com\/product\/lithium-superpack-128v-100ah-m8\/#breadcrumb","itemListElement":[{"@type":"ListItem","position":1,"name":"Home","item":"https:\/\/energostore.com\/"},{"@type":"ListItem","position":2,"name":"Shop","item":"https:\/\/energostore.com\/hr\/shop\/"},{"@type":"ListItem","position":3,"name":"Lithium SuperPack 12,8V\/100Ah (M8)"}]},{"@type":"WebSite","@id":"https:\/\/energostore.com\/hr\/#website","url":"https:\/\/energostore.com\/hr\/","name":"Energostore","description":"Solar products online store","publisher":{"@id":"https:\/\/energostore.com\/hr\/#organization"},"potentialAction":[{"@type":"SearchAction","target":{"@type":"EntryPoint","urlTemplate":"https:\/\/energostore.com\/hr\/?s={search_term_string}"},"query-input":{"@type":"PropertyValueSpecification","valueRequired":true,"valueName":"search_term_string"}}],"inLanguage":"hr"},{"@type":"Organization","@id":"https:\/\/energostore.com\/hr\/#organization","name":"Energostore","url":"https:\/\/energostore.com\/hr\/","logo":{"@type":"ImageObject","inLanguage":"hr","@id":"https:\/\/energostore.com\/hr\/#\/schema\/logo\/image\/","url":"https:\/\/energostore.com\/wp-content\/uploads\/2020\/07\/energostore_logo.png","contentUrl":"https:\/\/energostore.com\/wp-content\/uploads\/2020\/07\/energostore_logo.png","width":517,"height":100,"caption":"Energostore"},"image":{"@id":"https:\/\/energostore.com\/hr\/#\/schema\/logo\/image\/"}}]}},"_links":{"self":[{"href":"https:\/\/energostore.com\/hr\/wp-json\/wp\/v2\/product\/4763","targetHints":{"allow":["GET"]}}],"collection":[{"href":"https:\/\/energostore.com\/hr\/wp-json\/wp\/v2\/product"}],"about":[{"href":"https:\/\/energostore.com\/hr\/wp-json\/wp\/v2\/types\/product"}],"version-history":[{"count":3,"href":"https:\/\/energostore.com\/hr\/wp-json\/wp\/v2\/product\/4763\/revisions"}],"predecessor-version":[{"id":9581,"href":"https:\/\/energostore.com\/hr\/wp-json\/wp\/v2\/product\/4763\/revisions\/9581"}],"wp:featuredmedia":[{"embeddable":true,"href":"https:\/\/energostore.com\/hr\/wp-json\/wp\/v2\/media\/9578"}],"wp:attachment":[{"href":"https:\/\/energostore.com\/hr\/wp-json\/wp\/v2\/media?parent=4763"}],"wp:term":[{"taxonomy":"product_brand","embeddable":true,"href":"https:\/\/energostore.com\/hr\/wp-json\/wp\/v2\/product_brand?post=4763"},{"taxonomy":"product_cat","embeddable":true,"href":"https:\/\/energostore.com\/hr\/wp-json\/wp\/v2\/product_cat?post=4763"},{"taxonomy":"product_tag","embeddable":true,"href":"https:\/\/energostore.com\/hr\/wp-json\/wp\/v2\/product_tag?post=4763"}],"curies":[{"name":"wp","href":"https:\/\/api.w.org\/{rel}","templated":true}]}}