{"id":4449,"date":"2020-07-07T09:15:58","date_gmt":"2020-07-07T09:15:58","guid":{"rendered":"https:\/\/energostore.com\/product\/lynx-shunt-ve-can\/"},"modified":"2026-04-01T07:34:21","modified_gmt":"2026-04-01T07:34:21","slug":"lynx-shunt-ve-can","status":"publish","type":"product","link":"https:\/\/energostore.com\/hr\/proizvod\/lynx-shunt-ve-can\/","title":{"rendered":"Lynx Shunt VE.Can (M8)"},"content":{"rendered":"<p>Lynx Shunt VE.Can je inteligentni \u0161ant od 1000 A s mjestom za osigura\u010d (nije uklju\u010den), ugra\u0111eni monitor baterije to\u010dno prati stanje napunjenosti va\u0161e baterije. Koristite GX ure\u0111aj (npr. Cerbo GX) za o\u010ditavanje informacija. Dio modularnog distribucijskog sustava Lynx.<\/p>\n<h1>Datasheet<\/h1>\n<p><a title=\"Lynx Shunt VE.Can\" href=\"https:\/\/www.victronenergy.com\/upload\/documents\/Datasheet-Lynx-Shunt-VE.Can-EN.pdf\"><img decoding=\"async\" style=\"margin-right: 5px;\" src=\"\/wp-content\/uploads\/2020\/08\/doc_datasheet.png\" \/> Lynx Shunt VE.Can<\/a><\/p>\n<h4>Dokumenti<\/h4>\n<p><a title=\"Data communication with Victron Energy products\" href=\"https:\/\/www.victronenergy.com\/upload\/documents\/Technical-Information-Data-communication-with-Victron-Energy-products_EN.pdf\"><img style=\"margin-right: 5px;\" \/> Data communication with Victron Energy products (Technical information)<\/a><\/p>\n<p><a title=\"Declaration of Conformity - Lynx DC distribution\" href=\"https:\/\/www.victronenergy.com\/upload\/documents\/Lynx-DC-distribution-2021-12-29.pdf\"><img decoding=\"async\" style=\"margin-right: 5px;\" src=\"\/wp-content\/uploads\/2020\/08\/doc_certificate.png\" \/> Declaration of Conformity &#8211; Lynx DC distribution (Certificate)<\/a><\/p>\n<p><a title=\"ISO9001 certificate\" href=\"https:\/\/www.victronenergy.com\/upload\/documents\/ISO9001-certificate-2021-EN.pdf\"><img decoding=\"async\" style=\"margin-right: 5px;\" src=\"\/wp-content\/uploads\/2020\/08\/doc_certificate.png\" \/> ISO9001 certificate (Certificate)<\/a><\/p>\n<p><a title=\"Lynx Shunt VE.Can\" href=\"https:\/\/www.victronenergy.com\/upload\/documents\/Lynx-Shunt-VE.Can.pdf\"><img decoding=\"async\" style=\"margin-right: 5px;\" src=\"\/wp-content\/uploads\/2020\/08\/doc_enclosure_dimensions.png\" \/> Lynx Shunt VE.Can (Enclosure dimension)<\/a><\/p>\n<p><a title=\"Lynx Shunt VE.Can (3D)\" href=\"https:\/\/www.victronenergy.com\/upload\/documents\/Lynx-Shunt-VE.Can-(3D).pdf\"><img decoding=\"async\" style=\"margin-right: 5px;\" src=\"\/wp-content\/uploads\/2020\/08\/doc_enclosure_dimensions.png\" \/> Lynx Shunt VE.Can (3D) (Enclosure dimension)<\/a><\/p>\n<p><a title=\"Lynx Shunt VE.Can (HTML5)\" href=\"https:\/\/www.victronenergy.com\/media\/pg\/Lynx_Shunt_VE.Can\/en\/index-en.html\"><img decoding=\"async\" style=\"margin-right: 5px;\" src=\"\/wp-content\/uploads\/2020\/08\/doc_manual.png\" \/> Lynx Shunt VE.Can (HTML5) (Manual)<\/a><\/p>\n<p><a title=\"Lynx Shunt VE.Can (PDF)\" href=\"https:\/\/www.victronenergy.com\/upload\/documents\/Lynx_Shunt_VE.Can\/Lynx_Shunt_VE_Can_Manual-en.pdf\"><img decoding=\"async\" style=\"margin-right: 5px;\" src=\"\/wp-content\/uploads\/2020\/08\/doc_manual.png\" \/> Lynx Shunt VE.Can (PDF) (Manual)<\/a><\/p>\n<p><a title=\"Lynx Shunt VE.Can (stp)\" href=\"https:\/\/www.victronenergy.com\/upload\/documents\/Lynx-Shunt-VE.Can-(stp).STEP\"><img decoding=\"async\" style=\"margin-right: 5px;\" src=\"\/wp-content\/uploads\/2020\/08\/doc_enclosure_dimensions.png\" \/> Lynx Shunt VE.Can (stp) (Enclosure dimension)<\/a><\/p>\n<p><a title=\"Modbus-TCP register list\" href=\"https:\/\/www.victronenergy.com\/download-document\/6195\/CCGX-Modbus-TCP-register-list-2.80.xlsx\"><img style=\"margin-right: 5px;\" \/> Modbus-TCP register list (Technical information)<\/a><\/p>\n<p><a title=\"NMEA 2000 &amp; MFD integration guide\" href=\"https:\/\/www.victronenergy.com\/live\/ve.can:nmea-2000:start\"><img style=\"margin-right: 5px;\" \/> NMEA 2000 &amp; MFD integration guide (Technical information)<\/a><\/p>\n<p><a title=\"Oceanvolt teams up with Victron Energy\" href=\"https:\/\/www.victronenergy.com\/upload\/documents\/Press_release-_20131121_Oceanvolt-teams-up-with-Victron-Energy_EN.pdf\"><img decoding=\"async\" style=\"margin-right: 5px;\" src=\"\/wp-content\/uploads\/2020\/08\/doc_press_release.png\" \/> Oceanvolt teams up with Victron Energy (Press release)<\/a><\/p>","protected":false},"excerpt":{"rendered":"<p>Lynx Shunt VE.Can je inteligentni \u0161ant od 1000 A s mjestom za osigura\u010d (nije uklju\u010den), ugra\u0111eni monitor baterije to\u010dno prati stanje napunjenosti va\u0161e baterije. Koristite GX ure\u0111aj (npr. Cerbo GX) za o\u010ditavanje informacija. Dio modularnog distribucijskog sustava Lynx.<\/p>","protected":false},"featured_media":11223,"menu_order":320,"template":"","meta":[],"product_brand":[],"product_cat":[275,178,159],"product_tag":[],"class_list":{"0":"post-4449","1":"product","2":"type-product","3":"status-publish","4":"has-post-thumbnail","6":"product_cat-accessories-lithium","7":"product_cat-batteries","8":"product_cat-lynx-and-dc-distribution","10":"first","11":"onbackorder","12":"taxable","13":"shipping-taxable","14":"purchasable","15":"product-type-simple"},"yoast_head":"<!-- This site is optimized with the Yoast SEO plugin v27.3 - https:\/\/yoast.com\/product\/yoast-seo-wordpress\/ -->\n<title>Lynx Shunt VE.Can (M8) - Energostore<\/title>\n<meta name=\"robots\" content=\"index, follow, max-snippet:-1, max-image-preview:large, max-video-preview:-1\" \/>\n<link rel=\"canonical\" href=\"https:\/\/energostore.com\/hr\/proizvod\/lynx-shunt-ve-can\/\" \/>\n<meta property=\"og:locale\" content=\"hr_HR\" \/>\n<meta property=\"og:type\" content=\"article\" \/>\n<meta property=\"og:title\" content=\"Lynx Shunt VE.Can (M8) - Energostore\" \/>\n<meta property=\"og:description\" content=\"The Lynx Shunt VE.Can is an intelligent 1000A shunt with location for a fuse (not included), the built-in battery monitor accurately monitors the state of charge of your battery. Use a GX device (e.g. Cerbo GX) for reading out the information. Part of the modular Lynx distribution system.\" \/>\n<meta property=\"og:url\" content=\"https:\/\/energostore.com\/hr\/proizvod\/lynx-shunt-ve-can\/\" \/>\n<meta property=\"og:site_name\" content=\"Energostore\" \/>\n<meta property=\"article:modified_time\" content=\"2026-04-01T07:34:21+00:00\" \/>\n<meta property=\"og:image\" content=\"https:\/\/energostore.com\/wp-content\/uploads\/2020\/07\/lynx-shunt.webp\" \/>\n\t<meta property=\"og:image:width\" content=\"640\" \/>\n\t<meta property=\"og:image:height\" content=\"583\" \/>\n\t<meta property=\"og:image:type\" content=\"image\/webp\" \/>\n<meta name=\"twitter:card\" content=\"summary_large_image\" \/>\n<meta name=\"twitter:label1\" content=\"Procijenjeno vrijeme \u010ditanja\" \/>\n\t<meta name=\"twitter:data1\" content=\"4 minute\" \/>\n<script type=\"application\/ld+json\" class=\"yoast-schema-graph\">{\"@context\":\"https:\\\/\\\/schema.org\",\"@graph\":[{\"@type\":\"WebPage\",\"@id\":\"https:\\\/\\\/energostore.com\\\/product\\\/lynx-shunt-ve-can\\\/\",\"url\":\"https:\\\/\\\/energostore.com\\\/product\\\/lynx-shunt-ve-can\\\/\",\"name\":\"Lynx Shunt VE.Can (M8) - Energostore\",\"isPartOf\":{\"@id\":\"https:\\\/\\\/energostore.com\\\/hr\\\/#website\"},\"primaryImageOfPage\":{\"@id\":\"https:\\\/\\\/energostore.com\\\/product\\\/lynx-shunt-ve-can\\\/#primaryimage\"},\"image\":{\"@id\":\"https:\\\/\\\/energostore.com\\\/product\\\/lynx-shunt-ve-can\\\/#primaryimage\"},\"thumbnailUrl\":\"https:\\\/\\\/energostore.com\\\/wp-content\\\/uploads\\\/2020\\\/07\\\/lynx-shunt.webp\",\"datePublished\":\"2020-07-07T09:15:58+00:00\",\"dateModified\":\"2026-04-01T07:34:21+00:00\",\"breadcrumb\":{\"@id\":\"https:\\\/\\\/energostore.com\\\/product\\\/lynx-shunt-ve-can\\\/#breadcrumb\"},\"inLanguage\":\"hr\",\"potentialAction\":[{\"@type\":\"ReadAction\",\"target\":[\"https:\\\/\\\/energostore.com\\\/product\\\/lynx-shunt-ve-can\\\/\"]}]},{\"@type\":\"ImageObject\",\"inLanguage\":\"hr\",\"@id\":\"https:\\\/\\\/energostore.com\\\/product\\\/lynx-shunt-ve-can\\\/#primaryimage\",\"url\":\"https:\\\/\\\/energostore.com\\\/wp-content\\\/uploads\\\/2020\\\/07\\\/lynx-shunt.webp\",\"contentUrl\":\"https:\\\/\\\/energostore.com\\\/wp-content\\\/uploads\\\/2020\\\/07\\\/lynx-shunt.webp\",\"width\":640,\"height\":583,\"caption\":\"lynx shunt\"},{\"@type\":\"BreadcrumbList\",\"@id\":\"https:\\\/\\\/energostore.com\\\/product\\\/lynx-shunt-ve-can\\\/#breadcrumb\",\"itemListElement\":[{\"@type\":\"ListItem\",\"position\":1,\"name\":\"Home\",\"item\":\"https:\\\/\\\/energostore.com\\\/\"},{\"@type\":\"ListItem\",\"position\":2,\"name\":\"Shop\",\"item\":\"https:\\\/\\\/energostore.com\\\/hr\\\/shop\\\/\"},{\"@type\":\"ListItem\",\"position\":3,\"name\":\"Lynx Shunt VE.Can (M8)\"}]},{\"@type\":\"WebSite\",\"@id\":\"https:\\\/\\\/energostore.com\\\/hr\\\/#website\",\"url\":\"https:\\\/\\\/energostore.com\\\/hr\\\/\",\"name\":\"Energostore\",\"description\":\"Solar products online store\",\"publisher\":{\"@id\":\"https:\\\/\\\/energostore.com\\\/hr\\\/#organization\"},\"potentialAction\":[{\"@type\":\"SearchAction\",\"target\":{\"@type\":\"EntryPoint\",\"urlTemplate\":\"https:\\\/\\\/energostore.com\\\/hr\\\/?s={search_term_string}\"},\"query-input\":{\"@type\":\"PropertyValueSpecification\",\"valueRequired\":true,\"valueName\":\"search_term_string\"}}],\"inLanguage\":\"hr\"},{\"@type\":\"Organization\",\"@id\":\"https:\\\/\\\/energostore.com\\\/hr\\\/#organization\",\"name\":\"Energostore\",\"url\":\"https:\\\/\\\/energostore.com\\\/hr\\\/\",\"logo\":{\"@type\":\"ImageObject\",\"inLanguage\":\"hr\",\"@id\":\"https:\\\/\\\/energostore.com\\\/hr\\\/#\\\/schema\\\/logo\\\/image\\\/\",\"url\":\"https:\\\/\\\/energostore.com\\\/wp-content\\\/uploads\\\/2020\\\/07\\\/energostore_logo.png\",\"contentUrl\":\"https:\\\/\\\/energostore.com\\\/wp-content\\\/uploads\\\/2020\\\/07\\\/energostore_logo.png\",\"width\":517,\"height\":100,\"caption\":\"Energostore\"},\"image\":{\"@id\":\"https:\\\/\\\/energostore.com\\\/hr\\\/#\\\/schema\\\/logo\\\/image\\\/\"}}]}<\/script>\n<!-- \/ Yoast SEO plugin. -->","yoast_head_json":{"title":"Lynx Shunt VE.Can (M8) - Energostore","robots":{"index":"index","follow":"follow","max-snippet":"max-snippet:-1","max-image-preview":"max-image-preview:large","max-video-preview":"max-video-preview:-1"},"canonical":"https:\/\/energostore.com\/hr\/proizvod\/lynx-shunt-ve-can\/","og_locale":"hr_HR","og_type":"article","og_title":"Lynx Shunt VE.Can (M8) - Energostore","og_description":"The Lynx Shunt VE.Can is an intelligent 1000A shunt with location for a fuse (not included), the built-in battery monitor accurately monitors the state of charge of your battery. Use a GX device (e.g. Cerbo GX) for reading out the information. Part of the modular Lynx distribution system.","og_url":"https:\/\/energostore.com\/hr\/proizvod\/lynx-shunt-ve-can\/","og_site_name":"Energostore","article_modified_time":"2026-04-01T07:34:21+00:00","og_image":[{"width":640,"height":583,"url":"https:\/\/energostore.com\/wp-content\/uploads\/2020\/07\/lynx-shunt.webp","type":"image\/webp"}],"twitter_card":"summary_large_image","twitter_misc":{"Procijenjeno vrijeme \u010ditanja":"4 minute"},"schema":{"@context":"https:\/\/schema.org","@graph":[{"@type":"WebPage","@id":"https:\/\/energostore.com\/product\/lynx-shunt-ve-can\/","url":"https:\/\/energostore.com\/product\/lynx-shunt-ve-can\/","name":"Lynx Shunt VE.Can (M8) - Energostore","isPartOf":{"@id":"https:\/\/energostore.com\/hr\/#website"},"primaryImageOfPage":{"@id":"https:\/\/energostore.com\/product\/lynx-shunt-ve-can\/#primaryimage"},"image":{"@id":"https:\/\/energostore.com\/product\/lynx-shunt-ve-can\/#primaryimage"},"thumbnailUrl":"https:\/\/energostore.com\/wp-content\/uploads\/2020\/07\/lynx-shunt.webp","datePublished":"2020-07-07T09:15:58+00:00","dateModified":"2026-04-01T07:34:21+00:00","breadcrumb":{"@id":"https:\/\/energostore.com\/product\/lynx-shunt-ve-can\/#breadcrumb"},"inLanguage":"hr","potentialAction":[{"@type":"ReadAction","target":["https:\/\/energostore.com\/product\/lynx-shunt-ve-can\/"]}]},{"@type":"ImageObject","inLanguage":"hr","@id":"https:\/\/energostore.com\/product\/lynx-shunt-ve-can\/#primaryimage","url":"https:\/\/energostore.com\/wp-content\/uploads\/2020\/07\/lynx-shunt.webp","contentUrl":"https:\/\/energostore.com\/wp-content\/uploads\/2020\/07\/lynx-shunt.webp","width":640,"height":583,"caption":"lynx shunt"},{"@type":"BreadcrumbList","@id":"https:\/\/energostore.com\/product\/lynx-shunt-ve-can\/#breadcrumb","itemListElement":[{"@type":"ListItem","position":1,"name":"Home","item":"https:\/\/energostore.com\/"},{"@type":"ListItem","position":2,"name":"Shop","item":"https:\/\/energostore.com\/hr\/shop\/"},{"@type":"ListItem","position":3,"name":"Lynx Shunt VE.Can (M8)"}]},{"@type":"WebSite","@id":"https:\/\/energostore.com\/hr\/#website","url":"https:\/\/energostore.com\/hr\/","name":"Energostore","description":"Solar products online store","publisher":{"@id":"https:\/\/energostore.com\/hr\/#organization"},"potentialAction":[{"@type":"SearchAction","target":{"@type":"EntryPoint","urlTemplate":"https:\/\/energostore.com\/hr\/?s={search_term_string}"},"query-input":{"@type":"PropertyValueSpecification","valueRequired":true,"valueName":"search_term_string"}}],"inLanguage":"hr"},{"@type":"Organization","@id":"https:\/\/energostore.com\/hr\/#organization","name":"Energostore","url":"https:\/\/energostore.com\/hr\/","logo":{"@type":"ImageObject","inLanguage":"hr","@id":"https:\/\/energostore.com\/hr\/#\/schema\/logo\/image\/","url":"https:\/\/energostore.com\/wp-content\/uploads\/2020\/07\/energostore_logo.png","contentUrl":"https:\/\/energostore.com\/wp-content\/uploads\/2020\/07\/energostore_logo.png","width":517,"height":100,"caption":"Energostore"},"image":{"@id":"https:\/\/energostore.com\/hr\/#\/schema\/logo\/image\/"}}]}},"_links":{"self":[{"href":"https:\/\/energostore.com\/hr\/wp-json\/wp\/v2\/product\/4449","targetHints":{"allow":["GET"]}}],"collection":[{"href":"https:\/\/energostore.com\/hr\/wp-json\/wp\/v2\/product"}],"about":[{"href":"https:\/\/energostore.com\/hr\/wp-json\/wp\/v2\/types\/product"}],"version-history":[{"count":2,"href":"https:\/\/energostore.com\/hr\/wp-json\/wp\/v2\/product\/4449\/revisions"}],"predecessor-version":[{"id":10475,"href":"https:\/\/energostore.com\/hr\/wp-json\/wp\/v2\/product\/4449\/revisions\/10475"}],"wp:featuredmedia":[{"embeddable":true,"href":"https:\/\/energostore.com\/hr\/wp-json\/wp\/v2\/media\/11223"}],"wp:attachment":[{"href":"https:\/\/energostore.com\/hr\/wp-json\/wp\/v2\/media?parent=4449"}],"wp:term":[{"taxonomy":"product_brand","embeddable":true,"href":"https:\/\/energostore.com\/hr\/wp-json\/wp\/v2\/product_brand?post=4449"},{"taxonomy":"product_cat","embeddable":true,"href":"https:\/\/energostore.com\/hr\/wp-json\/wp\/v2\/product_cat?post=4449"},{"taxonomy":"product_tag","embeddable":true,"href":"https:\/\/energostore.com\/hr\/wp-json\/wp\/v2\/product_tag?post=4449"}],"curies":[{"name":"wp","href":"https:\/\/api.w.org\/{rel}","templated":true}]}}