{"id":4141,"date":"2020-07-07T09:08:05","date_gmt":"2020-07-07T09:08:05","guid":{"rendered":"https:\/\/energostore.com\/product\/easysolar-ii-48-3000-35-32-mppt-250-70-gx\/"},"modified":"2026-04-01T07:03:13","modified_gmt":"2026-04-01T07:03:13","slug":"easysolar-ii-48-3000-35-32-mppt-250-70-gx","status":"publish","type":"product","link":"https:\/\/energostore.com\/hr\/proizvod\/easysolar-ii-48-3000-35-32-mppt-250-70-gx\/","title":{"rendered":"EasySolar-II 48\/3000\/35-32 MPPT 250\/70 GX"},"content":{"rendered":"<h1>Datasheet<\/h1>\n<p><a title=\"EasySolar-II GX\" href=\"https:\/\/www.victronenergy.com\/upload\/documents\/Datasheet-EasySolar-II-24V-48V-3kVA-48V-5kVA-MPPT-250-70-100-GX-EN.pdf\"><img decoding=\"async\" style=\"margin-right: 5px;\" src=\"\/wp-content\/uploads\/2020\/08\/doc_datasheet.png\" \/> EasySolar-II GX<\/a><\/p>\n<p><a title=\"Victron GX product range\" href=\"https:\/\/www.victronenergy.com\/live\/venus-os:start\"><img decoding=\"async\" style=\"margin-right: 5px;\" src=\"\/wp-content\/uploads\/2020\/08\/doc_datasheet.png\" \/> Victron GX product range<\/a><\/p>\n<h4>Dokumenti<\/h4>\n<p><a title=\"Automatic Generator start-stop (HTML5)\" href=\"https:\/\/www.victronenergy.com\/media\/pg\/Automatic_Generator_start-stop\/en\/index-en.html\"><img decoding=\"async\" style=\"margin-right: 5px;\" src=\"\/wp-content\/uploads\/2020\/08\/doc_manual.png\" \/> Automatic Generator start-stop (HTML5) (Manual)<\/a><\/p>\n<p><a title=\"Automatic Generator start-stop (PDF)\" href=\"https:\/\/www.victronenergy.com\/upload\/documents\/Automatic_Generator_start-stop\/Automatic_Generator_start_stop-en.pdf\"><img decoding=\"async\" style=\"margin-right: 5px;\" src=\"\/wp-content\/uploads\/2020\/08\/doc_manual.png\" \/> Automatic Generator start-stop (PDF) (Manual)<\/a><\/p>\n<p><a title=\"Certificate - VDE-AR-N 4105:2018-11 EZE - EasySolar-II 3k &amp; 5k MPPT GX\" href=\"https:\/\/www.victronenergy.com\/upload\/documents\/Certificate-VDE-AR-N-4105-2018-11-EZE-EasySolar-II-3k-&amp;-5k-MPPT-GX.pdf\"><img decoding=\"async\" style=\"margin-right: 5px;\" src=\"\/wp-content\/uploads\/2020\/08\/doc_certificate.png\" \/> Certificate &#8211; VDE-AR-N 4105:2018-11 EZE &#8211; EasySolar-II 3k &amp; 5k MPPT GX (Certificate)<\/a><\/p>\n<p><a title=\"Certificate - VDE-AR-N 4105:2018-11 NAS - EasySolar-II 3k &amp; 5k MPPT GX\" href=\"https:\/\/www.victronenergy.com\/upload\/documents\/Certificate-VDE-AR-N-4105-2018-11-NAS-EasySolar-II-3k-&amp;-5k-MPPT-GX.pdf\"><img decoding=\"async\" style=\"margin-right: 5px;\" src=\"\/wp-content\/uploads\/2020\/08\/doc_certificate.png\" \/> Certificate &#8211; VDE-AR-N 4105:2018-11 NAS &#8211; EasySolar-II 3k &amp; 5k MPPT GX (Certificate)<\/a><\/p>\n<p><a title=\"Certificate ESS C10\/11 - EasySolar-II 24V\/48V 3k &amp; 48V 5k GX\" href=\"https:\/\/www.victronenergy.com\/upload\/documents\/Certificate-ESS-C10-11-EasySolar-II.pdf\"><img decoding=\"async\" style=\"margin-right: 5px;\" src=\"\/wp-content\/uploads\/2020\/08\/doc_certificate.png\" \/> Certificate ESS C10\/11 &#8211; EasySolar-II 24V\/48V 3k &amp; 48V 5k GX (Certificate)<\/a><\/p>\n<p><a title=\"Certificate ESS EN 50549-1 - EasySolar-II 24V\/48V 3k &amp; 48V 5k GX\" href=\"https:\/\/www.victronenergy.com\/upload\/documents\/Certificate-ESS-EN-50549-1-EasySolar-II-24V-48V-3k-&amp;-48V-5k-GX.pdf\"><img decoding=\"async\" style=\"margin-right: 5px;\" src=\"\/wp-content\/uploads\/2020\/08\/doc_certificate.png\" \/> Certificate ESS EN 50549-1 &#8211; EasySolar-II 24V\/48V 3k &amp; 48V 5k GX (Certificate)<\/a><\/p>\n<p><a title=\"Certificate ESS G98-1 - EasySolar-II 24V\/48V 3k &amp; 48V 5k GX\" href=\"https:\/\/www.victronenergy.com\/upload\/documents\/Certificate-ESS-G98-1-EasySolar-II.pdf\"><img decoding=\"async\" style=\"margin-right: 5px;\" src=\"\/wp-content\/uploads\/2020\/08\/doc_certificate.png\" \/> Certificate ESS G98-1 &#8211; EasySolar-II 24V\/48V 3k &amp; 48V 5k GX (Certificate)<\/a><\/p>\n<p><a title=\"Certificate ESS G99-1 - EasySolar-II 24V\/48V 3k &amp; 48V 5k GX\" href=\"https:\/\/www.victronenergy.com\/upload\/documents\/Certificate-ESS-G99-1-EasySolar-II-24V-48V-3k-&amp;-48V-5k-GX.pdf\"><img decoding=\"async\" style=\"margin-right: 5px;\" src=\"\/wp-content\/uploads\/2020\/08\/doc_certificate.png\" \/> Certificate ESS G99-1 &#8211; EasySolar-II 24V\/48V 3k &amp; 48V 5k GX (Certificate)<\/a><\/p>\n<p><a title=\"Certificate ESS NRS 097-2-1 - All EasySolar-II 3k &amp; 5k MPPT GX\" href=\"https:\/\/www.victronenergy.com\/upload\/documents\/Certificate-ESS-NRS-097-2-1-All-EasySolar-II-3k-&amp;-5k-MPPT-GX.pdf\"><img decoding=\"async\" style=\"margin-right: 5px;\" src=\"\/wp-content\/uploads\/2020\/08\/doc_certificate.png\" \/> Certificate ESS NRS 097-2-1 &#8211; All EasySolar-II 3k &amp; 5k MPPT GX (Certificate)<\/a><\/p>\n<p><a title=\"Certificate ESS RD 1699 &amp; RD 413 - EasySolar-II 24V\/48V 3k &amp; 48V 5k GX\" href=\"https:\/\/www.victronenergy.com\/upload\/documents\/Certificate-ESS-RD-1699--RD-413-EasySolar-II.pdf\"><img decoding=\"async\" style=\"margin-right: 5px;\" src=\"\/wp-content\/uploads\/2020\/08\/doc_certificate.png\" \/> Certificate ESS RD 1699 &amp; RD 413 &#8211; EasySolar-II 24V\/48V 3k &amp; 48V 5k GX (Certificate)<\/a><\/p>\n<p><a title=\"Certificate TOR Erzeuger Typ A v1.1 - EasySolar-II 3k &amp; 5k MPPT GX\" href=\"https:\/\/www.victronenergy.com\/upload\/documents\/Certificate-TOR-Erzeuger-Typ-A-v1.1-EasySolar-II-3k-&amp;-5k-MPPT-GX.pdf\"><img decoding=\"async\" style=\"margin-right: 5px;\" src=\"\/wp-content\/uploads\/2020\/08\/doc_certificate.png\" \/> Certificate TOR Erzeuger Typ A v1.1 &#8211; EasySolar-II 3k &amp; 5k MPPT GX (Certificate)<\/a><\/p>\n<p><a title=\"Declaration of Conformity - EasySolar-II GX\" href=\"https:\/\/www.victronenergy.com\/upload\/documents\/EasySolar-2021-12-29.pdf\"><img decoding=\"async\" style=\"margin-right: 5px;\" src=\"\/wp-content\/uploads\/2020\/08\/doc_certificate.png\" \/> Declaration of Conformity &#8211; EasySolar-II GX (Certificate)<\/a><\/p>\n<p><a title=\"Did You Know - Changing the logo on a GX device\" href=\"https:\/\/youtu.be\/8pR9utgkjSI?list=PLnKCJA0l3E6balmPIyOD3wmiqgVE9DeVG\"><img style=\"margin-right: 5px;\" \/> Did You Know &#8211; Changing the logo on a GX device (Video)<\/a><\/p>\n<p><a title=\"ESS (Energy Storage System) - Start page\" href=\"http:\/\/www.victronenergy.com\/live\/ess:start\"><img decoding=\"async\" style=\"margin-right: 5px;\" src=\"\/wp-content\/uploads\/2020\/08\/doc_manual.png\" \/> ESS (Energy Storage System) &#8211; Start page (Manual)<\/a><\/p>\n<p><a title=\"EasySolar-II 48V-3kVA (3D)\" href=\"https:\/\/www.victronenergy.com\/upload\/documents\/EasySolar-II-48V-3kVA-(3D).PDF\"><img decoding=\"async\" style=\"margin-right: 5px;\" src=\"\/wp-content\/uploads\/2020\/08\/doc_enclosure_dimensions.png\" \/> EasySolar-II 48V-3kVA (3D) (Enclosure dimension)<\/a><\/p>\n<p><a title=\"EasySolar-II 48V-3kVA (dimensions)\" href=\"https:\/\/www.victronenergy.com\/upload\/documents\/EasySolar-II-48V-3kVA-(dimensions).PDF\"><img decoding=\"async\" style=\"margin-right: 5px;\" src=\"\/wp-content\/uploads\/2020\/08\/doc_enclosure_dimensions.png\" \/> EasySolar-II 48V-3kVA (dimensions) (Enclosure dimension)<\/a><\/p>\n<p><a title=\"EasySolar-II 48V-3kVA (stp)\" href=\"https:\/\/www.victronenergy.com\/upload\/documents\/EasySolar-II-48V-3kVA-(stp).STEP\"><img decoding=\"async\" style=\"margin-right: 5px;\" src=\"\/wp-content\/uploads\/2020\/08\/doc_enclosure_dimensions.png\" \/> EasySolar-II 48V-3kVA (stp) (Enclosure dimension)<\/a><\/p>\n<p><a title=\"EasySolar-II GX (HTML5)\" href=\"https:\/\/www.victronenergy.com\/media\/pg\/EasySolar-II_GX\/en\/index-en.html\"><img decoding=\"async\" style=\"margin-right: 5px;\" src=\"\/wp-content\/uploads\/2020\/08\/doc_manual.png\" \/> EasySolar-II GX (HTML5) (Manual)<\/a><\/p>\n<p><a title=\"EasySolar-II GX (PDF)\" href=\"https:\/\/www.victronenergy.com\/upload\/documents\/EasySolar-II_GX\/EasySolar-II_GX-en.pdf\"><img decoding=\"async\" style=\"margin-right: 5px;\" src=\"\/wp-content\/uploads\/2020\/08\/doc_manual.png\" \/> EasySolar-II GX (PDF) (Manual)<\/a><\/p>\n<p><a title=\"Energy Storage System (HTML5)\" href=\"https:\/\/www.victronenergy.com\/media\/pg\/Energy_Storage_System\/en\/index-en.html\"><img decoding=\"async\" style=\"margin-right: 5px;\" src=\"\/wp-content\/uploads\/2020\/08\/doc_manual.png\" \/> Energy Storage System (HTML5) (Manual)<\/a><\/p>\n<p><a title=\"Energy Storage System (PDF)\" href=\"https:\/\/www.victronenergy.com\/upload\/documents\/Energy_Storage_System\/ESS_design_and_installation_manual-en.pdf\"><img decoding=\"async\" style=\"margin-right: 5px;\" src=\"\/wp-content\/uploads\/2020\/08\/doc_manual.png\" \/> Energy Storage System (PDF) (Manual)<\/a><\/p>\n<p><a title=\"GX Modbus-TCP manual\" href=\"https:\/\/www.victronenergy.com\/live\/ccgx:modbustcp_faq\"><img style=\"margin-right: 5px;\" \/> GX Modbus-TCP manual (Technical information)<\/a><\/p>\n<p><a title=\"ISO9001 certificate\" href=\"https:\/\/www.victronenergy.com\/upload\/documents\/ISO9001-certificate-2021-EN.pdf\"><img decoding=\"async\" style=\"margin-right: 5px;\" src=\"\/wp-content\/uploads\/2020\/08\/doc_certificate.png\" \/> ISO9001 certificate (Certificate)<\/a><\/p>\n<p><a title=\"VE.Bus Configuration Guide (HTML5)\" href=\"https:\/\/www.victronenergy.com\/media\/pg\/VE.Bus_Configuration_Guide\/en\/index-en.html\"><img decoding=\"async\" style=\"margin-right: 5px;\" src=\"\/wp-content\/uploads\/2020\/08\/doc_manual.png\" \/> VE.Bus Configuration Guide (HTML5) (Manual)<\/a><\/p>\n<p><a title=\"VE.Bus Configuration Guide (PDF)\" href=\"https:\/\/www.victronenergy.com\/upload\/documents\/VE.Bus_Configuration_Guide\/VE_Bus_Configuration_guide-en.pdf\"><img decoding=\"async\" style=\"margin-right: 5px;\" src=\"\/wp-content\/uploads\/2020\/08\/doc_manual.png\" \/> VE.Bus Configuration Guide (PDF) (Manual)<\/a><\/p>","protected":false},"excerpt":{"rendered":"<p>EasySolar-II GX kombinira MPPT solarni kontroler punjenja, pretvara\u010d\/punja\u010d i kontrolno \u010dvori\u0161te u jednom ku\u0107i\u0161tu. Proizvod je jednostavan za monta\u017eu, uz minimalno o\u017ei\u010denje.<\/p>","protected":false},"featured_media":9385,"menu_order":589,"template":"","meta":[],"product_brand":[],"product_cat":[265],"product_tag":[],"class_list":{"0":"post-4141","1":"product","2":"type-product","3":"status-publish","4":"has-post-thumbnail","6":"product_cat-off-grid-inverter-chargers","7":"product_shipping_class-eu-available","9":"first","10":"onbackorder","11":"taxable","12":"shipping-taxable","13":"purchasable","14":"product-type-simple"},"yoast_head":"<!-- This site is optimized with the Yoast SEO plugin v27.3 - https:\/\/yoast.com\/product\/yoast-seo-wordpress\/ -->\n<title>EasySolar-II 48\/3000\/35-32 MPPT 250\/70 GX - Energostore<\/title>\n<meta name=\"robots\" content=\"index, follow, max-snippet:-1, max-image-preview:large, max-video-preview:-1\" \/>\n<link rel=\"canonical\" href=\"https:\/\/energostore.com\/hr\/proizvod\/easysolar-ii-48-3000-35-32-mppt-250-70-gx\/\" \/>\n<meta property=\"og:locale\" content=\"hr_HR\" \/>\n<meta property=\"og:type\" content=\"article\" \/>\n<meta property=\"og:title\" content=\"EasySolar-II 48\/3000\/35-32 MPPT 250\/70 GX - Energostore\" \/>\n<meta property=\"og:description\" content=\"The EasySolar-II GX combines an MPPT Solar Charge Controller, an inverter\/charger and control hub in one enclosure. The product is easy to install, with a minimum of wiring.\" \/>\n<meta property=\"og:url\" content=\"https:\/\/energostore.com\/hr\/proizvod\/easysolar-ii-48-3000-35-32-mppt-250-70-gx\/\" \/>\n<meta property=\"og:site_name\" content=\"Energostore\" \/>\n<meta property=\"article:modified_time\" content=\"2026-04-01T07:03:13+00:00\" \/>\n<meta property=\"og:image\" content=\"https:\/\/energostore.com\/wp-content\/uploads\/2020\/07\/EasySolar-II-48_3000_35-32-MPPT-250_70-GX.webp\" \/>\n\t<meta property=\"og:image:width\" content=\"288\" \/>\n\t<meta property=\"og:image:height\" content=\"500\" \/>\n\t<meta property=\"og:image:type\" content=\"image\/webp\" \/>\n<meta name=\"twitter:card\" content=\"summary_large_image\" \/>\n<meta name=\"twitter:label1\" content=\"Procijenjeno vrijeme \u010ditanja\" \/>\n\t<meta name=\"twitter:data1\" content=\"1 minuta\" \/>\n<script type=\"application\/ld+json\" class=\"yoast-schema-graph\">{\"@context\":\"https:\\\/\\\/schema.org\",\"@graph\":[{\"@type\":\"WebPage\",\"@id\":\"https:\\\/\\\/energostore.com\\\/product\\\/easysolar-ii-48-3000-35-32-mppt-250-70-gx\\\/\",\"url\":\"https:\\\/\\\/energostore.com\\\/product\\\/easysolar-ii-48-3000-35-32-mppt-250-70-gx\\\/\",\"name\":\"EasySolar-II 48\\\/3000\\\/35-32 MPPT 250\\\/70 GX - Energostore\",\"isPartOf\":{\"@id\":\"https:\\\/\\\/energostore.com\\\/hr\\\/#website\"},\"primaryImageOfPage\":{\"@id\":\"https:\\\/\\\/energostore.com\\\/product\\\/easysolar-ii-48-3000-35-32-mppt-250-70-gx\\\/#primaryimage\"},\"image\":{\"@id\":\"https:\\\/\\\/energostore.com\\\/product\\\/easysolar-ii-48-3000-35-32-mppt-250-70-gx\\\/#primaryimage\"},\"thumbnailUrl\":\"https:\\\/\\\/energostore.com\\\/wp-content\\\/uploads\\\/2020\\\/07\\\/EasySolar-II-48_3000_35-32-MPPT-250_70-GX.webp\",\"datePublished\":\"2020-07-07T09:08:05+00:00\",\"dateModified\":\"2026-04-01T07:03:13+00:00\",\"breadcrumb\":{\"@id\":\"https:\\\/\\\/energostore.com\\\/product\\\/easysolar-ii-48-3000-35-32-mppt-250-70-gx\\\/#breadcrumb\"},\"inLanguage\":\"hr\",\"potentialAction\":[{\"@type\":\"ReadAction\",\"target\":[\"https:\\\/\\\/energostore.com\\\/product\\\/easysolar-ii-48-3000-35-32-mppt-250-70-gx\\\/\"]}]},{\"@type\":\"ImageObject\",\"inLanguage\":\"hr\",\"@id\":\"https:\\\/\\\/energostore.com\\\/product\\\/easysolar-ii-48-3000-35-32-mppt-250-70-gx\\\/#primaryimage\",\"url\":\"https:\\\/\\\/energostore.com\\\/wp-content\\\/uploads\\\/2020\\\/07\\\/EasySolar-II-48_3000_35-32-MPPT-250_70-GX.webp\",\"contentUrl\":\"https:\\\/\\\/energostore.com\\\/wp-content\\\/uploads\\\/2020\\\/07\\\/EasySolar-II-48_3000_35-32-MPPT-250_70-GX.webp\",\"width\":288,\"height\":500,\"caption\":\"EasySolar-II 48_3000_35-32 MPPT 250_70 GX\"},{\"@type\":\"BreadcrumbList\",\"@id\":\"https:\\\/\\\/energostore.com\\\/product\\\/easysolar-ii-48-3000-35-32-mppt-250-70-gx\\\/#breadcrumb\",\"itemListElement\":[{\"@type\":\"ListItem\",\"position\":1,\"name\":\"Home\",\"item\":\"https:\\\/\\\/energostore.com\\\/\"},{\"@type\":\"ListItem\",\"position\":2,\"name\":\"Shop\",\"item\":\"https:\\\/\\\/energostore.com\\\/hr\\\/shop\\\/\"},{\"@type\":\"ListItem\",\"position\":3,\"name\":\"EasySolar-II 48\\\/3000\\\/35-32 MPPT 250\\\/70 GX\"}]},{\"@type\":\"WebSite\",\"@id\":\"https:\\\/\\\/energostore.com\\\/hr\\\/#website\",\"url\":\"https:\\\/\\\/energostore.com\\\/hr\\\/\",\"name\":\"Energostore\",\"description\":\"Solar products online store\",\"publisher\":{\"@id\":\"https:\\\/\\\/energostore.com\\\/hr\\\/#organization\"},\"potentialAction\":[{\"@type\":\"SearchAction\",\"target\":{\"@type\":\"EntryPoint\",\"urlTemplate\":\"https:\\\/\\\/energostore.com\\\/hr\\\/?s={search_term_string}\"},\"query-input\":{\"@type\":\"PropertyValueSpecification\",\"valueRequired\":true,\"valueName\":\"search_term_string\"}}],\"inLanguage\":\"hr\"},{\"@type\":\"Organization\",\"@id\":\"https:\\\/\\\/energostore.com\\\/hr\\\/#organization\",\"name\":\"Energostore\",\"url\":\"https:\\\/\\\/energostore.com\\\/hr\\\/\",\"logo\":{\"@type\":\"ImageObject\",\"inLanguage\":\"hr\",\"@id\":\"https:\\\/\\\/energostore.com\\\/hr\\\/#\\\/schema\\\/logo\\\/image\\\/\",\"url\":\"https:\\\/\\\/energostore.com\\\/wp-content\\\/uploads\\\/2020\\\/07\\\/energostore_logo.png\",\"contentUrl\":\"https:\\\/\\\/energostore.com\\\/wp-content\\\/uploads\\\/2020\\\/07\\\/energostore_logo.png\",\"width\":517,\"height\":100,\"caption\":\"Energostore\"},\"image\":{\"@id\":\"https:\\\/\\\/energostore.com\\\/hr\\\/#\\\/schema\\\/logo\\\/image\\\/\"}}]}<\/script>\n<!-- \/ Yoast SEO plugin. -->","yoast_head_json":{"title":"EasySolar-II 48\/3000\/35-32 MPPT 250\/70 GX - Energostore","robots":{"index":"index","follow":"follow","max-snippet":"max-snippet:-1","max-image-preview":"max-image-preview:large","max-video-preview":"max-video-preview:-1"},"canonical":"https:\/\/energostore.com\/hr\/proizvod\/easysolar-ii-48-3000-35-32-mppt-250-70-gx\/","og_locale":"hr_HR","og_type":"article","og_title":"EasySolar-II 48\/3000\/35-32 MPPT 250\/70 GX - Energostore","og_description":"The EasySolar-II GX combines an MPPT Solar Charge Controller, an inverter\/charger and control hub in one enclosure. The product is easy to install, with a minimum of wiring.","og_url":"https:\/\/energostore.com\/hr\/proizvod\/easysolar-ii-48-3000-35-32-mppt-250-70-gx\/","og_site_name":"Energostore","article_modified_time":"2026-04-01T07:03:13+00:00","og_image":[{"width":288,"height":500,"url":"https:\/\/energostore.com\/wp-content\/uploads\/2020\/07\/EasySolar-II-48_3000_35-32-MPPT-250_70-GX.webp","type":"image\/webp"}],"twitter_card":"summary_large_image","twitter_misc":{"Procijenjeno vrijeme \u010ditanja":"1 minuta"},"schema":{"@context":"https:\/\/schema.org","@graph":[{"@type":"WebPage","@id":"https:\/\/energostore.com\/product\/easysolar-ii-48-3000-35-32-mppt-250-70-gx\/","url":"https:\/\/energostore.com\/product\/easysolar-ii-48-3000-35-32-mppt-250-70-gx\/","name":"EasySolar-II 48\/3000\/35-32 MPPT 250\/70 GX - Energostore","isPartOf":{"@id":"https:\/\/energostore.com\/hr\/#website"},"primaryImageOfPage":{"@id":"https:\/\/energostore.com\/product\/easysolar-ii-48-3000-35-32-mppt-250-70-gx\/#primaryimage"},"image":{"@id":"https:\/\/energostore.com\/product\/easysolar-ii-48-3000-35-32-mppt-250-70-gx\/#primaryimage"},"thumbnailUrl":"https:\/\/energostore.com\/wp-content\/uploads\/2020\/07\/EasySolar-II-48_3000_35-32-MPPT-250_70-GX.webp","datePublished":"2020-07-07T09:08:05+00:00","dateModified":"2026-04-01T07:03:13+00:00","breadcrumb":{"@id":"https:\/\/energostore.com\/product\/easysolar-ii-48-3000-35-32-mppt-250-70-gx\/#breadcrumb"},"inLanguage":"hr","potentialAction":[{"@type":"ReadAction","target":["https:\/\/energostore.com\/product\/easysolar-ii-48-3000-35-32-mppt-250-70-gx\/"]}]},{"@type":"ImageObject","inLanguage":"hr","@id":"https:\/\/energostore.com\/product\/easysolar-ii-48-3000-35-32-mppt-250-70-gx\/#primaryimage","url":"https:\/\/energostore.com\/wp-content\/uploads\/2020\/07\/EasySolar-II-48_3000_35-32-MPPT-250_70-GX.webp","contentUrl":"https:\/\/energostore.com\/wp-content\/uploads\/2020\/07\/EasySolar-II-48_3000_35-32-MPPT-250_70-GX.webp","width":288,"height":500,"caption":"EasySolar-II 48_3000_35-32 MPPT 250_70 GX"},{"@type":"BreadcrumbList","@id":"https:\/\/energostore.com\/product\/easysolar-ii-48-3000-35-32-mppt-250-70-gx\/#breadcrumb","itemListElement":[{"@type":"ListItem","position":1,"name":"Home","item":"https:\/\/energostore.com\/"},{"@type":"ListItem","position":2,"name":"Shop","item":"https:\/\/energostore.com\/hr\/shop\/"},{"@type":"ListItem","position":3,"name":"EasySolar-II 48\/3000\/35-32 MPPT 250\/70 GX"}]},{"@type":"WebSite","@id":"https:\/\/energostore.com\/hr\/#website","url":"https:\/\/energostore.com\/hr\/","name":"Energostore","description":"Solar products online store","publisher":{"@id":"https:\/\/energostore.com\/hr\/#organization"},"potentialAction":[{"@type":"SearchAction","target":{"@type":"EntryPoint","urlTemplate":"https:\/\/energostore.com\/hr\/?s={search_term_string}"},"query-input":{"@type":"PropertyValueSpecification","valueRequired":true,"valueName":"search_term_string"}}],"inLanguage":"hr"},{"@type":"Organization","@id":"https:\/\/energostore.com\/hr\/#organization","name":"Energostore","url":"https:\/\/energostore.com\/hr\/","logo":{"@type":"ImageObject","inLanguage":"hr","@id":"https:\/\/energostore.com\/hr\/#\/schema\/logo\/image\/","url":"https:\/\/energostore.com\/wp-content\/uploads\/2020\/07\/energostore_logo.png","contentUrl":"https:\/\/energostore.com\/wp-content\/uploads\/2020\/07\/energostore_logo.png","width":517,"height":100,"caption":"Energostore"},"image":{"@id":"https:\/\/energostore.com\/hr\/#\/schema\/logo\/image\/"}}]}},"_links":{"self":[{"href":"https:\/\/energostore.com\/hr\/wp-json\/wp\/v2\/product\/4141","targetHints":{"allow":["GET"]}}],"collection":[{"href":"https:\/\/energostore.com\/hr\/wp-json\/wp\/v2\/product"}],"about":[{"href":"https:\/\/energostore.com\/hr\/wp-json\/wp\/v2\/types\/product"}],"version-history":[{"count":2,"href":"https:\/\/energostore.com\/hr\/wp-json\/wp\/v2\/product\/4141\/revisions"}],"predecessor-version":[{"id":9386,"href":"https:\/\/energostore.com\/hr\/wp-json\/wp\/v2\/product\/4141\/revisions\/9386"}],"wp:featuredmedia":[{"embeddable":true,"href":"https:\/\/energostore.com\/hr\/wp-json\/wp\/v2\/media\/9385"}],"wp:attachment":[{"href":"https:\/\/energostore.com\/hr\/wp-json\/wp\/v2\/media?parent=4141"}],"wp:term":[{"taxonomy":"product_brand","embeddable":true,"href":"https:\/\/energostore.com\/hr\/wp-json\/wp\/v2\/product_brand?post=4141"},{"taxonomy":"product_cat","embeddable":true,"href":"https:\/\/energostore.com\/hr\/wp-json\/wp\/v2\/product_cat?post=4141"},{"taxonomy":"product_tag","embeddable":true,"href":"https:\/\/energostore.com\/hr\/wp-json\/wp\/v2\/product_tag?post=4141"}],"curies":[{"name":"wp","href":"https:\/\/api.w.org\/{rel}","templated":true}]}}