{"id":3971,"date":"2020-07-07T09:03:36","date_gmt":"2020-07-07T09:03:36","guid":{"rendered":"https:\/\/energostore.com\/product\/phoenix-inverter-48-1600-230v-smart\/"},"modified":"2026-04-01T07:04:18","modified_gmt":"2026-04-01T07:04:18","slug":"inverter-48-1600-230v-smart","status":"publish","type":"product","link":"https:\/\/energostore.com\/hr\/proizvod\/inverter-48-1600-230v-smart\/","title":{"rendered":"Inverter 48\/1600 230V Smart"},"content":{"rendered":"<p>The Phoenix Inverter Smart is an efficient and reliable inverter. Built on our proven and field tested Phoenix inverter platform, it now comes with a new slimmer design and full metal casing. Models are available in 1600VA, 2000VA, 3000VA and 5000VA for 12, 24 or 48V systems.<\/p>\n<p>Dovoljno je sna\u017ean da opskrbi ve\u0107inu uobi\u010dajenih ure\u0111aja u va\u0161em automobilu, \u010damcu, kamp prikolici ili domu. Toroidalni transformator osigurava visoku vr\u0161nu snagu, stabilan napon, frekvenciju i visokokvalitetni sinusni val.<\/p>\n<p>Instalacija je jednostavnija nego ikad prije s terminalima koji su sada dostupniji instalateru, \u0161to omogu\u0107uje profesionalniju zavr\u0161nu obradu.<\/p>\n<p>Bluetooth je ugra\u0111en i \u010dini postavljanje va\u0161eg pretvara\u010da velike snage lak\u0161im nego ikad prije.<br \/>\nKonfigurirajte alarme, alarmni relej, prekid napona, izlazni napon, frekvenciju, ekolo\u0161ki na\u010din rada i vi\u0161e, sve iz VictronConnecta.<\/p>\n<h1>Datasheet<\/h1>\n<p><a title=\"Phoenix Inverter Smart 1600VA - 5000VA\" href=\"https:\/\/www.victronenergy.com\/upload\/documents\/Datasheet-Phoenix-Inverter-Smart-1600VA-5000VA-EN.pdf\"><img decoding=\"async\" style=\"margin-right: 5px;\" src=\"\/wp-content\/uploads\/2020\/08\/doc_datasheet.png\" \/> Phoenix Inverter Smart 1600VA &#8211; 5000VA<\/a><\/p>\n<h4>Dokumenti<\/h4>\n<p><a title=\"Declaration of Conformity - Phoenix Inverter 1600VA 5000VA Smart\" href=\"https:\/\/www.victronenergy.com\/upload\/documents\/Phoenix-Inverter-1600VA--5000VA-Smart-2022-07-04.pdf\"><img decoding=\"async\" style=\"margin-right: 5px;\" src=\"\/wp-content\/uploads\/2020\/08\/doc_certificate.png\" \/> Declaration of Conformity &#8211; Phoenix Inverter 1600VA 5000VA Smart (Certificate)<\/a><\/p>\n<p><a title=\"Did You Know - Reduce power consumption of an inverter in standby\" href=\"https:\/\/youtu.be\/v0s0x0hf66I?list=PLnKCJA0l3E6balmPIyOD3wmiqgVE9DeVG\"><img style=\"margin-right: 5px;\" \/> Did You Know &#8211; Reduce power consumption of an inverter in standby (Video)<\/a><\/p>\n<p><a title=\"ISO9001 certificate\" href=\"https:\/\/www.victronenergy.com\/upload\/documents\/ISO9001-certificate-2021-EN.pdf\"><img decoding=\"async\" style=\"margin-right: 5px;\" src=\"\/wp-content\/uploads\/2020\/08\/doc_certificate.png\" \/> ISO9001 certificate (Certificate)<\/a><\/p>\n<p><a title=\"Phoenix Inverter Smart (HTML5)\" href=\"https:\/\/www.victronenergy.com\/media\/pg\/Phoenix_Inverter_Smart\/en\/index-en.html\"><img decoding=\"async\" style=\"margin-right: 5px;\" src=\"\/wp-content\/uploads\/2020\/08\/doc_manual.png\" \/> Phoenix Inverter Smart (HTML5) (Manual)<\/a><\/p>\n<p><a title=\"Phoenix Inverter Smart (PDF)\" href=\"https:\/\/www.victronenergy.com\/upload\/documents\/Phoenix_Inverter_Smart\/Inverter_PH_Smart__VE_Direct_and_SUN-en.pdf\"><img decoding=\"async\" style=\"margin-right: 5px;\" src=\"\/wp-content\/uploads\/2020\/08\/doc_manual.png\" \/> Phoenix Inverter Smart (PDF) (Manual)<\/a><\/p>\n<p><a title=\"Phoenix Inverter Smart 12V 3000VA\" href=\"https:\/\/www.victronenergy.com\/upload\/documents\/Phoenix-Inverter-12V-3000VA-Smart.PDF\"><img decoding=\"async\" style=\"margin-right: 5px;\" src=\"\/wp-content\/uploads\/2020\/08\/doc_enclosure_dimensions.png\" \/> Phoenix Inverter Smart 12V 3000VA (Enclosure dimension)<\/a><\/p>\n<p><a title=\"Phoenix Inverter Smart 12V 3000VA (3D)\" href=\"https:\/\/www.victronenergy.com\/upload\/documents\/Phoenix-Inverter-12V-3000VA-Smart-(3D).PDF\"><img decoding=\"async\" style=\"margin-right: 5px;\" src=\"\/wp-content\/uploads\/2020\/08\/doc_enclosure_dimensions.png\" \/> Phoenix Inverter Smart 12V 3000VA (3D) (Enclosure dimension)<\/a><\/p>\n<p><a title=\"Phoenix Inverter Smart 12V 3000VA (stp)\" href=\"https:\/\/www.victronenergy.com\/upload\/documents\/Phoenix-Inverter-12V-3000VA-Smart-(stp).STEP\"><img decoding=\"async\" style=\"margin-right: 5px;\" src=\"\/wp-content\/uploads\/2020\/08\/doc_enclosure_dimensions.png\" \/> Phoenix Inverter Smart 12V 3000VA (stp) (Enclosure dimension)<\/a><\/p>\n<p><a title=\"Phoenix Inverter Smart 1600VA &amp; 2000VA \" href=\"https:\/\/www.victronenergy.com\/upload\/documents\/Phoenix-Inverter-1600-2000VA-Smart-(PDF).PDF\"><img decoding=\"async\" style=\"margin-right: 5px;\" src=\"\/wp-content\/uploads\/2020\/08\/doc_enclosure_dimensions.png\" \/> Phoenix Inverter Smart 1600VA &amp; 2000VA (Enclosure dimension)<\/a><\/p>\n<p><a title=\"Phoenix Inverter Smart 1600VA &amp; 2000VA (3D)\" href=\"https:\/\/www.victronenergy.com\/upload\/documents\/Phoenix-Inverter-Smart-1600-2000VA-(3D).PDF\"><img decoding=\"async\" style=\"margin-right: 5px;\" src=\"\/wp-content\/uploads\/2020\/08\/doc_enclosure_dimensions.png\" \/> Phoenix Inverter Smart 1600VA &amp; 2000VA (3D) (Enclosure dimension)<\/a><\/p>\n<p><a title=\"Phoenix Inverter Smart 1600VA &amp; 2000VA (stp)\" href=\"https:\/\/www.victronenergy.com\/upload\/documents\/Phoenix-Inverter-1600-2000VA-Smart-(STP).STEP\"><img decoding=\"async\" style=\"margin-right: 5px;\" src=\"\/wp-content\/uploads\/2020\/08\/doc_enclosure_dimensions.png\" \/> Phoenix Inverter Smart 1600VA &amp; 2000VA (stp) (Enclosure dimension)<\/a><\/p>\n<p><a title=\"Phoenix Inverter Smart 1600VA &amp; 5000VA\" href=\"https:\/\/www.victronenergy.com\/upload\/documents\/Manual-Phoenix-Inverter-Smart-1600-5000-EN-NL-FR-DE-ES-SE.pdf\"><img decoding=\"async\" style=\"margin-right: 5px;\" src=\"\/wp-content\/uploads\/2020\/08\/doc_manual.png\" \/> Phoenix Inverter Smart 1600VA &amp; 5000VA (Old user manual)<\/a><\/p>\n<p><a title=\"Phoenix Inverter Smart 24V 5000VA (3D)\" href=\"https:\/\/www.victronenergy.com\/upload\/documents\/PhoenixInverter-24V-5000VA-Smart-(3D).PDF\"><img decoding=\"async\" style=\"margin-right: 5px;\" src=\"\/wp-content\/uploads\/2020\/08\/doc_enclosure_dimensions.png\" \/> Phoenix Inverter Smart 24V 5000VA (3D) (Enclosure dimension)<\/a><\/p>\n<p><a title=\"Phoenix Inverter Smart 24V 5000VA (stp)\" href=\"https:\/\/www.victronenergy.com\/upload\/documents\/PhoenixInverter-24V-5000VA-Smart-(step).STEP\"><img decoding=\"async\" style=\"margin-right: 5px;\" src=\"\/wp-content\/uploads\/2020\/08\/doc_enclosure_dimensions.png\" \/> Phoenix Inverter Smart 24V 5000VA (stp) (Enclosure dimension)<\/a><\/p>\n<p><a title=\"Phoenix Inverter Smart 24V-48V 3000VA \" href=\"https:\/\/www.victronenergy.com\/upload\/documents\/Phoenix-Inverter-24V-48V-3000VA-Smart.PDF\"><img decoding=\"async\" style=\"margin-right: 5px;\" src=\"\/wp-content\/uploads\/2020\/08\/doc_enclosure_dimensions.png\" \/> Phoenix Inverter Smart 24V-48V 3000VA (Enclosure dimension)<\/a><\/p>\n<p><a title=\"Phoenix Inverter Smart 24V-48V 3000VA (3D)\" href=\"https:\/\/www.victronenergy.com\/upload\/documents\/Phoenix-Inverter-24V-48V-3000VA-Smart-(3D).PDF\"><img decoding=\"async\" style=\"margin-right: 5px;\" src=\"\/wp-content\/uploads\/2020\/08\/doc_enclosure_dimensions.png\" \/> Phoenix Inverter Smart 24V-48V 3000VA (3D) (Enclosure dimension)<\/a><\/p>\n<p><a title=\"Phoenix Inverter Smart 24V-48V 3000VA (stp)\" href=\"https:\/\/www.victronenergy.com\/upload\/documents\/Phoenix-Inverter-24V-48V-3000VA-Smart-(stp).STEP\"><img decoding=\"async\" style=\"margin-right: 5px;\" src=\"\/wp-content\/uploads\/2020\/08\/doc_enclosure_dimensions.png\" \/> Phoenix Inverter Smart 24V-48V 3000VA (stp) (Enclosure dimension)<\/a><\/p>\n<p><a title=\"Phoenix Inverter Smart 24V-48V 5000VA\" href=\"https:\/\/www.victronenergy.com\/upload\/documents\/Phoenix-Inverter-24V-48V-5000VA-Smart.PDF\"><img decoding=\"async\" style=\"margin-right: 5px;\" src=\"\/wp-content\/uploads\/2020\/08\/doc_enclosure_dimensions.png\" \/> Phoenix Inverter Smart 24V-48V 5000VA (Enclosure dimension)<\/a><\/p>\n<p><a title=\"Phoenix Inverter Smart 48V 5000VA (3D)\" href=\"https:\/\/www.victronenergy.com\/upload\/documents\/PhoenixInverter-48V-5000VA-Smart-(3D).PDF\"><img decoding=\"async\" style=\"margin-right: 5px;\" src=\"\/wp-content\/uploads\/2020\/08\/doc_enclosure_dimensions.png\" \/> Phoenix Inverter Smart 48V 5000VA (3D) (Enclosure dimension)<\/a><\/p>\n<p><a title=\"Phoenix Inverter Smart 48V 5000VA (stp)\" href=\"https:\/\/www.victronenergy.com\/upload\/documents\/PhoenixInverter-48V-5000VA-Smart-(step).STEP\"><img decoding=\"async\" style=\"margin-right: 5px;\" src=\"\/wp-content\/uploads\/2020\/08\/doc_enclosure_dimensions.png\" \/> Phoenix Inverter Smart 48V 5000VA (stp) (Enclosure dimension)<\/a><\/p>\n<p><a title=\"SLD - MPPT DC - Phoenix Inverter Smart - off-grid\" href=\"https:\/\/www.victronenergy.com\/upload\/documents\/SLD-MPPT-Tr-DC-Phoenix-Inverter-Smart-off-grid-2019-05-21.pdf\"><img decoding=\"async\" style=\"margin-right: 5px;\" src=\"\/wp-content\/uploads\/2020\/08\/doc_schematics.png\" \/> SLD &#8211; MPPT DC &#8211; Phoenix Inverter Smart &#8211; off-grid (System schematic)<\/a><\/p>\n<p><a title=\"SLD - Phoenix with wind gen - off-grid \" href=\"https:\/\/www.victronenergy.com\/upload\/documents\/SLD-phoenix-with-wind-gen-off-grid-2019-05-21.pdf\"><img decoding=\"async\" style=\"margin-right: 5px;\" src=\"\/wp-content\/uploads\/2020\/08\/doc_schematics.png\" \/> SLD &#8211; Phoenix with wind gen &#8211; off-grid (System schematic)<\/a><\/p>","protected":false},"excerpt":{"rendered":"<p>The Phoenix Inverter Smart is an efficient and reliable inverter. Built on our proven and field tested Phoenix inverter platform, it now comes with a new slimmer design and full metal casing. Models are available in 1600VA, 2000VA, 3000VA and 5000VA for 12, 24 or 48V systems.<\/p>\n<p>Dovoljno je sna\u017ean da opskrbi ve\u0107inu uobi\u010dajenih ure\u0111aja u va\u0161em automobilu, \u010damcu, kamp prikolici ili domu. Toroidalni transformator osigurava visoku vr\u0161nu snagu, stabilan napon, frekvenciju i visokokvalitetni sinusni val.<\/p>\n<p>Instalacija je jednostavnija nego ikad prije s terminalima koji su sada dostupniji instalateru, \u0161to omogu\u0107uje profesionalniju zavr\u0161nu obradu.<\/p>\n<p>Bluetooth je ugra\u0111en i \u010dini postavljanje va\u0161eg pretvara\u010da velike snage lak\u0161im nego ikad prije.<br \/>\nKonfigurirajte alarme, alarmni relej, prekid napona, izlazni napon, frekvenciju, ekolo\u0161ki na\u010din rada i vi\u0161e, sve iz VictronConnecta.<\/p>","protected":false},"featured_media":3970,"menu_order":545,"template":"","meta":[],"product_brand":[],"product_cat":[263],"product_tag":[],"class_list":{"0":"post-3971","1":"product","2":"type-product","3":"status-publish","4":"has-post-thumbnail","6":"product_cat-off-grid-inverters","7":"product_shipping_class-eu-available","9":"first","10":"onbackorder","11":"taxable","12":"shipping-taxable","13":"purchasable","14":"product-type-simple"},"yoast_head":"<!-- This site is optimized with the Yoast SEO plugin v27.3 - https:\/\/yoast.com\/product\/yoast-seo-wordpress\/ -->\n<title>Inverter 48\/1600 230V Smart - Energostore<\/title>\n<meta name=\"robots\" content=\"index, follow, max-snippet:-1, max-image-preview:large, max-video-preview:-1\" \/>\n<link rel=\"canonical\" href=\"https:\/\/energostore.com\/hr\/proizvod\/inverter-48-1600-230v-smart\/\" \/>\n<meta property=\"og:locale\" content=\"hr_HR\" \/>\n<meta property=\"og:type\" content=\"article\" \/>\n<meta property=\"og:title\" content=\"Inverter 48\/1600 230V Smart - Energostore\" \/>\n<meta property=\"og:description\" content=\"The Phoenix Inverter Smart is an efficient and reliable inverter. Built on our proven and field tested Phoenix inverter platform, it now comes with a new slimmer design and full metal casing. Models are available in 1600VA, 2000VA, 3000VA and 5000VA for 12, 24 or 48V systems.  It\u2019s powerful enough to supply most common plug in appliances in your car, boat, caravan or home. A toroidal transformer provides a high peak power surge capacity, stable voltage, frequency and high quality sine-wave.  Installation is simpler than ever before with terminals now more accessible for the installer, enabling a more professional finish.  Bluetooth is built-in, and makes setting up your high power inverter easier than ever before. Configure alarms, alarm relay, voltage cut-off, output voltage, frequency, eco-mode and more, all from within VictronConnect.\" \/>\n<meta property=\"og:url\" content=\"https:\/\/energostore.com\/hr\/proizvod\/inverter-48-1600-230v-smart\/\" \/>\n<meta property=\"og:site_name\" content=\"Energostore\" \/>\n<meta property=\"article:modified_time\" content=\"2026-04-01T07:04:18+00:00\" \/>\n<meta property=\"og:image\" content=\"https:\/\/energostore.com\/wp-content\/uploads\/2020\/07\/382_715_20181018163803-15.png\" \/>\n\t<meta property=\"og:image:width\" content=\"720\" \/>\n\t<meta property=\"og:image:height\" content=\"800\" \/>\n\t<meta property=\"og:image:type\" content=\"image\/png\" \/>\n<meta name=\"twitter:card\" content=\"summary_large_image\" \/>\n<meta name=\"twitter:label1\" content=\"Procijenjeno vrijeme \u010ditanja\" \/>\n\t<meta name=\"twitter:data1\" content=\"7 minuta\" \/>\n<script type=\"application\/ld+json\" class=\"yoast-schema-graph\">{\"@context\":\"https:\\\/\\\/schema.org\",\"@graph\":[{\"@type\":\"WebPage\",\"@id\":\"https:\\\/\\\/energostore.com\\\/product\\\/inverter-48-1600-230v-smart\\\/\",\"url\":\"https:\\\/\\\/energostore.com\\\/product\\\/inverter-48-1600-230v-smart\\\/\",\"name\":\"Inverter 48\\\/1600 230V Smart - Energostore\",\"isPartOf\":{\"@id\":\"https:\\\/\\\/energostore.com\\\/hr\\\/#website\"},\"primaryImageOfPage\":{\"@id\":\"https:\\\/\\\/energostore.com\\\/product\\\/inverter-48-1600-230v-smart\\\/#primaryimage\"},\"image\":{\"@id\":\"https:\\\/\\\/energostore.com\\\/product\\\/inverter-48-1600-230v-smart\\\/#primaryimage\"},\"thumbnailUrl\":\"https:\\\/\\\/energostore.com\\\/wp-content\\\/uploads\\\/2020\\\/07\\\/382_715_20181018163803-15.png\",\"datePublished\":\"2020-07-07T09:03:36+00:00\",\"dateModified\":\"2026-04-01T07:04:18+00:00\",\"breadcrumb\":{\"@id\":\"https:\\\/\\\/energostore.com\\\/product\\\/inverter-48-1600-230v-smart\\\/#breadcrumb\"},\"inLanguage\":\"hr\",\"potentialAction\":[{\"@type\":\"ReadAction\",\"target\":[\"https:\\\/\\\/energostore.com\\\/product\\\/inverter-48-1600-230v-smart\\\/\"]}]},{\"@type\":\"ImageObject\",\"inLanguage\":\"hr\",\"@id\":\"https:\\\/\\\/energostore.com\\\/product\\\/inverter-48-1600-230v-smart\\\/#primaryimage\",\"url\":\"https:\\\/\\\/energostore.com\\\/wp-content\\\/uploads\\\/2020\\\/07\\\/382_715_20181018163803-15.png\",\"contentUrl\":\"https:\\\/\\\/energostore.com\\\/wp-content\\\/uploads\\\/2020\\\/07\\\/382_715_20181018163803-15.png\",\"width\":720,\"height\":800,\"caption\":\"Phoenix Inverter 48\\\/1600 230V Smart\"},{\"@type\":\"BreadcrumbList\",\"@id\":\"https:\\\/\\\/energostore.com\\\/product\\\/inverter-48-1600-230v-smart\\\/#breadcrumb\",\"itemListElement\":[{\"@type\":\"ListItem\",\"position\":1,\"name\":\"Home\",\"item\":\"https:\\\/\\\/energostore.com\\\/\"},{\"@type\":\"ListItem\",\"position\":2,\"name\":\"Shop\",\"item\":\"https:\\\/\\\/energostore.com\\\/hr\\\/shop\\\/\"},{\"@type\":\"ListItem\",\"position\":3,\"name\":\"Inverter 48\\\/1600 230V Smart\"}]},{\"@type\":\"WebSite\",\"@id\":\"https:\\\/\\\/energostore.com\\\/hr\\\/#website\",\"url\":\"https:\\\/\\\/energostore.com\\\/hr\\\/\",\"name\":\"Energostore\",\"description\":\"Solar products online store\",\"publisher\":{\"@id\":\"https:\\\/\\\/energostore.com\\\/hr\\\/#organization\"},\"potentialAction\":[{\"@type\":\"SearchAction\",\"target\":{\"@type\":\"EntryPoint\",\"urlTemplate\":\"https:\\\/\\\/energostore.com\\\/hr\\\/?s={search_term_string}\"},\"query-input\":{\"@type\":\"PropertyValueSpecification\",\"valueRequired\":true,\"valueName\":\"search_term_string\"}}],\"inLanguage\":\"hr\"},{\"@type\":\"Organization\",\"@id\":\"https:\\\/\\\/energostore.com\\\/hr\\\/#organization\",\"name\":\"Energostore\",\"url\":\"https:\\\/\\\/energostore.com\\\/hr\\\/\",\"logo\":{\"@type\":\"ImageObject\",\"inLanguage\":\"hr\",\"@id\":\"https:\\\/\\\/energostore.com\\\/hr\\\/#\\\/schema\\\/logo\\\/image\\\/\",\"url\":\"https:\\\/\\\/energostore.com\\\/wp-content\\\/uploads\\\/2020\\\/07\\\/energostore_logo.png\",\"contentUrl\":\"https:\\\/\\\/energostore.com\\\/wp-content\\\/uploads\\\/2020\\\/07\\\/energostore_logo.png\",\"width\":517,\"height\":100,\"caption\":\"Energostore\"},\"image\":{\"@id\":\"https:\\\/\\\/energostore.com\\\/hr\\\/#\\\/schema\\\/logo\\\/image\\\/\"}}]}<\/script>\n<!-- \/ Yoast SEO plugin. -->","yoast_head_json":{"title":"Inverter 48\/1600 230V Smart - Energostore","robots":{"index":"index","follow":"follow","max-snippet":"max-snippet:-1","max-image-preview":"max-image-preview:large","max-video-preview":"max-video-preview:-1"},"canonical":"https:\/\/energostore.com\/hr\/proizvod\/inverter-48-1600-230v-smart\/","og_locale":"hr_HR","og_type":"article","og_title":"Inverter 48\/1600 230V Smart - Energostore","og_description":"The Phoenix Inverter Smart is an efficient and reliable inverter. Built on our proven and field tested Phoenix inverter platform, it now comes with a new slimmer design and full metal casing. Models are available in 1600VA, 2000VA, 3000VA and 5000VA for 12, 24 or 48V systems.  It\u2019s powerful enough to supply most common plug in appliances in your car, boat, caravan or home. A toroidal transformer provides a high peak power surge capacity, stable voltage, frequency and high quality sine-wave.  Installation is simpler than ever before with terminals now more accessible for the installer, enabling a more professional finish.  Bluetooth is built-in, and makes setting up your high power inverter easier than ever before. Configure alarms, alarm relay, voltage cut-off, output voltage, frequency, eco-mode and more, all from within VictronConnect.","og_url":"https:\/\/energostore.com\/hr\/proizvod\/inverter-48-1600-230v-smart\/","og_site_name":"Energostore","article_modified_time":"2026-04-01T07:04:18+00:00","og_image":[{"width":720,"height":800,"url":"https:\/\/energostore.com\/wp-content\/uploads\/2020\/07\/382_715_20181018163803-15.png","type":"image\/png"}],"twitter_card":"summary_large_image","twitter_misc":{"Procijenjeno vrijeme \u010ditanja":"7 minuta"},"schema":{"@context":"https:\/\/schema.org","@graph":[{"@type":"WebPage","@id":"https:\/\/energostore.com\/product\/inverter-48-1600-230v-smart\/","url":"https:\/\/energostore.com\/product\/inverter-48-1600-230v-smart\/","name":"Inverter 48\/1600 230V Smart - Energostore","isPartOf":{"@id":"https:\/\/energostore.com\/hr\/#website"},"primaryImageOfPage":{"@id":"https:\/\/energostore.com\/product\/inverter-48-1600-230v-smart\/#primaryimage"},"image":{"@id":"https:\/\/energostore.com\/product\/inverter-48-1600-230v-smart\/#primaryimage"},"thumbnailUrl":"https:\/\/energostore.com\/wp-content\/uploads\/2020\/07\/382_715_20181018163803-15.png","datePublished":"2020-07-07T09:03:36+00:00","dateModified":"2026-04-01T07:04:18+00:00","breadcrumb":{"@id":"https:\/\/energostore.com\/product\/inverter-48-1600-230v-smart\/#breadcrumb"},"inLanguage":"hr","potentialAction":[{"@type":"ReadAction","target":["https:\/\/energostore.com\/product\/inverter-48-1600-230v-smart\/"]}]},{"@type":"ImageObject","inLanguage":"hr","@id":"https:\/\/energostore.com\/product\/inverter-48-1600-230v-smart\/#primaryimage","url":"https:\/\/energostore.com\/wp-content\/uploads\/2020\/07\/382_715_20181018163803-15.png","contentUrl":"https:\/\/energostore.com\/wp-content\/uploads\/2020\/07\/382_715_20181018163803-15.png","width":720,"height":800,"caption":"Phoenix Inverter 48\/1600 230V Smart"},{"@type":"BreadcrumbList","@id":"https:\/\/energostore.com\/product\/inverter-48-1600-230v-smart\/#breadcrumb","itemListElement":[{"@type":"ListItem","position":1,"name":"Home","item":"https:\/\/energostore.com\/"},{"@type":"ListItem","position":2,"name":"Shop","item":"https:\/\/energostore.com\/hr\/shop\/"},{"@type":"ListItem","position":3,"name":"Inverter 48\/1600 230V Smart"}]},{"@type":"WebSite","@id":"https:\/\/energostore.com\/hr\/#website","url":"https:\/\/energostore.com\/hr\/","name":"Energostore","description":"Solar products online store","publisher":{"@id":"https:\/\/energostore.com\/hr\/#organization"},"potentialAction":[{"@type":"SearchAction","target":{"@type":"EntryPoint","urlTemplate":"https:\/\/energostore.com\/hr\/?s={search_term_string}"},"query-input":{"@type":"PropertyValueSpecification","valueRequired":true,"valueName":"search_term_string"}}],"inLanguage":"hr"},{"@type":"Organization","@id":"https:\/\/energostore.com\/hr\/#organization","name":"Energostore","url":"https:\/\/energostore.com\/hr\/","logo":{"@type":"ImageObject","inLanguage":"hr","@id":"https:\/\/energostore.com\/hr\/#\/schema\/logo\/image\/","url":"https:\/\/energostore.com\/wp-content\/uploads\/2020\/07\/energostore_logo.png","contentUrl":"https:\/\/energostore.com\/wp-content\/uploads\/2020\/07\/energostore_logo.png","width":517,"height":100,"caption":"Energostore"},"image":{"@id":"https:\/\/energostore.com\/hr\/#\/schema\/logo\/image\/"}}]}},"_links":{"self":[{"href":"https:\/\/energostore.com\/hr\/wp-json\/wp\/v2\/product\/3971","targetHints":{"allow":["GET"]}}],"collection":[{"href":"https:\/\/energostore.com\/hr\/wp-json\/wp\/v2\/product"}],"about":[{"href":"https:\/\/energostore.com\/hr\/wp-json\/wp\/v2\/types\/product"}],"version-history":[{"count":2,"href":"https:\/\/energostore.com\/hr\/wp-json\/wp\/v2\/product\/3971\/revisions"}],"predecessor-version":[{"id":11177,"href":"https:\/\/energostore.com\/hr\/wp-json\/wp\/v2\/product\/3971\/revisions\/11177"}],"wp:featuredmedia":[{"embeddable":true,"href":"https:\/\/energostore.com\/hr\/wp-json\/wp\/v2\/media\/3970"}],"wp:attachment":[{"href":"https:\/\/energostore.com\/hr\/wp-json\/wp\/v2\/media?parent=3971"}],"wp:term":[{"taxonomy":"product_brand","embeddable":true,"href":"https:\/\/energostore.com\/hr\/wp-json\/wp\/v2\/product_brand?post=3971"},{"taxonomy":"product_cat","embeddable":true,"href":"https:\/\/energostore.com\/hr\/wp-json\/wp\/v2\/product_cat?post=3971"},{"taxonomy":"product_tag","embeddable":true,"href":"https:\/\/energostore.com\/hr\/wp-json\/wp\/v2\/product_tag?post=3971"}],"curies":[{"name":"wp","href":"https:\/\/api.w.org\/{rel}","templated":true}]}}