{"id":3859,"date":"2020-07-07T09:01:09","date_gmt":"2020-07-07T09:01:09","guid":{"rendered":"https:\/\/energostore.com\/product\/phoenix-inverter-12-1200-230v-ve-direct-schuko\/"},"modified":"2026-04-01T07:04:19","modified_gmt":"2026-04-01T07:04:19","slug":"inverter-12-1200-230v-ve-direct-schuko","status":"publish","type":"product","link":"https:\/\/energostore.com\/hr\/proizvod\/inverter-12-1200-230v-ve-direct-schuko\/","title":{"rendered":"Inverter 12\/1200 230V VE.Direct SCHUKO"},"content":{"rendered":"<h1>Datasheet<\/h1>\n<p><a title=\"Phoenix Inverter VE.Direct 250VA - 1200VA \" href=\"https:\/\/www.victronenergy.com\/upload\/documents\/Datasheet-Phoenix-Inverter-VE.Direct-250VA-1200VA-EN.pdf\"><img decoding=\"async\" style=\"margin-right: 5px;\" src=\"\/wp-content\/uploads\/2020\/08\/doc_datasheet.png\" \/> Phoenix Inverter VE.Direct 250VA &#8211; 1200VA <\/a><\/p>\n<h4>Dokumenti<\/h4>\n<p><a title=\"Certificate Automotive ECE R10-5 - Phoenix Inverter VE.Direct 12\/1200\" href=\"https:\/\/www.victronenergy.com\/upload\/documents\/Certificate-Automotive-ECE-R10-5-Phoenix-Inverter-VE.Direct-12-1200.pdf\"><img decoding=\"async\" style=\"margin-right: 5px;\" src=\"\/wp-content\/uploads\/2020\/08\/doc_certificate.png\" \/> Certificate Automotive ECE R10-5 &#8211; Phoenix Inverter VE.Direct 12\/1200 (Certificate)<\/a><\/p>\n<p><a title=\"Certificate Automotive ECE R10-5 - Phoenix Inverter VE.Direct 12\/800, 24\/1200, 48\/1200\" href=\"https:\/\/www.victronenergy.com\/upload\/documents\/Certificate-Automotive-ECE-R10-5-Phoenix-Inverter-VE.Direct-12-800,-24-1200,-48-1200.pdf\"><img decoding=\"async\" style=\"margin-right: 5px;\" src=\"\/wp-content\/uploads\/2020\/08\/doc_certificate.png\" \/> Certificate Automotive ECE R10-5 &#8211; Phoenix Inverter VE.Direct 12\/800, 24\/1200, 48\/1200 (Certificate)<\/a><\/p>\n<p><a title=\"Certificate Automotive ECE R10-5 - Phoenix Inverter VE.Direct 24\/800, 48\/800\" href=\"https:\/\/www.victronenergy.com\/upload\/documents\/Certificate-Automotive-ECE-R10-5-Phoenix-Inverter-VE.Direct-24-800,-48-800.pdf\"><img decoding=\"async\" style=\"margin-right: 5px;\" src=\"\/wp-content\/uploads\/2020\/08\/doc_certificate.png\" \/> Certificate Automotive ECE R10-5 &#8211; Phoenix Inverter VE.Direct 24\/800, 48\/800 (Certificate)<\/a><\/p>\n<p><a title=\"Certificate Automotive ECE R10-5 \u2013 Phoenix Inverters 250VA, 375VA, 500VA\" href=\"https:\/\/www.victronenergy.com\/upload\/documents\/Certificate-Automotive-ECE-R10-4-\u2013-Phoenix-Inverters-250VA,-375VA,-500VA.pdf\"><img decoding=\"async\" style=\"margin-right: 5px;\" src=\"\/wp-content\/uploads\/2020\/08\/doc_certificate.png\" \/> Certificate Automotive ECE R10-5 \u2013 Phoenix Inverters 250VA, 375VA, 500VA (Certificate)<\/a><\/p>\n<p><a title=\"Certificate Safety IEC 60335\/1 - AS\/NZS 4736 - Phoenix Inverter VE.Direct 250VA, 375VA, 500VA\" href=\"https:\/\/www.victronenergy.com\/upload\/documents\/Certificate-Safety-IEC-60335-1-AS-NZS-4736-Phoenix-Inverter-VE.Direct-250-375-500VA.pdf\"><img decoding=\"async\" style=\"margin-right: 5px;\" src=\"\/wp-content\/uploads\/2020\/08\/doc_certificate.png\" \/> Certificate Safety IEC 60335\/1 &#8211; AS\/NZS 4736 &#8211; Phoenix Inverter VE.Direct 250VA, 375VA, 500VA (Certificate)<\/a><\/p>\n<p><a title=\"Certificate Safety IEC 60335\/1 - AS\/NZS 4736 - Phoenix Inverter VE.Direct 800VA &amp; 1200VA\" href=\"https:\/\/www.victronenergy.com\/upload\/documents\/Certificate-Safety-IEC-60335-1-AS-NZS-4736-Phoenix-Inverter-VE.Direct-800VA-&amp;-1200VA.pdf\"><img decoding=\"async\" style=\"margin-right: 5px;\" src=\"\/wp-content\/uploads\/2020\/08\/doc_certificate.png\" \/> Certificate Safety IEC 60335\/1 &#8211; AS\/NZS 4736 &#8211; Phoenix Inverter VE.Direct 800VA &amp; 1200VA (Certificate)<\/a><\/p>\n<p><a title=\"Declaration of Conformity - Phoenix Inverter VE.Direct 250VA - 1200VA\" href=\"https:\/\/www.victronenergy.com\/upload\/documents\/Phoenix-Inverters-250VA-1200VA-230V50Hz-and-110V60Hz-2019-07-18.pdf\"><img decoding=\"async\" style=\"margin-right: 5px;\" src=\"\/wp-content\/uploads\/2020\/08\/doc_certificate.png\" \/> Declaration of Conformity &#8211; Phoenix Inverter VE.Direct 250VA &#8211; 1200VA (Certificate)<\/a><\/p>\n<p><a title=\"ISO9001 certificate\" href=\"https:\/\/www.victronenergy.com\/upload\/documents\/ISO9001-certificate-2018.pdf\"><img decoding=\"async\" style=\"margin-right: 5px;\" src=\"\/wp-content\/uploads\/2020\/08\/doc_certificate.png\" \/> ISO9001 certificate (Certificate)<\/a><\/p>\n<p><a title=\"Phoenix Inverter VE.Direct 12V 1200VA \" href=\"https:\/\/www.victronenergy.com\/upload\/documents\/Phoenix-Inverter-12V-1200VA-VE.Direct-(PDF).PDF\"><img decoding=\"async\" style=\"margin-right: 5px;\" src=\"\/wp-content\/uploads\/2020\/08\/doc_enclosure_dimensions.png\" \/> Phoenix Inverter VE.Direct 12V 1200VA (Enclosure dimension)<\/a><\/p>\n<p><a title=\"Phoenix Inverter VE.Direct 12V 1200VA (3D)\" href=\"https:\/\/www.victronenergy.com\/upload\/documents\/Phoenix-Inverter-12V-1200VA-VE.Direct-(3D).PDF\"><img decoding=\"async\" style=\"margin-right: 5px;\" src=\"\/wp-content\/uploads\/2020\/08\/doc_enclosure_dimensions.png\" \/> Phoenix Inverter VE.Direct 12V 1200VA (3D) (Enclosure dimension)<\/a><\/p>\n<p><a title=\"Phoenix Inverter VE.Direct 12V 1200VA (stp)\" href=\"https:\/\/www.victronenergy.com\/upload\/documents\/Phoenix-Inverter-12V-1200VA-VE.Direct-(STP).STEP\"><img decoding=\"async\" style=\"margin-right: 5px;\" src=\"\/wp-content\/uploads\/2020\/08\/doc_enclosure_dimensions.png\" \/> Phoenix Inverter VE.Direct 12V 1200VA (stp) (Enclosure dimension)<\/a><\/p>\n<p><a title=\"Phoenix Inverter VE.Direct 12V 800VA \" href=\"https:\/\/www.victronenergy.com\/upload\/documents\/Phoenix-Inverter-12V-800VA-VE.Direct.pdf\"><img decoding=\"async\" style=\"margin-right: 5px;\" src=\"\/wp-content\/uploads\/2020\/08\/doc_enclosure_dimensions.png\" \/> Phoenix Inverter VE.Direct 12V 800VA (Enclosure dimension)<\/a><\/p>\n<p><a title=\"Phoenix Inverter VE.Direct 12V 800VA (3D)\" href=\"https:\/\/www.victronenergy.com\/upload\/documents\/Phoenix-Inverter-12V-800VA-VE.Direct-(3D).pdf\"><img decoding=\"async\" style=\"margin-right: 5px;\" src=\"\/wp-content\/uploads\/2020\/08\/doc_enclosure_dimensions.png\" \/> Phoenix Inverter VE.Direct 12V 800VA (3D) (Enclosure dimension)<\/a><\/p>\n<p><a title=\"Phoenix Inverter VE.Direct 12V 800VA (stp)\" href=\"https:\/\/www.victronenergy.com\/upload\/documents\/Phoenix-Inverter-12V-800VA-VE.Direct-(stp).step\"><img decoding=\"async\" style=\"margin-right: 5px;\" src=\"\/wp-content\/uploads\/2020\/08\/doc_enclosure_dimensions.png\" \/> Phoenix Inverter VE.Direct 12V 800VA (stp) (Enclosure dimension)<\/a><\/p>\n<p><a title=\"Phoenix Inverter VE.Direct 12V\/24V\/48V 250VA \" href=\"https:\/\/www.victronenergy.com\/upload\/documents\/Phoenix-Inverter-12V-24V-48V-250VA-VE.Direct.PDF\"><img decoding=\"async\" style=\"margin-right: 5px;\" src=\"\/wp-content\/uploads\/2020\/08\/doc_enclosure_dimensions.png\" \/> Phoenix Inverter VE.Direct 12V\/24V\/48V 250VA (Enclosure dimension)<\/a><\/p>\n<p><a title=\"Phoenix Inverter VE.Direct 12V\/24V\/48V 250VA (3D)\" href=\"https:\/\/www.victronenergy.com\/upload\/documents\/Phoenix-Inverter-24V-48V-1200VA-VE.Direct-(3D).pdf\"><img decoding=\"async\" style=\"margin-right: 5px;\" src=\"\/wp-content\/uploads\/2020\/08\/doc_enclosure_dimensions.png\" \/> Phoenix Inverter VE.Direct 12V\/24V\/48V 250VA (3D) (Enclosure dimension)<\/a><\/p>\n<p><a title=\"Phoenix Inverter VE.Direct 12V\/24V\/48V 250VA (stp)\" href=\"https:\/\/www.victronenergy.com\/upload\/documents\/Phoenix-Inverter-24V-48V-1200VA-VE.Direct-(stp).step\"><img decoding=\"async\" style=\"margin-right: 5px;\" src=\"\/wp-content\/uploads\/2020\/08\/doc_enclosure_dimensions.png\" \/> Phoenix Inverter VE.Direct 12V\/24V\/48V 250VA (stp) (Enclosure dimension)<\/a><\/p>\n<p><a title=\"Phoenix Inverter VE.Direct 12V\/24V\/48V 500VA\" href=\"https:\/\/www.victronenergy.com\/upload\/documents\/Phoenix-Inverter-12V-24V-48V-500VA-VE.Direct.PDF\"><img decoding=\"async\" style=\"margin-right: 5px;\" src=\"\/wp-content\/uploads\/2020\/08\/doc_enclosure_dimensions.png\" \/> Phoenix Inverter VE.Direct 12V\/24V\/48V 500VA (Enclosure dimension)<\/a><\/p>\n<p><a title=\"Phoenix Inverter VE.Direct 12V\/24V\/48V 500VA (3D)\" href=\"https:\/\/www.victronenergy.com\/upload\/documents\/Phoenix-Inverter-12V-24V-48V-500VA-VE.Direct-(3D).PDF\"><img decoding=\"async\" style=\"margin-right: 5px;\" src=\"\/wp-content\/uploads\/2020\/08\/doc_enclosure_dimensions.png\" \/> Phoenix Inverter VE.Direct 12V\/24V\/48V 500VA (3D) (Enclosure dimension)<\/a><\/p>\n<p><a title=\"Phoenix Inverter VE.Direct 12V\/24V\/48V 500VA (stp)\" href=\"https:\/\/www.victronenergy.com\/upload\/documents\/Phoenix-Inverter-12V-24V-48V-500VA-VE.Direct-(stp).STEP\"><img decoding=\"async\" style=\"margin-right: 5px;\" src=\"\/wp-content\/uploads\/2020\/08\/doc_enclosure_dimensions.png\" \/> Phoenix Inverter VE.Direct 12V\/24V\/48V 500VA (stp) (Enclosure dimension)<\/a><\/p>\n<p><a title=\"Phoenix Inverter VE.Direct 24V\/48V 1200VA \" href=\"https:\/\/www.victronenergy.com\/upload\/documents\/Phoenix-Inverter-24V-48V-1200VA-VE.Direct.pdf\"><img decoding=\"async\" style=\"margin-right: 5px;\" src=\"\/wp-content\/uploads\/2020\/08\/doc_enclosure_dimensions.png\" \/> Phoenix Inverter VE.Direct 24V\/48V 1200VA (Enclosure dimension)<\/a><\/p>\n<p><a title=\"Phoenix Inverter VE.Direct 24V\/48V 1200VA \" href=\"https:\/\/www.victronenergy.com\/upload\/documents\/Phoenix-Inverter-24-48V-1200VA-VE.Direct-(PDF).PDF\"><img decoding=\"async\" style=\"margin-right: 5px;\" src=\"\/wp-content\/uploads\/2020\/08\/doc_enclosure_dimensions.png\" \/> Phoenix Inverter VE.Direct 24V\/48V 1200VA (Enclosure dimension)<\/a><\/p>\n<p><a title=\"Phoenix Inverter VE.Direct 24V\/48V 1200VA (3D)\" href=\"https:\/\/www.victronenergy.com\/upload\/documents\/Phoenix-Inverter-24V-48V-1200VA-VE.Direct-(3D).pdf\"><img decoding=\"async\" style=\"margin-right: 5px;\" src=\"\/wp-content\/uploads\/2020\/08\/doc_enclosure_dimensions.png\" \/> Phoenix Inverter VE.Direct 24V\/48V 1200VA (3D) (Enclosure dimension)<\/a><\/p>\n<p><a title=\"Phoenix Inverter VE.Direct 24V\/48V 1200VA (stp)\" href=\"https:\/\/www.victronenergy.com\/upload\/documents\/Phoenix-Inverter-24V-48V-1200VA-VE.Direct-(stp).step\"><img decoding=\"async\" style=\"margin-right: 5px;\" src=\"\/wp-content\/uploads\/2020\/08\/doc_enclosure_dimensions.png\" \/> Phoenix Inverter VE.Direct 24V\/48V 1200VA (stp) (Enclosure dimension)<\/a><\/p>\n<p><a title=\"Phoenix Inverter VE.Direct 24V\/48V 1200VA (3D)\" href=\"https:\/\/www.victronenergy.com\/upload\/documents\/Phoenix-Inverter-24-48V-1200VA-VE.Direct-(3D).PDF\"><img decoding=\"async\" style=\"margin-right: 5px;\" src=\"\/wp-content\/uploads\/2020\/08\/doc_enclosure_dimensions.png\" \/> Phoenix Inverter VE.Direct 24V\/48V 1200VA (3D) (Enclosure dimension)<\/a><\/p>\n<p><a title=\"Phoenix Inverter VE.Direct 24V\/48V 1200VA (stp)\" href=\"https:\/\/www.victronenergy.com\/upload\/documents\/Phoenix-Inverter-24-48V-1200VA-VE.Direct-(STP).STEP\"><img decoding=\"async\" style=\"margin-right: 5px;\" src=\"\/wp-content\/uploads\/2020\/08\/doc_enclosure_dimensions.png\" \/> Phoenix Inverter VE.Direct 24V\/48V 1200VA (stp) (Enclosure dimension)<\/a><\/p>\n<p><a title=\"Phoenix Inverter VE.Direct 24V\/48V 800VA \" href=\"https:\/\/www.victronenergy.com\/upload\/documents\/Phoenix-Inverter-24V-48V-800VA-VE.Direct.pdf\"><img decoding=\"async\" style=\"margin-right: 5px;\" src=\"\/wp-content\/uploads\/2020\/08\/doc_enclosure_dimensions.png\" \/> Phoenix Inverter VE.Direct 24V\/48V 800VA (Enclosure dimension)<\/a><\/p>\n<p><a title=\"Phoenix Inverter VE.Direct 24V\/48V 800VA\" href=\"https:\/\/www.victronenergy.com\/upload\/documents\/Phoenix-Inverter-24V-48V-800VA.pdf\"><img decoding=\"async\" style=\"margin-right: 5px;\" src=\"\/wp-content\/uploads\/2020\/08\/doc_enclosure_dimensions.png\" \/> Phoenix Inverter VE.Direct 24V\/48V 800VA (Enclosure dimension)<\/a><\/p>\n<p><a title=\"Phoenix Inverter VE.Direct 24V\/48V 800VA (3D)\" href=\"https:\/\/www.victronenergy.com\/upload\/documents\/Phoenix-Inverter-24V-48V-800VA-VE.Direct-(3D).pdf\"><img decoding=\"async\" style=\"margin-right: 5px;\" src=\"\/wp-content\/uploads\/2020\/08\/doc_enclosure_dimensions.png\" \/> Phoenix Inverter VE.Direct 24V\/48V 800VA (3D) (Enclosure dimension)<\/a><\/p>\n<p><a title=\"Phoenix Inverter VE.Direct 24V\/48V 800VA (stp)\" href=\"https:\/\/www.victronenergy.com\/upload\/documents\/Phoenix-Inverter-24V-48V-800VA-VE.Direct-(stp).step\"><img decoding=\"async\" style=\"margin-right: 5px;\" src=\"\/wp-content\/uploads\/2020\/08\/doc_enclosure_dimensions.png\" \/> Phoenix Inverter VE.Direct 24V\/48V 800VA (stp) (Enclosure dimension)<\/a><\/p>\n<p><a title=\"Phoenix Inverter VE.Direct 250VA - 1200VA \" href=\"https:\/\/www.victronenergy.com\/upload\/documents\/Manual-Phoenix-Inverter-VE.Direct-250VA-1200VA-EN-NL-FR-DE-ES-IT.pdf\"><img decoding=\"async\" style=\"margin-right: 5px;\" src=\"\/wp-content\/uploads\/2020\/08\/doc_manual.png\" \/> Phoenix Inverter VE.Direct 250VA &#8211; 1200VA (Manual)<\/a><\/p>\n<p><a title=\"Phoenix Inverter VE.Direct 250VA 375VA (3D)\" href=\"https:\/\/www.victronenergy.com\/upload\/documents\/Phoenix-Inverter-250VA-375VA_3D-view.pdf\"><img decoding=\"async\" style=\"margin-right: 5px;\" src=\"\/wp-content\/uploads\/2020\/08\/doc_enclosure_dimensions.png\" \/> Phoenix Inverter VE.Direct 250VA 375VA (3D) (Enclosure dimension)<\/a><\/p>\n<p><a title=\"Phoenix Inverter VE.Direct 250VA 375VA (stp)\" href=\"https:\/\/www.victronenergy.com\/upload\/documents\/Phoenix-Inverter-250VA-375VA-step-file.step\"><img decoding=\"async\" style=\"margin-right: 5px;\" src=\"\/wp-content\/uploads\/2020\/08\/doc_enclosure_dimensions.png\" \/> Phoenix Inverter VE.Direct 250VA 375VA (stp) (Enclosure dimension)<\/a><\/p>\n<p><a title=\"Phoenix Inverter VE.Direct 250VA 375VA (stp)\" href=\"https:\/\/www.victronenergy.com\/upload\/documents\/Phoenix-Inverter-250-375VA-housing.stp\"><img decoding=\"async\" style=\"margin-right: 5px;\" src=\"\/wp-content\/uploads\/2020\/08\/doc_enclosure_dimensions.png\" \/> Phoenix Inverter VE.Direct 250VA 375VA (stp) (Enclosure dimension)<\/a><\/p>\n<p><a title=\"VE.Direct HEX Protocol Phoenix Inverter\" href=\"https:\/\/www.victronenergy.com\/download-document\/5844\/VE.Direct-HEX-Protocol-Phoenix-Inverter.pdf\"><img decoding=\"async\" style=\"margin-right: 5px;\" src=\"\/wp-content\/uploads\/2020\/08\/doc_brochure.png\" \/> VE.Direct HEX Protocol Phoenix Inverter (Whitepaper)<\/a><\/p>\n<p><a title=\"VE.Direct drawing with Phoenix charger 12\/50-1 inverter 375W Li Batt miniBMS MPPT 100\/30 Orion-Tr Smart\" href=\"https:\/\/www.victronenergy.com\/upload\/documents\/VE-direct-drawing-with-Phoenix-charger-12-50-1-inverter-375W-Li-Batt-mini-BMS-MPPT-100-30-Orion-Tr-smart.pdf\"><img decoding=\"async\" style=\"margin-right: 5px;\" src=\"\/wp-content\/uploads\/2020\/08\/doc_schematics.png\" \/> VE.Direct drawing with Phoenix charger 12\/50-1 inverter 375W Li Batt miniBMS MPPT 100\/30 Orion-Tr Smart (System schematic)<\/a><\/p>\n<p><a title=\"VE.Direct drawing with Phoenix charger 12\/50-1 inverter 375W MPPT 100\/30\" href=\"https:\/\/www.victronenergy.com\/upload\/documents\/VE-direct-drawing-with-Phoenix-charger-12-50-1-inverter-375W-MPPT-100-30.pdf\"><img decoding=\"async\" style=\"margin-right: 5px;\" src=\"\/wp-content\/uploads\/2020\/08\/doc_schematics.png\" \/> VE.Direct drawing with Phoenix charger 12\/50-1 inverter 375W MPPT 100\/30 (System schematic)<\/a><\/p>\n<p><a title=\"VE.Direct drawing with Phoenix charger 12\/50-3 inverter 800W Bow thruster MPPT 100\/30\" href=\"https:\/\/www.victronenergy.com\/upload\/documents\/VE-direct-drawing-with-Phoenix-charger-12-50-3-inverter-800W-Bow-thruster-MPPT-100-30.pdf\"><img decoding=\"async\" style=\"margin-right: 5px;\" src=\"\/wp-content\/uploads\/2020\/08\/doc_schematics.png\" \/> VE.Direct drawing with Phoenix charger 12\/50-3 inverter 800W Bow thruster MPPT 100\/30 (System schematic)<\/a><\/p>","protected":false},"excerpt":{"rendered":"<p>Inverteri vam omogu\u0107uju da napajate ku\u0107nu opremu za koju je potreban 230V AC napon kori\u0161tenjem baterija napona 12 V, 24 V ili 48 V DC.<\/p>","protected":false},"featured_media":9355,"menu_order":472,"template":"","meta":[],"product_brand":[],"product_cat":[263],"product_tag":[],"class_list":{"0":"post-3859","1":"product","2":"type-product","3":"status-publish","4":"has-post-thumbnail","6":"product_cat-off-grid-inverters","7":"product_shipping_class-eu-available","9":"first","10":"instock","11":"taxable","12":"shipping-taxable","13":"purchasable","14":"product-type-simple"},"yoast_head":"<!-- This site is optimized with the Yoast SEO plugin v27.3 - https:\/\/yoast.com\/product\/yoast-seo-wordpress\/ -->\n<title>Inverter 12\/1200 230V VE.Direct SCHUKO - Energostore<\/title>\n<meta name=\"robots\" content=\"index, follow, max-snippet:-1, max-image-preview:large, max-video-preview:-1\" \/>\n<link rel=\"canonical\" href=\"https:\/\/energostore.com\/hr\/proizvod\/inverter-12-1200-230v-ve-direct-schuko\/\" \/>\n<meta property=\"og:locale\" content=\"hr_HR\" \/>\n<meta property=\"og:type\" content=\"article\" \/>\n<meta property=\"og:title\" content=\"Inverter 12\/1200 230V VE.Direct SCHUKO - Energostore\" \/>\n<meta property=\"og:description\" content=\"Inverters allow you to power domestic equipment - requiring 230V\/120V AC - using &#039;leisure&#039; or &#039;automotive&#039; batteries rated at 12V, 24V or 48V DC.\" \/>\n<meta property=\"og:url\" content=\"https:\/\/energostore.com\/hr\/proizvod\/inverter-12-1200-230v-ve-direct-schuko\/\" \/>\n<meta property=\"og:site_name\" content=\"Energostore\" \/>\n<meta property=\"article:modified_time\" content=\"2026-04-01T07:04:19+00:00\" \/>\n<meta property=\"og:image\" content=\"https:\/\/energostore.com\/wp-content\/uploads\/2020\/07\/phoenix-inverter-12-1200.webp\" \/>\n\t<meta property=\"og:image:width\" content=\"900\" \/>\n\t<meta property=\"og:image:height\" content=\"561\" \/>\n\t<meta property=\"og:image:type\" content=\"image\/webp\" \/>\n<meta name=\"twitter:card\" content=\"summary_large_image\" \/>\n<meta name=\"twitter:label1\" content=\"Procijenjeno vrijeme \u010ditanja\" \/>\n\t<meta name=\"twitter:data1\" content=\"10 minuta\" \/>\n<script type=\"application\/ld+json\" class=\"yoast-schema-graph\">{\"@context\":\"https:\\\/\\\/schema.org\",\"@graph\":[{\"@type\":\"WebPage\",\"@id\":\"https:\\\/\\\/energostore.com\\\/product\\\/inverter-12-1200-230v-ve-direct-schuko\\\/\",\"url\":\"https:\\\/\\\/energostore.com\\\/product\\\/inverter-12-1200-230v-ve-direct-schuko\\\/\",\"name\":\"Inverter 12\\\/1200 230V VE.Direct SCHUKO - Energostore\",\"isPartOf\":{\"@id\":\"https:\\\/\\\/energostore.com\\\/hr\\\/#website\"},\"primaryImageOfPage\":{\"@id\":\"https:\\\/\\\/energostore.com\\\/product\\\/inverter-12-1200-230v-ve-direct-schuko\\\/#primaryimage\"},\"image\":{\"@id\":\"https:\\\/\\\/energostore.com\\\/product\\\/inverter-12-1200-230v-ve-direct-schuko\\\/#primaryimage\"},\"thumbnailUrl\":\"https:\\\/\\\/energostore.com\\\/wp-content\\\/uploads\\\/2020\\\/07\\\/phoenix-inverter-12-1200.webp\",\"datePublished\":\"2020-07-07T09:01:09+00:00\",\"dateModified\":\"2026-04-01T07:04:19+00:00\",\"breadcrumb\":{\"@id\":\"https:\\\/\\\/energostore.com\\\/product\\\/inverter-12-1200-230v-ve-direct-schuko\\\/#breadcrumb\"},\"inLanguage\":\"hr\",\"potentialAction\":[{\"@type\":\"ReadAction\",\"target\":[\"https:\\\/\\\/energostore.com\\\/product\\\/inverter-12-1200-230v-ve-direct-schuko\\\/\"]}]},{\"@type\":\"ImageObject\",\"inLanguage\":\"hr\",\"@id\":\"https:\\\/\\\/energostore.com\\\/product\\\/inverter-12-1200-230v-ve-direct-schuko\\\/#primaryimage\",\"url\":\"https:\\\/\\\/energostore.com\\\/wp-content\\\/uploads\\\/2020\\\/07\\\/phoenix-inverter-12-1200.webp\",\"contentUrl\":\"https:\\\/\\\/energostore.com\\\/wp-content\\\/uploads\\\/2020\\\/07\\\/phoenix-inverter-12-1200.webp\",\"width\":900,\"height\":561,\"caption\":\"phoenix-inverter-12-1200\"},{\"@type\":\"BreadcrumbList\",\"@id\":\"https:\\\/\\\/energostore.com\\\/product\\\/inverter-12-1200-230v-ve-direct-schuko\\\/#breadcrumb\",\"itemListElement\":[{\"@type\":\"ListItem\",\"position\":1,\"name\":\"Home\",\"item\":\"https:\\\/\\\/energostore.com\\\/\"},{\"@type\":\"ListItem\",\"position\":2,\"name\":\"Shop\",\"item\":\"https:\\\/\\\/energostore.com\\\/hr\\\/shop\\\/\"},{\"@type\":\"ListItem\",\"position\":3,\"name\":\"Inverter 12\\\/1200 230V VE.Direct SCHUKO\"}]},{\"@type\":\"WebSite\",\"@id\":\"https:\\\/\\\/energostore.com\\\/hr\\\/#website\",\"url\":\"https:\\\/\\\/energostore.com\\\/hr\\\/\",\"name\":\"Energostore\",\"description\":\"Solar products online store\",\"publisher\":{\"@id\":\"https:\\\/\\\/energostore.com\\\/hr\\\/#organization\"},\"potentialAction\":[{\"@type\":\"SearchAction\",\"target\":{\"@type\":\"EntryPoint\",\"urlTemplate\":\"https:\\\/\\\/energostore.com\\\/hr\\\/?s={search_term_string}\"},\"query-input\":{\"@type\":\"PropertyValueSpecification\",\"valueRequired\":true,\"valueName\":\"search_term_string\"}}],\"inLanguage\":\"hr\"},{\"@type\":\"Organization\",\"@id\":\"https:\\\/\\\/energostore.com\\\/hr\\\/#organization\",\"name\":\"Energostore\",\"url\":\"https:\\\/\\\/energostore.com\\\/hr\\\/\",\"logo\":{\"@type\":\"ImageObject\",\"inLanguage\":\"hr\",\"@id\":\"https:\\\/\\\/energostore.com\\\/hr\\\/#\\\/schema\\\/logo\\\/image\\\/\",\"url\":\"https:\\\/\\\/energostore.com\\\/wp-content\\\/uploads\\\/2020\\\/07\\\/energostore_logo.png\",\"contentUrl\":\"https:\\\/\\\/energostore.com\\\/wp-content\\\/uploads\\\/2020\\\/07\\\/energostore_logo.png\",\"width\":517,\"height\":100,\"caption\":\"Energostore\"},\"image\":{\"@id\":\"https:\\\/\\\/energostore.com\\\/hr\\\/#\\\/schema\\\/logo\\\/image\\\/\"}}]}<\/script>\n<!-- \/ Yoast SEO plugin. -->","yoast_head_json":{"title":"Inverter 12\/1200 230V VE.Direct SCHUKO - Energostore","robots":{"index":"index","follow":"follow","max-snippet":"max-snippet:-1","max-image-preview":"max-image-preview:large","max-video-preview":"max-video-preview:-1"},"canonical":"https:\/\/energostore.com\/hr\/proizvod\/inverter-12-1200-230v-ve-direct-schuko\/","og_locale":"hr_HR","og_type":"article","og_title":"Inverter 12\/1200 230V VE.Direct SCHUKO - Energostore","og_description":"Inverters allow you to power domestic equipment - requiring 230V\/120V AC - using 'leisure' or 'automotive' batteries rated at 12V, 24V or 48V DC.","og_url":"https:\/\/energostore.com\/hr\/proizvod\/inverter-12-1200-230v-ve-direct-schuko\/","og_site_name":"Energostore","article_modified_time":"2026-04-01T07:04:19+00:00","og_image":[{"width":900,"height":561,"url":"https:\/\/energostore.com\/wp-content\/uploads\/2020\/07\/phoenix-inverter-12-1200.webp","type":"image\/webp"}],"twitter_card":"summary_large_image","twitter_misc":{"Procijenjeno vrijeme \u010ditanja":"10 minuta"},"schema":{"@context":"https:\/\/schema.org","@graph":[{"@type":"WebPage","@id":"https:\/\/energostore.com\/product\/inverter-12-1200-230v-ve-direct-schuko\/","url":"https:\/\/energostore.com\/product\/inverter-12-1200-230v-ve-direct-schuko\/","name":"Inverter 12\/1200 230V VE.Direct SCHUKO - Energostore","isPartOf":{"@id":"https:\/\/energostore.com\/hr\/#website"},"primaryImageOfPage":{"@id":"https:\/\/energostore.com\/product\/inverter-12-1200-230v-ve-direct-schuko\/#primaryimage"},"image":{"@id":"https:\/\/energostore.com\/product\/inverter-12-1200-230v-ve-direct-schuko\/#primaryimage"},"thumbnailUrl":"https:\/\/energostore.com\/wp-content\/uploads\/2020\/07\/phoenix-inverter-12-1200.webp","datePublished":"2020-07-07T09:01:09+00:00","dateModified":"2026-04-01T07:04:19+00:00","breadcrumb":{"@id":"https:\/\/energostore.com\/product\/inverter-12-1200-230v-ve-direct-schuko\/#breadcrumb"},"inLanguage":"hr","potentialAction":[{"@type":"ReadAction","target":["https:\/\/energostore.com\/product\/inverter-12-1200-230v-ve-direct-schuko\/"]}]},{"@type":"ImageObject","inLanguage":"hr","@id":"https:\/\/energostore.com\/product\/inverter-12-1200-230v-ve-direct-schuko\/#primaryimage","url":"https:\/\/energostore.com\/wp-content\/uploads\/2020\/07\/phoenix-inverter-12-1200.webp","contentUrl":"https:\/\/energostore.com\/wp-content\/uploads\/2020\/07\/phoenix-inverter-12-1200.webp","width":900,"height":561,"caption":"phoenix-inverter-12-1200"},{"@type":"BreadcrumbList","@id":"https:\/\/energostore.com\/product\/inverter-12-1200-230v-ve-direct-schuko\/#breadcrumb","itemListElement":[{"@type":"ListItem","position":1,"name":"Home","item":"https:\/\/energostore.com\/"},{"@type":"ListItem","position":2,"name":"Shop","item":"https:\/\/energostore.com\/hr\/shop\/"},{"@type":"ListItem","position":3,"name":"Inverter 12\/1200 230V VE.Direct SCHUKO"}]},{"@type":"WebSite","@id":"https:\/\/energostore.com\/hr\/#website","url":"https:\/\/energostore.com\/hr\/","name":"Energostore","description":"Solar products online store","publisher":{"@id":"https:\/\/energostore.com\/hr\/#organization"},"potentialAction":[{"@type":"SearchAction","target":{"@type":"EntryPoint","urlTemplate":"https:\/\/energostore.com\/hr\/?s={search_term_string}"},"query-input":{"@type":"PropertyValueSpecification","valueRequired":true,"valueName":"search_term_string"}}],"inLanguage":"hr"},{"@type":"Organization","@id":"https:\/\/energostore.com\/hr\/#organization","name":"Energostore","url":"https:\/\/energostore.com\/hr\/","logo":{"@type":"ImageObject","inLanguage":"hr","@id":"https:\/\/energostore.com\/hr\/#\/schema\/logo\/image\/","url":"https:\/\/energostore.com\/wp-content\/uploads\/2020\/07\/energostore_logo.png","contentUrl":"https:\/\/energostore.com\/wp-content\/uploads\/2020\/07\/energostore_logo.png","width":517,"height":100,"caption":"Energostore"},"image":{"@id":"https:\/\/energostore.com\/hr\/#\/schema\/logo\/image\/"}}]}},"_links":{"self":[{"href":"https:\/\/energostore.com\/hr\/wp-json\/wp\/v2\/product\/3859","targetHints":{"allow":["GET"]}}],"collection":[{"href":"https:\/\/energostore.com\/hr\/wp-json\/wp\/v2\/product"}],"about":[{"href":"https:\/\/energostore.com\/hr\/wp-json\/wp\/v2\/types\/product"}],"version-history":[{"count":3,"href":"https:\/\/energostore.com\/hr\/wp-json\/wp\/v2\/product\/3859\/revisions"}],"predecessor-version":[{"id":11201,"href":"https:\/\/energostore.com\/hr\/wp-json\/wp\/v2\/product\/3859\/revisions\/11201"}],"wp:featuredmedia":[{"embeddable":true,"href":"https:\/\/energostore.com\/hr\/wp-json\/wp\/v2\/media\/9355"}],"wp:attachment":[{"href":"https:\/\/energostore.com\/hr\/wp-json\/wp\/v2\/media?parent=3859"}],"wp:term":[{"taxonomy":"product_brand","embeddable":true,"href":"https:\/\/energostore.com\/hr\/wp-json\/wp\/v2\/product_brand?post=3859"},{"taxonomy":"product_cat","embeddable":true,"href":"https:\/\/energostore.com\/hr\/wp-json\/wp\/v2\/product_cat?post=3859"},{"taxonomy":"product_tag","embeddable":true,"href":"https:\/\/energostore.com\/hr\/wp-json\/wp\/v2\/product_tag?post=3859"}],"curies":[{"name":"wp","href":"https:\/\/api.w.org\/{rel}","templated":true}]}}