{"id":3809,"date":"2020-07-07T09:00:11","date_gmt":"2020-07-07T09:00:11","guid":{"rendered":"https:\/\/energostore.com\/product\/phoenix-inverter-compact-12-1600-230v-ve-bus\/"},"modified":"2026-04-01T07:04:19","modified_gmt":"2026-04-01T07:04:19","slug":"inverter-compact-12-1600-230v-ve-bus","status":"publish","type":"product","link":"https:\/\/energostore.com\/hr\/proizvod\/inverter-compact-12-1600-230v-ve-bus\/","title":{"rendered":"Inverter Compact 12\/1600 230V VE.Bus"},"content":{"rendered":"<p>Phoenix Inverter Compact \u010disti je sinusni pretvara\u010d napona visoke u\u010dinkovitosti. Razvijen je za profesionalne zadatke i prikladan za \u0161irok raspon primjena.<br \/>\nPhoenix Inverters Compact dostupni su od 1200VA do 2000VA u 12V ili 24V.<\/p>\n<h1>Datasheet<\/h1>\n<p><a title=\"Phoenix Inverter 1200VA - 5000VA\" href=\"https:\/\/www.victronenergy.com\/upload\/documents\/Datasheet-Phoenix-Inverter-1200VA-5000VA-EN.pdf\"><img decoding=\"async\" style=\"margin-right: 5px;\" src=\"\/wp-content\/uploads\/2020\/08\/doc_datasheet.png\" \/> Phoenix Inverter 1200VA &#8211; 5000VA<\/a><\/p>\n<h4>Dokumenti<\/h4>\n<p><a title=\"Phoenix Inverter Compact 12V \/ 24V 2000VA\" href=\"https:\/\/www.victronenergy.com\/upload\/documents\/Phoenix-Inverter-Compact-12V-24V-2000VA.pdf\"><img decoding=\"async\" style=\"margin-right: 5px;\" src=\"\/wp-content\/uploads\/2020\/08\/doc_enclosure_dimensions.png\" \/> Phoenix Inverter Compact 12V \/ 24V 2000VA (Enclosure dimension)<\/a><\/p>\n<p><a title=\"Phoenix Inverter Compact 12V \/ 24V 2000VA (3D)\" href=\"https:\/\/www.victronenergy.com\/upload\/documents\/Phoenix-Inverter-Compact-12V-24V-2000VA-(3D).pdf\"><img decoding=\"async\" style=\"margin-right: 5px;\" src=\"\/wp-content\/uploads\/2020\/08\/doc_enclosure_dimensions.png\" \/> Phoenix Inverter Compact 12V \/ 24V 2000VA (3D) (Enclosure dimension)<\/a><\/p>\n<p><a title=\"Phoenix Inverter Compact 12V \/ 24V 2000VA (stp)\" href=\"https:\/\/www.victronenergy.com\/upload\/documents\/Phoenix-Inverter-Compact-12V-24V-2000VA-(stp).STEP\"><img decoding=\"async\" style=\"margin-right: 5px;\" src=\"\/wp-content\/uploads\/2020\/08\/doc_enclosure_dimensions.png\" \/> Phoenix Inverter Compact 12V \/ 24V 2000VA (stp) (Enclosure dimension)<\/a><\/p>\n<p><a title=\"Certificate Automotive ECE R10-4 - 12V MultiPlus Compact &amp; Inverters 2000VA\" href=\"https:\/\/www.victronenergy.com\/upload\/documents\/Certificate-Automotive-ECE-R10-4-12V-MultiPlus-Compact-&amp;-Inverter-2000VA.pdf\"><img decoding=\"async\" style=\"margin-right: 5px;\" src=\"\/wp-content\/uploads\/2020\/08\/doc_certificate.png\" \/> Certificate Automotive ECE R10-4 &#8211; 12V MultiPlus Compact &amp; Inverters 2000VA (Certificate)<\/a><\/p>\n<p><a title=\"Certificate Automotive ECE R10-4 - 24V MultiPlus Compact &amp; Inverter 2000VA\" href=\"https:\/\/www.victronenergy.com\/upload\/documents\/Certificate-Automotive-ECE-R10-4-24V-MultiPlus-Compact-&amp;-Inverter-2000VA.pdf\"><img decoding=\"async\" style=\"margin-right: 5px;\" src=\"\/wp-content\/uploads\/2020\/08\/doc_certificate.png\" \/> Certificate Automotive ECE R10-4 &#8211; 24V MultiPlus Compact &amp; Inverter 2000VA (Certificate)<\/a><\/p>\n<p><a title=\"Certificate Automotive ECE R10-4 - 24V MultiPlus Compacts &amp; Inverters\" href=\"https:\/\/www.victronenergy.com\/upload\/documents\/Certificate-Automotive-E4-10R-24V-MultiPlus-Compacts-&amp;-Inverters.pdf\"><img decoding=\"async\" style=\"margin-right: 5px;\" src=\"\/wp-content\/uploads\/2020\/08\/doc_certificate.png\" \/> Certificate Automotive ECE R10-4 &#8211; 24V MultiPlus Compacts &amp; Inverters (Certificate)<\/a><\/p>\n<p><a title=\"Certificate Safety IEC 60335-1 - 19 interfaces\" href=\"https:\/\/www.victronenergy.com\/upload\/documents\/Certificate-Safety-IEC-60335-1-19-interfaces.pdf\"><img decoding=\"async\" style=\"margin-right: 5px;\" src=\"\/wp-content\/uploads\/2020\/08\/doc_certificate.png\" \/> Certificate Safety IEC 60335-1 &#8211; 19 interfaces (Certificate)<\/a><\/p>\n<p><a title=\"Declaration of Conformity - Phoenix Inverter 1200VA \u2013 5000VA \" href=\"https:\/\/www.victronenergy.com\/upload\/documents\/Phoenix-Inverter-1200VA--5000VA-2019-07-18.pdf\"><img decoding=\"async\" style=\"margin-right: 5px;\" src=\"\/wp-content\/uploads\/2020\/08\/doc_certificate.png\" \/> Declaration of Conformity &#8211; Phoenix Inverter 1200VA \u2013 5000VA (Certificate)<\/a><\/p>\n<p><a title=\"ISO9001 certificate\" href=\"https:\/\/www.victronenergy.com\/upload\/documents\/ISO9001-certificate-2018.pdf\"><img decoding=\"async\" style=\"margin-right: 5px;\" src=\"\/wp-content\/uploads\/2020\/08\/doc_certificate.png\" \/> ISO9001 certificate (Certificate)<\/a><\/p>\n<p><a title=\"Phoenix Inverter Compact\" href=\"https:\/\/www.victronenergy.com\/upload\/documents\/Tech_PhoenixIn_MultiCompact.dwg\"><img decoding=\"async\" style=\"margin-right: 5px;\" src=\"\/wp-content\/uploads\/2020\/08\/doc_enclosure_dimensions.png\" \/> Phoenix Inverter Compact (Enclosure dimension)<\/a><\/p>\n<p><a title=\"Phoenix Inverter Compact\" href=\"https:\/\/www.victronenergy.com\/upload\/documents\/Tech_PhoenixInMultiCompact.pdf\"><img decoding=\"async\" style=\"margin-right: 5px;\" src=\"\/wp-content\/uploads\/2020\/08\/doc_enclosure_dimensions.png\" \/> Phoenix Inverter Compact (Enclosure dimension)<\/a><\/p>\n<p><a title=\"Phoenix Inverter Compact 12\/24V 1200VA 1600VA\" href=\"https:\/\/www.victronenergy.com\/upload\/documents\/Quick-Install-Guide-Compact-Phoenix-Inverter-12V-24V-1200VA-1600VA-EN.pdf\"><img style=\"margin-right: 5px;\" \/> Phoenix Inverter Compact 12\/24V 1200VA 1600VA (Quick installation guide)<\/a><\/p>\n<p><a title=\"Phoenix Inverter Compact 12\/24V 2000VA\" href=\"https:\/\/www.victronenergy.com\/upload\/documents\/Quick-Install-Guide-Compact-Phoenix-Inverter-12V-24V-2000VA-EN.pdf\"><img style=\"margin-right: 5px;\" \/> Phoenix Inverter Compact 12\/24V 2000VA (Quick installation guide)<\/a><\/p>\n<p><a title=\"Phoenix Inverter Compact 1200 1600 \" href=\"https:\/\/www.victronenergy.com\/upload\/documents\/Manual-Phoenix-Inverter-Compact-1200-1600-EN-NL-FR-DE-ES-IT.pdf\"><img decoding=\"async\" style=\"margin-right: 5px;\" src=\"\/wp-content\/uploads\/2020\/08\/doc_manual.png\" \/> Phoenix Inverter Compact 1200 1600 (Manual)<\/a><\/p>\n<p><a title=\"Phoenix Inverter Compact 12V 1200VA\" href=\"https:\/\/www.victronenergy.com\/upload\/documents\/Phoenix_Inverter_C_12-1200.pdf\"><img decoding=\"async\" style=\"margin-right: 5px;\" src=\"\/wp-content\/uploads\/2020\/08\/doc_enclosure_dimensions.png\" \/> Phoenix Inverter Compact 12V 1200VA (Enclosure dimension)<\/a><\/p>\n<p><a title=\"Phoenix Inverter Compact 12V 1200VA (3D)\" href=\"https:\/\/www.victronenergy.com\/upload\/documents\/Phoenix_Inverter_C_12-1200.3dm\"><img decoding=\"async\" style=\"margin-right: 5px;\" src=\"\/wp-content\/uploads\/2020\/08\/doc_enclosure_dimensions.png\" \/> Phoenix Inverter Compact 12V 1200VA (3D) (Enclosure dimension)<\/a><\/p>\n<p><a title=\"Phoenix Inverter Compact 12V 1200VA (stp)\" href=\"https:\/\/www.victronenergy.com\/upload\/documents\/Phoenix_Inverter_C_12-1200.stp\"><img decoding=\"async\" style=\"margin-right: 5px;\" src=\"\/wp-content\/uploads\/2020\/08\/doc_enclosure_dimensions.png\" \/> Phoenix Inverter Compact 12V 1200VA (stp) (Enclosure dimension)<\/a><\/p>\n<p><a title=\"Phoenix Inverter Compact 12V 1600VA (3D)\" href=\"https:\/\/www.victronenergy.com\/upload\/documents\/Phoenix_Inverter_C_12-1600.3dm\"><img decoding=\"async\" style=\"margin-right: 5px;\" src=\"\/wp-content\/uploads\/2020\/08\/doc_enclosure_dimensions.png\" \/> Phoenix Inverter Compact 12V 1600VA (3D) (Enclosure dimension)<\/a><\/p>\n<p><a title=\"Phoenix Inverter Compact 2000VA\" href=\"https:\/\/www.victronenergy.com\/upload\/documents\/Manual-Phoenix-Inverter-Compact-2000-EN-NL-FR-DE-ES-SE-IT.pdf\"><img decoding=\"async\" style=\"margin-right: 5px;\" src=\"\/wp-content\/uploads\/2020\/08\/doc_manual.png\" \/> Phoenix Inverter Compact 2000VA (Manual)<\/a><\/p>\n<p><a title=\"Phoenix Inverter Compact 24V 1200VA\" href=\"https:\/\/www.victronenergy.com\/upload\/documents\/Phoenix_Inverter_C_24-1200.pdf\"><img decoding=\"async\" style=\"margin-right: 5px;\" src=\"\/wp-content\/uploads\/2020\/08\/doc_enclosure_dimensions.png\" \/> Phoenix Inverter Compact 24V 1200VA (Enclosure dimension)<\/a><\/p>\n<p><a title=\"Phoenix Inverter Compact 24V 1200VA (3D)\" href=\"https:\/\/www.victronenergy.com\/upload\/documents\/Phoenix_Inverter_C_24-1200.3dm\"><img decoding=\"async\" style=\"margin-right: 5px;\" src=\"\/wp-content\/uploads\/2020\/08\/doc_enclosure_dimensions.png\" \/> Phoenix Inverter Compact 24V 1200VA (3D) (Enclosure dimension)<\/a><\/p>\n<p><a title=\"Phoenix Inverter Compact 24V 1200VA (stp)\" href=\"https:\/\/www.victronenergy.com\/upload\/documents\/Phoenix_Inverter_C_24-1200.stp\"><img decoding=\"async\" style=\"margin-right: 5px;\" src=\"\/wp-content\/uploads\/2020\/08\/doc_enclosure_dimensions.png\" \/> Phoenix Inverter Compact 24V 1200VA (stp) (Enclosure dimension)<\/a><\/p>\n<p><a title=\"Phoenix Inverter Compact 24V 1600VA (3D)\" href=\"https:\/\/www.victronenergy.com\/upload\/documents\/Phoenix_Inverter_C_24-1600.3dm\"><img decoding=\"async\" style=\"margin-right: 5px;\" src=\"\/wp-content\/uploads\/2020\/08\/doc_enclosure_dimensions.png\" \/> Phoenix Inverter Compact 24V 1600VA (3D) (Enclosure dimension)<\/a><\/p>\n<p><a title=\"Phoenix Inverter Compact 24V 1600VA (stp)\" href=\"https:\/\/www.victronenergy.com\/upload\/documents\/Phoenix_Inverter_C_12-1600.stp\"><img decoding=\"async\" style=\"margin-right: 5px;\" src=\"\/wp-content\/uploads\/2020\/08\/doc_enclosure_dimensions.png\" \/> Phoenix Inverter Compact 24V 1600VA (stp) (Enclosure dimension)<\/a><\/p>\n<p><a title=\"VE.Bus Error Codes\" href=\"https:\/\/www.victronenergy.com\/live\/ve.bus:ve.bus_error_codes\"><img decoding=\"async\" style=\"margin-right: 5px;\" src=\"\/wp-content\/uploads\/2020\/08\/doc_manual.png\" \/> VE.Bus Error Codes (Manual)<\/a><\/p>","protected":false},"excerpt":{"rendered":"<p>Phoenix Inverter Compact \u010disti je sinusni pretvara\u010d napona visoke u\u010dinkovitosti. Razvijen je za profesionalne zadatke i prikladan za \u0161irok raspon primjena.<br \/>\nPhoenix Inverters Compact dostupni su od 1200VA do 2000VA u 12V ili 24V.<\/p>","protected":false},"featured_media":3808,"menu_order":505,"template":"","meta":[],"product_brand":[],"product_cat":[263],"product_tag":[],"class_list":{"0":"post-3809","1":"product","2":"type-product","3":"status-publish","4":"has-post-thumbnail","6":"product_cat-off-grid-inverters","7":"product_shipping_class-eu-available","9":"first","10":"onbackorder","11":"taxable","12":"shipping-taxable","13":"purchasable","14":"product-type-simple"},"yoast_head":"<!-- This site is optimized with the Yoast SEO plugin v27.3 - https:\/\/yoast.com\/product\/yoast-seo-wordpress\/ -->\n<title>Inverter Compact 12\/1600 230V VE.Bus - Energostore<\/title>\n<meta name=\"robots\" content=\"index, follow, max-snippet:-1, max-image-preview:large, max-video-preview:-1\" \/>\n<link rel=\"canonical\" href=\"https:\/\/energostore.com\/hr\/proizvod\/inverter-compact-12-1600-230v-ve-bus\/\" \/>\n<meta property=\"og:locale\" content=\"hr_HR\" \/>\n<meta property=\"og:type\" content=\"article\" \/>\n<meta property=\"og:title\" content=\"Inverter Compact 12\/1600 230V VE.Bus - Energostore\" \/>\n<meta property=\"og:description\" content=\"The Phoenix Inverter Compact is a pure sine wave inverter with a high efficiency. It is developed for professional duty and suitable for the wide range of applications. The Phoenix Inverters Compact is available from 1200VA up to 2000VA in 12V or 24V.\" \/>\n<meta property=\"og:url\" content=\"https:\/\/energostore.com\/hr\/proizvod\/inverter-compact-12-1600-230v-ve-bus\/\" \/>\n<meta property=\"og:site_name\" content=\"Energostore\" \/>\n<meta property=\"article:modified_time\" content=\"2026-04-01T07:04:19+00:00\" \/>\n<meta property=\"og:image\" content=\"https:\/\/energostore.com\/wp-content\/uploads\/2020\/07\/317_764_20180705161910-7.png\" \/>\n\t<meta property=\"og:image:width\" content=\"720\" \/>\n\t<meta property=\"og:image:height\" content=\"800\" \/>\n\t<meta property=\"og:image:type\" content=\"image\/png\" \/>\n<meta name=\"twitter:card\" content=\"summary_large_image\" \/>\n<meta name=\"twitter:label1\" content=\"Procijenjeno vrijeme \u010ditanja\" \/>\n\t<meta name=\"twitter:data1\" content=\"1 minuta\" \/>\n<script type=\"application\/ld+json\" class=\"yoast-schema-graph\">{\"@context\":\"https:\\\/\\\/schema.org\",\"@graph\":[{\"@type\":\"WebPage\",\"@id\":\"https:\\\/\\\/energostore.com\\\/product\\\/inverter-compact-12-1600-230v-ve-bus\\\/\",\"url\":\"https:\\\/\\\/energostore.com\\\/product\\\/inverter-compact-12-1600-230v-ve-bus\\\/\",\"name\":\"Inverter Compact 12\\\/1600 230V VE.Bus - Energostore\",\"isPartOf\":{\"@id\":\"https:\\\/\\\/energostore.com\\\/hr\\\/#website\"},\"primaryImageOfPage\":{\"@id\":\"https:\\\/\\\/energostore.com\\\/product\\\/inverter-compact-12-1600-230v-ve-bus\\\/#primaryimage\"},\"image\":{\"@id\":\"https:\\\/\\\/energostore.com\\\/product\\\/inverter-compact-12-1600-230v-ve-bus\\\/#primaryimage\"},\"thumbnailUrl\":\"https:\\\/\\\/energostore.com\\\/wp-content\\\/uploads\\\/2020\\\/07\\\/317_764_20180705161910-7.png\",\"datePublished\":\"2020-07-07T09:00:11+00:00\",\"dateModified\":\"2026-04-01T07:04:19+00:00\",\"breadcrumb\":{\"@id\":\"https:\\\/\\\/energostore.com\\\/product\\\/inverter-compact-12-1600-230v-ve-bus\\\/#breadcrumb\"},\"inLanguage\":\"hr\",\"potentialAction\":[{\"@type\":\"ReadAction\",\"target\":[\"https:\\\/\\\/energostore.com\\\/product\\\/inverter-compact-12-1600-230v-ve-bus\\\/\"]}]},{\"@type\":\"ImageObject\",\"inLanguage\":\"hr\",\"@id\":\"https:\\\/\\\/energostore.com\\\/product\\\/inverter-compact-12-1600-230v-ve-bus\\\/#primaryimage\",\"url\":\"https:\\\/\\\/energostore.com\\\/wp-content\\\/uploads\\\/2020\\\/07\\\/317_764_20180705161910-7.png\",\"contentUrl\":\"https:\\\/\\\/energostore.com\\\/wp-content\\\/uploads\\\/2020\\\/07\\\/317_764_20180705161910-7.png\",\"width\":720,\"height\":800,\"caption\":\"Phoenix Inverter Compact 12\\\/1600 230V VE.Bus\"},{\"@type\":\"BreadcrumbList\",\"@id\":\"https:\\\/\\\/energostore.com\\\/product\\\/inverter-compact-12-1600-230v-ve-bus\\\/#breadcrumb\",\"itemListElement\":[{\"@type\":\"ListItem\",\"position\":1,\"name\":\"Home\",\"item\":\"https:\\\/\\\/energostore.com\\\/\"},{\"@type\":\"ListItem\",\"position\":2,\"name\":\"Shop\",\"item\":\"https:\\\/\\\/energostore.com\\\/hr\\\/shop\\\/\"},{\"@type\":\"ListItem\",\"position\":3,\"name\":\"Inverter Compact 12\\\/1600 230V VE.Bus\"}]},{\"@type\":\"WebSite\",\"@id\":\"https:\\\/\\\/energostore.com\\\/hr\\\/#website\",\"url\":\"https:\\\/\\\/energostore.com\\\/hr\\\/\",\"name\":\"Energostore\",\"description\":\"Solar products online store\",\"publisher\":{\"@id\":\"https:\\\/\\\/energostore.com\\\/hr\\\/#organization\"},\"potentialAction\":[{\"@type\":\"SearchAction\",\"target\":{\"@type\":\"EntryPoint\",\"urlTemplate\":\"https:\\\/\\\/energostore.com\\\/hr\\\/?s={search_term_string}\"},\"query-input\":{\"@type\":\"PropertyValueSpecification\",\"valueRequired\":true,\"valueName\":\"search_term_string\"}}],\"inLanguage\":\"hr\"},{\"@type\":\"Organization\",\"@id\":\"https:\\\/\\\/energostore.com\\\/hr\\\/#organization\",\"name\":\"Energostore\",\"url\":\"https:\\\/\\\/energostore.com\\\/hr\\\/\",\"logo\":{\"@type\":\"ImageObject\",\"inLanguage\":\"hr\",\"@id\":\"https:\\\/\\\/energostore.com\\\/hr\\\/#\\\/schema\\\/logo\\\/image\\\/\",\"url\":\"https:\\\/\\\/energostore.com\\\/wp-content\\\/uploads\\\/2020\\\/07\\\/energostore_logo.png\",\"contentUrl\":\"https:\\\/\\\/energostore.com\\\/wp-content\\\/uploads\\\/2020\\\/07\\\/energostore_logo.png\",\"width\":517,\"height\":100,\"caption\":\"Energostore\"},\"image\":{\"@id\":\"https:\\\/\\\/energostore.com\\\/hr\\\/#\\\/schema\\\/logo\\\/image\\\/\"}}]}<\/script>\n<!-- \/ Yoast SEO plugin. -->","yoast_head_json":{"title":"Inverter Compact 12\/1600 230V VE.Bus - Energostore","robots":{"index":"index","follow":"follow","max-snippet":"max-snippet:-1","max-image-preview":"max-image-preview:large","max-video-preview":"max-video-preview:-1"},"canonical":"https:\/\/energostore.com\/hr\/proizvod\/inverter-compact-12-1600-230v-ve-bus\/","og_locale":"hr_HR","og_type":"article","og_title":"Inverter Compact 12\/1600 230V VE.Bus - Energostore","og_description":"The Phoenix Inverter Compact is a pure sine wave inverter with a high efficiency. It is developed for professional duty and suitable for the wide range of applications. The Phoenix Inverters Compact is available from 1200VA up to 2000VA in 12V or 24V.","og_url":"https:\/\/energostore.com\/hr\/proizvod\/inverter-compact-12-1600-230v-ve-bus\/","og_site_name":"Energostore","article_modified_time":"2026-04-01T07:04:19+00:00","og_image":[{"width":720,"height":800,"url":"https:\/\/energostore.com\/wp-content\/uploads\/2020\/07\/317_764_20180705161910-7.png","type":"image\/png"}],"twitter_card":"summary_large_image","twitter_misc":{"Procijenjeno vrijeme \u010ditanja":"1 minuta"},"schema":{"@context":"https:\/\/schema.org","@graph":[{"@type":"WebPage","@id":"https:\/\/energostore.com\/product\/inverter-compact-12-1600-230v-ve-bus\/","url":"https:\/\/energostore.com\/product\/inverter-compact-12-1600-230v-ve-bus\/","name":"Inverter Compact 12\/1600 230V VE.Bus - Energostore","isPartOf":{"@id":"https:\/\/energostore.com\/hr\/#website"},"primaryImageOfPage":{"@id":"https:\/\/energostore.com\/product\/inverter-compact-12-1600-230v-ve-bus\/#primaryimage"},"image":{"@id":"https:\/\/energostore.com\/product\/inverter-compact-12-1600-230v-ve-bus\/#primaryimage"},"thumbnailUrl":"https:\/\/energostore.com\/wp-content\/uploads\/2020\/07\/317_764_20180705161910-7.png","datePublished":"2020-07-07T09:00:11+00:00","dateModified":"2026-04-01T07:04:19+00:00","breadcrumb":{"@id":"https:\/\/energostore.com\/product\/inverter-compact-12-1600-230v-ve-bus\/#breadcrumb"},"inLanguage":"hr","potentialAction":[{"@type":"ReadAction","target":["https:\/\/energostore.com\/product\/inverter-compact-12-1600-230v-ve-bus\/"]}]},{"@type":"ImageObject","inLanguage":"hr","@id":"https:\/\/energostore.com\/product\/inverter-compact-12-1600-230v-ve-bus\/#primaryimage","url":"https:\/\/energostore.com\/wp-content\/uploads\/2020\/07\/317_764_20180705161910-7.png","contentUrl":"https:\/\/energostore.com\/wp-content\/uploads\/2020\/07\/317_764_20180705161910-7.png","width":720,"height":800,"caption":"Phoenix Inverter Compact 12\/1600 230V VE.Bus"},{"@type":"BreadcrumbList","@id":"https:\/\/energostore.com\/product\/inverter-compact-12-1600-230v-ve-bus\/#breadcrumb","itemListElement":[{"@type":"ListItem","position":1,"name":"Home","item":"https:\/\/energostore.com\/"},{"@type":"ListItem","position":2,"name":"Shop","item":"https:\/\/energostore.com\/hr\/shop\/"},{"@type":"ListItem","position":3,"name":"Inverter Compact 12\/1600 230V VE.Bus"}]},{"@type":"WebSite","@id":"https:\/\/energostore.com\/hr\/#website","url":"https:\/\/energostore.com\/hr\/","name":"Energostore","description":"Solar products online store","publisher":{"@id":"https:\/\/energostore.com\/hr\/#organization"},"potentialAction":[{"@type":"SearchAction","target":{"@type":"EntryPoint","urlTemplate":"https:\/\/energostore.com\/hr\/?s={search_term_string}"},"query-input":{"@type":"PropertyValueSpecification","valueRequired":true,"valueName":"search_term_string"}}],"inLanguage":"hr"},{"@type":"Organization","@id":"https:\/\/energostore.com\/hr\/#organization","name":"Energostore","url":"https:\/\/energostore.com\/hr\/","logo":{"@type":"ImageObject","inLanguage":"hr","@id":"https:\/\/energostore.com\/hr\/#\/schema\/logo\/image\/","url":"https:\/\/energostore.com\/wp-content\/uploads\/2020\/07\/energostore_logo.png","contentUrl":"https:\/\/energostore.com\/wp-content\/uploads\/2020\/07\/energostore_logo.png","width":517,"height":100,"caption":"Energostore"},"image":{"@id":"https:\/\/energostore.com\/hr\/#\/schema\/logo\/image\/"}}]}},"_links":{"self":[{"href":"https:\/\/energostore.com\/hr\/wp-json\/wp\/v2\/product\/3809","targetHints":{"allow":["GET"]}}],"collection":[{"href":"https:\/\/energostore.com\/hr\/wp-json\/wp\/v2\/product"}],"about":[{"href":"https:\/\/energostore.com\/hr\/wp-json\/wp\/v2\/types\/product"}],"version-history":[{"count":2,"href":"https:\/\/energostore.com\/hr\/wp-json\/wp\/v2\/product\/3809\/revisions"}],"predecessor-version":[{"id":11208,"href":"https:\/\/energostore.com\/hr\/wp-json\/wp\/v2\/product\/3809\/revisions\/11208"}],"wp:featuredmedia":[{"embeddable":true,"href":"https:\/\/energostore.com\/hr\/wp-json\/wp\/v2\/media\/3808"}],"wp:attachment":[{"href":"https:\/\/energostore.com\/hr\/wp-json\/wp\/v2\/media?parent=3809"}],"wp:term":[{"taxonomy":"product_brand","embeddable":true,"href":"https:\/\/energostore.com\/hr\/wp-json\/wp\/v2\/product_brand?post=3809"},{"taxonomy":"product_cat","embeddable":true,"href":"https:\/\/energostore.com\/hr\/wp-json\/wp\/v2\/product_cat?post=3809"},{"taxonomy":"product_tag","embeddable":true,"href":"https:\/\/energostore.com\/hr\/wp-json\/wp\/v2\/product_tag?post=3809"}],"curies":[{"name":"wp","href":"https:\/\/api.w.org\/{rel}","templated":true}]}}