{"id":11853,"date":"2026-04-24T09:16:20","date_gmt":"2026-04-24T09:16:20","guid":{"rendered":"https:\/\/energostore.com\/?post_type=product&#038;p=11853"},"modified":"2026-04-24T09:26:47","modified_gmt":"2026-04-24T09:26:47","slug":"pylontech-us5000","status":"publish","type":"product","link":"https:\/\/energostore.com\/hr\/proizvod\/pylontech-us5000\/","title":{"rendered":"Pylontech US5000"},"content":{"rendered":"<p data-start=\"146\" data-end=\"499\">Pylontech US5000 predstavlja najnoviju generaciju 48V litij-\u017eeljezo-fosfat (LiFePO\u2084) baterija, dizajniranu za pouzdano i u\u010dinkovito pohranjivanje energije u solarnim sustavima. S kapacitetom od 4.8 kWh po modulu, ovaj sustav omogu\u0107uje jednostavno skaliranje i prilagodbu razli\u010ditim energetskim potrebama \u2013 od ku\u0107anstava do manjih komercijalnih primjena.<\/p>\n<p data-start=\"501\" data-end=\"816\">Napredna tehnologija omogu\u0107uje visoku otpornost na udarne struje, \u010dime se osigurava stabilan rad i dug vijek trajanja. US5000 tako\u0111er dolazi s dvostrukom aktivnom za\u0161titom za maksimalnu sigurnost te podr\u017eava daljinsko nadogra\u0111ivanje (remote upgrade), \u0161to omogu\u0107uje jednostavno odr\u017eavanje i optimizaciju performansi.<\/p>\n<p data-start=\"818\" data-end=\"1032\">Zahvaljuju\u0107i \u0161irokoj kompatibilnosti, mogu\u0107e je povezati do 16 modula u jednom nizu, \u010dime se posti\u017ee zna\u010dajan ukupni kapacitet sustava. Standardni 19-in\u010dni rack dizajn olak\u0161ava instalaciju u razli\u010ditim okru\u017eenjima.<\/p>\n<p data-start=\"1039\" data-end=\"1061\"><strong data-start=\"1039\" data-end=\"1061\">Klju\u010dne prednosti:<\/strong><\/p>\n<ul data-start=\"1063\" data-end=\"1528\">\n<li data-section-id=\"ivck1n\" data-start=\"1063\" data-end=\"1141\"><strong data-start=\"1065\" data-end=\"1089\">Fleksibilna primjena<\/strong> \u2013 idealno rje\u0161enje za hibridne i off-grid sustave<\/li>\n<li data-section-id=\"1q1n7rj\" data-start=\"1142\" data-end=\"1237\"><strong data-start=\"1144\" data-end=\"1170\">Jednostavno pro\u0161irenje<\/strong> \u2013 modularni dizajn omogu\u0107uje skaliranje kapaciteta prema potrebi<\/li>\n<li data-section-id=\"1rnxvu1\" data-start=\"1238\" data-end=\"1300\"><strong data-start=\"1240\" data-end=\"1267\">19\u201d rack kompatibilnost<\/strong> \u2013 brza i prakti\u010dna instalacija<\/li>\n<li data-section-id=\"q43qlo\" data-start=\"1301\" data-end=\"1376\"><strong data-start=\"1303\" data-end=\"1326\">Visoka u\u010dinkovitost<\/strong> \u2013 optimiziran rad uz minimalne gubitke energije<\/li>\n<li data-section-id=\"11up26z\" data-start=\"1377\" data-end=\"1446\"><strong data-start=\"1379\" data-end=\"1399\">Napredna za\u0161tita<\/strong> \u2013 dvostruki sigurnosni sustav za pouzdan rad<\/li>\n<li data-section-id=\"51sp9\" data-start=\"1447\" data-end=\"1528\"><strong data-start=\"1449\" data-end=\"1471\">Dug vijek trajanja<\/strong> \u2013 LiFePO\u2084 tehnologija osigurava stabilnost i sigurnost<\/li>\n<\/ul>\n<h3><\/h3>\n<h3>Dokumenti<\/h3>\n<p><a title=\"Lynx Power In (HTML5)\" href=\"https:\/\/energostore.com\/wp-content\/uploads\/2026\/04\/Pylontech-Datasheet.pdf\"><img decoding=\"async\" style=\"margin-right: 5px;\" src=\"\/wp-content\/uploads\/2020\/08\/doc_manual.png\" \/>Pylontech US5000 datasheet<\/a><\/p>\n<p>&nbsp;<\/p>\n<p>&nbsp;<\/p>","protected":false},"excerpt":{"rendered":"<p>Pylontech US5000 predstavlja najnoviju generaciju 48V litij-\u017eeljezo-fosfat (LiFePO\u2084) baterija, dizajniranu za pouzdano i u\u010dinkovito pohranjivanje energije u solarnim sustavima. S kapacitetom od 4.8 kWh po modulu, ovaj sustav omogu\u0107uje jednostavno skaliranje i prilagodbu razli\u010ditim energetskim potrebama \u2013 od ku\u0107anstava do manjih komercijalnih primjena.<\/p>","protected":false},"featured_media":11854,"menu_order":319,"template":"","meta":[],"product_brand":[],"product_cat":[178,291],"product_tag":[],"class_list":{"0":"post-11853","1":"product","2":"type-product","3":"status-publish","4":"has-post-thumbnail","6":"product_cat-batteries","7":"product_cat-pylontech","9":"first","10":"instock","11":"shipping-taxable","12":"purchasable","13":"product-type-simple"},"yoast_head":"<!-- This site is optimized with the Yoast SEO plugin v27.3 - https:\/\/yoast.com\/product\/yoast-seo-wordpress\/ -->\n<title>Pylontech US5000 - Energostore<\/title>\n<meta name=\"robots\" content=\"index, follow, max-snippet:-1, max-image-preview:large, max-video-preview:-1\" \/>\n<link rel=\"canonical\" href=\"https:\/\/energostore.com\/hr\/proizvod\/pylontech-us5000\/\" \/>\n<meta property=\"og:locale\" content=\"hr_HR\" \/>\n<meta property=\"og:type\" content=\"article\" \/>\n<meta property=\"og:title\" content=\"Pylontech US5000 - Energostore\" \/>\n<meta property=\"og:description\" content=\"Pylontech US5000 predstavlja najnoviju generaciju 48V litij-\u017eeljezo-fosfat (LiFePO\u2084) baterija, dizajniranu za pouzdano i u\u010dinkovito pohranjivanje energije u solarnim sustavima. S kapacitetom od 4.8 kWh po modulu, ovaj sustav omogu\u0107uje jednostavno skaliranje i prilagodbu razli\u010ditim energetskim potrebama \u2013 od ku\u0107anstava do manjih komercijalnih primjena.\" \/>\n<meta property=\"og:url\" content=\"https:\/\/energostore.com\/hr\/proizvod\/pylontech-us5000\/\" \/>\n<meta property=\"og:site_name\" content=\"Energostore\" \/>\n<meta property=\"article:modified_time\" content=\"2026-04-24T09:26:47+00:00\" \/>\n<meta property=\"og:image\" content=\"https:\/\/energostore.com\/wp-content\/uploads\/2026\/04\/pylontech-us5000.webp\" \/>\n\t<meta property=\"og:image:width\" content=\"570\" \/>\n\t<meta property=\"og:image:height\" content=\"570\" \/>\n\t<meta property=\"og:image:type\" content=\"image\/webp\" \/>\n<meta name=\"twitter:card\" content=\"summary_large_image\" \/>\n<meta name=\"twitter:label1\" content=\"Procijenjeno vrijeme \u010ditanja\" \/>\n\t<meta name=\"twitter:data1\" content=\"2 minute\" \/>\n<script type=\"application\/ld+json\" class=\"yoast-schema-graph\">{\"@context\":\"https:\\\/\\\/schema.org\",\"@graph\":[{\"@type\":\"WebPage\",\"@id\":\"https:\\\/\\\/energostore.com\\\/product\\\/pylontech-us5000\\\/\",\"url\":\"https:\\\/\\\/energostore.com\\\/product\\\/pylontech-us5000\\\/\",\"name\":\"Pylontech US5000 - Energostore\",\"isPartOf\":{\"@id\":\"https:\\\/\\\/energostore.com\\\/hr\\\/#website\"},\"primaryImageOfPage\":{\"@id\":\"https:\\\/\\\/energostore.com\\\/product\\\/pylontech-us5000\\\/#primaryimage\"},\"image\":{\"@id\":\"https:\\\/\\\/energostore.com\\\/product\\\/pylontech-us5000\\\/#primaryimage\"},\"thumbnailUrl\":\"https:\\\/\\\/energostore.com\\\/wp-content\\\/uploads\\\/2026\\\/04\\\/pylontech-us5000.webp\",\"datePublished\":\"2026-04-24T09:16:20+00:00\",\"dateModified\":\"2026-04-24T09:26:47+00:00\",\"breadcrumb\":{\"@id\":\"https:\\\/\\\/energostore.com\\\/product\\\/pylontech-us5000\\\/#breadcrumb\"},\"inLanguage\":\"hr\",\"potentialAction\":[{\"@type\":\"ReadAction\",\"target\":[\"https:\\\/\\\/energostore.com\\\/product\\\/pylontech-us5000\\\/\"]}]},{\"@type\":\"ImageObject\",\"inLanguage\":\"hr\",\"@id\":\"https:\\\/\\\/energostore.com\\\/product\\\/pylontech-us5000\\\/#primaryimage\",\"url\":\"https:\\\/\\\/energostore.com\\\/wp-content\\\/uploads\\\/2026\\\/04\\\/pylontech-us5000.webp\",\"contentUrl\":\"https:\\\/\\\/energostore.com\\\/wp-content\\\/uploads\\\/2026\\\/04\\\/pylontech-us5000.webp\",\"width\":570,\"height\":570,\"caption\":\"pylontech us5000\"},{\"@type\":\"BreadcrumbList\",\"@id\":\"https:\\\/\\\/energostore.com\\\/product\\\/pylontech-us5000\\\/#breadcrumb\",\"itemListElement\":[{\"@type\":\"ListItem\",\"position\":1,\"name\":\"Home\",\"item\":\"https:\\\/\\\/energostore.com\\\/\"},{\"@type\":\"ListItem\",\"position\":2,\"name\":\"Shop\",\"item\":\"https:\\\/\\\/energostore.com\\\/hr\\\/shop\\\/\"},{\"@type\":\"ListItem\",\"position\":3,\"name\":\"Pylontech US5000\"}]},{\"@type\":\"WebSite\",\"@id\":\"https:\\\/\\\/energostore.com\\\/hr\\\/#website\",\"url\":\"https:\\\/\\\/energostore.com\\\/hr\\\/\",\"name\":\"Energostore\",\"description\":\"Solar products online store\",\"publisher\":{\"@id\":\"https:\\\/\\\/energostore.com\\\/hr\\\/#organization\"},\"potentialAction\":[{\"@type\":\"SearchAction\",\"target\":{\"@type\":\"EntryPoint\",\"urlTemplate\":\"https:\\\/\\\/energostore.com\\\/hr\\\/?s={search_term_string}\"},\"query-input\":{\"@type\":\"PropertyValueSpecification\",\"valueRequired\":true,\"valueName\":\"search_term_string\"}}],\"inLanguage\":\"hr\"},{\"@type\":\"Organization\",\"@id\":\"https:\\\/\\\/energostore.com\\\/hr\\\/#organization\",\"name\":\"Energostore\",\"url\":\"https:\\\/\\\/energostore.com\\\/hr\\\/\",\"logo\":{\"@type\":\"ImageObject\",\"inLanguage\":\"hr\",\"@id\":\"https:\\\/\\\/energostore.com\\\/hr\\\/#\\\/schema\\\/logo\\\/image\\\/\",\"url\":\"https:\\\/\\\/energostore.com\\\/wp-content\\\/uploads\\\/2020\\\/07\\\/energostore_logo.png\",\"contentUrl\":\"https:\\\/\\\/energostore.com\\\/wp-content\\\/uploads\\\/2020\\\/07\\\/energostore_logo.png\",\"width\":517,\"height\":100,\"caption\":\"Energostore\"},\"image\":{\"@id\":\"https:\\\/\\\/energostore.com\\\/hr\\\/#\\\/schema\\\/logo\\\/image\\\/\"}}]}<\/script>\n<!-- \/ Yoast SEO plugin. -->","yoast_head_json":{"title":"Pylontech US5000 - Energostore","robots":{"index":"index","follow":"follow","max-snippet":"max-snippet:-1","max-image-preview":"max-image-preview:large","max-video-preview":"max-video-preview:-1"},"canonical":"https:\/\/energostore.com\/hr\/proizvod\/pylontech-us5000\/","og_locale":"hr_HR","og_type":"article","og_title":"Pylontech US5000 - Energostore","og_description":"Pylontech US5000 predstavlja najnoviju generaciju 48V litij-\u017eeljezo-fosfat (LiFePO\u2084) baterija, dizajniranu za pouzdano i u\u010dinkovito pohranjivanje energije u solarnim sustavima. S kapacitetom od 4.8 kWh po modulu, ovaj sustav omogu\u0107uje jednostavno skaliranje i prilagodbu razli\u010ditim energetskim potrebama \u2013 od ku\u0107anstava do manjih komercijalnih primjena.","og_url":"https:\/\/energostore.com\/hr\/proizvod\/pylontech-us5000\/","og_site_name":"Energostore","article_modified_time":"2026-04-24T09:26:47+00:00","og_image":[{"width":570,"height":570,"url":"https:\/\/energostore.com\/wp-content\/uploads\/2026\/04\/pylontech-us5000.webp","type":"image\/webp"}],"twitter_card":"summary_large_image","twitter_misc":{"Procijenjeno vrijeme \u010ditanja":"2 minute"},"schema":{"@context":"https:\/\/schema.org","@graph":[{"@type":"WebPage","@id":"https:\/\/energostore.com\/product\/pylontech-us5000\/","url":"https:\/\/energostore.com\/product\/pylontech-us5000\/","name":"Pylontech US5000 - Energostore","isPartOf":{"@id":"https:\/\/energostore.com\/hr\/#website"},"primaryImageOfPage":{"@id":"https:\/\/energostore.com\/product\/pylontech-us5000\/#primaryimage"},"image":{"@id":"https:\/\/energostore.com\/product\/pylontech-us5000\/#primaryimage"},"thumbnailUrl":"https:\/\/energostore.com\/wp-content\/uploads\/2026\/04\/pylontech-us5000.webp","datePublished":"2026-04-24T09:16:20+00:00","dateModified":"2026-04-24T09:26:47+00:00","breadcrumb":{"@id":"https:\/\/energostore.com\/product\/pylontech-us5000\/#breadcrumb"},"inLanguage":"hr","potentialAction":[{"@type":"ReadAction","target":["https:\/\/energostore.com\/product\/pylontech-us5000\/"]}]},{"@type":"ImageObject","inLanguage":"hr","@id":"https:\/\/energostore.com\/product\/pylontech-us5000\/#primaryimage","url":"https:\/\/energostore.com\/wp-content\/uploads\/2026\/04\/pylontech-us5000.webp","contentUrl":"https:\/\/energostore.com\/wp-content\/uploads\/2026\/04\/pylontech-us5000.webp","width":570,"height":570,"caption":"pylontech us5000"},{"@type":"BreadcrumbList","@id":"https:\/\/energostore.com\/product\/pylontech-us5000\/#breadcrumb","itemListElement":[{"@type":"ListItem","position":1,"name":"Home","item":"https:\/\/energostore.com\/"},{"@type":"ListItem","position":2,"name":"Shop","item":"https:\/\/energostore.com\/hr\/shop\/"},{"@type":"ListItem","position":3,"name":"Pylontech US5000"}]},{"@type":"WebSite","@id":"https:\/\/energostore.com\/hr\/#website","url":"https:\/\/energostore.com\/hr\/","name":"Energostore","description":"Solar products online store","publisher":{"@id":"https:\/\/energostore.com\/hr\/#organization"},"potentialAction":[{"@type":"SearchAction","target":{"@type":"EntryPoint","urlTemplate":"https:\/\/energostore.com\/hr\/?s={search_term_string}"},"query-input":{"@type":"PropertyValueSpecification","valueRequired":true,"valueName":"search_term_string"}}],"inLanguage":"hr"},{"@type":"Organization","@id":"https:\/\/energostore.com\/hr\/#organization","name":"Energostore","url":"https:\/\/energostore.com\/hr\/","logo":{"@type":"ImageObject","inLanguage":"hr","@id":"https:\/\/energostore.com\/hr\/#\/schema\/logo\/image\/","url":"https:\/\/energostore.com\/wp-content\/uploads\/2020\/07\/energostore_logo.png","contentUrl":"https:\/\/energostore.com\/wp-content\/uploads\/2020\/07\/energostore_logo.png","width":517,"height":100,"caption":"Energostore"},"image":{"@id":"https:\/\/energostore.com\/hr\/#\/schema\/logo\/image\/"}}]}},"_links":{"self":[{"href":"https:\/\/energostore.com\/hr\/wp-json\/wp\/v2\/product\/11853","targetHints":{"allow":["GET"]}}],"collection":[{"href":"https:\/\/energostore.com\/hr\/wp-json\/wp\/v2\/product"}],"about":[{"href":"https:\/\/energostore.com\/hr\/wp-json\/wp\/v2\/types\/product"}],"version-history":[{"count":2,"href":"https:\/\/energostore.com\/hr\/wp-json\/wp\/v2\/product\/11853\/revisions"}],"predecessor-version":[{"id":11857,"href":"https:\/\/energostore.com\/hr\/wp-json\/wp\/v2\/product\/11853\/revisions\/11857"}],"wp:featuredmedia":[{"embeddable":true,"href":"https:\/\/energostore.com\/hr\/wp-json\/wp\/v2\/media\/11854"}],"wp:attachment":[{"href":"https:\/\/energostore.com\/hr\/wp-json\/wp\/v2\/media?parent=11853"}],"wp:term":[{"taxonomy":"product_brand","embeddable":true,"href":"https:\/\/energostore.com\/hr\/wp-json\/wp\/v2\/product_brand?post=11853"},{"taxonomy":"product_cat","embeddable":true,"href":"https:\/\/energostore.com\/hr\/wp-json\/wp\/v2\/product_cat?post=11853"},{"taxonomy":"product_tag","embeddable":true,"href":"https:\/\/energostore.com\/hr\/wp-json\/wp\/v2\/product_tag?post=11853"}],"curies":[{"name":"wp","href":"https:\/\/api.w.org\/{rel}","templated":true}]}}