{"id":11505,"date":"2026-01-05T07:57:26","date_gmt":"2026-01-05T07:57:26","guid":{"rendered":"https:\/\/energostore.com\/?post_type=product&#038;p=11505"},"modified":"2026-04-01T07:16:24","modified_gmt":"2026-04-01T07:16:24","slug":"sredstvo-za-ciscenje-solarnih-panela-bis-panel-cleaner","status":"publish","type":"product","link":"https:\/\/energostore.com\/hr\/proizvod\/sredstvo-za-ciscenje-solarnih-panela-bis-panel-cleaner\/","title":{"rendered":"Sredstvo za \u010di\u0161\u0107enje solarnih panela &#8211; BIS panel cleaner"},"content":{"rendered":"<p>Svojstva:<br \/>\nSredstvo je izra\u0111eno na osnovi kombinacije visoko vrijednih biorazgradivih povr\u0161insko-aktivnih tvari te razli\u010ditih tipova otapala koje pospje\u0161uju proces uklanjanja atmosferskih zaprljanja (pelud, pra\u0161ina, \u010da\u0111a, masno\u0107e i sl.), pti\u010djeg izmeta, insekata i dr. Soli tvrdo\u0107e vode nemaju utjecaja na njegovu djelotvornost, tako da odli\u010dne efekte posti\u017ee i pri radu s vrlo tvrdom vodom.<br \/>\nNe djeluje korozivno na materijal solarnih panela i fotonaponskih modula, staklenih i plasti\u010dnih premaza te eloksiranih ili obi\u010dnih aluminijskih okvira.<\/p>\n<p>Primjena proizvoda:<br \/>\nPrimjenjuje se u koncentraciji 0,5-2%. Pogodan za uporabu i preko visokotla\u010dnih ure\u0111aja u kombinaciji s nastavkom \u010detke. Preporuka &#8211; ne nanositi na punom suncu. Su\u0161i se bez mrlja. Tretirane povr\u0161ine nije potrebno isprati pri uporabi ni\u017eih radnih koncentracija.<br \/>\nSigurnosni savjeti i upute za skladi\u0161tenje<br \/>\nProizvod ne mije\u0161ati s drugim sredstvima za \u010di\u0161\u0107enje. Kompletne upute za rukovanje i odlaganje ovog proizvoda mogu se prona\u0107i u sigurnosnotehni\u010dkom listu. Skladi\u0161titi u originalnoj ambala\u017ei na suhom i hladnom mjestu. Dr\u017eati odvojeno od kiselina.<\/p>\n<p>Sastojci: &lt; 5% neionske povr\u0161inski aktivne tvari, anionske povr\u0161inski aktivne tvari, EDTA-Na4 ; konzervans (2-bromo-2-nitropropane-1,3-diol)<\/p>","protected":false},"excerpt":{"rendered":"<p>Blago alkalno teku\u0107e sredstvo za \u010di\u0161\u0107enje solarnih panela<\/p>\n<p>Sredstvo je namijenjeno za redovito \u010di\u0161\u0107enje solarnih panela,<br \/>\nfotonaponskih sustava te vanjskih staklenih povr\u0161ina. Pogodno i za sva<br \/>\ndruga blago alkalna \u010di\u0161\u0107enja vodoperivih povr\u0161ina.<\/p>","protected":false},"featured_media":11507,"menu_order":319,"template":"","meta":[],"product_brand":[],"product_cat":[334],"product_tag":[],"class_list":{"0":"post-11505","1":"product","2":"type-product","3":"status-publish","4":"has-post-thumbnail","6":"product_cat-ostalo","7":"product_shipping_class-eu-available","9":"first","10":"instock","11":"purchasable","12":"product-type-simple"},"yoast_head":"<!-- This site is optimized with the Yoast SEO plugin v27.3 - https:\/\/yoast.com\/product\/yoast-seo-wordpress\/ -->\n<title>Sredstvo za \u010di\u0161\u0107enje solarnih panela - BIS panel cleaner - Energostore<\/title>\n<meta name=\"robots\" content=\"index, follow, max-snippet:-1, max-image-preview:large, max-video-preview:-1\" \/>\n<link rel=\"canonical\" href=\"https:\/\/energostore.com\/hr\/proizvod\/sredstvo-za-ciscenje-solarnih-panela-bis-panel-cleaner\/\" \/>\n<meta property=\"og:locale\" content=\"hr_HR\" \/>\n<meta property=\"og:type\" content=\"article\" \/>\n<meta property=\"og:title\" content=\"Sredstvo za \u010di\u0161\u0107enje solarnih panela - BIS panel cleaner - Energostore\" \/>\n<meta property=\"og:description\" content=\"Blago alkalno teku\u0107e sredstvo za \u010di\u0161\u0107enje solarnih panela  Sredstvo je namijenjeno za redovito \u010di\u0161\u0107enje solarnih panela, fotonaponskih sustava te vanjskih staklenih povr\u0161ina. Pogodno i za sva druga blago alkalna \u010di\u0161\u0107enja vodoperivih povr\u0161ina.\" \/>\n<meta property=\"og:url\" content=\"https:\/\/energostore.com\/hr\/proizvod\/sredstvo-za-ciscenje-solarnih-panela-bis-panel-cleaner\/\" \/>\n<meta property=\"og:site_name\" content=\"Energostore\" \/>\n<meta property=\"article:modified_time\" content=\"2026-04-01T07:16:24+00:00\" \/>\n<meta property=\"og:image\" content=\"https:\/\/energostore.com\/wp-content\/uploads\/2026\/01\/bis-sredstvo-za-ciscenje-panela.png\" \/>\n\t<meta property=\"og:image:width\" content=\"500\" \/>\n\t<meta property=\"og:image:height\" content=\"500\" \/>\n\t<meta property=\"og:image:type\" content=\"image\/png\" \/>\n<meta name=\"twitter:card\" content=\"summary_large_image\" \/>\n<meta name=\"twitter:label1\" content=\"Procijenjeno vrijeme \u010ditanja\" \/>\n\t<meta name=\"twitter:data1\" content=\"1 minuta\" \/>\n<script type=\"application\/ld+json\" class=\"yoast-schema-graph\">{\"@context\":\"https:\\\/\\\/schema.org\",\"@graph\":[{\"@type\":\"WebPage\",\"@id\":\"https:\\\/\\\/energostore.com\\\/product\\\/sredstvo-za-ciscenje-solarnih-panela-bis-panel-cleaner\\\/\",\"url\":\"https:\\\/\\\/energostore.com\\\/product\\\/sredstvo-za-ciscenje-solarnih-panela-bis-panel-cleaner\\\/\",\"name\":\"Sredstvo za \u010di\u0161\u0107enje solarnih panela - BIS panel cleaner - Energostore\",\"isPartOf\":{\"@id\":\"https:\\\/\\\/energostore.com\\\/hr\\\/#website\"},\"primaryImageOfPage\":{\"@id\":\"https:\\\/\\\/energostore.com\\\/product\\\/sredstvo-za-ciscenje-solarnih-panela-bis-panel-cleaner\\\/#primaryimage\"},\"image\":{\"@id\":\"https:\\\/\\\/energostore.com\\\/product\\\/sredstvo-za-ciscenje-solarnih-panela-bis-panel-cleaner\\\/#primaryimage\"},\"thumbnailUrl\":\"https:\\\/\\\/energostore.com\\\/wp-content\\\/uploads\\\/2026\\\/01\\\/bis-sredstvo-za-ciscenje-panela.png\",\"datePublished\":\"2026-01-05T07:57:26+00:00\",\"dateModified\":\"2026-04-01T07:16:24+00:00\",\"breadcrumb\":{\"@id\":\"https:\\\/\\\/energostore.com\\\/product\\\/sredstvo-za-ciscenje-solarnih-panela-bis-panel-cleaner\\\/#breadcrumb\"},\"inLanguage\":\"hr\",\"potentialAction\":[{\"@type\":\"ReadAction\",\"target\":[\"https:\\\/\\\/energostore.com\\\/product\\\/sredstvo-za-ciscenje-solarnih-panela-bis-panel-cleaner\\\/\"]}]},{\"@type\":\"ImageObject\",\"inLanguage\":\"hr\",\"@id\":\"https:\\\/\\\/energostore.com\\\/product\\\/sredstvo-za-ciscenje-solarnih-panela-bis-panel-cleaner\\\/#primaryimage\",\"url\":\"https:\\\/\\\/energostore.com\\\/wp-content\\\/uploads\\\/2026\\\/01\\\/bis-sredstvo-za-ciscenje-panela.png\",\"contentUrl\":\"https:\\\/\\\/energostore.com\\\/wp-content\\\/uploads\\\/2026\\\/01\\\/bis-sredstvo-za-ciscenje-panela.png\",\"width\":500,\"height\":500,\"caption\":\"bis sredstvo za ciscenje panela\"},{\"@type\":\"BreadcrumbList\",\"@id\":\"https:\\\/\\\/energostore.com\\\/product\\\/sredstvo-za-ciscenje-solarnih-panela-bis-panel-cleaner\\\/#breadcrumb\",\"itemListElement\":[{\"@type\":\"ListItem\",\"position\":1,\"name\":\"Home\",\"item\":\"https:\\\/\\\/energostore.com\\\/\"},{\"@type\":\"ListItem\",\"position\":2,\"name\":\"Shop\",\"item\":\"https:\\\/\\\/energostore.com\\\/hr\\\/shop\\\/\"},{\"@type\":\"ListItem\",\"position\":3,\"name\":\"Sredstvo za \u010di\u0161\u0107enje solarnih panela &#8211; BIS panel cleaner\"}]},{\"@type\":\"WebSite\",\"@id\":\"https:\\\/\\\/energostore.com\\\/hr\\\/#website\",\"url\":\"https:\\\/\\\/energostore.com\\\/hr\\\/\",\"name\":\"Energostore\",\"description\":\"Solar products online store\",\"publisher\":{\"@id\":\"https:\\\/\\\/energostore.com\\\/hr\\\/#organization\"},\"potentialAction\":[{\"@type\":\"SearchAction\",\"target\":{\"@type\":\"EntryPoint\",\"urlTemplate\":\"https:\\\/\\\/energostore.com\\\/hr\\\/?s={search_term_string}\"},\"query-input\":{\"@type\":\"PropertyValueSpecification\",\"valueRequired\":true,\"valueName\":\"search_term_string\"}}],\"inLanguage\":\"hr\"},{\"@type\":\"Organization\",\"@id\":\"https:\\\/\\\/energostore.com\\\/hr\\\/#organization\",\"name\":\"Energostore\",\"url\":\"https:\\\/\\\/energostore.com\\\/hr\\\/\",\"logo\":{\"@type\":\"ImageObject\",\"inLanguage\":\"hr\",\"@id\":\"https:\\\/\\\/energostore.com\\\/hr\\\/#\\\/schema\\\/logo\\\/image\\\/\",\"url\":\"https:\\\/\\\/energostore.com\\\/wp-content\\\/uploads\\\/2020\\\/07\\\/energostore_logo.png\",\"contentUrl\":\"https:\\\/\\\/energostore.com\\\/wp-content\\\/uploads\\\/2020\\\/07\\\/energostore_logo.png\",\"width\":517,\"height\":100,\"caption\":\"Energostore\"},\"image\":{\"@id\":\"https:\\\/\\\/energostore.com\\\/hr\\\/#\\\/schema\\\/logo\\\/image\\\/\"}}]}<\/script>\n<!-- \/ Yoast SEO plugin. -->","yoast_head_json":{"title":"Sredstvo za \u010di\u0161\u0107enje solarnih panela - BIS panel cleaner - Energostore","robots":{"index":"index","follow":"follow","max-snippet":"max-snippet:-1","max-image-preview":"max-image-preview:large","max-video-preview":"max-video-preview:-1"},"canonical":"https:\/\/energostore.com\/hr\/proizvod\/sredstvo-za-ciscenje-solarnih-panela-bis-panel-cleaner\/","og_locale":"hr_HR","og_type":"article","og_title":"Sredstvo za \u010di\u0161\u0107enje solarnih panela - BIS panel cleaner - Energostore","og_description":"Blago alkalno teku\u0107e sredstvo za \u010di\u0161\u0107enje solarnih panela  Sredstvo je namijenjeno za redovito \u010di\u0161\u0107enje solarnih panela, fotonaponskih sustava te vanjskih staklenih povr\u0161ina. Pogodno i za sva druga blago alkalna \u010di\u0161\u0107enja vodoperivih povr\u0161ina.","og_url":"https:\/\/energostore.com\/hr\/proizvod\/sredstvo-za-ciscenje-solarnih-panela-bis-panel-cleaner\/","og_site_name":"Energostore","article_modified_time":"2026-04-01T07:16:24+00:00","og_image":[{"width":500,"height":500,"url":"https:\/\/energostore.com\/wp-content\/uploads\/2026\/01\/bis-sredstvo-za-ciscenje-panela.png","type":"image\/png"}],"twitter_card":"summary_large_image","twitter_misc":{"Procijenjeno vrijeme \u010ditanja":"1 minuta"},"schema":{"@context":"https:\/\/schema.org","@graph":[{"@type":"WebPage","@id":"https:\/\/energostore.com\/product\/sredstvo-za-ciscenje-solarnih-panela-bis-panel-cleaner\/","url":"https:\/\/energostore.com\/product\/sredstvo-za-ciscenje-solarnih-panela-bis-panel-cleaner\/","name":"Sredstvo za \u010di\u0161\u0107enje solarnih panela - BIS panel cleaner - Energostore","isPartOf":{"@id":"https:\/\/energostore.com\/hr\/#website"},"primaryImageOfPage":{"@id":"https:\/\/energostore.com\/product\/sredstvo-za-ciscenje-solarnih-panela-bis-panel-cleaner\/#primaryimage"},"image":{"@id":"https:\/\/energostore.com\/product\/sredstvo-za-ciscenje-solarnih-panela-bis-panel-cleaner\/#primaryimage"},"thumbnailUrl":"https:\/\/energostore.com\/wp-content\/uploads\/2026\/01\/bis-sredstvo-za-ciscenje-panela.png","datePublished":"2026-01-05T07:57:26+00:00","dateModified":"2026-04-01T07:16:24+00:00","breadcrumb":{"@id":"https:\/\/energostore.com\/product\/sredstvo-za-ciscenje-solarnih-panela-bis-panel-cleaner\/#breadcrumb"},"inLanguage":"hr","potentialAction":[{"@type":"ReadAction","target":["https:\/\/energostore.com\/product\/sredstvo-za-ciscenje-solarnih-panela-bis-panel-cleaner\/"]}]},{"@type":"ImageObject","inLanguage":"hr","@id":"https:\/\/energostore.com\/product\/sredstvo-za-ciscenje-solarnih-panela-bis-panel-cleaner\/#primaryimage","url":"https:\/\/energostore.com\/wp-content\/uploads\/2026\/01\/bis-sredstvo-za-ciscenje-panela.png","contentUrl":"https:\/\/energostore.com\/wp-content\/uploads\/2026\/01\/bis-sredstvo-za-ciscenje-panela.png","width":500,"height":500,"caption":"bis sredstvo za ciscenje panela"},{"@type":"BreadcrumbList","@id":"https:\/\/energostore.com\/product\/sredstvo-za-ciscenje-solarnih-panela-bis-panel-cleaner\/#breadcrumb","itemListElement":[{"@type":"ListItem","position":1,"name":"Home","item":"https:\/\/energostore.com\/"},{"@type":"ListItem","position":2,"name":"Shop","item":"https:\/\/energostore.com\/hr\/shop\/"},{"@type":"ListItem","position":3,"name":"Sredstvo za \u010di\u0161\u0107enje solarnih panela &#8211; BIS panel cleaner"}]},{"@type":"WebSite","@id":"https:\/\/energostore.com\/hr\/#website","url":"https:\/\/energostore.com\/hr\/","name":"Energostore","description":"Solar products online store","publisher":{"@id":"https:\/\/energostore.com\/hr\/#organization"},"potentialAction":[{"@type":"SearchAction","target":{"@type":"EntryPoint","urlTemplate":"https:\/\/energostore.com\/hr\/?s={search_term_string}"},"query-input":{"@type":"PropertyValueSpecification","valueRequired":true,"valueName":"search_term_string"}}],"inLanguage":"hr"},{"@type":"Organization","@id":"https:\/\/energostore.com\/hr\/#organization","name":"Energostore","url":"https:\/\/energostore.com\/hr\/","logo":{"@type":"ImageObject","inLanguage":"hr","@id":"https:\/\/energostore.com\/hr\/#\/schema\/logo\/image\/","url":"https:\/\/energostore.com\/wp-content\/uploads\/2020\/07\/energostore_logo.png","contentUrl":"https:\/\/energostore.com\/wp-content\/uploads\/2020\/07\/energostore_logo.png","width":517,"height":100,"caption":"Energostore"},"image":{"@id":"https:\/\/energostore.com\/hr\/#\/schema\/logo\/image\/"}}]}},"_links":{"self":[{"href":"https:\/\/energostore.com\/hr\/wp-json\/wp\/v2\/product\/11505","targetHints":{"allow":["GET"]}}],"collection":[{"href":"https:\/\/energostore.com\/hr\/wp-json\/wp\/v2\/product"}],"about":[{"href":"https:\/\/energostore.com\/hr\/wp-json\/wp\/v2\/types\/product"}],"version-history":[{"count":1,"href":"https:\/\/energostore.com\/hr\/wp-json\/wp\/v2\/product\/11505\/revisions"}],"predecessor-version":[{"id":11506,"href":"https:\/\/energostore.com\/hr\/wp-json\/wp\/v2\/product\/11505\/revisions\/11506"}],"wp:featuredmedia":[{"embeddable":true,"href":"https:\/\/energostore.com\/hr\/wp-json\/wp\/v2\/media\/11507"}],"wp:attachment":[{"href":"https:\/\/energostore.com\/hr\/wp-json\/wp\/v2\/media?parent=11505"}],"wp:term":[{"taxonomy":"product_brand","embeddable":true,"href":"https:\/\/energostore.com\/hr\/wp-json\/wp\/v2\/product_brand?post=11505"},{"taxonomy":"product_cat","embeddable":true,"href":"https:\/\/energostore.com\/hr\/wp-json\/wp\/v2\/product_cat?post=11505"},{"taxonomy":"product_tag","embeddable":true,"href":"https:\/\/energostore.com\/hr\/wp-json\/wp\/v2\/product_tag?post=11505"}],"curies":[{"name":"wp","href":"https:\/\/api.w.org\/{rel}","templated":true}]}}