{"id":11085,"date":"2025-07-08T10:55:43","date_gmt":"2025-07-08T10:55:43","guid":{"rendered":"https:\/\/energostore.com\/?post_type=product&#038;p=11085"},"modified":"2025-07-10T06:46:41","modified_gmt":"2025-07-10T06:46:41","slug":"prijenosni-baterijski-agregat-ecoflow-delta-2-max","status":"publish","type":"product","link":"https:\/\/energostore.com\/hr\/proizvod\/prijenosni-baterijski-agregat-ecoflow-delta-2-max\/","title":{"rendered":"Prijenosni baterijski agregat EcoFlow Delta 2 Max"},"content":{"rendered":"<h3 data-start=\"114\" data-end=\"152\">Za\u0161to je DELTA\u202f2\u202fMax odli\u010dan izbor<\/h3>\n<ul data-start=\"153\" data-end=\"1179\">\n<li data-start=\"153\" data-end=\"231\">\n<p data-start=\"155\" data-end=\"231\"><span class=\"relative -mx-px my-[-0.2rem] rounded px-px py-[0.2rem] transition-colors duration-100 ease-in-out\"><strong data-start=\"0\" data-end=\"19\" data-is-only-node=\"\">Velik kapacitet<\/strong>: 2\u202f048\u202fWh baterija s dugim radnim vijekom \u2013 LiFePO\u2084 kemija omogu\u0107uje preko 3\u202f000 ciklusa, uz o\u010dekivani radni vijek od oko 10 godina<\/span><\/p>\n<\/li>\n<li data-start=\"232\" data-end=\"310\">\n<p data-start=\"234\" data-end=\"310\"><span class=\"relative -mx-px my-[-0.2rem] rounded px-px py-[0.2rem] transition-colors duration-100 ease-in-out\"><strong data-start=\"0\" data-end=\"24\" data-is-only-node=\"\">Visoka izlazna snaga<\/strong>: standardno 2\u202f400\u202fW kontinuirane snage, uz X\u2011Boost opciju do 3\u202f100\u202fW (\u0161pica)<\/span><\/p>\n<\/li>\n<li data-start=\"311\" data-end=\"516\">\n<p data-start=\"313\" data-end=\"352\"><span class=\"relative -mx-px my-[-0.2rem] rounded px-px py-[0.2rem] transition-colors duration-100 ease-in-out\"><strong data-start=\"0\" data-end=\"26\" data-is-only-node=\"\">Izuzetno brzo punjenje<\/strong>:<\/span><\/p>\n<ul data-start=\"355\" data-end=\"516\">\n<li data-start=\"355\" data-end=\"435\">\n<p data-start=\"357\" data-end=\"435\"><span class=\"relative -mx-px my-[-0.2rem] rounded px-px py-[0.2rem] transition-colors duration-100 ease-in-out\">AC punjenje do 2\u202f300\u202fW \u2013 0\u219280\u202f% za ~53 min, punjenje do 100\u202f% oko 1 sat<\/span> .<\/p>\n<\/li>\n<li data-start=\"438\" data-end=\"516\">\n<p data-start=\"440\" data-end=\"516\"><span class=\"relative -mx-px my-[-0.2rem] rounded px-px py-[0.2rem] transition-colors duration-100 ease-in-out\">Solarno punjenje do 1\u202f000\u202fW, a kombinirano AC + solarno punjenje mo\u017ee napuniti 80\u202f% za samo 43 min<\/span><\/p>\n<\/li>\n<\/ul>\n<\/li>\n<li data-start=\"517\" data-end=\"599\">\n<p data-start=\"519\" data-end=\"599\"><span class=\"relative -mx-px my-[-0.2rem] rounded px-px py-[0.2rem] transition-colors duration-100 ease-in-out\"><strong data-start=\"0\" data-end=\"26\" data-is-only-node=\"\">Fleksibilnost punjenja<\/strong>: podr\u017eava dvostruki solarni ulaz, AC punjenje, te automobil (12\u202fV), s potporom za DC ulaz<\/span> .<\/p>\n<\/li>\n<li data-start=\"600\" data-end=\"682\">\n<p data-start=\"602\" data-end=\"682\"><span class=\"relative -mx-px my-[-0.2rem] rounded px-px py-[0.2rem] transition-colors duration-100 ease-in-out\"><strong data-start=\"0\" data-end=\"16\" data-is-only-node=\"\">UPS i backup<\/strong>: podr\u017eava neprekidno napajanje uz automatsko prebacivanje &lt;30\u202fms \u2013 funkcionalno kao UPS<\/span> .<\/p>\n<\/li>\n<li data-start=\"683\" data-end=\"930\">\n<p data-start=\"685\" data-end=\"707\"><strong data-start=\"685\" data-end=\"704\">Mno\u0161tvo portova<\/strong>:<\/p>\n<ul data-start=\"710\" data-end=\"930\">\n<li data-start=\"710\" data-end=\"753\">\n<p data-start=\"712\" data-end=\"753\"><span class=\"relative -mx-px my-[-0.2rem] rounded px-px py-[0.2rem] transition-colors duration-100 ease-in-out\">4\u00d7 AC (2400\u202fW)<\/span><\/p>\n<\/li>\n<li data-start=\"756\" data-end=\"799\">\n<p data-start=\"758\" data-end=\"799\"><span class=\"relative -mx-px my-[-0.2rem] rounded px-px py-[0.2rem] transition-colors duration-100 ease-in-out\">2\u00d7 USB\u2011C (po 100\u202fW)<\/span><\/p>\n<\/li>\n<li data-start=\"802\" data-end=\"845\">\n<p data-start=\"804\" data-end=\"845\"><span class=\"relative -mx-px my-[-0.2rem] rounded px-px py-[0.2rem] transition-colors duration-100 ease-in-out\">2\u00d7 regularna + 2\u00d7 fast-charge USB\u2011A<\/span><\/p>\n<\/li>\n<li data-start=\"848\" data-end=\"930\">\n<p data-start=\"850\" data-end=\"930\"><span class=\"relative -mx-px my-[-0.2rem] rounded px-px py-[0.2rem] transition-colors duration-100 ease-in-out\">1\u00d7 12\u202fV autoutika\u010dnica + 2\u00d7 DC5521<\/span><\/p>\n<\/li>\n<\/ul>\n<\/li>\n<li data-start=\"931\" data-end=\"1013\">\n<p data-start=\"933\" data-end=\"1013\"><span class=\"relative -mx-px my-[-0.2rem] rounded px-px py-[0.2rem] transition-colors duration-100 ease-in-out\"><strong data-start=\"0\" data-end=\"22\" data-is-only-node=\"\">Mobilan i robustan<\/strong>: veli\u010dine desktop ra\u010dunala (~23\u202fkg), s prakti\u010dnim ru\u010dkama; \u201clagan za ono \u0161to nudi\u201d<\/span> .<\/p>\n<\/li>\n<li data-start=\"1014\" data-end=\"1096\">\n<p data-start=\"1016\" data-end=\"1096\"><span class=\"relative -mx-px my-[-0.2rem] rounded px-px py-[0.2rem] transition-colors duration-100 ease-in-out\"><strong data-start=\"0\" data-end=\"26\" data-is-only-node=\"\">Android\/iOS aplikacija<\/strong>: omogu\u0107uje nadzor, upravljanje, optimizaciju punjenja (prioritet solar\/aplikacija automatski), te postavke isklju\u010divanja<\/span> .<\/p>\n<\/li>\n<li data-start=\"1097\" data-end=\"1179\">\n<p data-start=\"1099\" data-end=\"1179\"><span class=\"relative -mx-px my-[-0.2rem] rounded px-px py-[0.2rem] transition-colors duration-100 ease-in-out\"><strong data-start=\"0\" data-end=\"18\" data-is-only-node=\"\">Tiho i sigurno<\/strong>: rad ispod 30\u202fdB, s naprednim BMS sustavom, za\u0161titama od preoptere\u0107enja i termalnom za\u0161titom<\/span> .<\/p>\n<\/li>\n<\/ul>\n<h3 data-start=\"1186\" data-end=\"1216\">Kratki tehni\u010dki sa\u017eetak<\/h3>\n<div class=\"_tableContainer_80l1q_1\">\n<div class=\"_tableWrapper_80l1q_14 group flex w-fit flex-col-reverse\" tabindex=\"-1\">\n<table class=\"w-fit min-w-(--thread-content-width)\" data-start=\"1218\" data-end=\"2003\">\n<thead data-start=\"1218\" data-end=\"1259\">\n<tr data-start=\"1218\" data-end=\"1259\">\n<th data-start=\"1218\" data-end=\"1245\" data-col-size=\"sm\">Specifikacija<\/th>\n<th data-start=\"1245\" data-end=\"1259\" data-col-size=\"sm\">Vrijednost<\/th>\n<\/tr>\n<\/thead>\n<tbody data-start=\"1302\" data-end=\"2003\">\n<tr data-start=\"1302\" data-end=\"1372\">\n<td data-start=\"1302\" data-end=\"1329\" data-col-size=\"sm\">Kapacitet<\/td>\n<td data-col-size=\"sm\" data-start=\"1329\" data-end=\"1372\"><span class=\"relative -mx-px my-[-0.2rem] rounded px-px py-[0.2rem] bg-[#FCECC1] dark:bg-[#64572A] transition-colors duration-100 ease-in-out\">2\u202f048\u202fWh<\/span><\/td>\n<\/tr>\n<tr data-start=\"1373\" data-end=\"1462\">\n<td data-start=\"1373\" data-end=\"1419\" data-col-size=\"sm\"><span class=\"relative -mx-px my-[-0.2rem] rounded px-px py-[0.2rem] transition-colors duration-100 ease-in-out\">Trajna izlazna snaga<\/span><\/td>\n<td data-start=\"1419\" data-end=\"1462\" data-col-size=\"sm\"><span class=\"relative -mx-px my-[-0.2rem] rounded px-px py-[0.2rem] transition-colors duration-100 ease-in-out\">2\u202f400\u202fW (X\u2011Boost do 3\u202f100\u202fW)<\/span><\/td>\n<\/tr>\n<tr data-start=\"1463\" data-end=\"1533\">\n<td data-start=\"1463\" data-end=\"1490\" data-col-size=\"sm\">AC punjenje<\/td>\n<td data-start=\"1490\" data-end=\"1533\" data-col-size=\"sm\"><span class=\"relative -mx-px my-[-0.2rem] rounded px-px py-[0.2rem] transition-colors duration-100 ease-in-out\">Do 2\u202f300\u202fW \u2192 80\u202f% za ~53\u202fmin<\/span><\/td>\n<\/tr>\n<tr data-start=\"1534\" data-end=\"1604\">\n<td data-start=\"1534\" data-end=\"1561\" data-col-size=\"sm\">Solarno punjenje<\/td>\n<td data-col-size=\"sm\" data-start=\"1561\" data-end=\"1604\"><span class=\"relative -mx-px my-[-0.2rem] rounded px-px py-[0.2rem] transition-colors duration-100 ease-in-out\">Do 1\u202f000\u202fW<\/span><\/td>\n<\/tr>\n<tr data-start=\"1605\" data-end=\"1675\">\n<td data-start=\"1605\" data-end=\"1632\" data-col-size=\"sm\">UPS zna\u010dajka<\/td>\n<td data-start=\"1632\" data-end=\"1675\" data-col-size=\"sm\"><span class=\"relative -mx-px my-[-0.2rem] rounded px-px py-[0.2rem] transition-colors duration-100 ease-in-out\">&lt;30\u202fms automatsko prebacivanje<\/span><\/td>\n<\/tr>\n<tr data-start=\"1676\" data-end=\"1746\">\n<td data-start=\"1676\" data-end=\"1703\" data-col-size=\"sm\">Portovi<\/td>\n<td data-start=\"1703\" data-end=\"1746\" data-col-size=\"sm\"><span class=\"relative -mx-px my-[-0.2rem] rounded px-px py-[0.2rem] transition-colors duration-100 ease-in-out\">4\u00d7AC, 2\u00d7USB\u2011C 100\u202fW, 4\u00d7USB\u2011A, 12\u202fV, DC5521<\/span><\/td>\n<\/tr>\n<tr data-start=\"1747\" data-end=\"1783\">\n<td data-start=\"1747\" data-end=\"1774\" data-col-size=\"sm\">Te\u017eina<\/td>\n<td data-start=\"1774\" data-end=\"1783\" data-col-size=\"sm\">23\u202fkg<\/td>\n<\/tr>\n<tr data-start=\"1784\" data-end=\"1854\">\n<td data-start=\"1784\" data-end=\"1811\" data-col-size=\"sm\">Baterija<\/td>\n<td data-start=\"1811\" data-end=\"1854\" data-col-size=\"sm\"><span class=\"relative -mx-px my-[-0.2rem] rounded px-px py-[0.2rem] transition-colors duration-100 ease-in-out\">LiFePO\u2084, &gt;\u202f3\u202f000 ciklusa<\/span><\/td>\n<\/tr>\n<tr data-start=\"1855\" data-end=\"1925\">\n<td data-start=\"1855\" data-end=\"1882\" data-col-size=\"sm\">Aplikacija<\/td>\n<td data-start=\"1882\" data-end=\"1925\" data-col-size=\"sm\"><span class=\"relative -mx-px my-[-0.2rem] rounded px-px py-[0.2rem] transition-colors duration-100 ease-in-out\">Wi\u2011Fi\/Bluetooth, pametno upravljanje<\/span><\/td>\n<\/tr>\n<tr data-start=\"1926\" data-end=\"2003\">\n<td data-start=\"1926\" data-end=\"1953\" data-col-size=\"sm\">Razina buke<\/td>\n<td data-start=\"1953\" data-end=\"2003\" data-col-size=\"sm\">&lt;30\u202fdB<\/td>\n<\/tr>\n<\/tbody>\n<\/table>\n<\/div>\n<\/div>\n","protected":false},"excerpt":{"rendered":"<p>Prijenosni baterijski generator EcoFlow Delta 2 Max<\/p>","protected":false},"featured_media":11105,"menu_order":319,"template":"","meta":[],"product_brand":[],"product_cat":[327],"product_tag":[],"class_list":{"0":"post-11085","1":"product","2":"type-product","3":"status-publish","4":"has-post-thumbnail","6":"product_cat-baterijski-agregati","7":"product_shipping_class-delivery","9":"first","10":"instock","11":"shipping-taxable","12":"purchasable","13":"product-type-simple"},"yoast_head":"<!-- This site is optimized with the Yoast SEO plugin v27.3 - https:\/\/yoast.com\/product\/yoast-seo-wordpress\/ -->\n<title>Prijenosni baterijski agregat EcoFlow Delta 2 Max - Energostore<\/title>\n<meta name=\"robots\" content=\"index, follow, max-snippet:-1, max-image-preview:large, max-video-preview:-1\" \/>\n<link rel=\"canonical\" href=\"https:\/\/energostore.com\/hr\/proizvod\/prijenosni-baterijski-agregat-ecoflow-delta-2-max\/\" \/>\n<meta property=\"og:locale\" content=\"hr_HR\" \/>\n<meta property=\"og:type\" content=\"article\" \/>\n<meta property=\"og:title\" content=\"Prijenosni baterijski agregat EcoFlow Delta 2 Max - Energostore\" \/>\n<meta property=\"og:description\" content=\"Prijenosni baterijski generator EcoFlow Delta 2 Max\" \/>\n<meta property=\"og:url\" content=\"https:\/\/energostore.com\/hr\/proizvod\/prijenosni-baterijski-agregat-ecoflow-delta-2-max\/\" \/>\n<meta property=\"og:site_name\" content=\"Energostore\" \/>\n<meta property=\"article:modified_time\" content=\"2025-07-10T06:46:41+00:00\" \/>\n<meta property=\"og:image\" content=\"https:\/\/energostore.com\/wp-content\/uploads\/2025\/07\/EcoFlow-Delta3-Max.webp\" \/>\n\t<meta property=\"og:image:width\" content=\"1370\" \/>\n\t<meta property=\"og:image:height\" content=\"1128\" \/>\n\t<meta property=\"og:image:type\" content=\"image\/webp\" \/>\n<meta name=\"twitter:card\" content=\"summary_large_image\" \/>\n<meta name=\"twitter:label1\" content=\"Procijenjeno vrijeme \u010ditanja\" \/>\n\t<meta name=\"twitter:data1\" content=\"2 minute\" \/>\n<script type=\"application\/ld+json\" class=\"yoast-schema-graph\">{\"@context\":\"https:\\\/\\\/schema.org\",\"@graph\":[{\"@type\":\"WebPage\",\"@id\":\"https:\\\/\\\/energostore.com\\\/product\\\/prijenosni-baterijski-agregat-ecoflow-delta-2-max\\\/\",\"url\":\"https:\\\/\\\/energostore.com\\\/product\\\/prijenosni-baterijski-agregat-ecoflow-delta-2-max\\\/\",\"name\":\"Prijenosni baterijski agregat EcoFlow Delta 2 Max - Energostore\",\"isPartOf\":{\"@id\":\"https:\\\/\\\/energostore.com\\\/hr\\\/#website\"},\"primaryImageOfPage\":{\"@id\":\"https:\\\/\\\/energostore.com\\\/product\\\/prijenosni-baterijski-agregat-ecoflow-delta-2-max\\\/#primaryimage\"},\"image\":{\"@id\":\"https:\\\/\\\/energostore.com\\\/product\\\/prijenosni-baterijski-agregat-ecoflow-delta-2-max\\\/#primaryimage\"},\"thumbnailUrl\":\"https:\\\/\\\/energostore.com\\\/wp-content\\\/uploads\\\/2025\\\/07\\\/EcoFlow-Delta3-Max.webp\",\"datePublished\":\"2025-07-08T10:55:43+00:00\",\"dateModified\":\"2025-07-10T06:46:41+00:00\",\"breadcrumb\":{\"@id\":\"https:\\\/\\\/energostore.com\\\/product\\\/prijenosni-baterijski-agregat-ecoflow-delta-2-max\\\/#breadcrumb\"},\"inLanguage\":\"hr\",\"potentialAction\":[{\"@type\":\"ReadAction\",\"target\":[\"https:\\\/\\\/energostore.com\\\/product\\\/prijenosni-baterijski-agregat-ecoflow-delta-2-max\\\/\"]}]},{\"@type\":\"ImageObject\",\"inLanguage\":\"hr\",\"@id\":\"https:\\\/\\\/energostore.com\\\/product\\\/prijenosni-baterijski-agregat-ecoflow-delta-2-max\\\/#primaryimage\",\"url\":\"https:\\\/\\\/energostore.com\\\/wp-content\\\/uploads\\\/2025\\\/07\\\/EcoFlow-Delta3-Max.webp\",\"contentUrl\":\"https:\\\/\\\/energostore.com\\\/wp-content\\\/uploads\\\/2025\\\/07\\\/EcoFlow-Delta3-Max.webp\",\"width\":1370,\"height\":1128,\"caption\":\"EcoFlow-Delta 2 Max\"},{\"@type\":\"BreadcrumbList\",\"@id\":\"https:\\\/\\\/energostore.com\\\/product\\\/prijenosni-baterijski-agregat-ecoflow-delta-2-max\\\/#breadcrumb\",\"itemListElement\":[{\"@type\":\"ListItem\",\"position\":1,\"name\":\"Home\",\"item\":\"https:\\\/\\\/energostore.com\\\/\"},{\"@type\":\"ListItem\",\"position\":2,\"name\":\"Shop\",\"item\":\"https:\\\/\\\/energostore.com\\\/hr\\\/shop\\\/\"},{\"@type\":\"ListItem\",\"position\":3,\"name\":\"Prijenosni baterijski agregat EcoFlow Delta 2 Max\"}]},{\"@type\":\"WebSite\",\"@id\":\"https:\\\/\\\/energostore.com\\\/hr\\\/#website\",\"url\":\"https:\\\/\\\/energostore.com\\\/hr\\\/\",\"name\":\"Energostore\",\"description\":\"Solar products online store\",\"publisher\":{\"@id\":\"https:\\\/\\\/energostore.com\\\/hr\\\/#organization\"},\"potentialAction\":[{\"@type\":\"SearchAction\",\"target\":{\"@type\":\"EntryPoint\",\"urlTemplate\":\"https:\\\/\\\/energostore.com\\\/hr\\\/?s={search_term_string}\"},\"query-input\":{\"@type\":\"PropertyValueSpecification\",\"valueRequired\":true,\"valueName\":\"search_term_string\"}}],\"inLanguage\":\"hr\"},{\"@type\":\"Organization\",\"@id\":\"https:\\\/\\\/energostore.com\\\/hr\\\/#organization\",\"name\":\"Energostore\",\"url\":\"https:\\\/\\\/energostore.com\\\/hr\\\/\",\"logo\":{\"@type\":\"ImageObject\",\"inLanguage\":\"hr\",\"@id\":\"https:\\\/\\\/energostore.com\\\/hr\\\/#\\\/schema\\\/logo\\\/image\\\/\",\"url\":\"https:\\\/\\\/energostore.com\\\/wp-content\\\/uploads\\\/2020\\\/07\\\/energostore_logo.png\",\"contentUrl\":\"https:\\\/\\\/energostore.com\\\/wp-content\\\/uploads\\\/2020\\\/07\\\/energostore_logo.png\",\"width\":517,\"height\":100,\"caption\":\"Energostore\"},\"image\":{\"@id\":\"https:\\\/\\\/energostore.com\\\/hr\\\/#\\\/schema\\\/logo\\\/image\\\/\"}}]}<\/script>\n<!-- \/ Yoast SEO plugin. -->","yoast_head_json":{"title":"Prijenosni baterijski agregat EcoFlow Delta 2 Max - Energostore","robots":{"index":"index","follow":"follow","max-snippet":"max-snippet:-1","max-image-preview":"max-image-preview:large","max-video-preview":"max-video-preview:-1"},"canonical":"https:\/\/energostore.com\/hr\/proizvod\/prijenosni-baterijski-agregat-ecoflow-delta-2-max\/","og_locale":"hr_HR","og_type":"article","og_title":"Prijenosni baterijski agregat EcoFlow Delta 2 Max - Energostore","og_description":"Prijenosni baterijski generator EcoFlow Delta 2 Max","og_url":"https:\/\/energostore.com\/hr\/proizvod\/prijenosni-baterijski-agregat-ecoflow-delta-2-max\/","og_site_name":"Energostore","article_modified_time":"2025-07-10T06:46:41+00:00","og_image":[{"width":1370,"height":1128,"url":"https:\/\/energostore.com\/wp-content\/uploads\/2025\/07\/EcoFlow-Delta3-Max.webp","type":"image\/webp"}],"twitter_card":"summary_large_image","twitter_misc":{"Procijenjeno vrijeme \u010ditanja":"2 minute"},"schema":{"@context":"https:\/\/schema.org","@graph":[{"@type":"WebPage","@id":"https:\/\/energostore.com\/product\/prijenosni-baterijski-agregat-ecoflow-delta-2-max\/","url":"https:\/\/energostore.com\/product\/prijenosni-baterijski-agregat-ecoflow-delta-2-max\/","name":"Prijenosni baterijski agregat EcoFlow Delta 2 Max - Energostore","isPartOf":{"@id":"https:\/\/energostore.com\/hr\/#website"},"primaryImageOfPage":{"@id":"https:\/\/energostore.com\/product\/prijenosni-baterijski-agregat-ecoflow-delta-2-max\/#primaryimage"},"image":{"@id":"https:\/\/energostore.com\/product\/prijenosni-baterijski-agregat-ecoflow-delta-2-max\/#primaryimage"},"thumbnailUrl":"https:\/\/energostore.com\/wp-content\/uploads\/2025\/07\/EcoFlow-Delta3-Max.webp","datePublished":"2025-07-08T10:55:43+00:00","dateModified":"2025-07-10T06:46:41+00:00","breadcrumb":{"@id":"https:\/\/energostore.com\/product\/prijenosni-baterijski-agregat-ecoflow-delta-2-max\/#breadcrumb"},"inLanguage":"hr","potentialAction":[{"@type":"ReadAction","target":["https:\/\/energostore.com\/product\/prijenosni-baterijski-agregat-ecoflow-delta-2-max\/"]}]},{"@type":"ImageObject","inLanguage":"hr","@id":"https:\/\/energostore.com\/product\/prijenosni-baterijski-agregat-ecoflow-delta-2-max\/#primaryimage","url":"https:\/\/energostore.com\/wp-content\/uploads\/2025\/07\/EcoFlow-Delta3-Max.webp","contentUrl":"https:\/\/energostore.com\/wp-content\/uploads\/2025\/07\/EcoFlow-Delta3-Max.webp","width":1370,"height":1128,"caption":"EcoFlow-Delta 2 Max"},{"@type":"BreadcrumbList","@id":"https:\/\/energostore.com\/product\/prijenosni-baterijski-agregat-ecoflow-delta-2-max\/#breadcrumb","itemListElement":[{"@type":"ListItem","position":1,"name":"Home","item":"https:\/\/energostore.com\/"},{"@type":"ListItem","position":2,"name":"Shop","item":"https:\/\/energostore.com\/hr\/shop\/"},{"@type":"ListItem","position":3,"name":"Prijenosni baterijski agregat EcoFlow Delta 2 Max"}]},{"@type":"WebSite","@id":"https:\/\/energostore.com\/hr\/#website","url":"https:\/\/energostore.com\/hr\/","name":"Energostore","description":"Solar products online store","publisher":{"@id":"https:\/\/energostore.com\/hr\/#organization"},"potentialAction":[{"@type":"SearchAction","target":{"@type":"EntryPoint","urlTemplate":"https:\/\/energostore.com\/hr\/?s={search_term_string}"},"query-input":{"@type":"PropertyValueSpecification","valueRequired":true,"valueName":"search_term_string"}}],"inLanguage":"hr"},{"@type":"Organization","@id":"https:\/\/energostore.com\/hr\/#organization","name":"Energostore","url":"https:\/\/energostore.com\/hr\/","logo":{"@type":"ImageObject","inLanguage":"hr","@id":"https:\/\/energostore.com\/hr\/#\/schema\/logo\/image\/","url":"https:\/\/energostore.com\/wp-content\/uploads\/2020\/07\/energostore_logo.png","contentUrl":"https:\/\/energostore.com\/wp-content\/uploads\/2020\/07\/energostore_logo.png","width":517,"height":100,"caption":"Energostore"},"image":{"@id":"https:\/\/energostore.com\/hr\/#\/schema\/logo\/image\/"}}]}},"_links":{"self":[{"href":"https:\/\/energostore.com\/hr\/wp-json\/wp\/v2\/product\/11085","targetHints":{"allow":["GET"]}}],"collection":[{"href":"https:\/\/energostore.com\/hr\/wp-json\/wp\/v2\/product"}],"about":[{"href":"https:\/\/energostore.com\/hr\/wp-json\/wp\/v2\/types\/product"}],"version-history":[{"count":3,"href":"https:\/\/energostore.com\/hr\/wp-json\/wp\/v2\/product\/11085\/revisions"}],"predecessor-version":[{"id":11118,"href":"https:\/\/energostore.com\/hr\/wp-json\/wp\/v2\/product\/11085\/revisions\/11118"}],"wp:featuredmedia":[{"embeddable":true,"href":"https:\/\/energostore.com\/hr\/wp-json\/wp\/v2\/media\/11105"}],"wp:attachment":[{"href":"https:\/\/energostore.com\/hr\/wp-json\/wp\/v2\/media?parent=11085"}],"wp:term":[{"taxonomy":"product_brand","embeddable":true,"href":"https:\/\/energostore.com\/hr\/wp-json\/wp\/v2\/product_brand?post=11085"},{"taxonomy":"product_cat","embeddable":true,"href":"https:\/\/energostore.com\/hr\/wp-json\/wp\/v2\/product_cat?post=11085"},{"taxonomy":"product_tag","embeddable":true,"href":"https:\/\/energostore.com\/hr\/wp-json\/wp\/v2\/product_tag?post=11085"}],"curies":[{"name":"wp","href":"https:\/\/api.w.org\/{rel}","templated":true}]}}