{"id":11078,"date":"2025-07-08T10:35:48","date_gmt":"2025-07-08T10:35:48","guid":{"rendered":"https:\/\/energostore.com\/?post_type=product&#038;p=11078"},"modified":"2025-07-10T06:47:36","modified_gmt":"2025-07-10T06:47:36","slug":"prijenosni-baterijski-agregat-ecoflow-delta-pro-3","status":"publish","type":"product","link":"https:\/\/energostore.com\/hr\/proizvod\/prijenosni-baterijski-agregat-ecoflow-delta-pro-3\/","title":{"rendered":"Prijenosni baterijski agregat EcoFlow Delta Pro 3"},"content":{"rendered":"<h3 data-start=\"338\" data-end=\"361\">Klju\u010dne zna\u010dajke:<\/h3>\n<ul data-start=\"363\" data-end=\"1016\">\n<li data-start=\"363\" data-end=\"442\">\n<p data-start=\"365\" data-end=\"442\"><span class=\"relative -mx-px my-[-0.2rem] rounded px-px py-[0.2rem] transition-colors duration-100 ease-in-out\"><strong data-start=\"0\" data-end=\"21\" data-is-only-node=\"\">Ogroman kapacitet<\/strong>: 4\u202f096\u202fWh s mogu\u0107no\u0161\u0107u pro\u0161irenja do 48\u202fkWh uz dodatne baterije<\/span><\/p>\n<\/li>\n<li data-start=\"443\" data-end=\"522\">\n<p data-start=\"445\" data-end=\"522\"><span class=\"relative -mx-px my-[-0.2rem] rounded px-px py-[0.2rem] transition-colors duration-100 ease-in-out\"><strong data-start=\"0\" data-end=\"17\" data-is-only-node=\"\">Izlazna snaga<\/strong>: 4\u202f000\u202fW kontinuirano, s X\u2011Boost opcijom do 6\u202f000\u202fW i \u0161picom do 8\u202f000\u202fW<\/span><\/p>\n<\/li>\n<li data-start=\"523\" data-end=\"602\">\n<p data-start=\"525\" data-end=\"602\"><span class=\"relative -mx-px my-[-0.2rem] rounded px-px py-[0.2rem] transition-colors duration-100 ease-in-out\"><strong data-start=\"0\" data-end=\"23\" data-is-only-node=\"\">Ultra brzo punjenje<\/strong>: do 7\u202f000\u202fW ulaza \u2013 0\u219280\u202f% za manje od 50 min<\/span><\/p>\n<\/li>\n<li data-start=\"603\" data-end=\"682\">\n<p data-start=\"605\" data-end=\"682\"><span class=\"relative -mx-px my-[-0.2rem] rounded px-px py-[0.2rem] transition-colors duration-100 ease-in-out\"><strong data-start=\"0\" data-end=\"30\" data-is-only-node=\"\">Vi\u0161estruke opcije punjenja<\/strong>: AC uti\u010dnica, automobil, generator, EV stanica, solar (do 2\u202f600\u202fW), \u010dak i pametni panel \u2013 Total\u2011Flex dizajn<\/span><\/p>\n<\/li>\n<li data-start=\"683\" data-end=\"766\">\n<p data-start=\"685\" data-end=\"766\"><span class=\"relative -mx-px my-[-0.2rem] rounded px-px py-[0.2rem] transition-colors duration-100 ease-in-out\"><strong data-start=\"0\" data-end=\"20\" data-is-only-node=\"\">LiFePO\u2084 baterija<\/strong>: 4\u202f000 punjenja uz zadr\u017eavanje 80\u202f% kapaciteta, 10+ godina trajnosti, IP65 protiv pra\u0161ine i vode<\/span><\/p>\n<\/li>\n<li data-start=\"767\" data-end=\"850\">\n<p data-start=\"769\" data-end=\"850\"><span class=\"relative -mx-px my-[-0.2rem] rounded px-px py-[0.2rem] transition-colors duration-100 ease-in-out\"><strong data-start=\"0\" data-end=\"14\" data-is-only-node=\"\">UPS brzina<\/strong>: automatsko prebacivanje za manje od 10\u202fms \u2013 idealno za osjetljive ure\u0111aje<\/span><\/p>\n<\/li>\n<li data-start=\"851\" data-end=\"934\">\n<p data-start=\"853\" data-end=\"934\"><span class=\"relative -mx-px my-[-0.2rem] rounded px-px py-[0.2rem] transition-colors duration-100 ease-in-out\"><strong data-start=\"0\" data-end=\"18\" data-is-only-node=\"\">Tiha i robusna<\/strong>: samo 35\u202fdB pri 2\u202fkW, sa za\u0161titama (X\u2011Guard BMS, UL-certifikat, vatrootporna konstrukcija)<\/span><\/p>\n<\/li>\n<li data-start=\"935\" data-end=\"1016\">\n<p data-start=\"937\" data-end=\"1016\"><span class=\"relative -mx-px my-[-0.2rem] rounded px-px py-[0.2rem] transition-colors duration-100 ease-in-out\"><strong data-start=\"0\" data-end=\"15\" data-is-only-node=\"\">Povezivanje<\/strong>: 120\/240\u202fV split\u2011phase, podr\u0161ka Smart Home Panel 2, Wi\u2011Fi\/Bluetooth\/ CAN + upravljanje putem aplikacije<\/span><\/p>\n<\/li>\n<\/ul>\n<h3 data-start=\"1023\" data-end=\"1047\">Tehni\u010dki pregled:<\/h3>\n<div class=\"_tableContainer_80l1q_1\">\n<div class=\"_tableWrapper_80l1q_14 group flex w-fit flex-col-reverse\" tabindex=\"-1\">\n<table class=\"w-fit min-w-(--thread-content-width)\" data-start=\"1049\" data-end=\"1681\">\n<thead data-start=\"1049\" data-end=\"1093\">\n<tr data-start=\"1049\" data-end=\"1093\">\n<th data-start=\"1049\" data-end=\"1079\" data-col-size=\"sm\">Specifikacija<\/th>\n<th data-start=\"1079\" data-end=\"1093\" data-col-size=\"sm\">Vrijednost<\/th>\n<\/tr>\n<\/thead>\n<tbody data-start=\"1138\" data-end=\"1681\">\n<tr data-start=\"1138\" data-end=\"1210\">\n<td data-start=\"1138\" data-end=\"1167\" data-col-size=\"sm\"><strong data-start=\"1140\" data-end=\"1153\">Kapacitet<\/strong><\/td>\n<td data-start=\"1167\" data-end=\"1210\" data-col-size=\"sm\"><span class=\"relative -mx-px my-[-0.2rem] rounded px-px py-[0.2rem] transition-colors duration-100 ease-in-out\">4096\u202fWh (pro\u0161irivo do 48\u202fkWh)<\/span><\/td>\n<\/tr>\n<tr data-start=\"1211\" data-end=\"1282\">\n<td data-start=\"1211\" data-end=\"1239\" data-col-size=\"sm\"><strong data-start=\"1213\" data-end=\"1230\">Izlazna snaga<\/strong><\/td>\n<td data-start=\"1239\" data-end=\"1282\" data-col-size=\"sm\"><span class=\"relative -mx-px my-[-0.2rem] rounded px-px py-[0.2rem] transition-colors duration-100 ease-in-out\">4\u202f000\u202fW (X\u2011Boost 6\u20138\u202f000\u202fW)<\/span><\/td>\n<\/tr>\n<tr data-start=\"1283\" data-end=\"1354\">\n<td data-start=\"1283\" data-end=\"1311\" data-col-size=\"sm\"><strong data-start=\"1285\" data-end=\"1297\">Punjenje<\/strong><\/td>\n<td data-col-size=\"sm\" data-start=\"1311\" data-end=\"1354\"><span class=\"relative -mx-px my-[-0.2rem] rounded px-px py-[0.2rem] transition-colors duration-100 ease-in-out\">7\u202f000\u202fW kombinirano (50\u202fmin do 80\u202f%)<\/span><\/td>\n<\/tr>\n<tr data-start=\"1355\" data-end=\"1426\">\n<td data-start=\"1355\" data-end=\"1383\" data-col-size=\"sm\"><strong data-start=\"1357\" data-end=\"1373\">Solarni ulaz<\/strong><\/td>\n<td data-col-size=\"sm\" data-start=\"1383\" data-end=\"1426\"><span class=\"relative -mx-px my-[-0.2rem] rounded px-px py-[0.2rem] transition-colors duration-100 ease-in-out\">Do 2\u202f600\u202fW (visoko\u2011 + nisko\u2011naponski portovi)<\/span><\/td>\n<\/tr>\n<tr data-start=\"1427\" data-end=\"1498\">\n<td data-start=\"1427\" data-end=\"1455\" data-col-size=\"sm\"><strong data-start=\"1429\" data-end=\"1441\">Baterija<\/strong><\/td>\n<td data-col-size=\"sm\" data-start=\"1455\" data-end=\"1498\"><span class=\"relative -mx-px my-[-0.2rem] rounded px-px py-[0.2rem] transition-colors duration-100 ease-in-out\">LiFePO\u2084, 4\u202f000 ciklusa, IP65<\/span><\/td>\n<\/tr>\n<tr data-start=\"1499\" data-end=\"1537\">\n<td data-start=\"1499\" data-end=\"1526\" data-col-size=\"sm\"><strong data-start=\"1501\" data-end=\"1515\">UPS prekid<\/strong><\/td>\n<td data-start=\"1526\" data-end=\"1537\" data-col-size=\"sm\">&lt; 10\u202fms<\/td>\n<\/tr>\n<tr data-start=\"1538\" data-end=\"1609\">\n<td data-start=\"1538\" data-end=\"1566\" data-col-size=\"sm\"><strong data-start=\"1540\" data-end=\"1555\">Povezivanje<\/strong><\/td>\n<td data-start=\"1566\" data-end=\"1609\" data-col-size=\"sm\"><span class=\"relative -mx-px my-[-0.2rem] rounded px-px py-[0.2rem] transition-colors duration-100 ease-in-out\">120\/240\u202fV, Smart Home Panel 2<\/span><\/td>\n<\/tr>\n<tr data-start=\"1610\" data-end=\"1681\">\n<td data-start=\"1610\" data-end=\"1638\" data-col-size=\"sm\"><strong data-start=\"1612\" data-end=\"1628\">Komunikacija<\/strong><\/td>\n<td data-col-size=\"sm\" data-start=\"1638\" data-end=\"1681\"><span class=\"relative -mx-px my-[-0.2rem] rounded px-px py-[0.2rem] transition-colors duration-100 ease-in-out\">Wi\u2011Fi, Bluetooth, CAN + app<\/span><\/td>\n<\/tr>\n<\/tbody>\n<\/table>\n<div class=\"sticky end-(--thread-content-margin) h-0 self-end select-none\">\n<div class=\"absolute end-0 flex items-end\"><\/div>\n<\/div>\n<\/div>\n<\/div>\n<h3 data-start=\"1688\" data-end=\"1704\">Primjena:<\/h3>\n<ul data-start=\"1706\" data-end=\"1879\">\n<li data-start=\"1706\" data-end=\"1749\">\n<p data-start=\"1708\" data-end=\"1749\"><span class=\"relative -mx-px my-[-0.2rem] rounded px-px py-[0.2rem] transition-colors duration-100 ease-in-out\"><strong data-start=\"0\" data-end=\"17\" data-is-only-node=\"\">Backup za dom<\/strong> \u2013 bezbri\u017eno za fri\u017eider, AC, internet, rasvjetu<\/span><\/p>\n<\/li>\n<li data-start=\"1750\" data-end=\"1793\">\n<p data-start=\"1752\" data-end=\"1793\"><span class=\"relative -mx-px my-[-0.2rem] rounded px-px py-[0.2rem] transition-colors duration-100 ease-in-out\"><strong data-start=\"0\" data-end=\"17\" data-is-only-node=\"\">RV i glamping<\/strong> \u2013 pogodna za split-phase sustave<\/span><\/p>\n<\/li>\n<li data-start=\"1794\" data-end=\"1837\">\n<p data-start=\"1796\" data-end=\"1837\"><span class=\"relative -mx-px my-[-0.2rem] rounded px-px py-[0.2rem] transition-colors duration-100 ease-in-out\"><strong data-start=\"0\" data-end=\"29\" data-is-only-node=\"\">Profesionalci i radionice<\/strong> \u2013 snaga i kapacitet za alat<\/span><\/p>\n<\/li>\n<li data-start=\"1838\" data-end=\"1879\">\n<p data-start=\"1840\" data-end=\"1879\"><span class=\"relative -mx-px my-[-0.2rem] rounded px-px py-[0.2rem] transition-colors duration-100 ease-in-out\"><strong data-start=\"0\" data-end=\"32\" data-is-only-node=\"\">Ekstremna putovanja\/avanture<\/strong> \u2013 veliki kapacitet i brzo punjenje<\/span><\/p>\n<\/li>\n<\/ul>\n<div class=\"_tableContainer_80l1q_1\"><\/div>\n","protected":false},"excerpt":{"rendered":"<p>Prijenosni baterijski generator EcoFlow Delta Pro 3<\/p>","protected":false},"featured_media":11104,"menu_order":319,"template":"","meta":[],"product_brand":[],"product_cat":[327],"product_tag":[],"class_list":{"0":"post-11078","1":"product","2":"type-product","3":"status-publish","4":"has-post-thumbnail","6":"product_cat-baterijski-agregati","7":"product_shipping_class-delivery","9":"first","10":"instock","11":"shipping-taxable","12":"purchasable","13":"product-type-simple"},"yoast_head":"<!-- This site is optimized with the Yoast SEO plugin v27.3 - https:\/\/yoast.com\/product\/yoast-seo-wordpress\/ -->\n<title>Prijenosni baterijski agregat EcoFlow Delta Pro 3 - Energostore<\/title>\n<meta name=\"robots\" content=\"index, follow, max-snippet:-1, max-image-preview:large, max-video-preview:-1\" \/>\n<link rel=\"canonical\" href=\"https:\/\/energostore.com\/hr\/proizvod\/prijenosni-baterijski-agregat-ecoflow-delta-pro-3\/\" \/>\n<meta property=\"og:locale\" content=\"hr_HR\" \/>\n<meta property=\"og:type\" content=\"article\" \/>\n<meta property=\"og:title\" content=\"Prijenosni baterijski agregat EcoFlow Delta Pro 3 - Energostore\" \/>\n<meta property=\"og:description\" content=\"Prijenosni baterijski generator EcoFlow Delta Pro 3\" \/>\n<meta property=\"og:url\" content=\"https:\/\/energostore.com\/hr\/proizvod\/prijenosni-baterijski-agregat-ecoflow-delta-pro-3\/\" \/>\n<meta property=\"og:site_name\" content=\"Energostore\" \/>\n<meta property=\"article:modified_time\" content=\"2025-07-10T06:47:36+00:00\" \/>\n<meta property=\"og:image\" content=\"https:\/\/energostore.com\/wp-content\/uploads\/2025\/07\/EcoFlow-Delta-Pro-3-7-1.webp\" \/>\n\t<meta property=\"og:image:width\" content=\"1370\" \/>\n\t<meta property=\"og:image:height\" content=\"1128\" \/>\n\t<meta property=\"og:image:type\" content=\"image\/webp\" \/>\n<meta name=\"twitter:card\" content=\"summary_large_image\" \/>\n<meta name=\"twitter:label1\" content=\"Procijenjeno vrijeme \u010ditanja\" \/>\n\t<meta name=\"twitter:data1\" content=\"2 minute\" \/>\n<script type=\"application\/ld+json\" class=\"yoast-schema-graph\">{\"@context\":\"https:\\\/\\\/schema.org\",\"@graph\":[{\"@type\":\"WebPage\",\"@id\":\"https:\\\/\\\/energostore.com\\\/product\\\/prijenosni-baterijski-agregat-ecoflow-delta-pro-3\\\/\",\"url\":\"https:\\\/\\\/energostore.com\\\/product\\\/prijenosni-baterijski-agregat-ecoflow-delta-pro-3\\\/\",\"name\":\"Prijenosni baterijski agregat EcoFlow Delta Pro 3 - Energostore\",\"isPartOf\":{\"@id\":\"https:\\\/\\\/energostore.com\\\/hr\\\/#website\"},\"primaryImageOfPage\":{\"@id\":\"https:\\\/\\\/energostore.com\\\/product\\\/prijenosni-baterijski-agregat-ecoflow-delta-pro-3\\\/#primaryimage\"},\"image\":{\"@id\":\"https:\\\/\\\/energostore.com\\\/product\\\/prijenosni-baterijski-agregat-ecoflow-delta-pro-3\\\/#primaryimage\"},\"thumbnailUrl\":\"https:\\\/\\\/energostore.com\\\/wp-content\\\/uploads\\\/2025\\\/07\\\/EcoFlow-Delta-Pro-3-7-1.webp\",\"datePublished\":\"2025-07-08T10:35:48+00:00\",\"dateModified\":\"2025-07-10T06:47:36+00:00\",\"breadcrumb\":{\"@id\":\"https:\\\/\\\/energostore.com\\\/product\\\/prijenosni-baterijski-agregat-ecoflow-delta-pro-3\\\/#breadcrumb\"},\"inLanguage\":\"hr\",\"potentialAction\":[{\"@type\":\"ReadAction\",\"target\":[\"https:\\\/\\\/energostore.com\\\/product\\\/prijenosni-baterijski-agregat-ecoflow-delta-pro-3\\\/\"]}]},{\"@type\":\"ImageObject\",\"inLanguage\":\"hr\",\"@id\":\"https:\\\/\\\/energostore.com\\\/product\\\/prijenosni-baterijski-agregat-ecoflow-delta-pro-3\\\/#primaryimage\",\"url\":\"https:\\\/\\\/energostore.com\\\/wp-content\\\/uploads\\\/2025\\\/07\\\/EcoFlow-Delta-Pro-3-7-1.webp\",\"contentUrl\":\"https:\\\/\\\/energostore.com\\\/wp-content\\\/uploads\\\/2025\\\/07\\\/EcoFlow-Delta-Pro-3-7-1.webp\",\"width\":1370,\"height\":1128},{\"@type\":\"BreadcrumbList\",\"@id\":\"https:\\\/\\\/energostore.com\\\/product\\\/prijenosni-baterijski-agregat-ecoflow-delta-pro-3\\\/#breadcrumb\",\"itemListElement\":[{\"@type\":\"ListItem\",\"position\":1,\"name\":\"Home\",\"item\":\"https:\\\/\\\/energostore.com\\\/\"},{\"@type\":\"ListItem\",\"position\":2,\"name\":\"Shop\",\"item\":\"https:\\\/\\\/energostore.com\\\/hr\\\/shop\\\/\"},{\"@type\":\"ListItem\",\"position\":3,\"name\":\"Prijenosni baterijski agregat EcoFlow Delta Pro 3\"}]},{\"@type\":\"WebSite\",\"@id\":\"https:\\\/\\\/energostore.com\\\/hr\\\/#website\",\"url\":\"https:\\\/\\\/energostore.com\\\/hr\\\/\",\"name\":\"Energostore\",\"description\":\"Solar products online store\",\"publisher\":{\"@id\":\"https:\\\/\\\/energostore.com\\\/hr\\\/#organization\"},\"potentialAction\":[{\"@type\":\"SearchAction\",\"target\":{\"@type\":\"EntryPoint\",\"urlTemplate\":\"https:\\\/\\\/energostore.com\\\/hr\\\/?s={search_term_string}\"},\"query-input\":{\"@type\":\"PropertyValueSpecification\",\"valueRequired\":true,\"valueName\":\"search_term_string\"}}],\"inLanguage\":\"hr\"},{\"@type\":\"Organization\",\"@id\":\"https:\\\/\\\/energostore.com\\\/hr\\\/#organization\",\"name\":\"Energostore\",\"url\":\"https:\\\/\\\/energostore.com\\\/hr\\\/\",\"logo\":{\"@type\":\"ImageObject\",\"inLanguage\":\"hr\",\"@id\":\"https:\\\/\\\/energostore.com\\\/hr\\\/#\\\/schema\\\/logo\\\/image\\\/\",\"url\":\"https:\\\/\\\/energostore.com\\\/wp-content\\\/uploads\\\/2020\\\/07\\\/energostore_logo.png\",\"contentUrl\":\"https:\\\/\\\/energostore.com\\\/wp-content\\\/uploads\\\/2020\\\/07\\\/energostore_logo.png\",\"width\":517,\"height\":100,\"caption\":\"Energostore\"},\"image\":{\"@id\":\"https:\\\/\\\/energostore.com\\\/hr\\\/#\\\/schema\\\/logo\\\/image\\\/\"}}]}<\/script>\n<!-- \/ Yoast SEO plugin. -->","yoast_head_json":{"title":"Prijenosni baterijski agregat EcoFlow Delta Pro 3 - Energostore","robots":{"index":"index","follow":"follow","max-snippet":"max-snippet:-1","max-image-preview":"max-image-preview:large","max-video-preview":"max-video-preview:-1"},"canonical":"https:\/\/energostore.com\/hr\/proizvod\/prijenosni-baterijski-agregat-ecoflow-delta-pro-3\/","og_locale":"hr_HR","og_type":"article","og_title":"Prijenosni baterijski agregat EcoFlow Delta Pro 3 - Energostore","og_description":"Prijenosni baterijski generator EcoFlow Delta Pro 3","og_url":"https:\/\/energostore.com\/hr\/proizvod\/prijenosni-baterijski-agregat-ecoflow-delta-pro-3\/","og_site_name":"Energostore","article_modified_time":"2025-07-10T06:47:36+00:00","og_image":[{"width":1370,"height":1128,"url":"https:\/\/energostore.com\/wp-content\/uploads\/2025\/07\/EcoFlow-Delta-Pro-3-7-1.webp","type":"image\/webp"}],"twitter_card":"summary_large_image","twitter_misc":{"Procijenjeno vrijeme \u010ditanja":"2 minute"},"schema":{"@context":"https:\/\/schema.org","@graph":[{"@type":"WebPage","@id":"https:\/\/energostore.com\/product\/prijenosni-baterijski-agregat-ecoflow-delta-pro-3\/","url":"https:\/\/energostore.com\/product\/prijenosni-baterijski-agregat-ecoflow-delta-pro-3\/","name":"Prijenosni baterijski agregat EcoFlow Delta Pro 3 - Energostore","isPartOf":{"@id":"https:\/\/energostore.com\/hr\/#website"},"primaryImageOfPage":{"@id":"https:\/\/energostore.com\/product\/prijenosni-baterijski-agregat-ecoflow-delta-pro-3\/#primaryimage"},"image":{"@id":"https:\/\/energostore.com\/product\/prijenosni-baterijski-agregat-ecoflow-delta-pro-3\/#primaryimage"},"thumbnailUrl":"https:\/\/energostore.com\/wp-content\/uploads\/2025\/07\/EcoFlow-Delta-Pro-3-7-1.webp","datePublished":"2025-07-08T10:35:48+00:00","dateModified":"2025-07-10T06:47:36+00:00","breadcrumb":{"@id":"https:\/\/energostore.com\/product\/prijenosni-baterijski-agregat-ecoflow-delta-pro-3\/#breadcrumb"},"inLanguage":"hr","potentialAction":[{"@type":"ReadAction","target":["https:\/\/energostore.com\/product\/prijenosni-baterijski-agregat-ecoflow-delta-pro-3\/"]}]},{"@type":"ImageObject","inLanguage":"hr","@id":"https:\/\/energostore.com\/product\/prijenosni-baterijski-agregat-ecoflow-delta-pro-3\/#primaryimage","url":"https:\/\/energostore.com\/wp-content\/uploads\/2025\/07\/EcoFlow-Delta-Pro-3-7-1.webp","contentUrl":"https:\/\/energostore.com\/wp-content\/uploads\/2025\/07\/EcoFlow-Delta-Pro-3-7-1.webp","width":1370,"height":1128},{"@type":"BreadcrumbList","@id":"https:\/\/energostore.com\/product\/prijenosni-baterijski-agregat-ecoflow-delta-pro-3\/#breadcrumb","itemListElement":[{"@type":"ListItem","position":1,"name":"Home","item":"https:\/\/energostore.com\/"},{"@type":"ListItem","position":2,"name":"Shop","item":"https:\/\/energostore.com\/hr\/shop\/"},{"@type":"ListItem","position":3,"name":"Prijenosni baterijski agregat EcoFlow Delta Pro 3"}]},{"@type":"WebSite","@id":"https:\/\/energostore.com\/hr\/#website","url":"https:\/\/energostore.com\/hr\/","name":"Energostore","description":"Solar products online store","publisher":{"@id":"https:\/\/energostore.com\/hr\/#organization"},"potentialAction":[{"@type":"SearchAction","target":{"@type":"EntryPoint","urlTemplate":"https:\/\/energostore.com\/hr\/?s={search_term_string}"},"query-input":{"@type":"PropertyValueSpecification","valueRequired":true,"valueName":"search_term_string"}}],"inLanguage":"hr"},{"@type":"Organization","@id":"https:\/\/energostore.com\/hr\/#organization","name":"Energostore","url":"https:\/\/energostore.com\/hr\/","logo":{"@type":"ImageObject","inLanguage":"hr","@id":"https:\/\/energostore.com\/hr\/#\/schema\/logo\/image\/","url":"https:\/\/energostore.com\/wp-content\/uploads\/2020\/07\/energostore_logo.png","contentUrl":"https:\/\/energostore.com\/wp-content\/uploads\/2020\/07\/energostore_logo.png","width":517,"height":100,"caption":"Energostore"},"image":{"@id":"https:\/\/energostore.com\/hr\/#\/schema\/logo\/image\/"}}]}},"_links":{"self":[{"href":"https:\/\/energostore.com\/hr\/wp-json\/wp\/v2\/product\/11078","targetHints":{"allow":["GET"]}}],"collection":[{"href":"https:\/\/energostore.com\/hr\/wp-json\/wp\/v2\/product"}],"about":[{"href":"https:\/\/energostore.com\/hr\/wp-json\/wp\/v2\/types\/product"}],"version-history":[{"count":2,"href":"https:\/\/energostore.com\/hr\/wp-json\/wp\/v2\/product\/11078\/revisions"}],"predecessor-version":[{"id":11119,"href":"https:\/\/energostore.com\/hr\/wp-json\/wp\/v2\/product\/11078\/revisions\/11119"}],"wp:featuredmedia":[{"embeddable":true,"href":"https:\/\/energostore.com\/hr\/wp-json\/wp\/v2\/media\/11104"}],"wp:attachment":[{"href":"https:\/\/energostore.com\/hr\/wp-json\/wp\/v2\/media?parent=11078"}],"wp:term":[{"taxonomy":"product_brand","embeddable":true,"href":"https:\/\/energostore.com\/hr\/wp-json\/wp\/v2\/product_brand?post=11078"},{"taxonomy":"product_cat","embeddable":true,"href":"https:\/\/energostore.com\/hr\/wp-json\/wp\/v2\/product_cat?post=11078"},{"taxonomy":"product_tag","embeddable":true,"href":"https:\/\/energostore.com\/hr\/wp-json\/wp\/v2\/product_tag?post=11078"}],"curies":[{"name":"wp","href":"https:\/\/api.w.org\/{rel}","templated":true}]}}