{"id":11065,"date":"2025-07-08T06:43:11","date_gmt":"2025-07-08T06:43:11","guid":{"rendered":"https:\/\/energostore.com\/?post_type=product&#038;p=11065"},"modified":"2025-07-10T06:46:17","modified_gmt":"2025-07-10T06:46:17","slug":"prijenosni-baterijski-agregat-ecoflow-river-3","status":"publish","type":"product","link":"https:\/\/energostore.com\/hr\/proizvod\/prijenosni-baterijski-agregat-ecoflow-river-3\/","title":{"rendered":"Prijenosni baterijski agregat EcoFlow River 3"},"content":{"rendered":"<p data-start=\"196\" data-end=\"458\">EcoFlow River 3 donosi novu eru prijenosnih baterija zahvaljuju\u0107i inovativnoj X-GaNPower tehnologiji. Ovaj pametni generator nudi iznimno tih i u\u010dinkovit rad u izuzetno kompaktnom formatu, idealan za svakodnevnu upotrebu i napajanje manjih elektroni\u010dkih ure\u0111aja.<\/p>\n<h3 data-start=\"253\" data-end=\"276\">Klju\u010dne zna\u010dajke:<\/h3>\n<ul data-start=\"277\" data-end=\"846\">\n<li data-start=\"277\" data-end=\"356\">\n<p data-start=\"279\" data-end=\"356\"><span class=\"relative -mx-px my-[-0.2rem] rounded px-px py-[0.2rem] transition-colors duration-100 ease-in-out\"><strong data-start=\"0\" data-end=\"22\" data-is-only-node=\"\">Kapacitet baterije<\/strong>: 245\u202fWh LiFePO\u2084 \u2013 izdr\u017eljiva, dugovje\u010dna baterija (~3000 ciklusa do 80\u202f%)<\/span><\/p>\n<\/li>\n<li data-start=\"357\" data-end=\"436\">\n<p data-start=\"359\" data-end=\"436\"><span class=\"relative -mx-px my-[-0.2rem] rounded px-px py-[0.2rem] transition-colors duration-100 ease-in-out\"><strong data-start=\"0\" data-end=\"15\" data-is-only-node=\"\">Maks. snaga<\/strong>: 300\u202fW stalno; X\u2011Boost do 600\u202fW za kratkotrajne potrebe<\/span><\/p>\n<\/li>\n<li data-start=\"357\" data-end=\"436\">\n<p data-start=\"359\" data-end=\"436\"><span class=\"relative -mx-px my-[-0.2rem] rounded px-px py-[0.2rem] transition-colors duration-100 ease-in-out\"><strong data-start=\"0\" data-end=\"16\" data-is-only-node=\"\">Vrijeme rada<\/strong>: do dvostruko du\u017ee za ure\u0111aje ispod 100\u202fW zahvaljuju\u0107i X\u2011GaNPower optimizaciji<\/span><\/p>\n<\/li>\n<li data-start=\"517\" data-end=\"596\">\n<p data-start=\"519\" data-end=\"596\"><span class=\"relative -mx-px my-[-0.2rem] rounded px-px py-[0.2rem] transition-colors duration-100 ease-in-out\"><strong data-start=\"0\" data-end=\"17\" data-is-only-node=\"\">Brzo punjenje<\/strong>: 0\u2192100\u202f% u samo 1 sat putem AC ili do 2,6 sat solarnim putem (110\u202fW)<\/span><\/p>\n<\/li>\n<li data-start=\"517\" data-end=\"596\">\n<p data-start=\"519\" data-end=\"596\"><span class=\"relative -mx-px my-[-0.2rem] rounded px-px py-[0.2rem] transition-colors duration-100 ease-in-out\"><strong data-start=\"0\" data-end=\"15\" data-is-only-node=\"\">UPS za\u0161tita<\/strong>: automatski prekida\u010d (&lt;\u202f20\u202fms), \u0161titi osjetljivu elektroniku pri nestanku struje<\/span><\/p>\n<\/li>\n<li data-start=\"517\" data-end=\"596\">\n<p data-start=\"519\" data-end=\"596\"><span class=\"relative -mx-px my-[-0.2rem] rounded px-px py-[0.2rem] transition-colors duration-100 ease-in-out\"><strong data-start=\"0\" data-end=\"11\" data-is-only-node=\"\">Tih rad<\/strong>: &lt;\u202f30\u202fdB \u2013 gotovo ne\u010dujan, pogodan za 24\/7 upotrebu<\/span><\/p>\n<\/li>\n<li data-start=\"517\" data-end=\"596\">\n<p data-start=\"519\" data-end=\"596\"><span class=\"relative -mx-px my-[-0.2rem] rounded px-px py-[0.2rem] transition-colors duration-100 ease-in-out\"><strong data-start=\"0\" data-end=\"16\" data-is-only-node=\"\">IP54 za\u0161tita<\/strong>: otporan na prskanje vode i pra\u0161inu<\/span><\/p>\n<\/li>\n<\/ul>\n<h3 data-start=\"848\" data-end=\"875\">Priklju\u010dci i izlazi:<\/h3>\n<ul data-start=\"876\" data-end=\"1135\">\n<li data-start=\"876\" data-end=\"919\">\n<p data-start=\"878\" data-end=\"919\"><span class=\"relative -mx-px my-[-0.2rem] rounded px-px py-[0.2rem] transition-colors duration-100 ease-in-out\"><strong data-start=\"0\" data-end=\"16\" data-is-only-node=\"\">2\u00d7 AC izlaza<\/strong> (300\u202fW)<\/span><\/p>\n<\/li>\n<li data-start=\"920\" data-end=\"963\">\n<p data-start=\"922\" data-end=\"963\"><span class=\"relative -mx-px my-[-0.2rem] rounded px-px py-[0.2rem] transition-colors duration-100 ease-in-out\"><strong data-start=\"0\" data-end=\"12\" data-is-only-node=\"\">2\u00d7 USB-A<\/strong> (5\u202fV\/2,4\u202fA, ukupno 24\u202fW)<\/span><\/p>\n<\/li>\n<li data-start=\"964\" data-end=\"1007\">\n<p data-start=\"966\" data-end=\"1007\"><span class=\"relative -mx-px my-[-0.2rem] rounded px-px py-[0.2rem] transition-colors duration-100 ease-in-out\"><strong data-start=\"0\" data-end=\"12\" data-is-only-node=\"\">1\u00d7 USB\u2011C<\/strong> (do 100\u202fW PD)<\/span><\/p>\n<\/li>\n<li data-start=\"1008\" data-end=\"1051\">\n<p data-start=\"1010\" data-end=\"1051\"><span class=\"relative -mx-px my-[-0.2rem] rounded px-px py-[0.2rem] transition-colors duration-100 ease-in-out\"><strong data-start=\"0\" data-end=\"31\" data-is-last-node=\"\" data-is-only-node=\"\">1\u00d7 automobilski (12\u202fV\/10\u202fA)<\/strong><\/span><\/p>\n<\/li>\n<li data-start=\"1052\" data-end=\"1135\">\n<p data-start=\"1054\" data-end=\"1135\"><span class=\"relative -mx-px my-[-0.2rem] rounded px-px py-[0.2rem] transition-colors duration-100 ease-in-out\"><strong data-start=\"0\" data-end=\"26\" data-is-only-node=\"\">Priklju\u010dak za punjenje<\/strong>: AC, solar, automobil ili generator<\/span><\/p>\n<\/li>\n<\/ul>\n<h3 data-start=\"1137\" data-end=\"1166\">Dimenzije i mobilnost:<\/h3>\n<ul data-start=\"1167\" data-end=\"1294\">\n<li data-start=\"1167\" data-end=\"1210\">\n<p data-start=\"1169\" data-end=\"1210\"><span class=\"relative -mx-px my-[-0.2rem] rounded px-px py-[0.2rem] transition-colors duration-100 ease-in-out\">Veli\u010dina: otprilike 255\u00d7212\u00d7113\u202fmm (\u224810\u00d78.3\u00d74.4 in)<\/span><\/p>\n<\/li>\n<li data-start=\"1211\" data-end=\"1294\">\n<p data-start=\"1213\" data-end=\"1294\"><span class=\"relative -mx-px my-[-0.2rem] rounded px-px py-[0.2rem] transition-colors duration-100 ease-in-out\">Te\u017eina: oko 3,5\u202fkg (7,8\u202flb)<\/span><\/p>\n<\/li>\n<\/ul>\n<p>&nbsp;<\/p>\n<div class=\"_tableContainer_80l1q_1\">\n<div class=\"_tableWrapper_80l1q_14 group flex w-fit flex-col-reverse\" tabindex=\"-1\">\n<div class=\"sticky end-(--thread-content-margin) h-0 self-end select-none\">\n<div class=\"absolute end-0 flex items-end\">Idealno za:<\/div>\n<\/div>\n<\/div>\n<\/div>\n<ul data-start=\"1936\" data-end=\"2109\">\n<li data-start=\"1936\" data-end=\"1971\">\n<p data-start=\"1938\" data-end=\"1971\">Kampiranje i outdoor aktivnosti<\/p>\n<\/li>\n<li data-start=\"1972\" data-end=\"2004\">\n<p data-start=\"1974\" data-end=\"2004\">Kratkotrajne nestanke struje<\/p>\n<\/li>\n<li data-start=\"2005\" data-end=\"2067\">\n<p data-start=\"2007\" data-end=\"2067\">Backup za Wi\u2011Fi, ra\u010dunala, ro\u0161tilje, ventilatore, rasvjetu<\/p>\n<\/li>\n<\/ul>\n<p>&nbsp;<\/p>\n<p>&nbsp;<\/p>\n","protected":false},"excerpt":{"rendered":"<p>Prijenosni baterijski generator EcoFlow River 3<\/p>","protected":false},"featured_media":11068,"menu_order":319,"template":"","meta":[],"product_brand":[],"product_cat":[327],"product_tag":[],"class_list":{"0":"post-11065","1":"product","2":"type-product","3":"status-publish","4":"has-post-thumbnail","6":"product_cat-baterijski-agregati","7":"product_shipping_class-delivery","9":"first","10":"instock","11":"shipping-taxable","12":"purchasable","13":"product-type-simple"},"yoast_head":"<!-- This site is optimized with the Yoast SEO plugin v27.3 - https:\/\/yoast.com\/product\/yoast-seo-wordpress\/ -->\n<title>Prijenosni baterijski agregat EcoFlow River 3 - Energostore<\/title>\n<meta name=\"robots\" content=\"index, follow, max-snippet:-1, max-image-preview:large, max-video-preview:-1\" \/>\n<link rel=\"canonical\" href=\"https:\/\/energostore.com\/hr\/proizvod\/prijenosni-baterijski-agregat-ecoflow-river-3\/\" \/>\n<meta property=\"og:locale\" content=\"hr_HR\" \/>\n<meta property=\"og:type\" content=\"article\" \/>\n<meta property=\"og:title\" content=\"Prijenosni baterijski agregat EcoFlow River 3 - Energostore\" \/>\n<meta property=\"og:description\" content=\"Prijenosni baterijski generator EcoFlow River 3\" \/>\n<meta property=\"og:url\" content=\"https:\/\/energostore.com\/hr\/proizvod\/prijenosni-baterijski-agregat-ecoflow-river-3\/\" \/>\n<meta property=\"og:site_name\" content=\"Energostore\" \/>\n<meta property=\"article:modified_time\" content=\"2025-07-10T06:46:17+00:00\" \/>\n<meta property=\"og:image\" content=\"https:\/\/energostore.com\/wp-content\/uploads\/2025\/07\/EcoFlow-RIVER-3-2.webp\" \/>\n\t<meta property=\"og:image:width\" content=\"1048\" \/>\n\t<meta property=\"og:image:height\" content=\"1048\" \/>\n\t<meta property=\"og:image:type\" content=\"image\/webp\" \/>\n<meta name=\"twitter:card\" content=\"summary_large_image\" \/>\n<meta name=\"twitter:label1\" content=\"Procijenjeno vrijeme \u010ditanja\" \/>\n\t<meta name=\"twitter:data1\" content=\"1 minuta\" \/>\n<script type=\"application\/ld+json\" class=\"yoast-schema-graph\">{\"@context\":\"https:\\\/\\\/schema.org\",\"@graph\":[{\"@type\":\"WebPage\",\"@id\":\"https:\\\/\\\/energostore.com\\\/product\\\/prijenosni-baterijski-agregat-ecoflow-river-3\\\/\",\"url\":\"https:\\\/\\\/energostore.com\\\/product\\\/prijenosni-baterijski-agregat-ecoflow-river-3\\\/\",\"name\":\"Prijenosni baterijski agregat EcoFlow River 3 - Energostore\",\"isPartOf\":{\"@id\":\"https:\\\/\\\/energostore.com\\\/hr\\\/#website\"},\"primaryImageOfPage\":{\"@id\":\"https:\\\/\\\/energostore.com\\\/product\\\/prijenosni-baterijski-agregat-ecoflow-river-3\\\/#primaryimage\"},\"image\":{\"@id\":\"https:\\\/\\\/energostore.com\\\/product\\\/prijenosni-baterijski-agregat-ecoflow-river-3\\\/#primaryimage\"},\"thumbnailUrl\":\"https:\\\/\\\/energostore.com\\\/wp-content\\\/uploads\\\/2025\\\/07\\\/EcoFlow-RIVER-3-2.webp\",\"datePublished\":\"2025-07-08T06:43:11+00:00\",\"dateModified\":\"2025-07-10T06:46:17+00:00\",\"breadcrumb\":{\"@id\":\"https:\\\/\\\/energostore.com\\\/product\\\/prijenosni-baterijski-agregat-ecoflow-river-3\\\/#breadcrumb\"},\"inLanguage\":\"hr\",\"potentialAction\":[{\"@type\":\"ReadAction\",\"target\":[\"https:\\\/\\\/energostore.com\\\/product\\\/prijenosni-baterijski-agregat-ecoflow-river-3\\\/\"]}]},{\"@type\":\"ImageObject\",\"inLanguage\":\"hr\",\"@id\":\"https:\\\/\\\/energostore.com\\\/product\\\/prijenosni-baterijski-agregat-ecoflow-river-3\\\/#primaryimage\",\"url\":\"https:\\\/\\\/energostore.com\\\/wp-content\\\/uploads\\\/2025\\\/07\\\/EcoFlow-RIVER-3-2.webp\",\"contentUrl\":\"https:\\\/\\\/energostore.com\\\/wp-content\\\/uploads\\\/2025\\\/07\\\/EcoFlow-RIVER-3-2.webp\",\"width\":1048,\"height\":1048},{\"@type\":\"BreadcrumbList\",\"@id\":\"https:\\\/\\\/energostore.com\\\/product\\\/prijenosni-baterijski-agregat-ecoflow-river-3\\\/#breadcrumb\",\"itemListElement\":[{\"@type\":\"ListItem\",\"position\":1,\"name\":\"Home\",\"item\":\"https:\\\/\\\/energostore.com\\\/\"},{\"@type\":\"ListItem\",\"position\":2,\"name\":\"Shop\",\"item\":\"https:\\\/\\\/energostore.com\\\/hr\\\/shop\\\/\"},{\"@type\":\"ListItem\",\"position\":3,\"name\":\"Prijenosni baterijski agregat EcoFlow River 3\"}]},{\"@type\":\"WebSite\",\"@id\":\"https:\\\/\\\/energostore.com\\\/hr\\\/#website\",\"url\":\"https:\\\/\\\/energostore.com\\\/hr\\\/\",\"name\":\"Energostore\",\"description\":\"Solar products online store\",\"publisher\":{\"@id\":\"https:\\\/\\\/energostore.com\\\/hr\\\/#organization\"},\"potentialAction\":[{\"@type\":\"SearchAction\",\"target\":{\"@type\":\"EntryPoint\",\"urlTemplate\":\"https:\\\/\\\/energostore.com\\\/hr\\\/?s={search_term_string}\"},\"query-input\":{\"@type\":\"PropertyValueSpecification\",\"valueRequired\":true,\"valueName\":\"search_term_string\"}}],\"inLanguage\":\"hr\"},{\"@type\":\"Organization\",\"@id\":\"https:\\\/\\\/energostore.com\\\/hr\\\/#organization\",\"name\":\"Energostore\",\"url\":\"https:\\\/\\\/energostore.com\\\/hr\\\/\",\"logo\":{\"@type\":\"ImageObject\",\"inLanguage\":\"hr\",\"@id\":\"https:\\\/\\\/energostore.com\\\/hr\\\/#\\\/schema\\\/logo\\\/image\\\/\",\"url\":\"https:\\\/\\\/energostore.com\\\/wp-content\\\/uploads\\\/2020\\\/07\\\/energostore_logo.png\",\"contentUrl\":\"https:\\\/\\\/energostore.com\\\/wp-content\\\/uploads\\\/2020\\\/07\\\/energostore_logo.png\",\"width\":517,\"height\":100,\"caption\":\"Energostore\"},\"image\":{\"@id\":\"https:\\\/\\\/energostore.com\\\/hr\\\/#\\\/schema\\\/logo\\\/image\\\/\"}}]}<\/script>\n<!-- \/ Yoast SEO plugin. -->","yoast_head_json":{"title":"Prijenosni baterijski agregat EcoFlow River 3 - Energostore","robots":{"index":"index","follow":"follow","max-snippet":"max-snippet:-1","max-image-preview":"max-image-preview:large","max-video-preview":"max-video-preview:-1"},"canonical":"https:\/\/energostore.com\/hr\/proizvod\/prijenosni-baterijski-agregat-ecoflow-river-3\/","og_locale":"hr_HR","og_type":"article","og_title":"Prijenosni baterijski agregat EcoFlow River 3 - Energostore","og_description":"Prijenosni baterijski generator EcoFlow River 3","og_url":"https:\/\/energostore.com\/hr\/proizvod\/prijenosni-baterijski-agregat-ecoflow-river-3\/","og_site_name":"Energostore","article_modified_time":"2025-07-10T06:46:17+00:00","og_image":[{"width":1048,"height":1048,"url":"https:\/\/energostore.com\/wp-content\/uploads\/2025\/07\/EcoFlow-RIVER-3-2.webp","type":"image\/webp"}],"twitter_card":"summary_large_image","twitter_misc":{"Procijenjeno vrijeme \u010ditanja":"1 minuta"},"schema":{"@context":"https:\/\/schema.org","@graph":[{"@type":"WebPage","@id":"https:\/\/energostore.com\/product\/prijenosni-baterijski-agregat-ecoflow-river-3\/","url":"https:\/\/energostore.com\/product\/prijenosni-baterijski-agregat-ecoflow-river-3\/","name":"Prijenosni baterijski agregat EcoFlow River 3 - Energostore","isPartOf":{"@id":"https:\/\/energostore.com\/hr\/#website"},"primaryImageOfPage":{"@id":"https:\/\/energostore.com\/product\/prijenosni-baterijski-agregat-ecoflow-river-3\/#primaryimage"},"image":{"@id":"https:\/\/energostore.com\/product\/prijenosni-baterijski-agregat-ecoflow-river-3\/#primaryimage"},"thumbnailUrl":"https:\/\/energostore.com\/wp-content\/uploads\/2025\/07\/EcoFlow-RIVER-3-2.webp","datePublished":"2025-07-08T06:43:11+00:00","dateModified":"2025-07-10T06:46:17+00:00","breadcrumb":{"@id":"https:\/\/energostore.com\/product\/prijenosni-baterijski-agregat-ecoflow-river-3\/#breadcrumb"},"inLanguage":"hr","potentialAction":[{"@type":"ReadAction","target":["https:\/\/energostore.com\/product\/prijenosni-baterijski-agregat-ecoflow-river-3\/"]}]},{"@type":"ImageObject","inLanguage":"hr","@id":"https:\/\/energostore.com\/product\/prijenosni-baterijski-agregat-ecoflow-river-3\/#primaryimage","url":"https:\/\/energostore.com\/wp-content\/uploads\/2025\/07\/EcoFlow-RIVER-3-2.webp","contentUrl":"https:\/\/energostore.com\/wp-content\/uploads\/2025\/07\/EcoFlow-RIVER-3-2.webp","width":1048,"height":1048},{"@type":"BreadcrumbList","@id":"https:\/\/energostore.com\/product\/prijenosni-baterijski-agregat-ecoflow-river-3\/#breadcrumb","itemListElement":[{"@type":"ListItem","position":1,"name":"Home","item":"https:\/\/energostore.com\/"},{"@type":"ListItem","position":2,"name":"Shop","item":"https:\/\/energostore.com\/hr\/shop\/"},{"@type":"ListItem","position":3,"name":"Prijenosni baterijski agregat EcoFlow River 3"}]},{"@type":"WebSite","@id":"https:\/\/energostore.com\/hr\/#website","url":"https:\/\/energostore.com\/hr\/","name":"Energostore","description":"Solar products online store","publisher":{"@id":"https:\/\/energostore.com\/hr\/#organization"},"potentialAction":[{"@type":"SearchAction","target":{"@type":"EntryPoint","urlTemplate":"https:\/\/energostore.com\/hr\/?s={search_term_string}"},"query-input":{"@type":"PropertyValueSpecification","valueRequired":true,"valueName":"search_term_string"}}],"inLanguage":"hr"},{"@type":"Organization","@id":"https:\/\/energostore.com\/hr\/#organization","name":"Energostore","url":"https:\/\/energostore.com\/hr\/","logo":{"@type":"ImageObject","inLanguage":"hr","@id":"https:\/\/energostore.com\/hr\/#\/schema\/logo\/image\/","url":"https:\/\/energostore.com\/wp-content\/uploads\/2020\/07\/energostore_logo.png","contentUrl":"https:\/\/energostore.com\/wp-content\/uploads\/2020\/07\/energostore_logo.png","width":517,"height":100,"caption":"Energostore"},"image":{"@id":"https:\/\/energostore.com\/hr\/#\/schema\/logo\/image\/"}}]}},"_links":{"self":[{"href":"https:\/\/energostore.com\/hr\/wp-json\/wp\/v2\/product\/11065","targetHints":{"allow":["GET"]}}],"collection":[{"href":"https:\/\/energostore.com\/hr\/wp-json\/wp\/v2\/product"}],"about":[{"href":"https:\/\/energostore.com\/hr\/wp-json\/wp\/v2\/types\/product"}],"version-history":[{"count":5,"href":"https:\/\/energostore.com\/hr\/wp-json\/wp\/v2\/product\/11065\/revisions"}],"predecessor-version":[{"id":11121,"href":"https:\/\/energostore.com\/hr\/wp-json\/wp\/v2\/product\/11065\/revisions\/11121"}],"wp:featuredmedia":[{"embeddable":true,"href":"https:\/\/energostore.com\/hr\/wp-json\/wp\/v2\/media\/11068"}],"wp:attachment":[{"href":"https:\/\/energostore.com\/hr\/wp-json\/wp\/v2\/media?parent=11065"}],"wp:term":[{"taxonomy":"product_brand","embeddable":true,"href":"https:\/\/energostore.com\/hr\/wp-json\/wp\/v2\/product_brand?post=11065"},{"taxonomy":"product_cat","embeddable":true,"href":"https:\/\/energostore.com\/hr\/wp-json\/wp\/v2\/product_cat?post=11065"},{"taxonomy":"product_tag","embeddable":true,"href":"https:\/\/energostore.com\/hr\/wp-json\/wp\/v2\/product_tag?post=11065"}],"curies":[{"name":"wp","href":"https:\/\/api.w.org\/{rel}","templated":true}]}}