{"id":11022,"date":"2025-07-03T08:02:17","date_gmt":"2025-07-03T08:02:17","guid":{"rendered":"https:\/\/energostore.com\/?post_type=product&#038;p=11022"},"modified":"2026-01-07T12:26:21","modified_gmt":"2026-01-07T12:26:21","slug":"solarni-set-za-balkon","status":"publish","type":"product","link":"https:\/\/energostore.com\/hr\/proizvod\/solarni-set-za-balkon\/","title":{"rendered":"Solarni set za balkon Dah  \u2013 840W (2x420W) s mikroinverterom i nadzorom"},"content":{"rendered":"<h4 data-start=\"453\" data-end=\"479\"><strong data-start=\"458\" data-end=\"479\">Sadr\u017eaj kompleta:<\/strong><\/h4>\n<ul data-start=\"480\" data-end=\"955\">\n<li data-start=\"480\" data-end=\"657\">\n<p data-start=\"482\" data-end=\"657\"><strong data-start=\"482\" data-end=\"523\">2x solarni panel DAH Solar FS BB 420W<\/strong><br data-start=\"523\" data-end=\"526\" \/>Inovativni <em data-start=\"539\" data-end=\"552\">Full-Screen<\/em>\u00a0 paneli u crnoj izvedbi (Black\/Black) osiguravaju vrhunsku u\u010dinkovitost i elegantan izgled.<\/p>\n<\/li>\n<li data-start=\"658\" data-end=\"747\">\n<p data-start=\"660\" data-end=\"747\"><strong data-start=\"660\" data-end=\"685\">1x mikroinverter 800W<\/strong><br data-start=\"685\" data-end=\"688\" \/>Visoka u\u010dinkovitost pretvorbe uz pouzdan rad i sigurnost.<\/p>\n<\/li>\n<li data-start=\"748\" data-end=\"832\">\n<p data-start=\"750\" data-end=\"832\"><strong data-start=\"750\" data-end=\"782\">1x AC kabel duljine 7 metara<\/strong><br data-start=\"782\" data-end=\"785\" \/>Prakti\u010dna duljina za fleksibilnu instalaciju.<\/p>\n<\/li>\n<li data-start=\"833\" data-end=\"955\">\n<p data-start=\"835\" data-end=\"955\"><strong data-start=\"835\" data-end=\"877\">1x ECU ure\u0111aj za nadzor i komunikaciju<\/strong><br data-start=\"877\" data-end=\"880\" \/>Omogu\u0107uje pra\u0107enje proizvodnje energije putem aplikacije ili web su\u010delja.<\/p>\n<\/li>\n<\/ul>\n<h4 data-start=\"957\" data-end=\"982\"><strong data-start=\"962\" data-end=\"982\">Tehni\u010dki podaci:<\/strong><\/h4>\n<ul data-start=\"983\" data-end=\"1315\">\n<li data-start=\"983\" data-end=\"1027\">\n<p data-start=\"985\" data-end=\"1027\"><strong data-start=\"985\" data-end=\"1010\">Ukupna snaga sustava:<\/strong> 840 W (2x 420 W)<\/p>\n<\/li>\n<li data-start=\"1028\" data-end=\"1058\">\n<p data-start=\"1030\" data-end=\"1058\"><strong data-start=\"1030\" data-end=\"1050\">Te\u017eina kompleta:<\/strong> 46,8 kg<\/p>\n<\/li>\n<li data-start=\"1059\" data-end=\"1122\">\n<p data-start=\"1061\" data-end=\"1122\"><strong data-start=\"1061\" data-end=\"1090\">Dimenzije panela (Dx\u0160xV):<\/strong> 1766 x 1132 x 32 mm (po panelu)<\/p>\n<\/li>\n<li data-start=\"1123\" data-end=\"1167\">\n<p data-start=\"1125\" data-end=\"1167\"><strong data-start=\"1125\" data-end=\"1141\">Boja modula:<\/strong> Crna \/ Crna (Black\/Black)<\/p>\n<\/li>\n<li data-start=\"1168\" data-end=\"1209\">\n<p data-start=\"1170\" data-end=\"1209\"><strong data-start=\"1170\" data-end=\"1203\">Nazivni izlaz mikroinvertera:<\/strong> 800 W<\/p>\n<\/li>\n<li data-start=\"1210\" data-end=\"1315\">\n<p data-start=\"1212\" data-end=\"1315\"><strong data-start=\"1212\" data-end=\"1230\">Tip invertera:<\/strong> DAH Solar SU800D (s integriranim DTU za nadzor)<\/p>\n<\/li>\n<\/ul>\n<h4 data-start=\"1317\" data-end=\"1336\"><strong data-start=\"1322\" data-end=\"1336\">Prednosti:<\/strong><\/h4>\n<ul data-start=\"1337\" data-end=\"1565\">\n<li data-start=\"1337\" data-end=\"1400\">\n<p data-start=\"1339\" data-end=\"1400\">Brza i jednostavna instalacija \u2013 idealno za stanove i balkone<\/p>\n<\/li>\n<li data-start=\"1401\" data-end=\"1458\">\n<p data-start=\"1403\" data-end=\"1458\">Nema potrebe za dozvolama (ovisno o lokalnim propisima)<\/p>\n<\/li>\n<li data-start=\"1459\" data-end=\"1511\">\n<p data-start=\"1461\" data-end=\"1511\">Mogu\u0107nost pra\u0107enja rada sustava u stvarnom vremenu<\/p>\n<\/li>\n<li data-start=\"1512\" data-end=\"1565\">\n<p data-start=\"1514\" data-end=\"1565\">Moderni dizajn koji se lako uklapa u urbani prostor<\/p>\n<\/li>\n<\/ul>\n<p>&nbsp;<\/p>\n<p>Korisni linkovi:<\/p>\n<p><a href=\"https:\/\/energostore.com\/wp-content\/uploads\/2025\/07\/DAH-SU800D.pdf\">Data Sheet<\/a><\/p>\n<p><a href=\"https:\/\/energostore.com\/wp-content\/uploads\/2025\/07\/Upute-za-instalaciju-aplikacije.pdf\">Upute za instalaciju aplikacije<\/a><\/p>\n<p><a href=\"https:\/\/energostore.com\/wp-content\/uploads\/2025\/07\/Certifikat.pdf\">Certifikat<\/a><\/p>","protected":false},"excerpt":{"rendered":"<p>Iskoristite snagu sunca \u010dak i na malim povr\u0161inama uz na\u0161 <strong data-start=\"268\" data-end=\"303\">kompletan solarni set za balkon<\/strong>. Ovaj \u201eplug-and-play\u201d sustav omogu\u0107uje jednostavnu instalaciju i brzo smanjenje tro\u0161kova elektri\u010dne energije.<\/p>","protected":false},"featured_media":11024,"menu_order":319,"template":"","meta":[],"product_brand":[],"product_cat":[208,326],"product_tag":[],"class_list":{"0":"post-11022","1":"product","2":"type-product","3":"status-publish","4":"has-post-thumbnail","6":"product_cat-solar-panels","7":"product_cat-solarni-set-za-balkon","8":"product_shipping_class-delivery","10":"first","11":"instock","12":"shipping-taxable","13":"purchasable","14":"product-type-simple"},"yoast_head":"<!-- This site is optimized with the Yoast SEO plugin v27.3 - https:\/\/yoast.com\/product\/yoast-seo-wordpress\/ -->\n<title>Solarni set za balkon Dah \u2013 840W (2x420W) s mikroinverterom i nadzorom - Energostore<\/title>\n<meta name=\"robots\" content=\"index, follow, max-snippet:-1, max-image-preview:large, max-video-preview:-1\" \/>\n<link rel=\"canonical\" href=\"https:\/\/energostore.com\/hr\/proizvod\/solarni-set-za-balkon\/\" \/>\n<meta property=\"og:locale\" content=\"hr_HR\" \/>\n<meta property=\"og:type\" content=\"article\" \/>\n<meta property=\"og:title\" content=\"Solarni set za balkon Dah \u2013 840W (2x420W) s mikroinverterom i nadzorom - Energostore\" \/>\n<meta property=\"og:description\" content=\"Iskoristite snagu sunca \u010dak i na malim povr\u0161inama uz na\u0161 kompletan solarni set za balkon. Ovaj \u201eplug-and-play\u201d sustav omogu\u0107uje jednostavnu instalaciju i brzo smanjenje tro\u0161kova elektri\u010dne energije.\" \/>\n<meta property=\"og:url\" content=\"https:\/\/energostore.com\/hr\/proizvod\/solarni-set-za-balkon\/\" \/>\n<meta property=\"og:site_name\" content=\"Energostore\" \/>\n<meta property=\"article:modified_time\" content=\"2026-01-07T12:26:21+00:00\" \/>\n<meta property=\"og:image\" content=\"https:\/\/energostore.com\/wp-content\/uploads\/2025\/07\/soalrni-set-za-balkon.webp\" \/>\n\t<meta property=\"og:image:width\" content=\"940\" \/>\n\t<meta property=\"og:image:height\" content=\"552\" \/>\n\t<meta property=\"og:image:type\" content=\"image\/webp\" \/>\n<meta name=\"twitter:card\" content=\"summary_large_image\" \/>\n<meta name=\"twitter:label1\" content=\"Procijenjeno vrijeme \u010ditanja\" \/>\n\t<meta name=\"twitter:data1\" content=\"1 minuta\" \/>\n<script type=\"application\/ld+json\" class=\"yoast-schema-graph\">{\"@context\":\"https:\\\/\\\/schema.org\",\"@graph\":[{\"@type\":\"WebPage\",\"@id\":\"https:\\\/\\\/energostore.com\\\/product\\\/solarni-set-za-balkon\\\/\",\"url\":\"https:\\\/\\\/energostore.com\\\/product\\\/solarni-set-za-balkon\\\/\",\"name\":\"Solarni set za balkon Dah \u2013 840W (2x420W) s mikroinverterom i nadzorom - Energostore\",\"isPartOf\":{\"@id\":\"https:\\\/\\\/energostore.com\\\/hr\\\/#website\"},\"primaryImageOfPage\":{\"@id\":\"https:\\\/\\\/energostore.com\\\/product\\\/solarni-set-za-balkon\\\/#primaryimage\"},\"image\":{\"@id\":\"https:\\\/\\\/energostore.com\\\/product\\\/solarni-set-za-balkon\\\/#primaryimage\"},\"thumbnailUrl\":\"https:\\\/\\\/energostore.com\\\/wp-content\\\/uploads\\\/2025\\\/07\\\/soalrni-set-za-balkon.webp\",\"datePublished\":\"2025-07-03T08:02:17+00:00\",\"dateModified\":\"2026-01-07T12:26:21+00:00\",\"breadcrumb\":{\"@id\":\"https:\\\/\\\/energostore.com\\\/product\\\/solarni-set-za-balkon\\\/#breadcrumb\"},\"inLanguage\":\"hr\",\"potentialAction\":[{\"@type\":\"ReadAction\",\"target\":[\"https:\\\/\\\/energostore.com\\\/product\\\/solarni-set-za-balkon\\\/\"]}]},{\"@type\":\"ImageObject\",\"inLanguage\":\"hr\",\"@id\":\"https:\\\/\\\/energostore.com\\\/product\\\/solarni-set-za-balkon\\\/#primaryimage\",\"url\":\"https:\\\/\\\/energostore.com\\\/wp-content\\\/uploads\\\/2025\\\/07\\\/soalrni-set-za-balkon.webp\",\"contentUrl\":\"https:\\\/\\\/energostore.com\\\/wp-content\\\/uploads\\\/2025\\\/07\\\/soalrni-set-za-balkon.webp\",\"width\":940,\"height\":552},{\"@type\":\"BreadcrumbList\",\"@id\":\"https:\\\/\\\/energostore.com\\\/product\\\/solarni-set-za-balkon\\\/#breadcrumb\",\"itemListElement\":[{\"@type\":\"ListItem\",\"position\":1,\"name\":\"Home\",\"item\":\"https:\\\/\\\/energostore.com\\\/\"},{\"@type\":\"ListItem\",\"position\":2,\"name\":\"Shop\",\"item\":\"https:\\\/\\\/energostore.com\\\/hr\\\/shop\\\/\"},{\"@type\":\"ListItem\",\"position\":3,\"name\":\"Solarni set za balkon Dah \u2013 840W (2x420W) s mikroinverterom i nadzorom\"}]},{\"@type\":\"WebSite\",\"@id\":\"https:\\\/\\\/energostore.com\\\/hr\\\/#website\",\"url\":\"https:\\\/\\\/energostore.com\\\/hr\\\/\",\"name\":\"Energostore\",\"description\":\"Solar products online store\",\"publisher\":{\"@id\":\"https:\\\/\\\/energostore.com\\\/hr\\\/#organization\"},\"potentialAction\":[{\"@type\":\"SearchAction\",\"target\":{\"@type\":\"EntryPoint\",\"urlTemplate\":\"https:\\\/\\\/energostore.com\\\/hr\\\/?s={search_term_string}\"},\"query-input\":{\"@type\":\"PropertyValueSpecification\",\"valueRequired\":true,\"valueName\":\"search_term_string\"}}],\"inLanguage\":\"hr\"},{\"@type\":\"Organization\",\"@id\":\"https:\\\/\\\/energostore.com\\\/hr\\\/#organization\",\"name\":\"Energostore\",\"url\":\"https:\\\/\\\/energostore.com\\\/hr\\\/\",\"logo\":{\"@type\":\"ImageObject\",\"inLanguage\":\"hr\",\"@id\":\"https:\\\/\\\/energostore.com\\\/hr\\\/#\\\/schema\\\/logo\\\/image\\\/\",\"url\":\"https:\\\/\\\/energostore.com\\\/wp-content\\\/uploads\\\/2020\\\/07\\\/energostore_logo.png\",\"contentUrl\":\"https:\\\/\\\/energostore.com\\\/wp-content\\\/uploads\\\/2020\\\/07\\\/energostore_logo.png\",\"width\":517,\"height\":100,\"caption\":\"Energostore\"},\"image\":{\"@id\":\"https:\\\/\\\/energostore.com\\\/hr\\\/#\\\/schema\\\/logo\\\/image\\\/\"}}]}<\/script>\n<!-- \/ Yoast SEO plugin. -->","yoast_head_json":{"title":"Solarni set za balkon Dah \u2013 840W (2x420W) s mikroinverterom i nadzorom - Energostore","robots":{"index":"index","follow":"follow","max-snippet":"max-snippet:-1","max-image-preview":"max-image-preview:large","max-video-preview":"max-video-preview:-1"},"canonical":"https:\/\/energostore.com\/hr\/proizvod\/solarni-set-za-balkon\/","og_locale":"hr_HR","og_type":"article","og_title":"Solarni set za balkon Dah \u2013 840W (2x420W) s mikroinverterom i nadzorom - Energostore","og_description":"Iskoristite snagu sunca \u010dak i na malim povr\u0161inama uz na\u0161 kompletan solarni set za balkon. Ovaj \u201eplug-and-play\u201d sustav omogu\u0107uje jednostavnu instalaciju i brzo smanjenje tro\u0161kova elektri\u010dne energije.","og_url":"https:\/\/energostore.com\/hr\/proizvod\/solarni-set-za-balkon\/","og_site_name":"Energostore","article_modified_time":"2026-01-07T12:26:21+00:00","og_image":[{"width":940,"height":552,"url":"https:\/\/energostore.com\/wp-content\/uploads\/2025\/07\/soalrni-set-za-balkon.webp","type":"image\/webp"}],"twitter_card":"summary_large_image","twitter_misc":{"Procijenjeno vrijeme \u010ditanja":"1 minuta"},"schema":{"@context":"https:\/\/schema.org","@graph":[{"@type":"WebPage","@id":"https:\/\/energostore.com\/product\/solarni-set-za-balkon\/","url":"https:\/\/energostore.com\/product\/solarni-set-za-balkon\/","name":"Solarni set za balkon Dah \u2013 840W (2x420W) s mikroinverterom i nadzorom - Energostore","isPartOf":{"@id":"https:\/\/energostore.com\/hr\/#website"},"primaryImageOfPage":{"@id":"https:\/\/energostore.com\/product\/solarni-set-za-balkon\/#primaryimage"},"image":{"@id":"https:\/\/energostore.com\/product\/solarni-set-za-balkon\/#primaryimage"},"thumbnailUrl":"https:\/\/energostore.com\/wp-content\/uploads\/2025\/07\/soalrni-set-za-balkon.webp","datePublished":"2025-07-03T08:02:17+00:00","dateModified":"2026-01-07T12:26:21+00:00","breadcrumb":{"@id":"https:\/\/energostore.com\/product\/solarni-set-za-balkon\/#breadcrumb"},"inLanguage":"hr","potentialAction":[{"@type":"ReadAction","target":["https:\/\/energostore.com\/product\/solarni-set-za-balkon\/"]}]},{"@type":"ImageObject","inLanguage":"hr","@id":"https:\/\/energostore.com\/product\/solarni-set-za-balkon\/#primaryimage","url":"https:\/\/energostore.com\/wp-content\/uploads\/2025\/07\/soalrni-set-za-balkon.webp","contentUrl":"https:\/\/energostore.com\/wp-content\/uploads\/2025\/07\/soalrni-set-za-balkon.webp","width":940,"height":552},{"@type":"BreadcrumbList","@id":"https:\/\/energostore.com\/product\/solarni-set-za-balkon\/#breadcrumb","itemListElement":[{"@type":"ListItem","position":1,"name":"Home","item":"https:\/\/energostore.com\/"},{"@type":"ListItem","position":2,"name":"Shop","item":"https:\/\/energostore.com\/hr\/shop\/"},{"@type":"ListItem","position":3,"name":"Solarni set za balkon Dah \u2013 840W (2x420W) s mikroinverterom i nadzorom"}]},{"@type":"WebSite","@id":"https:\/\/energostore.com\/hr\/#website","url":"https:\/\/energostore.com\/hr\/","name":"Energostore","description":"Solar products online store","publisher":{"@id":"https:\/\/energostore.com\/hr\/#organization"},"potentialAction":[{"@type":"SearchAction","target":{"@type":"EntryPoint","urlTemplate":"https:\/\/energostore.com\/hr\/?s={search_term_string}"},"query-input":{"@type":"PropertyValueSpecification","valueRequired":true,"valueName":"search_term_string"}}],"inLanguage":"hr"},{"@type":"Organization","@id":"https:\/\/energostore.com\/hr\/#organization","name":"Energostore","url":"https:\/\/energostore.com\/hr\/","logo":{"@type":"ImageObject","inLanguage":"hr","@id":"https:\/\/energostore.com\/hr\/#\/schema\/logo\/image\/","url":"https:\/\/energostore.com\/wp-content\/uploads\/2020\/07\/energostore_logo.png","contentUrl":"https:\/\/energostore.com\/wp-content\/uploads\/2020\/07\/energostore_logo.png","width":517,"height":100,"caption":"Energostore"},"image":{"@id":"https:\/\/energostore.com\/hr\/#\/schema\/logo\/image\/"}}]}},"_links":{"self":[{"href":"https:\/\/energostore.com\/hr\/wp-json\/wp\/v2\/product\/11022","targetHints":{"allow":["GET"]}}],"collection":[{"href":"https:\/\/energostore.com\/hr\/wp-json\/wp\/v2\/product"}],"about":[{"href":"https:\/\/energostore.com\/hr\/wp-json\/wp\/v2\/types\/product"}],"version-history":[{"count":4,"href":"https:\/\/energostore.com\/hr\/wp-json\/wp\/v2\/product\/11022\/revisions"}],"predecessor-version":[{"id":11060,"href":"https:\/\/energostore.com\/hr\/wp-json\/wp\/v2\/product\/11022\/revisions\/11060"}],"wp:featuredmedia":[{"embeddable":true,"href":"https:\/\/energostore.com\/hr\/wp-json\/wp\/v2\/media\/11024"}],"wp:attachment":[{"href":"https:\/\/energostore.com\/hr\/wp-json\/wp\/v2\/media?parent=11022"}],"wp:term":[{"taxonomy":"product_brand","embeddable":true,"href":"https:\/\/energostore.com\/hr\/wp-json\/wp\/v2\/product_brand?post=11022"},{"taxonomy":"product_cat","embeddable":true,"href":"https:\/\/energostore.com\/hr\/wp-json\/wp\/v2\/product_cat?post=11022"},{"taxonomy":"product_tag","embeddable":true,"href":"https:\/\/energostore.com\/hr\/wp-json\/wp\/v2\/product_tag?post=11022"}],"curies":[{"name":"wp","href":"https:\/\/api.w.org\/{rel}","templated":true}]}}