{"id":10591,"date":"2025-02-24T16:43:10","date_gmt":"2025-02-24T16:43:10","guid":{"rendered":"https:\/\/energostore.com\/?post_type=product&#038;p=10591"},"modified":"2026-04-01T07:15:04","modified_gmt":"2026-04-01T07:15:04","slug":"montazni-nosac-za-solar-na-brodu-i-kamperu","status":"publish","type":"product","link":"https:\/\/energostore.com\/hr\/proizvod\/montazni-nosac-za-solar-na-brodu-i-kamperu\/","title":{"rendered":"Monta\u017eni nosa\u010d za solar na brodu i kamperu"},"content":{"rendered":"<p>Monta\u017eni nosa\u010d za ugradnju solarnog panela na krov kampera ili na brod. Nosa\u010d se sastoji od ukupno 7 komponenti.<\/p>\n<p>Prednosti monta\u017enog nosa\u010da su:<\/p>\n<ul>\n<li data-start=\"204\" data-end=\"272\">Omogu\u0107uje jednostavnu ugradnju solarnog panela bez bu\u0161enja rupa.<\/li>\n<li data-start=\"273\" data-end=\"332\">Kutni nosa\u010di \u0161tite rubove solarnog panela od o\u0161te\u0107enja.<\/li>\n<li data-start=\"333\" data-end=\"375\">Smanjuju o\u0161tre rubove solarnog panela.<\/li>\n<li data-start=\"376\" data-end=\"435\">Premaz protiv odsjaja pobolj\u0161ava apsorpciju svjetlosti.<\/li>\n<li data-start=\"436\" data-end=\"491\">Pogodno za kampere i brodove<\/li>\n<\/ul>\n<p>&nbsp;<\/p>\n<p>&nbsp;<\/p>","protected":false},"excerpt":{"rendered":"<p>Monta\u017eni nosa\u010d za ugradnju solarnog panela na krov kampera ili na brod.<\/p>","protected":false},"featured_media":10581,"menu_order":116,"template":"","meta":[],"product_brand":[],"product_cat":[320],"product_tag":[],"class_list":{"0":"post-10591","1":"product","2":"type-product","3":"status-publish","4":"has-post-thumbnail","6":"product_cat-montazni-nosaci-za-solar-na-brodu-i-kamperu","7":"product_shipping_class-eu-available","9":"first","10":"instock","11":"shipping-taxable","12":"purchasable","13":"product-type-simple"},"yoast_head":"<!-- This site is optimized with the Yoast SEO plugin v27.3 - https:\/\/yoast.com\/product\/yoast-seo-wordpress\/ -->\n<title>Monta\u017eni nosa\u010d za solar na brodu i kamperu - Energostore<\/title>\n<meta name=\"description\" content=\"Nosa\u010d za ugradnju solarnog panela na krov kampera ili na brod.\" \/>\n<meta name=\"robots\" content=\"index, follow, max-snippet:-1, max-image-preview:large, max-video-preview:-1\" \/>\n<link rel=\"canonical\" href=\"https:\/\/energostore.com\/hr\/proizvod\/montazni-nosac-za-solar-na-brodu-i-kamperu\/\" \/>\n<meta property=\"og:locale\" content=\"hr_HR\" \/>\n<meta property=\"og:type\" content=\"article\" \/>\n<meta property=\"og:title\" content=\"Monta\u017eni nosa\u010d za solar na brodu i kamperu - Energostore\" \/>\n<meta property=\"og:description\" content=\"Nosa\u010d za ugradnju solarnog panela na krov kampera ili na brod.\" \/>\n<meta property=\"og:url\" content=\"https:\/\/energostore.com\/hr\/proizvod\/montazni-nosac-za-solar-na-brodu-i-kamperu\/\" \/>\n<meta property=\"og:site_name\" content=\"Energostore\" \/>\n<meta property=\"article:modified_time\" content=\"2026-04-01T07:15:04+00:00\" \/>\n<meta property=\"og:image\" content=\"https:\/\/energostore.com\/wp-content\/uploads\/2025\/02\/MONTAZNI-NOSACI-ZA-SOLAR-NA-BRODU-I-KAMPERU.png\" \/>\n\t<meta property=\"og:image:width\" content=\"970\" \/>\n\t<meta property=\"og:image:height\" content=\"744\" \/>\n\t<meta property=\"og:image:type\" content=\"image\/png\" \/>\n<meta name=\"twitter:card\" content=\"summary_large_image\" \/>\n<meta name=\"twitter:label1\" content=\"Procijenjeno vrijeme \u010ditanja\" \/>\n\t<meta name=\"twitter:data1\" content=\"1 minuta\" \/>\n<script type=\"application\/ld+json\" class=\"yoast-schema-graph\">{\"@context\":\"https:\\\/\\\/schema.org\",\"@graph\":[{\"@type\":\"WebPage\",\"@id\":\"https:\\\/\\\/energostore.com\\\/product\\\/montazni-nosac-za-solar-na-brodu-i-kamperu\\\/\",\"url\":\"https:\\\/\\\/energostore.com\\\/product\\\/montazni-nosac-za-solar-na-brodu-i-kamperu\\\/\",\"name\":\"Monta\u017eni nosa\u010d za solar na brodu i kamperu - Energostore\",\"isPartOf\":{\"@id\":\"https:\\\/\\\/energostore.com\\\/hr\\\/#website\"},\"primaryImageOfPage\":{\"@id\":\"https:\\\/\\\/energostore.com\\\/product\\\/montazni-nosac-za-solar-na-brodu-i-kamperu\\\/#primaryimage\"},\"image\":{\"@id\":\"https:\\\/\\\/energostore.com\\\/product\\\/montazni-nosac-za-solar-na-brodu-i-kamperu\\\/#primaryimage\"},\"thumbnailUrl\":\"https:\\\/\\\/energostore.com\\\/wp-content\\\/uploads\\\/2025\\\/02\\\/MONTAZNI-NOSACI-ZA-SOLAR-NA-BRODU-I-KAMPERU.png\",\"datePublished\":\"2025-02-24T16:43:10+00:00\",\"dateModified\":\"2026-04-01T07:15:04+00:00\",\"description\":\"Nosa\u010d za ugradnju solarnog panela na krov kampera ili na brod.\",\"breadcrumb\":{\"@id\":\"https:\\\/\\\/energostore.com\\\/product\\\/montazni-nosac-za-solar-na-brodu-i-kamperu\\\/#breadcrumb\"},\"inLanguage\":\"hr\",\"potentialAction\":[{\"@type\":\"ReadAction\",\"target\":[\"https:\\\/\\\/energostore.com\\\/product\\\/montazni-nosac-za-solar-na-brodu-i-kamperu\\\/\"]}]},{\"@type\":\"ImageObject\",\"inLanguage\":\"hr\",\"@id\":\"https:\\\/\\\/energostore.com\\\/product\\\/montazni-nosac-za-solar-na-brodu-i-kamperu\\\/#primaryimage\",\"url\":\"https:\\\/\\\/energostore.com\\\/wp-content\\\/uploads\\\/2025\\\/02\\\/MONTAZNI-NOSACI-ZA-SOLAR-NA-BRODU-I-KAMPERU.png\",\"contentUrl\":\"https:\\\/\\\/energostore.com\\\/wp-content\\\/uploads\\\/2025\\\/02\\\/MONTAZNI-NOSACI-ZA-SOLAR-NA-BRODU-I-KAMPERU.png\",\"width\":970,\"height\":744,\"caption\":\"MONTA\u017dNI NOSA\u010cI ZA SOLAR NA BRODU I KAMPERU\"},{\"@type\":\"BreadcrumbList\",\"@id\":\"https:\\\/\\\/energostore.com\\\/product\\\/montazni-nosac-za-solar-na-brodu-i-kamperu\\\/#breadcrumb\",\"itemListElement\":[{\"@type\":\"ListItem\",\"position\":1,\"name\":\"Home\",\"item\":\"https:\\\/\\\/energostore.com\\\/\"},{\"@type\":\"ListItem\",\"position\":2,\"name\":\"Shop\",\"item\":\"https:\\\/\\\/energostore.com\\\/hr\\\/shop\\\/\"},{\"@type\":\"ListItem\",\"position\":3,\"name\":\"Monta\u017eni nosa\u010d za solar na brodu i kamperu\"}]},{\"@type\":\"WebSite\",\"@id\":\"https:\\\/\\\/energostore.com\\\/hr\\\/#website\",\"url\":\"https:\\\/\\\/energostore.com\\\/hr\\\/\",\"name\":\"Energostore\",\"description\":\"Solar products online store\",\"publisher\":{\"@id\":\"https:\\\/\\\/energostore.com\\\/hr\\\/#organization\"},\"potentialAction\":[{\"@type\":\"SearchAction\",\"target\":{\"@type\":\"EntryPoint\",\"urlTemplate\":\"https:\\\/\\\/energostore.com\\\/hr\\\/?s={search_term_string}\"},\"query-input\":{\"@type\":\"PropertyValueSpecification\",\"valueRequired\":true,\"valueName\":\"search_term_string\"}}],\"inLanguage\":\"hr\"},{\"@type\":\"Organization\",\"@id\":\"https:\\\/\\\/energostore.com\\\/hr\\\/#organization\",\"name\":\"Energostore\",\"url\":\"https:\\\/\\\/energostore.com\\\/hr\\\/\",\"logo\":{\"@type\":\"ImageObject\",\"inLanguage\":\"hr\",\"@id\":\"https:\\\/\\\/energostore.com\\\/hr\\\/#\\\/schema\\\/logo\\\/image\\\/\",\"url\":\"https:\\\/\\\/energostore.com\\\/wp-content\\\/uploads\\\/2020\\\/07\\\/energostore_logo.png\",\"contentUrl\":\"https:\\\/\\\/energostore.com\\\/wp-content\\\/uploads\\\/2020\\\/07\\\/energostore_logo.png\",\"width\":517,\"height\":100,\"caption\":\"Energostore\"},\"image\":{\"@id\":\"https:\\\/\\\/energostore.com\\\/hr\\\/#\\\/schema\\\/logo\\\/image\\\/\"}}]}<\/script>\n<!-- \/ Yoast SEO plugin. -->","yoast_head_json":{"title":"Monta\u017eni nosa\u010d za solar na brodu i kamperu - Energostore","description":"Nosa\u010d za ugradnju solarnog panela na krov kampera ili na brod.","robots":{"index":"index","follow":"follow","max-snippet":"max-snippet:-1","max-image-preview":"max-image-preview:large","max-video-preview":"max-video-preview:-1"},"canonical":"https:\/\/energostore.com\/hr\/proizvod\/montazni-nosac-za-solar-na-brodu-i-kamperu\/","og_locale":"hr_HR","og_type":"article","og_title":"Monta\u017eni nosa\u010d za solar na brodu i kamperu - Energostore","og_description":"Nosa\u010d za ugradnju solarnog panela na krov kampera ili na brod.","og_url":"https:\/\/energostore.com\/hr\/proizvod\/montazni-nosac-za-solar-na-brodu-i-kamperu\/","og_site_name":"Energostore","article_modified_time":"2026-04-01T07:15:04+00:00","og_image":[{"width":970,"height":744,"url":"https:\/\/energostore.com\/wp-content\/uploads\/2025\/02\/MONTAZNI-NOSACI-ZA-SOLAR-NA-BRODU-I-KAMPERU.png","type":"image\/png"}],"twitter_card":"summary_large_image","twitter_misc":{"Procijenjeno vrijeme \u010ditanja":"1 minuta"},"schema":{"@context":"https:\/\/schema.org","@graph":[{"@type":"WebPage","@id":"https:\/\/energostore.com\/product\/montazni-nosac-za-solar-na-brodu-i-kamperu\/","url":"https:\/\/energostore.com\/product\/montazni-nosac-za-solar-na-brodu-i-kamperu\/","name":"Monta\u017eni nosa\u010d za solar na brodu i kamperu - Energostore","isPartOf":{"@id":"https:\/\/energostore.com\/hr\/#website"},"primaryImageOfPage":{"@id":"https:\/\/energostore.com\/product\/montazni-nosac-za-solar-na-brodu-i-kamperu\/#primaryimage"},"image":{"@id":"https:\/\/energostore.com\/product\/montazni-nosac-za-solar-na-brodu-i-kamperu\/#primaryimage"},"thumbnailUrl":"https:\/\/energostore.com\/wp-content\/uploads\/2025\/02\/MONTAZNI-NOSACI-ZA-SOLAR-NA-BRODU-I-KAMPERU.png","datePublished":"2025-02-24T16:43:10+00:00","dateModified":"2026-04-01T07:15:04+00:00","description":"Nosa\u010d za ugradnju solarnog panela na krov kampera ili na brod.","breadcrumb":{"@id":"https:\/\/energostore.com\/product\/montazni-nosac-za-solar-na-brodu-i-kamperu\/#breadcrumb"},"inLanguage":"hr","potentialAction":[{"@type":"ReadAction","target":["https:\/\/energostore.com\/product\/montazni-nosac-za-solar-na-brodu-i-kamperu\/"]}]},{"@type":"ImageObject","inLanguage":"hr","@id":"https:\/\/energostore.com\/product\/montazni-nosac-za-solar-na-brodu-i-kamperu\/#primaryimage","url":"https:\/\/energostore.com\/wp-content\/uploads\/2025\/02\/MONTAZNI-NOSACI-ZA-SOLAR-NA-BRODU-I-KAMPERU.png","contentUrl":"https:\/\/energostore.com\/wp-content\/uploads\/2025\/02\/MONTAZNI-NOSACI-ZA-SOLAR-NA-BRODU-I-KAMPERU.png","width":970,"height":744,"caption":"MONTA\u017dNI NOSA\u010cI ZA SOLAR NA BRODU I KAMPERU"},{"@type":"BreadcrumbList","@id":"https:\/\/energostore.com\/product\/montazni-nosac-za-solar-na-brodu-i-kamperu\/#breadcrumb","itemListElement":[{"@type":"ListItem","position":1,"name":"Home","item":"https:\/\/energostore.com\/"},{"@type":"ListItem","position":2,"name":"Shop","item":"https:\/\/energostore.com\/hr\/shop\/"},{"@type":"ListItem","position":3,"name":"Monta\u017eni nosa\u010d za solar na brodu i kamperu"}]},{"@type":"WebSite","@id":"https:\/\/energostore.com\/hr\/#website","url":"https:\/\/energostore.com\/hr\/","name":"Energostore","description":"Solar products online store","publisher":{"@id":"https:\/\/energostore.com\/hr\/#organization"},"potentialAction":[{"@type":"SearchAction","target":{"@type":"EntryPoint","urlTemplate":"https:\/\/energostore.com\/hr\/?s={search_term_string}"},"query-input":{"@type":"PropertyValueSpecification","valueRequired":true,"valueName":"search_term_string"}}],"inLanguage":"hr"},{"@type":"Organization","@id":"https:\/\/energostore.com\/hr\/#organization","name":"Energostore","url":"https:\/\/energostore.com\/hr\/","logo":{"@type":"ImageObject","inLanguage":"hr","@id":"https:\/\/energostore.com\/hr\/#\/schema\/logo\/image\/","url":"https:\/\/energostore.com\/wp-content\/uploads\/2020\/07\/energostore_logo.png","contentUrl":"https:\/\/energostore.com\/wp-content\/uploads\/2020\/07\/energostore_logo.png","width":517,"height":100,"caption":"Energostore"},"image":{"@id":"https:\/\/energostore.com\/hr\/#\/schema\/logo\/image\/"}}]}},"_links":{"self":[{"href":"https:\/\/energostore.com\/hr\/wp-json\/wp\/v2\/product\/10591","targetHints":{"allow":["GET"]}}],"collection":[{"href":"https:\/\/energostore.com\/hr\/wp-json\/wp\/v2\/product"}],"about":[{"href":"https:\/\/energostore.com\/hr\/wp-json\/wp\/v2\/types\/product"}],"version-history":[{"count":4,"href":"https:\/\/energostore.com\/hr\/wp-json\/wp\/v2\/product\/10591\/revisions"}],"predecessor-version":[{"id":10601,"href":"https:\/\/energostore.com\/hr\/wp-json\/wp\/v2\/product\/10591\/revisions\/10601"}],"wp:featuredmedia":[{"embeddable":true,"href":"https:\/\/energostore.com\/hr\/wp-json\/wp\/v2\/media\/10581"}],"wp:attachment":[{"href":"https:\/\/energostore.com\/hr\/wp-json\/wp\/v2\/media?parent=10591"}],"wp:term":[{"taxonomy":"product_brand","embeddable":true,"href":"https:\/\/energostore.com\/hr\/wp-json\/wp\/v2\/product_brand?post=10591"},{"taxonomy":"product_cat","embeddable":true,"href":"https:\/\/energostore.com\/hr\/wp-json\/wp\/v2\/product_cat?post=10591"},{"taxonomy":"product_tag","embeddable":true,"href":"https:\/\/energostore.com\/hr\/wp-json\/wp\/v2\/product_tag?post=10591"}],"curies":[{"name":"wp","href":"https:\/\/api.w.org\/{rel}","templated":true}]}}