{"id":980,"date":"2019-07-25T07:45:18","date_gmt":"2019-07-25T07:45:18","guid":{"rendered":"https:\/\/energostore.com\/?page_id=980"},"modified":"2025-06-30T08:46:39","modified_gmt":"2025-06-30T08:46:39","slug":"o-nama","status":"publish","type":"page","link":"https:\/\/energostore.com\/hr\/o-nama\/","title":{"rendered":"O nama"},"content":{"rendered":"<div data-elementor-type=\"wp-post\" data-elementor-id=\"980\" class=\"elementor elementor-980\">\n\t\t\t\t\t\t<section class=\"elementor-section elementor-top-section elementor-element elementor-element-20daaa1 elementor-section-content-middle elementor-section-boxed elementor-section-height-default elementor-section-height-default\" data-id=\"20daaa1\" data-element_type=\"section\" data-e-type=\"section\">\n\t\t\t\t\t\t<div class=\"elementor-container elementor-column-gap-default\">\n\t\t\t\t\t<div class=\"elementor-column elementor-col-50 elementor-top-column elementor-element elementor-element-bce54dc\" data-id=\"bce54dc\" data-element_type=\"column\" data-e-type=\"column\">\n\t\t\t<div class=\"elementor-widget-wrap elementor-element-populated\">\n\t\t\t\t\t\t<div class=\"elementor-element elementor-element-45229b3 elementor-widget elementor-widget-rt-title\" data-id=\"45229b3\" data-element_type=\"widget\" data-e-type=\"widget\" data-widget_type=\"rt-title.default\">\n\t\t\t\t<div class=\"elementor-widget-container\">\n\t\t\t\t\t<div class=\"rt-el-title rtin-style-2 rtin-align-left\">\n\t<h2 class=\"rtin-title\">Tko smo mi?<\/h2>\n\t<\/div>\t\t\t\t<\/div>\n\t\t\t\t<\/div>\n\t\t\t\t<div class=\"elementor-element elementor-element-75591e8 elementor-widget elementor-widget-text-editor\" data-id=\"75591e8\" data-element_type=\"widget\" data-e-type=\"widget\" data-widget_type=\"text-editor.default\">\n\t\t\t\t<div class=\"elementor-widget-container\">\n\t\t\t\t\t\t\t\t\t<p><strong>Energostore<\/strong> je Va\u0161a destinacija za kvalitetne proizvode iz podru\u010dja solara i energetske elektronike. Ovdje mo\u017eete prona\u0107i \u0161irok asortiman proizvoda, uklju\u010duju\u0107i solarne panele, baterije, regulatore punjenja, invertere i ostalu opremu za solarne sustave i nautiku.Pouzdani smo partner za sve va\u0161e potrebe u podru\u010dju solara i brodske energetske elektronike.<br \/><br \/><\/p><p>Iza ovog web shopa stoji firma <a href=\"https:\/\/solarprojekt.hr\/\"><strong> SOLAR PROJEKT<\/strong><\/a>, koja se ve\u0107 15 godina bavi fotonaponskim rje\u0161enjima i brodskom elektronikom i energetikom. Saznajte vi\u0161e: <a href=\"https:\/\/solarprojekt.hr\/\">https:\/\/solarprojekt.hr\/<\/a><br \/><br \/><\/p><p>Na\u0161 stru\u010dan i iskusan kadar stoji vam na usluzi i spreman je pomo\u0107i kod bilo kakvih pitanja i dvojbi. Posjetite nas i otkrijte kako mo\u017eemo unaprijediti Va\u0161 sustav energije!<\/p>\t\t\t\t\t\t\t\t<\/div>\n\t\t\t\t<\/div>\n\t\t\t\t<div class=\"elementor-element elementor-element-f3a03d7 elementor-widget elementor-widget-rt-button\" data-id=\"f3a03d7\" data-element_type=\"widget\" data-e-type=\"widget\" data-widget_type=\"rt-button.default\">\n\t\t\t\t<div class=\"elementor-widget-container\">\n\t\t\t\t\t<div class=\"rt-el-btn rtin-style-1\">\n\t<a href=\"https:\/\/energostore.com\/hr\/\">WEB TRGOVINA<\/a>\n<\/div>\t\t\t\t<\/div>\n\t\t\t\t<\/div>\n\t\t\t\t\t<\/div>\n\t\t<\/div>\n\t\t\t\t<div class=\"elementor-column elementor-col-50 elementor-top-column elementor-element elementor-element-fba56fc\" data-id=\"fba56fc\" data-element_type=\"column\" data-e-type=\"column\">\n\t\t\t<div class=\"elementor-widget-wrap elementor-element-populated\">\n\t\t\t\t\t\t<div class=\"elementor-element elementor-element-9919564 elementor-widget elementor-widget-image\" data-id=\"9919564\" data-element_type=\"widget\" data-e-type=\"widget\" data-widget_type=\"image.default\">\n\t\t\t\t<div class=\"elementor-widget-container\">\n\t\t\t\t\t\t\t\t\t\t\t\t\t\t\t<img decoding=\"async\" src=\"https:\/\/energostore.com\/wp-content\/uploads\/elementor\/thumbs\/services-qpudc4wmo6bcixyw0w6pzgztss0asg47oz06r35gjm.webp\" title=\"services\" alt=\"services\" loading=\"lazy\" \/>\t\t\t\t\t\t\t\t\t\t\t\t\t\t\t<\/div>\n\t\t\t\t<\/div>\n\t\t\t\t\t<\/div>\n\t\t<\/div>\n\t\t\t\t\t<\/div>\n\t\t<\/section>\n\t\t\t\t<div class=\"elementor-section elementor-top-section elementor-element elementor-element-714db82 elementor-section-stretched elementor-section-boxed elementor-section-height-default elementor-section-height-default\" data-id=\"714db82\" data-element_type=\"section\" data-e-type=\"section\" data-settings=\"{&quot;stretch_section&quot;:&quot;section-stretched&quot;,&quot;background_background&quot;:&quot;classic&quot;}\">\n\t\t\t\t\t\t<div class=\"elementor-container elementor-column-gap-default\">\n\t\t\t\t\t<div class=\"elementor-column elementor-col-100 elementor-top-column elementor-element elementor-element-f264c0f\" data-id=\"f264c0f\" data-element_type=\"column\" data-e-type=\"column\">\n\t\t\t<div class=\"elementor-widget-wrap elementor-element-populated\">\n\t\t\t\t\t\t<section class=\"elementor-section elementor-inner-section elementor-element elementor-element-d10bb81 elementor-section-boxed elementor-section-height-default elementor-section-height-default\" data-id=\"d10bb81\" data-element_type=\"section\" data-e-type=\"section\">\n\t\t\t\t\t\t<div class=\"elementor-container elementor-column-gap-default\">\n\t\t\t\t\t<div class=\"elementor-column elementor-col-100 elementor-inner-column elementor-element elementor-element-55e7d89\" data-id=\"55e7d89\" data-element_type=\"column\" data-e-type=\"column\">\n\t\t\t<div class=\"elementor-widget-wrap elementor-element-populated\">\n\t\t\t\t\t\t<div class=\"elementor-element elementor-element-54b056d elementor-widget elementor-widget-rt-title\" data-id=\"54b056d\" data-element_type=\"widget\" data-e-type=\"widget\" data-widget_type=\"rt-title.default\">\n\t\t\t\t<div class=\"elementor-widget-container\">\n\t\t\t\t\t<div class=\"rt-el-title rtin-style-2 rtin-align-center\">\n\t<h2 class=\"rtin-title\">Za\u0161to odabrati ba\u0161 nas?<\/h2>\n\t<\/div>\t\t\t\t<\/div>\n\t\t\t\t<\/div>\n\t\t\t\t\t<\/div>\n\t\t<\/div>\n\t\t\t\t\t<\/div>\n\t\t<\/section>\n\t\t\t\t<section class=\"elementor-section elementor-inner-section elementor-element elementor-element-1c1f437 elementor-section-boxed elementor-section-height-default elementor-section-height-default\" data-id=\"1c1f437\" data-element_type=\"section\" data-e-type=\"section\">\n\t\t\t\t\t\t<div class=\"elementor-container elementor-column-gap-default\">\n\t\t\t\t\t<div class=\"elementor-column elementor-col-33 elementor-inner-column elementor-element elementor-element-a3b4d04\" data-id=\"a3b4d04\" data-element_type=\"column\" data-e-type=\"column\">\n\t\t\t<div class=\"elementor-widget-wrap elementor-element-populated\">\n\t\t\t\t\t\t<div class=\"elementor-element elementor-element-511e5a3 elementor-widget elementor-widget-rt-text-with-icon\" data-id=\"511e5a3\" data-element_type=\"widget\" data-e-type=\"widget\" data-widget_type=\"rt-text-with-icon.default\">\n\t\t\t\t<div class=\"elementor-widget-container\">\n\t\t\t\t\t<div class=\"rt-el-text-with-icon elementwidth elwidth-305-320-360 rtin-style-6 rtin-bgtype-light\">\n\t<div class=\"rtin-item\">\t<div class=\"rtin-icon\"><i class=\"fa fa-check\" aria-hidden=\"true\"><\/i><\/div>\n\t<div class=\"rtin-content\">\n\t\t<h3 class=\"rtin-title\">KVALITETNA OPREMA<\/h3>\n\t\t\t\t\t<p class=\"rtin-subtitle\">Provjereni proizvo\u0111a\u010di solarne opreme i energetske elektronike s kojima sura\u0111ujemo vi\u0161e od 15 godina - Victron Energy, Huawei, Growatt, TAB, Pylontech, Wallbox, Sunballast, Tehnosol, TrinaSolar, Solarfam, CanadianSolar...<\/p>\n\t\t\t<\/div>\n\t<\/div><\/div>\t\t\t\t<\/div>\n\t\t\t\t<\/div>\n\t\t\t\t\t<\/div>\n\t\t<\/div>\n\t\t\t\t<div class=\"elementor-column elementor-col-33 elementor-inner-column elementor-element elementor-element-53095a7\" data-id=\"53095a7\" data-element_type=\"column\" data-e-type=\"column\">\n\t\t\t<div class=\"elementor-widget-wrap elementor-element-populated\">\n\t\t\t\t\t\t<div class=\"elementor-element elementor-element-cc233f4 elementor-widget elementor-widget-rt-text-with-icon\" data-id=\"cc233f4\" data-element_type=\"widget\" data-e-type=\"widget\" data-widget_type=\"rt-text-with-icon.default\">\n\t\t\t\t<div class=\"elementor-widget-container\">\n\t\t\t\t\t<div class=\"rt-el-text-with-icon elementwidth elwidth-305-320-360 rtin-style-6 rtin-bgtype-light\">\n\t<div class=\"rtin-item\">\t<div class=\"rtin-icon\"><i class=\"fa fa-check\" aria-hidden=\"true\"><\/i><\/div>\n\t<div class=\"rtin-content\">\n\t\t<h3 class=\"rtin-title\">STRU\u010cNOST I ISKUSTVO<\/h3>\n\t\t\t\t\t<p class=\"rtin-subtitle\">Na\u0161 tim stru\u010dnjaka u podru\u010dju fotonaponskih  solarnih sustava i energetske elektronike, \u010dine nas pouzdanim partnerom u ostvarivanju Va\u0161ih energetskih ciljeva. Ako niste sigurni koju opremu odabrati, obratite nam se da zajedno prona\u0111emo optimalno rje\u0161enje za Vas.<\/p>\n\t\t\t<\/div>\n\t<\/div><\/div>\t\t\t\t<\/div>\n\t\t\t\t<\/div>\n\t\t\t\t\t<\/div>\n\t\t<\/div>\n\t\t\t\t<div class=\"elementor-column elementor-col-33 elementor-inner-column elementor-element elementor-element-d4cc69a\" data-id=\"d4cc69a\" data-element_type=\"column\" data-e-type=\"column\">\n\t\t\t<div class=\"elementor-widget-wrap elementor-element-populated\">\n\t\t\t\t\t\t<div class=\"elementor-element elementor-element-723c078 elementor-widget elementor-widget-rt-text-with-icon\" data-id=\"723c078\" data-element_type=\"widget\" data-e-type=\"widget\" data-widget_type=\"rt-text-with-icon.default\">\n\t\t\t\t<div class=\"elementor-widget-container\">\n\t\t\t\t\t<div class=\"rt-el-text-with-icon elementwidth elwidth-305-320-360 rtin-style-6 rtin-bgtype-light\">\n\t<div class=\"rtin-item\">\t<div class=\"rtin-icon\"><i class=\"fa fa-check\" aria-hidden=\"true\"><\/i><\/div>\n\t<div class=\"rtin-content\">\n\t\t<h3 class=\"rtin-title\">GARANCIJA I SIGURNOST<\/h3>\n\t\t\t\t\t<p class=\"rtin-subtitle\">Pru\u017eamo kompletnu uslugu sukladno s va\u017ee\u0107om zakonskom regulativom, normama, te pravilima struke. Svi na\u0161i ure\u0111aju su proizvodi poznatih svjetskih brendova i imaju garanciju. <\/p>\n\t\t\t<\/div>\n\t<\/div><\/div>\t\t\t\t<\/div>\n\t\t\t\t<\/div>\n\t\t\t\t\t<\/div>\n\t\t<\/div>\n\t\t\t\t\t<\/div>\n\t\t<\/section>\n\t\t\t\t\t<\/div>\n\t\t<\/div>\n\t\t\t\t\t<\/div>\n\t\t<\/div>\n\t\t\t\t<section class=\"elementor-section elementor-top-section elementor-element elementor-element-91bd4e9 elementor-section-stretched elementor-section-boxed elementor-section-height-default elementor-section-height-default\" data-id=\"91bd4e9\" data-element_type=\"section\" data-e-type=\"section\" data-settings=\"{&quot;stretch_section&quot;:&quot;section-stretched&quot;,&quot;background_background&quot;:&quot;classic&quot;}\">\n\t\t\t\t\t\t\t<div class=\"elementor-background-overlay\"><\/div>\n\t\t\t\t\t\t\t<div class=\"elementor-container elementor-column-gap-default\">\n\t\t\t\t\t<div class=\"elementor-column elementor-col-100 elementor-top-column elementor-element elementor-element-168561d\" data-id=\"168561d\" data-element_type=\"column\" data-e-type=\"column\">\n\t\t\t<div class=\"elementor-widget-wrap elementor-element-populated\">\n\t\t\t\t\t\t<div class=\"elementor-element elementor-element-ec33d22 elementor-widget elementor-widget-rt-title\" data-id=\"ec33d22\" data-element_type=\"widget\" data-e-type=\"widget\" data-widget_type=\"rt-title.default\">\n\t\t\t\t<div class=\"elementor-widget-container\">\n\t\t\t\t\t<div class=\"rt-el-title rtin-style-1 rtin-align-center\">\n\t<h2 class=\"rtin-title\">Kontaktirajte nas i otkrijte kako mo\u017eemo unaprijediti Va\u0161 sustav energije!<\/h2>\n\t<\/div>\t\t\t\t<\/div>\n\t\t\t\t<\/div>\n\t\t\t\t<div class=\"elementor-element elementor-element-82b0755 elementor-widget elementor-widget-rt-button\" data-id=\"82b0755\" data-element_type=\"widget\" data-e-type=\"widget\" data-widget_type=\"rt-button.default\">\n\t\t\t\t<div class=\"elementor-widget-container\">\n\t\t\t\t\t<div class=\"rt-el-btn rtin-style-3\">\n\t<a href=\"https:\/\/energostore.com\/hr\/contact\/\">KONTAKTIRAJTE NAS<\/a>\n<\/div>\t\t\t\t<\/div>\n\t\t\t\t<\/div>\n\t\t\t\t\t<\/div>\n\t\t<\/div>\n\t\t\t\t\t<\/div>\n\t\t<\/section>\n\t\t\t\t<section class=\"elementor-section elementor-top-section elementor-element elementor-element-9d8f14a elementor-section-boxed elementor-section-height-default elementor-section-height-default\" data-id=\"9d8f14a\" data-element_type=\"section\" data-e-type=\"section\">\n\t\t\t\t\t\t<div class=\"elementor-container elementor-column-gap-default\">\n\t\t\t\t\t<div class=\"elementor-column elementor-col-100 elementor-top-column elementor-element elementor-element-4a55fa7\" data-id=\"4a55fa7\" data-element_type=\"column\" data-e-type=\"column\">\n\t\t\t<div class=\"elementor-widget-wrap elementor-element-populated\">\n\t\t\t\t\t\t\t<\/div>\n\t\t<\/div>\n\t\t\t\t\t<\/div>\n\t\t<\/section>\n\t\t\t\t<\/div>","protected":false},"excerpt":{"rendered":"<p>Tko smo mi? Energostore je Va\u0161a destinacija za kvalitetne proizvode iz podru\u010dja solara i energetske elektronike. Ovdje mo\u017eete prona\u0107i \u0161irok asortiman proizvoda, uklju\u010duju\u0107i solarne panele, baterije, regulatore punjenja, invertere i ostalu opremu za solarne sustave i nautiku.Pouzdani smo partner za sve va\u0161e potrebe u podru\u010dju solara i brodske energetske elektronike. Iza ovog web shopa stoji &#8230;<\/p>","protected":false},"author":1,"featured_media":0,"parent":0,"menu_order":0,"comment_status":"closed","ping_status":"closed","template":"templates\/blank.php","meta":{"footnotes":""},"class_list":["post-980","page","type-page","status-publish","hentry"],"yoast_head":"<!-- This site is optimized with the Yoast SEO plugin v27.3 - https:\/\/yoast.com\/product\/yoast-seo-wordpress\/ -->\n<title>O nama - Energostore<\/title>\n<meta name=\"robots\" content=\"index, follow, max-snippet:-1, max-image-preview:large, max-video-preview:-1\" \/>\n<link rel=\"canonical\" href=\"https:\/\/energostore.com\/hr\/o-nama\/\" \/>\n<meta property=\"og:locale\" content=\"hr_HR\" \/>\n<meta property=\"og:type\" content=\"article\" \/>\n<meta property=\"og:title\" content=\"O nama - Energostore\" \/>\n<meta property=\"og:description\" content=\"Tko smo mi? Energostore je Va\u0161a destinacija za kvalitetne proizvode iz podru\u010dja solara i energetske elektronike. Ovdje mo\u017eete prona\u0107i \u0161irok asortiman proizvoda, uklju\u010duju\u0107i solarne panele, baterije, regulatore punjenja, invertere i ostalu opremu za solarne sustave i nautiku.Pouzdani smo partner za sve va\u0161e potrebe u podru\u010dju solara i brodske energetske elektronike. Iza ovog web shopa stoji ...\" \/>\n<meta property=\"og:url\" content=\"https:\/\/energostore.com\/hr\/o-nama\/\" \/>\n<meta property=\"og:site_name\" content=\"Energostore\" \/>\n<meta property=\"article:modified_time\" content=\"2025-06-30T08:46:39+00:00\" \/>\n<meta property=\"og:image\" content=\"https:\/\/energostore.com\/wp-content\/uploads\/elementor\/thumbs\/services-qpudc4wmo6bcixyw0w6pzgztss0asg47oz06r35gjw.webp\" \/>\n<meta name=\"twitter:card\" content=\"summary_large_image\" \/>\n<meta name=\"twitter:label1\" content=\"Procijenjeno vrijeme \u010ditanja\" \/>\n\t<meta name=\"twitter:data1\" content=\"2 minute\" \/>\n<script type=\"application\/ld+json\" class=\"yoast-schema-graph\">{\"@context\":\"https:\\\/\\\/schema.org\",\"@graph\":[{\"@type\":\"WebPage\",\"@id\":\"https:\\\/\\\/energostore.com\\\/o-nama\\\/\",\"url\":\"https:\\\/\\\/energostore.com\\\/o-nama\\\/\",\"name\":\"O nama - Energostore\",\"isPartOf\":{\"@id\":\"https:\\\/\\\/energostore.com\\\/hr\\\/#website\"},\"primaryImageOfPage\":{\"@id\":\"https:\\\/\\\/energostore.com\\\/o-nama\\\/#primaryimage\"},\"image\":{\"@id\":\"https:\\\/\\\/energostore.com\\\/o-nama\\\/#primaryimage\"},\"thumbnailUrl\":\"https:\\\/\\\/energostore.com\\\/wp-content\\\/uploads\\\/elementor\\\/thumbs\\\/services-qpudc4wmo6bcixyw0w6pzgztss0asg47oz06r35gjw.webp\",\"datePublished\":\"2019-07-25T07:45:18+00:00\",\"dateModified\":\"2025-06-30T08:46:39+00:00\",\"breadcrumb\":{\"@id\":\"https:\\\/\\\/energostore.com\\\/o-nama\\\/#breadcrumb\"},\"inLanguage\":\"hr\",\"potentialAction\":[{\"@type\":\"ReadAction\",\"target\":[\"https:\\\/\\\/energostore.com\\\/o-nama\\\/\"]}]},{\"@type\":\"ImageObject\",\"inLanguage\":\"hr\",\"@id\":\"https:\\\/\\\/energostore.com\\\/o-nama\\\/#primaryimage\",\"url\":\"https:\\\/\\\/energostore.com\\\/wp-content\\\/uploads\\\/elementor\\\/thumbs\\\/services-qpudc4wmo6bcixyw0w6pzgztss0asg47oz06r35gjw.webp\",\"contentUrl\":\"https:\\\/\\\/energostore.com\\\/wp-content\\\/uploads\\\/elementor\\\/thumbs\\\/services-qpudc4wmo6bcixyw0w6pzgztss0asg47oz06r35gjw.webp\"},{\"@type\":\"BreadcrumbList\",\"@id\":\"https:\\\/\\\/energostore.com\\\/o-nama\\\/#breadcrumb\",\"itemListElement\":[{\"@type\":\"ListItem\",\"position\":1,\"name\":\"Home\",\"item\":\"https:\\\/\\\/energostore.com\\\/\"},{\"@type\":\"ListItem\",\"position\":2,\"name\":\"O nama\"}]},{\"@type\":\"WebSite\",\"@id\":\"https:\\\/\\\/energostore.com\\\/hr\\\/#website\",\"url\":\"https:\\\/\\\/energostore.com\\\/hr\\\/\",\"name\":\"Energostore\",\"description\":\"Solar products online store\",\"publisher\":{\"@id\":\"https:\\\/\\\/energostore.com\\\/hr\\\/#organization\"},\"potentialAction\":[{\"@type\":\"SearchAction\",\"target\":{\"@type\":\"EntryPoint\",\"urlTemplate\":\"https:\\\/\\\/energostore.com\\\/hr\\\/?s={search_term_string}\"},\"query-input\":{\"@type\":\"PropertyValueSpecification\",\"valueRequired\":true,\"valueName\":\"search_term_string\"}}],\"inLanguage\":\"hr\"},{\"@type\":\"Organization\",\"@id\":\"https:\\\/\\\/energostore.com\\\/hr\\\/#organization\",\"name\":\"Energostore\",\"url\":\"https:\\\/\\\/energostore.com\\\/hr\\\/\",\"logo\":{\"@type\":\"ImageObject\",\"inLanguage\":\"hr\",\"@id\":\"https:\\\/\\\/energostore.com\\\/hr\\\/#\\\/schema\\\/logo\\\/image\\\/\",\"url\":\"https:\\\/\\\/energostore.com\\\/wp-content\\\/uploads\\\/2020\\\/07\\\/energostore_logo.png\",\"contentUrl\":\"https:\\\/\\\/energostore.com\\\/wp-content\\\/uploads\\\/2020\\\/07\\\/energostore_logo.png\",\"width\":517,\"height\":100,\"caption\":\"Energostore\"},\"image\":{\"@id\":\"https:\\\/\\\/energostore.com\\\/hr\\\/#\\\/schema\\\/logo\\\/image\\\/\"}}]}<\/script>\n<!-- \/ Yoast SEO plugin. -->","yoast_head_json":{"title":"O nama - Energostore","robots":{"index":"index","follow":"follow","max-snippet":"max-snippet:-1","max-image-preview":"max-image-preview:large","max-video-preview":"max-video-preview:-1"},"canonical":"https:\/\/energostore.com\/hr\/o-nama\/","og_locale":"hr_HR","og_type":"article","og_title":"O nama - Energostore","og_description":"Tko smo mi? Energostore je Va\u0161a destinacija za kvalitetne proizvode iz podru\u010dja solara i energetske elektronike. Ovdje mo\u017eete prona\u0107i \u0161irok asortiman proizvoda, uklju\u010duju\u0107i solarne panele, baterije, regulatore punjenja, invertere i ostalu opremu za solarne sustave i nautiku.Pouzdani smo partner za sve va\u0161e potrebe u podru\u010dju solara i brodske energetske elektronike. Iza ovog web shopa stoji ...","og_url":"https:\/\/energostore.com\/hr\/o-nama\/","og_site_name":"Energostore","article_modified_time":"2025-06-30T08:46:39+00:00","og_image":[{"url":"https:\/\/energostore.com\/wp-content\/uploads\/elementor\/thumbs\/services-qpudc4wmo6bcixyw0w6pzgztss0asg47oz06r35gjw.webp","type":"","width":"","height":""}],"twitter_card":"summary_large_image","twitter_misc":{"Procijenjeno vrijeme \u010ditanja":"2 minute"},"schema":{"@context":"https:\/\/schema.org","@graph":[{"@type":"WebPage","@id":"https:\/\/energostore.com\/o-nama\/","url":"https:\/\/energostore.com\/o-nama\/","name":"O nama - Energostore","isPartOf":{"@id":"https:\/\/energostore.com\/hr\/#website"},"primaryImageOfPage":{"@id":"https:\/\/energostore.com\/o-nama\/#primaryimage"},"image":{"@id":"https:\/\/energostore.com\/o-nama\/#primaryimage"},"thumbnailUrl":"https:\/\/energostore.com\/wp-content\/uploads\/elementor\/thumbs\/services-qpudc4wmo6bcixyw0w6pzgztss0asg47oz06r35gjw.webp","datePublished":"2019-07-25T07:45:18+00:00","dateModified":"2025-06-30T08:46:39+00:00","breadcrumb":{"@id":"https:\/\/energostore.com\/o-nama\/#breadcrumb"},"inLanguage":"hr","potentialAction":[{"@type":"ReadAction","target":["https:\/\/energostore.com\/o-nama\/"]}]},{"@type":"ImageObject","inLanguage":"hr","@id":"https:\/\/energostore.com\/o-nama\/#primaryimage","url":"https:\/\/energostore.com\/wp-content\/uploads\/elementor\/thumbs\/services-qpudc4wmo6bcixyw0w6pzgztss0asg47oz06r35gjw.webp","contentUrl":"https:\/\/energostore.com\/wp-content\/uploads\/elementor\/thumbs\/services-qpudc4wmo6bcixyw0w6pzgztss0asg47oz06r35gjw.webp"},{"@type":"BreadcrumbList","@id":"https:\/\/energostore.com\/o-nama\/#breadcrumb","itemListElement":[{"@type":"ListItem","position":1,"name":"Home","item":"https:\/\/energostore.com\/"},{"@type":"ListItem","position":2,"name":"O nama"}]},{"@type":"WebSite","@id":"https:\/\/energostore.com\/hr\/#website","url":"https:\/\/energostore.com\/hr\/","name":"Energostore","description":"Solar products online store","publisher":{"@id":"https:\/\/energostore.com\/hr\/#organization"},"potentialAction":[{"@type":"SearchAction","target":{"@type":"EntryPoint","urlTemplate":"https:\/\/energostore.com\/hr\/?s={search_term_string}"},"query-input":{"@type":"PropertyValueSpecification","valueRequired":true,"valueName":"search_term_string"}}],"inLanguage":"hr"},{"@type":"Organization","@id":"https:\/\/energostore.com\/hr\/#organization","name":"Energostore","url":"https:\/\/energostore.com\/hr\/","logo":{"@type":"ImageObject","inLanguage":"hr","@id":"https:\/\/energostore.com\/hr\/#\/schema\/logo\/image\/","url":"https:\/\/energostore.com\/wp-content\/uploads\/2020\/07\/energostore_logo.png","contentUrl":"https:\/\/energostore.com\/wp-content\/uploads\/2020\/07\/energostore_logo.png","width":517,"height":100,"caption":"Energostore"},"image":{"@id":"https:\/\/energostore.com\/hr\/#\/schema\/logo\/image\/"}}]}},"_links":{"self":[{"href":"https:\/\/energostore.com\/hr\/wp-json\/wp\/v2\/pages\/980","targetHints":{"allow":["GET"]}}],"collection":[{"href":"https:\/\/energostore.com\/hr\/wp-json\/wp\/v2\/pages"}],"about":[{"href":"https:\/\/energostore.com\/hr\/wp-json\/wp\/v2\/types\/page"}],"author":[{"embeddable":true,"href":"https:\/\/energostore.com\/hr\/wp-json\/wp\/v2\/users\/1"}],"replies":[{"embeddable":true,"href":"https:\/\/energostore.com\/hr\/wp-json\/wp\/v2\/comments?post=980"}],"version-history":[{"count":43,"href":"https:\/\/energostore.com\/hr\/wp-json\/wp\/v2\/pages\/980\/revisions"}],"predecessor-version":[{"id":10996,"href":"https:\/\/energostore.com\/hr\/wp-json\/wp\/v2\/pages\/980\/revisions\/10996"}],"wp:attachment":[{"href":"https:\/\/energostore.com\/hr\/wp-json\/wp\/v2\/media?parent=980"}],"curies":[{"name":"wp","href":"https:\/\/api.w.org\/{rel}","templated":true}]}}