{"id":5794,"date":"2020-09-23T12:14:56","date_gmt":"2020-09-23T12:14:56","guid":{"rendered":"https:\/\/energostore.com\/?page_id=5794"},"modified":"2024-05-09T11:18:03","modified_gmt":"2024-05-09T11:18:03","slug":"privacy-security","status":"publish","type":"page","link":"https:\/\/energostore.com\/hr\/privacy-security\/","title":{"rendered":"Privacy &#038; security"},"content":{"rendered":"<div data-elementor-type=\"wp-page\" data-elementor-id=\"5794\" class=\"elementor elementor-5794\">\n\t\t\t\t\t\t<section class=\"elementor-section elementor-top-section elementor-element elementor-element-0d8bee8 elementor-section-boxed elementor-section-height-default elementor-section-height-default\" data-id=\"0d8bee8\" data-element_type=\"section\" data-e-type=\"section\">\n\t\t\t\t\t\t<div class=\"elementor-container elementor-column-gap-default\">\n\t\t\t\t\t<div class=\"elementor-column elementor-col-100 elementor-top-column elementor-element elementor-element-187f8bf\" data-id=\"187f8bf\" data-element_type=\"column\" data-e-type=\"column\">\n\t\t\t<div class=\"elementor-widget-wrap elementor-element-populated\">\n\t\t\t\t\t\t<div class=\"elementor-element elementor-element-95c87f0 elementor-widget elementor-widget-text-editor\" data-id=\"95c87f0\" data-element_type=\"widget\" data-e-type=\"widget\" data-widget_type=\"text-editor.default\">\n\t\t\t\t<div class=\"elementor-widget-container\">\n\t\t\t\t\t\t\t\t\t<p>Dobrodo\u0161li na web stranicu energostore.com. \u017deljeli bismo vam zahvaliti na va\u0161em interesu za proizvode koje nudimo. energostore.com sna\u017eno je posve\u0107en zadovoljstvu kupaca i \u017eeli vam pru\u017eiti najve\u0107u mogu\u0107u transparentnost u pogledu kori\u0161tenja podataka o kupcima.<\/p><p><strong>How we use your personal information<\/strong><br \/>Personal information will be collected and used if necessary within the support processing of a purchase transaction of the customer in relation to the sale of energostore.com products. This information includes customer name, address, payment method (i.e.: credit card number, account details), telephone number and email address.<\/p><p><strong>Collecting, using and deleting customer information<\/strong><br \/>Personal information for identification (i.e.: name and address) and contractual notes (i.e.: order information, product selection, etc.) will only be collected and used if required for contract reasons, its content design or modification. The customer information will be deleted in the calendar year following the completion of the contractual relationship provided they are not collected and used as for usage data (customer account) or billing information or due to legal regulations. energostore.com may disclose information on request by authorised agents in some cases, if required for criminal proceedings.<\/p><p><strong>Using information in reference to non payment<\/strong><br \/>Of actual references have been established, which are required to reveal as well as prevent service acquisitions by false pretences and other illegal claims of service by energostore.com is entitled to collect and use personal information to enforce their own demands.<\/p>\t\t\t\t\t\t\t\t<\/div>\n\t\t\t\t<\/div>\n\t\t\t\t\t<\/div>\n\t\t<\/div>\n\t\t\t\t\t<\/div>\n\t\t<\/section>\n\t\t\t\t<\/div>","protected":false},"excerpt":{"rendered":"<p>Welcome to website energostore.com. We would like to thank you for your interest in the products we offer. energostore.com is strongly committed to customer satisfaction and wants to give you the highest transparancy possible concerning the use of customer information. How we use your personal informationPersonal information will be collected and used if necessary within &#8230;<\/p>","protected":false},"author":1,"featured_media":0,"parent":0,"menu_order":0,"comment_status":"closed","ping_status":"closed","template":"","meta":{"footnotes":""},"class_list":["post-5794","page","type-page","status-publish","hentry"],"yoast_head":"<!-- This site is optimized with the Yoast SEO plugin v27.3 - https:\/\/yoast.com\/product\/yoast-seo-wordpress\/ -->\n<title>Privacy &amp; security - Energostore<\/title>\n<meta name=\"robots\" content=\"index, follow, max-snippet:-1, max-image-preview:large, max-video-preview:-1\" \/>\n<link rel=\"canonical\" href=\"https:\/\/energostore.com\/hr\/privacy-security\/\" \/>\n<meta property=\"og:locale\" content=\"hr_HR\" \/>\n<meta property=\"og:type\" content=\"article\" \/>\n<meta property=\"og:title\" content=\"Privacy &amp; security - Energostore\" \/>\n<meta property=\"og:description\" content=\"Welcome to website energostore.com. We would like to thank you for your interest in the products we offer. energostore.com is strongly committed to customer satisfaction and wants to give you the highest transparancy possible concerning the use of customer information. How we use your personal informationPersonal information will be collected and used if necessary within ...\" \/>\n<meta property=\"og:url\" content=\"https:\/\/energostore.com\/hr\/privacy-security\/\" \/>\n<meta property=\"og:site_name\" content=\"Energostore\" \/>\n<meta property=\"article:modified_time\" content=\"2024-05-09T11:18:03+00:00\" \/>\n<meta name=\"twitter:card\" content=\"summary_large_image\" \/>\n<meta name=\"twitter:label1\" content=\"Procijenjeno vrijeme \u010ditanja\" \/>\n\t<meta name=\"twitter:data1\" content=\"1 minuta\" \/>\n<script type=\"application\/ld+json\" class=\"yoast-schema-graph\">{\"@context\":\"https:\\\/\\\/schema.org\",\"@graph\":[{\"@type\":\"WebPage\",\"@id\":\"https:\\\/\\\/energostore.com\\\/privacy-security\\\/\",\"url\":\"https:\\\/\\\/energostore.com\\\/privacy-security\\\/\",\"name\":\"Privacy & security - Energostore\",\"isPartOf\":{\"@id\":\"https:\\\/\\\/energostore.com\\\/hr\\\/#website\"},\"datePublished\":\"2020-09-23T12:14:56+00:00\",\"dateModified\":\"2024-05-09T11:18:03+00:00\",\"breadcrumb\":{\"@id\":\"https:\\\/\\\/energostore.com\\\/privacy-security\\\/#breadcrumb\"},\"inLanguage\":\"hr\",\"potentialAction\":[{\"@type\":\"ReadAction\",\"target\":[\"https:\\\/\\\/energostore.com\\\/privacy-security\\\/\"]}]},{\"@type\":\"BreadcrumbList\",\"@id\":\"https:\\\/\\\/energostore.com\\\/privacy-security\\\/#breadcrumb\",\"itemListElement\":[{\"@type\":\"ListItem\",\"position\":1,\"name\":\"Home\",\"item\":\"https:\\\/\\\/energostore.com\\\/\"},{\"@type\":\"ListItem\",\"position\":2,\"name\":\"Privacy &#038; security\"}]},{\"@type\":\"WebSite\",\"@id\":\"https:\\\/\\\/energostore.com\\\/hr\\\/#website\",\"url\":\"https:\\\/\\\/energostore.com\\\/hr\\\/\",\"name\":\"Energostore\",\"description\":\"Solar products online store\",\"publisher\":{\"@id\":\"https:\\\/\\\/energostore.com\\\/hr\\\/#organization\"},\"potentialAction\":[{\"@type\":\"SearchAction\",\"target\":{\"@type\":\"EntryPoint\",\"urlTemplate\":\"https:\\\/\\\/energostore.com\\\/hr\\\/?s={search_term_string}\"},\"query-input\":{\"@type\":\"PropertyValueSpecification\",\"valueRequired\":true,\"valueName\":\"search_term_string\"}}],\"inLanguage\":\"hr\"},{\"@type\":\"Organization\",\"@id\":\"https:\\\/\\\/energostore.com\\\/hr\\\/#organization\",\"name\":\"Energostore\",\"url\":\"https:\\\/\\\/energostore.com\\\/hr\\\/\",\"logo\":{\"@type\":\"ImageObject\",\"inLanguage\":\"hr\",\"@id\":\"https:\\\/\\\/energostore.com\\\/hr\\\/#\\\/schema\\\/logo\\\/image\\\/\",\"url\":\"https:\\\/\\\/energostore.com\\\/wp-content\\\/uploads\\\/2020\\\/07\\\/energostore_logo.png\",\"contentUrl\":\"https:\\\/\\\/energostore.com\\\/wp-content\\\/uploads\\\/2020\\\/07\\\/energostore_logo.png\",\"width\":517,\"height\":100,\"caption\":\"Energostore\"},\"image\":{\"@id\":\"https:\\\/\\\/energostore.com\\\/hr\\\/#\\\/schema\\\/logo\\\/image\\\/\"}}]}<\/script>\n<!-- \/ Yoast SEO plugin. -->","yoast_head_json":{"title":"Privacy & security - Energostore","robots":{"index":"index","follow":"follow","max-snippet":"max-snippet:-1","max-image-preview":"max-image-preview:large","max-video-preview":"max-video-preview:-1"},"canonical":"https:\/\/energostore.com\/hr\/privacy-security\/","og_locale":"hr_HR","og_type":"article","og_title":"Privacy & security - Energostore","og_description":"Welcome to website energostore.com. We would like to thank you for your interest in the products we offer. energostore.com is strongly committed to customer satisfaction and wants to give you the highest transparancy possible concerning the use of customer information. How we use your personal informationPersonal information will be collected and used if necessary within ...","og_url":"https:\/\/energostore.com\/hr\/privacy-security\/","og_site_name":"Energostore","article_modified_time":"2024-05-09T11:18:03+00:00","twitter_card":"summary_large_image","twitter_misc":{"Procijenjeno vrijeme \u010ditanja":"1 minuta"},"schema":{"@context":"https:\/\/schema.org","@graph":[{"@type":"WebPage","@id":"https:\/\/energostore.com\/privacy-security\/","url":"https:\/\/energostore.com\/privacy-security\/","name":"Privacy & security - Energostore","isPartOf":{"@id":"https:\/\/energostore.com\/hr\/#website"},"datePublished":"2020-09-23T12:14:56+00:00","dateModified":"2024-05-09T11:18:03+00:00","breadcrumb":{"@id":"https:\/\/energostore.com\/privacy-security\/#breadcrumb"},"inLanguage":"hr","potentialAction":[{"@type":"ReadAction","target":["https:\/\/energostore.com\/privacy-security\/"]}]},{"@type":"BreadcrumbList","@id":"https:\/\/energostore.com\/privacy-security\/#breadcrumb","itemListElement":[{"@type":"ListItem","position":1,"name":"Home","item":"https:\/\/energostore.com\/"},{"@type":"ListItem","position":2,"name":"Privacy &#038; security"}]},{"@type":"WebSite","@id":"https:\/\/energostore.com\/hr\/#website","url":"https:\/\/energostore.com\/hr\/","name":"Energostore","description":"Solar products online store","publisher":{"@id":"https:\/\/energostore.com\/hr\/#organization"},"potentialAction":[{"@type":"SearchAction","target":{"@type":"EntryPoint","urlTemplate":"https:\/\/energostore.com\/hr\/?s={search_term_string}"},"query-input":{"@type":"PropertyValueSpecification","valueRequired":true,"valueName":"search_term_string"}}],"inLanguage":"hr"},{"@type":"Organization","@id":"https:\/\/energostore.com\/hr\/#organization","name":"Energostore","url":"https:\/\/energostore.com\/hr\/","logo":{"@type":"ImageObject","inLanguage":"hr","@id":"https:\/\/energostore.com\/hr\/#\/schema\/logo\/image\/","url":"https:\/\/energostore.com\/wp-content\/uploads\/2020\/07\/energostore_logo.png","contentUrl":"https:\/\/energostore.com\/wp-content\/uploads\/2020\/07\/energostore_logo.png","width":517,"height":100,"caption":"Energostore"},"image":{"@id":"https:\/\/energostore.com\/hr\/#\/schema\/logo\/image\/"}}]}},"_links":{"self":[{"href":"https:\/\/energostore.com\/hr\/wp-json\/wp\/v2\/pages\/5794","targetHints":{"allow":["GET"]}}],"collection":[{"href":"https:\/\/energostore.com\/hr\/wp-json\/wp\/v2\/pages"}],"about":[{"href":"https:\/\/energostore.com\/hr\/wp-json\/wp\/v2\/types\/page"}],"author":[{"embeddable":true,"href":"https:\/\/energostore.com\/hr\/wp-json\/wp\/v2\/users\/1"}],"replies":[{"embeddable":true,"href":"https:\/\/energostore.com\/hr\/wp-json\/wp\/v2\/comments?post=5794"}],"version-history":[{"count":8,"href":"https:\/\/energostore.com\/hr\/wp-json\/wp\/v2\/pages\/5794\/revisions"}],"predecessor-version":[{"id":8882,"href":"https:\/\/energostore.com\/hr\/wp-json\/wp\/v2\/pages\/5794\/revisions\/8882"}],"wp:attachment":[{"href":"https:\/\/energostore.com\/hr\/wp-json\/wp\/v2\/media?parent=5794"}],"curies":[{"name":"wp","href":"https:\/\/api.w.org\/{rel}","templated":true}]}}