{"id":5768,"date":"2020-09-16T13:08:55","date_gmt":"2020-09-16T13:08:55","guid":{"rendered":"https:\/\/energostore.com\/?page_id=5768"},"modified":"2024-05-09T11:01:38","modified_gmt":"2024-05-09T11:01:38","slug":"terms-of-service","status":"publish","type":"page","link":"https:\/\/energostore.com\/hr\/terms-of-service\/","title":{"rendered":"Uvjeti kori\u0161tenja"},"content":{"rendered":"<div data-elementor-type=\"wp-page\" data-elementor-id=\"5768\" class=\"elementor elementor-5768\">\n\t\t\t\t\t\t<section class=\"elementor-section elementor-top-section elementor-element elementor-element-5fe4699 elementor-section-boxed elementor-section-height-default elementor-section-height-default\" data-id=\"5fe4699\" data-element_type=\"section\" data-e-type=\"section\">\n\t\t\t\t\t\t<div class=\"elementor-container elementor-column-gap-default\">\n\t\t\t\t\t<div class=\"elementor-column elementor-col-100 elementor-top-column elementor-element elementor-element-bb50824\" data-id=\"bb50824\" data-element_type=\"column\" data-e-type=\"column\">\n\t\t\t<div class=\"elementor-widget-wrap elementor-element-populated\">\n\t\t\t\t\t\t<div class=\"elementor-element elementor-element-bce9728 elementor-widget elementor-widget-text-editor\" data-id=\"bce9728\" data-element_type=\"widget\" data-e-type=\"widget\" data-widget_type=\"text-editor.default\">\n\t\t\t\t<div class=\"elementor-widget-container\">\n\t\t\t\t\t\t\t\t\t<p><strong>Ordering<\/strong><br \/><span style=\"text-decoration: underline;\">Adding an item to your shopping basket<\/span><br \/>The Shopping Basket is where you store the items you want to buy. You can always delete items from the Shopping Basket or save them for later if you change your mind. When you find the items you&#8217;re interested in, click the &#8220;Add to Basket&#8221; button You can add as many items to your shopping basket as you wish. When you&#8217;ve finished shopping, click the &#8220;Basket&#8221; button in the top right of the page. This will take you to a page detailing the full contents of your shopping basket. Here you will have the option to delete items, if required. Once you are happy with your selection, click the \u2018Proceed to Checkout\u2019 button to begin processing your order via bank transfer or credit card.<i><br \/><\/i><\/p><p><u>Creating an account<\/u><br \/>If you wish to create an account before proceeding with order it will only take a few minutes and you will be able to securely store your delivery details for future orders. Existing customer will be able to Login using their email and password. When you click the \u2018Register\u2019 button you will be taken to a form, which you will need to complete in full.<\/p><p><u>Billing Information<\/u><br \/>The form will ask you for your name and billing address. Please note that this must be the address where your credit card is registered.<\/p><p><u>Log in detail<\/u><br \/>Your email address will become your \u2018User\u2019 name, so please double check you have entered your email details correctly. Choose a password for your account. energostore.com will not choose a password for you. You&#8217;ll be able to use your e-mail address and password to make changes to your order and account information any time you like, so make sure you remember which e-mail address and password you used. Once the account is set up, energostore.com will email you a reminder of your log in details.<\/p><p><u>Delivery Address<\/u><br \/>Here you can enter an alternative delivery address, or if you are an existing customer you will have the option of selecting a previously saved address.<\/p><p><u>Delivery Options<\/u><br \/>Here you can select a number of delivery options to suit both your needs and budget.<\/p><p><span style=\"text-decoration: underline;\">Izjava o sigurnosti online pla\u0107anja<\/span><br \/>Pri pla\u0107anju na na\u0161oj web trgovini koristite CorvusPay \u2013 napredni sustav za siguran prihvat platnih kartica putem interneta.<br \/>CorvusPay sustav osigurava potpunu tajnost Va\u0161ih karti\u010dnih i osobnih podataka ve\u0107 od trenutka kada ih upi\u0161ete u CorvusPay platni formular. Platni podaci proslje\u0111uju se \u0161ifrirano od Va\u0161eg web preglednika do banke koja je izdala Va\u0161u karticu. Na\u0161a trgovina nikada ne dolazi u kontakt s cjelovitim podacima o Va\u0161oj platnoj kartici. Tako\u0111er, podaci su nedostupni \u010dak i djelatnicima CorvusPay sustava. Izolirana jezgra samostalno prenosi i upravlja osjetljivim podacima, \u010duvaju\u0107i ih pri tom potpuno sigurnima.<br \/>Formular za upis platnih podataka osiguran je SSL transportnom \u0161ifrom najve\u0107e pouzdanosti. Svi skladi\u0161teni podaci dodatno su za\u0161ti\u0107eni \u0161ifriranjem, kori\u0161tenjem kriptografskog ure\u0111aja certificiranog prema FIPS 140-2 Level 3 standardu. CorvusPay zadovoljava sve zahtjeve vezane uz sigurnost on-line pla\u0107anja propisane od strane vode\u0107ih karti\u010dnih brandova, odnosno posluje sukladno normi \u2013 PCI DSS Level 1 \u2013 najvi\u0161i sigurnosni standard industrije platnih kartica. Pri pla\u0107anju karticama uvr\u0161tenim u 3-D Secure program Va\u0161a banka uz valjanost same kartice dodatno potvr\u0111uje i Va\u0161 identitet pomo\u0107u tokena ili lozinke.<br \/>All information collected by Corvus Pay is considered a secret and treated accordingly. The information is used exclusively for the purposes for which they were intended. Your sensitive data is fully secure and it\u2019s privacy is guaranteed by the state of the art safeguard mechanisms. We collect only the data necessary for performing the work in accordance with the demanding prescribed procedures for online payment.<br \/>Sigurnosne kontrole i operativne procedure primijenjene na na\u0161u infrastrukturu osiguravaju trenutnu pouzdanost CorvusPay sustava. Uz to odr\u017eavanjem stroge kontrole pristupa, redovitim pra\u0107enjem sigurnosti i dubinskim provjerama za sprje\u010davanje ranjivosti mre\u017ee te planskim provo\u0111enjem odredbi o informacijskoj sigurnosti trajno odr\u017eavaju i unaprje\u0111uju stupanj sigurnosti sustava za\u0161titom Va\u0161ih karti\u010dnih podataka.<br \/>Hvala \u0161to koristite CorvusPay!<\/p><p><u>How safe is shopping on energostore.com?<\/u><br \/>Energostore.com uses high-level SSL encryption technology, the most advanced security software currently available for online transactions. You can therefore rest assured that we take the privacy and security of your payment and personal details very seriously.<\/p><p><u>What do I do if my product breaks down during the guarantee period?<\/u><br \/>Look for any visible signs of the breakdown and consult the troubleshooting guide in the manufacturer`s handbook or on their website. If the problem cannot be solved, please contact the product manufacturer. You will be asked for details of the model number and date of purchase. Your despatch note provides this information and acts as your guarantee, so please make sure that you keep it throughout your guarantee period.<\/p><p><u>When will my products be delivered?<\/u><br \/>After you have placed your order online, we will send you an order confirmation email. We will email you a despatch note once your item has been despatched. Most items will be delivered to you within 7-14 working days.<\/p>\t\t\t\t\t\t\t\t<\/div>\n\t\t\t\t<\/div>\n\t\t\t\t\t<\/div>\n\t\t<\/div>\n\t\t\t\t\t<\/div>\n\t\t<\/section>\n\t\t\t\t<\/div>","protected":false},"excerpt":{"rendered":"<p>OrderingAdding an item to your shopping basketThe Shopping Basket is where you store the items you want to buy. You can always delete items from the Shopping Basket or save them for later if you change your mind. When you find the items you&#8217;re interested in, click the &#8220;Add to Basket&#8221; button You can add &#8230;<\/p>","protected":false},"author":1,"featured_media":0,"parent":0,"menu_order":0,"comment_status":"closed","ping_status":"closed","template":"","meta":{"footnotes":""},"class_list":["post-5768","page","type-page","status-publish","hentry"],"yoast_head":"<!-- This site is optimized with the Yoast SEO plugin v27.3 - https:\/\/yoast.com\/product\/yoast-seo-wordpress\/ -->\n<title>Terms of service - Energostore<\/title>\n<meta name=\"robots\" content=\"index, follow, max-snippet:-1, max-image-preview:large, max-video-preview:-1\" \/>\n<link rel=\"canonical\" href=\"https:\/\/energostore.com\/hr\/terms-of-service\/\" \/>\n<meta property=\"og:locale\" content=\"hr_HR\" \/>\n<meta property=\"og:type\" content=\"article\" \/>\n<meta property=\"og:title\" content=\"Terms of service - Energostore\" \/>\n<meta property=\"og:description\" content=\"OrderingAdding an item to your shopping basketThe Shopping Basket is where you store the items you want to buy. You can always delete items from the Shopping Basket or save them for later if you change your mind. When you find the items you&#8217;re interested in, click the &#8220;Add to Basket&#8221; button You can add ...\" \/>\n<meta property=\"og:url\" content=\"https:\/\/energostore.com\/hr\/terms-of-service\/\" \/>\n<meta property=\"og:site_name\" content=\"Energostore\" \/>\n<meta property=\"article:modified_time\" content=\"2024-05-09T11:01:38+00:00\" \/>\n<meta name=\"twitter:card\" content=\"summary_large_image\" \/>\n<meta name=\"twitter:label1\" content=\"Procijenjeno vrijeme \u010ditanja\" \/>\n\t<meta name=\"twitter:data1\" content=\"4 minute\" \/>\n<script type=\"application\/ld+json\" class=\"yoast-schema-graph\">{\"@context\":\"https:\\\/\\\/schema.org\",\"@graph\":[{\"@type\":\"WebPage\",\"@id\":\"https:\\\/\\\/energostore.com\\\/hr\\\/terms-of-service\\\/\",\"url\":\"https:\\\/\\\/energostore.com\\\/hr\\\/terms-of-service\\\/\",\"name\":\"Terms of service - Energostore\",\"isPartOf\":{\"@id\":\"https:\\\/\\\/energostore.com\\\/hr\\\/#website\"},\"datePublished\":\"2020-09-16T13:08:55+00:00\",\"dateModified\":\"2024-05-09T11:01:38+00:00\",\"breadcrumb\":{\"@id\":\"https:\\\/\\\/energostore.com\\\/hr\\\/terms-of-service\\\/#breadcrumb\"},\"inLanguage\":\"hr\",\"potentialAction\":[{\"@type\":\"ReadAction\",\"target\":[\"https:\\\/\\\/energostore.com\\\/hr\\\/terms-of-service\\\/\"]}]},{\"@type\":\"BreadcrumbList\",\"@id\":\"https:\\\/\\\/energostore.com\\\/hr\\\/terms-of-service\\\/#breadcrumb\",\"itemListElement\":[{\"@type\":\"ListItem\",\"position\":1,\"name\":\"Home\",\"item\":\"https:\\\/\\\/energostore.com\\\/\"},{\"@type\":\"ListItem\",\"position\":2,\"name\":\"Terms of service\"}]},{\"@type\":\"WebSite\",\"@id\":\"https:\\\/\\\/energostore.com\\\/hr\\\/#website\",\"url\":\"https:\\\/\\\/energostore.com\\\/hr\\\/\",\"name\":\"Energostore\",\"description\":\"Solar products online store\",\"publisher\":{\"@id\":\"https:\\\/\\\/energostore.com\\\/hr\\\/#organization\"},\"potentialAction\":[{\"@type\":\"SearchAction\",\"target\":{\"@type\":\"EntryPoint\",\"urlTemplate\":\"https:\\\/\\\/energostore.com\\\/hr\\\/?s={search_term_string}\"},\"query-input\":{\"@type\":\"PropertyValueSpecification\",\"valueRequired\":true,\"valueName\":\"search_term_string\"}}],\"inLanguage\":\"hr\"},{\"@type\":\"Organization\",\"@id\":\"https:\\\/\\\/energostore.com\\\/hr\\\/#organization\",\"name\":\"Energostore\",\"url\":\"https:\\\/\\\/energostore.com\\\/hr\\\/\",\"logo\":{\"@type\":\"ImageObject\",\"inLanguage\":\"hr\",\"@id\":\"https:\\\/\\\/energostore.com\\\/hr\\\/#\\\/schema\\\/logo\\\/image\\\/\",\"url\":\"https:\\\/\\\/energostore.com\\\/wp-content\\\/uploads\\\/2020\\\/07\\\/energostore_logo.png\",\"contentUrl\":\"https:\\\/\\\/energostore.com\\\/wp-content\\\/uploads\\\/2020\\\/07\\\/energostore_logo.png\",\"width\":517,\"height\":100,\"caption\":\"Energostore\"},\"image\":{\"@id\":\"https:\\\/\\\/energostore.com\\\/hr\\\/#\\\/schema\\\/logo\\\/image\\\/\"}}]}<\/script>\n<!-- \/ Yoast SEO plugin. -->","yoast_head_json":{"title":"Terms of service - Energostore","robots":{"index":"index","follow":"follow","max-snippet":"max-snippet:-1","max-image-preview":"max-image-preview:large","max-video-preview":"max-video-preview:-1"},"canonical":"https:\/\/energostore.com\/hr\/terms-of-service\/","og_locale":"hr_HR","og_type":"article","og_title":"Terms of service - Energostore","og_description":"OrderingAdding an item to your shopping basketThe Shopping Basket is where you store the items you want to buy. You can always delete items from the Shopping Basket or save them for later if you change your mind. When you find the items you&#8217;re interested in, click the &#8220;Add to Basket&#8221; button You can add ...","og_url":"https:\/\/energostore.com\/hr\/terms-of-service\/","og_site_name":"Energostore","article_modified_time":"2024-05-09T11:01:38+00:00","twitter_card":"summary_large_image","twitter_misc":{"Procijenjeno vrijeme \u010ditanja":"4 minute"},"schema":{"@context":"https:\/\/schema.org","@graph":[{"@type":"WebPage","@id":"https:\/\/energostore.com\/hr\/terms-of-service\/","url":"https:\/\/energostore.com\/hr\/terms-of-service\/","name":"Terms of service - Energostore","isPartOf":{"@id":"https:\/\/energostore.com\/hr\/#website"},"datePublished":"2020-09-16T13:08:55+00:00","dateModified":"2024-05-09T11:01:38+00:00","breadcrumb":{"@id":"https:\/\/energostore.com\/hr\/terms-of-service\/#breadcrumb"},"inLanguage":"hr","potentialAction":[{"@type":"ReadAction","target":["https:\/\/energostore.com\/hr\/terms-of-service\/"]}]},{"@type":"BreadcrumbList","@id":"https:\/\/energostore.com\/hr\/terms-of-service\/#breadcrumb","itemListElement":[{"@type":"ListItem","position":1,"name":"Home","item":"https:\/\/energostore.com\/"},{"@type":"ListItem","position":2,"name":"Terms of service"}]},{"@type":"WebSite","@id":"https:\/\/energostore.com\/hr\/#website","url":"https:\/\/energostore.com\/hr\/","name":"Energostore","description":"Solar products online store","publisher":{"@id":"https:\/\/energostore.com\/hr\/#organization"},"potentialAction":[{"@type":"SearchAction","target":{"@type":"EntryPoint","urlTemplate":"https:\/\/energostore.com\/hr\/?s={search_term_string}"},"query-input":{"@type":"PropertyValueSpecification","valueRequired":true,"valueName":"search_term_string"}}],"inLanguage":"hr"},{"@type":"Organization","@id":"https:\/\/energostore.com\/hr\/#organization","name":"Energostore","url":"https:\/\/energostore.com\/hr\/","logo":{"@type":"ImageObject","inLanguage":"hr","@id":"https:\/\/energostore.com\/hr\/#\/schema\/logo\/image\/","url":"https:\/\/energostore.com\/wp-content\/uploads\/2020\/07\/energostore_logo.png","contentUrl":"https:\/\/energostore.com\/wp-content\/uploads\/2020\/07\/energostore_logo.png","width":517,"height":100,"caption":"Energostore"},"image":{"@id":"https:\/\/energostore.com\/hr\/#\/schema\/logo\/image\/"}}]}},"_links":{"self":[{"href":"https:\/\/energostore.com\/hr\/wp-json\/wp\/v2\/pages\/5768","targetHints":{"allow":["GET"]}}],"collection":[{"href":"https:\/\/energostore.com\/hr\/wp-json\/wp\/v2\/pages"}],"about":[{"href":"https:\/\/energostore.com\/hr\/wp-json\/wp\/v2\/types\/page"}],"author":[{"embeddable":true,"href":"https:\/\/energostore.com\/hr\/wp-json\/wp\/v2\/users\/1"}],"replies":[{"embeddable":true,"href":"https:\/\/energostore.com\/hr\/wp-json\/wp\/v2\/comments?post=5768"}],"version-history":[{"count":15,"href":"https:\/\/energostore.com\/hr\/wp-json\/wp\/v2\/pages\/5768\/revisions"}],"predecessor-version":[{"id":8875,"href":"https:\/\/energostore.com\/hr\/wp-json\/wp\/v2\/pages\/5768\/revisions\/8875"}],"wp:attachment":[{"href":"https:\/\/energostore.com\/hr\/wp-json\/wp\/v2\/media?parent=5768"}],"curies":[{"name":"wp","href":"https:\/\/api.w.org\/{rel}","templated":true}]}}