{"id":10061,"date":"2024-09-11T09:44:07","date_gmt":"2024-09-11T09:44:07","guid":{"rendered":"https:\/\/energostore.com\/?page_id=10061"},"modified":"2024-09-11T09:46:23","modified_gmt":"2024-09-11T09:46:23","slug":"povezni-sistem","status":"publish","type":"page","link":"https:\/\/energostore.com\/hr\/povezni-sistem\/","title":{"rendered":"Povezni sistem"},"content":{"rendered":"<div data-elementor-type=\"wp-page\" data-elementor-id=\"10061\" class=\"elementor elementor-10061\">\n\t\t\t\t\t\t<section class=\"elementor-section elementor-top-section elementor-element elementor-element-1caa8b5 elementor-section-boxed elementor-section-height-default elementor-section-height-default\" data-id=\"1caa8b5\" data-element_type=\"section\" data-e-type=\"section\">\n\t\t\t\t\t\t<div class=\"elementor-container elementor-column-gap-default\">\n\t\t\t\t\t<div class=\"elementor-column elementor-col-100 elementor-top-column elementor-element elementor-element-6d2ccc9\" data-id=\"6d2ccc9\" data-element_type=\"column\" data-e-type=\"column\">\n\t\t\t<div class=\"elementor-widget-wrap elementor-element-populated\">\n\t\t\t\t\t\t<div class=\"elementor-element elementor-element-7b92de1 elementor-widget elementor-widget-heading\" data-id=\"7b92de1\" data-element_type=\"widget\" data-e-type=\"widget\" data-widget_type=\"heading.default\">\n\t\t\t\t<div class=\"elementor-widget-container\">\n\t\t\t\t\t<h2 class=\"elementor-heading-title elementor-size-default\">POVEZNI SISTEM<\/h2>\t\t\t\t<\/div>\n\t\t\t\t<\/div>\n\t\t\t\t\t<\/div>\n\t\t<\/div>\n\t\t\t\t\t<\/div>\n\t\t<\/section>\n\t\t\t\t<section class=\"elementor-section elementor-top-section elementor-element elementor-element-8cec8d1 elementor-section-boxed elementor-section-height-default elementor-section-height-default\" data-id=\"8cec8d1\" data-element_type=\"section\" data-e-type=\"section\">\n\t\t\t\t\t\t<div class=\"elementor-container elementor-column-gap-default\">\n\t\t\t\t\t<div class=\"elementor-column elementor-col-100 elementor-top-column elementor-element elementor-element-ac6ddf3\" data-id=\"ac6ddf3\" data-element_type=\"column\" data-e-type=\"column\">\n\t\t\t<div class=\"elementor-widget-wrap elementor-element-populated\">\n\t\t\t\t\t\t<div class=\"elementor-element elementor-element-91d5d16 elementor-widget elementor-widget-text-editor\" data-id=\"91d5d16\" data-element_type=\"widget\" data-e-type=\"widget\" data-widget_type=\"text-editor.default\">\n\t\t\t\t<div class=\"elementor-widget-container\">\n\t\t\t\t\t\t\t\t\t<p>Rje\u0161enje za ve\u0107e sustave kada se moraju po\u0161tivati krovna optere\u0107enja. Konfiguracija balasta poveznog sustava stvara visoku otpornost na vjetar.<\/p>\t\t\t\t\t\t\t\t<\/div>\n\t\t\t\t<\/div>\n\t\t\t\t\t<\/div>\n\t\t<\/div>\n\t\t\t\t\t<\/div>\n\t\t<\/section>\n\t\t\t\t<section class=\"elementor-section elementor-top-section elementor-element elementor-element-d6f417d elementor-section-boxed elementor-section-height-default elementor-section-height-default\" data-id=\"d6f417d\" data-element_type=\"section\" data-e-type=\"section\">\n\t\t\t\t\t\t<div class=\"elementor-container elementor-column-gap-default\">\n\t\t\t\t\t<div class=\"elementor-column elementor-col-50 elementor-top-column elementor-element elementor-element-b0d477e\" data-id=\"b0d477e\" data-element_type=\"column\" data-e-type=\"column\">\n\t\t\t<div class=\"elementor-widget-wrap elementor-element-populated\">\n\t\t\t\t\t\t<div class=\"elementor-element elementor-element-3fbf321 elementor-widget elementor-widget-heading\" data-id=\"3fbf321\" data-element_type=\"widget\" data-e-type=\"widget\" data-widget_type=\"heading.default\">\n\t\t\t\t<div class=\"elementor-widget-container\">\n\t\t\t\t\t<h2 class=\"elementor-heading-title elementor-size-default\">POVEZNI SISTEM - Instalacija<\/h2>\t\t\t\t<\/div>\n\t\t\t\t<\/div>\n\t\t\t\t<div class=\"elementor-element elementor-element-bec9574 elementor-widget elementor-widget-video\" data-id=\"bec9574\" data-element_type=\"widget\" data-e-type=\"widget\" data-settings=\"{&quot;youtube_url&quot;:&quot;https:\\\/\\\/youtu.be\\\/zlvN2mrGZtw&quot;,&quot;video_type&quot;:&quot;youtube&quot;,&quot;controls&quot;:&quot;yes&quot;}\" data-widget_type=\"video.default\">\n\t\t\t\t<div class=\"elementor-widget-container\">\n\t\t\t\t\t\t\t<div class=\"elementor-wrapper elementor-open-inline\">\n\t\t\t<div class=\"elementor-video\"><\/div>\t\t<\/div>\n\t\t\t\t\t\t<\/div>\n\t\t\t\t<\/div>\n\t\t\t\t\t<\/div>\n\t\t<\/div>\n\t\t\t\t<div class=\"elementor-column elementor-col-50 elementor-top-column elementor-element elementor-element-f23a092\" data-id=\"f23a092\" data-element_type=\"column\" data-e-type=\"column\">\n\t\t\t<div class=\"elementor-widget-wrap elementor-element-populated\">\n\t\t\t\t\t\t<div class=\"elementor-element elementor-element-0823294 elementor-widget elementor-widget-heading\" data-id=\"0823294\" data-element_type=\"widget\" data-e-type=\"widget\" data-widget_type=\"heading.default\">\n\t\t\t\t<div class=\"elementor-widget-container\">\n\t\t\t\t\t<h2 class=\"elementor-heading-title elementor-size-default\">POVEZNI SISTEM - 3D prezenacija\n<\/h2>\t\t\t\t<\/div>\n\t\t\t\t<\/div>\n\t\t\t\t<div class=\"elementor-element elementor-element-64a1de5 elementor-widget elementor-widget-video\" data-id=\"64a1de5\" data-element_type=\"widget\" data-e-type=\"widget\" data-settings=\"{&quot;youtube_url&quot;:&quot;https:\\\/\\\/youtu.be\\\/8Ochvi97nIo&quot;,&quot;video_type&quot;:&quot;youtube&quot;,&quot;controls&quot;:&quot;yes&quot;}\" data-widget_type=\"video.default\">\n\t\t\t\t<div class=\"elementor-widget-container\">\n\t\t\t\t\t\t\t<div class=\"elementor-wrapper elementor-open-inline\">\n\t\t\t<div class=\"elementor-video\"><\/div>\t\t<\/div>\n\t\t\t\t\t\t<\/div>\n\t\t\t\t<\/div>\n\t\t\t\t\t<\/div>\n\t\t<\/div>\n\t\t\t\t\t<\/div>\n\t\t<\/section>\n\t\t\t\t<\/div>","protected":false},"excerpt":{"rendered":"<p>POVEZNI SISTEM Rje\u0161enje za ve\u0107e sustave kada se moraju po\u0161tivati krovna optere\u0107enja. Konfiguracija balasta poveznog sustava stvara visoku otpornost na vjetar. POVEZNI SISTEM &#8211; Instalacija POVEZNI SISTEM &#8211; 3D prezenacija<\/p>","protected":false},"author":1,"featured_media":0,"parent":0,"menu_order":0,"comment_status":"closed","ping_status":"closed","template":"","meta":{"footnotes":""},"class_list":["post-10061","page","type-page","status-publish","hentry"],"yoast_head":"<!-- This site is optimized with the Yoast SEO plugin v27.3 - https:\/\/yoast.com\/product\/yoast-seo-wordpress\/ -->\n<title>Povezni sistem - Energostore<\/title>\n<meta name=\"robots\" content=\"index, follow, max-snippet:-1, max-image-preview:large, max-video-preview:-1\" \/>\n<link rel=\"canonical\" href=\"https:\/\/energostore.com\/hr\/povezni-sistem\/\" \/>\n<meta property=\"og:locale\" content=\"hr_HR\" \/>\n<meta property=\"og:type\" content=\"article\" \/>\n<meta property=\"og:title\" content=\"Povezni sistem - Energostore\" \/>\n<meta property=\"og:description\" content=\"POVEZNI SISTEM Rje\u0161enje za ve\u0107e sustave kada se moraju po\u0161tivati krovna optere\u0107enja. Konfiguracija balasta poveznog sustava stvara visoku otpornost na vjetar. POVEZNI SISTEM &#8211; Instalacija POVEZNI SISTEM &#8211; 3D prezenacija\" \/>\n<meta property=\"og:url\" content=\"https:\/\/energostore.com\/hr\/povezni-sistem\/\" \/>\n<meta property=\"og:site_name\" content=\"Energostore\" \/>\n<meta property=\"article:modified_time\" content=\"2024-09-11T09:46:23+00:00\" \/>\n<meta name=\"twitter:card\" content=\"summary_large_image\" \/>\n<script type=\"application\/ld+json\" class=\"yoast-schema-graph\">{\"@context\":\"https:\\\/\\\/schema.org\",\"@graph\":[{\"@type\":\"WebPage\",\"@id\":\"https:\\\/\\\/energostore.com\\\/hr\\\/povezni-sistem\\\/\",\"url\":\"https:\\\/\\\/energostore.com\\\/hr\\\/povezni-sistem\\\/\",\"name\":\"Povezni sistem - Energostore\",\"isPartOf\":{\"@id\":\"https:\\\/\\\/energostore.com\\\/hr\\\/#website\"},\"datePublished\":\"2024-09-11T09:44:07+00:00\",\"dateModified\":\"2024-09-11T09:46:23+00:00\",\"breadcrumb\":{\"@id\":\"https:\\\/\\\/energostore.com\\\/hr\\\/povezni-sistem\\\/#breadcrumb\"},\"inLanguage\":\"hr\",\"potentialAction\":[{\"@type\":\"ReadAction\",\"target\":[\"https:\\\/\\\/energostore.com\\\/hr\\\/povezni-sistem\\\/\"]}]},{\"@type\":\"BreadcrumbList\",\"@id\":\"https:\\\/\\\/energostore.com\\\/hr\\\/povezni-sistem\\\/#breadcrumb\",\"itemListElement\":[{\"@type\":\"ListItem\",\"position\":1,\"name\":\"Home\",\"item\":\"https:\\\/\\\/energostore.com\\\/\"},{\"@type\":\"ListItem\",\"position\":2,\"name\":\"Povezni sistem\"}]},{\"@type\":\"WebSite\",\"@id\":\"https:\\\/\\\/energostore.com\\\/hr\\\/#website\",\"url\":\"https:\\\/\\\/energostore.com\\\/hr\\\/\",\"name\":\"Energostore\",\"description\":\"Solar products online store\",\"publisher\":{\"@id\":\"https:\\\/\\\/energostore.com\\\/hr\\\/#organization\"},\"potentialAction\":[{\"@type\":\"SearchAction\",\"target\":{\"@type\":\"EntryPoint\",\"urlTemplate\":\"https:\\\/\\\/energostore.com\\\/hr\\\/?s={search_term_string}\"},\"query-input\":{\"@type\":\"PropertyValueSpecification\",\"valueRequired\":true,\"valueName\":\"search_term_string\"}}],\"inLanguage\":\"hr\"},{\"@type\":\"Organization\",\"@id\":\"https:\\\/\\\/energostore.com\\\/hr\\\/#organization\",\"name\":\"Energostore\",\"url\":\"https:\\\/\\\/energostore.com\\\/hr\\\/\",\"logo\":{\"@type\":\"ImageObject\",\"inLanguage\":\"hr\",\"@id\":\"https:\\\/\\\/energostore.com\\\/hr\\\/#\\\/schema\\\/logo\\\/image\\\/\",\"url\":\"https:\\\/\\\/energostore.com\\\/wp-content\\\/uploads\\\/2020\\\/07\\\/energostore_logo.png\",\"contentUrl\":\"https:\\\/\\\/energostore.com\\\/wp-content\\\/uploads\\\/2020\\\/07\\\/energostore_logo.png\",\"width\":517,\"height\":100,\"caption\":\"Energostore\"},\"image\":{\"@id\":\"https:\\\/\\\/energostore.com\\\/hr\\\/#\\\/schema\\\/logo\\\/image\\\/\"}}]}<\/script>\n<!-- \/ Yoast SEO plugin. -->","yoast_head_json":{"title":"Povezni sistem - Energostore","robots":{"index":"index","follow":"follow","max-snippet":"max-snippet:-1","max-image-preview":"max-image-preview:large","max-video-preview":"max-video-preview:-1"},"canonical":"https:\/\/energostore.com\/hr\/povezni-sistem\/","og_locale":"hr_HR","og_type":"article","og_title":"Povezni sistem - Energostore","og_description":"POVEZNI SISTEM Rje\u0161enje za ve\u0107e sustave kada se moraju po\u0161tivati krovna optere\u0107enja. Konfiguracija balasta poveznog sustava stvara visoku otpornost na vjetar. POVEZNI SISTEM &#8211; Instalacija POVEZNI SISTEM &#8211; 3D prezenacija","og_url":"https:\/\/energostore.com\/hr\/povezni-sistem\/","og_site_name":"Energostore","article_modified_time":"2024-09-11T09:46:23+00:00","twitter_card":"summary_large_image","schema":{"@context":"https:\/\/schema.org","@graph":[{"@type":"WebPage","@id":"https:\/\/energostore.com\/hr\/povezni-sistem\/","url":"https:\/\/energostore.com\/hr\/povezni-sistem\/","name":"Povezni sistem - Energostore","isPartOf":{"@id":"https:\/\/energostore.com\/hr\/#website"},"datePublished":"2024-09-11T09:44:07+00:00","dateModified":"2024-09-11T09:46:23+00:00","breadcrumb":{"@id":"https:\/\/energostore.com\/hr\/povezni-sistem\/#breadcrumb"},"inLanguage":"hr","potentialAction":[{"@type":"ReadAction","target":["https:\/\/energostore.com\/hr\/povezni-sistem\/"]}]},{"@type":"BreadcrumbList","@id":"https:\/\/energostore.com\/hr\/povezni-sistem\/#breadcrumb","itemListElement":[{"@type":"ListItem","position":1,"name":"Home","item":"https:\/\/energostore.com\/"},{"@type":"ListItem","position":2,"name":"Povezni sistem"}]},{"@type":"WebSite","@id":"https:\/\/energostore.com\/hr\/#website","url":"https:\/\/energostore.com\/hr\/","name":"Energostore","description":"Solar products online store","publisher":{"@id":"https:\/\/energostore.com\/hr\/#organization"},"potentialAction":[{"@type":"SearchAction","target":{"@type":"EntryPoint","urlTemplate":"https:\/\/energostore.com\/hr\/?s={search_term_string}"},"query-input":{"@type":"PropertyValueSpecification","valueRequired":true,"valueName":"search_term_string"}}],"inLanguage":"hr"},{"@type":"Organization","@id":"https:\/\/energostore.com\/hr\/#organization","name":"Energostore","url":"https:\/\/energostore.com\/hr\/","logo":{"@type":"ImageObject","inLanguage":"hr","@id":"https:\/\/energostore.com\/hr\/#\/schema\/logo\/image\/","url":"https:\/\/energostore.com\/wp-content\/uploads\/2020\/07\/energostore_logo.png","contentUrl":"https:\/\/energostore.com\/wp-content\/uploads\/2020\/07\/energostore_logo.png","width":517,"height":100,"caption":"Energostore"},"image":{"@id":"https:\/\/energostore.com\/hr\/#\/schema\/logo\/image\/"}}]}},"_links":{"self":[{"href":"https:\/\/energostore.com\/hr\/wp-json\/wp\/v2\/pages\/10061","targetHints":{"allow":["GET"]}}],"collection":[{"href":"https:\/\/energostore.com\/hr\/wp-json\/wp\/v2\/pages"}],"about":[{"href":"https:\/\/energostore.com\/hr\/wp-json\/wp\/v2\/types\/page"}],"author":[{"embeddable":true,"href":"https:\/\/energostore.com\/hr\/wp-json\/wp\/v2\/users\/1"}],"replies":[{"embeddable":true,"href":"https:\/\/energostore.com\/hr\/wp-json\/wp\/v2\/comments?post=10061"}],"version-history":[{"count":4,"href":"https:\/\/energostore.com\/hr\/wp-json\/wp\/v2\/pages\/10061\/revisions"}],"predecessor-version":[{"id":10065,"href":"https:\/\/energostore.com\/hr\/wp-json\/wp\/v2\/pages\/10061\/revisions\/10065"}],"wp:attachment":[{"href":"https:\/\/energostore.com\/hr\/wp-json\/wp\/v2\/media?parent=10061"}],"curies":[{"name":"wp","href":"https:\/\/api.w.org\/{rel}","templated":true}]}}